{"id":458,"date":"2025-01-31T14:40:45","date_gmt":"2025-01-31T13:40:45","guid":{"rendered":"https:\/\/www.szexshopbelvaros.com\/termek\/mtoys-bondage-fetish-beginners-flogger\/"},"modified":"2026-02-14T07:57:01","modified_gmt":"2026-02-14T06:57:01","slug":"mtoys-bondage-fetish-beginners-flogger","status":"publish","type":"product","link":"https:\/\/www.szexshopbelvaros.com\/en\/product\/mtoys-bondage-fetish-beginners-flogger\/","title":{"rendered":"\ud83e\uddb9\u200d\u2642\ufe0f Black Friday \u2013 Better than any sale."},"content":{"rendered":"<p data-start=\"649\" data-end=\"1184\">This 55 cm (34 cm flap) black BDSM whip is not just a simple leather toy - it&#039;s a dark desire deliverer that knows exactly how to leave a mark. The stable handle and many flexible straps snap in a way that will make your skin and your morals blush. With a classic black color and a clean, fetish-hungry design, this sex weapon is ideal for role-playing, dominance scenes, or just a good warning to the thigh. The perfect choice for anyone who doesn&#039;t mind a little bit of a leather whip.<\/p>\n<p data-start=\"1186\" data-end=\"1286\">Available at www.Szexshopbelvaros.com \u2013 where BDSM accessories don&#039;t promise... they deliver.<\/p>\n<p>&nbsp;<\/p>","protected":false},"excerpt":{"rendered":"<p>Ez a 55 centis (csap\u00f3ja 34cm) fekete BDSM korb\u00e1cs nem csak egy egyszer\u0171 m\u0171b\u0151r j\u00e1t\u00e9kszer \u2013 ez a s\u00f6t\u00e9t v\u00e1gyak k\u00e9zbes\u00edt\u0151je, ami pontosan tudja, hogyan kell nyomot hagyni. A stabil fog\u00e1s\u00fa ny\u00e9l \u00e9s a sok rugalmas p\u00e1nt \u00fagy csattog, hogy a b\u0151r\u00f6n k\u00edv\u00fcl az erk\u00f6lcseid is v\u00f6r\u00f6slenek ut\u00e1na. A klasszikus fekete sz\u00ednnel \u00e9s letisztult, f\u00e9tisre [&#8230;]\n","protected":false},"featured_media":2308,"comment_status":"closed","ping_status":"closed","template":"","meta":[],"product_brand":[],"product_cat":[52,1999],"product_tag":[321,1410,372,389,718,2001,732,2008,716,717,730,731,715,220,1412],"class_list":{"0":"post-458","1":"product","2":"type-product","3":"status-publish","4":"has-post-thumbnail","6":"product_cat-bdsm","7":"product_cat-ostorok-paskolok","8":"product_tag-bdsm","9":"product_tag-bdsm-toy","10":"product_tag-bondage","11":"product_tag-felnott-jatek","12":"product_tag-flogger","13":"product_tag-impact-jatek","14":"product_tag-impact-play","15":"product_tag-kink","16":"product_tag-korbacs","17":"product_tag-ostor","18":"product_tag-paddle","19":"product_tag-paskolo","20":"product_tag-szadomazo-kellek","21":"product_tag-szexshop-belvaros","22":"product_tag-whip","24":"first","25":"instock","26":"taxable","27":"shipping-taxable","28":"purchasable","29":"product-type-simple"},"yoast_head":"<!-- This site is optimized with the Yoast SEO plugin v27.4 - https:\/\/yoast.com\/product\/yoast-seo-wordpress\/ -->\n<title>\ud83e\uddb9\u200d\u2642\ufe0f Fekete P\u00e9ntek \u2013 A korb\u00e1cs, ami ut\u00e1n nem az akci\u00f3 lesz a kedvenc szavad - Szexshop Belvaros<\/title>\n<meta name=\"robots\" content=\"index, follow, max-snippet:-1, max-image-preview:large, max-video-preview:-1\" \/>\n<link rel=\"canonical\" href=\"https:\/\/www.szexshopbelvaros.com\/en\/product\/mtoys-bondage-fetish-beginners-flogger\/\" \/>\n<meta property=\"og:locale\" content=\"en_US\" \/>\n<meta property=\"og:type\" content=\"article\" \/>\n<meta property=\"og:title\" content=\"\ud83e\uddb9\u200d\u2642\ufe0f Fekete P\u00e9ntek \u2013 A korb\u00e1cs, ami ut\u00e1n nem az akci\u00f3 lesz a kedvenc szavad - Szexshop Belvaros\" \/>\n<meta property=\"og:description\" content=\"Ez a 55 centis (csap\u00f3ja 34cm) fekete BDSM korb\u00e1cs nem csak egy egyszer\u0171 m\u0171b\u0151r j\u00e1t\u00e9kszer \u2013 ez a s\u00f6t\u00e9t v\u00e1gyak k\u00e9zbes\u00edt\u0151je, ami pontosan tudja, hogyan kell nyomot hagyni. A stabil fog\u00e1s\u00fa ny\u00e9l \u00e9s a sok rugalmas p\u00e1nt \u00fagy csattog, hogy a b\u0151r\u00f6n k\u00edv\u00fcl az erk\u00f6lcseid is v\u00f6r\u00f6slenek ut\u00e1na. A klasszikus fekete sz\u00ednnel \u00e9s letisztult, f\u00e9tisre [...]\" \/>\n<meta property=\"og:url\" content=\"https:\/\/www.szexshopbelvaros.com\/en\/product\/mtoys-bondage-fetish-beginners-flogger\/\" \/>\n<meta property=\"og:site_name\" content=\"Szexshop Belvaros\" \/>\n<meta property=\"article:publisher\" content=\"https:\/\/www.facebook.com\/belvarossecrets\/\" \/>\n<meta property=\"article:modified_time\" content=\"2026-02-14T06:57:01+00:00\" \/>\n<meta property=\"og:image\" content=\"https:\/\/www.szexshopbelvaros.com\/wp-content\/uploads\/2025\/01\/69735911f1232b338e03a010.png\" \/>\n\t<meta property=\"og:image:width\" content=\"1000\" \/>\n\t<meta property=\"og:image:height\" content=\"563\" \/>\n\t<meta property=\"og:image:type\" content=\"image\/png\" \/>\n<meta name=\"twitter:card\" content=\"summary_large_image\" \/>\n<meta name=\"twitter:site\" content=\"@belvarossecrets\" \/>\n<meta name=\"twitter:label1\" content=\"Est. reading time\" \/>\n\t<meta name=\"twitter:data1\" content=\"1 minute\" \/>\n<script type=\"application\/ld+json\" class=\"yoast-schema-graph\">{\"@context\":\"https:\\\/\\\/schema.org\",\"@graph\":[{\"@type\":\"WebPage\",\"@id\":\"https:\\\/\\\/www.szexshopbelvaros.com\\\/termek\\\/mtoys-bondage-fetish-beginners-flogger\\\/\",\"url\":\"https:\\\/\\\/www.szexshopbelvaros.com\\\/termek\\\/mtoys-bondage-fetish-beginners-flogger\\\/\",\"name\":\"\ud83e\uddb9\u200d\u2642\ufe0f Fekete P\u00e9ntek \u2013 A korb\u00e1cs, ami ut\u00e1n nem az akci\u00f3 lesz a kedvenc szavad - Szexshop Belvaros\",\"isPartOf\":{\"@id\":\"https:\\\/\\\/www.szexshopbelvaros.com\\\/#website\"},\"primaryImageOfPage\":{\"@id\":\"https:\\\/\\\/www.szexshopbelvaros.com\\\/termek\\\/mtoys-bondage-fetish-beginners-flogger\\\/#primaryimage\"},\"image\":{\"@id\":\"https:\\\/\\\/www.szexshopbelvaros.com\\\/termek\\\/mtoys-bondage-fetish-beginners-flogger\\\/#primaryimage\"},\"thumbnailUrl\":\"https:\\\/\\\/www.szexshopbelvaros.com\\\/wp-content\\\/uploads\\\/2025\\\/01\\\/69735911f1232b338e03a010.png\",\"datePublished\":\"2025-01-31T13:40:45+00:00\",\"dateModified\":\"2026-02-14T06:57:01+00:00\",\"breadcrumb\":{\"@id\":\"https:\\\/\\\/www.szexshopbelvaros.com\\\/termek\\\/mtoys-bondage-fetish-beginners-flogger\\\/#breadcrumb\"},\"inLanguage\":\"en-US\",\"potentialAction\":[{\"@type\":\"ReadAction\",\"target\":[\"https:\\\/\\\/www.szexshopbelvaros.com\\\/termek\\\/mtoys-bondage-fetish-beginners-flogger\\\/\"]}]},{\"@type\":\"ImageObject\",\"inLanguage\":\"en-US\",\"@id\":\"https:\\\/\\\/www.szexshopbelvaros.com\\\/termek\\\/mtoys-bondage-fetish-beginners-flogger\\\/#primaryimage\",\"url\":\"https:\\\/\\\/www.szexshopbelvaros.com\\\/wp-content\\\/uploads\\\/2025\\\/01\\\/69735911f1232b338e03a010.png\",\"contentUrl\":\"https:\\\/\\\/www.szexshopbelvaros.com\\\/wp-content\\\/uploads\\\/2025\\\/01\\\/69735911f1232b338e03a010.png\",\"width\":1000,\"height\":563,\"caption\":\"Fekete BDSM korb\u00e1cs t\u00f6bbr\u00e9teg\u0171 PU b\u0151r sz\u00e1lakkal \u00e9s cs\u00fasz\u00e1smentes markolattal Black BDSM flogger with multilayer PU leather strands and a non slip handle\"},{\"@type\":\"BreadcrumbList\",\"@id\":\"https:\\\/\\\/www.szexshopbelvaros.com\\\/termek\\\/mtoys-bondage-fetish-beginners-flogger\\\/#breadcrumb\",\"itemListElement\":[{\"@type\":\"ListItem\",\"position\":1,\"name\":\"Home\",\"item\":\"https:\\\/\\\/www.szexshopbelvaros.com\\\/\"},{\"@type\":\"ListItem\",\"position\":2,\"name\":\"\u00c1ruh\u00e1z\",\"item\":\"https:\\\/\\\/www.szexshopbelvaros.com\\\/uzlet\\\/\"},{\"@type\":\"ListItem\",\"position\":3,\"name\":\"\ud83e\uddb9\u200d\u2642\ufe0f Fekete P\u00e9ntek \u2013 A korb\u00e1cs, ami ut\u00e1n nem az akci\u00f3 lesz a kedvenc szavad\"}]},{\"@type\":\"WebSite\",\"@id\":\"https:\\\/\\\/www.szexshopbelvaros.com\\\/#website\",\"url\":\"https:\\\/\\\/www.szexshopbelvaros.com\\\/\",\"name\":\"Szexshop Belv\u00e1ros\",\"description\":\"\ud83d\udd25 A szex olyan, mint a p\u00e9nz; csak a t\u00fal sok el\u00e9g!\u2122 Titkok a belv\u00e1rosb\u00f3l \ud83d\udc8b | Secrets from Budapest \ud83d\udc8e Feln\u0151tt j\u00e1t\u00e9kok \u2022 Erotika \u2022 Szexshop Belvaros\",\"publisher\":{\"@id\":\"https:\\\/\\\/www.szexshopbelvaros.com\\\/#organization\"},\"potentialAction\":[{\"@type\":\"SearchAction\",\"target\":{\"@type\":\"EntryPoint\",\"urlTemplate\":\"https:\\\/\\\/www.szexshopbelvaros.com\\\/?s={search_term_string}\"},\"query-input\":{\"@type\":\"PropertyValueSpecification\",\"valueRequired\":true,\"valueName\":\"search_term_string\"}}],\"inLanguage\":\"en-US\"},{\"@type\":\"Organization\",\"@id\":\"https:\\\/\\\/www.szexshopbelvaros.com\\\/#organization\",\"name\":\"Szexshop Belv\u00e1ros\",\"alternateName\":\"szexshopbelvaros.com\",\"url\":\"https:\\\/\\\/www.szexshopbelvaros.com\\\/\",\"logo\":{\"@type\":\"ImageObject\",\"inLanguage\":\"en-US\",\"@id\":\"https:\\\/\\\/www.szexshopbelvaros.com\\\/#\\\/schema\\\/logo\\\/image\\\/\",\"url\":\"https:\\\/\\\/www.szexshopbelvaros.com\\\/wp-content\\\/uploads\\\/2025\\\/09\\\/1Szexshopbelvaroslogo_blurred_stronger.jpg\",\"contentUrl\":\"https:\\\/\\\/www.szexshopbelvaros.com\\\/wp-content\\\/uploads\\\/2025\\\/09\\\/1Szexshopbelvaroslogo_blurred_stronger.jpg\",\"width\":1024,\"height\":1024,\"caption\":\"Szexshop Belv\u00e1ros\"},\"image\":{\"@id\":\"https:\\\/\\\/www.szexshopbelvaros.com\\\/#\\\/schema\\\/logo\\\/image\\\/\"},\"sameAs\":[\"https:\\\/\\\/www.facebook.com\\\/belvarossecrets\\\/\",\"https:\\\/\\\/x.com\\\/belvarossecrets\",\"https:\\\/\\\/www.instagram.com\\\/belvarossecrets\\\/\",\"https:\\\/\\\/www.tiktok.com\\\/@belvarossecrets\"]}]}<\/script>\n<!-- \/ Yoast SEO plugin. -->","yoast_head_json":{"title":"\ud83e\uddb9\u200d\u2642\ufe0f Black Friday \u2013 The whip after which action will not be your favorite word - Szexshop Belvaros","robots":{"index":"index","follow":"follow","max-snippet":"max-snippet:-1","max-image-preview":"max-image-preview:large","max-video-preview":"max-video-preview:-1"},"canonical":"https:\/\/www.szexshopbelvaros.com\/en\/product\/mtoys-bondage-fetish-beginners-flogger\/","og_locale":"en_US","og_type":"article","og_title":"\ud83e\uddb9\u200d\u2642\ufe0f Fekete P\u00e9ntek \u2013 A korb\u00e1cs, ami ut\u00e1n nem az akci\u00f3 lesz a kedvenc szavad - Szexshop Belvaros","og_description":"Ez a 55 centis (csap\u00f3ja 34cm) fekete BDSM korb\u00e1cs nem csak egy egyszer\u0171 m\u0171b\u0151r j\u00e1t\u00e9kszer \u2013 ez a s\u00f6t\u00e9t v\u00e1gyak k\u00e9zbes\u00edt\u0151je, ami pontosan tudja, hogyan kell nyomot hagyni. A stabil fog\u00e1s\u00fa ny\u00e9l \u00e9s a sok rugalmas p\u00e1nt \u00fagy csattog, hogy a b\u0151r\u00f6n k\u00edv\u00fcl az erk\u00f6lcseid is v\u00f6r\u00f6slenek ut\u00e1na. A klasszikus fekete sz\u00ednnel \u00e9s letisztult, f\u00e9tisre [...]","og_url":"https:\/\/www.szexshopbelvaros.com\/en\/product\/mtoys-bondage-fetish-beginners-flogger\/","og_site_name":"Szexshop Belvaros","article_publisher":"https:\/\/www.facebook.com\/belvarossecrets\/","article_modified_time":"2026-02-14T06:57:01+00:00","og_image":[{"width":1000,"height":563,"url":"https:\/\/www.szexshopbelvaros.com\/wp-content\/uploads\/2025\/01\/69735911f1232b338e03a010.png","type":"image\/png"}],"twitter_card":"summary_large_image","twitter_site":"@belvarossecrets","twitter_misc":{"Est. reading time":"1 minute"},"schema":{"@context":"https:\/\/schema.org","@graph":[{"@type":"WebPage","@id":"https:\/\/www.szexshopbelvaros.com\/termek\/mtoys-bondage-fetish-beginners-flogger\/","url":"https:\/\/www.szexshopbelvaros.com\/termek\/mtoys-bondage-fetish-beginners-flogger\/","name":"\ud83e\uddb9\u200d\u2642\ufe0f Black Friday \u2013 The whip after which action will not be your favorite word - Szexshop Belvaros","isPartOf":{"@id":"https:\/\/www.szexshopbelvaros.com\/#website"},"primaryImageOfPage":{"@id":"https:\/\/www.szexshopbelvaros.com\/termek\/mtoys-bondage-fetish-beginners-flogger\/#primaryimage"},"image":{"@id":"https:\/\/www.szexshopbelvaros.com\/termek\/mtoys-bondage-fetish-beginners-flogger\/#primaryimage"},"thumbnailUrl":"https:\/\/www.szexshopbelvaros.com\/wp-content\/uploads\/2025\/01\/69735911f1232b338e03a010.png","datePublished":"2025-01-31T13:40:45+00:00","dateModified":"2026-02-14T06:57:01+00:00","breadcrumb":{"@id":"https:\/\/www.szexshopbelvaros.com\/termek\/mtoys-bondage-fetish-beginners-flogger\/#breadcrumb"},"inLanguage":"en-US","potentialAction":[{"@type":"ReadAction","target":["https:\/\/www.szexshopbelvaros.com\/termek\/mtoys-bondage-fetish-beginners-flogger\/"]}]},{"@type":"ImageObject","inLanguage":"en-US","@id":"https:\/\/www.szexshopbelvaros.com\/termek\/mtoys-bondage-fetish-beginners-flogger\/#primaryimage","url":"https:\/\/www.szexshopbelvaros.com\/wp-content\/uploads\/2025\/01\/69735911f1232b338e03a010.png","contentUrl":"https:\/\/www.szexshopbelvaros.com\/wp-content\/uploads\/2025\/01\/69735911f1232b338e03a010.png","width":1000,"height":563,"caption":"Fekete BDSM korb\u00e1cs t\u00f6bbr\u00e9teg\u0171 PU b\u0151r sz\u00e1lakkal \u00e9s cs\u00fasz\u00e1smentes markolattal Black BDSM flogger with multilayer PU leather strands and a non slip handle"},{"@type":"BreadcrumbList","@id":"https:\/\/www.szexshopbelvaros.com\/termek\/mtoys-bondage-fetish-beginners-flogger\/#breadcrumb","itemListElement":[{"@type":"ListItem","position":1,"name":"Home","item":"https:\/\/www.szexshopbelvaros.com\/"},{"@type":"ListItem","position":2,"name":"\u00c1ruh\u00e1z","item":"https:\/\/www.szexshopbelvaros.com\/uzlet\/"},{"@type":"ListItem","position":3,"name":"\ud83e\uddb9\u200d\u2642\ufe0f Fekete P\u00e9ntek \u2013 A korb\u00e1cs, ami ut\u00e1n nem az akci\u00f3 lesz a kedvenc szavad"}]},{"@type":"WebSite","@id":"https:\/\/www.szexshopbelvaros.com\/#website","url":"https:\/\/www.szexshopbelvaros.com\/","name":"at our Szexshop Belv\u00e1ros","description":"\ud83d\udd25 Sex is like money; only too much is enough!\u2122 Secrets from the city center \ud83d\udc8b | Secrets from Budapest \ud83d\udc8e Adult games \u2022 Erotica \u2022 Sex shop Belvaros","publisher":{"@id":"https:\/\/www.szexshopbelvaros.com\/#organization"},"potentialAction":[{"@type":"SearchAction","target":{"@type":"EntryPoint","urlTemplate":"https:\/\/www.szexshopbelvaros.com\/?s={search_term_string}"},"query-input":{"@type":"PropertyValueSpecification","valueRequired":true,"valueName":"search_term_string"}}],"inLanguage":"en-US"},{"@type":"Organization","@id":"https:\/\/www.szexshopbelvaros.com\/#organization","name":"at our Szexshop Belv\u00e1ros","alternateName":"szexshopbelvaros.com","url":"https:\/\/www.szexshopbelvaros.com\/","logo":{"@type":"ImageObject","inLanguage":"en-US","@id":"https:\/\/www.szexshopbelvaros.com\/#\/schema\/logo\/image\/","url":"https:\/\/www.szexshopbelvaros.com\/wp-content\/uploads\/2025\/09\/1Szexshopbelvaroslogo_blurred_stronger.jpg","contentUrl":"https:\/\/www.szexshopbelvaros.com\/wp-content\/uploads\/2025\/09\/1Szexshopbelvaroslogo_blurred_stronger.jpg","width":1024,"height":1024,"caption":"Szexshop Belv\u00e1ros"},"image":{"@id":"https:\/\/www.szexshopbelvaros.com\/#\/schema\/logo\/image\/"},"sameAs":["https:\/\/www.facebook.com\/belvarossecrets\/","https:\/\/x.com\/belvarossecrets","https:\/\/www.instagram.com\/belvarossecrets\/","https:\/\/www.tiktok.com\/@belvarossecrets"]}]}},"_links":{"self":[{"href":"https:\/\/www.szexshopbelvaros.com\/en\/wp-json\/wp\/v2\/product\/458","targetHints":{"allow":["GET"]}}],"collection":[{"href":"https:\/\/www.szexshopbelvaros.com\/en\/wp-json\/wp\/v2\/product"}],"about":[{"href":"https:\/\/www.szexshopbelvaros.com\/en\/wp-json\/wp\/v2\/types\/product"}],"replies":[{"embeddable":true,"href":"https:\/\/www.szexshopbelvaros.com\/en\/wp-json\/wp\/v2\/comments?post=458"}],"wp:featuredmedia":[{"embeddable":true,"href":"https:\/\/www.szexshopbelvaros.com\/en\/wp-json\/wp\/v2\/media\/2308"}],"wp:attachment":[{"href":"https:\/\/www.szexshopbelvaros.com\/en\/wp-json\/wp\/v2\/media?parent=458"}],"wp:term":[{"taxonomy":"product_brand","embeddable":true,"href":"https:\/\/www.szexshopbelvaros.com\/en\/wp-json\/wp\/v2\/product_brand?post=458"},{"taxonomy":"product_cat","embeddable":true,"href":"https:\/\/www.szexshopbelvaros.com\/en\/wp-json\/wp\/v2\/product_cat?post=458"},{"taxonomy":"product_tag","embeddable":true,"href":"https:\/\/www.szexshopbelvaros.com\/en\/wp-json\/wp\/v2\/product_tag?post=458"}],"curies":[{"name":"wp","href":"https:\/\/api.w.org\/{rel}","templated":true}]}}