{"id":460,"date":"2025-01-31T14:40:45","date_gmt":"2025-01-31T13:40:45","guid":{"rendered":"https:\/\/www.szexshopbelvaros.com\/termek\/bdsm-blindfold-piros-fekete-red-black\/"},"modified":"2026-04-16T10:05:15","modified_gmt":"2026-04-16T08:05:15","slug":"bdsm-blindfold-piros-fekete-red-black","status":"publish","type":"product","link":"https:\/\/www.szexshopbelvaros.com\/en\/product\/bdsm-blindfold-piros-fekete-red-black\/","title":{"rendered":"Silent Shroud \u2013 The Sexier Side of Silence"},"content":{"rendered":"<p>Red-black, silky to the touch <strong data-start=\"300\" data-end=\"317\">BDSM blindfold<\/strong>, which not only causes vision to be impaired, but also all your other senses to be impaired. This 132 cm long and 7.8 cm wide <strong data-start=\"429\" data-end=\"450\">fetish accessory<\/strong> is excellent <strong data-start=\"469\" data-end=\"496\">for erotic role play<\/strong>, dominant or subordinate roles, or if you just want someone to finally stop talking, and just <em data-start=\"596\" data-end=\"605\" data-is-only-node=\"\">feel<\/em>. The <strong data-start=\"609\" data-end=\"639\">nylon eye mask<\/strong> covers the eyes perfectly, so the <strong data-start=\"673\" data-end=\"708\">sexual sensory stimulation<\/strong> takes on a completely new meaning.<br data-start=\"735\" data-end=\"738\" \/><strong data-start=\"738\" data-end=\"765\">Unisex BDSM accessory<\/strong> \u2013 for women, men, for relationship tuning, or for a little wild adventure in everyday life.<\/p>","protected":false},"excerpt":{"rendered":"<p>Piros-fekete, selymes tapint\u00e1s\u00fa BDSM szemk\u00f6t\u0151, amit\u0151l nem csak a l\u00e1t\u00e1s sz\u0171nik meg, hanem minden m\u00e1s \u00e9rz\u00e9ked szintet l\u00e9p. Ez a 132 cm hossz\u00fa \u00e9s 7.8 cm sz\u00e9les fetish kieg\u00e9sz\u00edt\u0151 kiv\u00e1l\u00f3an alkalmas erotikus szerepj\u00e1t\u00e9khoz, domin\u00e1ns vagy al\u00e1rendelt szerepekhez, vagy ha csak szeretn\u00e9d, hogy valaki v\u00e9gre ne pof\u00e1zzon, csak \u00e9rezzen. A nylonb\u00f3l k\u00e9sz\u00fclt szemmaszk t\u00f6k\u00e9letesen fedi a [&#8230;]\n","protected":false},"featured_media":2250,"comment_status":"closed","ping_status":"closed","template":"","meta":[],"product_brand":[],"product_cat":[52,2007],"product_tag":[321,1410,2018,372,2015,2016,2014,389,2008,2017,715,2019],"class_list":{"0":"post-460","1":"product","2":"type-product","3":"status-publish","4":"has-post-thumbnail","6":"product_cat-bdsm","7":"product_cat-erzeki-jatekok","8":"product_tag-bdsm","9":"product_tag-bdsm-toy","10":"product_tag-blindfold-play","11":"product_tag-bondage","12":"product_tag-csiklandozas","13":"product_tag-erzekfokozas","14":"product_tag-erzeki-jatek","15":"product_tag-felnott-jatek","16":"product_tag-kink","17":"product_tag-sensory-play","18":"product_tag-szadomazo-kellek","19":"product_tag-temperature-play","21":"first","22":"outofstock","23":"taxable","24":"shipping-taxable","25":"purchasable","26":"product-type-simple"},"yoast_head":"<!-- This site is optimized with the Yoast SEO plugin v27.4 - https:\/\/yoast.com\/product\/yoast-seo-wordpress\/ -->\n<title>N\u00e9ma Leple \u2013 A Csend Szexibb Oldala - Szexshop Belvaros<\/title>\n<meta name=\"robots\" content=\"index, follow, max-snippet:-1, max-image-preview:large, max-video-preview:-1\" \/>\n<link rel=\"canonical\" href=\"https:\/\/www.szexshopbelvaros.com\/en\/product\/bdsm-blindfold-piros-fekete-red-black\/\" \/>\n<meta property=\"og:locale\" content=\"en_US\" \/>\n<meta property=\"og:type\" content=\"article\" \/>\n<meta property=\"og:title\" content=\"N\u00e9ma Leple \u2013 A Csend Szexibb Oldala - Szexshop Belvaros\" \/>\n<meta property=\"og:description\" content=\"Piros-fekete, selymes tapint\u00e1s\u00fa BDSM szemk\u00f6t\u0151, amit\u0151l nem csak a l\u00e1t\u00e1s sz\u0171nik meg, hanem minden m\u00e1s \u00e9rz\u00e9ked szintet l\u00e9p. Ez a 132 cm hossz\u00fa \u00e9s 7.8 cm sz\u00e9les fetish kieg\u00e9sz\u00edt\u0151 kiv\u00e1l\u00f3an alkalmas erotikus szerepj\u00e1t\u00e9khoz, domin\u00e1ns vagy al\u00e1rendelt szerepekhez, vagy ha csak szeretn\u00e9d, hogy valaki v\u00e9gre ne pof\u00e1zzon, csak \u00e9rezzen. A nylonb\u00f3l k\u00e9sz\u00fclt szemmaszk t\u00f6k\u00e9letesen fedi a [...]\" \/>\n<meta property=\"og:url\" content=\"https:\/\/www.szexshopbelvaros.com\/en\/product\/bdsm-blindfold-piros-fekete-red-black\/\" \/>\n<meta property=\"og:site_name\" content=\"Szexshop Belvaros\" \/>\n<meta property=\"article:publisher\" content=\"https:\/\/www.facebook.com\/belvarossecrets\/\" \/>\n<meta property=\"article:modified_time\" content=\"2026-04-16T08:05:15+00:00\" \/>\n<meta property=\"og:image\" content=\"https:\/\/www.szexshopbelvaros.com\/wp-content\/uploads\/2025\/01\/695bd3230bcc3793edd2eb6f-scaled.png\" \/>\n\t<meta property=\"og:image:width\" content=\"2560\" \/>\n\t<meta property=\"og:image:height\" content=\"1440\" \/>\n\t<meta property=\"og:image:type\" content=\"image\/png\" \/>\n<meta name=\"twitter:card\" content=\"summary_large_image\" \/>\n<meta name=\"twitter:site\" content=\"@belvarossecrets\" \/>\n<meta name=\"twitter:label1\" content=\"Est. reading time\" \/>\n\t<meta name=\"twitter:data1\" content=\"1 minute\" \/>\n<script type=\"application\/ld+json\" class=\"yoast-schema-graph\">{\"@context\":\"https:\\\/\\\/schema.org\",\"@graph\":[{\"@type\":\"WebPage\",\"@id\":\"https:\\\/\\\/www.szexshopbelvaros.com\\\/termek\\\/bdsm-blindfold-piros-fekete-red-black\\\/\",\"url\":\"https:\\\/\\\/www.szexshopbelvaros.com\\\/termek\\\/bdsm-blindfold-piros-fekete-red-black\\\/\",\"name\":\"N\u00e9ma Leple \u2013 A Csend Szexibb Oldala - Szexshop Belvaros\",\"isPartOf\":{\"@id\":\"https:\\\/\\\/www.szexshopbelvaros.com\\\/#website\"},\"primaryImageOfPage\":{\"@id\":\"https:\\\/\\\/www.szexshopbelvaros.com\\\/termek\\\/bdsm-blindfold-piros-fekete-red-black\\\/#primaryimage\"},\"image\":{\"@id\":\"https:\\\/\\\/www.szexshopbelvaros.com\\\/termek\\\/bdsm-blindfold-piros-fekete-red-black\\\/#primaryimage\"},\"thumbnailUrl\":\"https:\\\/\\\/www.szexshopbelvaros.com\\\/wp-content\\\/uploads\\\/2025\\\/01\\\/695bd3230bcc3793edd2eb6f-scaled.png\",\"datePublished\":\"2025-01-31T13:40:45+00:00\",\"dateModified\":\"2026-04-16T08:05:15+00:00\",\"breadcrumb\":{\"@id\":\"https:\\\/\\\/www.szexshopbelvaros.com\\\/termek\\\/bdsm-blindfold-piros-fekete-red-black\\\/#breadcrumb\"},\"inLanguage\":\"en-US\",\"potentialAction\":[{\"@type\":\"ReadAction\",\"target\":[\"https:\\\/\\\/www.szexshopbelvaros.com\\\/termek\\\/bdsm-blindfold-piros-fekete-red-black\\\/\"]}]},{\"@type\":\"ImageObject\",\"inLanguage\":\"en-US\",\"@id\":\"https:\\\/\\\/www.szexshopbelvaros.com\\\/termek\\\/bdsm-blindfold-piros-fekete-red-black\\\/#primaryimage\",\"url\":\"https:\\\/\\\/www.szexshopbelvaros.com\\\/wp-content\\\/uploads\\\/2025\\\/01\\\/695bd3230bcc3793edd2eb6f-scaled.png\",\"contentUrl\":\"https:\\\/\\\/www.szexshopbelvaros.com\\\/wp-content\\\/uploads\\\/2025\\\/01\\\/695bd3230bcc3793edd2eb6f-scaled.png\",\"width\":2560,\"height\":1440,\"caption\":\"Piros szat\u00e9n szemk\u00f6t\u0151 n\u0151i modellen, erotikus hangulat\u00fa fot\u00f3, szexi \u00e9s \u00e9rz\u00e9ki megjelen\u00e9s \u2013 szexshopbelvaros Red satin blindfold worn by a woman, sensual and erotic mood photography, seductive intimate accessory \u2013 szexshopbelvaros\"},{\"@type\":\"BreadcrumbList\",\"@id\":\"https:\\\/\\\/www.szexshopbelvaros.com\\\/termek\\\/bdsm-blindfold-piros-fekete-red-black\\\/#breadcrumb\",\"itemListElement\":[{\"@type\":\"ListItem\",\"position\":1,\"name\":\"Home\",\"item\":\"https:\\\/\\\/www.szexshopbelvaros.com\\\/\"},{\"@type\":\"ListItem\",\"position\":2,\"name\":\"\u00c1ruh\u00e1z\",\"item\":\"https:\\\/\\\/www.szexshopbelvaros.com\\\/uzlet\\\/\"},{\"@type\":\"ListItem\",\"position\":3,\"name\":\"N\u00e9ma Leple \u2013 A Csend Szexibb Oldala\"}]},{\"@type\":\"WebSite\",\"@id\":\"https:\\\/\\\/www.szexshopbelvaros.com\\\/#website\",\"url\":\"https:\\\/\\\/www.szexshopbelvaros.com\\\/\",\"name\":\"Szexshop Belv\u00e1ros\",\"description\":\"\ud83d\udd25 A szex olyan, mint a p\u00e9nz; csak a t\u00fal sok el\u00e9g!\u2122 Titkok a belv\u00e1rosb\u00f3l \ud83d\udc8b | Secrets from Budapest \ud83d\udc8e Feln\u0151tt j\u00e1t\u00e9kok \u2022 Erotika \u2022 Szexshop Belvaros\",\"publisher\":{\"@id\":\"https:\\\/\\\/www.szexshopbelvaros.com\\\/#organization\"},\"potentialAction\":[{\"@type\":\"SearchAction\",\"target\":{\"@type\":\"EntryPoint\",\"urlTemplate\":\"https:\\\/\\\/www.szexshopbelvaros.com\\\/?s={search_term_string}\"},\"query-input\":{\"@type\":\"PropertyValueSpecification\",\"valueRequired\":true,\"valueName\":\"search_term_string\"}}],\"inLanguage\":\"en-US\"},{\"@type\":\"Organization\",\"@id\":\"https:\\\/\\\/www.szexshopbelvaros.com\\\/#organization\",\"name\":\"Szexshop Belv\u00e1ros\",\"alternateName\":\"szexshopbelvaros.com\",\"url\":\"https:\\\/\\\/www.szexshopbelvaros.com\\\/\",\"logo\":{\"@type\":\"ImageObject\",\"inLanguage\":\"en-US\",\"@id\":\"https:\\\/\\\/www.szexshopbelvaros.com\\\/#\\\/schema\\\/logo\\\/image\\\/\",\"url\":\"https:\\\/\\\/www.szexshopbelvaros.com\\\/wp-content\\\/uploads\\\/2025\\\/09\\\/1Szexshopbelvaroslogo_blurred_stronger.jpg\",\"contentUrl\":\"https:\\\/\\\/www.szexshopbelvaros.com\\\/wp-content\\\/uploads\\\/2025\\\/09\\\/1Szexshopbelvaroslogo_blurred_stronger.jpg\",\"width\":1024,\"height\":1024,\"caption\":\"Szexshop Belv\u00e1ros\"},\"image\":{\"@id\":\"https:\\\/\\\/www.szexshopbelvaros.com\\\/#\\\/schema\\\/logo\\\/image\\\/\"},\"sameAs\":[\"https:\\\/\\\/www.facebook.com\\\/belvarossecrets\\\/\",\"https:\\\/\\\/x.com\\\/belvarossecrets\",\"https:\\\/\\\/www.instagram.com\\\/belvarossecrets\\\/\",\"https:\\\/\\\/www.tiktok.com\\\/@belvarossecrets\"]}]}<\/script>\n<!-- \/ Yoast SEO plugin. -->","yoast_head_json":{"title":"Silent Veil \u2013 The Sexier Side of Silence - Sexshop Belvaros","robots":{"index":"index","follow":"follow","max-snippet":"max-snippet:-1","max-image-preview":"max-image-preview:large","max-video-preview":"max-video-preview:-1"},"canonical":"https:\/\/www.szexshopbelvaros.com\/en\/product\/bdsm-blindfold-piros-fekete-red-black\/","og_locale":"en_US","og_type":"article","og_title":"N\u00e9ma Leple \u2013 A Csend Szexibb Oldala - Szexshop Belvaros","og_description":"Piros-fekete, selymes tapint\u00e1s\u00fa BDSM szemk\u00f6t\u0151, amit\u0151l nem csak a l\u00e1t\u00e1s sz\u0171nik meg, hanem minden m\u00e1s \u00e9rz\u00e9ked szintet l\u00e9p. Ez a 132 cm hossz\u00fa \u00e9s 7.8 cm sz\u00e9les fetish kieg\u00e9sz\u00edt\u0151 kiv\u00e1l\u00f3an alkalmas erotikus szerepj\u00e1t\u00e9khoz, domin\u00e1ns vagy al\u00e1rendelt szerepekhez, vagy ha csak szeretn\u00e9d, hogy valaki v\u00e9gre ne pof\u00e1zzon, csak \u00e9rezzen. A nylonb\u00f3l k\u00e9sz\u00fclt szemmaszk t\u00f6k\u00e9letesen fedi a [...]","og_url":"https:\/\/www.szexshopbelvaros.com\/en\/product\/bdsm-blindfold-piros-fekete-red-black\/","og_site_name":"Szexshop Belvaros","article_publisher":"https:\/\/www.facebook.com\/belvarossecrets\/","article_modified_time":"2026-04-16T08:05:15+00:00","og_image":[{"width":2560,"height":1440,"url":"https:\/\/www.szexshopbelvaros.com\/wp-content\/uploads\/2025\/01\/695bd3230bcc3793edd2eb6f-scaled.png","type":"image\/png"}],"twitter_card":"summary_large_image","twitter_site":"@belvarossecrets","twitter_misc":{"Est. reading time":"1 minute"},"schema":{"@context":"https:\/\/schema.org","@graph":[{"@type":"WebPage","@id":"https:\/\/www.szexshopbelvaros.com\/termek\/bdsm-blindfold-piros-fekete-red-black\/","url":"https:\/\/www.szexshopbelvaros.com\/termek\/bdsm-blindfold-piros-fekete-red-black\/","name":"Silent Veil \u2013 The Sexier Side of Silence - Sexshop Belvaros","isPartOf":{"@id":"https:\/\/www.szexshopbelvaros.com\/#website"},"primaryImageOfPage":{"@id":"https:\/\/www.szexshopbelvaros.com\/termek\/bdsm-blindfold-piros-fekete-red-black\/#primaryimage"},"image":{"@id":"https:\/\/www.szexshopbelvaros.com\/termek\/bdsm-blindfold-piros-fekete-red-black\/#primaryimage"},"thumbnailUrl":"https:\/\/www.szexshopbelvaros.com\/wp-content\/uploads\/2025\/01\/695bd3230bcc3793edd2eb6f-scaled.png","datePublished":"2025-01-31T13:40:45+00:00","dateModified":"2026-04-16T08:05:15+00:00","breadcrumb":{"@id":"https:\/\/www.szexshopbelvaros.com\/termek\/bdsm-blindfold-piros-fekete-red-black\/#breadcrumb"},"inLanguage":"en-US","potentialAction":[{"@type":"ReadAction","target":["https:\/\/www.szexshopbelvaros.com\/termek\/bdsm-blindfold-piros-fekete-red-black\/"]}]},{"@type":"ImageObject","inLanguage":"en-US","@id":"https:\/\/www.szexshopbelvaros.com\/termek\/bdsm-blindfold-piros-fekete-red-black\/#primaryimage","url":"https:\/\/www.szexshopbelvaros.com\/wp-content\/uploads\/2025\/01\/695bd3230bcc3793edd2eb6f-scaled.png","contentUrl":"https:\/\/www.szexshopbelvaros.com\/wp-content\/uploads\/2025\/01\/695bd3230bcc3793edd2eb6f-scaled.png","width":2560,"height":1440,"caption":"Piros szat\u00e9n szemk\u00f6t\u0151 n\u0151i modellen, erotikus hangulat\u00fa fot\u00f3, szexi \u00e9s \u00e9rz\u00e9ki megjelen\u00e9s \u2013 szexshopbelvaros Red satin blindfold worn by a woman, sensual and erotic mood photography, seductive intimate accessory \u2013 szexshopbelvaros"},{"@type":"BreadcrumbList","@id":"https:\/\/www.szexshopbelvaros.com\/termek\/bdsm-blindfold-piros-fekete-red-black\/#breadcrumb","itemListElement":[{"@type":"ListItem","position":1,"name":"Home","item":"https:\/\/www.szexshopbelvaros.com\/"},{"@type":"ListItem","position":2,"name":"\u00c1ruh\u00e1z","item":"https:\/\/www.szexshopbelvaros.com\/uzlet\/"},{"@type":"ListItem","position":3,"name":"N\u00e9ma Leple \u2013 A Csend Szexibb Oldala"}]},{"@type":"WebSite","@id":"https:\/\/www.szexshopbelvaros.com\/#website","url":"https:\/\/www.szexshopbelvaros.com\/","name":"at our Szexshop Belv\u00e1ros","description":"\ud83d\udd25 Sex is like money; only too much is enough!\u2122 Secrets from the city center \ud83d\udc8b | Secrets from Budapest \ud83d\udc8e Adult games \u2022 Erotica \u2022 Sex shop Belvaros","publisher":{"@id":"https:\/\/www.szexshopbelvaros.com\/#organization"},"potentialAction":[{"@type":"SearchAction","target":{"@type":"EntryPoint","urlTemplate":"https:\/\/www.szexshopbelvaros.com\/?s={search_term_string}"},"query-input":{"@type":"PropertyValueSpecification","valueRequired":true,"valueName":"search_term_string"}}],"inLanguage":"en-US"},{"@type":"Organization","@id":"https:\/\/www.szexshopbelvaros.com\/#organization","name":"at our Szexshop Belv\u00e1ros","alternateName":"szexshopbelvaros.com","url":"https:\/\/www.szexshopbelvaros.com\/","logo":{"@type":"ImageObject","inLanguage":"en-US","@id":"https:\/\/www.szexshopbelvaros.com\/#\/schema\/logo\/image\/","url":"https:\/\/www.szexshopbelvaros.com\/wp-content\/uploads\/2025\/09\/1Szexshopbelvaroslogo_blurred_stronger.jpg","contentUrl":"https:\/\/www.szexshopbelvaros.com\/wp-content\/uploads\/2025\/09\/1Szexshopbelvaroslogo_blurred_stronger.jpg","width":1024,"height":1024,"caption":"Szexshop Belv\u00e1ros"},"image":{"@id":"https:\/\/www.szexshopbelvaros.com\/#\/schema\/logo\/image\/"},"sameAs":["https:\/\/www.facebook.com\/belvarossecrets\/","https:\/\/x.com\/belvarossecrets","https:\/\/www.instagram.com\/belvarossecrets\/","https:\/\/www.tiktok.com\/@belvarossecrets"]}]}},"_links":{"self":[{"href":"https:\/\/www.szexshopbelvaros.com\/en\/wp-json\/wp\/v2\/product\/460","targetHints":{"allow":["GET"]}}],"collection":[{"href":"https:\/\/www.szexshopbelvaros.com\/en\/wp-json\/wp\/v2\/product"}],"about":[{"href":"https:\/\/www.szexshopbelvaros.com\/en\/wp-json\/wp\/v2\/types\/product"}],"replies":[{"embeddable":true,"href":"https:\/\/www.szexshopbelvaros.com\/en\/wp-json\/wp\/v2\/comments?post=460"}],"wp:featuredmedia":[{"embeddable":true,"href":"https:\/\/www.szexshopbelvaros.com\/en\/wp-json\/wp\/v2\/media\/2250"}],"wp:attachment":[{"href":"https:\/\/www.szexshopbelvaros.com\/en\/wp-json\/wp\/v2\/media?parent=460"}],"wp:term":[{"taxonomy":"product_brand","embeddable":true,"href":"https:\/\/www.szexshopbelvaros.com\/en\/wp-json\/wp\/v2\/product_brand?post=460"},{"taxonomy":"product_cat","embeddable":true,"href":"https:\/\/www.szexshopbelvaros.com\/en\/wp-json\/wp\/v2\/product_cat?post=460"},{"taxonomy":"product_tag","embeddable":true,"href":"https:\/\/www.szexshopbelvaros.com\/en\/wp-json\/wp\/v2\/product_tag?post=460"}],"curies":[{"name":"wp","href":"https:\/\/api.w.org\/{rel}","templated":true}]}}