{"id":462,"date":"2025-01-31T14:40:45","date_gmt":"2025-01-31T13:40:45","guid":{"rendered":"https:\/\/www.szexshopbelvaros.com\/termek\/guilty-pleasure-fekete-paskolasra-alkalmas-lovaglopalca\/"},"modified":"2026-02-14T07:57:14","modified_gmt":"2026-02-14T06:57:14","slug":"guilty-pleasure-fekete-paskolasra-alkalmas-lovaglopalca","status":"publish","type":"product","link":"https:\/\/www.szexshopbelvaros.com\/en\/product\/guilty-pleasure-fekete-paskolasra-alkalmas-lovaglopalca\/","title":{"rendered":"\ud83d\udc34 Csatt &amp; Csikland \u2013 Where the butt gets the starring role, with or without feathers."},"content":{"rendered":"<p data-start=\"359\" data-end=\"818\">This black riding stick is the crowned queen of fetish games, BDSM scenes, role-playing submission, and dominance. With its 52 cm length, PVC body, and feathered tip, this double-sided sex toy is the perfect choice for any erotic encounter where butt-slapping and sensual tickling go hand in hand. There is no other versatile stick in the world of BDSM that is so well suited to both dominant and submissive roles.<\/p>\n<p data-start=\"820\" data-end=\"1074\">This erotic accessory is not only suitable for skin stimulation, but those looking for unisex BDSM toys for women, men, or couples can find it in the Szexshopbelvaros store. One move - and the words \"saddle up\" take on a new meaning.<\/p>\n<p>&nbsp;<\/p>","protected":false},"excerpt":{"rendered":"<p>Ez a fekete lovagl\u00f3p\u00e1lca a fetish j\u00e1t\u00e9kok, BDSM jelenetek, szerepj\u00e1t\u00e9kos al\u00e1vet\u00e9s \u00e9s dominancia eszk\u00f6zt\u00e1r\u00e1nak koron\u00e1zatlan kir\u00e1lyn\u0151je. A 52 centis hossz\u00e1val, PVC test\u00e9vel \u00e9s tollas v\u00e9g\u00e9vel ez a k\u00e9tarc\u00fa szexkell\u00e9k t\u00f6k\u00e9letes v\u00e1laszt\u00e1s minden erotikus egy\u00fcttl\u00e9thez, ahol a fen\u00e9kcsattogtat\u00e1s \u00e9s \u00e9rz\u00e9ki csiklandoz\u00e1s k\u00e9z a k\u00e9zben j\u00e1r. A szado-mazo vil\u00e1g\u00e1ban nincs m\u00e9g egy ilyen sokoldal\u00fa paskol\u00f3, ami ennyire [&#8230;]\n","protected":false},"featured_media":2107,"comment_status":"closed","ping_status":"closed","template":"","meta":[],"product_brand":[90],"product_cat":[52,1999],"product_tag":[321,1410,372,389,718,2001,732,2008,716,717,730,731,715,220,1412],"class_list":{"0":"post-462","1":"product","2":"type-product","3":"status-publish","4":"has-post-thumbnail","6":"product_brand-guilty-pleasure","7":"product_cat-bdsm","8":"product_cat-ostorok-paskolok","9":"product_tag-bdsm","10":"product_tag-bdsm-toy","11":"product_tag-bondage","12":"product_tag-felnott-jatek","13":"product_tag-flogger","14":"product_tag-impact-jatek","15":"product_tag-impact-play","16":"product_tag-kink","17":"product_tag-korbacs","18":"product_tag-ostor","19":"product_tag-paddle","20":"product_tag-paskolo","21":"product_tag-szadomazo-kellek","22":"product_tag-szexshop-belvaros","23":"product_tag-whip","25":"first","26":"instock","27":"taxable","28":"shipping-taxable","29":"purchasable","30":"product-type-simple"},"yoast_head":"<!-- This site is optimized with the Yoast SEO plugin v27.4 - https:\/\/yoast.com\/product\/yoast-seo-wordpress\/ -->\n<title>\ud83d\udc34 Csatt &amp; Csikland \u2013 Ahol a fen\u00e9k kapja a f\u0151szerepet, tollal vagy an\u00e9lk\u00fcl. - Szexshop Belvaros<\/title>\n<meta name=\"robots\" content=\"index, follow, max-snippet:-1, max-image-preview:large, max-video-preview:-1\" \/>\n<link rel=\"canonical\" href=\"https:\/\/www.szexshopbelvaros.com\/en\/product\/guilty-pleasure-fekete-paskolasra-alkalmas-lovaglopalca\/\" \/>\n<meta property=\"og:locale\" content=\"en_US\" \/>\n<meta property=\"og:type\" content=\"article\" \/>\n<meta property=\"og:title\" content=\"\ud83d\udc34 Csatt &amp; Csikland \u2013 Ahol a fen\u00e9k kapja a f\u0151szerepet, tollal vagy an\u00e9lk\u00fcl. - Szexshop Belvaros\" \/>\n<meta property=\"og:description\" content=\"Ez a fekete lovagl\u00f3p\u00e1lca a fetish j\u00e1t\u00e9kok, BDSM jelenetek, szerepj\u00e1t\u00e9kos al\u00e1vet\u00e9s \u00e9s dominancia eszk\u00f6zt\u00e1r\u00e1nak koron\u00e1zatlan kir\u00e1lyn\u0151je. A 52 centis hossz\u00e1val, PVC test\u00e9vel \u00e9s tollas v\u00e9g\u00e9vel ez a k\u00e9tarc\u00fa szexkell\u00e9k t\u00f6k\u00e9letes v\u00e1laszt\u00e1s minden erotikus egy\u00fcttl\u00e9thez, ahol a fen\u00e9kcsattogtat\u00e1s \u00e9s \u00e9rz\u00e9ki csiklandoz\u00e1s k\u00e9z a k\u00e9zben j\u00e1r. A szado-mazo vil\u00e1g\u00e1ban nincs m\u00e9g egy ilyen sokoldal\u00fa paskol\u00f3, ami ennyire [...]\" \/>\n<meta property=\"og:url\" content=\"https:\/\/www.szexshopbelvaros.com\/en\/product\/guilty-pleasure-fekete-paskolasra-alkalmas-lovaglopalca\/\" \/>\n<meta property=\"og:site_name\" content=\"Szexshop Belvaros\" \/>\n<meta property=\"article:publisher\" content=\"https:\/\/www.facebook.com\/belvarossecrets\/\" \/>\n<meta property=\"article:modified_time\" content=\"2026-02-14T06:57:14+00:00\" \/>\n<meta property=\"og:image\" content=\"https:\/\/www.szexshopbelvaros.com\/wp-content\/uploads\/2025\/01\/palcika.jpeg\" \/>\n\t<meta property=\"og:image:width\" content=\"1000\" \/>\n\t<meta property=\"og:image:height\" content=\"563\" \/>\n\t<meta property=\"og:image:type\" content=\"image\/jpeg\" \/>\n<meta name=\"twitter:card\" content=\"summary_large_image\" \/>\n<meta name=\"twitter:site\" content=\"@belvarossecrets\" \/>\n<meta name=\"twitter:label1\" content=\"Est. reading time\" \/>\n\t<meta name=\"twitter:data1\" content=\"1 minute\" \/>\n<script type=\"application\/ld+json\" class=\"yoast-schema-graph\">{\"@context\":\"https:\\\/\\\/schema.org\",\"@graph\":[{\"@type\":\"WebPage\",\"@id\":\"https:\\\/\\\/www.szexshopbelvaros.com\\\/termek\\\/guilty-pleasure-fekete-paskolasra-alkalmas-lovaglopalca\\\/\",\"url\":\"https:\\\/\\\/www.szexshopbelvaros.com\\\/termek\\\/guilty-pleasure-fekete-paskolasra-alkalmas-lovaglopalca\\\/\",\"name\":\"\ud83d\udc34 Csatt & Csikland \u2013 Ahol a fen\u00e9k kapja a f\u0151szerepet, tollal vagy an\u00e9lk\u00fcl. - Szexshop Belvaros\",\"isPartOf\":{\"@id\":\"https:\\\/\\\/www.szexshopbelvaros.com\\\/#website\"},\"primaryImageOfPage\":{\"@id\":\"https:\\\/\\\/www.szexshopbelvaros.com\\\/termek\\\/guilty-pleasure-fekete-paskolasra-alkalmas-lovaglopalca\\\/#primaryimage\"},\"image\":{\"@id\":\"https:\\\/\\\/www.szexshopbelvaros.com\\\/termek\\\/guilty-pleasure-fekete-paskolasra-alkalmas-lovaglopalca\\\/#primaryimage\"},\"thumbnailUrl\":\"https:\\\/\\\/www.szexshopbelvaros.com\\\/wp-content\\\/uploads\\\/2025\\\/01\\\/palcika.jpeg\",\"datePublished\":\"2025-01-31T13:40:45+00:00\",\"dateModified\":\"2026-02-14T06:57:14+00:00\",\"breadcrumb\":{\"@id\":\"https:\\\/\\\/www.szexshopbelvaros.com\\\/termek\\\/guilty-pleasure-fekete-paskolasra-alkalmas-lovaglopalca\\\/#breadcrumb\"},\"inLanguage\":\"en-US\",\"potentialAction\":[{\"@type\":\"ReadAction\",\"target\":[\"https:\\\/\\\/www.szexshopbelvaros.com\\\/termek\\\/guilty-pleasure-fekete-paskolasra-alkalmas-lovaglopalca\\\/\"]}]},{\"@type\":\"ImageObject\",\"inLanguage\":\"en-US\",\"@id\":\"https:\\\/\\\/www.szexshopbelvaros.com\\\/termek\\\/guilty-pleasure-fekete-paskolasra-alkalmas-lovaglopalca\\\/#primaryimage\",\"url\":\"https:\\\/\\\/www.szexshopbelvaros.com\\\/wp-content\\\/uploads\\\/2025\\\/01\\\/palcika.jpeg\",\"contentUrl\":\"https:\\\/\\\/www.szexshopbelvaros.com\\\/wp-content\\\/uploads\\\/2025\\\/01\\\/palcika.jpeg\",\"width\":1000,\"height\":563},{\"@type\":\"BreadcrumbList\",\"@id\":\"https:\\\/\\\/www.szexshopbelvaros.com\\\/termek\\\/guilty-pleasure-fekete-paskolasra-alkalmas-lovaglopalca\\\/#breadcrumb\",\"itemListElement\":[{\"@type\":\"ListItem\",\"position\":1,\"name\":\"Home\",\"item\":\"https:\\\/\\\/www.szexshopbelvaros.com\\\/\"},{\"@type\":\"ListItem\",\"position\":2,\"name\":\"\u00c1ruh\u00e1z\",\"item\":\"https:\\\/\\\/www.szexshopbelvaros.com\\\/uzlet\\\/\"},{\"@type\":\"ListItem\",\"position\":3,\"name\":\"\ud83d\udc34 Csatt &#038; Csikland \u2013 Ahol a fen\u00e9k kapja a f\u0151szerepet, tollal vagy an\u00e9lk\u00fcl.\"}]},{\"@type\":\"WebSite\",\"@id\":\"https:\\\/\\\/www.szexshopbelvaros.com\\\/#website\",\"url\":\"https:\\\/\\\/www.szexshopbelvaros.com\\\/\",\"name\":\"Szexshop Belv\u00e1ros\",\"description\":\"\ud83d\udd25 A szex olyan, mint a p\u00e9nz; csak a t\u00fal sok el\u00e9g!\u2122 Titkok a belv\u00e1rosb\u00f3l \ud83d\udc8b | Secrets from Budapest \ud83d\udc8e Feln\u0151tt j\u00e1t\u00e9kok \u2022 Erotika \u2022 Szexshop Belvaros\",\"publisher\":{\"@id\":\"https:\\\/\\\/www.szexshopbelvaros.com\\\/#organization\"},\"potentialAction\":[{\"@type\":\"SearchAction\",\"target\":{\"@type\":\"EntryPoint\",\"urlTemplate\":\"https:\\\/\\\/www.szexshopbelvaros.com\\\/?s={search_term_string}\"},\"query-input\":{\"@type\":\"PropertyValueSpecification\",\"valueRequired\":true,\"valueName\":\"search_term_string\"}}],\"inLanguage\":\"en-US\"},{\"@type\":\"Organization\",\"@id\":\"https:\\\/\\\/www.szexshopbelvaros.com\\\/#organization\",\"name\":\"Szexshop Belv\u00e1ros\",\"alternateName\":\"szexshopbelvaros.com\",\"url\":\"https:\\\/\\\/www.szexshopbelvaros.com\\\/\",\"logo\":{\"@type\":\"ImageObject\",\"inLanguage\":\"en-US\",\"@id\":\"https:\\\/\\\/www.szexshopbelvaros.com\\\/#\\\/schema\\\/logo\\\/image\\\/\",\"url\":\"https:\\\/\\\/www.szexshopbelvaros.com\\\/wp-content\\\/uploads\\\/2025\\\/09\\\/1Szexshopbelvaroslogo_blurred_stronger.jpg\",\"contentUrl\":\"https:\\\/\\\/www.szexshopbelvaros.com\\\/wp-content\\\/uploads\\\/2025\\\/09\\\/1Szexshopbelvaroslogo_blurred_stronger.jpg\",\"width\":1024,\"height\":1024,\"caption\":\"Szexshop Belv\u00e1ros\"},\"image\":{\"@id\":\"https:\\\/\\\/www.szexshopbelvaros.com\\\/#\\\/schema\\\/logo\\\/image\\\/\"},\"sameAs\":[\"https:\\\/\\\/www.facebook.com\\\/belvarossecrets\\\/\",\"https:\\\/\\\/x.com\\\/belvarossecrets\",\"https:\\\/\\\/www.instagram.com\\\/belvarossecrets\\\/\",\"https:\\\/\\\/www.tiktok.com\\\/@belvarossecrets\"]}]}<\/script>\n<!-- \/ Yoast SEO plugin. -->","yoast_head_json":{"title":"\ud83d\udc34 Csatt &amp; Csikland \u2013 Where the butt gets the main role, with or without feathers. - Szexshop Belvaros","robots":{"index":"index","follow":"follow","max-snippet":"max-snippet:-1","max-image-preview":"max-image-preview:large","max-video-preview":"max-video-preview:-1"},"canonical":"https:\/\/www.szexshopbelvaros.com\/en\/product\/guilty-pleasure-fekete-paskolasra-alkalmas-lovaglopalca\/","og_locale":"en_US","og_type":"article","og_title":"\ud83d\udc34 Csatt & Csikland \u2013 Ahol a fen\u00e9k kapja a f\u0151szerepet, tollal vagy an\u00e9lk\u00fcl. - Szexshop Belvaros","og_description":"Ez a fekete lovagl\u00f3p\u00e1lca a fetish j\u00e1t\u00e9kok, BDSM jelenetek, szerepj\u00e1t\u00e9kos al\u00e1vet\u00e9s \u00e9s dominancia eszk\u00f6zt\u00e1r\u00e1nak koron\u00e1zatlan kir\u00e1lyn\u0151je. A 52 centis hossz\u00e1val, PVC test\u00e9vel \u00e9s tollas v\u00e9g\u00e9vel ez a k\u00e9tarc\u00fa szexkell\u00e9k t\u00f6k\u00e9letes v\u00e1laszt\u00e1s minden erotikus egy\u00fcttl\u00e9thez, ahol a fen\u00e9kcsattogtat\u00e1s \u00e9s \u00e9rz\u00e9ki csiklandoz\u00e1s k\u00e9z a k\u00e9zben j\u00e1r. A szado-mazo vil\u00e1g\u00e1ban nincs m\u00e9g egy ilyen sokoldal\u00fa paskol\u00f3, ami ennyire [...]","og_url":"https:\/\/www.szexshopbelvaros.com\/en\/product\/guilty-pleasure-fekete-paskolasra-alkalmas-lovaglopalca\/","og_site_name":"Szexshop Belvaros","article_publisher":"https:\/\/www.facebook.com\/belvarossecrets\/","article_modified_time":"2026-02-14T06:57:14+00:00","og_image":[{"width":1000,"height":563,"url":"https:\/\/www.szexshopbelvaros.com\/wp-content\/uploads\/2025\/01\/palcika.jpeg","type":"image\/jpeg"}],"twitter_card":"summary_large_image","twitter_site":"@belvarossecrets","twitter_misc":{"Est. reading time":"1 minute"},"schema":{"@context":"https:\/\/schema.org","@graph":[{"@type":"WebPage","@id":"https:\/\/www.szexshopbelvaros.com\/termek\/guilty-pleasure-fekete-paskolasra-alkalmas-lovaglopalca\/","url":"https:\/\/www.szexshopbelvaros.com\/termek\/guilty-pleasure-fekete-paskolasra-alkalmas-lovaglopalca\/","name":"\ud83d\udc34 Csatt &amp; Csikland \u2013 Where the butt gets the main role, with or without feathers. - Szexshop Belvaros","isPartOf":{"@id":"https:\/\/www.szexshopbelvaros.com\/#website"},"primaryImageOfPage":{"@id":"https:\/\/www.szexshopbelvaros.com\/termek\/guilty-pleasure-fekete-paskolasra-alkalmas-lovaglopalca\/#primaryimage"},"image":{"@id":"https:\/\/www.szexshopbelvaros.com\/termek\/guilty-pleasure-fekete-paskolasra-alkalmas-lovaglopalca\/#primaryimage"},"thumbnailUrl":"https:\/\/www.szexshopbelvaros.com\/wp-content\/uploads\/2025\/01\/palcika.jpeg","datePublished":"2025-01-31T13:40:45+00:00","dateModified":"2026-02-14T06:57:14+00:00","breadcrumb":{"@id":"https:\/\/www.szexshopbelvaros.com\/termek\/guilty-pleasure-fekete-paskolasra-alkalmas-lovaglopalca\/#breadcrumb"},"inLanguage":"en-US","potentialAction":[{"@type":"ReadAction","target":["https:\/\/www.szexshopbelvaros.com\/termek\/guilty-pleasure-fekete-paskolasra-alkalmas-lovaglopalca\/"]}]},{"@type":"ImageObject","inLanguage":"en-US","@id":"https:\/\/www.szexshopbelvaros.com\/termek\/guilty-pleasure-fekete-paskolasra-alkalmas-lovaglopalca\/#primaryimage","url":"https:\/\/www.szexshopbelvaros.com\/wp-content\/uploads\/2025\/01\/palcika.jpeg","contentUrl":"https:\/\/www.szexshopbelvaros.com\/wp-content\/uploads\/2025\/01\/palcika.jpeg","width":1000,"height":563},{"@type":"BreadcrumbList","@id":"https:\/\/www.szexshopbelvaros.com\/termek\/guilty-pleasure-fekete-paskolasra-alkalmas-lovaglopalca\/#breadcrumb","itemListElement":[{"@type":"ListItem","position":1,"name":"Home","item":"https:\/\/www.szexshopbelvaros.com\/"},{"@type":"ListItem","position":2,"name":"\u00c1ruh\u00e1z","item":"https:\/\/www.szexshopbelvaros.com\/uzlet\/"},{"@type":"ListItem","position":3,"name":"\ud83d\udc34 Csatt &#038; Csikland \u2013 Ahol a fen\u00e9k kapja a f\u0151szerepet, tollal vagy an\u00e9lk\u00fcl."}]},{"@type":"WebSite","@id":"https:\/\/www.szexshopbelvaros.com\/#website","url":"https:\/\/www.szexshopbelvaros.com\/","name":"at our Szexshop Belv\u00e1ros","description":"\ud83d\udd25 Sex is like money; only too much is enough!\u2122 Secrets from the city center \ud83d\udc8b | Secrets from Budapest \ud83d\udc8e Adult games \u2022 Erotica \u2022 Sex shop Belvaros","publisher":{"@id":"https:\/\/www.szexshopbelvaros.com\/#organization"},"potentialAction":[{"@type":"SearchAction","target":{"@type":"EntryPoint","urlTemplate":"https:\/\/www.szexshopbelvaros.com\/?s={search_term_string}"},"query-input":{"@type":"PropertyValueSpecification","valueRequired":true,"valueName":"search_term_string"}}],"inLanguage":"en-US"},{"@type":"Organization","@id":"https:\/\/www.szexshopbelvaros.com\/#organization","name":"at our Szexshop Belv\u00e1ros","alternateName":"szexshopbelvaros.com","url":"https:\/\/www.szexshopbelvaros.com\/","logo":{"@type":"ImageObject","inLanguage":"en-US","@id":"https:\/\/www.szexshopbelvaros.com\/#\/schema\/logo\/image\/","url":"https:\/\/www.szexshopbelvaros.com\/wp-content\/uploads\/2025\/09\/1Szexshopbelvaroslogo_blurred_stronger.jpg","contentUrl":"https:\/\/www.szexshopbelvaros.com\/wp-content\/uploads\/2025\/09\/1Szexshopbelvaroslogo_blurred_stronger.jpg","width":1024,"height":1024,"caption":"Szexshop Belv\u00e1ros"},"image":{"@id":"https:\/\/www.szexshopbelvaros.com\/#\/schema\/logo\/image\/"},"sameAs":["https:\/\/www.facebook.com\/belvarossecrets\/","https:\/\/x.com\/belvarossecrets","https:\/\/www.instagram.com\/belvarossecrets\/","https:\/\/www.tiktok.com\/@belvarossecrets"]}]}},"_links":{"self":[{"href":"https:\/\/www.szexshopbelvaros.com\/en\/wp-json\/wp\/v2\/product\/462","targetHints":{"allow":["GET"]}}],"collection":[{"href":"https:\/\/www.szexshopbelvaros.com\/en\/wp-json\/wp\/v2\/product"}],"about":[{"href":"https:\/\/www.szexshopbelvaros.com\/en\/wp-json\/wp\/v2\/types\/product"}],"replies":[{"embeddable":true,"href":"https:\/\/www.szexshopbelvaros.com\/en\/wp-json\/wp\/v2\/comments?post=462"}],"wp:featuredmedia":[{"embeddable":true,"href":"https:\/\/www.szexshopbelvaros.com\/en\/wp-json\/wp\/v2\/media\/2107"}],"wp:attachment":[{"href":"https:\/\/www.szexshopbelvaros.com\/en\/wp-json\/wp\/v2\/media?parent=462"}],"wp:term":[{"taxonomy":"product_brand","embeddable":true,"href":"https:\/\/www.szexshopbelvaros.com\/en\/wp-json\/wp\/v2\/product_brand?post=462"},{"taxonomy":"product_cat","embeddable":true,"href":"https:\/\/www.szexshopbelvaros.com\/en\/wp-json\/wp\/v2\/product_cat?post=462"},{"taxonomy":"product_tag","embeddable":true,"href":"https:\/\/www.szexshopbelvaros.com\/en\/wp-json\/wp\/v2\/product_tag?post=462"}],"curies":[{"name":"wp","href":"https:\/\/api.w.org\/{rel}","templated":true}]}}