{"id":476,"date":"2025-01-31T14:40:45","date_gmt":"2025-01-31T13:40:45","guid":{"rendered":"https:\/\/www.szexshopbelvaros.com\/termek\/durex-real-feel-latexmentes-ovszer-3db\/"},"modified":"2026-04-03T13:09:28","modified_gmt":"2026-04-03T11:09:28","slug":"durex-real-feel-latexmentes-ovszer-3db","status":"publish","type":"product","link":"https:\/\/www.szexshopbelvaros.com\/en\/product\/durex-real-feel-latexmentes-ovszer-3db\/","title":{"rendered":"Durex Real Feel \u2013 Latex-Free Condoms (3PCS)"},"content":{"rendered":"<p>3-pack of latex-free condoms made from high-quality, skin-friendly materials, straight from DUREX!<\/p>\n<p>LATEX-FREE!<\/p>\n<p>A comfortable, anatomically shaped, transparent condom that feels perfectly natural, feels like skin (as if you&#039;re not wearing anything), is not made of classic rubber, so it can be used by those who are sensitive to it, and does not cause allergies. It has no unpleasant rubber smell!<\/p>\n<p>Why is it good?<\/p>\n<p>Maximum Latex-free \u2013 ideal for sensitive and allergy-prone people<br \/>\nIt feels completely natural, as if you&#039;re wearing nothing.<br \/>\nProvides high security and protection<br \/>\nThanks to its extremely thin material \u2013 it is not disturbing, as if it is not even there<br \/>\nMade with new Easy-on manufacturing technology, with a precise fit \u2013 it adapts perfectly to the penis<br \/>\nPleasantly scented, transparent \u2013 no unpleasant, pungent, rubbery odor<br \/>\nEquipped with a safe semen reservoir and factory lubrication - for slippery, confident pleasure<\/p>\n<p>Product specifications, features:<\/p>\n<p>color: transparent<br \/>\nMaterial: synthetic Polyisoprene.<br \/>\nequipped with factory lubrication<br \/>\nanatomical shape, with sperm container<br \/>\nthin material<br \/>\nlength: 200mm<br \/>\nthickness: 0.065mm<br \/>\ndiameter: 56mm<br \/>\nPack of 3<\/p>\n<p>&nbsp;<\/p>","protected":false},"excerpt":{"rendered":"<p>Magas min\u0151s\u00e9g\u0171, b\u0151rbar\u00e1t anyagok felhaszn\u00e1l\u00e1s\u00e1val k\u00e9sz\u00fclt, 3 db-os latexmentes \u00f3vszer, egyenesen a DUREX-t\u0151l! LATEX-MENTES! T\u00f6k\u00e9letesen term\u00e9szetes \u00e9rz\u00e9st ny\u00fajt\u00f3, a b\u0151r \u00e9rint\u00e9s\u00e9re eml\u00e9keztet\u0151 (mintha nem viseln\u00e9l semmit), k\u00e9nyelmes, anat\u00f3miailag form\u00e1lt, \u00e1ttetsz\u0151 \u00f3vszer, mely nem a klasszikus gumib\u00f3l k\u00e9sz\u00fcl, \u00edgy az arra \u00e9rz\u00e9kenyek is b\u00e1tran haszn\u00e1lhatj\u00e1k, nem okoz allergi\u00e1t. Nincs kellemetlen gumi szaga! Mi\u00e9rt j\u00f3? Maxim\u00e1lisan Latex-mentes [&#8230;]\n","protected":false},"featured_media":477,"comment_status":"closed","ping_status":"closed","template":"","meta":[],"product_brand":[127],"product_cat":[156,134],"product_tag":[2052,413,807,2053,1528,2050,2047,2051,824,806,2049,2058,405,1201,220,2048,2057,1529],"class_list":{"0":"post-476","1":"product","2":"type-product","3":"status-publish","4":"has-post-thumbnail","6":"product_brand-durex","7":"product_cat-drogeria-wellness","8":"product_cat-ovszerek","9":"product_tag-adult-care","10":"product_tag-biztonsagos-szex","11":"product_tag-condom","12":"product_tag-couples-wellness","13":"product_tag-drogeria","14":"product_tag-felnotteknek","15":"product_tag-intim-termek","16":"product_tag-intimate-products","17":"product_tag-latex-ovszer","18":"product_tag-ovszer","19":"product_tag-paros-egeszseg","20":"product_tag-protection","21":"product_tag-safe-sex","22":"product_tag-sexual-wellness","23":"product_tag-szexshop-belvaros","24":"product_tag-szexualis-egeszseg","25":"product_tag-vedekezes","26":"product_tag-wellness","28":"first","29":"outofstock","30":"taxable","31":"shipping-taxable","32":"purchasable","33":"product-type-simple"},"yoast_head":"<!-- This site is optimized with the Yoast SEO plugin v27.4 - https:\/\/yoast.com\/product\/yoast-seo-wordpress\/ -->\n<title>Durex Real Feel - Latexmentes \u00d3vszer (3DB) - Szexshop Belvaros<\/title>\n<meta name=\"robots\" content=\"index, follow, max-snippet:-1, max-image-preview:large, max-video-preview:-1\" \/>\n<link rel=\"canonical\" href=\"https:\/\/www.szexshopbelvaros.com\/en\/product\/durex-real-feel-latexmentes-ovszer-3db\/\" \/>\n<meta property=\"og:locale\" content=\"en_US\" \/>\n<meta property=\"og:type\" content=\"article\" \/>\n<meta property=\"og:title\" content=\"Durex Real Feel - Latexmentes \u00d3vszer (3DB) - Szexshop Belvaros\" \/>\n<meta property=\"og:description\" content=\"Magas min\u0151s\u00e9g\u0171, b\u0151rbar\u00e1t anyagok felhaszn\u00e1l\u00e1s\u00e1val k\u00e9sz\u00fclt, 3 db-os latexmentes \u00f3vszer, egyenesen a DUREX-t\u0151l! LATEX-MENTES! T\u00f6k\u00e9letesen term\u00e9szetes \u00e9rz\u00e9st ny\u00fajt\u00f3, a b\u0151r \u00e9rint\u00e9s\u00e9re eml\u00e9keztet\u0151 (mintha nem viseln\u00e9l semmit), k\u00e9nyelmes, anat\u00f3miailag form\u00e1lt, \u00e1ttetsz\u0151 \u00f3vszer, mely nem a klasszikus gumib\u00f3l k\u00e9sz\u00fcl, \u00edgy az arra \u00e9rz\u00e9kenyek is b\u00e1tran haszn\u00e1lhatj\u00e1k, nem okoz allergi\u00e1t. Nincs kellemetlen gumi szaga! Mi\u00e9rt j\u00f3? Maxim\u00e1lisan Latex-mentes [...]\" \/>\n<meta property=\"og:url\" content=\"https:\/\/www.szexshopbelvaros.com\/en\/product\/durex-real-feel-latexmentes-ovszer-3db\/\" \/>\n<meta property=\"og:site_name\" content=\"Szexshop Belvaros\" \/>\n<meta property=\"article:publisher\" content=\"https:\/\/www.facebook.com\/belvarossecrets\/\" \/>\n<meta property=\"article:modified_time\" content=\"2026-04-03T11:09:28+00:00\" \/>\n<meta property=\"og:image\" content=\"https:\/\/www.szexshopbelvaros.com\/wp-content\/uploads\/2025\/01\/a2b82b6a-a3a9-11ed-b558-7a7bdf45a9fd_00000000000000000000000000000000000000000000000000.jpeg\" \/>\n\t<meta property=\"og:image:width\" content=\"1000\" \/>\n\t<meta property=\"og:image:height\" content=\"563\" \/>\n\t<meta property=\"og:image:type\" content=\"image\/jpeg\" \/>\n<meta name=\"twitter:card\" content=\"summary_large_image\" \/>\n<meta name=\"twitter:site\" content=\"@belvarossecrets\" \/>\n<meta name=\"twitter:label1\" content=\"Est. reading time\" \/>\n\t<meta name=\"twitter:data1\" content=\"1 minute\" \/>\n<script type=\"application\/ld+json\" class=\"yoast-schema-graph\">{\"@context\":\"https:\\\/\\\/schema.org\",\"@graph\":[{\"@type\":\"WebPage\",\"@id\":\"https:\\\/\\\/www.szexshopbelvaros.com\\\/termek\\\/durex-real-feel-latexmentes-ovszer-3db\\\/\",\"url\":\"https:\\\/\\\/www.szexshopbelvaros.com\\\/termek\\\/durex-real-feel-latexmentes-ovszer-3db\\\/\",\"name\":\"Durex Real Feel - Latexmentes \u00d3vszer (3DB) - Szexshop Belvaros\",\"isPartOf\":{\"@id\":\"https:\\\/\\\/www.szexshopbelvaros.com\\\/#website\"},\"primaryImageOfPage\":{\"@id\":\"https:\\\/\\\/www.szexshopbelvaros.com\\\/termek\\\/durex-real-feel-latexmentes-ovszer-3db\\\/#primaryimage\"},\"image\":{\"@id\":\"https:\\\/\\\/www.szexshopbelvaros.com\\\/termek\\\/durex-real-feel-latexmentes-ovszer-3db\\\/#primaryimage\"},\"thumbnailUrl\":\"https:\\\/\\\/www.szexshopbelvaros.com\\\/wp-content\\\/uploads\\\/2025\\\/01\\\/a2b82b6a-a3a9-11ed-b558-7a7bdf45a9fd_00000000000000000000000000000000000000000000000000.jpeg\",\"datePublished\":\"2025-01-31T13:40:45+00:00\",\"dateModified\":\"2026-04-03T11:09:28+00:00\",\"breadcrumb\":{\"@id\":\"https:\\\/\\\/www.szexshopbelvaros.com\\\/termek\\\/durex-real-feel-latexmentes-ovszer-3db\\\/#breadcrumb\"},\"inLanguage\":\"en-US\",\"potentialAction\":[{\"@type\":\"ReadAction\",\"target\":[\"https:\\\/\\\/www.szexshopbelvaros.com\\\/termek\\\/durex-real-feel-latexmentes-ovszer-3db\\\/\"]}]},{\"@type\":\"ImageObject\",\"inLanguage\":\"en-US\",\"@id\":\"https:\\\/\\\/www.szexshopbelvaros.com\\\/termek\\\/durex-real-feel-latexmentes-ovszer-3db\\\/#primaryimage\",\"url\":\"https:\\\/\\\/www.szexshopbelvaros.com\\\/wp-content\\\/uploads\\\/2025\\\/01\\\/a2b82b6a-a3a9-11ed-b558-7a7bdf45a9fd_00000000000000000000000000000000000000000000000000.jpeg\",\"contentUrl\":\"https:\\\/\\\/www.szexshopbelvaros.com\\\/wp-content\\\/uploads\\\/2025\\\/01\\\/a2b82b6a-a3a9-11ed-b558-7a7bdf45a9fd_00000000000000000000000000000000000000000000000000.jpeg\",\"width\":1000,\"height\":563},{\"@type\":\"BreadcrumbList\",\"@id\":\"https:\\\/\\\/www.szexshopbelvaros.com\\\/termek\\\/durex-real-feel-latexmentes-ovszer-3db\\\/#breadcrumb\",\"itemListElement\":[{\"@type\":\"ListItem\",\"position\":1,\"name\":\"Home\",\"item\":\"https:\\\/\\\/www.szexshopbelvaros.com\\\/\"},{\"@type\":\"ListItem\",\"position\":2,\"name\":\"\u00c1ruh\u00e1z\",\"item\":\"https:\\\/\\\/www.szexshopbelvaros.com\\\/uzlet\\\/\"},{\"@type\":\"ListItem\",\"position\":3,\"name\":\"Durex Real Feel &#8211; Latexmentes \u00d3vszer (3DB)\"}]},{\"@type\":\"WebSite\",\"@id\":\"https:\\\/\\\/www.szexshopbelvaros.com\\\/#website\",\"url\":\"https:\\\/\\\/www.szexshopbelvaros.com\\\/\",\"name\":\"Szexshop Belv\u00e1ros\",\"description\":\"\ud83d\udd25 A szex olyan, mint a p\u00e9nz; csak a t\u00fal sok el\u00e9g!\u2122 Titkok a belv\u00e1rosb\u00f3l \ud83d\udc8b | Secrets from Budapest \ud83d\udc8e Feln\u0151tt j\u00e1t\u00e9kok \u2022 Erotika \u2022 Szexshop Belvaros\",\"publisher\":{\"@id\":\"https:\\\/\\\/www.szexshopbelvaros.com\\\/#organization\"},\"potentialAction\":[{\"@type\":\"SearchAction\",\"target\":{\"@type\":\"EntryPoint\",\"urlTemplate\":\"https:\\\/\\\/www.szexshopbelvaros.com\\\/?s={search_term_string}\"},\"query-input\":{\"@type\":\"PropertyValueSpecification\",\"valueRequired\":true,\"valueName\":\"search_term_string\"}}],\"inLanguage\":\"en-US\"},{\"@type\":\"Organization\",\"@id\":\"https:\\\/\\\/www.szexshopbelvaros.com\\\/#organization\",\"name\":\"Szexshop Belv\u00e1ros\",\"alternateName\":\"szexshopbelvaros.com\",\"url\":\"https:\\\/\\\/www.szexshopbelvaros.com\\\/\",\"logo\":{\"@type\":\"ImageObject\",\"inLanguage\":\"en-US\",\"@id\":\"https:\\\/\\\/www.szexshopbelvaros.com\\\/#\\\/schema\\\/logo\\\/image\\\/\",\"url\":\"https:\\\/\\\/www.szexshopbelvaros.com\\\/wp-content\\\/uploads\\\/2025\\\/09\\\/1Szexshopbelvaroslogo_blurred_stronger.jpg\",\"contentUrl\":\"https:\\\/\\\/www.szexshopbelvaros.com\\\/wp-content\\\/uploads\\\/2025\\\/09\\\/1Szexshopbelvaroslogo_blurred_stronger.jpg\",\"width\":1024,\"height\":1024,\"caption\":\"Szexshop Belv\u00e1ros\"},\"image\":{\"@id\":\"https:\\\/\\\/www.szexshopbelvaros.com\\\/#\\\/schema\\\/logo\\\/image\\\/\"},\"sameAs\":[\"https:\\\/\\\/www.facebook.com\\\/belvarossecrets\\\/\",\"https:\\\/\\\/x.com\\\/belvarossecrets\",\"https:\\\/\\\/www.instagram.com\\\/belvarossecrets\\\/\",\"https:\\\/\\\/www.tiktok.com\\\/@belvarossecrets\"]}]}<\/script>\n<!-- \/ Yoast SEO plugin. -->","yoast_head_json":{"title":"Durex Real Feel - Latex-Free Condoms (3PCS) - Sexshop Belvaros","robots":{"index":"index","follow":"follow","max-snippet":"max-snippet:-1","max-image-preview":"max-image-preview:large","max-video-preview":"max-video-preview:-1"},"canonical":"https:\/\/www.szexshopbelvaros.com\/en\/product\/durex-real-feel-latexmentes-ovszer-3db\/","og_locale":"en_US","og_type":"article","og_title":"Durex Real Feel - Latexmentes \u00d3vszer (3DB) - Szexshop Belvaros","og_description":"Magas min\u0151s\u00e9g\u0171, b\u0151rbar\u00e1t anyagok felhaszn\u00e1l\u00e1s\u00e1val k\u00e9sz\u00fclt, 3 db-os latexmentes \u00f3vszer, egyenesen a DUREX-t\u0151l! LATEX-MENTES! T\u00f6k\u00e9letesen term\u00e9szetes \u00e9rz\u00e9st ny\u00fajt\u00f3, a b\u0151r \u00e9rint\u00e9s\u00e9re eml\u00e9keztet\u0151 (mintha nem viseln\u00e9l semmit), k\u00e9nyelmes, anat\u00f3miailag form\u00e1lt, \u00e1ttetsz\u0151 \u00f3vszer, mely nem a klasszikus gumib\u00f3l k\u00e9sz\u00fcl, \u00edgy az arra \u00e9rz\u00e9kenyek is b\u00e1tran haszn\u00e1lhatj\u00e1k, nem okoz allergi\u00e1t. Nincs kellemetlen gumi szaga! Mi\u00e9rt j\u00f3? Maxim\u00e1lisan Latex-mentes [...]","og_url":"https:\/\/www.szexshopbelvaros.com\/en\/product\/durex-real-feel-latexmentes-ovszer-3db\/","og_site_name":"Szexshop Belvaros","article_publisher":"https:\/\/www.facebook.com\/belvarossecrets\/","article_modified_time":"2026-04-03T11:09:28+00:00","og_image":[{"width":1000,"height":563,"url":"https:\/\/www.szexshopbelvaros.com\/wp-content\/uploads\/2025\/01\/a2b82b6a-a3a9-11ed-b558-7a7bdf45a9fd_00000000000000000000000000000000000000000000000000.jpeg","type":"image\/jpeg"}],"twitter_card":"summary_large_image","twitter_site":"@belvarossecrets","twitter_misc":{"Est. reading time":"1 minute"},"schema":{"@context":"https:\/\/schema.org","@graph":[{"@type":"WebPage","@id":"https:\/\/www.szexshopbelvaros.com\/termek\/durex-real-feel-latexmentes-ovszer-3db\/","url":"https:\/\/www.szexshopbelvaros.com\/termek\/durex-real-feel-latexmentes-ovszer-3db\/","name":"Durex Real Feel - Latex-Free Condoms (3PCS) - Sexshop Belvaros","isPartOf":{"@id":"https:\/\/www.szexshopbelvaros.com\/#website"},"primaryImageOfPage":{"@id":"https:\/\/www.szexshopbelvaros.com\/termek\/durex-real-feel-latexmentes-ovszer-3db\/#primaryimage"},"image":{"@id":"https:\/\/www.szexshopbelvaros.com\/termek\/durex-real-feel-latexmentes-ovszer-3db\/#primaryimage"},"thumbnailUrl":"https:\/\/www.szexshopbelvaros.com\/wp-content\/uploads\/2025\/01\/a2b82b6a-a3a9-11ed-b558-7a7bdf45a9fd_00000000000000000000000000000000000000000000000000.jpeg","datePublished":"2025-01-31T13:40:45+00:00","dateModified":"2026-04-03T11:09:28+00:00","breadcrumb":{"@id":"https:\/\/www.szexshopbelvaros.com\/termek\/durex-real-feel-latexmentes-ovszer-3db\/#breadcrumb"},"inLanguage":"en-US","potentialAction":[{"@type":"ReadAction","target":["https:\/\/www.szexshopbelvaros.com\/termek\/durex-real-feel-latexmentes-ovszer-3db\/"]}]},{"@type":"ImageObject","inLanguage":"en-US","@id":"https:\/\/www.szexshopbelvaros.com\/termek\/durex-real-feel-latexmentes-ovszer-3db\/#primaryimage","url":"https:\/\/www.szexshopbelvaros.com\/wp-content\/uploads\/2025\/01\/a2b82b6a-a3a9-11ed-b558-7a7bdf45a9fd_00000000000000000000000000000000000000000000000000.jpeg","contentUrl":"https:\/\/www.szexshopbelvaros.com\/wp-content\/uploads\/2025\/01\/a2b82b6a-a3a9-11ed-b558-7a7bdf45a9fd_00000000000000000000000000000000000000000000000000.jpeg","width":1000,"height":563},{"@type":"BreadcrumbList","@id":"https:\/\/www.szexshopbelvaros.com\/termek\/durex-real-feel-latexmentes-ovszer-3db\/#breadcrumb","itemListElement":[{"@type":"ListItem","position":1,"name":"Home","item":"https:\/\/www.szexshopbelvaros.com\/"},{"@type":"ListItem","position":2,"name":"\u00c1ruh\u00e1z","item":"https:\/\/www.szexshopbelvaros.com\/uzlet\/"},{"@type":"ListItem","position":3,"name":"Durex Real Feel &#8211; Latexmentes \u00d3vszer (3DB)"}]},{"@type":"WebSite","@id":"https:\/\/www.szexshopbelvaros.com\/#website","url":"https:\/\/www.szexshopbelvaros.com\/","name":"at our Szexshop Belv\u00e1ros","description":"\ud83d\udd25 Sex is like money; only too much is enough!\u2122 Secrets from the city center \ud83d\udc8b | Secrets from Budapest \ud83d\udc8e Adult games \u2022 Erotica \u2022 Sex shop Belvaros","publisher":{"@id":"https:\/\/www.szexshopbelvaros.com\/#organization"},"potentialAction":[{"@type":"SearchAction","target":{"@type":"EntryPoint","urlTemplate":"https:\/\/www.szexshopbelvaros.com\/?s={search_term_string}"},"query-input":{"@type":"PropertyValueSpecification","valueRequired":true,"valueName":"search_term_string"}}],"inLanguage":"en-US"},{"@type":"Organization","@id":"https:\/\/www.szexshopbelvaros.com\/#organization","name":"at our Szexshop Belv\u00e1ros","alternateName":"szexshopbelvaros.com","url":"https:\/\/www.szexshopbelvaros.com\/","logo":{"@type":"ImageObject","inLanguage":"en-US","@id":"https:\/\/www.szexshopbelvaros.com\/#\/schema\/logo\/image\/","url":"https:\/\/www.szexshopbelvaros.com\/wp-content\/uploads\/2025\/09\/1Szexshopbelvaroslogo_blurred_stronger.jpg","contentUrl":"https:\/\/www.szexshopbelvaros.com\/wp-content\/uploads\/2025\/09\/1Szexshopbelvaroslogo_blurred_stronger.jpg","width":1024,"height":1024,"caption":"Szexshop Belv\u00e1ros"},"image":{"@id":"https:\/\/www.szexshopbelvaros.com\/#\/schema\/logo\/image\/"},"sameAs":["https:\/\/www.facebook.com\/belvarossecrets\/","https:\/\/x.com\/belvarossecrets","https:\/\/www.instagram.com\/belvarossecrets\/","https:\/\/www.tiktok.com\/@belvarossecrets"]}]}},"_links":{"self":[{"href":"https:\/\/www.szexshopbelvaros.com\/en\/wp-json\/wp\/v2\/product\/476","targetHints":{"allow":["GET"]}}],"collection":[{"href":"https:\/\/www.szexshopbelvaros.com\/en\/wp-json\/wp\/v2\/product"}],"about":[{"href":"https:\/\/www.szexshopbelvaros.com\/en\/wp-json\/wp\/v2\/types\/product"}],"replies":[{"embeddable":true,"href":"https:\/\/www.szexshopbelvaros.com\/en\/wp-json\/wp\/v2\/comments?post=476"}],"wp:featuredmedia":[{"embeddable":true,"href":"https:\/\/www.szexshopbelvaros.com\/en\/wp-json\/wp\/v2\/media\/477"}],"wp:attachment":[{"href":"https:\/\/www.szexshopbelvaros.com\/en\/wp-json\/wp\/v2\/media?parent=476"}],"wp:term":[{"taxonomy":"product_brand","embeddable":true,"href":"https:\/\/www.szexshopbelvaros.com\/en\/wp-json\/wp\/v2\/product_brand?post=476"},{"taxonomy":"product_cat","embeddable":true,"href":"https:\/\/www.szexshopbelvaros.com\/en\/wp-json\/wp\/v2\/product_cat?post=476"},{"taxonomy":"product_tag","embeddable":true,"href":"https:\/\/www.szexshopbelvaros.com\/en\/wp-json\/wp\/v2\/product_tag?post=476"}],"curies":[{"name":"wp","href":"https:\/\/api.w.org\/{rel}","templated":true}]}}