{"id":480,"date":"2025-01-31T14:40:45","date_gmt":"2025-01-31T13:40:45","guid":{"rendered":"https:\/\/www.szexshopbelvaros.com\/termek\/penis-xxl-creme-80-ml\/"},"modified":"2026-04-08T16:12:18","modified_gmt":"2026-04-08T14:12:18","slug":"penis-xxl-creme-80-ml","status":"publish","type":"product","link":"https:\/\/www.szexshopbelvaros.com\/en\/product\/penis-xxl-creme-80-ml\/","title":{"rendered":"Penis XXL Cream 80 ML"},"content":{"rendered":"<p>Cream containing Ginko Biloba extract and vitamin E, for daily penis massage. Causes immediate blood flow to the genitals. With regular use, penis strengthening can be experienced. It retains its quality for 3 months after opening! Keep out of reach of children! Store in a cool, dry place! If it gets into your eyes, wash with plenty of water!<\/p>\n<p>Application: A pea-sized amount should be gently massaged into the entire glans of the penis.<br \/>\nProduct group cream<br \/>\nfor men<br \/>\nSpecial feature erection promoting, stimulating<\/p>\n<p>&nbsp;<\/p>","protected":false},"excerpt":{"rendered":"<p>Ginko Biloba kivonatot \u00e9s E vitamint tartalmaz\u00f3 kr\u00e9m, a p\u00e9nisz mindennapi massz\u00edroz\u00e1s\u00e1ra. A nemi szervekben azonnali v\u00e9rb\u0151s\u00e9get okoz. Rendszeres haszn\u00e1lat eset\u00e9n p\u00e9nisz er\u0151s\u00f6d\u00e9se tapasztalhat\u00f3. Min\u0151s\u00e9g\u00e9t meg\u0151rzi a felbont\u00e1st\u00f3l sz\u00e1m\u00edtott 3 h\u00f3napig! Gyermekek el\u0151l gondosan elz\u00e1rannd\u00f3! H\u0171v\u00f6s,sz\u00e1raz helyen tartand\u00f3! Ha szembe ker\u00fcl,b\u0151 v\u00edzzel mossuk ki! Alkalmaz\u00e1sa : egy babszem nagys\u00e1g\u00fa adagot a p\u00e9nisz eg\u00e9sz ret\u00fclet\u00e9be kell [&#8230;]\n","protected":false},"featured_media":481,"comment_status":"closed","ping_status":"closed","template":"","meta":[],"product_brand":[79],"product_cat":[156,93],"product_tag":[2052,2053,1528,474,2050,847,849,2047,2051,857,2063,2061,2049,2062,1201,220,2048,1529],"class_list":{"0":"post-480","1":"product","2":"type-product","3":"status-publish","4":"has-post-thumbnail","6":"product_brand-orion","7":"product_cat-drogeria-wellness","8":"product_cat-potencianovelok-serkentok-ferfiaknak","9":"product_tag-adult-care","10":"product_tag-couples-wellness","11":"product_tag-drogeria","12":"product_tag-erection-support","13":"product_tag-felnotteknek","14":"product_tag-ferfi-potencianovelo","15":"product_tag-ferfi-serkento","16":"product_tag-intim-termek","17":"product_tag-intimate-products","18":"product_tag-male-enhancement","19":"product_tag-male-stimulant","20":"product_tag-merevedes-fokozasa","21":"product_tag-paros-egeszseg","22":"product_tag-potencianovelo-kapszula","23":"product_tag-sexual-wellness","24":"product_tag-szexshop-belvaros","25":"product_tag-szexualis-egeszseg","26":"product_tag-wellness","28":"first","29":"instock","30":"taxable","31":"shipping-taxable","32":"purchasable","33":"product-type-simple"},"yoast_head":"<!-- This site is optimized with the Yoast SEO plugin v27.4 - https:\/\/yoast.com\/product\/yoast-seo-wordpress\/ -->\n<title>Penis XXL Creme 80 ML - Szexshop Belvaros<\/title>\n<meta name=\"robots\" content=\"index, follow, max-snippet:-1, max-image-preview:large, max-video-preview:-1\" \/>\n<link rel=\"canonical\" href=\"https:\/\/www.szexshopbelvaros.com\/en\/product\/penis-xxl-creme-80-ml\/\" \/>\n<meta property=\"og:locale\" content=\"en_US\" \/>\n<meta property=\"og:type\" content=\"article\" \/>\n<meta property=\"og:title\" content=\"Penis XXL Creme 80 ML - Szexshop Belvaros\" \/>\n<meta property=\"og:description\" content=\"Ginko Biloba kivonatot \u00e9s E vitamint tartalmaz\u00f3 kr\u00e9m, a p\u00e9nisz mindennapi massz\u00edroz\u00e1s\u00e1ra. A nemi szervekben azonnali v\u00e9rb\u0151s\u00e9get okoz. Rendszeres haszn\u00e1lat eset\u00e9n p\u00e9nisz er\u0151s\u00f6d\u00e9se tapasztalhat\u00f3. Min\u0151s\u00e9g\u00e9t meg\u0151rzi a felbont\u00e1st\u00f3l sz\u00e1m\u00edtott 3 h\u00f3napig! Gyermekek el\u0151l gondosan elz\u00e1rannd\u00f3! H\u0171v\u00f6s,sz\u00e1raz helyen tartand\u00f3! Ha szembe ker\u00fcl,b\u0151 v\u00edzzel mossuk ki! Alkalmaz\u00e1sa : egy babszem nagys\u00e1g\u00fa adagot a p\u00e9nisz eg\u00e9sz ret\u00fclet\u00e9be kell [...]\" \/>\n<meta property=\"og:url\" content=\"https:\/\/www.szexshopbelvaros.com\/en\/product\/penis-xxl-creme-80-ml\/\" \/>\n<meta property=\"og:site_name\" content=\"Szexshop Belvaros\" \/>\n<meta property=\"article:publisher\" content=\"https:\/\/www.facebook.com\/belvarossecrets\/\" \/>\n<meta property=\"article:modified_time\" content=\"2026-04-08T14:12:18+00:00\" \/>\n<meta property=\"og:image\" content=\"https:\/\/www.szexshopbelvaros.com\/wp-content\/uploads\/2025\/01\/9efb7882-1754-11ee-b354-fe5b71a462c3_penis_xxl_creme_80_ml__4_.jpg\" \/>\n\t<meta property=\"og:image:width\" content=\"1000\" \/>\n\t<meta property=\"og:image:height\" content=\"563\" \/>\n\t<meta property=\"og:image:type\" content=\"image\/jpeg\" \/>\n<meta name=\"twitter:card\" content=\"summary_large_image\" \/>\n<meta name=\"twitter:site\" content=\"@belvarossecrets\" \/>\n<meta name=\"twitter:label1\" content=\"Est. reading time\" \/>\n\t<meta name=\"twitter:data1\" content=\"1 minute\" \/>\n<script type=\"application\/ld+json\" class=\"yoast-schema-graph\">{\"@context\":\"https:\\\/\\\/schema.org\",\"@graph\":[{\"@type\":\"WebPage\",\"@id\":\"https:\\\/\\\/www.szexshopbelvaros.com\\\/termek\\\/penis-xxl-creme-80-ml\\\/\",\"url\":\"https:\\\/\\\/www.szexshopbelvaros.com\\\/termek\\\/penis-xxl-creme-80-ml\\\/\",\"name\":\"Penis XXL Creme 80 ML - Szexshop Belvaros\",\"isPartOf\":{\"@id\":\"https:\\\/\\\/www.szexshopbelvaros.com\\\/#website\"},\"primaryImageOfPage\":{\"@id\":\"https:\\\/\\\/www.szexshopbelvaros.com\\\/termek\\\/penis-xxl-creme-80-ml\\\/#primaryimage\"},\"image\":{\"@id\":\"https:\\\/\\\/www.szexshopbelvaros.com\\\/termek\\\/penis-xxl-creme-80-ml\\\/#primaryimage\"},\"thumbnailUrl\":\"https:\\\/\\\/www.szexshopbelvaros.com\\\/wp-content\\\/uploads\\\/2025\\\/01\\\/9efb7882-1754-11ee-b354-fe5b71a462c3_penis_xxl_creme_80_ml__4_.jpg\",\"datePublished\":\"2025-01-31T13:40:45+00:00\",\"dateModified\":\"2026-04-08T14:12:18+00:00\",\"breadcrumb\":{\"@id\":\"https:\\\/\\\/www.szexshopbelvaros.com\\\/termek\\\/penis-xxl-creme-80-ml\\\/#breadcrumb\"},\"inLanguage\":\"en-US\",\"potentialAction\":[{\"@type\":\"ReadAction\",\"target\":[\"https:\\\/\\\/www.szexshopbelvaros.com\\\/termek\\\/penis-xxl-creme-80-ml\\\/\"]}]},{\"@type\":\"ImageObject\",\"inLanguage\":\"en-US\",\"@id\":\"https:\\\/\\\/www.szexshopbelvaros.com\\\/termek\\\/penis-xxl-creme-80-ml\\\/#primaryimage\",\"url\":\"https:\\\/\\\/www.szexshopbelvaros.com\\\/wp-content\\\/uploads\\\/2025\\\/01\\\/9efb7882-1754-11ee-b354-fe5b71a462c3_penis_xxl_creme_80_ml__4_.jpg\",\"contentUrl\":\"https:\\\/\\\/www.szexshopbelvaros.com\\\/wp-content\\\/uploads\\\/2025\\\/01\\\/9efb7882-1754-11ee-b354-fe5b71a462c3_penis_xxl_creme_80_ml__4_.jpg\",\"width\":1000,\"height\":563},{\"@type\":\"BreadcrumbList\",\"@id\":\"https:\\\/\\\/www.szexshopbelvaros.com\\\/termek\\\/penis-xxl-creme-80-ml\\\/#breadcrumb\",\"itemListElement\":[{\"@type\":\"ListItem\",\"position\":1,\"name\":\"Home\",\"item\":\"https:\\\/\\\/www.szexshopbelvaros.com\\\/\"},{\"@type\":\"ListItem\",\"position\":2,\"name\":\"\u00c1ruh\u00e1z\",\"item\":\"https:\\\/\\\/www.szexshopbelvaros.com\\\/uzlet\\\/\"},{\"@type\":\"ListItem\",\"position\":3,\"name\":\"Penis XXL Creme 80 ML\"}]},{\"@type\":\"WebSite\",\"@id\":\"https:\\\/\\\/www.szexshopbelvaros.com\\\/#website\",\"url\":\"https:\\\/\\\/www.szexshopbelvaros.com\\\/\",\"name\":\"Szexshop Belv\u00e1ros\",\"description\":\"\ud83d\udd25 A szex olyan, mint a p\u00e9nz; csak a t\u00fal sok el\u00e9g!\u2122 Titkok a belv\u00e1rosb\u00f3l \ud83d\udc8b | Secrets from Budapest \ud83d\udc8e Feln\u0151tt j\u00e1t\u00e9kok \u2022 Erotika \u2022 Szexshop Belvaros\",\"publisher\":{\"@id\":\"https:\\\/\\\/www.szexshopbelvaros.com\\\/#organization\"},\"potentialAction\":[{\"@type\":\"SearchAction\",\"target\":{\"@type\":\"EntryPoint\",\"urlTemplate\":\"https:\\\/\\\/www.szexshopbelvaros.com\\\/?s={search_term_string}\"},\"query-input\":{\"@type\":\"PropertyValueSpecification\",\"valueRequired\":true,\"valueName\":\"search_term_string\"}}],\"inLanguage\":\"en-US\"},{\"@type\":\"Organization\",\"@id\":\"https:\\\/\\\/www.szexshopbelvaros.com\\\/#organization\",\"name\":\"Szexshop Belv\u00e1ros\",\"alternateName\":\"szexshopbelvaros.com\",\"url\":\"https:\\\/\\\/www.szexshopbelvaros.com\\\/\",\"logo\":{\"@type\":\"ImageObject\",\"inLanguage\":\"en-US\",\"@id\":\"https:\\\/\\\/www.szexshopbelvaros.com\\\/#\\\/schema\\\/logo\\\/image\\\/\",\"url\":\"https:\\\/\\\/www.szexshopbelvaros.com\\\/wp-content\\\/uploads\\\/2025\\\/09\\\/1Szexshopbelvaroslogo_blurred_stronger.jpg\",\"contentUrl\":\"https:\\\/\\\/www.szexshopbelvaros.com\\\/wp-content\\\/uploads\\\/2025\\\/09\\\/1Szexshopbelvaroslogo_blurred_stronger.jpg\",\"width\":1024,\"height\":1024,\"caption\":\"Szexshop Belv\u00e1ros\"},\"image\":{\"@id\":\"https:\\\/\\\/www.szexshopbelvaros.com\\\/#\\\/schema\\\/logo\\\/image\\\/\"},\"sameAs\":[\"https:\\\/\\\/www.facebook.com\\\/belvarossecrets\\\/\",\"https:\\\/\\\/x.com\\\/belvarossecrets\",\"https:\\\/\\\/www.instagram.com\\\/belvarossecrets\\\/\",\"https:\\\/\\\/www.tiktok.com\\\/@belvarossecrets\"]}]}<\/script>\n<!-- \/ Yoast SEO plugin. -->","yoast_head_json":{"title":"Penis XXL Cream 80 ML - Sexshop Belvaros","robots":{"index":"index","follow":"follow","max-snippet":"max-snippet:-1","max-image-preview":"max-image-preview:large","max-video-preview":"max-video-preview:-1"},"canonical":"https:\/\/www.szexshopbelvaros.com\/en\/product\/penis-xxl-creme-80-ml\/","og_locale":"en_US","og_type":"article","og_title":"Penis XXL Creme 80 ML - Szexshop Belvaros","og_description":"Ginko Biloba kivonatot \u00e9s E vitamint tartalmaz\u00f3 kr\u00e9m, a p\u00e9nisz mindennapi massz\u00edroz\u00e1s\u00e1ra. A nemi szervekben azonnali v\u00e9rb\u0151s\u00e9get okoz. Rendszeres haszn\u00e1lat eset\u00e9n p\u00e9nisz er\u0151s\u00f6d\u00e9se tapasztalhat\u00f3. Min\u0151s\u00e9g\u00e9t meg\u0151rzi a felbont\u00e1st\u00f3l sz\u00e1m\u00edtott 3 h\u00f3napig! Gyermekek el\u0151l gondosan elz\u00e1rannd\u00f3! H\u0171v\u00f6s,sz\u00e1raz helyen tartand\u00f3! Ha szembe ker\u00fcl,b\u0151 v\u00edzzel mossuk ki! Alkalmaz\u00e1sa : egy babszem nagys\u00e1g\u00fa adagot a p\u00e9nisz eg\u00e9sz ret\u00fclet\u00e9be kell [...]","og_url":"https:\/\/www.szexshopbelvaros.com\/en\/product\/penis-xxl-creme-80-ml\/","og_site_name":"Szexshop Belvaros","article_publisher":"https:\/\/www.facebook.com\/belvarossecrets\/","article_modified_time":"2026-04-08T14:12:18+00:00","og_image":[{"width":1000,"height":563,"url":"https:\/\/www.szexshopbelvaros.com\/wp-content\/uploads\/2025\/01\/9efb7882-1754-11ee-b354-fe5b71a462c3_penis_xxl_creme_80_ml__4_.jpg","type":"image\/jpeg"}],"twitter_card":"summary_large_image","twitter_site":"@belvarossecrets","twitter_misc":{"Est. reading time":"1 minute"},"schema":{"@context":"https:\/\/schema.org","@graph":[{"@type":"WebPage","@id":"https:\/\/www.szexshopbelvaros.com\/termek\/penis-xxl-creme-80-ml\/","url":"https:\/\/www.szexshopbelvaros.com\/termek\/penis-xxl-creme-80-ml\/","name":"Penis XXL Cream 80 ML - Sexshop Belvaros","isPartOf":{"@id":"https:\/\/www.szexshopbelvaros.com\/#website"},"primaryImageOfPage":{"@id":"https:\/\/www.szexshopbelvaros.com\/termek\/penis-xxl-creme-80-ml\/#primaryimage"},"image":{"@id":"https:\/\/www.szexshopbelvaros.com\/termek\/penis-xxl-creme-80-ml\/#primaryimage"},"thumbnailUrl":"https:\/\/www.szexshopbelvaros.com\/wp-content\/uploads\/2025\/01\/9efb7882-1754-11ee-b354-fe5b71a462c3_penis_xxl_creme_80_ml__4_.jpg","datePublished":"2025-01-31T13:40:45+00:00","dateModified":"2026-04-08T14:12:18+00:00","breadcrumb":{"@id":"https:\/\/www.szexshopbelvaros.com\/termek\/penis-xxl-creme-80-ml\/#breadcrumb"},"inLanguage":"en-US","potentialAction":[{"@type":"ReadAction","target":["https:\/\/www.szexshopbelvaros.com\/termek\/penis-xxl-creme-80-ml\/"]}]},{"@type":"ImageObject","inLanguage":"en-US","@id":"https:\/\/www.szexshopbelvaros.com\/termek\/penis-xxl-creme-80-ml\/#primaryimage","url":"https:\/\/www.szexshopbelvaros.com\/wp-content\/uploads\/2025\/01\/9efb7882-1754-11ee-b354-fe5b71a462c3_penis_xxl_creme_80_ml__4_.jpg","contentUrl":"https:\/\/www.szexshopbelvaros.com\/wp-content\/uploads\/2025\/01\/9efb7882-1754-11ee-b354-fe5b71a462c3_penis_xxl_creme_80_ml__4_.jpg","width":1000,"height":563},{"@type":"BreadcrumbList","@id":"https:\/\/www.szexshopbelvaros.com\/termek\/penis-xxl-creme-80-ml\/#breadcrumb","itemListElement":[{"@type":"ListItem","position":1,"name":"Home","item":"https:\/\/www.szexshopbelvaros.com\/"},{"@type":"ListItem","position":2,"name":"\u00c1ruh\u00e1z","item":"https:\/\/www.szexshopbelvaros.com\/uzlet\/"},{"@type":"ListItem","position":3,"name":"Penis XXL Creme 80 ML"}]},{"@type":"WebSite","@id":"https:\/\/www.szexshopbelvaros.com\/#website","url":"https:\/\/www.szexshopbelvaros.com\/","name":"at our Szexshop Belv\u00e1ros","description":"\ud83d\udd25 Sex is like money; only too much is enough!\u2122 Secrets from the city center \ud83d\udc8b | Secrets from Budapest \ud83d\udc8e Adult games \u2022 Erotica \u2022 Sex shop Belvaros","publisher":{"@id":"https:\/\/www.szexshopbelvaros.com\/#organization"},"potentialAction":[{"@type":"SearchAction","target":{"@type":"EntryPoint","urlTemplate":"https:\/\/www.szexshopbelvaros.com\/?s={search_term_string}"},"query-input":{"@type":"PropertyValueSpecification","valueRequired":true,"valueName":"search_term_string"}}],"inLanguage":"en-US"},{"@type":"Organization","@id":"https:\/\/www.szexshopbelvaros.com\/#organization","name":"at our Szexshop Belv\u00e1ros","alternateName":"szexshopbelvaros.com","url":"https:\/\/www.szexshopbelvaros.com\/","logo":{"@type":"ImageObject","inLanguage":"en-US","@id":"https:\/\/www.szexshopbelvaros.com\/#\/schema\/logo\/image\/","url":"https:\/\/www.szexshopbelvaros.com\/wp-content\/uploads\/2025\/09\/1Szexshopbelvaroslogo_blurred_stronger.jpg","contentUrl":"https:\/\/www.szexshopbelvaros.com\/wp-content\/uploads\/2025\/09\/1Szexshopbelvaroslogo_blurred_stronger.jpg","width":1024,"height":1024,"caption":"Szexshop Belv\u00e1ros"},"image":{"@id":"https:\/\/www.szexshopbelvaros.com\/#\/schema\/logo\/image\/"},"sameAs":["https:\/\/www.facebook.com\/belvarossecrets\/","https:\/\/x.com\/belvarossecrets","https:\/\/www.instagram.com\/belvarossecrets\/","https:\/\/www.tiktok.com\/@belvarossecrets"]}]}},"_links":{"self":[{"href":"https:\/\/www.szexshopbelvaros.com\/en\/wp-json\/wp\/v2\/product\/480","targetHints":{"allow":["GET"]}}],"collection":[{"href":"https:\/\/www.szexshopbelvaros.com\/en\/wp-json\/wp\/v2\/product"}],"about":[{"href":"https:\/\/www.szexshopbelvaros.com\/en\/wp-json\/wp\/v2\/types\/product"}],"replies":[{"embeddable":true,"href":"https:\/\/www.szexshopbelvaros.com\/en\/wp-json\/wp\/v2\/comments?post=480"}],"wp:featuredmedia":[{"embeddable":true,"href":"https:\/\/www.szexshopbelvaros.com\/en\/wp-json\/wp\/v2\/media\/481"}],"wp:attachment":[{"href":"https:\/\/www.szexshopbelvaros.com\/en\/wp-json\/wp\/v2\/media?parent=480"}],"wp:term":[{"taxonomy":"product_brand","embeddable":true,"href":"https:\/\/www.szexshopbelvaros.com\/en\/wp-json\/wp\/v2\/product_brand?post=480"},{"taxonomy":"product_cat","embeddable":true,"href":"https:\/\/www.szexshopbelvaros.com\/en\/wp-json\/wp\/v2\/product_cat?post=480"},{"taxonomy":"product_tag","embeddable":true,"href":"https:\/\/www.szexshopbelvaros.com\/en\/wp-json\/wp\/v2\/product_tag?post=480"}],"curies":[{"name":"wp","href":"https:\/\/api.w.org\/{rel}","templated":true}]}}