{"id":482,"date":"2025-01-31T14:40:45","date_gmt":"2025-01-31T13:40:45","guid":{"rendered":"https:\/\/www.szexshopbelvaros.com\/termek\/joydrops-erection-personal-erekciot-segito-sikosito-gel-50ml\/"},"modified":"2026-02-14T15:30:53","modified_gmt":"2026-02-14T14:30:53","slug":"joydrops-erection-personal-erekciot-segito-sikosito-gel-50ml","status":"publish","type":"product","link":"https:\/\/www.szexshopbelvaros.com\/en\/product\/joydrops-erection-personal-erekciot-segito-sikosito-gel-50ml\/","title":{"rendered":"JoyDrops Erection Personal \u2013 Erection-Helping Lubricating Gel \u2013 50ml"},"content":{"rendered":"<p>Erection-aiding lubricant is made entirely of plant extracts: Goldenrod, Ruscus Aculeatus root extract (thorny miracle berry), Panax Ginseng root extract, Paullinia Cupana seed extract, Washnut fruit extract and Soapwood. During its use, blood circulation in the applied area is improved, so more blood is supplied to the male genital organ. This results in a much stronger and longer erection. Compatible with condoms and does not damage their texture. Hypoallergenic, easy to wash and does not leave stains. Water-based \/ Latex-friendly. It retains its quality until the date indicated on the packaging. Keep out of reach of children! See the composition on the packaging! Store in a cool, dry place! If it gets into your eyes, wash it off with plenty of water!<\/p>\n<p>&nbsp;<\/p>","protected":false},"excerpt":{"rendered":"<p>Erekci\u00f3t seg\u00edt\u0151 s\u00edkos\u00edt\u00f3 teljesen n\u00f6v\u00e9nyi kivonatokb\u00f3l k\u00e9sz\u00fclt: Aranyvessz\u0151, Ruscus Aculeatus gy\u00f6k\u00e9r kivonata (sz\u00far\u00f3s csodabogy\u00f3), Panax Ginseng gy\u00f6k\u00e9r kivonata, Paullinia Cupana magj\u00e1nak kivonata, Mos\u00f3di\u00f3 gy\u00fcm\u00f6lcs kivonata \u00e9s i szappanfa. Haszn\u00e1lata sor\u00e1n az alkalmazott ter\u00fcleten jobb a v\u00e9rkering\u00e9s, \u00edgy a f\u00e9rfi nemi szervbe is t\u00f6bb v\u00e9r ker\u00fcl. Ez\u00e1ltal egy sokkal er\u0151teljesebb \u00e9s hosszabb erekci\u00f3 \u00e9rhet\u0151 el. Kompatibilis [&#8230;]\n","protected":false},"featured_media":483,"comment_status":"closed","ping_status":"closed","template":"","meta":[],"product_brand":[101],"product_cat":[156,93],"product_tag":[2052,2053,1528,474,2050,847,849,2047,2051,857,2063,2061,2049,2062,1201,220,2048,1529],"class_list":{"0":"post-482","1":"product","2":"type-product","3":"status-publish","4":"has-post-thumbnail","6":"product_brand-joydrops","7":"product_cat-drogeria-wellness","8":"product_cat-potencianovelok-serkentok-ferfiaknak","9":"product_tag-adult-care","10":"product_tag-couples-wellness","11":"product_tag-drogeria","12":"product_tag-erection-support","13":"product_tag-felnotteknek","14":"product_tag-ferfi-potencianovelo","15":"product_tag-ferfi-serkento","16":"product_tag-intim-termek","17":"product_tag-intimate-products","18":"product_tag-male-enhancement","19":"product_tag-male-stimulant","20":"product_tag-merevedes-fokozasa","21":"product_tag-paros-egeszseg","22":"product_tag-potencianovelo-kapszula","23":"product_tag-sexual-wellness","24":"product_tag-szexshop-belvaros","25":"product_tag-szexualis-egeszseg","26":"product_tag-wellness","28":"first","29":"instock","30":"taxable","31":"shipping-taxable","32":"purchasable","33":"product-type-simple"},"yoast_head":"<!-- This site is optimized with the Yoast SEO plugin v27.4 - https:\/\/yoast.com\/product\/yoast-seo-wordpress\/ -->\n<title>JoyDrops Erection Personal - Erekci\u00f3t seg\u00edt\u0151 s\u00edkos\u00edt\u00f3 g\u00e9l - 50ml - Szexshop Belvaros<\/title>\n<meta name=\"robots\" content=\"index, follow, max-snippet:-1, max-image-preview:large, max-video-preview:-1\" \/>\n<link rel=\"canonical\" href=\"https:\/\/www.szexshopbelvaros.com\/en\/product\/joydrops-erection-personal-erekciot-segito-sikosito-gel-50ml\/\" \/>\n<meta property=\"og:locale\" content=\"en_US\" \/>\n<meta property=\"og:type\" content=\"article\" \/>\n<meta property=\"og:title\" content=\"JoyDrops Erection Personal - Erekci\u00f3t seg\u00edt\u0151 s\u00edkos\u00edt\u00f3 g\u00e9l - 50ml - Szexshop Belvaros\" \/>\n<meta property=\"og:description\" content=\"Erekci\u00f3t seg\u00edt\u0151 s\u00edkos\u00edt\u00f3 teljesen n\u00f6v\u00e9nyi kivonatokb\u00f3l k\u00e9sz\u00fclt: Aranyvessz\u0151, Ruscus Aculeatus gy\u00f6k\u00e9r kivonata (sz\u00far\u00f3s csodabogy\u00f3), Panax Ginseng gy\u00f6k\u00e9r kivonata, Paullinia Cupana magj\u00e1nak kivonata, Mos\u00f3di\u00f3 gy\u00fcm\u00f6lcs kivonata \u00e9s i szappanfa. Haszn\u00e1lata sor\u00e1n az alkalmazott ter\u00fcleten jobb a v\u00e9rkering\u00e9s, \u00edgy a f\u00e9rfi nemi szervbe is t\u00f6bb v\u00e9r ker\u00fcl. Ez\u00e1ltal egy sokkal er\u0151teljesebb \u00e9s hosszabb erekci\u00f3 \u00e9rhet\u0151 el. Kompatibilis [...]\" \/>\n<meta property=\"og:url\" content=\"https:\/\/www.szexshopbelvaros.com\/en\/product\/joydrops-erection-personal-erekciot-segito-sikosito-gel-50ml\/\" \/>\n<meta property=\"og:site_name\" content=\"Szexshop Belvaros\" \/>\n<meta property=\"article:publisher\" content=\"https:\/\/www.facebook.com\/belvarossecrets\/\" \/>\n<meta property=\"article:modified_time\" content=\"2026-02-14T14:30:53+00:00\" \/>\n<meta property=\"og:image\" content=\"https:\/\/www.szexshopbelvaros.com\/wp-content\/uploads\/2025\/01\/8491a1b4-7c73-11ed-a0f3-ca1bd377ec0c_lkjnbv.jpeg\" \/>\n\t<meta property=\"og:image:width\" content=\"1000\" \/>\n\t<meta property=\"og:image:height\" content=\"563\" \/>\n\t<meta property=\"og:image:type\" content=\"image\/jpeg\" \/>\n<meta name=\"twitter:card\" content=\"summary_large_image\" \/>\n<meta name=\"twitter:site\" content=\"@belvarossecrets\" \/>\n<meta name=\"twitter:label1\" content=\"Est. reading time\" \/>\n\t<meta name=\"twitter:data1\" content=\"1 minute\" \/>\n<script type=\"application\/ld+json\" class=\"yoast-schema-graph\">{\"@context\":\"https:\\\/\\\/schema.org\",\"@graph\":[{\"@type\":\"WebPage\",\"@id\":\"https:\\\/\\\/www.szexshopbelvaros.com\\\/termek\\\/joydrops-erection-personal-erekciot-segito-sikosito-gel-50ml\\\/\",\"url\":\"https:\\\/\\\/www.szexshopbelvaros.com\\\/termek\\\/joydrops-erection-personal-erekciot-segito-sikosito-gel-50ml\\\/\",\"name\":\"JoyDrops Erection Personal - Erekci\u00f3t seg\u00edt\u0151 s\u00edkos\u00edt\u00f3 g\u00e9l - 50ml - Szexshop Belvaros\",\"isPartOf\":{\"@id\":\"https:\\\/\\\/www.szexshopbelvaros.com\\\/#website\"},\"primaryImageOfPage\":{\"@id\":\"https:\\\/\\\/www.szexshopbelvaros.com\\\/termek\\\/joydrops-erection-personal-erekciot-segito-sikosito-gel-50ml\\\/#primaryimage\"},\"image\":{\"@id\":\"https:\\\/\\\/www.szexshopbelvaros.com\\\/termek\\\/joydrops-erection-personal-erekciot-segito-sikosito-gel-50ml\\\/#primaryimage\"},\"thumbnailUrl\":\"https:\\\/\\\/www.szexshopbelvaros.com\\\/wp-content\\\/uploads\\\/2025\\\/01\\\/8491a1b4-7c73-11ed-a0f3-ca1bd377ec0c_lkjnbv.jpeg\",\"datePublished\":\"2025-01-31T13:40:45+00:00\",\"dateModified\":\"2026-02-14T14:30:53+00:00\",\"breadcrumb\":{\"@id\":\"https:\\\/\\\/www.szexshopbelvaros.com\\\/termek\\\/joydrops-erection-personal-erekciot-segito-sikosito-gel-50ml\\\/#breadcrumb\"},\"inLanguage\":\"en-US\",\"potentialAction\":[{\"@type\":\"ReadAction\",\"target\":[\"https:\\\/\\\/www.szexshopbelvaros.com\\\/termek\\\/joydrops-erection-personal-erekciot-segito-sikosito-gel-50ml\\\/\"]}]},{\"@type\":\"ImageObject\",\"inLanguage\":\"en-US\",\"@id\":\"https:\\\/\\\/www.szexshopbelvaros.com\\\/termek\\\/joydrops-erection-personal-erekciot-segito-sikosito-gel-50ml\\\/#primaryimage\",\"url\":\"https:\\\/\\\/www.szexshopbelvaros.com\\\/wp-content\\\/uploads\\\/2025\\\/01\\\/8491a1b4-7c73-11ed-a0f3-ca1bd377ec0c_lkjnbv.jpeg\",\"contentUrl\":\"https:\\\/\\\/www.szexshopbelvaros.com\\\/wp-content\\\/uploads\\\/2025\\\/01\\\/8491a1b4-7c73-11ed-a0f3-ca1bd377ec0c_lkjnbv.jpeg\",\"width\":1000,\"height\":563},{\"@type\":\"BreadcrumbList\",\"@id\":\"https:\\\/\\\/www.szexshopbelvaros.com\\\/termek\\\/joydrops-erection-personal-erekciot-segito-sikosito-gel-50ml\\\/#breadcrumb\",\"itemListElement\":[{\"@type\":\"ListItem\",\"position\":1,\"name\":\"Home\",\"item\":\"https:\\\/\\\/www.szexshopbelvaros.com\\\/\"},{\"@type\":\"ListItem\",\"position\":2,\"name\":\"\u00c1ruh\u00e1z\",\"item\":\"https:\\\/\\\/www.szexshopbelvaros.com\\\/uzlet\\\/\"},{\"@type\":\"ListItem\",\"position\":3,\"name\":\"JoyDrops Erection Personal &#8211; Erekci\u00f3t seg\u00edt\u0151 s\u00edkos\u00edt\u00f3 g\u00e9l &#8211; 50ml\"}]},{\"@type\":\"WebSite\",\"@id\":\"https:\\\/\\\/www.szexshopbelvaros.com\\\/#website\",\"url\":\"https:\\\/\\\/www.szexshopbelvaros.com\\\/\",\"name\":\"Szexshop Belv\u00e1ros\",\"description\":\"\ud83d\udd25 A szex olyan, mint a p\u00e9nz; csak a t\u00fal sok el\u00e9g!\u2122 Titkok a belv\u00e1rosb\u00f3l \ud83d\udc8b | Secrets from Budapest \ud83d\udc8e Feln\u0151tt j\u00e1t\u00e9kok \u2022 Erotika \u2022 Szexshop Belvaros\",\"publisher\":{\"@id\":\"https:\\\/\\\/www.szexshopbelvaros.com\\\/#organization\"},\"potentialAction\":[{\"@type\":\"SearchAction\",\"target\":{\"@type\":\"EntryPoint\",\"urlTemplate\":\"https:\\\/\\\/www.szexshopbelvaros.com\\\/?s={search_term_string}\"},\"query-input\":{\"@type\":\"PropertyValueSpecification\",\"valueRequired\":true,\"valueName\":\"search_term_string\"}}],\"inLanguage\":\"en-US\"},{\"@type\":\"Organization\",\"@id\":\"https:\\\/\\\/www.szexshopbelvaros.com\\\/#organization\",\"name\":\"Szexshop Belv\u00e1ros\",\"alternateName\":\"szexshopbelvaros.com\",\"url\":\"https:\\\/\\\/www.szexshopbelvaros.com\\\/\",\"logo\":{\"@type\":\"ImageObject\",\"inLanguage\":\"en-US\",\"@id\":\"https:\\\/\\\/www.szexshopbelvaros.com\\\/#\\\/schema\\\/logo\\\/image\\\/\",\"url\":\"https:\\\/\\\/www.szexshopbelvaros.com\\\/wp-content\\\/uploads\\\/2025\\\/09\\\/1Szexshopbelvaroslogo_blurred_stronger.jpg\",\"contentUrl\":\"https:\\\/\\\/www.szexshopbelvaros.com\\\/wp-content\\\/uploads\\\/2025\\\/09\\\/1Szexshopbelvaroslogo_blurred_stronger.jpg\",\"width\":1024,\"height\":1024,\"caption\":\"Szexshop Belv\u00e1ros\"},\"image\":{\"@id\":\"https:\\\/\\\/www.szexshopbelvaros.com\\\/#\\\/schema\\\/logo\\\/image\\\/\"},\"sameAs\":[\"https:\\\/\\\/www.facebook.com\\\/belvarossecrets\\\/\",\"https:\\\/\\\/x.com\\\/belvarossecrets\",\"https:\\\/\\\/www.instagram.com\\\/belvarossecrets\\\/\",\"https:\\\/\\\/www.tiktok.com\\\/@belvarossecrets\"]}]}<\/script>\n<!-- \/ Yoast SEO plugin. -->","yoast_head_json":{"title":"JoyDrops Erection Personal - Erection-aiding lubricating gel - 50ml - Szexshop Belvaros","robots":{"index":"index","follow":"follow","max-snippet":"max-snippet:-1","max-image-preview":"max-image-preview:large","max-video-preview":"max-video-preview:-1"},"canonical":"https:\/\/www.szexshopbelvaros.com\/en\/product\/joydrops-erection-personal-erekciot-segito-sikosito-gel-50ml\/","og_locale":"en_US","og_type":"article","og_title":"JoyDrops Erection Personal - Erekci\u00f3t seg\u00edt\u0151 s\u00edkos\u00edt\u00f3 g\u00e9l - 50ml - Szexshop Belvaros","og_description":"Erekci\u00f3t seg\u00edt\u0151 s\u00edkos\u00edt\u00f3 teljesen n\u00f6v\u00e9nyi kivonatokb\u00f3l k\u00e9sz\u00fclt: Aranyvessz\u0151, Ruscus Aculeatus gy\u00f6k\u00e9r kivonata (sz\u00far\u00f3s csodabogy\u00f3), Panax Ginseng gy\u00f6k\u00e9r kivonata, Paullinia Cupana magj\u00e1nak kivonata, Mos\u00f3di\u00f3 gy\u00fcm\u00f6lcs kivonata \u00e9s i szappanfa. Haszn\u00e1lata sor\u00e1n az alkalmazott ter\u00fcleten jobb a v\u00e9rkering\u00e9s, \u00edgy a f\u00e9rfi nemi szervbe is t\u00f6bb v\u00e9r ker\u00fcl. Ez\u00e1ltal egy sokkal er\u0151teljesebb \u00e9s hosszabb erekci\u00f3 \u00e9rhet\u0151 el. Kompatibilis [...]","og_url":"https:\/\/www.szexshopbelvaros.com\/en\/product\/joydrops-erection-personal-erekciot-segito-sikosito-gel-50ml\/","og_site_name":"Szexshop Belvaros","article_publisher":"https:\/\/www.facebook.com\/belvarossecrets\/","article_modified_time":"2026-02-14T14:30:53+00:00","og_image":[{"width":1000,"height":563,"url":"https:\/\/www.szexshopbelvaros.com\/wp-content\/uploads\/2025\/01\/8491a1b4-7c73-11ed-a0f3-ca1bd377ec0c_lkjnbv.jpeg","type":"image\/jpeg"}],"twitter_card":"summary_large_image","twitter_site":"@belvarossecrets","twitter_misc":{"Est. reading time":"1 minute"},"schema":{"@context":"https:\/\/schema.org","@graph":[{"@type":"WebPage","@id":"https:\/\/www.szexshopbelvaros.com\/termek\/joydrops-erection-personal-erekciot-segito-sikosito-gel-50ml\/","url":"https:\/\/www.szexshopbelvaros.com\/termek\/joydrops-erection-personal-erekciot-segito-sikosito-gel-50ml\/","name":"JoyDrops Erection Personal - Erection-aiding lubricating gel - 50ml - Szexshop Belvaros","isPartOf":{"@id":"https:\/\/www.szexshopbelvaros.com\/#website"},"primaryImageOfPage":{"@id":"https:\/\/www.szexshopbelvaros.com\/termek\/joydrops-erection-personal-erekciot-segito-sikosito-gel-50ml\/#primaryimage"},"image":{"@id":"https:\/\/www.szexshopbelvaros.com\/termek\/joydrops-erection-personal-erekciot-segito-sikosito-gel-50ml\/#primaryimage"},"thumbnailUrl":"https:\/\/www.szexshopbelvaros.com\/wp-content\/uploads\/2025\/01\/8491a1b4-7c73-11ed-a0f3-ca1bd377ec0c_lkjnbv.jpeg","datePublished":"2025-01-31T13:40:45+00:00","dateModified":"2026-02-14T14:30:53+00:00","breadcrumb":{"@id":"https:\/\/www.szexshopbelvaros.com\/termek\/joydrops-erection-personal-erekciot-segito-sikosito-gel-50ml\/#breadcrumb"},"inLanguage":"en-US","potentialAction":[{"@type":"ReadAction","target":["https:\/\/www.szexshopbelvaros.com\/termek\/joydrops-erection-personal-erekciot-segito-sikosito-gel-50ml\/"]}]},{"@type":"ImageObject","inLanguage":"en-US","@id":"https:\/\/www.szexshopbelvaros.com\/termek\/joydrops-erection-personal-erekciot-segito-sikosito-gel-50ml\/#primaryimage","url":"https:\/\/www.szexshopbelvaros.com\/wp-content\/uploads\/2025\/01\/8491a1b4-7c73-11ed-a0f3-ca1bd377ec0c_lkjnbv.jpeg","contentUrl":"https:\/\/www.szexshopbelvaros.com\/wp-content\/uploads\/2025\/01\/8491a1b4-7c73-11ed-a0f3-ca1bd377ec0c_lkjnbv.jpeg","width":1000,"height":563},{"@type":"BreadcrumbList","@id":"https:\/\/www.szexshopbelvaros.com\/termek\/joydrops-erection-personal-erekciot-segito-sikosito-gel-50ml\/#breadcrumb","itemListElement":[{"@type":"ListItem","position":1,"name":"Home","item":"https:\/\/www.szexshopbelvaros.com\/"},{"@type":"ListItem","position":2,"name":"\u00c1ruh\u00e1z","item":"https:\/\/www.szexshopbelvaros.com\/uzlet\/"},{"@type":"ListItem","position":3,"name":"JoyDrops Erection Personal &#8211; Erekci\u00f3t seg\u00edt\u0151 s\u00edkos\u00edt\u00f3 g\u00e9l &#8211; 50ml"}]},{"@type":"WebSite","@id":"https:\/\/www.szexshopbelvaros.com\/#website","url":"https:\/\/www.szexshopbelvaros.com\/","name":"at our Szexshop Belv\u00e1ros","description":"\ud83d\udd25 Sex is like money; only too much is enough!\u2122 Secrets from the city center \ud83d\udc8b | Secrets from Budapest \ud83d\udc8e Adult games \u2022 Erotica \u2022 Sex shop Belvaros","publisher":{"@id":"https:\/\/www.szexshopbelvaros.com\/#organization"},"potentialAction":[{"@type":"SearchAction","target":{"@type":"EntryPoint","urlTemplate":"https:\/\/www.szexshopbelvaros.com\/?s={search_term_string}"},"query-input":{"@type":"PropertyValueSpecification","valueRequired":true,"valueName":"search_term_string"}}],"inLanguage":"en-US"},{"@type":"Organization","@id":"https:\/\/www.szexshopbelvaros.com\/#organization","name":"at our Szexshop Belv\u00e1ros","alternateName":"szexshopbelvaros.com","url":"https:\/\/www.szexshopbelvaros.com\/","logo":{"@type":"ImageObject","inLanguage":"en-US","@id":"https:\/\/www.szexshopbelvaros.com\/#\/schema\/logo\/image\/","url":"https:\/\/www.szexshopbelvaros.com\/wp-content\/uploads\/2025\/09\/1Szexshopbelvaroslogo_blurred_stronger.jpg","contentUrl":"https:\/\/www.szexshopbelvaros.com\/wp-content\/uploads\/2025\/09\/1Szexshopbelvaroslogo_blurred_stronger.jpg","width":1024,"height":1024,"caption":"Szexshop Belv\u00e1ros"},"image":{"@id":"https:\/\/www.szexshopbelvaros.com\/#\/schema\/logo\/image\/"},"sameAs":["https:\/\/www.facebook.com\/belvarossecrets\/","https:\/\/x.com\/belvarossecrets","https:\/\/www.instagram.com\/belvarossecrets\/","https:\/\/www.tiktok.com\/@belvarossecrets"]}]}},"_links":{"self":[{"href":"https:\/\/www.szexshopbelvaros.com\/en\/wp-json\/wp\/v2\/product\/482","targetHints":{"allow":["GET"]}}],"collection":[{"href":"https:\/\/www.szexshopbelvaros.com\/en\/wp-json\/wp\/v2\/product"}],"about":[{"href":"https:\/\/www.szexshopbelvaros.com\/en\/wp-json\/wp\/v2\/types\/product"}],"replies":[{"embeddable":true,"href":"https:\/\/www.szexshopbelvaros.com\/en\/wp-json\/wp\/v2\/comments?post=482"}],"wp:featuredmedia":[{"embeddable":true,"href":"https:\/\/www.szexshopbelvaros.com\/en\/wp-json\/wp\/v2\/media\/483"}],"wp:attachment":[{"href":"https:\/\/www.szexshopbelvaros.com\/en\/wp-json\/wp\/v2\/media?parent=482"}],"wp:term":[{"taxonomy":"product_brand","embeddable":true,"href":"https:\/\/www.szexshopbelvaros.com\/en\/wp-json\/wp\/v2\/product_brand?post=482"},{"taxonomy":"product_cat","embeddable":true,"href":"https:\/\/www.szexshopbelvaros.com\/en\/wp-json\/wp\/v2\/product_cat?post=482"},{"taxonomy":"product_tag","embeddable":true,"href":"https:\/\/www.szexshopbelvaros.com\/en\/wp-json\/wp\/v2\/product_tag?post=482"}],"curies":[{"name":"wp","href":"https:\/\/api.w.org\/{rel}","templated":true}]}}