{"id":496,"date":"2025-01-31T14:41:28","date_gmt":"2025-01-31T13:41:28","guid":{"rendered":"https:\/\/www.szexshopbelvaros.com\/termek\/joydivision-mans-best-40-ml\/"},"modified":"2026-04-10T15:43:59","modified_gmt":"2026-04-10T13:43:59","slug":"joydivision-mans-best-40-ml","status":"publish","type":"product","link":"https:\/\/www.szexshopbelvaros.com\/en\/product\/joydivision-mans-best-40-ml\/","title":{"rendered":"Mans Best \u2013 The 40ml comrade who comes softly, slides long."},"content":{"rendered":"<p data-start=\"377\" data-end=\"751\">Mans Best Anal Lubricant 40 ml is a water-based formula that provides long-lasting, smooth glide during all play. It is non-sticky, does not dry out quickly, and after the first use you will understand why this will become your favorite.<\/p>\n<p data-start=\"377\" data-end=\"751\">This water-based lubricant doesn&#039;t bark, drool, or ask for a walk\u2014but once you use it, you&#039;ll understand why it&#039;s become a man&#039;s secret best friend. <em data-start=\"528\" data-end=\"539\">Man&#039;s Best<\/em> is suitable for both anal and vaginal use, 100% condom-friendly, and dermatologically and clinically tested - so it not only glides well, but it's also safe, like a protected soft jazz band on the go. \ud83c\udfb7<\/p>\n<p data-start=\"753\" data-end=\"900\">Its long-lasting lubricity makes it ideal for anal adventures, vaginal play, solo or partner pleasures \u2014 if you have the body and the desire, she&#039;ll come.<\/p>\n<p data-start=\"902\" data-end=\"1068\">\u2705 40 ml slippery bliss<br data-start=\"927\" data-end=\"930\" \/>\u2705 water-based, condom-friendly lubricant<br data-start=\"1004\" data-end=\"1007\" \/>\u2705 unisex accessory that is prepared for every entrance<\/p>\n<p data-start=\"1070\" data-end=\"1181\"><strong data-start=\"1070\" data-end=\"1084\">Cleaning?<\/strong> It can be easily washed off.<br data-start=\"1101\" data-end=\"1104\" \/><strong data-start=\"1104\" data-end=\"1120\">Side effect?<\/strong> Just a smile and a \u201chow come I haven\u2019t tried it before?\u201d look on my face.<\/p>\n<p>Mans Best 40 ml anal lubricant is an ideal choice for beginners and advanced users alike, when comfort and safety are important. Its water-based formula is easy to wash off, leaves no stains, and works reliably even during longer games.<\/p>\n<p>It's worth checking out the rest of our <a href=\"https:\/\/www.szexshopbelvaros.com\/en\/product-category\/anal\/anal-relax-sikositok\/\">anal lubricant<\/a> items!<\/p>\n<p>\ud83d\udc49 Get it within an hour at our Budapest SzexShop Belv\u00e1ros <a href=\"https:\/\/wolt.com\/hu\/hun\/budapest\/venue\/szexshop-belvaros\/joydivision-man-s-best-40-ml-itemid-1615d603b0ae543854d23747\">Wolt store<\/a>, or order at www.szexshopbelvaros.com with discreet delivery throughout Hungary and the EU.<\/p>","protected":false},"excerpt":{"rendered":"<p>Az an\u00e1l s\u00edkos\u00edt\u00f3 Mans Best 40 ml egy v\u00edzb\u00e1zis\u00fa formula, amely hosszan tart\u00f3, sima cs\u00fasz\u00e1st biztos\u00edt minden j\u00e1t\u00e9k sor\u00e1n. Nem ragad, nem sz\u00e1rad ki gyorsan, \u00e9s m\u00e1r az els\u0151 haszn\u00e1lat ut\u00e1n \u00e9rteni fogod, mi\u00e9rt lesz ez a kedvenc darabod. Ez a v\u00edzb\u00e1zis\u00fa s\u00edkos\u00edt\u00f3 nem ugat, nem ny\u00e1ladzik, \u00e9s nem k\u00e9r s\u00e9t\u00e1t \u2013 de ha egyszer [&#8230;]\n","protected":false},"featured_media":497,"comment_status":"closed","ping_status":"closed","template":"","meta":[],"product_brand":[178],"product_cat":[74,156,80],"product_tag":[2052,418,677,676,1685,339,1392,1393,2053,1528,2050,1381,888,2047,499,2051,1318,2475,2472,2474,2471,2476,2473,2049,2060,1684,1201,673,899,220,2048,2059,340,346,1529],"class_list":{"0":"post-496","1":"product","2":"type-product","3":"status-publish","4":"has-post-thumbnail","6":"product_brand-joydivision","7":"product_cat-anal-relax-sikositok","8":"product_cat-drogeria-wellness","9":"product_cat-sikositok","10":"product_tag-adult-care","11":"product_tag-anal-jatek","12":"product_tag-anal-lubricant","13":"product_tag-anal-play","14":"product_tag-anal-preparation","15":"product_tag-anal-sikosito","16":"product_tag-anal-stimulacio","17":"product_tag-anal-stimulation","18":"product_tag-couples-wellness","19":"product_tag-drogeria","20":"product_tag-felnotteknek","21":"product_tag-hatso-jatek","22":"product_tag-intim-sikosito","23":"product_tag-intim-termek","24":"product_tag-intimate-lubricant","25":"product_tag-intimate-products","26":"product_tag-intimate-toy","27":"product_tag-joydivision-lubricant","28":"product_tag-joydivision-mans-best","29":"product_tag-joydivision-sikosito","30":"product_tag-mans-best","31":"product_tag-mans-best-lubricant","32":"product_tag-mans-best-sikosito","33":"product_tag-paros-egeszseg","34":"product_tag-personal-lubricant","35":"product_tag-relax-gel","36":"product_tag-sexual-wellness","37":"product_tag-sikosito","38":"product_tag-silicone-lube","39":"product_tag-szexshop-belvaros","40":"product_tag-szexualis-egeszseg","41":"product_tag-szilikonos-sikosito","42":"product_tag-vizbazisu-sikosito","43":"product_tag-water-based-lube","44":"product_tag-wellness","46":"first","47":"instock","48":"purchasable","49":"product-type-simple"},"yoast_head":"<!-- This site is optimized with the Yoast SEO plugin v27.4 - https:\/\/yoast.com\/product\/yoast-seo-wordpress\/ -->\n<title>An\u00e1l s\u00edkos\u00edt\u00f3 Mans Best 40 ml \u2013 hosszan tart\u00f3 cs\u00fasz\u00e1s | Szexshop Belvaros<\/title>\n<meta name=\"description\" content=\"An\u00e1l s\u00edkos\u00edt\u00f3 Mans Best 40 ml hosszan tart\u00f3 cs\u00fasz\u00e1ssal. V\u00edzb\u00e1zis\u00fa formula, diszkr\u00e9t m\u00e9ret \u00e9s maxim\u00e1lis k\u00e9nyelem. Rendeld meg a Szexshop Belv\u00e1ros k\u00edn\u00e1lat\u00e1b\u00f3l.\" \/>\n<meta name=\"robots\" content=\"index, follow, max-snippet:-1, max-image-preview:large, max-video-preview:-1\" \/>\n<link rel=\"canonical\" href=\"https:\/\/www.szexshopbelvaros.com\/en\/product\/joydivision-mans-best-40-ml\/\" \/>\n<meta property=\"og:locale\" content=\"en_US\" \/>\n<meta property=\"og:type\" content=\"article\" \/>\n<meta property=\"og:title\" content=\"An\u00e1l s\u00edkos\u00edt\u00f3 Mans Best 40 ml \u2013 hosszan tart\u00f3 cs\u00fasz\u00e1s | Szexshop Belvaros\" \/>\n<meta property=\"og:description\" content=\"An\u00e1l s\u00edkos\u00edt\u00f3 Mans Best 40 ml hosszan tart\u00f3 cs\u00fasz\u00e1ssal. V\u00edzb\u00e1zis\u00fa formula, diszkr\u00e9t m\u00e9ret \u00e9s maxim\u00e1lis k\u00e9nyelem. Rendeld meg a Szexshop Belv\u00e1ros k\u00edn\u00e1lat\u00e1b\u00f3l.\" \/>\n<meta property=\"og:url\" content=\"https:\/\/www.szexshopbelvaros.com\/en\/product\/joydivision-mans-best-40-ml\/\" \/>\n<meta property=\"og:site_name\" content=\"Szexshop Belvaros\" \/>\n<meta property=\"article:publisher\" content=\"https:\/\/www.facebook.com\/belvarossecrets\/\" \/>\n<meta property=\"article:modified_time\" content=\"2026-04-10T13:43:59+00:00\" \/>\n<meta property=\"og:image\" content=\"https:\/\/www.szexshopbelvaros.com\/wp-content\/uploads\/2025\/01\/db000d5c-0de9-11ef-8292-22131d1bd20e_24632_1000x1000.jpg\" \/>\n\t<meta property=\"og:image:width\" content=\"1200\" \/>\n\t<meta property=\"og:image:height\" content=\"676\" \/>\n\t<meta property=\"og:image:type\" content=\"image\/jpeg\" \/>\n<meta name=\"twitter:card\" content=\"summary_large_image\" \/>\n<meta name=\"twitter:site\" content=\"@belvarossecrets\" \/>\n<meta name=\"twitter:label1\" content=\"Est. reading time\" \/>\n\t<meta name=\"twitter:data1\" content=\"2 minutes\" \/>\n<script type=\"application\/ld+json\" class=\"yoast-schema-graph\">{\"@context\":\"https:\\\/\\\/schema.org\",\"@graph\":[{\"@type\":\"WebPage\",\"@id\":\"https:\\\/\\\/www.szexshopbelvaros.com\\\/termek\\\/joydivision-mans-best-40-ml\\\/\",\"url\":\"https:\\\/\\\/www.szexshopbelvaros.com\\\/termek\\\/joydivision-mans-best-40-ml\\\/\",\"name\":\"An\u00e1l s\u00edkos\u00edt\u00f3 Mans Best 40 ml \u2013 hosszan tart\u00f3 cs\u00fasz\u00e1s | Szexshop Belvaros\",\"isPartOf\":{\"@id\":\"https:\\\/\\\/www.szexshopbelvaros.com\\\/#website\"},\"primaryImageOfPage\":{\"@id\":\"https:\\\/\\\/www.szexshopbelvaros.com\\\/termek\\\/joydivision-mans-best-40-ml\\\/#primaryimage\"},\"image\":{\"@id\":\"https:\\\/\\\/www.szexshopbelvaros.com\\\/termek\\\/joydivision-mans-best-40-ml\\\/#primaryimage\"},\"thumbnailUrl\":\"https:\\\/\\\/www.szexshopbelvaros.com\\\/wp-content\\\/uploads\\\/2025\\\/01\\\/db000d5c-0de9-11ef-8292-22131d1bd20e_24632_1000x1000.jpg\",\"datePublished\":\"2025-01-31T13:41:28+00:00\",\"dateModified\":\"2026-04-10T13:43:59+00:00\",\"description\":\"An\u00e1l s\u00edkos\u00edt\u00f3 Mans Best 40 ml hosszan tart\u00f3 cs\u00fasz\u00e1ssal. V\u00edzb\u00e1zis\u00fa formula, diszkr\u00e9t m\u00e9ret \u00e9s maxim\u00e1lis k\u00e9nyelem. Rendeld meg a Szexshop Belv\u00e1ros k\u00edn\u00e1lat\u00e1b\u00f3l.\",\"breadcrumb\":{\"@id\":\"https:\\\/\\\/www.szexshopbelvaros.com\\\/termek\\\/joydivision-mans-best-40-ml\\\/#breadcrumb\"},\"inLanguage\":\"en-US\",\"potentialAction\":[{\"@type\":\"ReadAction\",\"target\":[\"https:\\\/\\\/www.szexshopbelvaros.com\\\/termek\\\/joydivision-mans-best-40-ml\\\/\"]}]},{\"@type\":\"ImageObject\",\"inLanguage\":\"en-US\",\"@id\":\"https:\\\/\\\/www.szexshopbelvaros.com\\\/termek\\\/joydivision-mans-best-40-ml\\\/#primaryimage\",\"url\":\"https:\\\/\\\/www.szexshopbelvaros.com\\\/wp-content\\\/uploads\\\/2025\\\/01\\\/db000d5c-0de9-11ef-8292-22131d1bd20e_24632_1000x1000.jpg\",\"contentUrl\":\"https:\\\/\\\/www.szexshopbelvaros.com\\\/wp-content\\\/uploads\\\/2025\\\/01\\\/db000d5c-0de9-11ef-8292-22131d1bd20e_24632_1000x1000.jpg\",\"width\":1200,\"height\":676,\"caption\":\"HU: An\u00e1l s\u00edkos\u00edt\u00f3 Mans Best 40 ml v\u00edzb\u00e1zis\u00fa intim g\u00e9l an\u00e1l j\u00e1t\u00e9khoz EN: Anal lubricant Mans Best 40 ml water-based intimate gel for anal play\"},{\"@type\":\"BreadcrumbList\",\"@id\":\"https:\\\/\\\/www.szexshopbelvaros.com\\\/termek\\\/joydivision-mans-best-40-ml\\\/#breadcrumb\",\"itemListElement\":[{\"@type\":\"ListItem\",\"position\":1,\"name\":\"Home\",\"item\":\"https:\\\/\\\/www.szexshopbelvaros.com\\\/\"},{\"@type\":\"ListItem\",\"position\":2,\"name\":\"\u00c1ruh\u00e1z\",\"item\":\"https:\\\/\\\/www.szexshopbelvaros.com\\\/uzlet\\\/\"},{\"@type\":\"ListItem\",\"position\":3,\"name\":\"Mans Best \u2013 A 40 ml-es bajt\u00e1rs, aki halkan j\u00f6n, hosszan cs\u00faszik.\"}]},{\"@type\":\"WebSite\",\"@id\":\"https:\\\/\\\/www.szexshopbelvaros.com\\\/#website\",\"url\":\"https:\\\/\\\/www.szexshopbelvaros.com\\\/\",\"name\":\"Szexshop Belv\u00e1ros\",\"description\":\"\ud83d\udd25 A szex olyan, mint a p\u00e9nz; csak a t\u00fal sok el\u00e9g!\u2122 Titkok a belv\u00e1rosb\u00f3l \ud83d\udc8b | Secrets from Budapest \ud83d\udc8e Feln\u0151tt j\u00e1t\u00e9kok \u2022 Erotika \u2022 Szexshop Belvaros\",\"publisher\":{\"@id\":\"https:\\\/\\\/www.szexshopbelvaros.com\\\/#organization\"},\"potentialAction\":[{\"@type\":\"SearchAction\",\"target\":{\"@type\":\"EntryPoint\",\"urlTemplate\":\"https:\\\/\\\/www.szexshopbelvaros.com\\\/?s={search_term_string}\"},\"query-input\":{\"@type\":\"PropertyValueSpecification\",\"valueRequired\":true,\"valueName\":\"search_term_string\"}}],\"inLanguage\":\"en-US\"},{\"@type\":\"Organization\",\"@id\":\"https:\\\/\\\/www.szexshopbelvaros.com\\\/#organization\",\"name\":\"Szexshop Belv\u00e1ros\",\"alternateName\":\"szexshopbelvaros.com\",\"url\":\"https:\\\/\\\/www.szexshopbelvaros.com\\\/\",\"logo\":{\"@type\":\"ImageObject\",\"inLanguage\":\"en-US\",\"@id\":\"https:\\\/\\\/www.szexshopbelvaros.com\\\/#\\\/schema\\\/logo\\\/image\\\/\",\"url\":\"https:\\\/\\\/www.szexshopbelvaros.com\\\/wp-content\\\/uploads\\\/2025\\\/09\\\/1Szexshopbelvaroslogo_blurred_stronger.jpg\",\"contentUrl\":\"https:\\\/\\\/www.szexshopbelvaros.com\\\/wp-content\\\/uploads\\\/2025\\\/09\\\/1Szexshopbelvaroslogo_blurred_stronger.jpg\",\"width\":1024,\"height\":1024,\"caption\":\"Szexshop Belv\u00e1ros\"},\"image\":{\"@id\":\"https:\\\/\\\/www.szexshopbelvaros.com\\\/#\\\/schema\\\/logo\\\/image\\\/\"},\"sameAs\":[\"https:\\\/\\\/www.facebook.com\\\/belvarossecrets\\\/\",\"https:\\\/\\\/x.com\\\/belvarossecrets\",\"https:\\\/\\\/www.instagram.com\\\/belvarossecrets\\\/\",\"https:\\\/\\\/www.tiktok.com\\\/@belvarossecrets\"]}]}<\/script>\n<!-- \/ Yoast SEO plugin. -->","yoast_head_json":{"title":"Anal lubricant Mans Best 40 ml \u2013 long-lasting glide | Szexshop Belvaros","description":"Anal lubricant Mans Best 40 ml with long-lasting glide. Water-based formula, discreet size and maximum comfort. Order from the Szexshop Belv\u00e1ros range.","robots":{"index":"index","follow":"follow","max-snippet":"max-snippet:-1","max-image-preview":"max-image-preview:large","max-video-preview":"max-video-preview:-1"},"canonical":"https:\/\/www.szexshopbelvaros.com\/en\/product\/joydivision-mans-best-40-ml\/","og_locale":"en_US","og_type":"article","og_title":"An\u00e1l s\u00edkos\u00edt\u00f3 Mans Best 40 ml \u2013 hosszan tart\u00f3 cs\u00fasz\u00e1s | Szexshop Belvaros","og_description":"An\u00e1l s\u00edkos\u00edt\u00f3 Mans Best 40 ml hosszan tart\u00f3 cs\u00fasz\u00e1ssal. V\u00edzb\u00e1zis\u00fa formula, diszkr\u00e9t m\u00e9ret \u00e9s maxim\u00e1lis k\u00e9nyelem. Rendeld meg a Szexshop Belv\u00e1ros k\u00edn\u00e1lat\u00e1b\u00f3l.","og_url":"https:\/\/www.szexshopbelvaros.com\/en\/product\/joydivision-mans-best-40-ml\/","og_site_name":"Szexshop Belvaros","article_publisher":"https:\/\/www.facebook.com\/belvarossecrets\/","article_modified_time":"2026-04-10T13:43:59+00:00","og_image":[{"width":1200,"height":676,"url":"https:\/\/www.szexshopbelvaros.com\/wp-content\/uploads\/2025\/01\/db000d5c-0de9-11ef-8292-22131d1bd20e_24632_1000x1000.jpg","type":"image\/jpeg"}],"twitter_card":"summary_large_image","twitter_site":"@belvarossecrets","twitter_misc":{"Est. reading time":"2 minutes"},"schema":{"@context":"https:\/\/schema.org","@graph":[{"@type":"WebPage","@id":"https:\/\/www.szexshopbelvaros.com\/termek\/joydivision-mans-best-40-ml\/","url":"https:\/\/www.szexshopbelvaros.com\/termek\/joydivision-mans-best-40-ml\/","name":"Anal lubricant Mans Best 40 ml \u2013 long-lasting glide | Szexshop Belvaros","isPartOf":{"@id":"https:\/\/www.szexshopbelvaros.com\/#website"},"primaryImageOfPage":{"@id":"https:\/\/www.szexshopbelvaros.com\/termek\/joydivision-mans-best-40-ml\/#primaryimage"},"image":{"@id":"https:\/\/www.szexshopbelvaros.com\/termek\/joydivision-mans-best-40-ml\/#primaryimage"},"thumbnailUrl":"https:\/\/www.szexshopbelvaros.com\/wp-content\/uploads\/2025\/01\/db000d5c-0de9-11ef-8292-22131d1bd20e_24632_1000x1000.jpg","datePublished":"2025-01-31T13:41:28+00:00","dateModified":"2026-04-10T13:43:59+00:00","description":"Anal lubricant Mans Best 40 ml with long-lasting glide. Water-based formula, discreet size and maximum comfort. Order from the Szexshop Belv\u00e1ros range.","breadcrumb":{"@id":"https:\/\/www.szexshopbelvaros.com\/termek\/joydivision-mans-best-40-ml\/#breadcrumb"},"inLanguage":"en-US","potentialAction":[{"@type":"ReadAction","target":["https:\/\/www.szexshopbelvaros.com\/termek\/joydivision-mans-best-40-ml\/"]}]},{"@type":"ImageObject","inLanguage":"en-US","@id":"https:\/\/www.szexshopbelvaros.com\/termek\/joydivision-mans-best-40-ml\/#primaryimage","url":"https:\/\/www.szexshopbelvaros.com\/wp-content\/uploads\/2025\/01\/db000d5c-0de9-11ef-8292-22131d1bd20e_24632_1000x1000.jpg","contentUrl":"https:\/\/www.szexshopbelvaros.com\/wp-content\/uploads\/2025\/01\/db000d5c-0de9-11ef-8292-22131d1bd20e_24632_1000x1000.jpg","width":1200,"height":676,"caption":"HU: An\u00e1l s\u00edkos\u00edt\u00f3 Mans Best 40 ml v\u00edzb\u00e1zis\u00fa intim g\u00e9l an\u00e1l j\u00e1t\u00e9khoz EN: Anal lubricant Mans Best 40 ml water-based intimate gel for anal play"},{"@type":"BreadcrumbList","@id":"https:\/\/www.szexshopbelvaros.com\/termek\/joydivision-mans-best-40-ml\/#breadcrumb","itemListElement":[{"@type":"ListItem","position":1,"name":"Home","item":"https:\/\/www.szexshopbelvaros.com\/"},{"@type":"ListItem","position":2,"name":"\u00c1ruh\u00e1z","item":"https:\/\/www.szexshopbelvaros.com\/uzlet\/"},{"@type":"ListItem","position":3,"name":"Mans Best \u2013 A 40 ml-es bajt\u00e1rs, aki halkan j\u00f6n, hosszan cs\u00faszik."}]},{"@type":"WebSite","@id":"https:\/\/www.szexshopbelvaros.com\/#website","url":"https:\/\/www.szexshopbelvaros.com\/","name":"at our Szexshop Belv\u00e1ros","description":"\ud83d\udd25 Sex is like money; only too much is enough!\u2122 Secrets from the city center \ud83d\udc8b | Secrets from Budapest \ud83d\udc8e Adult games \u2022 Erotica \u2022 Sex shop Belvaros","publisher":{"@id":"https:\/\/www.szexshopbelvaros.com\/#organization"},"potentialAction":[{"@type":"SearchAction","target":{"@type":"EntryPoint","urlTemplate":"https:\/\/www.szexshopbelvaros.com\/?s={search_term_string}"},"query-input":{"@type":"PropertyValueSpecification","valueRequired":true,"valueName":"search_term_string"}}],"inLanguage":"en-US"},{"@type":"Organization","@id":"https:\/\/www.szexshopbelvaros.com\/#organization","name":"at our Szexshop Belv\u00e1ros","alternateName":"szexshopbelvaros.com","url":"https:\/\/www.szexshopbelvaros.com\/","logo":{"@type":"ImageObject","inLanguage":"en-US","@id":"https:\/\/www.szexshopbelvaros.com\/#\/schema\/logo\/image\/","url":"https:\/\/www.szexshopbelvaros.com\/wp-content\/uploads\/2025\/09\/1Szexshopbelvaroslogo_blurred_stronger.jpg","contentUrl":"https:\/\/www.szexshopbelvaros.com\/wp-content\/uploads\/2025\/09\/1Szexshopbelvaroslogo_blurred_stronger.jpg","width":1024,"height":1024,"caption":"Szexshop Belv\u00e1ros"},"image":{"@id":"https:\/\/www.szexshopbelvaros.com\/#\/schema\/logo\/image\/"},"sameAs":["https:\/\/www.facebook.com\/belvarossecrets\/","https:\/\/x.com\/belvarossecrets","https:\/\/www.instagram.com\/belvarossecrets\/","https:\/\/www.tiktok.com\/@belvarossecrets"]}]}},"_links":{"self":[{"href":"https:\/\/www.szexshopbelvaros.com\/en\/wp-json\/wp\/v2\/product\/496","targetHints":{"allow":["GET"]}}],"collection":[{"href":"https:\/\/www.szexshopbelvaros.com\/en\/wp-json\/wp\/v2\/product"}],"about":[{"href":"https:\/\/www.szexshopbelvaros.com\/en\/wp-json\/wp\/v2\/types\/product"}],"replies":[{"embeddable":true,"href":"https:\/\/www.szexshopbelvaros.com\/en\/wp-json\/wp\/v2\/comments?post=496"}],"wp:featuredmedia":[{"embeddable":true,"href":"https:\/\/www.szexshopbelvaros.com\/en\/wp-json\/wp\/v2\/media\/497"}],"wp:attachment":[{"href":"https:\/\/www.szexshopbelvaros.com\/en\/wp-json\/wp\/v2\/media?parent=496"}],"wp:term":[{"taxonomy":"product_brand","embeddable":true,"href":"https:\/\/www.szexshopbelvaros.com\/en\/wp-json\/wp\/v2\/product_brand?post=496"},{"taxonomy":"product_cat","embeddable":true,"href":"https:\/\/www.szexshopbelvaros.com\/en\/wp-json\/wp\/v2\/product_cat?post=496"},{"taxonomy":"product_tag","embeddable":true,"href":"https:\/\/www.szexshopbelvaros.com\/en\/wp-json\/wp\/v2\/product_tag?post=496"}],"curies":[{"name":"wp","href":"https:\/\/api.w.org\/{rel}","templated":true}]}}