{"id":498,"date":"2025-01-31T14:41:28","date_gmt":"2025-01-31T13:41:28","guid":{"rendered":"https:\/\/www.szexshopbelvaros.com\/termek\/eros-aqua-50-ml\/"},"modified":"2026-02-14T15:46:52","modified_gmt":"2026-02-14T14:46:52","slug":"eros-aqua-50-ml","status":"publish","type":"product","link":"https:\/\/www.szexshopbelvaros.com\/en\/product\/eros-aqua-50-ml\/","title":{"rendered":"Eros Aqua 50 ml"},"content":{"rendered":"<p>Thanks to its special water-based formula, AQUA provides a particularly pleasant cool feeling during sex. It not only improves the gliding ability, but also provides moisture. Thanks to AQUA, sticky marks on the skin will be a thing of the past in the future. Look forward to a clean, healthy and exciting new feeling. Dermatologically tested, very economical, long-lasting lubricity, water-soluble, tasteless, colorless and odorless, oil- and perfume-free.<\/p>\n<p>Special characteristic natural<br \/>\n50 ml.<\/p>\n<p>&nbsp;<\/p>","protected":false},"excerpt":{"rendered":"<p>A speci\u00e1lis v\u00edzalap\u00fa formul\u00e1j\u00e1nak k\u00f6sz\u00f6nhet\u0151en, az AQUA k\u00fcl\u00f6n\u00f6sen kellemes h\u0171v\u00f6s \u00e9rz\u00e9st ny\u00fajt szeretkez\u00e9s k\u00f6zben. Nemcsak a sikl\u00e1si k\u00e9pess\u00e9get jav\u00edtja, hanem nedvess\u00e9get is biztos\u00edt. Az AQUA-nak k\u00f6sz\u00f6nhet\u0151en a b\u0151r\u00f6n l\u00e9v\u0151 ragacsos nyomok a j\u00f6v\u0151ben a m\u00falt\u00e9 lesznek. V\u00e1rja a tiszta, eg\u00e9szs\u00e9ges \u00e9s izgalmas \u00faj \u00e9rzetet. B\u0151rgy\u00f3gy\u00e1szatilag tesztelt, nagyon gazdas\u00e1gos, hosszan tart\u00f3 s\u00edkoss\u00e1g, v\u00edzben old\u00f3d\u00f3, \u00edztelen, sz\u00edntelen [&#8230;]\n","protected":false},"featured_media":499,"comment_status":"closed","ping_status":"closed","template":"","meta":[],"product_brand":[],"product_cat":[156,80],"product_tag":[2052,2053,1528,2050,888,2047,2051,2049,2060,1201,673,899,220,2048,2059,340,346,1529],"class_list":{"0":"post-498","1":"product","2":"type-product","3":"status-publish","4":"has-post-thumbnail","6":"product_cat-drogeria-wellness","7":"product_cat-sikositok","8":"product_tag-adult-care","9":"product_tag-couples-wellness","10":"product_tag-drogeria","11":"product_tag-felnotteknek","12":"product_tag-intim-sikosito","13":"product_tag-intim-termek","14":"product_tag-intimate-products","15":"product_tag-paros-egeszseg","16":"product_tag-personal-lubricant","17":"product_tag-sexual-wellness","18":"product_tag-sikosito","19":"product_tag-silicone-lube","20":"product_tag-szexshop-belvaros","21":"product_tag-szexualis-egeszseg","22":"product_tag-szilikonos-sikosito","23":"product_tag-vizbazisu-sikosito","24":"product_tag-water-based-lube","25":"product_tag-wellness","27":"first","28":"instock","29":"purchasable","30":"product-type-simple"},"yoast_head":"<!-- This site is optimized with the Yoast SEO plugin v27.4 - https:\/\/yoast.com\/product\/yoast-seo-wordpress\/ -->\n<title>Eros Aqua 50 ml - Szexshop Belvaros<\/title>\n<meta name=\"robots\" content=\"index, follow, max-snippet:-1, max-image-preview:large, max-video-preview:-1\" \/>\n<link rel=\"canonical\" href=\"https:\/\/www.szexshopbelvaros.com\/en\/product\/eros-aqua-50-ml\/\" \/>\n<meta property=\"og:locale\" content=\"en_US\" \/>\n<meta property=\"og:type\" content=\"article\" \/>\n<meta property=\"og:title\" content=\"Eros Aqua 50 ml - Szexshop Belvaros\" \/>\n<meta property=\"og:description\" content=\"A speci\u00e1lis v\u00edzalap\u00fa formul\u00e1j\u00e1nak k\u00f6sz\u00f6nhet\u0151en, az AQUA k\u00fcl\u00f6n\u00f6sen kellemes h\u0171v\u00f6s \u00e9rz\u00e9st ny\u00fajt szeretkez\u00e9s k\u00f6zben. Nemcsak a sikl\u00e1si k\u00e9pess\u00e9get jav\u00edtja, hanem nedvess\u00e9get is biztos\u00edt. Az AQUA-nak k\u00f6sz\u00f6nhet\u0151en a b\u0151r\u00f6n l\u00e9v\u0151 ragacsos nyomok a j\u00f6v\u0151ben a m\u00falt\u00e9 lesznek. V\u00e1rja a tiszta, eg\u00e9szs\u00e9ges \u00e9s izgalmas \u00faj \u00e9rzetet. B\u0151rgy\u00f3gy\u00e1szatilag tesztelt, nagyon gazdas\u00e1gos, hosszan tart\u00f3 s\u00edkoss\u00e1g, v\u00edzben old\u00f3d\u00f3, \u00edztelen, sz\u00edntelen [...]\" \/>\n<meta property=\"og:url\" content=\"https:\/\/www.szexshopbelvaros.com\/en\/product\/eros-aqua-50-ml\/\" \/>\n<meta property=\"og:site_name\" content=\"Szexshop Belvaros\" \/>\n<meta property=\"article:publisher\" content=\"https:\/\/www.facebook.com\/belvarossecrets\/\" \/>\n<meta property=\"article:modified_time\" content=\"2026-02-14T14:46:52+00:00\" \/>\n<meta property=\"og:image\" content=\"https:\/\/www.szexshopbelvaros.com\/wp-content\/uploads\/2025\/01\/b22b023c-0dea-11ef-a937-a2ce8f68b3e2_23874_1000x1000.jpg\" \/>\n\t<meta property=\"og:image:width\" content=\"1200\" \/>\n\t<meta property=\"og:image:height\" content=\"676\" \/>\n\t<meta property=\"og:image:type\" content=\"image\/jpeg\" \/>\n<meta name=\"twitter:card\" content=\"summary_large_image\" \/>\n<meta name=\"twitter:site\" content=\"@belvarossecrets\" \/>\n<meta name=\"twitter:label1\" content=\"Est. reading time\" \/>\n\t<meta name=\"twitter:data1\" content=\"1 minute\" \/>\n<script type=\"application\/ld+json\" class=\"yoast-schema-graph\">{\"@context\":\"https:\\\/\\\/schema.org\",\"@graph\":[{\"@type\":\"WebPage\",\"@id\":\"https:\\\/\\\/www.szexshopbelvaros.com\\\/termek\\\/eros-aqua-50-ml\\\/\",\"url\":\"https:\\\/\\\/www.szexshopbelvaros.com\\\/termek\\\/eros-aqua-50-ml\\\/\",\"name\":\"Eros Aqua 50 ml - Szexshop Belvaros\",\"isPartOf\":{\"@id\":\"https:\\\/\\\/www.szexshopbelvaros.com\\\/#website\"},\"primaryImageOfPage\":{\"@id\":\"https:\\\/\\\/www.szexshopbelvaros.com\\\/termek\\\/eros-aqua-50-ml\\\/#primaryimage\"},\"image\":{\"@id\":\"https:\\\/\\\/www.szexshopbelvaros.com\\\/termek\\\/eros-aqua-50-ml\\\/#primaryimage\"},\"thumbnailUrl\":\"https:\\\/\\\/www.szexshopbelvaros.com\\\/wp-content\\\/uploads\\\/2025\\\/01\\\/b22b023c-0dea-11ef-a937-a2ce8f68b3e2_23874_1000x1000.jpg\",\"datePublished\":\"2025-01-31T13:41:28+00:00\",\"dateModified\":\"2026-02-14T14:46:52+00:00\",\"breadcrumb\":{\"@id\":\"https:\\\/\\\/www.szexshopbelvaros.com\\\/termek\\\/eros-aqua-50-ml\\\/#breadcrumb\"},\"inLanguage\":\"en-US\",\"potentialAction\":[{\"@type\":\"ReadAction\",\"target\":[\"https:\\\/\\\/www.szexshopbelvaros.com\\\/termek\\\/eros-aqua-50-ml\\\/\"]}]},{\"@type\":\"ImageObject\",\"inLanguage\":\"en-US\",\"@id\":\"https:\\\/\\\/www.szexshopbelvaros.com\\\/termek\\\/eros-aqua-50-ml\\\/#primaryimage\",\"url\":\"https:\\\/\\\/www.szexshopbelvaros.com\\\/wp-content\\\/uploads\\\/2025\\\/01\\\/b22b023c-0dea-11ef-a937-a2ce8f68b3e2_23874_1000x1000.jpg\",\"contentUrl\":\"https:\\\/\\\/www.szexshopbelvaros.com\\\/wp-content\\\/uploads\\\/2025\\\/01\\\/b22b023c-0dea-11ef-a937-a2ce8f68b3e2_23874_1000x1000.jpg\",\"width\":1200,\"height\":676},{\"@type\":\"BreadcrumbList\",\"@id\":\"https:\\\/\\\/www.szexshopbelvaros.com\\\/termek\\\/eros-aqua-50-ml\\\/#breadcrumb\",\"itemListElement\":[{\"@type\":\"ListItem\",\"position\":1,\"name\":\"Home\",\"item\":\"https:\\\/\\\/www.szexshopbelvaros.com\\\/\"},{\"@type\":\"ListItem\",\"position\":2,\"name\":\"\u00c1ruh\u00e1z\",\"item\":\"https:\\\/\\\/www.szexshopbelvaros.com\\\/uzlet\\\/\"},{\"@type\":\"ListItem\",\"position\":3,\"name\":\"Eros Aqua 50 ml\"}]},{\"@type\":\"WebSite\",\"@id\":\"https:\\\/\\\/www.szexshopbelvaros.com\\\/#website\",\"url\":\"https:\\\/\\\/www.szexshopbelvaros.com\\\/\",\"name\":\"Szexshop Belv\u00e1ros\",\"description\":\"\ud83d\udd25 A szex olyan, mint a p\u00e9nz; csak a t\u00fal sok el\u00e9g!\u2122 Titkok a belv\u00e1rosb\u00f3l \ud83d\udc8b | Secrets from Budapest \ud83d\udc8e Feln\u0151tt j\u00e1t\u00e9kok \u2022 Erotika \u2022 Szexshop Belvaros\",\"publisher\":{\"@id\":\"https:\\\/\\\/www.szexshopbelvaros.com\\\/#organization\"},\"potentialAction\":[{\"@type\":\"SearchAction\",\"target\":{\"@type\":\"EntryPoint\",\"urlTemplate\":\"https:\\\/\\\/www.szexshopbelvaros.com\\\/?s={search_term_string}\"},\"query-input\":{\"@type\":\"PropertyValueSpecification\",\"valueRequired\":true,\"valueName\":\"search_term_string\"}}],\"inLanguage\":\"en-US\"},{\"@type\":\"Organization\",\"@id\":\"https:\\\/\\\/www.szexshopbelvaros.com\\\/#organization\",\"name\":\"Szexshop Belv\u00e1ros\",\"alternateName\":\"szexshopbelvaros.com\",\"url\":\"https:\\\/\\\/www.szexshopbelvaros.com\\\/\",\"logo\":{\"@type\":\"ImageObject\",\"inLanguage\":\"en-US\",\"@id\":\"https:\\\/\\\/www.szexshopbelvaros.com\\\/#\\\/schema\\\/logo\\\/image\\\/\",\"url\":\"https:\\\/\\\/www.szexshopbelvaros.com\\\/wp-content\\\/uploads\\\/2025\\\/09\\\/1Szexshopbelvaroslogo_blurred_stronger.jpg\",\"contentUrl\":\"https:\\\/\\\/www.szexshopbelvaros.com\\\/wp-content\\\/uploads\\\/2025\\\/09\\\/1Szexshopbelvaroslogo_blurred_stronger.jpg\",\"width\":1024,\"height\":1024,\"caption\":\"Szexshop Belv\u00e1ros\"},\"image\":{\"@id\":\"https:\\\/\\\/www.szexshopbelvaros.com\\\/#\\\/schema\\\/logo\\\/image\\\/\"},\"sameAs\":[\"https:\\\/\\\/www.facebook.com\\\/belvarossecrets\\\/\",\"https:\\\/\\\/x.com\\\/belvarossecrets\",\"https:\\\/\\\/www.instagram.com\\\/belvarossecrets\\\/\",\"https:\\\/\\\/www.tiktok.com\\\/@belvarossecrets\"]}]}<\/script>\n<!-- \/ Yoast SEO plugin. -->","yoast_head_json":{"title":"Eros Aqua 50 ml - Sex shop Belvaros","robots":{"index":"index","follow":"follow","max-snippet":"max-snippet:-1","max-image-preview":"max-image-preview:large","max-video-preview":"max-video-preview:-1"},"canonical":"https:\/\/www.szexshopbelvaros.com\/en\/product\/eros-aqua-50-ml\/","og_locale":"en_US","og_type":"article","og_title":"Eros Aqua 50 ml - Szexshop Belvaros","og_description":"A speci\u00e1lis v\u00edzalap\u00fa formul\u00e1j\u00e1nak k\u00f6sz\u00f6nhet\u0151en, az AQUA k\u00fcl\u00f6n\u00f6sen kellemes h\u0171v\u00f6s \u00e9rz\u00e9st ny\u00fajt szeretkez\u00e9s k\u00f6zben. Nemcsak a sikl\u00e1si k\u00e9pess\u00e9get jav\u00edtja, hanem nedvess\u00e9get is biztos\u00edt. Az AQUA-nak k\u00f6sz\u00f6nhet\u0151en a b\u0151r\u00f6n l\u00e9v\u0151 ragacsos nyomok a j\u00f6v\u0151ben a m\u00falt\u00e9 lesznek. V\u00e1rja a tiszta, eg\u00e9szs\u00e9ges \u00e9s izgalmas \u00faj \u00e9rzetet. B\u0151rgy\u00f3gy\u00e1szatilag tesztelt, nagyon gazdas\u00e1gos, hosszan tart\u00f3 s\u00edkoss\u00e1g, v\u00edzben old\u00f3d\u00f3, \u00edztelen, sz\u00edntelen [...]","og_url":"https:\/\/www.szexshopbelvaros.com\/en\/product\/eros-aqua-50-ml\/","og_site_name":"Szexshop Belvaros","article_publisher":"https:\/\/www.facebook.com\/belvarossecrets\/","article_modified_time":"2026-02-14T14:46:52+00:00","og_image":[{"width":1200,"height":676,"url":"https:\/\/www.szexshopbelvaros.com\/wp-content\/uploads\/2025\/01\/b22b023c-0dea-11ef-a937-a2ce8f68b3e2_23874_1000x1000.jpg","type":"image\/jpeg"}],"twitter_card":"summary_large_image","twitter_site":"@belvarossecrets","twitter_misc":{"Est. reading time":"1 minute"},"schema":{"@context":"https:\/\/schema.org","@graph":[{"@type":"WebPage","@id":"https:\/\/www.szexshopbelvaros.com\/termek\/eros-aqua-50-ml\/","url":"https:\/\/www.szexshopbelvaros.com\/termek\/eros-aqua-50-ml\/","name":"Eros Aqua 50 ml - Sex shop Belvaros","isPartOf":{"@id":"https:\/\/www.szexshopbelvaros.com\/#website"},"primaryImageOfPage":{"@id":"https:\/\/www.szexshopbelvaros.com\/termek\/eros-aqua-50-ml\/#primaryimage"},"image":{"@id":"https:\/\/www.szexshopbelvaros.com\/termek\/eros-aqua-50-ml\/#primaryimage"},"thumbnailUrl":"https:\/\/www.szexshopbelvaros.com\/wp-content\/uploads\/2025\/01\/b22b023c-0dea-11ef-a937-a2ce8f68b3e2_23874_1000x1000.jpg","datePublished":"2025-01-31T13:41:28+00:00","dateModified":"2026-02-14T14:46:52+00:00","breadcrumb":{"@id":"https:\/\/www.szexshopbelvaros.com\/termek\/eros-aqua-50-ml\/#breadcrumb"},"inLanguage":"en-US","potentialAction":[{"@type":"ReadAction","target":["https:\/\/www.szexshopbelvaros.com\/termek\/eros-aqua-50-ml\/"]}]},{"@type":"ImageObject","inLanguage":"en-US","@id":"https:\/\/www.szexshopbelvaros.com\/termek\/eros-aqua-50-ml\/#primaryimage","url":"https:\/\/www.szexshopbelvaros.com\/wp-content\/uploads\/2025\/01\/b22b023c-0dea-11ef-a937-a2ce8f68b3e2_23874_1000x1000.jpg","contentUrl":"https:\/\/www.szexshopbelvaros.com\/wp-content\/uploads\/2025\/01\/b22b023c-0dea-11ef-a937-a2ce8f68b3e2_23874_1000x1000.jpg","width":1200,"height":676},{"@type":"BreadcrumbList","@id":"https:\/\/www.szexshopbelvaros.com\/termek\/eros-aqua-50-ml\/#breadcrumb","itemListElement":[{"@type":"ListItem","position":1,"name":"Home","item":"https:\/\/www.szexshopbelvaros.com\/"},{"@type":"ListItem","position":2,"name":"\u00c1ruh\u00e1z","item":"https:\/\/www.szexshopbelvaros.com\/uzlet\/"},{"@type":"ListItem","position":3,"name":"Eros Aqua 50 ml"}]},{"@type":"WebSite","@id":"https:\/\/www.szexshopbelvaros.com\/#website","url":"https:\/\/www.szexshopbelvaros.com\/","name":"at our Szexshop Belv\u00e1ros","description":"\ud83d\udd25 Sex is like money; only too much is enough!\u2122 Secrets from the city center \ud83d\udc8b | Secrets from Budapest \ud83d\udc8e Adult games \u2022 Erotica \u2022 Sex shop Belvaros","publisher":{"@id":"https:\/\/www.szexshopbelvaros.com\/#organization"},"potentialAction":[{"@type":"SearchAction","target":{"@type":"EntryPoint","urlTemplate":"https:\/\/www.szexshopbelvaros.com\/?s={search_term_string}"},"query-input":{"@type":"PropertyValueSpecification","valueRequired":true,"valueName":"search_term_string"}}],"inLanguage":"en-US"},{"@type":"Organization","@id":"https:\/\/www.szexshopbelvaros.com\/#organization","name":"at our Szexshop Belv\u00e1ros","alternateName":"szexshopbelvaros.com","url":"https:\/\/www.szexshopbelvaros.com\/","logo":{"@type":"ImageObject","inLanguage":"en-US","@id":"https:\/\/www.szexshopbelvaros.com\/#\/schema\/logo\/image\/","url":"https:\/\/www.szexshopbelvaros.com\/wp-content\/uploads\/2025\/09\/1Szexshopbelvaroslogo_blurred_stronger.jpg","contentUrl":"https:\/\/www.szexshopbelvaros.com\/wp-content\/uploads\/2025\/09\/1Szexshopbelvaroslogo_blurred_stronger.jpg","width":1024,"height":1024,"caption":"Szexshop Belv\u00e1ros"},"image":{"@id":"https:\/\/www.szexshopbelvaros.com\/#\/schema\/logo\/image\/"},"sameAs":["https:\/\/www.facebook.com\/belvarossecrets\/","https:\/\/x.com\/belvarossecrets","https:\/\/www.instagram.com\/belvarossecrets\/","https:\/\/www.tiktok.com\/@belvarossecrets"]}]}},"_links":{"self":[{"href":"https:\/\/www.szexshopbelvaros.com\/en\/wp-json\/wp\/v2\/product\/498","targetHints":{"allow":["GET"]}}],"collection":[{"href":"https:\/\/www.szexshopbelvaros.com\/en\/wp-json\/wp\/v2\/product"}],"about":[{"href":"https:\/\/www.szexshopbelvaros.com\/en\/wp-json\/wp\/v2\/types\/product"}],"replies":[{"embeddable":true,"href":"https:\/\/www.szexshopbelvaros.com\/en\/wp-json\/wp\/v2\/comments?post=498"}],"wp:featuredmedia":[{"embeddable":true,"href":"https:\/\/www.szexshopbelvaros.com\/en\/wp-json\/wp\/v2\/media\/499"}],"wp:attachment":[{"href":"https:\/\/www.szexshopbelvaros.com\/en\/wp-json\/wp\/v2\/media?parent=498"}],"wp:term":[{"taxonomy":"product_brand","embeddable":true,"href":"https:\/\/www.szexshopbelvaros.com\/en\/wp-json\/wp\/v2\/product_brand?post=498"},{"taxonomy":"product_cat","embeddable":true,"href":"https:\/\/www.szexshopbelvaros.com\/en\/wp-json\/wp\/v2\/product_cat?post=498"},{"taxonomy":"product_tag","embeddable":true,"href":"https:\/\/www.szexshopbelvaros.com\/en\/wp-json\/wp\/v2\/product_tag?post=498"}],"curies":[{"name":"wp","href":"https:\/\/api.w.org\/{rel}","templated":true}]}}