{"id":506,"date":"2025-01-31T14:41:28","date_gmt":"2025-01-31T13:41:28","guid":{"rendered":"https:\/\/www.szexshopbelvaros.com\/termek\/premium-anal-superglide-warming-liquid-pleasure-waterbased-lubricant-100-ml\/"},"modified":"2026-04-10T15:43:59","modified_gmt":"2026-04-10T13:43:59","slug":"anal-melegito-sikosito-superglide-100ml","status":"publish","type":"product","link":"https:\/\/www.szexshopbelvaros.com\/en\/product\/anal-melegito-sikosito-superglide-100ml\/","title":{"rendered":"\ud83d\udd25\ud83c\udf51 Anal Superglide Warming \u2013 The lubricant that warms you up and then melts everything off you."},"content":{"rendered":"<p data-start=\"1675\" data-end=\"1770\">Anal Warming Lubricant 100 ml \u2013 Superglide Warming first glides\u2026 then catches fire.<\/p>\n<p data-start=\"1772\" data-end=\"1934\">This water-based, warming lubricant does exactly what it promises: it makes every rear (or front) penetration smooth, hot, and filthy enjoyable.<\/p>\n<p data-start=\"1936\" data-end=\"2082\">Due to its long-lasting effect, there is no need to re-plan halfway through, and it can be used in unlimited quantities - because when it&#039;s good, it should be really good.<\/p>\n<p data-start=\"2084\" data-end=\"2229\">Ideal for anal sex, condom-friendly, compatible with all massagers, latex stuff, rubber toys and bad decisions that can be lubricated.<\/p>\n<p data-start=\"2231\" data-end=\"2294\">Easily washable, water-soluble \u2013 only desire remains.<\/p>\n<p data-start=\"2296\" data-end=\"2330\">In short, here&#039;s why you&#039;ll love it:<\/p>\n<p data-start=\"2332\" data-end=\"2478\">\u2714 100 ml of fiery slippery dream<br data-start=\"2365\" data-end=\"2368\" \/>\u2714 Great for couples, but also great for solo fun<br data-start=\"2413\" data-end=\"2416\" \/>\u2714 Warming effect, water-based formula, champion of anal pleasures<\/p>\n<p data-start=\"2480\" data-end=\"2556\">Cleaning: a little water and there&#039;s no trace - except for the smile, that&#039;s what it leaves behind.<\/p>\n<p data-start=\"1063\" data-end=\"1140\">\ud83d\udc49 Check out the rest of our <a href=\"https:\/\/www.szexshopbelvaros.com\/en\/product-category\/anal\/anal-relax-sikositok\/\">anal<\/a> lubricant products too!<\/p>\n<p data-start=\"1063\" data-end=\"1140\">\ud83d\udc49 Get it within an hour at our Budapest SzexShop Belv\u00e1ros <a href=\"https:\/\/wolt.com\/hu\/hun\/budapest\/venue\/szexshop-belvaros\/premium-anal-superglide-warming-liquid-pleasure-waterbased-lubricant-100-ml-itemid-b72c4c0242330e51482a282d\">Wolt store<\/a>\u00a0or order at <a class=\"decorated-link cursor-pointer\" target=\"_new\" rel=\"noopener\" data-start=\"656\" data-end=\"680\">www.szexshopbelvaros.com<\/a> . We deliver to the entire territory of Hungary and the EU.<\/p>","protected":false},"excerpt":{"rendered":"<p>An\u00e1l meleg\u00edt\u0151 s\u00edkos\u00edt\u00f3 100 ml \u2013 a Superglide Warming el\u0151sz\u00f6r cs\u00faszik\u2026 azt\u00e1n l\u00e1ngra lobbant. Ez a v\u00edzb\u00e1zis\u00fa, meleg\u00edt\u0151 hat\u00e1s\u00fa s\u00edkos\u00edt\u00f3 pontosan azt teszi, amit \u00edg\u00e9r: sim\u00e1v\u00e1, forr\u00f3v\u00e1 \u00e9s mocskosan \u00e9lvezetess\u00e9 var\u00e1zsol minden h\u00e1ts\u00f3 (vagy els\u0151) behatol\u00e1st. Hosszantart\u00f3 hat\u00e1sa miatt nem kell f\u00e9l\u00faton \u00fajratervezni, r\u00e1ad\u00e1sul korl\u00e1tlan mennyis\u00e9gben haszn\u00e1lhat\u00f3 \u2013 mert amikor j\u00f3, akkor legyen nagyon j\u00f3. [&#8230;]\n","protected":false},"featured_media":507,"comment_status":"closed","ping_status":"closed","template":"","meta":[],"product_brand":[98],"product_cat":[135,74],"product_tag":[418,677,676,1685,339,1392,1393,1703,1381,1707,499,1318,1701,1702,890,1684,1708,1706,1705,346],"class_list":{"0":"post-506","1":"product","2":"type-product","3":"status-publish","4":"has-post-thumbnail","6":"product_brand-hot","7":"product_cat-anal","8":"product_cat-anal-relax-sikositok","9":"product_tag-anal-jatek","10":"product_tag-anal-lubricant","11":"product_tag-anal-play","12":"product_tag-anal-preparation","13":"product_tag-anal-sikosito","14":"product_tag-anal-stimulacio","15":"product_tag-anal-stimulation","16":"product_tag-extra-elvezet","17":"product_tag-hatso-jatek","18":"product_tag-heat-sensation","19":"product_tag-intimate-lubricant","20":"product_tag-intimate-toy","21":"product_tag-melegito-anal-sikosito","22":"product_tag-melegito-erzet","23":"product_tag-melegito-sikosito","24":"product_tag-relax-gel","25":"product_tag-sensation-enhancer","26":"product_tag-warming-anal-lube","27":"product_tag-warming-lubricant","28":"product_tag-water-based-lube","30":"first","31":"instock","32":"taxable","33":"shipping-taxable","34":"purchasable","35":"product-type-simple"},"yoast_head":"<!-- This site is optimized with the Yoast SEO plugin v27.4 - https:\/\/yoast.com\/product\/yoast-seo-wordpress\/ -->\n<title>\ud83d\udd25 An\u00e1l meleg\u00edt\u0151 s\u00edkos\u00edt\u00f3 100 ml \u2013 Superglide Warming | Szexshop Belv\u00e1ros<\/title>\n<meta name=\"description\" content=\"An\u00e1l meleg\u00edt\u0151 s\u00edkos\u00edt\u00f3 100 ml \u2013 v\u00edzb\u00e1zis\u00fa, hosszan tart\u00f3 cs\u00fasz\u00e1s \u00e9s forr\u00f3 \u00e9rz\u00e9s. \u00d3vszerbar\u00e1t, intenz\u00edv \u00e9lm\u00e9ny kezd\u0151knek \u00e9s halad\u00f3knak.\" \/>\n<meta name=\"robots\" content=\"index, follow, max-snippet:-1, max-image-preview:large, max-video-preview:-1\" \/>\n<link rel=\"canonical\" href=\"https:\/\/www.szexshopbelvaros.com\/en\/product\/anal-melegito-sikosito-superglide-100ml\/\" \/>\n<meta property=\"og:locale\" content=\"en_US\" \/>\n<meta property=\"og:type\" content=\"article\" \/>\n<meta property=\"og:title\" content=\"\ud83d\udd25 An\u00e1l meleg\u00edt\u0151 s\u00edkos\u00edt\u00f3 100 ml \u2013 Superglide Warming | Szexshop Belv\u00e1ros\" \/>\n<meta property=\"og:description\" content=\"An\u00e1l meleg\u00edt\u0151 s\u00edkos\u00edt\u00f3 100 ml \u2013 v\u00edzb\u00e1zis\u00fa, hosszan tart\u00f3 cs\u00fasz\u00e1s \u00e9s forr\u00f3 \u00e9rz\u00e9s. \u00d3vszerbar\u00e1t, intenz\u00edv \u00e9lm\u00e9ny kezd\u0151knek \u00e9s halad\u00f3knak.\" \/>\n<meta property=\"og:url\" content=\"https:\/\/www.szexshopbelvaros.com\/en\/product\/anal-melegito-sikosito-superglide-100ml\/\" \/>\n<meta property=\"og:site_name\" content=\"Szexshop Belvaros\" \/>\n<meta property=\"article:publisher\" content=\"https:\/\/www.facebook.com\/belvarossecrets\/\" \/>\n<meta property=\"article:modified_time\" content=\"2026-04-10T13:43:59+00:00\" \/>\n<meta property=\"og:image\" content=\"https:\/\/www.szexshopbelvaros.com\/wp-content\/uploads\/2025\/01\/8b0b41f6-0dec-11ef-8bc0-f22e86d8bfda_31027_1000x1000__1_.jpg\" \/>\n\t<meta property=\"og:image:width\" content=\"1200\" \/>\n\t<meta property=\"og:image:height\" content=\"676\" \/>\n\t<meta property=\"og:image:type\" content=\"image\/jpeg\" \/>\n<meta name=\"twitter:card\" content=\"summary_large_image\" \/>\n<meta name=\"twitter:site\" content=\"@belvarossecrets\" \/>\n<meta name=\"twitter:label1\" content=\"Est. reading time\" \/>\n\t<meta name=\"twitter:data1\" content=\"2 minutes\" \/>\n<script type=\"application\/ld+json\" class=\"yoast-schema-graph\">{\"@context\":\"https:\\\/\\\/schema.org\",\"@graph\":[{\"@type\":\"WebPage\",\"@id\":\"https:\\\/\\\/www.szexshopbelvaros.com\\\/termek\\\/anal-melegito-sikosito-superglide-100ml\\\/\",\"url\":\"https:\\\/\\\/www.szexshopbelvaros.com\\\/termek\\\/anal-melegito-sikosito-superglide-100ml\\\/\",\"name\":\"\ud83d\udd25 An\u00e1l meleg\u00edt\u0151 s\u00edkos\u00edt\u00f3 100 ml \u2013 Superglide Warming | Szexshop Belv\u00e1ros\",\"isPartOf\":{\"@id\":\"https:\\\/\\\/www.szexshopbelvaros.com\\\/#website\"},\"primaryImageOfPage\":{\"@id\":\"https:\\\/\\\/www.szexshopbelvaros.com\\\/termek\\\/anal-melegito-sikosito-superglide-100ml\\\/#primaryimage\"},\"image\":{\"@id\":\"https:\\\/\\\/www.szexshopbelvaros.com\\\/termek\\\/anal-melegito-sikosito-superglide-100ml\\\/#primaryimage\"},\"thumbnailUrl\":\"https:\\\/\\\/www.szexshopbelvaros.com\\\/wp-content\\\/uploads\\\/2025\\\/01\\\/8b0b41f6-0dec-11ef-8bc0-f22e86d8bfda_31027_1000x1000__1_.jpg\",\"datePublished\":\"2025-01-31T13:41:28+00:00\",\"dateModified\":\"2026-04-10T13:43:59+00:00\",\"description\":\"An\u00e1l meleg\u00edt\u0151 s\u00edkos\u00edt\u00f3 100 ml \u2013 v\u00edzb\u00e1zis\u00fa, hosszan tart\u00f3 cs\u00fasz\u00e1s \u00e9s forr\u00f3 \u00e9rz\u00e9s. \u00d3vszerbar\u00e1t, intenz\u00edv \u00e9lm\u00e9ny kezd\u0151knek \u00e9s halad\u00f3knak.\",\"breadcrumb\":{\"@id\":\"https:\\\/\\\/www.szexshopbelvaros.com\\\/termek\\\/anal-melegito-sikosito-superglide-100ml\\\/#breadcrumb\"},\"inLanguage\":\"en-US\",\"potentialAction\":[{\"@type\":\"ReadAction\",\"target\":[\"https:\\\/\\\/www.szexshopbelvaros.com\\\/termek\\\/anal-melegito-sikosito-superglide-100ml\\\/\"]}]},{\"@type\":\"ImageObject\",\"inLanguage\":\"en-US\",\"@id\":\"https:\\\/\\\/www.szexshopbelvaros.com\\\/termek\\\/anal-melegito-sikosito-superglide-100ml\\\/#primaryimage\",\"url\":\"https:\\\/\\\/www.szexshopbelvaros.com\\\/wp-content\\\/uploads\\\/2025\\\/01\\\/8b0b41f6-0dec-11ef-8bc0-f22e86d8bfda_31027_1000x1000__1_.jpg\",\"contentUrl\":\"https:\\\/\\\/www.szexshopbelvaros.com\\\/wp-content\\\/uploads\\\/2025\\\/01\\\/8b0b41f6-0dec-11ef-8bc0-f22e86d8bfda_31027_1000x1000__1_.jpg\",\"width\":1200,\"height\":676,\"caption\":\"Hungarian: an\u00e1l meleg\u00edt\u0151 s\u00edkos\u00edt\u00f3 100 ml Superglide Warming v\u00edzb\u00e1zis\u00fa English: warming anal lubricant 100 ml Superglide water based lube\"},{\"@type\":\"BreadcrumbList\",\"@id\":\"https:\\\/\\\/www.szexshopbelvaros.com\\\/termek\\\/anal-melegito-sikosito-superglide-100ml\\\/#breadcrumb\",\"itemListElement\":[{\"@type\":\"ListItem\",\"position\":1,\"name\":\"Home\",\"item\":\"https:\\\/\\\/www.szexshopbelvaros.com\\\/\"},{\"@type\":\"ListItem\",\"position\":2,\"name\":\"\u00c1ruh\u00e1z\",\"item\":\"https:\\\/\\\/www.szexshopbelvaros.com\\\/uzlet\\\/\"},{\"@type\":\"ListItem\",\"position\":3,\"name\":\"\ud83d\udd25\ud83c\udf51 An\u00e1l Superglide Warming \u2013 A s\u00edkos\u00edt\u00f3, ami felmeleg\u00edt, majd leolvaszt r\u00f3lad mindent.\"}]},{\"@type\":\"WebSite\",\"@id\":\"https:\\\/\\\/www.szexshopbelvaros.com\\\/#website\",\"url\":\"https:\\\/\\\/www.szexshopbelvaros.com\\\/\",\"name\":\"Szexshop Belv\u00e1ros\",\"description\":\"\ud83d\udd25 A szex olyan, mint a p\u00e9nz; csak a t\u00fal sok el\u00e9g!\u2122 Titkok a belv\u00e1rosb\u00f3l \ud83d\udc8b | Secrets from Budapest \ud83d\udc8e Feln\u0151tt j\u00e1t\u00e9kok \u2022 Erotika \u2022 Szexshop Belvaros\",\"publisher\":{\"@id\":\"https:\\\/\\\/www.szexshopbelvaros.com\\\/#organization\"},\"potentialAction\":[{\"@type\":\"SearchAction\",\"target\":{\"@type\":\"EntryPoint\",\"urlTemplate\":\"https:\\\/\\\/www.szexshopbelvaros.com\\\/?s={search_term_string}\"},\"query-input\":{\"@type\":\"PropertyValueSpecification\",\"valueRequired\":true,\"valueName\":\"search_term_string\"}}],\"inLanguage\":\"en-US\"},{\"@type\":\"Organization\",\"@id\":\"https:\\\/\\\/www.szexshopbelvaros.com\\\/#organization\",\"name\":\"Szexshop Belv\u00e1ros\",\"alternateName\":\"szexshopbelvaros.com\",\"url\":\"https:\\\/\\\/www.szexshopbelvaros.com\\\/\",\"logo\":{\"@type\":\"ImageObject\",\"inLanguage\":\"en-US\",\"@id\":\"https:\\\/\\\/www.szexshopbelvaros.com\\\/#\\\/schema\\\/logo\\\/image\\\/\",\"url\":\"https:\\\/\\\/www.szexshopbelvaros.com\\\/wp-content\\\/uploads\\\/2025\\\/09\\\/1Szexshopbelvaroslogo_blurred_stronger.jpg\",\"contentUrl\":\"https:\\\/\\\/www.szexshopbelvaros.com\\\/wp-content\\\/uploads\\\/2025\\\/09\\\/1Szexshopbelvaroslogo_blurred_stronger.jpg\",\"width\":1024,\"height\":1024,\"caption\":\"Szexshop Belv\u00e1ros\"},\"image\":{\"@id\":\"https:\\\/\\\/www.szexshopbelvaros.com\\\/#\\\/schema\\\/logo\\\/image\\\/\"},\"sameAs\":[\"https:\\\/\\\/www.facebook.com\\\/belvarossecrets\\\/\",\"https:\\\/\\\/x.com\\\/belvarossecrets\",\"https:\\\/\\\/www.instagram.com\\\/belvarossecrets\\\/\",\"https:\\\/\\\/www.tiktok.com\\\/@belvarossecrets\"]}]}<\/script>\n<!-- \/ Yoast SEO plugin. -->","yoast_head_json":{"title":"\ud83d\udd25 Anal warming lubricant 100 ml \u2013 Superglide Warming | Sexshop Belv\u00e1ros","description":"Anal Warming Lubricant 100 ml \u2013 water-based, long-lasting glide and hot sensation. Condom-friendly, intense experience for beginners and advanced users.","robots":{"index":"index","follow":"follow","max-snippet":"max-snippet:-1","max-image-preview":"max-image-preview:large","max-video-preview":"max-video-preview:-1"},"canonical":"https:\/\/www.szexshopbelvaros.com\/en\/product\/anal-melegito-sikosito-superglide-100ml\/","og_locale":"en_US","og_type":"article","og_title":"\ud83d\udd25 An\u00e1l meleg\u00edt\u0151 s\u00edkos\u00edt\u00f3 100 ml \u2013 Superglide Warming | Szexshop Belv\u00e1ros","og_description":"An\u00e1l meleg\u00edt\u0151 s\u00edkos\u00edt\u00f3 100 ml \u2013 v\u00edzb\u00e1zis\u00fa, hosszan tart\u00f3 cs\u00fasz\u00e1s \u00e9s forr\u00f3 \u00e9rz\u00e9s. \u00d3vszerbar\u00e1t, intenz\u00edv \u00e9lm\u00e9ny kezd\u0151knek \u00e9s halad\u00f3knak.","og_url":"https:\/\/www.szexshopbelvaros.com\/en\/product\/anal-melegito-sikosito-superglide-100ml\/","og_site_name":"Szexshop Belvaros","article_publisher":"https:\/\/www.facebook.com\/belvarossecrets\/","article_modified_time":"2026-04-10T13:43:59+00:00","og_image":[{"width":1200,"height":676,"url":"https:\/\/www.szexshopbelvaros.com\/wp-content\/uploads\/2025\/01\/8b0b41f6-0dec-11ef-8bc0-f22e86d8bfda_31027_1000x1000__1_.jpg","type":"image\/jpeg"}],"twitter_card":"summary_large_image","twitter_site":"@belvarossecrets","twitter_misc":{"Est. reading time":"2 minutes"},"schema":{"@context":"https:\/\/schema.org","@graph":[{"@type":"WebPage","@id":"https:\/\/www.szexshopbelvaros.com\/termek\/anal-melegito-sikosito-superglide-100ml\/","url":"https:\/\/www.szexshopbelvaros.com\/termek\/anal-melegito-sikosito-superglide-100ml\/","name":"\ud83d\udd25 Anal warming lubricant 100 ml \u2013 Superglide Warming | Sexshop Belv\u00e1ros","isPartOf":{"@id":"https:\/\/www.szexshopbelvaros.com\/#website"},"primaryImageOfPage":{"@id":"https:\/\/www.szexshopbelvaros.com\/termek\/anal-melegito-sikosito-superglide-100ml\/#primaryimage"},"image":{"@id":"https:\/\/www.szexshopbelvaros.com\/termek\/anal-melegito-sikosito-superglide-100ml\/#primaryimage"},"thumbnailUrl":"https:\/\/www.szexshopbelvaros.com\/wp-content\/uploads\/2025\/01\/8b0b41f6-0dec-11ef-8bc0-f22e86d8bfda_31027_1000x1000__1_.jpg","datePublished":"2025-01-31T13:41:28+00:00","dateModified":"2026-04-10T13:43:59+00:00","description":"Anal Warming Lubricant 100 ml \u2013 water-based, long-lasting glide and hot sensation. Condom-friendly, intense experience for beginners and advanced users.","breadcrumb":{"@id":"https:\/\/www.szexshopbelvaros.com\/termek\/anal-melegito-sikosito-superglide-100ml\/#breadcrumb"},"inLanguage":"en-US","potentialAction":[{"@type":"ReadAction","target":["https:\/\/www.szexshopbelvaros.com\/termek\/anal-melegito-sikosito-superglide-100ml\/"]}]},{"@type":"ImageObject","inLanguage":"en-US","@id":"https:\/\/www.szexshopbelvaros.com\/termek\/anal-melegito-sikosito-superglide-100ml\/#primaryimage","url":"https:\/\/www.szexshopbelvaros.com\/wp-content\/uploads\/2025\/01\/8b0b41f6-0dec-11ef-8bc0-f22e86d8bfda_31027_1000x1000__1_.jpg","contentUrl":"https:\/\/www.szexshopbelvaros.com\/wp-content\/uploads\/2025\/01\/8b0b41f6-0dec-11ef-8bc0-f22e86d8bfda_31027_1000x1000__1_.jpg","width":1200,"height":676,"caption":"Hungarian: an\u00e1l meleg\u00edt\u0151 s\u00edkos\u00edt\u00f3 100 ml Superglide Warming v\u00edzb\u00e1zis\u00fa English: warming anal lubricant 100 ml Superglide water based lube"},{"@type":"BreadcrumbList","@id":"https:\/\/www.szexshopbelvaros.com\/termek\/anal-melegito-sikosito-superglide-100ml\/#breadcrumb","itemListElement":[{"@type":"ListItem","position":1,"name":"Home","item":"https:\/\/www.szexshopbelvaros.com\/"},{"@type":"ListItem","position":2,"name":"\u00c1ruh\u00e1z","item":"https:\/\/www.szexshopbelvaros.com\/uzlet\/"},{"@type":"ListItem","position":3,"name":"\ud83d\udd25\ud83c\udf51 An\u00e1l Superglide Warming \u2013 A s\u00edkos\u00edt\u00f3, ami felmeleg\u00edt, majd leolvaszt r\u00f3lad mindent."}]},{"@type":"WebSite","@id":"https:\/\/www.szexshopbelvaros.com\/#website","url":"https:\/\/www.szexshopbelvaros.com\/","name":"at our Szexshop Belv\u00e1ros","description":"\ud83d\udd25 Sex is like money; only too much is enough!\u2122 Secrets from the city center \ud83d\udc8b | Secrets from Budapest \ud83d\udc8e Adult games \u2022 Erotica \u2022 Sex shop Belvaros","publisher":{"@id":"https:\/\/www.szexshopbelvaros.com\/#organization"},"potentialAction":[{"@type":"SearchAction","target":{"@type":"EntryPoint","urlTemplate":"https:\/\/www.szexshopbelvaros.com\/?s={search_term_string}"},"query-input":{"@type":"PropertyValueSpecification","valueRequired":true,"valueName":"search_term_string"}}],"inLanguage":"en-US"},{"@type":"Organization","@id":"https:\/\/www.szexshopbelvaros.com\/#organization","name":"at our Szexshop Belv\u00e1ros","alternateName":"szexshopbelvaros.com","url":"https:\/\/www.szexshopbelvaros.com\/","logo":{"@type":"ImageObject","inLanguage":"en-US","@id":"https:\/\/www.szexshopbelvaros.com\/#\/schema\/logo\/image\/","url":"https:\/\/www.szexshopbelvaros.com\/wp-content\/uploads\/2025\/09\/1Szexshopbelvaroslogo_blurred_stronger.jpg","contentUrl":"https:\/\/www.szexshopbelvaros.com\/wp-content\/uploads\/2025\/09\/1Szexshopbelvaroslogo_blurred_stronger.jpg","width":1024,"height":1024,"caption":"Szexshop Belv\u00e1ros"},"image":{"@id":"https:\/\/www.szexshopbelvaros.com\/#\/schema\/logo\/image\/"},"sameAs":["https:\/\/www.facebook.com\/belvarossecrets\/","https:\/\/x.com\/belvarossecrets","https:\/\/www.instagram.com\/belvarossecrets\/","https:\/\/www.tiktok.com\/@belvarossecrets"]}]}},"_links":{"self":[{"href":"https:\/\/www.szexshopbelvaros.com\/en\/wp-json\/wp\/v2\/product\/506","targetHints":{"allow":["GET"]}}],"collection":[{"href":"https:\/\/www.szexshopbelvaros.com\/en\/wp-json\/wp\/v2\/product"}],"about":[{"href":"https:\/\/www.szexshopbelvaros.com\/en\/wp-json\/wp\/v2\/types\/product"}],"replies":[{"embeddable":true,"href":"https:\/\/www.szexshopbelvaros.com\/en\/wp-json\/wp\/v2\/comments?post=506"}],"wp:featuredmedia":[{"embeddable":true,"href":"https:\/\/www.szexshopbelvaros.com\/en\/wp-json\/wp\/v2\/media\/507"}],"wp:attachment":[{"href":"https:\/\/www.szexshopbelvaros.com\/en\/wp-json\/wp\/v2\/media?parent=506"}],"wp:term":[{"taxonomy":"product_brand","embeddable":true,"href":"https:\/\/www.szexshopbelvaros.com\/en\/wp-json\/wp\/v2\/product_brand?post=506"},{"taxonomy":"product_cat","embeddable":true,"href":"https:\/\/www.szexshopbelvaros.com\/en\/wp-json\/wp\/v2\/product_cat?post=506"},{"taxonomy":"product_tag","embeddable":true,"href":"https:\/\/www.szexshopbelvaros.com\/en\/wp-json\/wp\/v2\/product_tag?post=506"}],"curies":[{"name":"wp","href":"https:\/\/api.w.org\/{rel}","templated":true}]}}