{"id":508,"date":"2025-01-31T14:41:28","date_gmt":"2025-01-31T13:41:28","guid":{"rendered":"https:\/\/www.szexshopbelvaros.com\/termek\/joydivision-aquaglide-vanilla-100-ml\/"},"modified":"2026-02-14T15:50:15","modified_gmt":"2026-02-14T14:50:15","slug":"joydivision-aquaglide-vanilla-100-ml","status":"publish","type":"product","link":"https:\/\/www.szexshopbelvaros.com\/en\/product\/joydivision-aquaglide-vanilla-100-ml\/","title":{"rendered":"Joydivision Aquaglide vanilla, 100 ml"},"content":{"rendered":"<p>Water-based lubricant with vanilla flavor. Dermatologically and clinically tested product (with optimal PH value). Can be used during sexual intercourse. Can also be used with sexual aids and condoms. Washable, fat-free. Ingredients: glycerin, water, hydoxyethyl cellulose, sodium methylparaben, sodium saccharin, aroma. It retains its quality until the date indicated on the packaging. Keep out of reach of children!<br \/>\n100 ml.<\/p>\n<p>Special characteristic fragrant<\/p>\n<p>&nbsp;<\/p>","protected":false},"excerpt":{"rendered":"<p>Water-based lubricant with vanilla flavor. Dermatologically and clinically tested product (with optimal PH value). Can be used during sexual intercourse. Can also be used with sexual aids and condoms. Washable, fat-free. Ingredients: glycerin, water, hydoxyethyl cellulose, sodium methylparaben, sodium saccharin, aroma. It retains its quality until the date indicated on the packaging. Keep out of reach of children! 100 ml. Special feature fragrant &nbsp;<\/p>","protected":false},"featured_media":509,"comment_status":"closed","ping_status":"closed","template":"","meta":[],"product_brand":[],"product_cat":[156,80],"product_tag":[2052,2053,1528,2050,888,2047,2051,2049,2060,1201,673,899,220,2048,2059,340,346,1529],"class_list":{"0":"post-508","1":"product","2":"type-product","3":"status-publish","4":"has-post-thumbnail","6":"product_cat-drogeria-wellness","7":"product_cat-sikositok","8":"product_tag-adult-care","9":"product_tag-couples-wellness","10":"product_tag-drogeria","11":"product_tag-felnotteknek","12":"product_tag-intim-sikosito","13":"product_tag-intim-termek","14":"product_tag-intimate-products","15":"product_tag-paros-egeszseg","16":"product_tag-personal-lubricant","17":"product_tag-sexual-wellness","18":"product_tag-sikosito","19":"product_tag-silicone-lube","20":"product_tag-szexshop-belvaros","21":"product_tag-szexualis-egeszseg","22":"product_tag-szilikonos-sikosito","23":"product_tag-vizbazisu-sikosito","24":"product_tag-water-based-lube","25":"product_tag-wellness","27":"first","28":"instock","29":"taxable","30":"shipping-taxable","31":"purchasable","32":"product-type-simple"},"yoast_head":"<!-- This site is optimized with the Yoast SEO plugin v27.4 - https:\/\/yoast.com\/product\/yoast-seo-wordpress\/ -->\n<title>Joydivision Aquaglide vanilla, 100 ml - Szexshop Belvaros<\/title>\n<meta name=\"robots\" content=\"index, follow, max-snippet:-1, max-image-preview:large, max-video-preview:-1\" \/>\n<link rel=\"canonical\" href=\"https:\/\/www.szexshopbelvaros.com\/en\/product\/joydivision-aquaglide-vanilla-100-ml\/\" \/>\n<meta property=\"og:locale\" content=\"en_US\" \/>\n<meta property=\"og:type\" content=\"article\" \/>\n<meta property=\"og:title\" content=\"Joydivision Aquaglide vanilla, 100 ml - Szexshop Belvaros\" \/>\n<meta property=\"og:description\" content=\"V\u00edzb\u00e1zis\u00fa s\u00edkos\u00edt\u00f3 k\u00e9sz\u00edtm\u00e9nyl van\u00edlia \u00edzes\u00edt\u00e9ssel. B\u0151rgy\u00f3gy\u00e1szatilag \u00e9s klinikailag vizsg\u00e1lt term\u00e9k (optim\u00e1lis PH \u00e9rt\u00e9kkel). Alkalmazhat\u00f3 szexu\u00e1lis egy\u00fcttl\u00e9t alkalm\u00e1val. Szexu\u00e1lis seg\u00e9deszk\u00f6z\u00f6kh\u00f6z \u00e9s \u00f3vszerrel is haszn\u00e1lhat\u00f3. Lemoshat\u00f3, zs\u00edrmentes. \u00d6sszetev\u0151k: glycerin, v\u00edz, hydoxyethyl cellulose, sodium metilparaben, sodium saccharin, aroma. Min\u0151s\u00e9g\u00e9t meg\u0151rzi a csomagol\u00e1son felt\u00fcntetett id\u0151pontig. Gyeremekekt\u0151l elz\u00e1rva tartand\u00f3! 100 ml. Speci\u00e1lis jellemz\u0151 illatos &nbsp;\" \/>\n<meta property=\"og:url\" content=\"https:\/\/www.szexshopbelvaros.com\/en\/product\/joydivision-aquaglide-vanilla-100-ml\/\" \/>\n<meta property=\"og:site_name\" content=\"Szexshop Belvaros\" \/>\n<meta property=\"article:publisher\" content=\"https:\/\/www.facebook.com\/belvarossecrets\/\" \/>\n<meta property=\"article:modified_time\" content=\"2026-02-14T14:50:15+00:00\" \/>\n<meta property=\"og:image\" content=\"https:\/\/www.szexshopbelvaros.com\/wp-content\/uploads\/2025\/01\/00331468-0ded-11ef-9953-ba6d12b13a3f_45638_1000x1000.jpg\" \/>\n\t<meta property=\"og:image:width\" content=\"1200\" \/>\n\t<meta property=\"og:image:height\" content=\"676\" \/>\n\t<meta property=\"og:image:type\" content=\"image\/jpeg\" \/>\n<meta name=\"twitter:card\" content=\"summary_large_image\" \/>\n<meta name=\"twitter:site\" content=\"@belvarossecrets\" \/>\n<script type=\"application\/ld+json\" class=\"yoast-schema-graph\">{\"@context\":\"https:\\\/\\\/schema.org\",\"@graph\":[{\"@type\":\"WebPage\",\"@id\":\"https:\\\/\\\/www.szexshopbelvaros.com\\\/termek\\\/joydivision-aquaglide-vanilla-100-ml\\\/\",\"url\":\"https:\\\/\\\/www.szexshopbelvaros.com\\\/termek\\\/joydivision-aquaglide-vanilla-100-ml\\\/\",\"name\":\"Joydivision Aquaglide vanilla, 100 ml - Szexshop Belvaros\",\"isPartOf\":{\"@id\":\"https:\\\/\\\/www.szexshopbelvaros.com\\\/#website\"},\"primaryImageOfPage\":{\"@id\":\"https:\\\/\\\/www.szexshopbelvaros.com\\\/termek\\\/joydivision-aquaglide-vanilla-100-ml\\\/#primaryimage\"},\"image\":{\"@id\":\"https:\\\/\\\/www.szexshopbelvaros.com\\\/termek\\\/joydivision-aquaglide-vanilla-100-ml\\\/#primaryimage\"},\"thumbnailUrl\":\"https:\\\/\\\/www.szexshopbelvaros.com\\\/wp-content\\\/uploads\\\/2025\\\/01\\\/00331468-0ded-11ef-9953-ba6d12b13a3f_45638_1000x1000.jpg\",\"datePublished\":\"2025-01-31T13:41:28+00:00\",\"dateModified\":\"2026-02-14T14:50:15+00:00\",\"breadcrumb\":{\"@id\":\"https:\\\/\\\/www.szexshopbelvaros.com\\\/termek\\\/joydivision-aquaglide-vanilla-100-ml\\\/#breadcrumb\"},\"inLanguage\":\"en-US\",\"potentialAction\":[{\"@type\":\"ReadAction\",\"target\":[\"https:\\\/\\\/www.szexshopbelvaros.com\\\/termek\\\/joydivision-aquaglide-vanilla-100-ml\\\/\"]}]},{\"@type\":\"ImageObject\",\"inLanguage\":\"en-US\",\"@id\":\"https:\\\/\\\/www.szexshopbelvaros.com\\\/termek\\\/joydivision-aquaglide-vanilla-100-ml\\\/#primaryimage\",\"url\":\"https:\\\/\\\/www.szexshopbelvaros.com\\\/wp-content\\\/uploads\\\/2025\\\/01\\\/00331468-0ded-11ef-9953-ba6d12b13a3f_45638_1000x1000.jpg\",\"contentUrl\":\"https:\\\/\\\/www.szexshopbelvaros.com\\\/wp-content\\\/uploads\\\/2025\\\/01\\\/00331468-0ded-11ef-9953-ba6d12b13a3f_45638_1000x1000.jpg\",\"width\":1200,\"height\":676},{\"@type\":\"BreadcrumbList\",\"@id\":\"https:\\\/\\\/www.szexshopbelvaros.com\\\/termek\\\/joydivision-aquaglide-vanilla-100-ml\\\/#breadcrumb\",\"itemListElement\":[{\"@type\":\"ListItem\",\"position\":1,\"name\":\"Home\",\"item\":\"https:\\\/\\\/www.szexshopbelvaros.com\\\/\"},{\"@type\":\"ListItem\",\"position\":2,\"name\":\"\u00c1ruh\u00e1z\",\"item\":\"https:\\\/\\\/www.szexshopbelvaros.com\\\/uzlet\\\/\"},{\"@type\":\"ListItem\",\"position\":3,\"name\":\"Joydivision Aquaglide vanilla, 100 ml\"}]},{\"@type\":\"WebSite\",\"@id\":\"https:\\\/\\\/www.szexshopbelvaros.com\\\/#website\",\"url\":\"https:\\\/\\\/www.szexshopbelvaros.com\\\/\",\"name\":\"Szexshop Belv\u00e1ros\",\"description\":\"\ud83d\udd25 A szex olyan, mint a p\u00e9nz; csak a t\u00fal sok el\u00e9g!\u2122 Titkok a belv\u00e1rosb\u00f3l \ud83d\udc8b | Secrets from Budapest \ud83d\udc8e Feln\u0151tt j\u00e1t\u00e9kok \u2022 Erotika \u2022 Szexshop Belvaros\",\"publisher\":{\"@id\":\"https:\\\/\\\/www.szexshopbelvaros.com\\\/#organization\"},\"potentialAction\":[{\"@type\":\"SearchAction\",\"target\":{\"@type\":\"EntryPoint\",\"urlTemplate\":\"https:\\\/\\\/www.szexshopbelvaros.com\\\/?s={search_term_string}\"},\"query-input\":{\"@type\":\"PropertyValueSpecification\",\"valueRequired\":true,\"valueName\":\"search_term_string\"}}],\"inLanguage\":\"en-US\"},{\"@type\":\"Organization\",\"@id\":\"https:\\\/\\\/www.szexshopbelvaros.com\\\/#organization\",\"name\":\"Szexshop Belv\u00e1ros\",\"alternateName\":\"szexshopbelvaros.com\",\"url\":\"https:\\\/\\\/www.szexshopbelvaros.com\\\/\",\"logo\":{\"@type\":\"ImageObject\",\"inLanguage\":\"en-US\",\"@id\":\"https:\\\/\\\/www.szexshopbelvaros.com\\\/#\\\/schema\\\/logo\\\/image\\\/\",\"url\":\"https:\\\/\\\/www.szexshopbelvaros.com\\\/wp-content\\\/uploads\\\/2025\\\/09\\\/1Szexshopbelvaroslogo_blurred_stronger.jpg\",\"contentUrl\":\"https:\\\/\\\/www.szexshopbelvaros.com\\\/wp-content\\\/uploads\\\/2025\\\/09\\\/1Szexshopbelvaroslogo_blurred_stronger.jpg\",\"width\":1024,\"height\":1024,\"caption\":\"Szexshop Belv\u00e1ros\"},\"image\":{\"@id\":\"https:\\\/\\\/www.szexshopbelvaros.com\\\/#\\\/schema\\\/logo\\\/image\\\/\"},\"sameAs\":[\"https:\\\/\\\/www.facebook.com\\\/belvarossecrets\\\/\",\"https:\\\/\\\/x.com\\\/belvarossecrets\",\"https:\\\/\\\/www.instagram.com\\\/belvarossecrets\\\/\",\"https:\\\/\\\/www.tiktok.com\\\/@belvarossecrets\"]}]}<\/script>\n<!-- \/ Yoast SEO plugin. -->","yoast_head_json":{"title":"Joydivision Aquaglide vanilla, 100 ml - Sex shop Belvaros","robots":{"index":"index","follow":"follow","max-snippet":"max-snippet:-1","max-image-preview":"max-image-preview:large","max-video-preview":"max-video-preview:-1"},"canonical":"https:\/\/www.szexshopbelvaros.com\/en\/product\/joydivision-aquaglide-vanilla-100-ml\/","og_locale":"en_US","og_type":"article","og_title":"Joydivision Aquaglide vanilla, 100 ml - Szexshop Belvaros","og_description":"V\u00edzb\u00e1zis\u00fa s\u00edkos\u00edt\u00f3 k\u00e9sz\u00edtm\u00e9nyl van\u00edlia \u00edzes\u00edt\u00e9ssel. B\u0151rgy\u00f3gy\u00e1szatilag \u00e9s klinikailag vizsg\u00e1lt term\u00e9k (optim\u00e1lis PH \u00e9rt\u00e9kkel). Alkalmazhat\u00f3 szexu\u00e1lis egy\u00fcttl\u00e9t alkalm\u00e1val. Szexu\u00e1lis seg\u00e9deszk\u00f6z\u00f6kh\u00f6z \u00e9s \u00f3vszerrel is haszn\u00e1lhat\u00f3. Lemoshat\u00f3, zs\u00edrmentes. \u00d6sszetev\u0151k: glycerin, v\u00edz, hydoxyethyl cellulose, sodium metilparaben, sodium saccharin, aroma. Min\u0151s\u00e9g\u00e9t meg\u0151rzi a csomagol\u00e1son felt\u00fcntetett id\u0151pontig. Gyeremekekt\u0151l elz\u00e1rva tartand\u00f3! 100 ml. Speci\u00e1lis jellemz\u0151 illatos &nbsp;","og_url":"https:\/\/www.szexshopbelvaros.com\/en\/product\/joydivision-aquaglide-vanilla-100-ml\/","og_site_name":"Szexshop Belvaros","article_publisher":"https:\/\/www.facebook.com\/belvarossecrets\/","article_modified_time":"2026-02-14T14:50:15+00:00","og_image":[{"width":1200,"height":676,"url":"https:\/\/www.szexshopbelvaros.com\/wp-content\/uploads\/2025\/01\/00331468-0ded-11ef-9953-ba6d12b13a3f_45638_1000x1000.jpg","type":"image\/jpeg"}],"twitter_card":"summary_large_image","twitter_site":"@belvarossecrets","schema":{"@context":"https:\/\/schema.org","@graph":[{"@type":"WebPage","@id":"https:\/\/www.szexshopbelvaros.com\/termek\/joydivision-aquaglide-vanilla-100-ml\/","url":"https:\/\/www.szexshopbelvaros.com\/termek\/joydivision-aquaglide-vanilla-100-ml\/","name":"Joydivision Aquaglide vanilla, 100 ml - Sex shop Belvaros","isPartOf":{"@id":"https:\/\/www.szexshopbelvaros.com\/#website"},"primaryImageOfPage":{"@id":"https:\/\/www.szexshopbelvaros.com\/termek\/joydivision-aquaglide-vanilla-100-ml\/#primaryimage"},"image":{"@id":"https:\/\/www.szexshopbelvaros.com\/termek\/joydivision-aquaglide-vanilla-100-ml\/#primaryimage"},"thumbnailUrl":"https:\/\/www.szexshopbelvaros.com\/wp-content\/uploads\/2025\/01\/00331468-0ded-11ef-9953-ba6d12b13a3f_45638_1000x1000.jpg","datePublished":"2025-01-31T13:41:28+00:00","dateModified":"2026-02-14T14:50:15+00:00","breadcrumb":{"@id":"https:\/\/www.szexshopbelvaros.com\/termek\/joydivision-aquaglide-vanilla-100-ml\/#breadcrumb"},"inLanguage":"en-US","potentialAction":[{"@type":"ReadAction","target":["https:\/\/www.szexshopbelvaros.com\/termek\/joydivision-aquaglide-vanilla-100-ml\/"]}]},{"@type":"ImageObject","inLanguage":"en-US","@id":"https:\/\/www.szexshopbelvaros.com\/termek\/joydivision-aquaglide-vanilla-100-ml\/#primaryimage","url":"https:\/\/www.szexshopbelvaros.com\/wp-content\/uploads\/2025\/01\/00331468-0ded-11ef-9953-ba6d12b13a3f_45638_1000x1000.jpg","contentUrl":"https:\/\/www.szexshopbelvaros.com\/wp-content\/uploads\/2025\/01\/00331468-0ded-11ef-9953-ba6d12b13a3f_45638_1000x1000.jpg","width":1200,"height":676},{"@type":"BreadcrumbList","@id":"https:\/\/www.szexshopbelvaros.com\/termek\/joydivision-aquaglide-vanilla-100-ml\/#breadcrumb","itemListElement":[{"@type":"ListItem","position":1,"name":"Home","item":"https:\/\/www.szexshopbelvaros.com\/"},{"@type":"ListItem","position":2,"name":"\u00c1ruh\u00e1z","item":"https:\/\/www.szexshopbelvaros.com\/uzlet\/"},{"@type":"ListItem","position":3,"name":"Joydivision Aquaglide vanilla, 100 ml"}]},{"@type":"WebSite","@id":"https:\/\/www.szexshopbelvaros.com\/#website","url":"https:\/\/www.szexshopbelvaros.com\/","name":"at our Szexshop Belv\u00e1ros","description":"\ud83d\udd25 Sex is like money; only too much is enough!\u2122 Secrets from the city center \ud83d\udc8b | Secrets from Budapest \ud83d\udc8e Adult games \u2022 Erotica \u2022 Sex shop Belvaros","publisher":{"@id":"https:\/\/www.szexshopbelvaros.com\/#organization"},"potentialAction":[{"@type":"SearchAction","target":{"@type":"EntryPoint","urlTemplate":"https:\/\/www.szexshopbelvaros.com\/?s={search_term_string}"},"query-input":{"@type":"PropertyValueSpecification","valueRequired":true,"valueName":"search_term_string"}}],"inLanguage":"en-US"},{"@type":"Organization","@id":"https:\/\/www.szexshopbelvaros.com\/#organization","name":"at our Szexshop Belv\u00e1ros","alternateName":"szexshopbelvaros.com","url":"https:\/\/www.szexshopbelvaros.com\/","logo":{"@type":"ImageObject","inLanguage":"en-US","@id":"https:\/\/www.szexshopbelvaros.com\/#\/schema\/logo\/image\/","url":"https:\/\/www.szexshopbelvaros.com\/wp-content\/uploads\/2025\/09\/1Szexshopbelvaroslogo_blurred_stronger.jpg","contentUrl":"https:\/\/www.szexshopbelvaros.com\/wp-content\/uploads\/2025\/09\/1Szexshopbelvaroslogo_blurred_stronger.jpg","width":1024,"height":1024,"caption":"Szexshop Belv\u00e1ros"},"image":{"@id":"https:\/\/www.szexshopbelvaros.com\/#\/schema\/logo\/image\/"},"sameAs":["https:\/\/www.facebook.com\/belvarossecrets\/","https:\/\/x.com\/belvarossecrets","https:\/\/www.instagram.com\/belvarossecrets\/","https:\/\/www.tiktok.com\/@belvarossecrets"]}]}},"_links":{"self":[{"href":"https:\/\/www.szexshopbelvaros.com\/en\/wp-json\/wp\/v2\/product\/508","targetHints":{"allow":["GET"]}}],"collection":[{"href":"https:\/\/www.szexshopbelvaros.com\/en\/wp-json\/wp\/v2\/product"}],"about":[{"href":"https:\/\/www.szexshopbelvaros.com\/en\/wp-json\/wp\/v2\/types\/product"}],"replies":[{"embeddable":true,"href":"https:\/\/www.szexshopbelvaros.com\/en\/wp-json\/wp\/v2\/comments?post=508"}],"wp:featuredmedia":[{"embeddable":true,"href":"https:\/\/www.szexshopbelvaros.com\/en\/wp-json\/wp\/v2\/media\/509"}],"wp:attachment":[{"href":"https:\/\/www.szexshopbelvaros.com\/en\/wp-json\/wp\/v2\/media?parent=508"}],"wp:term":[{"taxonomy":"product_brand","embeddable":true,"href":"https:\/\/www.szexshopbelvaros.com\/en\/wp-json\/wp\/v2\/product_brand?post=508"},{"taxonomy":"product_cat","embeddable":true,"href":"https:\/\/www.szexshopbelvaros.com\/en\/wp-json\/wp\/v2\/product_cat?post=508"},{"taxonomy":"product_tag","embeddable":true,"href":"https:\/\/www.szexshopbelvaros.com\/en\/wp-json\/wp\/v2\/product_tag?post=508"}],"curies":[{"name":"wp","href":"https:\/\/api.w.org\/{rel}","templated":true}]}}