{"id":512,"date":"2025-01-31T14:41:28","date_gmt":"2025-01-31T13:41:28","guid":{"rendered":"https:\/\/www.szexshopbelvaros.com\/termek\/shunga-premium-gentle-toy-cleaner-115-ml\/"},"modified":"2026-02-16T18:22:41","modified_gmt":"2026-02-16T17:22:41","slug":"shunga-premium-gentle-toy-cleaner-115-ml","status":"publish","type":"product","link":"https:\/\/www.szexshopbelvaros.com\/en\/product\/shunga-premium-gentle-toy-cleaner-115-ml\/","title":{"rendered":"Premium Gentle Toy Cleaner 115 ml."},"content":{"rendered":"<p>Gentle Toy Cleaner is designed for extra hygienic cleaning of erotic toys and lubricants from skin.<br \/>\nIt has thorough cleaning properties but does not affect the structure of sex toys.<\/p>\n<p>&nbsp;<\/p>","protected":false},"excerpt":{"rendered":"<p>Gentle Toy Cleaner is designed for extra hygienic cleaning of erotic toys and lubricants from skin. It has thorough cleaning properties but does not affect the structure of sex toys. &nbsp;<\/p>","protected":false},"featured_media":513,"comment_status":"closed","ping_status":"closed","template":"","meta":[],"product_brand":[60],"product_cat":[145,65],"product_tag":[1311,1286,1282,1271,1276,1288,759,1283,1274,2125,1272,1270,2137,2140,1281,750,567,1269,1310,1280,440,2135,2126,1278,1287,2123,1267,1301,1279,1273,2124,2136,1268,1275,220,1277,1284,2138,2139,1285],"class_list":{"0":"post-512","1":"product","2":"type-product","3":"status-publish","4":"has-post-thumbnail","6":"product_brand-shunga","7":"product_cat-segedeszkozok","8":"product_cat-segedeszkoztisztitok","9":"product_tag-adult-toy-accessory","10":"product_tag-adult-toy-care","11":"product_tag-antibacterial-cleaner","12":"product_tag-antibakterialis-tisztito","13":"product_tag-biztonsagos-hasznalat","14":"product_tag-body-safe-cleaning","15":"product_tag-daily-hygiene","16":"product_tag-disinfecting-spray","17":"product_tag-eszkoz-tisztitas","18":"product_tag-felnott-jatek-kiegeszito","19":"product_tag-fertotlenito-spray","20":"product_tag-higieniai-spray","21":"product_tag-higieniai-termek","22":"product_tag-hygiene-product","23":"product_tag-hygiene-spray","24":"product_tag-intim-higienia","25":"product_tag-intim-kiegeszito","26":"product_tag-intim-tisztito","27":"product_tag-intimate-accessory","28":"product_tag-intimate-cleaner","29":"product_tag-intimate-hygiene","30":"product_tag-jatek-tisztito","31":"product_tag-karbantartas","32":"product_tag-napi-higieniatoy-cleaner","33":"product_tag-safe-use","34":"product_tag-segedeszkoz","35":"product_tag-segedeszkoz-tisztito","36":"product_tag-sex-toy-accessory","37":"product_tag-sex-toy-cleaner","38":"product_tag-szexjatek-apolas","39":"product_tag-szexjatek-kiegeszito","40":"product_tag-szexjatek-tisztitas","41":"product_tag-szexjatek-tisztito","42":"product_tag-szexkiegeszito-apolas","43":"product_tag-szexshop-belvaros","44":"product_tag-testbarat-tisztitas","45":"product_tag-toy-care","46":"product_tag-toy-cleaner","47":"product_tag-toy-disinfectant","48":"product_tag-toy-maintenance","50":"first","51":"instock","52":"taxable","53":"shipping-taxable","54":"purchasable","55":"product-type-simple"},"yoast_head":"<!-- This site is optimized with the Yoast SEO plugin v27.5 - https:\/\/yoast.com\/product\/yoast-seo-wordpress\/ -->\n<title>Premium Gentle Toy Cleaner 115 ml. - Szexshop Belvaros<\/title>\n<meta name=\"robots\" content=\"index, follow, max-snippet:-1, max-image-preview:large, max-video-preview:-1\" \/>\n<link rel=\"canonical\" href=\"https:\/\/www.szexshopbelvaros.com\/en\/product\/shunga-premium-gentle-toy-cleaner-115-ml\/\" \/>\n<meta property=\"og:locale\" content=\"en_US\" \/>\n<meta property=\"og:type\" content=\"article\" \/>\n<meta property=\"og:title\" content=\"Premium Gentle Toy Cleaner 115 ml. - Szexshop Belvaros\" \/>\n<meta property=\"og:description\" content=\"Gentle Toy Cleaner-t az erotikus j\u00e1t\u00e9kok \u00e9s a s\u00edkos\u00edt\u00f3k b\u0151rr\u0151l val\u00f3 extra higi\u00e9n\u00e9s tiszt\u00edt\u00e1s\u00e1hoz tervezt\u00e9k. Alapos tiszt\u00edt\u00e1si tulajdons\u00e1gokkal rendelkezik, de nem befoly\u00e1solja a szexu\u00e1lis j\u00e1t\u00e9kok szerkezet\u00e9t. &nbsp;\" \/>\n<meta property=\"og:url\" content=\"https:\/\/www.szexshopbelvaros.com\/en\/product\/shunga-premium-gentle-toy-cleaner-115-ml\/\" \/>\n<meta property=\"og:site_name\" content=\"Szexshop Belvaros\" \/>\n<meta property=\"article:publisher\" content=\"https:\/\/www.facebook.com\/belvarossecrets\/\" \/>\n<meta property=\"article:modified_time\" content=\"2026-02-16T17:22:41+00:00\" \/>\n<meta property=\"og:image\" content=\"https:\/\/www.szexshopbelvaros.com\/wp-content\/uploads\/2025\/01\/56e317aa-0df1-11ef-84a2-22131d1bd20e_24183_1000x1000__2_.jpg\" \/>\n\t<meta property=\"og:image:width\" content=\"1200\" \/>\n\t<meta property=\"og:image:height\" content=\"676\" \/>\n\t<meta property=\"og:image:type\" content=\"image\/jpeg\" \/>\n<meta name=\"twitter:card\" content=\"summary_large_image\" \/>\n<meta name=\"twitter:site\" content=\"@belvarossecrets\" \/>\n<script type=\"application\/ld+json\" class=\"yoast-schema-graph\">{\"@context\":\"https:\\\/\\\/schema.org\",\"@graph\":[{\"@type\":\"WebPage\",\"@id\":\"https:\\\/\\\/www.szexshopbelvaros.com\\\/termek\\\/shunga-premium-gentle-toy-cleaner-115-ml\\\/\",\"url\":\"https:\\\/\\\/www.szexshopbelvaros.com\\\/termek\\\/shunga-premium-gentle-toy-cleaner-115-ml\\\/\",\"name\":\"Premium Gentle Toy Cleaner 115 ml. - Szexshop Belvaros\",\"isPartOf\":{\"@id\":\"https:\\\/\\\/www.szexshopbelvaros.com\\\/#website\"},\"primaryImageOfPage\":{\"@id\":\"https:\\\/\\\/www.szexshopbelvaros.com\\\/termek\\\/shunga-premium-gentle-toy-cleaner-115-ml\\\/#primaryimage\"},\"image\":{\"@id\":\"https:\\\/\\\/www.szexshopbelvaros.com\\\/termek\\\/shunga-premium-gentle-toy-cleaner-115-ml\\\/#primaryimage\"},\"thumbnailUrl\":\"https:\\\/\\\/www.szexshopbelvaros.com\\\/wp-content\\\/uploads\\\/2025\\\/01\\\/56e317aa-0df1-11ef-84a2-22131d1bd20e_24183_1000x1000__2_.jpg\",\"datePublished\":\"2025-01-31T13:41:28+00:00\",\"dateModified\":\"2026-02-16T17:22:41+00:00\",\"breadcrumb\":{\"@id\":\"https:\\\/\\\/www.szexshopbelvaros.com\\\/termek\\\/shunga-premium-gentle-toy-cleaner-115-ml\\\/#breadcrumb\"},\"inLanguage\":\"en-US\",\"potentialAction\":[{\"@type\":\"ReadAction\",\"target\":[\"https:\\\/\\\/www.szexshopbelvaros.com\\\/termek\\\/shunga-premium-gentle-toy-cleaner-115-ml\\\/\"]}]},{\"@type\":\"ImageObject\",\"inLanguage\":\"en-US\",\"@id\":\"https:\\\/\\\/www.szexshopbelvaros.com\\\/termek\\\/shunga-premium-gentle-toy-cleaner-115-ml\\\/#primaryimage\",\"url\":\"https:\\\/\\\/www.szexshopbelvaros.com\\\/wp-content\\\/uploads\\\/2025\\\/01\\\/56e317aa-0df1-11ef-84a2-22131d1bd20e_24183_1000x1000__2_.jpg\",\"contentUrl\":\"https:\\\/\\\/www.szexshopbelvaros.com\\\/wp-content\\\/uploads\\\/2025\\\/01\\\/56e317aa-0df1-11ef-84a2-22131d1bd20e_24183_1000x1000__2_.jpg\",\"width\":1200,\"height\":676},{\"@type\":\"BreadcrumbList\",\"@id\":\"https:\\\/\\\/www.szexshopbelvaros.com\\\/termek\\\/shunga-premium-gentle-toy-cleaner-115-ml\\\/#breadcrumb\",\"itemListElement\":[{\"@type\":\"ListItem\",\"position\":1,\"name\":\"Home\",\"item\":\"https:\\\/\\\/www.szexshopbelvaros.com\\\/\"},{\"@type\":\"ListItem\",\"position\":2,\"name\":\"\u00c1ruh\u00e1z\",\"item\":\"https:\\\/\\\/www.szexshopbelvaros.com\\\/uzlet\\\/\"},{\"@type\":\"ListItem\",\"position\":3,\"name\":\"Premium Gentle Toy Cleaner 115 ml.\"}]},{\"@type\":\"WebSite\",\"@id\":\"https:\\\/\\\/www.szexshopbelvaros.com\\\/#website\",\"url\":\"https:\\\/\\\/www.szexshopbelvaros.com\\\/\",\"name\":\"Szexshop Belv\u00e1ros\",\"description\":\"\ud83d\udd25 A szex olyan, mint a p\u00e9nz; csak a t\u00fal sok el\u00e9g!\u2122 Titkok a belv\u00e1rosb\u00f3l \ud83d\udc8b | Secrets from Budapest \ud83d\udc8e Feln\u0151tt j\u00e1t\u00e9kok \u2022 Erotika \u2022 Szexshop Belvaros\",\"publisher\":{\"@id\":\"https:\\\/\\\/www.szexshopbelvaros.com\\\/#organization\"},\"potentialAction\":[{\"@type\":\"SearchAction\",\"target\":{\"@type\":\"EntryPoint\",\"urlTemplate\":\"https:\\\/\\\/www.szexshopbelvaros.com\\\/?s={search_term_string}\"},\"query-input\":{\"@type\":\"PropertyValueSpecification\",\"valueRequired\":true,\"valueName\":\"search_term_string\"}}],\"inLanguage\":\"en-US\"},{\"@type\":\"Organization\",\"@id\":\"https:\\\/\\\/www.szexshopbelvaros.com\\\/#organization\",\"name\":\"Szexshop Belv\u00e1ros\",\"alternateName\":\"szexshopbelvaros.com\",\"url\":\"https:\\\/\\\/www.szexshopbelvaros.com\\\/\",\"logo\":{\"@type\":\"ImageObject\",\"inLanguage\":\"en-US\",\"@id\":\"https:\\\/\\\/www.szexshopbelvaros.com\\\/#\\\/schema\\\/logo\\\/image\\\/\",\"url\":\"https:\\\/\\\/www.szexshopbelvaros.com\\\/wp-content\\\/uploads\\\/2025\\\/09\\\/1Szexshopbelvaroslogo_blurred_stronger.jpg\",\"contentUrl\":\"https:\\\/\\\/www.szexshopbelvaros.com\\\/wp-content\\\/uploads\\\/2025\\\/09\\\/1Szexshopbelvaroslogo_blurred_stronger.jpg\",\"width\":1024,\"height\":1024,\"caption\":\"Szexshop Belv\u00e1ros\"},\"image\":{\"@id\":\"https:\\\/\\\/www.szexshopbelvaros.com\\\/#\\\/schema\\\/logo\\\/image\\\/\"},\"sameAs\":[\"https:\\\/\\\/www.facebook.com\\\/belvarossecrets\\\/\",\"https:\\\/\\\/x.com\\\/belvarossecrets\",\"https:\\\/\\\/www.instagram.com\\\/belvarossecrets\\\/\",\"https:\\\/\\\/www.tiktok.com\\\/@belvarossecrets\"]}]}<\/script>\n<!-- \/ Yoast SEO plugin. -->","yoast_head_json":{"title":"Premium Gentle Toy Cleaner 115 ml. - Sexshop Belvaros","robots":{"index":"index","follow":"follow","max-snippet":"max-snippet:-1","max-image-preview":"max-image-preview:large","max-video-preview":"max-video-preview:-1"},"canonical":"https:\/\/www.szexshopbelvaros.com\/en\/product\/shunga-premium-gentle-toy-cleaner-115-ml\/","og_locale":"en_US","og_type":"article","og_title":"Premium Gentle Toy Cleaner 115 ml. - Szexshop Belvaros","og_description":"Gentle Toy Cleaner-t az erotikus j\u00e1t\u00e9kok \u00e9s a s\u00edkos\u00edt\u00f3k b\u0151rr\u0151l val\u00f3 extra higi\u00e9n\u00e9s tiszt\u00edt\u00e1s\u00e1hoz tervezt\u00e9k. Alapos tiszt\u00edt\u00e1si tulajdons\u00e1gokkal rendelkezik, de nem befoly\u00e1solja a szexu\u00e1lis j\u00e1t\u00e9kok szerkezet\u00e9t. &nbsp;","og_url":"https:\/\/www.szexshopbelvaros.com\/en\/product\/shunga-premium-gentle-toy-cleaner-115-ml\/","og_site_name":"Szexshop Belvaros","article_publisher":"https:\/\/www.facebook.com\/belvarossecrets\/","article_modified_time":"2026-02-16T17:22:41+00:00","og_image":[{"width":1200,"height":676,"url":"https:\/\/www.szexshopbelvaros.com\/wp-content\/uploads\/2025\/01\/56e317aa-0df1-11ef-84a2-22131d1bd20e_24183_1000x1000__2_.jpg","type":"image\/jpeg"}],"twitter_card":"summary_large_image","twitter_site":"@belvarossecrets","schema":{"@context":"https:\/\/schema.org","@graph":[{"@type":"WebPage","@id":"https:\/\/www.szexshopbelvaros.com\/termek\/shunga-premium-gentle-toy-cleaner-115-ml\/","url":"https:\/\/www.szexshopbelvaros.com\/termek\/shunga-premium-gentle-toy-cleaner-115-ml\/","name":"Premium Gentle Toy Cleaner 115 ml. - Sexshop Belvaros","isPartOf":{"@id":"https:\/\/www.szexshopbelvaros.com\/#website"},"primaryImageOfPage":{"@id":"https:\/\/www.szexshopbelvaros.com\/termek\/shunga-premium-gentle-toy-cleaner-115-ml\/#primaryimage"},"image":{"@id":"https:\/\/www.szexshopbelvaros.com\/termek\/shunga-premium-gentle-toy-cleaner-115-ml\/#primaryimage"},"thumbnailUrl":"https:\/\/www.szexshopbelvaros.com\/wp-content\/uploads\/2025\/01\/56e317aa-0df1-11ef-84a2-22131d1bd20e_24183_1000x1000__2_.jpg","datePublished":"2025-01-31T13:41:28+00:00","dateModified":"2026-02-16T17:22:41+00:00","breadcrumb":{"@id":"https:\/\/www.szexshopbelvaros.com\/termek\/shunga-premium-gentle-toy-cleaner-115-ml\/#breadcrumb"},"inLanguage":"en-US","potentialAction":[{"@type":"ReadAction","target":["https:\/\/www.szexshopbelvaros.com\/termek\/shunga-premium-gentle-toy-cleaner-115-ml\/"]}]},{"@type":"ImageObject","inLanguage":"en-US","@id":"https:\/\/www.szexshopbelvaros.com\/termek\/shunga-premium-gentle-toy-cleaner-115-ml\/#primaryimage","url":"https:\/\/www.szexshopbelvaros.com\/wp-content\/uploads\/2025\/01\/56e317aa-0df1-11ef-84a2-22131d1bd20e_24183_1000x1000__2_.jpg","contentUrl":"https:\/\/www.szexshopbelvaros.com\/wp-content\/uploads\/2025\/01\/56e317aa-0df1-11ef-84a2-22131d1bd20e_24183_1000x1000__2_.jpg","width":1200,"height":676},{"@type":"BreadcrumbList","@id":"https:\/\/www.szexshopbelvaros.com\/termek\/shunga-premium-gentle-toy-cleaner-115-ml\/#breadcrumb","itemListElement":[{"@type":"ListItem","position":1,"name":"Home","item":"https:\/\/www.szexshopbelvaros.com\/"},{"@type":"ListItem","position":2,"name":"\u00c1ruh\u00e1z","item":"https:\/\/www.szexshopbelvaros.com\/uzlet\/"},{"@type":"ListItem","position":3,"name":"Premium Gentle Toy Cleaner 115 ml."}]},{"@type":"WebSite","@id":"https:\/\/www.szexshopbelvaros.com\/#website","url":"https:\/\/www.szexshopbelvaros.com\/","name":"at our Szexshop Belv\u00e1ros","description":"\ud83d\udd25 Sex is like money; only too much is enough!\u2122 Secrets from the city center \ud83d\udc8b | Secrets from Budapest \ud83d\udc8e Adult games \u2022 Erotica \u2022 Sex shop Belvaros","publisher":{"@id":"https:\/\/www.szexshopbelvaros.com\/#organization"},"potentialAction":[{"@type":"SearchAction","target":{"@type":"EntryPoint","urlTemplate":"https:\/\/www.szexshopbelvaros.com\/?s={search_term_string}"},"query-input":{"@type":"PropertyValueSpecification","valueRequired":true,"valueName":"search_term_string"}}],"inLanguage":"en-US"},{"@type":"Organization","@id":"https:\/\/www.szexshopbelvaros.com\/#organization","name":"at our Szexshop Belv\u00e1ros","alternateName":"szexshopbelvaros.com","url":"https:\/\/www.szexshopbelvaros.com\/","logo":{"@type":"ImageObject","inLanguage":"en-US","@id":"https:\/\/www.szexshopbelvaros.com\/#\/schema\/logo\/image\/","url":"https:\/\/www.szexshopbelvaros.com\/wp-content\/uploads\/2025\/09\/1Szexshopbelvaroslogo_blurred_stronger.jpg","contentUrl":"https:\/\/www.szexshopbelvaros.com\/wp-content\/uploads\/2025\/09\/1Szexshopbelvaroslogo_blurred_stronger.jpg","width":1024,"height":1024,"caption":"Szexshop Belv\u00e1ros"},"image":{"@id":"https:\/\/www.szexshopbelvaros.com\/#\/schema\/logo\/image\/"},"sameAs":["https:\/\/www.facebook.com\/belvarossecrets\/","https:\/\/x.com\/belvarossecrets","https:\/\/www.instagram.com\/belvarossecrets\/","https:\/\/www.tiktok.com\/@belvarossecrets"]}]}},"_links":{"self":[{"href":"https:\/\/www.szexshopbelvaros.com\/en\/wp-json\/wp\/v2\/product\/512","targetHints":{"allow":["GET"]}}],"collection":[{"href":"https:\/\/www.szexshopbelvaros.com\/en\/wp-json\/wp\/v2\/product"}],"about":[{"href":"https:\/\/www.szexshopbelvaros.com\/en\/wp-json\/wp\/v2\/types\/product"}],"replies":[{"embeddable":true,"href":"https:\/\/www.szexshopbelvaros.com\/en\/wp-json\/wp\/v2\/comments?post=512"}],"wp:featuredmedia":[{"embeddable":true,"href":"https:\/\/www.szexshopbelvaros.com\/en\/wp-json\/wp\/v2\/media\/513"}],"wp:attachment":[{"href":"https:\/\/www.szexshopbelvaros.com\/en\/wp-json\/wp\/v2\/media?parent=512"}],"wp:term":[{"taxonomy":"product_brand","embeddable":true,"href":"https:\/\/www.szexshopbelvaros.com\/en\/wp-json\/wp\/v2\/product_brand?post=512"},{"taxonomy":"product_cat","embeddable":true,"href":"https:\/\/www.szexshopbelvaros.com\/en\/wp-json\/wp\/v2\/product_cat?post=512"},{"taxonomy":"product_tag","embeddable":true,"href":"https:\/\/www.szexshopbelvaros.com\/en\/wp-json\/wp\/v2\/product_tag?post=512"}],"curies":[{"name":"wp","href":"https:\/\/api.w.org\/{rel}","templated":true}]}}