{"id":514,"date":"2025-01-31T14:41:28","date_gmt":"2025-01-31T13:41:28","guid":{"rendered":"https:\/\/www.szexshopbelvaros.com\/termek\/eros-all-purpose-toy-cleaner-without-alcohol-200-ml\/"},"modified":"2026-02-24T12:49:50","modified_gmt":"2026-02-24T11:49:50","slug":"eros-all-purpose-toy-cleaner-without-alcohol-200-ml","status":"publish","type":"product","link":"https:\/\/www.szexshopbelvaros.com\/en\/product\/eros-all-purpose-toy-cleaner-without-alcohol-200-ml\/","title":{"rendered":"\ud83e\uddfc Alcohol-free universal toy cleaning spray 200 ml - Clean toys, for dirty pleasures!"},"content":{"rendered":"<p data-start=\"44\" data-end=\"419\">The <strong data-start=\"47\" data-end=\"97\">All Purpose Toy Cleaner without Alcohol 200 ml<\/strong> doesn't sting, it doesn't bite, it just cleans up the mess you left behind. Its alcohol-free formula is gentle on your toys, but tough on bacteria, just like you in the middle of the night. It's ideal for all kinds of sensitive surfaces, whether it's silicone, TPR or any other exciting material you've brought in contact with your body.<\/p>\n<p data-start=\"421\" data-end=\"617\">Regular cleaning is not only about hygiene, but also about ensuring that your favorite toys last for a long time. After use, just spray, wipe, and you&#039;re ready for the next round.<\/p>\n<p data-start=\"619\" data-end=\"771\">Don't let the bacteria be the only ones who find joy in you -<br data-start=\"694\" data-end=\"697\" \/>keep the area clear with the help from <strong data-start=\"724\" data-end=\"752\"><a class=\"\" href=\"http:\/\/www.szexshopbelvaros.com\/en\/\" target=\"_new\" rel=\"noopener\" data-start=\"726\" data-end=\"750\">www.szexshopbelvaros.com<\/a><\/strong> ! \ud83d\udca6<\/p>","protected":false},"excerpt":{"rendered":"<p>Az All Purpose Toy Cleaner without Alcohol 200 ml nem cs\u00edp, nem mar, csak elint\u00e9zi a mocskot, amit te hagyt\u00e1l magad ut\u00e1n. Alkoholmentes formul\u00e1j\u00e1val gyeng\u00e9d a j\u00e1t\u00e9kaidhoz, de k\u0151kem\u00e9ny a bacikhoz \u2013 pont, mint te az \u00e9jszaka k\u00f6zep\u00e9n. Ide\u00e1lis mindenf\u00e9le \u00e9rz\u00e9keny fel\u00fcletre, legyen sz\u00f3 szilikonr\u00f3l, TPR-r\u0151l vagy b\u00e1rmilyen m\u00e1s izgalmas anyagr\u00f3l, amit a testeddel \u00f6sszehozt\u00e1l. [&#8230;]\n","protected":false},"featured_media":515,"comment_status":"closed","ping_status":"closed","template":"","meta":[],"product_brand":[],"product_cat":[145,65],"product_tag":[1311,1286,1282,1271,1276,1288,759,1283,1274,2125,1272,1270,2137,2140,1281,750,567,1269,1310,1280,440,2135,2126,1278,1287,2123,1267,1301,1279,1273,2124,2136,1268,1275,220,1277,1284,2138,2139,1285],"class_list":{"0":"post-514","1":"product","2":"type-product","3":"status-publish","4":"has-post-thumbnail","6":"product_cat-segedeszkozok","7":"product_cat-segedeszkoztisztitok","8":"product_tag-adult-toy-accessory","9":"product_tag-adult-toy-care","10":"product_tag-antibacterial-cleaner","11":"product_tag-antibakterialis-tisztito","12":"product_tag-biztonsagos-hasznalat","13":"product_tag-body-safe-cleaning","14":"product_tag-daily-hygiene","15":"product_tag-disinfecting-spray","16":"product_tag-eszkoz-tisztitas","17":"product_tag-felnott-jatek-kiegeszito","18":"product_tag-fertotlenito-spray","19":"product_tag-higieniai-spray","20":"product_tag-higieniai-termek","21":"product_tag-hygiene-product","22":"product_tag-hygiene-spray","23":"product_tag-intim-higienia","24":"product_tag-intim-kiegeszito","25":"product_tag-intim-tisztito","26":"product_tag-intimate-accessory","27":"product_tag-intimate-cleaner","28":"product_tag-intimate-hygiene","29":"product_tag-jatek-tisztito","30":"product_tag-karbantartas","31":"product_tag-napi-higieniatoy-cleaner","32":"product_tag-safe-use","33":"product_tag-segedeszkoz","34":"product_tag-segedeszkoz-tisztito","35":"product_tag-sex-toy-accessory","36":"product_tag-sex-toy-cleaner","37":"product_tag-szexjatek-apolas","38":"product_tag-szexjatek-kiegeszito","39":"product_tag-szexjatek-tisztitas","40":"product_tag-szexjatek-tisztito","41":"product_tag-szexkiegeszito-apolas","42":"product_tag-szexshop-belvaros","43":"product_tag-testbarat-tisztitas","44":"product_tag-toy-care","45":"product_tag-toy-cleaner","46":"product_tag-toy-disinfectant","47":"product_tag-toy-maintenance","49":"first","50":"instock","51":"taxable","52":"shipping-taxable","53":"purchasable","54":"product-type-simple"},"yoast_head":"<!-- This site is optimized with the Yoast SEO plugin v27.5 - https:\/\/yoast.com\/product\/yoast-seo-wordpress\/ -->\n<title>\ud83e\uddfc Alkoholmentes univerz\u00e1lis j\u00e1t\u00e9ktiszt\u00edt\u00f3 spray 200 ml - Tiszta j\u00e1t\u00e9k, mocskos \u00e9lvezetekhez! - Szexshop Belvaros<\/title>\n<meta name=\"robots\" content=\"index, follow, max-snippet:-1, max-image-preview:large, max-video-preview:-1\" \/>\n<link rel=\"canonical\" href=\"https:\/\/www.szexshopbelvaros.com\/en\/product\/eros-all-purpose-toy-cleaner-without-alcohol-200-ml\/\" \/>\n<meta property=\"og:locale\" content=\"en_US\" \/>\n<meta property=\"og:type\" content=\"article\" \/>\n<meta property=\"og:title\" content=\"\ud83e\uddfc Alkoholmentes univerz\u00e1lis j\u00e1t\u00e9ktiszt\u00edt\u00f3 spray 200 ml - Tiszta j\u00e1t\u00e9k, mocskos \u00e9lvezetekhez! - Szexshop Belvaros\" \/>\n<meta property=\"og:description\" content=\"Az All Purpose Toy Cleaner without Alcohol 200 ml nem cs\u00edp, nem mar, csak elint\u00e9zi a mocskot, amit te hagyt\u00e1l magad ut\u00e1n. Alkoholmentes formul\u00e1j\u00e1val gyeng\u00e9d a j\u00e1t\u00e9kaidhoz, de k\u0151kem\u00e9ny a bacikhoz \u2013 pont, mint te az \u00e9jszaka k\u00f6zep\u00e9n. Ide\u00e1lis mindenf\u00e9le \u00e9rz\u00e9keny fel\u00fcletre, legyen sz\u00f3 szilikonr\u00f3l, TPR-r\u0151l vagy b\u00e1rmilyen m\u00e1s izgalmas anyagr\u00f3l, amit a testeddel \u00f6sszehozt\u00e1l. [...]\" \/>\n<meta property=\"og:url\" content=\"https:\/\/www.szexshopbelvaros.com\/en\/product\/eros-all-purpose-toy-cleaner-without-alcohol-200-ml\/\" \/>\n<meta property=\"og:site_name\" content=\"Szexshop Belvaros\" \/>\n<meta property=\"article:publisher\" content=\"https:\/\/www.facebook.com\/belvarossecrets\/\" \/>\n<meta property=\"article:modified_time\" content=\"2026-02-24T11:49:50+00:00\" \/>\n<meta property=\"og:image\" content=\"https:\/\/www.szexshopbelvaros.com\/wp-content\/uploads\/2025\/01\/b0c0491e-0df1-11ef-8765-4a1823ef9a5b_36387_1000x1000__2_.jpg\" \/>\n\t<meta property=\"og:image:width\" content=\"1200\" \/>\n\t<meta property=\"og:image:height\" content=\"676\" \/>\n\t<meta property=\"og:image:type\" content=\"image\/jpeg\" \/>\n<meta name=\"twitter:card\" content=\"summary_large_image\" \/>\n<meta name=\"twitter:site\" content=\"@belvarossecrets\" \/>\n<meta name=\"twitter:label1\" content=\"Est. reading time\" \/>\n\t<meta name=\"twitter:data1\" content=\"1 minute\" \/>\n<script type=\"application\/ld+json\" class=\"yoast-schema-graph\">{\"@context\":\"https:\\\/\\\/schema.org\",\"@graph\":[{\"@type\":\"WebPage\",\"@id\":\"https:\\\/\\\/www.szexshopbelvaros.com\\\/termek\\\/eros-all-purpose-toy-cleaner-without-alcohol-200-ml\\\/\",\"url\":\"https:\\\/\\\/www.szexshopbelvaros.com\\\/termek\\\/eros-all-purpose-toy-cleaner-without-alcohol-200-ml\\\/\",\"name\":\"\ud83e\uddfc Alkoholmentes univerz\u00e1lis j\u00e1t\u00e9ktiszt\u00edt\u00f3 spray 200 ml - Tiszta j\u00e1t\u00e9k, mocskos \u00e9lvezetekhez! - Szexshop Belvaros\",\"isPartOf\":{\"@id\":\"https:\\\/\\\/www.szexshopbelvaros.com\\\/#website\"},\"primaryImageOfPage\":{\"@id\":\"https:\\\/\\\/www.szexshopbelvaros.com\\\/termek\\\/eros-all-purpose-toy-cleaner-without-alcohol-200-ml\\\/#primaryimage\"},\"image\":{\"@id\":\"https:\\\/\\\/www.szexshopbelvaros.com\\\/termek\\\/eros-all-purpose-toy-cleaner-without-alcohol-200-ml\\\/#primaryimage\"},\"thumbnailUrl\":\"https:\\\/\\\/www.szexshopbelvaros.com\\\/wp-content\\\/uploads\\\/2025\\\/01\\\/b0c0491e-0df1-11ef-8765-4a1823ef9a5b_36387_1000x1000__2_.jpg\",\"datePublished\":\"2025-01-31T13:41:28+00:00\",\"dateModified\":\"2026-02-24T11:49:50+00:00\",\"breadcrumb\":{\"@id\":\"https:\\\/\\\/www.szexshopbelvaros.com\\\/termek\\\/eros-all-purpose-toy-cleaner-without-alcohol-200-ml\\\/#breadcrumb\"},\"inLanguage\":\"en-US\",\"potentialAction\":[{\"@type\":\"ReadAction\",\"target\":[\"https:\\\/\\\/www.szexshopbelvaros.com\\\/termek\\\/eros-all-purpose-toy-cleaner-without-alcohol-200-ml\\\/\"]}]},{\"@type\":\"ImageObject\",\"inLanguage\":\"en-US\",\"@id\":\"https:\\\/\\\/www.szexshopbelvaros.com\\\/termek\\\/eros-all-purpose-toy-cleaner-without-alcohol-200-ml\\\/#primaryimage\",\"url\":\"https:\\\/\\\/www.szexshopbelvaros.com\\\/wp-content\\\/uploads\\\/2025\\\/01\\\/b0c0491e-0df1-11ef-8765-4a1823ef9a5b_36387_1000x1000__2_.jpg\",\"contentUrl\":\"https:\\\/\\\/www.szexshopbelvaros.com\\\/wp-content\\\/uploads\\\/2025\\\/01\\\/b0c0491e-0df1-11ef-8765-4a1823ef9a5b_36387_1000x1000__2_.jpg\",\"width\":1200,\"height\":676},{\"@type\":\"BreadcrumbList\",\"@id\":\"https:\\\/\\\/www.szexshopbelvaros.com\\\/termek\\\/eros-all-purpose-toy-cleaner-without-alcohol-200-ml\\\/#breadcrumb\",\"itemListElement\":[{\"@type\":\"ListItem\",\"position\":1,\"name\":\"Home\",\"item\":\"https:\\\/\\\/www.szexshopbelvaros.com\\\/\"},{\"@type\":\"ListItem\",\"position\":2,\"name\":\"\u00c1ruh\u00e1z\",\"item\":\"https:\\\/\\\/www.szexshopbelvaros.com\\\/uzlet\\\/\"},{\"@type\":\"ListItem\",\"position\":3,\"name\":\"\ud83e\uddfc Alkoholmentes univerz\u00e1lis j\u00e1t\u00e9ktiszt\u00edt\u00f3 spray 200 ml &#8211; Tiszta j\u00e1t\u00e9k, mocskos \u00e9lvezetekhez!\"}]},{\"@type\":\"WebSite\",\"@id\":\"https:\\\/\\\/www.szexshopbelvaros.com\\\/#website\",\"url\":\"https:\\\/\\\/www.szexshopbelvaros.com\\\/\",\"name\":\"Szexshop Belv\u00e1ros\",\"description\":\"\ud83d\udd25 A szex olyan, mint a p\u00e9nz; csak a t\u00fal sok el\u00e9g!\u2122 Titkok a belv\u00e1rosb\u00f3l \ud83d\udc8b | Secrets from Budapest \ud83d\udc8e Feln\u0151tt j\u00e1t\u00e9kok \u2022 Erotika \u2022 Szexshop Belvaros\",\"publisher\":{\"@id\":\"https:\\\/\\\/www.szexshopbelvaros.com\\\/#organization\"},\"potentialAction\":[{\"@type\":\"SearchAction\",\"target\":{\"@type\":\"EntryPoint\",\"urlTemplate\":\"https:\\\/\\\/www.szexshopbelvaros.com\\\/?s={search_term_string}\"},\"query-input\":{\"@type\":\"PropertyValueSpecification\",\"valueRequired\":true,\"valueName\":\"search_term_string\"}}],\"inLanguage\":\"en-US\"},{\"@type\":\"Organization\",\"@id\":\"https:\\\/\\\/www.szexshopbelvaros.com\\\/#organization\",\"name\":\"Szexshop Belv\u00e1ros\",\"alternateName\":\"szexshopbelvaros.com\",\"url\":\"https:\\\/\\\/www.szexshopbelvaros.com\\\/\",\"logo\":{\"@type\":\"ImageObject\",\"inLanguage\":\"en-US\",\"@id\":\"https:\\\/\\\/www.szexshopbelvaros.com\\\/#\\\/schema\\\/logo\\\/image\\\/\",\"url\":\"https:\\\/\\\/www.szexshopbelvaros.com\\\/wp-content\\\/uploads\\\/2025\\\/09\\\/1Szexshopbelvaroslogo_blurred_stronger.jpg\",\"contentUrl\":\"https:\\\/\\\/www.szexshopbelvaros.com\\\/wp-content\\\/uploads\\\/2025\\\/09\\\/1Szexshopbelvaroslogo_blurred_stronger.jpg\",\"width\":1024,\"height\":1024,\"caption\":\"Szexshop Belv\u00e1ros\"},\"image\":{\"@id\":\"https:\\\/\\\/www.szexshopbelvaros.com\\\/#\\\/schema\\\/logo\\\/image\\\/\"},\"sameAs\":[\"https:\\\/\\\/www.facebook.com\\\/belvarossecrets\\\/\",\"https:\\\/\\\/x.com\\\/belvarossecrets\",\"https:\\\/\\\/www.instagram.com\\\/belvarossecrets\\\/\",\"https:\\\/\\\/www.tiktok.com\\\/@belvarossecrets\"]}]}<\/script>\n<!-- \/ Yoast SEO plugin. -->","yoast_head_json":{"title":"\ud83e\uddfc Alcohol-free universal toy cleaning spray 200 ml - Clean toys, for dirty pleasures! - Szexshop Belvaros","robots":{"index":"index","follow":"follow","max-snippet":"max-snippet:-1","max-image-preview":"max-image-preview:large","max-video-preview":"max-video-preview:-1"},"canonical":"https:\/\/www.szexshopbelvaros.com\/en\/product\/eros-all-purpose-toy-cleaner-without-alcohol-200-ml\/","og_locale":"en_US","og_type":"article","og_title":"\ud83e\uddfc Alkoholmentes univerz\u00e1lis j\u00e1t\u00e9ktiszt\u00edt\u00f3 spray 200 ml - Tiszta j\u00e1t\u00e9k, mocskos \u00e9lvezetekhez! - Szexshop Belvaros","og_description":"Az All Purpose Toy Cleaner without Alcohol 200 ml nem cs\u00edp, nem mar, csak elint\u00e9zi a mocskot, amit te hagyt\u00e1l magad ut\u00e1n. Alkoholmentes formul\u00e1j\u00e1val gyeng\u00e9d a j\u00e1t\u00e9kaidhoz, de k\u0151kem\u00e9ny a bacikhoz \u2013 pont, mint te az \u00e9jszaka k\u00f6zep\u00e9n. Ide\u00e1lis mindenf\u00e9le \u00e9rz\u00e9keny fel\u00fcletre, legyen sz\u00f3 szilikonr\u00f3l, TPR-r\u0151l vagy b\u00e1rmilyen m\u00e1s izgalmas anyagr\u00f3l, amit a testeddel \u00f6sszehozt\u00e1l. [...]","og_url":"https:\/\/www.szexshopbelvaros.com\/en\/product\/eros-all-purpose-toy-cleaner-without-alcohol-200-ml\/","og_site_name":"Szexshop Belvaros","article_publisher":"https:\/\/www.facebook.com\/belvarossecrets\/","article_modified_time":"2026-02-24T11:49:50+00:00","og_image":[{"width":1200,"height":676,"url":"https:\/\/www.szexshopbelvaros.com\/wp-content\/uploads\/2025\/01\/b0c0491e-0df1-11ef-8765-4a1823ef9a5b_36387_1000x1000__2_.jpg","type":"image\/jpeg"}],"twitter_card":"summary_large_image","twitter_site":"@belvarossecrets","twitter_misc":{"Est. reading time":"1 minute"},"schema":{"@context":"https:\/\/schema.org","@graph":[{"@type":"WebPage","@id":"https:\/\/www.szexshopbelvaros.com\/termek\/eros-all-purpose-toy-cleaner-without-alcohol-200-ml\/","url":"https:\/\/www.szexshopbelvaros.com\/termek\/eros-all-purpose-toy-cleaner-without-alcohol-200-ml\/","name":"\ud83e\uddfc Alcohol-free universal toy cleaning spray 200 ml - Clean toys, for dirty pleasures! - Szexshop Belvaros","isPartOf":{"@id":"https:\/\/www.szexshopbelvaros.com\/#website"},"primaryImageOfPage":{"@id":"https:\/\/www.szexshopbelvaros.com\/termek\/eros-all-purpose-toy-cleaner-without-alcohol-200-ml\/#primaryimage"},"image":{"@id":"https:\/\/www.szexshopbelvaros.com\/termek\/eros-all-purpose-toy-cleaner-without-alcohol-200-ml\/#primaryimage"},"thumbnailUrl":"https:\/\/www.szexshopbelvaros.com\/wp-content\/uploads\/2025\/01\/b0c0491e-0df1-11ef-8765-4a1823ef9a5b_36387_1000x1000__2_.jpg","datePublished":"2025-01-31T13:41:28+00:00","dateModified":"2026-02-24T11:49:50+00:00","breadcrumb":{"@id":"https:\/\/www.szexshopbelvaros.com\/termek\/eros-all-purpose-toy-cleaner-without-alcohol-200-ml\/#breadcrumb"},"inLanguage":"en-US","potentialAction":[{"@type":"ReadAction","target":["https:\/\/www.szexshopbelvaros.com\/termek\/eros-all-purpose-toy-cleaner-without-alcohol-200-ml\/"]}]},{"@type":"ImageObject","inLanguage":"en-US","@id":"https:\/\/www.szexshopbelvaros.com\/termek\/eros-all-purpose-toy-cleaner-without-alcohol-200-ml\/#primaryimage","url":"https:\/\/www.szexshopbelvaros.com\/wp-content\/uploads\/2025\/01\/b0c0491e-0df1-11ef-8765-4a1823ef9a5b_36387_1000x1000__2_.jpg","contentUrl":"https:\/\/www.szexshopbelvaros.com\/wp-content\/uploads\/2025\/01\/b0c0491e-0df1-11ef-8765-4a1823ef9a5b_36387_1000x1000__2_.jpg","width":1200,"height":676},{"@type":"BreadcrumbList","@id":"https:\/\/www.szexshopbelvaros.com\/termek\/eros-all-purpose-toy-cleaner-without-alcohol-200-ml\/#breadcrumb","itemListElement":[{"@type":"ListItem","position":1,"name":"Home","item":"https:\/\/www.szexshopbelvaros.com\/"},{"@type":"ListItem","position":2,"name":"\u00c1ruh\u00e1z","item":"https:\/\/www.szexshopbelvaros.com\/uzlet\/"},{"@type":"ListItem","position":3,"name":"\ud83e\uddfc Alkoholmentes univerz\u00e1lis j\u00e1t\u00e9ktiszt\u00edt\u00f3 spray 200 ml &#8211; Tiszta j\u00e1t\u00e9k, mocskos \u00e9lvezetekhez!"}]},{"@type":"WebSite","@id":"https:\/\/www.szexshopbelvaros.com\/#website","url":"https:\/\/www.szexshopbelvaros.com\/","name":"at our Szexshop Belv\u00e1ros","description":"\ud83d\udd25 Sex is like money; only too much is enough!\u2122 Secrets from the city center \ud83d\udc8b | Secrets from Budapest \ud83d\udc8e Adult games \u2022 Erotica \u2022 Sex shop Belvaros","publisher":{"@id":"https:\/\/www.szexshopbelvaros.com\/#organization"},"potentialAction":[{"@type":"SearchAction","target":{"@type":"EntryPoint","urlTemplate":"https:\/\/www.szexshopbelvaros.com\/?s={search_term_string}"},"query-input":{"@type":"PropertyValueSpecification","valueRequired":true,"valueName":"search_term_string"}}],"inLanguage":"en-US"},{"@type":"Organization","@id":"https:\/\/www.szexshopbelvaros.com\/#organization","name":"at our Szexshop Belv\u00e1ros","alternateName":"szexshopbelvaros.com","url":"https:\/\/www.szexshopbelvaros.com\/","logo":{"@type":"ImageObject","inLanguage":"en-US","@id":"https:\/\/www.szexshopbelvaros.com\/#\/schema\/logo\/image\/","url":"https:\/\/www.szexshopbelvaros.com\/wp-content\/uploads\/2025\/09\/1Szexshopbelvaroslogo_blurred_stronger.jpg","contentUrl":"https:\/\/www.szexshopbelvaros.com\/wp-content\/uploads\/2025\/09\/1Szexshopbelvaroslogo_blurred_stronger.jpg","width":1024,"height":1024,"caption":"Szexshop Belv\u00e1ros"},"image":{"@id":"https:\/\/www.szexshopbelvaros.com\/#\/schema\/logo\/image\/"},"sameAs":["https:\/\/www.facebook.com\/belvarossecrets\/","https:\/\/x.com\/belvarossecrets","https:\/\/www.instagram.com\/belvarossecrets\/","https:\/\/www.tiktok.com\/@belvarossecrets"]}]}},"_links":{"self":[{"href":"https:\/\/www.szexshopbelvaros.com\/en\/wp-json\/wp\/v2\/product\/514","targetHints":{"allow":["GET"]}}],"collection":[{"href":"https:\/\/www.szexshopbelvaros.com\/en\/wp-json\/wp\/v2\/product"}],"about":[{"href":"https:\/\/www.szexshopbelvaros.com\/en\/wp-json\/wp\/v2\/types\/product"}],"replies":[{"embeddable":true,"href":"https:\/\/www.szexshopbelvaros.com\/en\/wp-json\/wp\/v2\/comments?post=514"}],"wp:featuredmedia":[{"embeddable":true,"href":"https:\/\/www.szexshopbelvaros.com\/en\/wp-json\/wp\/v2\/media\/515"}],"wp:attachment":[{"href":"https:\/\/www.szexshopbelvaros.com\/en\/wp-json\/wp\/v2\/media?parent=514"}],"wp:term":[{"taxonomy":"product_brand","embeddable":true,"href":"https:\/\/www.szexshopbelvaros.com\/en\/wp-json\/wp\/v2\/product_brand?post=514"},{"taxonomy":"product_cat","embeddable":true,"href":"https:\/\/www.szexshopbelvaros.com\/en\/wp-json\/wp\/v2\/product_cat?post=514"},{"taxonomy":"product_tag","embeddable":true,"href":"https:\/\/www.szexshopbelvaros.com\/en\/wp-json\/wp\/v2\/product_tag?post=514"}],"curies":[{"name":"wp","href":"https:\/\/api.w.org\/{rel}","templated":true}]}}