{"id":518,"date":"2025-01-31T14:41:28","date_gmt":"2025-01-31T13:41:28","guid":{"rendered":"https:\/\/www.szexshopbelvaros.com\/termek\/mister-size-60-64-69-3-condoms\/"},"modified":"2026-02-14T15:20:05","modified_gmt":"2026-02-14T14:20:05","slug":"mister-size-60-64-69-3-condoms","status":"publish","type":"product","link":"https:\/\/www.szexshopbelvaros.com\/en\/product\/mister-size-60-64-69-3-condoms\/","title":{"rendered":"Mister Size \u2013 60-64-69 (3 condoms)"},"content":{"rendered":"<p>Package contents: 1 condom 60 mm, 1 condom 64 mm and 1 condom 69 mm wide, 20, 22-22 cm long.<br \/>\nMain features:<br \/>\nultra-thin (0.05 mm) \u2013 for pure intensity<br \/>\nsmooth and transparent \u2013 made of natural latex<br \/>\nwith sperm container<br \/>\nprovided with lubrication<br \/>\nMaterial: Latex<br \/>\nDiameter (cm) 6;6.4;6.9<br \/>\nLength (cm) 20;22<\/p>\n<p>&nbsp;<\/p>","protected":false},"excerpt":{"rendered":"<p>Package contents: 1 condom 60 mm, 1 condom 64 mm and 1 condom 69 mm wide, 20, 22-22 cm long. Main features: ultra-thin (0.05 mm) \u2013 smooth and transparent for pure intensity \u2013 with a sperm reservoir made of natural latex and lubricated Material Latex Diameter (cm) 6;6.4;6.9 Length (cm) 20;22 &nbsp;<\/p>","protected":false},"featured_media":519,"comment_status":"closed","ping_status":"closed","template":"","meta":[],"product_brand":[],"product_cat":[156,134],"product_tag":[2052,413,807,2053,1528,2050,2047,2051,824,806,2049,2058,405,1201,220,2048,2057,1529],"class_list":{"0":"post-518","1":"product","2":"type-product","3":"status-publish","4":"has-post-thumbnail","6":"product_cat-drogeria-wellness","7":"product_cat-ovszerek","8":"product_tag-adult-care","9":"product_tag-biztonsagos-szex","10":"product_tag-condom","11":"product_tag-couples-wellness","12":"product_tag-drogeria","13":"product_tag-felnotteknek","14":"product_tag-intim-termek","15":"product_tag-intimate-products","16":"product_tag-latex-ovszer","17":"product_tag-ovszer","18":"product_tag-paros-egeszseg","19":"product_tag-protection","20":"product_tag-safe-sex","21":"product_tag-sexual-wellness","22":"product_tag-szexshop-belvaros","23":"product_tag-szexualis-egeszseg","24":"product_tag-vedekezes","25":"product_tag-wellness","27":"first","28":"instock","29":"taxable","30":"shipping-taxable","31":"purchasable","32":"product-type-simple"},"yoast_head":"<!-- This site is optimized with the Yoast SEO plugin v27.4 - https:\/\/yoast.com\/product\/yoast-seo-wordpress\/ -->\n<title>Mister Size - 60-64-69 (3 condoms) - Szexshop Belvaros<\/title>\n<meta name=\"robots\" content=\"index, follow, max-snippet:-1, max-image-preview:large, max-video-preview:-1\" \/>\n<link rel=\"canonical\" href=\"https:\/\/www.szexshopbelvaros.com\/en\/product\/mister-size-60-64-69-3-condoms\/\" \/>\n<meta property=\"og:locale\" content=\"en_US\" \/>\n<meta property=\"og:type\" content=\"article\" \/>\n<meta property=\"og:title\" content=\"Mister Size - 60-64-69 (3 condoms) - Szexshop Belvaros\" \/>\n<meta property=\"og:description\" content=\"A csomag tartalma : 1 db 60 mm, 1 db 64 mm \u00e9s 1 db 69 mm sz\u00e9less\u00e9g\u0171, 20, 22-22 cm hossz\u00fa \u00f3vszer. F\u0151bb jellemz\u0151i : ultra-v\u00e9kony (0,05 mm) &#8211; a tiszta intenzit\u00e1s\u00e9rt sima \u00e9s \u00e1tl\u00e1tsz\u00f3 &#8211; term\u00e9szetes latexb\u0151l k\u00e9sz\u00fclt spermatart\u00f3 tart\u00e1llyal s\u00edkos\u00edt\u00e1ssal ell\u00e1tva Anyag Latex \u00c1tm\u00e9r\u0151 (cm) 6;6,4;6,9 Hossz (cm) 20;22 &nbsp;\" \/>\n<meta property=\"og:url\" content=\"https:\/\/www.szexshopbelvaros.com\/en\/product\/mister-size-60-64-69-3-condoms\/\" \/>\n<meta property=\"og:site_name\" content=\"Szexshop Belvaros\" \/>\n<meta property=\"article:publisher\" content=\"https:\/\/www.facebook.com\/belvarossecrets\/\" \/>\n<meta property=\"article:modified_time\" content=\"2026-02-14T14:20:05+00:00\" \/>\n<meta property=\"og:image\" content=\"https:\/\/www.szexshopbelvaros.com\/wp-content\/uploads\/2025\/01\/ae29bce8-0df2-11ef-b082-f2f00ddf118e_44082_1000x1000.jpg\" \/>\n\t<meta property=\"og:image:width\" content=\"1200\" \/>\n\t<meta property=\"og:image:height\" content=\"676\" \/>\n\t<meta property=\"og:image:type\" content=\"image\/jpeg\" \/>\n<meta name=\"twitter:card\" content=\"summary_large_image\" \/>\n<meta name=\"twitter:site\" content=\"@belvarossecrets\" \/>\n<script type=\"application\/ld+json\" class=\"yoast-schema-graph\">{\"@context\":\"https:\\\/\\\/schema.org\",\"@graph\":[{\"@type\":\"WebPage\",\"@id\":\"https:\\\/\\\/www.szexshopbelvaros.com\\\/termek\\\/mister-size-60-64-69-3-condoms\\\/\",\"url\":\"https:\\\/\\\/www.szexshopbelvaros.com\\\/termek\\\/mister-size-60-64-69-3-condoms\\\/\",\"name\":\"Mister Size - 60-64-69 (3 condoms) - Szexshop Belvaros\",\"isPartOf\":{\"@id\":\"https:\\\/\\\/www.szexshopbelvaros.com\\\/#website\"},\"primaryImageOfPage\":{\"@id\":\"https:\\\/\\\/www.szexshopbelvaros.com\\\/termek\\\/mister-size-60-64-69-3-condoms\\\/#primaryimage\"},\"image\":{\"@id\":\"https:\\\/\\\/www.szexshopbelvaros.com\\\/termek\\\/mister-size-60-64-69-3-condoms\\\/#primaryimage\"},\"thumbnailUrl\":\"https:\\\/\\\/www.szexshopbelvaros.com\\\/wp-content\\\/uploads\\\/2025\\\/01\\\/ae29bce8-0df2-11ef-b082-f2f00ddf118e_44082_1000x1000.jpg\",\"datePublished\":\"2025-01-31T13:41:28+00:00\",\"dateModified\":\"2026-02-14T14:20:05+00:00\",\"breadcrumb\":{\"@id\":\"https:\\\/\\\/www.szexshopbelvaros.com\\\/termek\\\/mister-size-60-64-69-3-condoms\\\/#breadcrumb\"},\"inLanguage\":\"en-US\",\"potentialAction\":[{\"@type\":\"ReadAction\",\"target\":[\"https:\\\/\\\/www.szexshopbelvaros.com\\\/termek\\\/mister-size-60-64-69-3-condoms\\\/\"]}]},{\"@type\":\"ImageObject\",\"inLanguage\":\"en-US\",\"@id\":\"https:\\\/\\\/www.szexshopbelvaros.com\\\/termek\\\/mister-size-60-64-69-3-condoms\\\/#primaryimage\",\"url\":\"https:\\\/\\\/www.szexshopbelvaros.com\\\/wp-content\\\/uploads\\\/2025\\\/01\\\/ae29bce8-0df2-11ef-b082-f2f00ddf118e_44082_1000x1000.jpg\",\"contentUrl\":\"https:\\\/\\\/www.szexshopbelvaros.com\\\/wp-content\\\/uploads\\\/2025\\\/01\\\/ae29bce8-0df2-11ef-b082-f2f00ddf118e_44082_1000x1000.jpg\",\"width\":1200,\"height\":676},{\"@type\":\"BreadcrumbList\",\"@id\":\"https:\\\/\\\/www.szexshopbelvaros.com\\\/termek\\\/mister-size-60-64-69-3-condoms\\\/#breadcrumb\",\"itemListElement\":[{\"@type\":\"ListItem\",\"position\":1,\"name\":\"Home\",\"item\":\"https:\\\/\\\/www.szexshopbelvaros.com\\\/\"},{\"@type\":\"ListItem\",\"position\":2,\"name\":\"\u00c1ruh\u00e1z\",\"item\":\"https:\\\/\\\/www.szexshopbelvaros.com\\\/uzlet\\\/\"},{\"@type\":\"ListItem\",\"position\":3,\"name\":\"Mister Size &#8211; 60-64-69 (3 condoms)\"}]},{\"@type\":\"WebSite\",\"@id\":\"https:\\\/\\\/www.szexshopbelvaros.com\\\/#website\",\"url\":\"https:\\\/\\\/www.szexshopbelvaros.com\\\/\",\"name\":\"Szexshop Belv\u00e1ros\",\"description\":\"\ud83d\udd25 A szex olyan, mint a p\u00e9nz; csak a t\u00fal sok el\u00e9g!\u2122 Titkok a belv\u00e1rosb\u00f3l \ud83d\udc8b | Secrets from Budapest \ud83d\udc8e Feln\u0151tt j\u00e1t\u00e9kok \u2022 Erotika \u2022 Szexshop Belvaros\",\"publisher\":{\"@id\":\"https:\\\/\\\/www.szexshopbelvaros.com\\\/#organization\"},\"potentialAction\":[{\"@type\":\"SearchAction\",\"target\":{\"@type\":\"EntryPoint\",\"urlTemplate\":\"https:\\\/\\\/www.szexshopbelvaros.com\\\/?s={search_term_string}\"},\"query-input\":{\"@type\":\"PropertyValueSpecification\",\"valueRequired\":true,\"valueName\":\"search_term_string\"}}],\"inLanguage\":\"en-US\"},{\"@type\":\"Organization\",\"@id\":\"https:\\\/\\\/www.szexshopbelvaros.com\\\/#organization\",\"name\":\"Szexshop Belv\u00e1ros\",\"alternateName\":\"szexshopbelvaros.com\",\"url\":\"https:\\\/\\\/www.szexshopbelvaros.com\\\/\",\"logo\":{\"@type\":\"ImageObject\",\"inLanguage\":\"en-US\",\"@id\":\"https:\\\/\\\/www.szexshopbelvaros.com\\\/#\\\/schema\\\/logo\\\/image\\\/\",\"url\":\"https:\\\/\\\/www.szexshopbelvaros.com\\\/wp-content\\\/uploads\\\/2025\\\/09\\\/1Szexshopbelvaroslogo_blurred_stronger.jpg\",\"contentUrl\":\"https:\\\/\\\/www.szexshopbelvaros.com\\\/wp-content\\\/uploads\\\/2025\\\/09\\\/1Szexshopbelvaroslogo_blurred_stronger.jpg\",\"width\":1024,\"height\":1024,\"caption\":\"Szexshop Belv\u00e1ros\"},\"image\":{\"@id\":\"https:\\\/\\\/www.szexshopbelvaros.com\\\/#\\\/schema\\\/logo\\\/image\\\/\"},\"sameAs\":[\"https:\\\/\\\/www.facebook.com\\\/belvarossecrets\\\/\",\"https:\\\/\\\/x.com\\\/belvarossecrets\",\"https:\\\/\\\/www.instagram.com\\\/belvarossecrets\\\/\",\"https:\\\/\\\/www.tiktok.com\\\/@belvarossecrets\"]}]}<\/script>\n<!-- \/ Yoast SEO plugin. -->","yoast_head_json":{"title":"Mister Size - 60-64-69 (3 condoms) - Sex shop Belvaros","robots":{"index":"index","follow":"follow","max-snippet":"max-snippet:-1","max-image-preview":"max-image-preview:large","max-video-preview":"max-video-preview:-1"},"canonical":"https:\/\/www.szexshopbelvaros.com\/en\/product\/mister-size-60-64-69-3-condoms\/","og_locale":"en_US","og_type":"article","og_title":"Mister Size - 60-64-69 (3 condoms) - Szexshop Belvaros","og_description":"A csomag tartalma : 1 db 60 mm, 1 db 64 mm \u00e9s 1 db 69 mm sz\u00e9less\u00e9g\u0171, 20, 22-22 cm hossz\u00fa \u00f3vszer. F\u0151bb jellemz\u0151i : ultra-v\u00e9kony (0,05 mm) &#8211; a tiszta intenzit\u00e1s\u00e9rt sima \u00e9s \u00e1tl\u00e1tsz\u00f3 &#8211; term\u00e9szetes latexb\u0151l k\u00e9sz\u00fclt spermatart\u00f3 tart\u00e1llyal s\u00edkos\u00edt\u00e1ssal ell\u00e1tva Anyag Latex \u00c1tm\u00e9r\u0151 (cm) 6;6,4;6,9 Hossz (cm) 20;22 &nbsp;","og_url":"https:\/\/www.szexshopbelvaros.com\/en\/product\/mister-size-60-64-69-3-condoms\/","og_site_name":"Szexshop Belvaros","article_publisher":"https:\/\/www.facebook.com\/belvarossecrets\/","article_modified_time":"2026-02-14T14:20:05+00:00","og_image":[{"width":1200,"height":676,"url":"https:\/\/www.szexshopbelvaros.com\/wp-content\/uploads\/2025\/01\/ae29bce8-0df2-11ef-b082-f2f00ddf118e_44082_1000x1000.jpg","type":"image\/jpeg"}],"twitter_card":"summary_large_image","twitter_site":"@belvarossecrets","schema":{"@context":"https:\/\/schema.org","@graph":[{"@type":"WebPage","@id":"https:\/\/www.szexshopbelvaros.com\/termek\/mister-size-60-64-69-3-condoms\/","url":"https:\/\/www.szexshopbelvaros.com\/termek\/mister-size-60-64-69-3-condoms\/","name":"Mister Size - 60-64-69 (3 condoms) - Sex shop Belvaros","isPartOf":{"@id":"https:\/\/www.szexshopbelvaros.com\/#website"},"primaryImageOfPage":{"@id":"https:\/\/www.szexshopbelvaros.com\/termek\/mister-size-60-64-69-3-condoms\/#primaryimage"},"image":{"@id":"https:\/\/www.szexshopbelvaros.com\/termek\/mister-size-60-64-69-3-condoms\/#primaryimage"},"thumbnailUrl":"https:\/\/www.szexshopbelvaros.com\/wp-content\/uploads\/2025\/01\/ae29bce8-0df2-11ef-b082-f2f00ddf118e_44082_1000x1000.jpg","datePublished":"2025-01-31T13:41:28+00:00","dateModified":"2026-02-14T14:20:05+00:00","breadcrumb":{"@id":"https:\/\/www.szexshopbelvaros.com\/termek\/mister-size-60-64-69-3-condoms\/#breadcrumb"},"inLanguage":"en-US","potentialAction":[{"@type":"ReadAction","target":["https:\/\/www.szexshopbelvaros.com\/termek\/mister-size-60-64-69-3-condoms\/"]}]},{"@type":"ImageObject","inLanguage":"en-US","@id":"https:\/\/www.szexshopbelvaros.com\/termek\/mister-size-60-64-69-3-condoms\/#primaryimage","url":"https:\/\/www.szexshopbelvaros.com\/wp-content\/uploads\/2025\/01\/ae29bce8-0df2-11ef-b082-f2f00ddf118e_44082_1000x1000.jpg","contentUrl":"https:\/\/www.szexshopbelvaros.com\/wp-content\/uploads\/2025\/01\/ae29bce8-0df2-11ef-b082-f2f00ddf118e_44082_1000x1000.jpg","width":1200,"height":676},{"@type":"BreadcrumbList","@id":"https:\/\/www.szexshopbelvaros.com\/termek\/mister-size-60-64-69-3-condoms\/#breadcrumb","itemListElement":[{"@type":"ListItem","position":1,"name":"Home","item":"https:\/\/www.szexshopbelvaros.com\/"},{"@type":"ListItem","position":2,"name":"\u00c1ruh\u00e1z","item":"https:\/\/www.szexshopbelvaros.com\/uzlet\/"},{"@type":"ListItem","position":3,"name":"Mister Size &#8211; 60-64-69 (3 condoms)"}]},{"@type":"WebSite","@id":"https:\/\/www.szexshopbelvaros.com\/#website","url":"https:\/\/www.szexshopbelvaros.com\/","name":"at our Szexshop Belv\u00e1ros","description":"\ud83d\udd25 Sex is like money; only too much is enough!\u2122 Secrets from the city center \ud83d\udc8b | Secrets from Budapest \ud83d\udc8e Adult games \u2022 Erotica \u2022 Sex shop Belvaros","publisher":{"@id":"https:\/\/www.szexshopbelvaros.com\/#organization"},"potentialAction":[{"@type":"SearchAction","target":{"@type":"EntryPoint","urlTemplate":"https:\/\/www.szexshopbelvaros.com\/?s={search_term_string}"},"query-input":{"@type":"PropertyValueSpecification","valueRequired":true,"valueName":"search_term_string"}}],"inLanguage":"en-US"},{"@type":"Organization","@id":"https:\/\/www.szexshopbelvaros.com\/#organization","name":"at our Szexshop Belv\u00e1ros","alternateName":"szexshopbelvaros.com","url":"https:\/\/www.szexshopbelvaros.com\/","logo":{"@type":"ImageObject","inLanguage":"en-US","@id":"https:\/\/www.szexshopbelvaros.com\/#\/schema\/logo\/image\/","url":"https:\/\/www.szexshopbelvaros.com\/wp-content\/uploads\/2025\/09\/1Szexshopbelvaroslogo_blurred_stronger.jpg","contentUrl":"https:\/\/www.szexshopbelvaros.com\/wp-content\/uploads\/2025\/09\/1Szexshopbelvaroslogo_blurred_stronger.jpg","width":1024,"height":1024,"caption":"Szexshop Belv\u00e1ros"},"image":{"@id":"https:\/\/www.szexshopbelvaros.com\/#\/schema\/logo\/image\/"},"sameAs":["https:\/\/www.facebook.com\/belvarossecrets\/","https:\/\/x.com\/belvarossecrets","https:\/\/www.instagram.com\/belvarossecrets\/","https:\/\/www.tiktok.com\/@belvarossecrets"]}]}},"_links":{"self":[{"href":"https:\/\/www.szexshopbelvaros.com\/en\/wp-json\/wp\/v2\/product\/518","targetHints":{"allow":["GET"]}}],"collection":[{"href":"https:\/\/www.szexshopbelvaros.com\/en\/wp-json\/wp\/v2\/product"}],"about":[{"href":"https:\/\/www.szexshopbelvaros.com\/en\/wp-json\/wp\/v2\/types\/product"}],"replies":[{"embeddable":true,"href":"https:\/\/www.szexshopbelvaros.com\/en\/wp-json\/wp\/v2\/comments?post=518"}],"wp:featuredmedia":[{"embeddable":true,"href":"https:\/\/www.szexshopbelvaros.com\/en\/wp-json\/wp\/v2\/media\/519"}],"wp:attachment":[{"href":"https:\/\/www.szexshopbelvaros.com\/en\/wp-json\/wp\/v2\/media?parent=518"}],"wp:term":[{"taxonomy":"product_brand","embeddable":true,"href":"https:\/\/www.szexshopbelvaros.com\/en\/wp-json\/wp\/v2\/product_brand?post=518"},{"taxonomy":"product_cat","embeddable":true,"href":"https:\/\/www.szexshopbelvaros.com\/en\/wp-json\/wp\/v2\/product_cat?post=518"},{"taxonomy":"product_tag","embeddable":true,"href":"https:\/\/www.szexshopbelvaros.com\/en\/wp-json\/wp\/v2\/product_tag?post=518"}],"curies":[{"name":"wp","href":"https:\/\/api.w.org\/{rel}","templated":true}]}}