{"id":538,"date":"2025-01-31T14:42:16","date_gmt":"2025-01-31T13:42:16","guid":{"rendered":"https:\/\/www.szexshopbelvaros.com\/termek\/clitoris-creme-20-ml\/"},"modified":"2026-04-01T16:53:12","modified_gmt":"2026-04-01T14:53:12","slug":"clitoris-creme-20-ml","status":"publish","type":"product","link":"https:\/\/www.szexshopbelvaros.com\/en\/product\/clitoris-creme-20-ml\/","title":{"rendered":"Clitoris Gel 20 ML."},"content":{"rendered":"<p>Clitoral stimulating gel that enhances sexual pleasure. Improves clitoral sensitivity. Contains herbal stimulants. Pregnant women should not use it. It retains its quality until the date indicated on the packaging. Keep out of reach of children! Store in a cool, dry place. Net volume: 20ml. Composition: see packaging!<\/p>\n<p>Special characteristic stimulating<br \/>\nProduct group cream<\/p>\n<p>&nbsp;<\/p>","protected":false},"excerpt":{"rendered":"<p>Clitoral stimulating gel that enhances sexual pleasure. Improves clitoral sensitivity. Contains herbal stimulant. Pregnant women should not use it. It retains its quality until the date indicated on the packaging. Keep out of reach of children! Store in a cool, dry place. Net volume: 20ml. Composition: see packaging! Special feature stimulating Product group cream &nbsp;<\/p>","protected":false},"featured_media":539,"comment_status":"closed","ping_status":"closed","template":"","meta":[],"product_brand":[],"product_cat":[156,120],"product_tag":[2052,2053,1528,2050,884,2066,2047,2051,2067,2064,2065,863,865,2049,1201,220,2048,1529],"class_list":{"0":"post-538","1":"product","2":"type-product","3":"status-publish","4":"has-post-thumbnail","6":"product_cat-drogeria-wellness","7":"product_cat-potencianovelok-serkentok-noknek","8":"product_tag-adult-care","9":"product_tag-couples-wellness","10":"product_tag-drogeria","11":"product_tag-felnotteknek","12":"product_tag-female-enhancement","13":"product_tag-female-stimulant","14":"product_tag-intim-termek","15":"product_tag-intimate-products","16":"product_tag-libido-booster","17":"product_tag-libido-fokozasa","18":"product_tag-noi-izgalom-fokozasa","19":"product_tag-noi-potencianovelo","20":"product_tag-noi-serkento","21":"product_tag-paros-egeszseg","22":"product_tag-sexual-wellness","23":"product_tag-szexshop-belvaros","24":"product_tag-szexualis-egeszseg","25":"product_tag-wellness","27":"first","28":"instock","29":"taxable","30":"shipping-taxable","31":"purchasable","32":"product-type-simple"},"yoast_head":"<!-- This site is optimized with the Yoast SEO plugin v27.4 - https:\/\/yoast.com\/product\/yoast-seo-wordpress\/ -->\n<title>Clitoris G\u00e9l 20 ML. - Szexshop Belvaros<\/title>\n<meta name=\"robots\" content=\"index, follow, max-snippet:-1, max-image-preview:large, max-video-preview:-1\" \/>\n<link rel=\"canonical\" href=\"https:\/\/www.szexshopbelvaros.com\/en\/product\/clitoris-creme-20-ml\/\" \/>\n<meta property=\"og:locale\" content=\"en_US\" \/>\n<meta property=\"og:type\" content=\"article\" \/>\n<meta property=\"og:title\" content=\"Clitoris G\u00e9l 20 ML. - Szexshop Belvaros\" \/>\n<meta property=\"og:description\" content=\"Csikl\u00f3 izgat\u00f3 g\u00e9l ami fokozza a szexu\u00e1lis \u00f6r\u00f6m\u00f6t. Jav\u00edtja a csikl\u00f3 \u00e9rz\u00e9kenys\u00e9get. N\u00f6v\u00e9nyi serkent\u0151szert tartalmaz. Terhes n\u0151k ne haszn\u00e1lj\u00e1k. Min\u0151s\u00e9g\u00e9t meg\u0151rzi a csomagol\u00e1son felt\u00fcntetett id\u0151pontig. Gyermekek el\u0151l gondosan elz\u00e1rand\u00f3! H\u0171v\u00f6s,sz\u00e1raz helyen t\u00e1roland\u00f3. Nett\u00f3 t\u00e9rfogat:20ml. \u00d6sszet\u00e9tel: l\u00e1sd a csomagol\u00e1son! Speci\u00e1lis jellemz\u0151 stimul\u00e1l\u00f3 Term\u00e9kcsoport kr\u00e9m &nbsp;\" \/>\n<meta property=\"og:url\" content=\"https:\/\/www.szexshopbelvaros.com\/en\/product\/clitoris-creme-20-ml\/\" \/>\n<meta property=\"og:site_name\" content=\"Szexshop Belvaros\" \/>\n<meta property=\"article:publisher\" content=\"https:\/\/www.facebook.com\/belvarossecrets\/\" \/>\n<meta property=\"article:modified_time\" content=\"2026-04-01T14:53:12+00:00\" \/>\n<meta property=\"og:image\" content=\"https:\/\/www.szexshopbelvaros.com\/wp-content\/uploads\/2025\/01\/310267dc-0df8-11ef-a490-2297ea8cbfca_36640_1000x1000.jpg\" \/>\n\t<meta property=\"og:image:width\" content=\"1200\" \/>\n\t<meta property=\"og:image:height\" content=\"676\" \/>\n\t<meta property=\"og:image:type\" content=\"image\/jpeg\" \/>\n<meta name=\"twitter:card\" content=\"summary_large_image\" \/>\n<meta name=\"twitter:site\" content=\"@belvarossecrets\" \/>\n<script type=\"application\/ld+json\" class=\"yoast-schema-graph\">{\"@context\":\"https:\\\/\\\/schema.org\",\"@graph\":[{\"@type\":\"WebPage\",\"@id\":\"https:\\\/\\\/www.szexshopbelvaros.com\\\/termek\\\/clitoris-creme-20-ml\\\/\",\"url\":\"https:\\\/\\\/www.szexshopbelvaros.com\\\/termek\\\/clitoris-creme-20-ml\\\/\",\"name\":\"Clitoris G\u00e9l 20 ML. - Szexshop Belvaros\",\"isPartOf\":{\"@id\":\"https:\\\/\\\/www.szexshopbelvaros.com\\\/#website\"},\"primaryImageOfPage\":{\"@id\":\"https:\\\/\\\/www.szexshopbelvaros.com\\\/termek\\\/clitoris-creme-20-ml\\\/#primaryimage\"},\"image\":{\"@id\":\"https:\\\/\\\/www.szexshopbelvaros.com\\\/termek\\\/clitoris-creme-20-ml\\\/#primaryimage\"},\"thumbnailUrl\":\"https:\\\/\\\/www.szexshopbelvaros.com\\\/wp-content\\\/uploads\\\/2025\\\/01\\\/310267dc-0df8-11ef-a490-2297ea8cbfca_36640_1000x1000.jpg\",\"datePublished\":\"2025-01-31T13:42:16+00:00\",\"dateModified\":\"2026-04-01T14:53:12+00:00\",\"breadcrumb\":{\"@id\":\"https:\\\/\\\/www.szexshopbelvaros.com\\\/termek\\\/clitoris-creme-20-ml\\\/#breadcrumb\"},\"inLanguage\":\"en-US\",\"potentialAction\":[{\"@type\":\"ReadAction\",\"target\":[\"https:\\\/\\\/www.szexshopbelvaros.com\\\/termek\\\/clitoris-creme-20-ml\\\/\"]}]},{\"@type\":\"ImageObject\",\"inLanguage\":\"en-US\",\"@id\":\"https:\\\/\\\/www.szexshopbelvaros.com\\\/termek\\\/clitoris-creme-20-ml\\\/#primaryimage\",\"url\":\"https:\\\/\\\/www.szexshopbelvaros.com\\\/wp-content\\\/uploads\\\/2025\\\/01\\\/310267dc-0df8-11ef-a490-2297ea8cbfca_36640_1000x1000.jpg\",\"contentUrl\":\"https:\\\/\\\/www.szexshopbelvaros.com\\\/wp-content\\\/uploads\\\/2025\\\/01\\\/310267dc-0df8-11ef-a490-2297ea8cbfca_36640_1000x1000.jpg\",\"width\":1200,\"height\":676},{\"@type\":\"BreadcrumbList\",\"@id\":\"https:\\\/\\\/www.szexshopbelvaros.com\\\/termek\\\/clitoris-creme-20-ml\\\/#breadcrumb\",\"itemListElement\":[{\"@type\":\"ListItem\",\"position\":1,\"name\":\"Home\",\"item\":\"https:\\\/\\\/www.szexshopbelvaros.com\\\/\"},{\"@type\":\"ListItem\",\"position\":2,\"name\":\"\u00c1ruh\u00e1z\",\"item\":\"https:\\\/\\\/www.szexshopbelvaros.com\\\/uzlet\\\/\"},{\"@type\":\"ListItem\",\"position\":3,\"name\":\"Clitoris G\u00e9l 20 ML.\"}]},{\"@type\":\"WebSite\",\"@id\":\"https:\\\/\\\/www.szexshopbelvaros.com\\\/#website\",\"url\":\"https:\\\/\\\/www.szexshopbelvaros.com\\\/\",\"name\":\"Szexshop Belv\u00e1ros\",\"description\":\"\ud83d\udd25 A szex olyan, mint a p\u00e9nz; csak a t\u00fal sok el\u00e9g!\u2122 Titkok a belv\u00e1rosb\u00f3l \ud83d\udc8b | Secrets from Budapest \ud83d\udc8e Feln\u0151tt j\u00e1t\u00e9kok \u2022 Erotika \u2022 Szexshop Belvaros\",\"publisher\":{\"@id\":\"https:\\\/\\\/www.szexshopbelvaros.com\\\/#organization\"},\"potentialAction\":[{\"@type\":\"SearchAction\",\"target\":{\"@type\":\"EntryPoint\",\"urlTemplate\":\"https:\\\/\\\/www.szexshopbelvaros.com\\\/?s={search_term_string}\"},\"query-input\":{\"@type\":\"PropertyValueSpecification\",\"valueRequired\":true,\"valueName\":\"search_term_string\"}}],\"inLanguage\":\"en-US\"},{\"@type\":\"Organization\",\"@id\":\"https:\\\/\\\/www.szexshopbelvaros.com\\\/#organization\",\"name\":\"Szexshop Belv\u00e1ros\",\"alternateName\":\"szexshopbelvaros.com\",\"url\":\"https:\\\/\\\/www.szexshopbelvaros.com\\\/\",\"logo\":{\"@type\":\"ImageObject\",\"inLanguage\":\"en-US\",\"@id\":\"https:\\\/\\\/www.szexshopbelvaros.com\\\/#\\\/schema\\\/logo\\\/image\\\/\",\"url\":\"https:\\\/\\\/www.szexshopbelvaros.com\\\/wp-content\\\/uploads\\\/2025\\\/09\\\/1Szexshopbelvaroslogo_blurred_stronger.jpg\",\"contentUrl\":\"https:\\\/\\\/www.szexshopbelvaros.com\\\/wp-content\\\/uploads\\\/2025\\\/09\\\/1Szexshopbelvaroslogo_blurred_stronger.jpg\",\"width\":1024,\"height\":1024,\"caption\":\"Szexshop Belv\u00e1ros\"},\"image\":{\"@id\":\"https:\\\/\\\/www.szexshopbelvaros.com\\\/#\\\/schema\\\/logo\\\/image\\\/\"},\"sameAs\":[\"https:\\\/\\\/www.facebook.com\\\/belvarossecrets\\\/\",\"https:\\\/\\\/x.com\\\/belvarossecrets\",\"https:\\\/\\\/www.instagram.com\\\/belvarossecrets\\\/\",\"https:\\\/\\\/www.tiktok.com\\\/@belvarossecrets\"]}]}<\/script>\n<!-- \/ Yoast SEO plugin. -->","yoast_head_json":{"title":"Clitoris Gel 20 ML. - Sexshop Belvaros","robots":{"index":"index","follow":"follow","max-snippet":"max-snippet:-1","max-image-preview":"max-image-preview:large","max-video-preview":"max-video-preview:-1"},"canonical":"https:\/\/www.szexshopbelvaros.com\/en\/product\/clitoris-creme-20-ml\/","og_locale":"en_US","og_type":"article","og_title":"Clitoris G\u00e9l 20 ML. - Szexshop Belvaros","og_description":"Csikl\u00f3 izgat\u00f3 g\u00e9l ami fokozza a szexu\u00e1lis \u00f6r\u00f6m\u00f6t. Jav\u00edtja a csikl\u00f3 \u00e9rz\u00e9kenys\u00e9get. N\u00f6v\u00e9nyi serkent\u0151szert tartalmaz. Terhes n\u0151k ne haszn\u00e1lj\u00e1k. Min\u0151s\u00e9g\u00e9t meg\u0151rzi a csomagol\u00e1son felt\u00fcntetett id\u0151pontig. Gyermekek el\u0151l gondosan elz\u00e1rand\u00f3! H\u0171v\u00f6s,sz\u00e1raz helyen t\u00e1roland\u00f3. Nett\u00f3 t\u00e9rfogat:20ml. \u00d6sszet\u00e9tel: l\u00e1sd a csomagol\u00e1son! Speci\u00e1lis jellemz\u0151 stimul\u00e1l\u00f3 Term\u00e9kcsoport kr\u00e9m &nbsp;","og_url":"https:\/\/www.szexshopbelvaros.com\/en\/product\/clitoris-creme-20-ml\/","og_site_name":"Szexshop Belvaros","article_publisher":"https:\/\/www.facebook.com\/belvarossecrets\/","article_modified_time":"2026-04-01T14:53:12+00:00","og_image":[{"width":1200,"height":676,"url":"https:\/\/www.szexshopbelvaros.com\/wp-content\/uploads\/2025\/01\/310267dc-0df8-11ef-a490-2297ea8cbfca_36640_1000x1000.jpg","type":"image\/jpeg"}],"twitter_card":"summary_large_image","twitter_site":"@belvarossecrets","schema":{"@context":"https:\/\/schema.org","@graph":[{"@type":"WebPage","@id":"https:\/\/www.szexshopbelvaros.com\/termek\/clitoris-creme-20-ml\/","url":"https:\/\/www.szexshopbelvaros.com\/termek\/clitoris-creme-20-ml\/","name":"Clitoris Gel 20 ML. - Sexshop Belvaros","isPartOf":{"@id":"https:\/\/www.szexshopbelvaros.com\/#website"},"primaryImageOfPage":{"@id":"https:\/\/www.szexshopbelvaros.com\/termek\/clitoris-creme-20-ml\/#primaryimage"},"image":{"@id":"https:\/\/www.szexshopbelvaros.com\/termek\/clitoris-creme-20-ml\/#primaryimage"},"thumbnailUrl":"https:\/\/www.szexshopbelvaros.com\/wp-content\/uploads\/2025\/01\/310267dc-0df8-11ef-a490-2297ea8cbfca_36640_1000x1000.jpg","datePublished":"2025-01-31T13:42:16+00:00","dateModified":"2026-04-01T14:53:12+00:00","breadcrumb":{"@id":"https:\/\/www.szexshopbelvaros.com\/termek\/clitoris-creme-20-ml\/#breadcrumb"},"inLanguage":"en-US","potentialAction":[{"@type":"ReadAction","target":["https:\/\/www.szexshopbelvaros.com\/termek\/clitoris-creme-20-ml\/"]}]},{"@type":"ImageObject","inLanguage":"en-US","@id":"https:\/\/www.szexshopbelvaros.com\/termek\/clitoris-creme-20-ml\/#primaryimage","url":"https:\/\/www.szexshopbelvaros.com\/wp-content\/uploads\/2025\/01\/310267dc-0df8-11ef-a490-2297ea8cbfca_36640_1000x1000.jpg","contentUrl":"https:\/\/www.szexshopbelvaros.com\/wp-content\/uploads\/2025\/01\/310267dc-0df8-11ef-a490-2297ea8cbfca_36640_1000x1000.jpg","width":1200,"height":676},{"@type":"BreadcrumbList","@id":"https:\/\/www.szexshopbelvaros.com\/termek\/clitoris-creme-20-ml\/#breadcrumb","itemListElement":[{"@type":"ListItem","position":1,"name":"Home","item":"https:\/\/www.szexshopbelvaros.com\/"},{"@type":"ListItem","position":2,"name":"\u00c1ruh\u00e1z","item":"https:\/\/www.szexshopbelvaros.com\/uzlet\/"},{"@type":"ListItem","position":3,"name":"Clitoris G\u00e9l 20 ML."}]},{"@type":"WebSite","@id":"https:\/\/www.szexshopbelvaros.com\/#website","url":"https:\/\/www.szexshopbelvaros.com\/","name":"at our Szexshop Belv\u00e1ros","description":"\ud83d\udd25 Sex is like money; only too much is enough!\u2122 Secrets from the city center \ud83d\udc8b | Secrets from Budapest \ud83d\udc8e Adult games \u2022 Erotica \u2022 Sex shop Belvaros","publisher":{"@id":"https:\/\/www.szexshopbelvaros.com\/#organization"},"potentialAction":[{"@type":"SearchAction","target":{"@type":"EntryPoint","urlTemplate":"https:\/\/www.szexshopbelvaros.com\/?s={search_term_string}"},"query-input":{"@type":"PropertyValueSpecification","valueRequired":true,"valueName":"search_term_string"}}],"inLanguage":"en-US"},{"@type":"Organization","@id":"https:\/\/www.szexshopbelvaros.com\/#organization","name":"at our Szexshop Belv\u00e1ros","alternateName":"szexshopbelvaros.com","url":"https:\/\/www.szexshopbelvaros.com\/","logo":{"@type":"ImageObject","inLanguage":"en-US","@id":"https:\/\/www.szexshopbelvaros.com\/#\/schema\/logo\/image\/","url":"https:\/\/www.szexshopbelvaros.com\/wp-content\/uploads\/2025\/09\/1Szexshopbelvaroslogo_blurred_stronger.jpg","contentUrl":"https:\/\/www.szexshopbelvaros.com\/wp-content\/uploads\/2025\/09\/1Szexshopbelvaroslogo_blurred_stronger.jpg","width":1024,"height":1024,"caption":"Szexshop Belv\u00e1ros"},"image":{"@id":"https:\/\/www.szexshopbelvaros.com\/#\/schema\/logo\/image\/"},"sameAs":["https:\/\/www.facebook.com\/belvarossecrets\/","https:\/\/x.com\/belvarossecrets","https:\/\/www.instagram.com\/belvarossecrets\/","https:\/\/www.tiktok.com\/@belvarossecrets"]}]}},"_links":{"self":[{"href":"https:\/\/www.szexshopbelvaros.com\/en\/wp-json\/wp\/v2\/product\/538","targetHints":{"allow":["GET"]}}],"collection":[{"href":"https:\/\/www.szexshopbelvaros.com\/en\/wp-json\/wp\/v2\/product"}],"about":[{"href":"https:\/\/www.szexshopbelvaros.com\/en\/wp-json\/wp\/v2\/types\/product"}],"replies":[{"embeddable":true,"href":"https:\/\/www.szexshopbelvaros.com\/en\/wp-json\/wp\/v2\/comments?post=538"}],"wp:featuredmedia":[{"embeddable":true,"href":"https:\/\/www.szexshopbelvaros.com\/en\/wp-json\/wp\/v2\/media\/539"}],"wp:attachment":[{"href":"https:\/\/www.szexshopbelvaros.com\/en\/wp-json\/wp\/v2\/media?parent=538"}],"wp:term":[{"taxonomy":"product_brand","embeddable":true,"href":"https:\/\/www.szexshopbelvaros.com\/en\/wp-json\/wp\/v2\/product_brand?post=538"},{"taxonomy":"product_cat","embeddable":true,"href":"https:\/\/www.szexshopbelvaros.com\/en\/wp-json\/wp\/v2\/product_cat?post=538"},{"taxonomy":"product_tag","embeddable":true,"href":"https:\/\/www.szexshopbelvaros.com\/en\/wp-json\/wp\/v2\/product_tag?post=538"}],"curies":[{"name":"wp","href":"https:\/\/api.w.org\/{rel}","templated":true}]}}