{"id":542,"date":"2025-01-31T14:42:16","date_gmt":"2025-01-31T13:42:16","guid":{"rendered":"https:\/\/www.szexshopbelvaros.com\/termek\/automata-teleszkopos-szexgep-dildoval\/"},"modified":"2026-04-27T14:15:50","modified_gmt":"2026-04-27T12:15:50","slug":"automata-teleszkopos-szexgep-dildoval","status":"publish","type":"product","link":"https:\/\/www.szexshopbelvaros.com\/en\/product\/automata-teleszkopos-szexgep-dildoval\/","title":{"rendered":"\u2699\ufe0f Automatic telescopic sex machine + dildo + Bag \u2013 the big gun of machine pleasure"},"content":{"rendered":"<p data-start=\"789\" data-end=\"1183\">Get ready for the automatic telescopic sex machine to redefine home entertainment. This machine is designed for those \u2013 women and men \u2013 who value freedom, power, and the feeling of having something to do. <em data-start=\"990\" data-end=\"1014\">always keeps pace<\/em>. Thanks to the fully adjustable rhythm control, you decide how much force and speed you want to work with, and you can be sure that this iron will never stop prematurely.<\/p>\n<h3 data-start=\"1185\" data-end=\"1254\">Technical specifications and dimensions so you know exactly what you&#039;re playing with:<\/h3>\n<ul data-start=\"1255\" data-end=\"1827\">\n<li data-start=\"1255\" data-end=\"1302\">\n<p data-start=\"1257\" data-end=\"1302\"><strong data-start=\"1257\" data-end=\"1268\">Material:<\/strong> ABS, PVC, metal (penis \u2013 gel)<\/p>\n<\/li>\n<li data-start=\"1303\" data-end=\"1356\">\n<p data-start=\"1305\" data-end=\"1356\"><strong data-start=\"1305\" data-end=\"1321\">Decisiveness:<\/strong> yes, adjustable <strong data-start=\"1338\" data-end=\"1347\">5\u201380\u00b0<\/strong> between<\/p>\n<\/li>\n<li data-start=\"1357\" data-end=\"1400\">\n<p data-start=\"1359\" data-end=\"1400\"><strong data-start=\"1359\" data-end=\"1384\">Sliding movement length:<\/strong> max. <strong data-start=\"1390\" data-end=\"1398\">6 cm<\/strong><\/p>\n<\/li>\n<li data-start=\"1401\" data-end=\"1469\">\n<p data-start=\"1403\" data-end=\"1469\"><strong data-start=\"1403\" data-end=\"1416\">Speed:<\/strong> will <strong data-start=\"1422\" data-end=\"1443\">300 movements\/minute<\/strong>, continuously adjustable<\/p>\n<\/li>\n<li data-start=\"1470\" data-end=\"1532\">\n<p data-start=\"1472\" data-end=\"1532\"><strong data-start=\"1472\" data-end=\"1504\">Drive unit device size:<\/strong> 37cm \u00d7 15.5cm \u00d7 15.5cm<\/p>\n<\/li>\n<li data-start=\"1533\" data-end=\"1568\">\n<p data-start=\"1535\" data-end=\"1568\"><strong data-start=\"1535\" data-end=\"1556\">Penis length:<\/strong> <strong data-start=\"1557\" data-end=\"1566\">19 cm<\/strong><\/p>\n<\/li>\n<li data-start=\"1569\" data-end=\"1610\">\n<p data-start=\"1571\" data-end=\"1610\"><strong data-start=\"1571\" data-end=\"1594\">Penis diameter:<\/strong> max. <strong data-start=\"1600\" data-end=\"1608\">4cm<\/strong><\/p>\n<\/li>\n<li data-start=\"1611\" data-end=\"1642\">\n<p data-start=\"1613\" data-end=\"1642\"><strong data-start=\"1613\" data-end=\"1631\">Power supply:<\/strong> 100\u2013240V<\/p>\n<\/li>\n<li data-start=\"1643\" data-end=\"1682\">\n<p data-start=\"1645\" data-end=\"1682\"><strong data-start=\"1645\" data-end=\"1669\">Output voltage:<\/strong> DC 12V\/24V<\/p>\n<\/li>\n<li data-start=\"1683\" data-end=\"1731\">\n<p data-start=\"1685\" data-end=\"1731\"><strong data-start=\"1685\" data-end=\"1698\">Functions:<\/strong> adjustable height 13 cm\u201336 cm<\/p>\n<\/li>\n<li data-start=\"1732\" data-end=\"1768\">\n<p data-start=\"1734\" data-end=\"1768\"><strong data-start=\"1734\" data-end=\"1753\">Mounting method:<\/strong> suction cup<\/p>\n<\/li>\n<li data-start=\"1769\" data-end=\"1827\">\n<p data-start=\"1771\" data-end=\"1827\"><strong data-start=\"1771\" data-end=\"1784\">Content:<\/strong> machine, vibrator, with power supply control<\/p>\n<\/li>\n<\/ul>\n<p data-start=\"1829\" data-end=\"1923\"><strong data-start=\"1829\" data-end=\"1838\">Tip:<\/strong> Use lubricant before each use for smooth, comfortable and easier penetration.<\/p>\n<p data-start=\"1925\" data-end=\"2015\">\ud83d\udc49 You should check out the rest of our <a href=\"https:\/\/www.szexshopbelvaros.com\/en\/product-category\/vibratorok\/szexgepek\/\"><strong data-start=\"1954\" data-end=\"1965\">sex machine<\/strong><\/a> our product if you want even more machine experience!<\/p>\n<p data-start=\"1925\" data-end=\"2015\">\ud83d\udc49 <strong data-start=\"235\" data-end=\"306\">Get it in as little as an hour <a href=\"https:\/\/wolt.com\/hu\/hun\/budapest\/venue\/szexshop-belvaros\/automata-teleszkopos-3xlr-szexgep-dildoval-automatic-sex-machine-dildo-itemid-b85c7853dd1dbe7fa41f6658\">at our Szexshop Belv\u00e1ros Wolt store<\/a>store<\/strong>, or order discreetly at <strong data-start=\"338\" data-end=\"366\"><a class=\"decorated-link cursor-pointer\" target=\"_new\" rel=\"noopener\" data-start=\"340\" data-end=\"364\">www.szexshopbelvaros.com<\/a><\/strong> . We deliver to the entire territory of Hungary and the EU.<\/p>","protected":false},"excerpt":{"rendered":"<p>K\u00e9sz\u00fclj fel arra, hogy az automata teleszk\u00f3pos szexg\u00e9p \u00e1t\u00edrja a h\u00e1zi sz\u00f3rakoz\u00e1s fogalm\u00e1t. Ez a g\u00e9p azoknak k\u00e9sz\u00fclt \u2013 n\u0151knek \u00e9s f\u00e9rfiaknak \u2013, akik \u00e9rt\u00e9kelik a szabads\u00e1got, az er\u0151t \u00e9s azt, ha valami mindig tartja a temp\u00f3t. A teljesen \u00e1ll\u00edthat\u00f3 ritmusszab\u00e1lyoz\u00e1snak k\u00f6sz\u00f6nhet\u0151en te d\u00f6nt\u00f6d el, milyen er\u0151vel \u00e9s sebess\u00e9ggel dolgozzon, \u00e9s biztos lehetsz benne: ez [&#8230;]\n","protected":false},"featured_media":2917,"comment_status":"closed","ping_status":"closed","template":"","meta":[],"product_brand":[],"product_cat":[54],"product_tag":[2261,2240,2264,398,2265,2116,2120,2257,2260,2103,2100,2117,389,2269,2274,2266,1035,1192,1318,2267,2262,2270,2118,2275,2263,2102,2276,2119,2101,1347,2271,2272,322,220,2259,2273,2256,2258,2268,384],"class_list":{"0":"post-542","1":"product","2":"type-product","3":"status-publish","4":"has-post-thumbnail","6":"product_cat-szexgepek","7":"product_tag-3xlr-dildo","8":"product_tag-3xlr-feltet","9":"product_tag-adjustable-angle-sex-machine","10":"product_tag-adult-toy","11":"product_tag-allithato-szog-szexgep","12":"product_tag-automata-jatek","13":"product_tag-automatic-sex-toy","14":"product_tag-automatic-thrusting-machine","15":"product_tag-dugogep","16":"product_tag-electric-stimulator","17":"product_tag-elektromos-jatek","18":"product_tag-eros-stimulacio","19":"product_tag-felnott-jatek","20":"product_tag-geppel-mukodo-dildo","21":"product_tag-hardcore-machine-play","22":"product_tag-high-speed-sex-machine","23":"product_tag-intense-stimulation","24":"product_tag-intim-jatek","25":"product_tag-intimate-toy","26":"product_tag-low-speed-sex-machine","27":"product_tag-machine-penetration","28":"product_tag-mechanical-thrusting-dildo","29":"product_tag-mechanikus-jatek","30":"product_tag-penetration-machine","31":"product_tag-piston-sex-machine","32":"product_tag-pleasure-device","33":"product_tag-power-sex-machine","34":"product_tag-sex-machine","35":"product_tag-stimulacio","36":"product_tag-szexgep","37":"product_tag-szexgep-feltet","38":"product_tag-szexgep-kiegeszito","39":"product_tag-szexjatek","40":"product_tag-szexshop-belvaros","41":"product_tag-teleszkopos-dildo","42":"product_tag-teleszkopos-mozgas","43":"product_tag-teleszkopos-szexgep","44":"product_tag-thrusting-dildo","45":"product_tag-thrusting-toy","46":"product_tag-vibrator","48":"first","49":"outofstock","50":"taxable","51":"shipping-taxable","52":"purchasable","53":"product-type-simple"},"yoast_head":"<!-- This site is optimized with the Yoast SEO plugin v27.4 - https:\/\/yoast.com\/product\/yoast-seo-wordpress\/ -->\n<title>Automata teleszk\u00f3pos szexg\u00e9p dild\u00f3val \u2013 Szexshop Belvaros<\/title>\n<meta name=\"description\" content=\"Az automata teleszk\u00f3pos szexg\u00e9p dild\u00f3val er\u0151s, \u00e1ll\u00edthat\u00f3 teljes\u00edtm\u00e9nyt, d\u00f6nthet\u0151 fejet \u00e9s ak\u00e1r 300 mozdulat\/perc ritmust k\u00edn\u00e1l. Fedezd fel a Szexshop Belvarosban!\" \/>\n<meta name=\"robots\" content=\"index, follow, max-snippet:-1, max-image-preview:large, max-video-preview:-1\" \/>\n<link rel=\"canonical\" href=\"https:\/\/www.szexshopbelvaros.com\/en\/product\/automata-teleszkopos-szexgep-dildoval\/\" \/>\n<meta property=\"og:locale\" content=\"en_US\" \/>\n<meta property=\"og:type\" content=\"article\" \/>\n<meta property=\"og:title\" content=\"Automata teleszk\u00f3pos szexg\u00e9p dild\u00f3val \u2013 Szexshop Belvaros\" \/>\n<meta property=\"og:description\" content=\"Az automata teleszk\u00f3pos szexg\u00e9p dild\u00f3val er\u0151s, \u00e1ll\u00edthat\u00f3 teljes\u00edtm\u00e9nyt, d\u00f6nthet\u0151 fejet \u00e9s ak\u00e1r 300 mozdulat\/perc ritmust k\u00edn\u00e1l. Fedezd fel a Szexshop Belvarosban!\" \/>\n<meta property=\"og:url\" content=\"https:\/\/www.szexshopbelvaros.com\/en\/product\/automata-teleszkopos-szexgep-dildoval\/\" \/>\n<meta property=\"og:site_name\" content=\"Szexshop Belvaros\" \/>\n<meta property=\"article:publisher\" content=\"https:\/\/www.facebook.com\/belvarossecrets\/\" \/>\n<meta property=\"article:modified_time\" content=\"2026-04-27T12:15:50+00:00\" \/>\n<meta property=\"og:image\" content=\"https:\/\/www.szexshopbelvaros.com\/wp-content\/uploads\/2025\/01\/Untitled-design-2-copy-2-1.png\" \/>\n\t<meta property=\"og:image:width\" content=\"1200\" \/>\n\t<meta property=\"og:image:height\" content=\"675\" \/>\n\t<meta property=\"og:image:type\" content=\"image\/png\" \/>\n<meta name=\"twitter:card\" content=\"summary_large_image\" \/>\n<meta name=\"twitter:site\" content=\"@belvarossecrets\" \/>\n<meta name=\"twitter:label1\" content=\"Est. reading time\" \/>\n\t<meta name=\"twitter:data1\" content=\"2 minutes\" \/>\n<script type=\"application\/ld+json\" class=\"yoast-schema-graph\">{\"@context\":\"https:\\\/\\\/schema.org\",\"@graph\":[{\"@type\":\"WebPage\",\"@id\":\"https:\\\/\\\/www.szexshopbelvaros.com\\\/termek\\\/automata-teleszkopos-szexgep-dildoval\\\/\",\"url\":\"https:\\\/\\\/www.szexshopbelvaros.com\\\/termek\\\/automata-teleszkopos-szexgep-dildoval\\\/\",\"name\":\"Automata teleszk\u00f3pos szexg\u00e9p dild\u00f3val \u2013 Szexshop Belvaros\",\"isPartOf\":{\"@id\":\"https:\\\/\\\/www.szexshopbelvaros.com\\\/#website\"},\"primaryImageOfPage\":{\"@id\":\"https:\\\/\\\/www.szexshopbelvaros.com\\\/termek\\\/automata-teleszkopos-szexgep-dildoval\\\/#primaryimage\"},\"image\":{\"@id\":\"https:\\\/\\\/www.szexshopbelvaros.com\\\/termek\\\/automata-teleszkopos-szexgep-dildoval\\\/#primaryimage\"},\"thumbnailUrl\":\"https:\\\/\\\/www.szexshopbelvaros.com\\\/wp-content\\\/uploads\\\/2025\\\/01\\\/Untitled-design-2-copy-2-1.png\",\"datePublished\":\"2025-01-31T13:42:16+00:00\",\"dateModified\":\"2026-04-27T12:15:50+00:00\",\"description\":\"Az automata teleszk\u00f3pos szexg\u00e9p dild\u00f3val er\u0151s, \u00e1ll\u00edthat\u00f3 teljes\u00edtm\u00e9nyt, d\u00f6nthet\u0151 fejet \u00e9s ak\u00e1r 300 mozdulat\\\/perc ritmust k\u00edn\u00e1l. Fedezd fel a Szexshop Belvarosban!\",\"breadcrumb\":{\"@id\":\"https:\\\/\\\/www.szexshopbelvaros.com\\\/termek\\\/automata-teleszkopos-szexgep-dildoval\\\/#breadcrumb\"},\"inLanguage\":\"en-US\",\"potentialAction\":[{\"@type\":\"ReadAction\",\"target\":[\"https:\\\/\\\/www.szexshopbelvaros.com\\\/termek\\\/automata-teleszkopos-szexgep-dildoval\\\/\"]}]},{\"@type\":\"ImageObject\",\"inLanguage\":\"en-US\",\"@id\":\"https:\\\/\\\/www.szexshopbelvaros.com\\\/termek\\\/automata-teleszkopos-szexgep-dildoval\\\/#primaryimage\",\"url\":\"https:\\\/\\\/www.szexshopbelvaros.com\\\/wp-content\\\/uploads\\\/2025\\\/01\\\/Untitled-design-2-copy-2-1.png\",\"contentUrl\":\"https:\\\/\\\/www.szexshopbelvaros.com\\\/wp-content\\\/uploads\\\/2025\\\/01\\\/Untitled-design-2-copy-2-1.png\",\"width\":1200,\"height\":675},{\"@type\":\"BreadcrumbList\",\"@id\":\"https:\\\/\\\/www.szexshopbelvaros.com\\\/termek\\\/automata-teleszkopos-szexgep-dildoval\\\/#breadcrumb\",\"itemListElement\":[{\"@type\":\"ListItem\",\"position\":1,\"name\":\"Home\",\"item\":\"https:\\\/\\\/www.szexshopbelvaros.com\\\/\"},{\"@type\":\"ListItem\",\"position\":2,\"name\":\"\u00c1ruh\u00e1z\",\"item\":\"https:\\\/\\\/www.szexshopbelvaros.com\\\/uzlet\\\/\"},{\"@type\":\"ListItem\",\"position\":3,\"name\":\"\u2699\ufe0f Automata teleszk\u00f3pos szexg\u00e9p + dild\u00f3val + T\u00e1ska &#8211; a g\u00e9pi \u00e9lvezet nagy\u00e1gy\u00faja\"}]},{\"@type\":\"WebSite\",\"@id\":\"https:\\\/\\\/www.szexshopbelvaros.com\\\/#website\",\"url\":\"https:\\\/\\\/www.szexshopbelvaros.com\\\/\",\"name\":\"Szexshop Belv\u00e1ros\",\"description\":\"\ud83d\udd25 A szex olyan, mint a p\u00e9nz; csak a t\u00fal sok el\u00e9g!\u2122 Titkok a belv\u00e1rosb\u00f3l \ud83d\udc8b | Secrets from Budapest \ud83d\udc8e Feln\u0151tt j\u00e1t\u00e9kok \u2022 Erotika \u2022 Szexshop Belvaros\",\"publisher\":{\"@id\":\"https:\\\/\\\/www.szexshopbelvaros.com\\\/#organization\"},\"potentialAction\":[{\"@type\":\"SearchAction\",\"target\":{\"@type\":\"EntryPoint\",\"urlTemplate\":\"https:\\\/\\\/www.szexshopbelvaros.com\\\/?s={search_term_string}\"},\"query-input\":{\"@type\":\"PropertyValueSpecification\",\"valueRequired\":true,\"valueName\":\"search_term_string\"}}],\"inLanguage\":\"en-US\"},{\"@type\":\"Organization\",\"@id\":\"https:\\\/\\\/www.szexshopbelvaros.com\\\/#organization\",\"name\":\"Szexshop Belv\u00e1ros\",\"alternateName\":\"szexshopbelvaros.com\",\"url\":\"https:\\\/\\\/www.szexshopbelvaros.com\\\/\",\"logo\":{\"@type\":\"ImageObject\",\"inLanguage\":\"en-US\",\"@id\":\"https:\\\/\\\/www.szexshopbelvaros.com\\\/#\\\/schema\\\/logo\\\/image\\\/\",\"url\":\"https:\\\/\\\/www.szexshopbelvaros.com\\\/wp-content\\\/uploads\\\/2025\\\/09\\\/1Szexshopbelvaroslogo_blurred_stronger.jpg\",\"contentUrl\":\"https:\\\/\\\/www.szexshopbelvaros.com\\\/wp-content\\\/uploads\\\/2025\\\/09\\\/1Szexshopbelvaroslogo_blurred_stronger.jpg\",\"width\":1024,\"height\":1024,\"caption\":\"Szexshop Belv\u00e1ros\"},\"image\":{\"@id\":\"https:\\\/\\\/www.szexshopbelvaros.com\\\/#\\\/schema\\\/logo\\\/image\\\/\"},\"sameAs\":[\"https:\\\/\\\/www.facebook.com\\\/belvarossecrets\\\/\",\"https:\\\/\\\/x.com\\\/belvarossecrets\",\"https:\\\/\\\/www.instagram.com\\\/belvarossecrets\\\/\",\"https:\\\/\\\/www.tiktok.com\\\/@belvarossecrets\"]}]}<\/script>\n<!-- \/ Yoast SEO plugin. -->","yoast_head_json":{"title":"Automatic telescopic sex machine with dildo \u2013 Szexshop Belvaros","description":"The automatic telescopic sex machine with dildo offers strong, adjustable power, a tilting head and a rhythm of up to 300 movements\/minute. Discover it in Szexshop Belvaros!","robots":{"index":"index","follow":"follow","max-snippet":"max-snippet:-1","max-image-preview":"max-image-preview:large","max-video-preview":"max-video-preview:-1"},"canonical":"https:\/\/www.szexshopbelvaros.com\/en\/product\/automata-teleszkopos-szexgep-dildoval\/","og_locale":"en_US","og_type":"article","og_title":"Automata teleszk\u00f3pos szexg\u00e9p dild\u00f3val \u2013 Szexshop Belvaros","og_description":"Az automata teleszk\u00f3pos szexg\u00e9p dild\u00f3val er\u0151s, \u00e1ll\u00edthat\u00f3 teljes\u00edtm\u00e9nyt, d\u00f6nthet\u0151 fejet \u00e9s ak\u00e1r 300 mozdulat\/perc ritmust k\u00edn\u00e1l. Fedezd fel a Szexshop Belvarosban!","og_url":"https:\/\/www.szexshopbelvaros.com\/en\/product\/automata-teleszkopos-szexgep-dildoval\/","og_site_name":"Szexshop Belvaros","article_publisher":"https:\/\/www.facebook.com\/belvarossecrets\/","article_modified_time":"2026-04-27T12:15:50+00:00","og_image":[{"width":1200,"height":675,"url":"https:\/\/www.szexshopbelvaros.com\/wp-content\/uploads\/2025\/01\/Untitled-design-2-copy-2-1.png","type":"image\/png"}],"twitter_card":"summary_large_image","twitter_site":"@belvarossecrets","twitter_misc":{"Est. reading time":"2 minutes"},"schema":{"@context":"https:\/\/schema.org","@graph":[{"@type":"WebPage","@id":"https:\/\/www.szexshopbelvaros.com\/termek\/automata-teleszkopos-szexgep-dildoval\/","url":"https:\/\/www.szexshopbelvaros.com\/termek\/automata-teleszkopos-szexgep-dildoval\/","name":"Automatic telescopic sex machine with dildo \u2013 Szexshop Belvaros","isPartOf":{"@id":"https:\/\/www.szexshopbelvaros.com\/#website"},"primaryImageOfPage":{"@id":"https:\/\/www.szexshopbelvaros.com\/termek\/automata-teleszkopos-szexgep-dildoval\/#primaryimage"},"image":{"@id":"https:\/\/www.szexshopbelvaros.com\/termek\/automata-teleszkopos-szexgep-dildoval\/#primaryimage"},"thumbnailUrl":"https:\/\/www.szexshopbelvaros.com\/wp-content\/uploads\/2025\/01\/Untitled-design-2-copy-2-1.png","datePublished":"2025-01-31T13:42:16+00:00","dateModified":"2026-04-27T12:15:50+00:00","description":"The automatic telescopic sex machine with dildo offers strong, adjustable power, a tilting head and a rhythm of up to 300 movements\/minute. Discover it in Szexshop Belvaros!","breadcrumb":{"@id":"https:\/\/www.szexshopbelvaros.com\/termek\/automata-teleszkopos-szexgep-dildoval\/#breadcrumb"},"inLanguage":"en-US","potentialAction":[{"@type":"ReadAction","target":["https:\/\/www.szexshopbelvaros.com\/termek\/automata-teleszkopos-szexgep-dildoval\/"]}]},{"@type":"ImageObject","inLanguage":"en-US","@id":"https:\/\/www.szexshopbelvaros.com\/termek\/automata-teleszkopos-szexgep-dildoval\/#primaryimage","url":"https:\/\/www.szexshopbelvaros.com\/wp-content\/uploads\/2025\/01\/Untitled-design-2-copy-2-1.png","contentUrl":"https:\/\/www.szexshopbelvaros.com\/wp-content\/uploads\/2025\/01\/Untitled-design-2-copy-2-1.png","width":1200,"height":675},{"@type":"BreadcrumbList","@id":"https:\/\/www.szexshopbelvaros.com\/termek\/automata-teleszkopos-szexgep-dildoval\/#breadcrumb","itemListElement":[{"@type":"ListItem","position":1,"name":"Home","item":"https:\/\/www.szexshopbelvaros.com\/"},{"@type":"ListItem","position":2,"name":"\u00c1ruh\u00e1z","item":"https:\/\/www.szexshopbelvaros.com\/uzlet\/"},{"@type":"ListItem","position":3,"name":"\u2699\ufe0f Automata teleszk\u00f3pos szexg\u00e9p + dild\u00f3val + T\u00e1ska &#8211; a g\u00e9pi \u00e9lvezet nagy\u00e1gy\u00faja"}]},{"@type":"WebSite","@id":"https:\/\/www.szexshopbelvaros.com\/#website","url":"https:\/\/www.szexshopbelvaros.com\/","name":"at our Szexshop Belv\u00e1ros","description":"\ud83d\udd25 Sex is like money; only too much is enough!\u2122 Secrets from the city center \ud83d\udc8b | Secrets from Budapest \ud83d\udc8e Adult games \u2022 Erotica \u2022 Sex shop Belvaros","publisher":{"@id":"https:\/\/www.szexshopbelvaros.com\/#organization"},"potentialAction":[{"@type":"SearchAction","target":{"@type":"EntryPoint","urlTemplate":"https:\/\/www.szexshopbelvaros.com\/?s={search_term_string}"},"query-input":{"@type":"PropertyValueSpecification","valueRequired":true,"valueName":"search_term_string"}}],"inLanguage":"en-US"},{"@type":"Organization","@id":"https:\/\/www.szexshopbelvaros.com\/#organization","name":"at our Szexshop Belv\u00e1ros","alternateName":"szexshopbelvaros.com","url":"https:\/\/www.szexshopbelvaros.com\/","logo":{"@type":"ImageObject","inLanguage":"en-US","@id":"https:\/\/www.szexshopbelvaros.com\/#\/schema\/logo\/image\/","url":"https:\/\/www.szexshopbelvaros.com\/wp-content\/uploads\/2025\/09\/1Szexshopbelvaroslogo_blurred_stronger.jpg","contentUrl":"https:\/\/www.szexshopbelvaros.com\/wp-content\/uploads\/2025\/09\/1Szexshopbelvaroslogo_blurred_stronger.jpg","width":1024,"height":1024,"caption":"Szexshop Belv\u00e1ros"},"image":{"@id":"https:\/\/www.szexshopbelvaros.com\/#\/schema\/logo\/image\/"},"sameAs":["https:\/\/www.facebook.com\/belvarossecrets\/","https:\/\/x.com\/belvarossecrets","https:\/\/www.instagram.com\/belvarossecrets\/","https:\/\/www.tiktok.com\/@belvarossecrets"]}]}},"_links":{"self":[{"href":"https:\/\/www.szexshopbelvaros.com\/en\/wp-json\/wp\/v2\/product\/542","targetHints":{"allow":["GET"]}}],"collection":[{"href":"https:\/\/www.szexshopbelvaros.com\/en\/wp-json\/wp\/v2\/product"}],"about":[{"href":"https:\/\/www.szexshopbelvaros.com\/en\/wp-json\/wp\/v2\/types\/product"}],"replies":[{"embeddable":true,"href":"https:\/\/www.szexshopbelvaros.com\/en\/wp-json\/wp\/v2\/comments?post=542"}],"wp:featuredmedia":[{"embeddable":true,"href":"https:\/\/www.szexshopbelvaros.com\/en\/wp-json\/wp\/v2\/media\/2917"}],"wp:attachment":[{"href":"https:\/\/www.szexshopbelvaros.com\/en\/wp-json\/wp\/v2\/media?parent=542"}],"wp:term":[{"taxonomy":"product_brand","embeddable":true,"href":"https:\/\/www.szexshopbelvaros.com\/en\/wp-json\/wp\/v2\/product_brand?post=542"},{"taxonomy":"product_cat","embeddable":true,"href":"https:\/\/www.szexshopbelvaros.com\/en\/wp-json\/wp\/v2\/product_cat?post=542"},{"taxonomy":"product_tag","embeddable":true,"href":"https:\/\/www.szexshopbelvaros.com\/en\/wp-json\/wp\/v2\/product_tag?post=542"}],"curies":[{"name":"wp","href":"https:\/\/api.w.org\/{rel}","templated":true}]}}