{"id":546,"date":"2025-01-31T14:42:16","date_gmt":"2025-01-31T13:42:16","guid":{"rendered":"https:\/\/www.szexshopbelvaros.com\/termek\/durex-feel-intimate-vekonyfalu-ovszer-3db\/"},"modified":"2026-04-21T15:11:10","modified_gmt":"2026-04-21T13:11:10","slug":"durex-feel-intimate-vekonyfalu-ovszer-3db","status":"publish","type":"product","link":"https:\/\/www.szexshopbelvaros.com\/en\/product\/durex-feel-intimate-vekonyfalu-ovszer-3db\/","title":{"rendered":"Durex Feel Intimate \u2013 Thin-Wall Condoms (3PCS)"},"content":{"rendered":"<p>3 premium, breathable condoms from Durex!<\/p>\n<p>One of the thinnest-walled condoms, with extra lubrication for easy penetration.<\/p>\n<p>Why is it good?<\/p>\n<p>It feels completely natural, as if you&#039;re wearing nothing.<br \/>\nProvides high security and protection<br \/>\nThanks to its extremely thin material \u2013 it is not disturbing, as if it is not even there<br \/>\nMade with new Easy-on manufacturing technology, with a precise fit \u2013 it adapts perfectly to the penis<br \/>\nPleasantly scented, transparent \u2013 no unpleasant, pungent, rubbery odor<br \/>\nEquipped with a safe semen reservoir and factory lubrication - for slippery, confident pleasure<br \/>\nProduct specifications, features:<\/p>\n<p>color: transparent<br \/>\nMaterial: Latex (natural rubber) \u2013 may cause allergies in those sensitive to it<br \/>\nequipped with factory lubrication<br \/>\nanatomical shape, with sperm container<br \/>\nthin material<br \/>\nlength: 195mm<br \/>\nthickness: 0.055mm<br \/>\ndiameter: 56mm.<br \/>\nPack of 3<br \/>\nStore in a cool, dry place (max. 37.77\u00b0C), away from sunlight.<br \/>\nA condom can only be used once!<br \/>\nWARNING: DO NOT USE OIL-BASED PRODUCTS with condoms, such as vegetable oils, mineral oils, baby oil, massage oil, paraffin oil, or cold creams, as they may damage the LATEX condom material.<\/p>\n<p>&nbsp;<\/p>","protected":false},"excerpt":{"rendered":"<p>3db, pr\u00e9mium kateg\u00f3ri\u00e1s, lehelletv\u00e9kony \u00f3vszer a Durex-t\u0151l! Az egyik legv\u00e9konyabb fal\u00fa \u00f3vszer, mely extra s\u00edkos\u00edt\u00e1ssal van ell\u00e1tva a k\u00f6nnyed behatol\u00e1s \u00e9rdek\u00e9ben. Mi\u00e9rt j\u00f3? T\u00f6k\u00e9letesen term\u00e9szetes \u00e9rz\u00e9st ny\u00fajt, mintha nem viseln\u00e9l semmit Magas biztons\u00e1got \u00e9s v\u00e9delmet ad Rendk\u00edv\u00fcl v\u00e9kony anyag\u00e1nak k\u00f6sz\u00f6nhet\u0151en &#8211; nem zavar\u00f3, mintha ott sem lenne \u00daj gy\u00e1rt\u00e1si technol\u00f3gi\u00e1val k\u00e9sz\u00fcl Easy-on, prec\u00edzen passzol\u00f3 illeszked\u00e9ssel [&#8230;]\n","protected":false},"featured_media":547,"comment_status":"closed","ping_status":"closed","template":"","meta":[],"product_brand":[],"product_cat":[156,134],"product_tag":[2052,413,807,2053,1528,2050,2047,2051,824,806,2049,2058,405,1201,220,2048,2057,1529],"class_list":{"0":"post-546","1":"product","2":"type-product","3":"status-publish","4":"has-post-thumbnail","6":"product_cat-drogeria-wellness","7":"product_cat-ovszerek","8":"product_tag-adult-care","9":"product_tag-biztonsagos-szex","10":"product_tag-condom","11":"product_tag-couples-wellness","12":"product_tag-drogeria","13":"product_tag-felnotteknek","14":"product_tag-intim-termek","15":"product_tag-intimate-products","16":"product_tag-latex-ovszer","17":"product_tag-ovszer","18":"product_tag-paros-egeszseg","19":"product_tag-protection","20":"product_tag-safe-sex","21":"product_tag-sexual-wellness","22":"product_tag-szexshop-belvaros","23":"product_tag-szexualis-egeszseg","24":"product_tag-vedekezes","25":"product_tag-wellness","27":"first","28":"instock","29":"taxable","30":"shipping-taxable","31":"purchasable","32":"product-type-simple"},"yoast_head":"<!-- This site is optimized with the Yoast SEO plugin v27.4 - https:\/\/yoast.com\/product\/yoast-seo-wordpress\/ -->\n<title>Durex Feel Intimate - V\u00e9konyfal\u00fa \u00d3vszer (3DB) - Szexshop Belvaros<\/title>\n<meta name=\"robots\" content=\"index, follow, max-snippet:-1, max-image-preview:large, max-video-preview:-1\" \/>\n<link rel=\"canonical\" href=\"https:\/\/www.szexshopbelvaros.com\/en\/product\/durex-feel-intimate-vekonyfalu-ovszer-3db\/\" \/>\n<meta property=\"og:locale\" content=\"en_US\" \/>\n<meta property=\"og:type\" content=\"article\" \/>\n<meta property=\"og:title\" content=\"Durex Feel Intimate - V\u00e9konyfal\u00fa \u00d3vszer (3DB) - Szexshop Belvaros\" \/>\n<meta property=\"og:description\" content=\"3db, pr\u00e9mium kateg\u00f3ri\u00e1s, lehelletv\u00e9kony \u00f3vszer a Durex-t\u0151l! Az egyik legv\u00e9konyabb fal\u00fa \u00f3vszer, mely extra s\u00edkos\u00edt\u00e1ssal van ell\u00e1tva a k\u00f6nnyed behatol\u00e1s \u00e9rdek\u00e9ben. Mi\u00e9rt j\u00f3? T\u00f6k\u00e9letesen term\u00e9szetes \u00e9rz\u00e9st ny\u00fajt, mintha nem viseln\u00e9l semmit Magas biztons\u00e1got \u00e9s v\u00e9delmet ad Rendk\u00edv\u00fcl v\u00e9kony anyag\u00e1nak k\u00f6sz\u00f6nhet\u0151en &#8211; nem zavar\u00f3, mintha ott sem lenne \u00daj gy\u00e1rt\u00e1si technol\u00f3gi\u00e1val k\u00e9sz\u00fcl Easy-on, prec\u00edzen passzol\u00f3 illeszked\u00e9ssel [...]\" \/>\n<meta property=\"og:url\" content=\"https:\/\/www.szexshopbelvaros.com\/en\/product\/durex-feel-intimate-vekonyfalu-ovszer-3db\/\" \/>\n<meta property=\"og:site_name\" content=\"Szexshop Belvaros\" \/>\n<meta property=\"article:publisher\" content=\"https:\/\/www.facebook.com\/belvarossecrets\/\" \/>\n<meta property=\"article:modified_time\" content=\"2026-04-21T13:11:10+00:00\" \/>\n<meta property=\"og:image\" content=\"https:\/\/www.szexshopbelvaros.com\/wp-content\/uploads\/2025\/01\/ad42b85a-21ae-11ef-976d-b2aedc1277fd_100010.jpg\" \/>\n\t<meta property=\"og:image:width\" content=\"1200\" \/>\n\t<meta property=\"og:image:height\" content=\"676\" \/>\n\t<meta property=\"og:image:type\" content=\"image\/jpeg\" \/>\n<meta name=\"twitter:card\" content=\"summary_large_image\" \/>\n<meta name=\"twitter:site\" content=\"@belvarossecrets\" \/>\n<meta name=\"twitter:label1\" content=\"Est. reading time\" \/>\n\t<meta name=\"twitter:data1\" content=\"1 minute\" \/>\n<script type=\"application\/ld+json\" class=\"yoast-schema-graph\">{\"@context\":\"https:\\\/\\\/schema.org\",\"@graph\":[{\"@type\":\"WebPage\",\"@id\":\"https:\\\/\\\/www.szexshopbelvaros.com\\\/termek\\\/durex-feel-intimate-vekonyfalu-ovszer-3db\\\/\",\"url\":\"https:\\\/\\\/www.szexshopbelvaros.com\\\/termek\\\/durex-feel-intimate-vekonyfalu-ovszer-3db\\\/\",\"name\":\"Durex Feel Intimate - V\u00e9konyfal\u00fa \u00d3vszer (3DB) - Szexshop Belvaros\",\"isPartOf\":{\"@id\":\"https:\\\/\\\/www.szexshopbelvaros.com\\\/#website\"},\"primaryImageOfPage\":{\"@id\":\"https:\\\/\\\/www.szexshopbelvaros.com\\\/termek\\\/durex-feel-intimate-vekonyfalu-ovszer-3db\\\/#primaryimage\"},\"image\":{\"@id\":\"https:\\\/\\\/www.szexshopbelvaros.com\\\/termek\\\/durex-feel-intimate-vekonyfalu-ovszer-3db\\\/#primaryimage\"},\"thumbnailUrl\":\"https:\\\/\\\/www.szexshopbelvaros.com\\\/wp-content\\\/uploads\\\/2025\\\/01\\\/ad42b85a-21ae-11ef-976d-b2aedc1277fd_100010.jpg\",\"datePublished\":\"2025-01-31T13:42:16+00:00\",\"dateModified\":\"2026-04-21T13:11:10+00:00\",\"breadcrumb\":{\"@id\":\"https:\\\/\\\/www.szexshopbelvaros.com\\\/termek\\\/durex-feel-intimate-vekonyfalu-ovszer-3db\\\/#breadcrumb\"},\"inLanguage\":\"en-US\",\"potentialAction\":[{\"@type\":\"ReadAction\",\"target\":[\"https:\\\/\\\/www.szexshopbelvaros.com\\\/termek\\\/durex-feel-intimate-vekonyfalu-ovszer-3db\\\/\"]}]},{\"@type\":\"ImageObject\",\"inLanguage\":\"en-US\",\"@id\":\"https:\\\/\\\/www.szexshopbelvaros.com\\\/termek\\\/durex-feel-intimate-vekonyfalu-ovszer-3db\\\/#primaryimage\",\"url\":\"https:\\\/\\\/www.szexshopbelvaros.com\\\/wp-content\\\/uploads\\\/2025\\\/01\\\/ad42b85a-21ae-11ef-976d-b2aedc1277fd_100010.jpg\",\"contentUrl\":\"https:\\\/\\\/www.szexshopbelvaros.com\\\/wp-content\\\/uploads\\\/2025\\\/01\\\/ad42b85a-21ae-11ef-976d-b2aedc1277fd_100010.jpg\",\"width\":1200,\"height\":676},{\"@type\":\"BreadcrumbList\",\"@id\":\"https:\\\/\\\/www.szexshopbelvaros.com\\\/termek\\\/durex-feel-intimate-vekonyfalu-ovszer-3db\\\/#breadcrumb\",\"itemListElement\":[{\"@type\":\"ListItem\",\"position\":1,\"name\":\"Home\",\"item\":\"https:\\\/\\\/www.szexshopbelvaros.com\\\/\"},{\"@type\":\"ListItem\",\"position\":2,\"name\":\"\u00c1ruh\u00e1z\",\"item\":\"https:\\\/\\\/www.szexshopbelvaros.com\\\/uzlet\\\/\"},{\"@type\":\"ListItem\",\"position\":3,\"name\":\"Durex Feel Intimate &#8211; V\u00e9konyfal\u00fa \u00d3vszer (3DB)\"}]},{\"@type\":\"WebSite\",\"@id\":\"https:\\\/\\\/www.szexshopbelvaros.com\\\/#website\",\"url\":\"https:\\\/\\\/www.szexshopbelvaros.com\\\/\",\"name\":\"Szexshop Belv\u00e1ros\",\"description\":\"\ud83d\udd25 A szex olyan, mint a p\u00e9nz; csak a t\u00fal sok el\u00e9g!\u2122 Titkok a belv\u00e1rosb\u00f3l \ud83d\udc8b | Secrets from Budapest \ud83d\udc8e Feln\u0151tt j\u00e1t\u00e9kok \u2022 Erotika \u2022 Szexshop Belvaros\",\"publisher\":{\"@id\":\"https:\\\/\\\/www.szexshopbelvaros.com\\\/#organization\"},\"potentialAction\":[{\"@type\":\"SearchAction\",\"target\":{\"@type\":\"EntryPoint\",\"urlTemplate\":\"https:\\\/\\\/www.szexshopbelvaros.com\\\/?s={search_term_string}\"},\"query-input\":{\"@type\":\"PropertyValueSpecification\",\"valueRequired\":true,\"valueName\":\"search_term_string\"}}],\"inLanguage\":\"en-US\"},{\"@type\":\"Organization\",\"@id\":\"https:\\\/\\\/www.szexshopbelvaros.com\\\/#organization\",\"name\":\"Szexshop Belv\u00e1ros\",\"alternateName\":\"szexshopbelvaros.com\",\"url\":\"https:\\\/\\\/www.szexshopbelvaros.com\\\/\",\"logo\":{\"@type\":\"ImageObject\",\"inLanguage\":\"en-US\",\"@id\":\"https:\\\/\\\/www.szexshopbelvaros.com\\\/#\\\/schema\\\/logo\\\/image\\\/\",\"url\":\"https:\\\/\\\/www.szexshopbelvaros.com\\\/wp-content\\\/uploads\\\/2025\\\/09\\\/1Szexshopbelvaroslogo_blurred_stronger.jpg\",\"contentUrl\":\"https:\\\/\\\/www.szexshopbelvaros.com\\\/wp-content\\\/uploads\\\/2025\\\/09\\\/1Szexshopbelvaroslogo_blurred_stronger.jpg\",\"width\":1024,\"height\":1024,\"caption\":\"Szexshop Belv\u00e1ros\"},\"image\":{\"@id\":\"https:\\\/\\\/www.szexshopbelvaros.com\\\/#\\\/schema\\\/logo\\\/image\\\/\"},\"sameAs\":[\"https:\\\/\\\/www.facebook.com\\\/belvarossecrets\\\/\",\"https:\\\/\\\/x.com\\\/belvarossecrets\",\"https:\\\/\\\/www.instagram.com\\\/belvarossecrets\\\/\",\"https:\\\/\\\/www.tiktok.com\\\/@belvarossecrets\"]}]}<\/script>\n<!-- \/ Yoast SEO plugin. -->","yoast_head_json":{"title":"Durex Feel Intimate - Thin-Wall Condoms (3pcs) - Sexshop Belvaros","robots":{"index":"index","follow":"follow","max-snippet":"max-snippet:-1","max-image-preview":"max-image-preview:large","max-video-preview":"max-video-preview:-1"},"canonical":"https:\/\/www.szexshopbelvaros.com\/en\/product\/durex-feel-intimate-vekonyfalu-ovszer-3db\/","og_locale":"en_US","og_type":"article","og_title":"Durex Feel Intimate - V\u00e9konyfal\u00fa \u00d3vszer (3DB) - Szexshop Belvaros","og_description":"3db, pr\u00e9mium kateg\u00f3ri\u00e1s, lehelletv\u00e9kony \u00f3vszer a Durex-t\u0151l! Az egyik legv\u00e9konyabb fal\u00fa \u00f3vszer, mely extra s\u00edkos\u00edt\u00e1ssal van ell\u00e1tva a k\u00f6nnyed behatol\u00e1s \u00e9rdek\u00e9ben. Mi\u00e9rt j\u00f3? T\u00f6k\u00e9letesen term\u00e9szetes \u00e9rz\u00e9st ny\u00fajt, mintha nem viseln\u00e9l semmit Magas biztons\u00e1got \u00e9s v\u00e9delmet ad Rendk\u00edv\u00fcl v\u00e9kony anyag\u00e1nak k\u00f6sz\u00f6nhet\u0151en &#8211; nem zavar\u00f3, mintha ott sem lenne \u00daj gy\u00e1rt\u00e1si technol\u00f3gi\u00e1val k\u00e9sz\u00fcl Easy-on, prec\u00edzen passzol\u00f3 illeszked\u00e9ssel [...]","og_url":"https:\/\/www.szexshopbelvaros.com\/en\/product\/durex-feel-intimate-vekonyfalu-ovszer-3db\/","og_site_name":"Szexshop Belvaros","article_publisher":"https:\/\/www.facebook.com\/belvarossecrets\/","article_modified_time":"2026-04-21T13:11:10+00:00","og_image":[{"width":1200,"height":676,"url":"https:\/\/www.szexshopbelvaros.com\/wp-content\/uploads\/2025\/01\/ad42b85a-21ae-11ef-976d-b2aedc1277fd_100010.jpg","type":"image\/jpeg"}],"twitter_card":"summary_large_image","twitter_site":"@belvarossecrets","twitter_misc":{"Est. reading time":"1 minute"},"schema":{"@context":"https:\/\/schema.org","@graph":[{"@type":"WebPage","@id":"https:\/\/www.szexshopbelvaros.com\/termek\/durex-feel-intimate-vekonyfalu-ovszer-3db\/","url":"https:\/\/www.szexshopbelvaros.com\/termek\/durex-feel-intimate-vekonyfalu-ovszer-3db\/","name":"Durex Feel Intimate - Thin-Wall Condoms (3pcs) - Sexshop Belvaros","isPartOf":{"@id":"https:\/\/www.szexshopbelvaros.com\/#website"},"primaryImageOfPage":{"@id":"https:\/\/www.szexshopbelvaros.com\/termek\/durex-feel-intimate-vekonyfalu-ovszer-3db\/#primaryimage"},"image":{"@id":"https:\/\/www.szexshopbelvaros.com\/termek\/durex-feel-intimate-vekonyfalu-ovszer-3db\/#primaryimage"},"thumbnailUrl":"https:\/\/www.szexshopbelvaros.com\/wp-content\/uploads\/2025\/01\/ad42b85a-21ae-11ef-976d-b2aedc1277fd_100010.jpg","datePublished":"2025-01-31T13:42:16+00:00","dateModified":"2026-04-21T13:11:10+00:00","breadcrumb":{"@id":"https:\/\/www.szexshopbelvaros.com\/termek\/durex-feel-intimate-vekonyfalu-ovszer-3db\/#breadcrumb"},"inLanguage":"en-US","potentialAction":[{"@type":"ReadAction","target":["https:\/\/www.szexshopbelvaros.com\/termek\/durex-feel-intimate-vekonyfalu-ovszer-3db\/"]}]},{"@type":"ImageObject","inLanguage":"en-US","@id":"https:\/\/www.szexshopbelvaros.com\/termek\/durex-feel-intimate-vekonyfalu-ovszer-3db\/#primaryimage","url":"https:\/\/www.szexshopbelvaros.com\/wp-content\/uploads\/2025\/01\/ad42b85a-21ae-11ef-976d-b2aedc1277fd_100010.jpg","contentUrl":"https:\/\/www.szexshopbelvaros.com\/wp-content\/uploads\/2025\/01\/ad42b85a-21ae-11ef-976d-b2aedc1277fd_100010.jpg","width":1200,"height":676},{"@type":"BreadcrumbList","@id":"https:\/\/www.szexshopbelvaros.com\/termek\/durex-feel-intimate-vekonyfalu-ovszer-3db\/#breadcrumb","itemListElement":[{"@type":"ListItem","position":1,"name":"Home","item":"https:\/\/www.szexshopbelvaros.com\/"},{"@type":"ListItem","position":2,"name":"\u00c1ruh\u00e1z","item":"https:\/\/www.szexshopbelvaros.com\/uzlet\/"},{"@type":"ListItem","position":3,"name":"Durex Feel Intimate &#8211; V\u00e9konyfal\u00fa \u00d3vszer (3DB)"}]},{"@type":"WebSite","@id":"https:\/\/www.szexshopbelvaros.com\/#website","url":"https:\/\/www.szexshopbelvaros.com\/","name":"at our Szexshop Belv\u00e1ros","description":"\ud83d\udd25 Sex is like money; only too much is enough!\u2122 Secrets from the city center \ud83d\udc8b | Secrets from Budapest \ud83d\udc8e Adult games \u2022 Erotica \u2022 Sex shop Belvaros","publisher":{"@id":"https:\/\/www.szexshopbelvaros.com\/#organization"},"potentialAction":[{"@type":"SearchAction","target":{"@type":"EntryPoint","urlTemplate":"https:\/\/www.szexshopbelvaros.com\/?s={search_term_string}"},"query-input":{"@type":"PropertyValueSpecification","valueRequired":true,"valueName":"search_term_string"}}],"inLanguage":"en-US"},{"@type":"Organization","@id":"https:\/\/www.szexshopbelvaros.com\/#organization","name":"at our Szexshop Belv\u00e1ros","alternateName":"szexshopbelvaros.com","url":"https:\/\/www.szexshopbelvaros.com\/","logo":{"@type":"ImageObject","inLanguage":"en-US","@id":"https:\/\/www.szexshopbelvaros.com\/#\/schema\/logo\/image\/","url":"https:\/\/www.szexshopbelvaros.com\/wp-content\/uploads\/2025\/09\/1Szexshopbelvaroslogo_blurred_stronger.jpg","contentUrl":"https:\/\/www.szexshopbelvaros.com\/wp-content\/uploads\/2025\/09\/1Szexshopbelvaroslogo_blurred_stronger.jpg","width":1024,"height":1024,"caption":"Szexshop Belv\u00e1ros"},"image":{"@id":"https:\/\/www.szexshopbelvaros.com\/#\/schema\/logo\/image\/"},"sameAs":["https:\/\/www.facebook.com\/belvarossecrets\/","https:\/\/x.com\/belvarossecrets","https:\/\/www.instagram.com\/belvarossecrets\/","https:\/\/www.tiktok.com\/@belvarossecrets"]}]}},"_links":{"self":[{"href":"https:\/\/www.szexshopbelvaros.com\/en\/wp-json\/wp\/v2\/product\/546","targetHints":{"allow":["GET"]}}],"collection":[{"href":"https:\/\/www.szexshopbelvaros.com\/en\/wp-json\/wp\/v2\/product"}],"about":[{"href":"https:\/\/www.szexshopbelvaros.com\/en\/wp-json\/wp\/v2\/types\/product"}],"replies":[{"embeddable":true,"href":"https:\/\/www.szexshopbelvaros.com\/en\/wp-json\/wp\/v2\/comments?post=546"}],"wp:featuredmedia":[{"embeddable":true,"href":"https:\/\/www.szexshopbelvaros.com\/en\/wp-json\/wp\/v2\/media\/547"}],"wp:attachment":[{"href":"https:\/\/www.szexshopbelvaros.com\/en\/wp-json\/wp\/v2\/media?parent=546"}],"wp:term":[{"taxonomy":"product_brand","embeddable":true,"href":"https:\/\/www.szexshopbelvaros.com\/en\/wp-json\/wp\/v2\/product_brand?post=546"},{"taxonomy":"product_cat","embeddable":true,"href":"https:\/\/www.szexshopbelvaros.com\/en\/wp-json\/wp\/v2\/product_cat?post=546"},{"taxonomy":"product_tag","embeddable":true,"href":"https:\/\/www.szexshopbelvaros.com\/en\/wp-json\/wp\/v2\/product_tag?post=546"}],"curies":[{"name":"wp","href":"https:\/\/api.w.org\/{rel}","templated":true}]}}