{"id":552,"date":"2025-01-31T14:42:16","date_gmt":"2025-01-31T13:42:16","guid":{"rendered":"https:\/\/www.szexshopbelvaros.com\/termek\/chisa-novelties-sex-lure-flesh-felcsatolhato-hevederbe-illesztheto-letapasz\/"},"modified":"2026-04-01T16:54:33","modified_gmt":"2026-04-01T14:54:33","slug":"chisa-novelties-sex-lure-flesh-felcsatolhato-hevederbe-illesztheto-letapasz","status":"publish","type":"product","link":"https:\/\/www.szexshopbelvaros.com\/en\/product\/chisa-novelties-sex-lure-flesh-felcsatolhato-hevederbe-illesztheto-letapasz\/","title":{"rendered":"Chisa Novelties \u2013 Sex Lure-Flesh \u2013 Strap-on, adhesive-backed"},"content":{"rendered":"<p>Chisa Novelties \u2013 Sex Lure-Flesh \u2013 Strap-on, adhesive dildo<\/p>\n<p>A penis-shaped dildo with a soft outer layer and a hard inner core, made of a material similar to body tissue and with a leathery feel, without a motor, with a veined surface, complete with testicles, flexible, and can be bent to different angles. It can be attached to a flat surface using its suction cup.<br \/>\nCleaning: Wash with warm soapy water or an appliance cleaner before and after each use. Water-based lubricant is recommended.<br \/>\nLength (cm):<br \/>\n16 \u2013 20<br \/>\nDiameter (cm) :<br \/>\n3.5 \u2013 3.9<br \/>\nColor:<br \/>\nFlesh color<br \/>\nMaterial:<br \/>\nTPE<br \/>\nSpecial feature:<br \/>\nwaterproof<br \/>\nBrand:<br \/>\nChisa Novelties<\/p>\n<p>&nbsp;<\/p>","protected":false},"excerpt":{"rendered":"<p>Chisa Novelties &#8211; Sex Lure-Flesh &#8211; Felcsatolhat\u00f3 hevederbe illeszthet\u0151, letapaszthat\u00f3 dild\u00f3 P\u00e9nisz form\u00e1j\u00fa, l\u00e1gy k\u00fcls\u0151 r\u00e9teggel \u00e9s kem\u00e9ny bels\u0151 maggal rendelkez\u0151, testsz\u00f6vethez hasonl\u00f3, b\u0151rszer\u0171 tapint\u00e1s\u00fa anyagb\u00f3l k\u00e9sz\u00fclt, motor n\u00e9lk\u00fcli, erezett fel\u00fclet\u0171, her\u00e9kkel kieg\u00e9sz\u00edtett, rugalmas, k\u00fcl\u00f6nb\u00f6z\u0151 sz\u00f6gekre is hajl\u00edthat\u00f3 dild\u00f3. Tapad\u00f3korongja seg\u00edts\u00e9g\u00e9vel s\u00edk fel\u00fcletre r\u00f6gz\u00edthet\u0151. Tiszt\u00edt\u00e1sa : minden haszn\u00e1lat el\u0151tt \u00e9s minden haszn\u00e1lat ut\u00e1n langyos szappanos [&#8230;]\n","protected":false},"featured_media":2867,"comment_status":"closed","ping_status":"closed","template":"","meta":[],"product_brand":[],"product_cat":[174,137],"product_tag":[398,1109,391,389,2091,1192,1318,1108,385,2088,1116,2087,2086,644,2092,322,220,2089,2094],"class_list":{"0":"post-552","1":"product","2":"type-product","3":"status-publish","4":"has-post-thumbnail","6":"product_cat-klasszikus-dildok","7":"product_cat-mupeniszek","8":"product_tag-adult-toy","9":"product_tag-classic-dildo","10":"product_tag-dildo","11":"product_tag-felnott-jatek","12":"product_tag-hagyomanyos-dildo","13":"product_tag-intim-jatek","14":"product_tag-intimate-toy","15":"product_tag-klasszikus-dildo","16":"product_tag-mupenisz","17":"product_tag-nem-vibralos-dildo","18":"product_tag-non-vibrating-dildo","19":"product_tag-pleasure-toy","20":"product_tag-realista-dildo","21":"product_tag-realistic-dildo","22":"product_tag-silicone-dildo","23":"product_tag-szexjatek","24":"product_tag-szexshop-belvaros","25":"product_tag-szilikon-dildo","26":"product_tag-traditional-dildo","28":"first","29":"instock","30":"taxable","31":"shipping-taxable","32":"purchasable","33":"product-type-simple"},"yoast_head":"<!-- This site is optimized with the Yoast SEO plugin v27.5 - https:\/\/yoast.com\/product\/yoast-seo-wordpress\/ -->\n<title>Chisa Novelties - Sex Lure-Flesh - Felcsatolhat\u00f3 hevederbe illeszthet\u0151, letapasz - Szexshop Belvaros<\/title>\n<meta name=\"robots\" content=\"index, follow, max-snippet:-1, max-image-preview:large, max-video-preview:-1\" \/>\n<link rel=\"canonical\" href=\"https:\/\/www.szexshopbelvaros.com\/en\/product\/chisa-novelties-sex-lure-flesh-felcsatolhato-hevederbe-illesztheto-letapasz\/\" \/>\n<meta property=\"og:locale\" content=\"en_US\" \/>\n<meta property=\"og:type\" content=\"article\" \/>\n<meta property=\"og:title\" content=\"Chisa Novelties - Sex Lure-Flesh - Felcsatolhat\u00f3 hevederbe illeszthet\u0151, letapasz - Szexshop Belvaros\" \/>\n<meta property=\"og:description\" content=\"Chisa Novelties &#8211; Sex Lure-Flesh &#8211; Felcsatolhat\u00f3 hevederbe illeszthet\u0151, letapaszthat\u00f3 dild\u00f3 P\u00e9nisz form\u00e1j\u00fa, l\u00e1gy k\u00fcls\u0151 r\u00e9teggel \u00e9s kem\u00e9ny bels\u0151 maggal rendelkez\u0151, testsz\u00f6vethez hasonl\u00f3, b\u0151rszer\u0171 tapint\u00e1s\u00fa anyagb\u00f3l k\u00e9sz\u00fclt, motor n\u00e9lk\u00fcli, erezett fel\u00fclet\u0171, her\u00e9kkel kieg\u00e9sz\u00edtett, rugalmas, k\u00fcl\u00f6nb\u00f6z\u0151 sz\u00f6gekre is hajl\u00edthat\u00f3 dild\u00f3. Tapad\u00f3korongja seg\u00edts\u00e9g\u00e9vel s\u00edk fel\u00fcletre r\u00f6gz\u00edthet\u0151. Tiszt\u00edt\u00e1sa : minden haszn\u00e1lat el\u0151tt \u00e9s minden haszn\u00e1lat ut\u00e1n langyos szappanos [...]\" \/>\n<meta property=\"og:url\" content=\"https:\/\/www.szexshopbelvaros.com\/en\/product\/chisa-novelties-sex-lure-flesh-felcsatolhato-hevederbe-illesztheto-letapasz\/\" \/>\n<meta property=\"og:site_name\" content=\"Szexshop Belvaros\" \/>\n<meta property=\"article:publisher\" content=\"https:\/\/www.facebook.com\/belvarossecrets\/\" \/>\n<meta property=\"article:modified_time\" content=\"2026-04-01T14:54:33+00:00\" \/>\n<meta property=\"og:image\" content=\"https:\/\/www.szexshopbelvaros.com\/wp-content\/uploads\/2025\/01\/Untitled-design-1-copy-3.png\" \/>\n\t<meta property=\"og:image:width\" content=\"458\" \/>\n\t<meta property=\"og:image:height\" content=\"458\" \/>\n\t<meta property=\"og:image:type\" content=\"image\/png\" \/>\n<meta name=\"twitter:card\" content=\"summary_large_image\" \/>\n<meta name=\"twitter:site\" content=\"@belvarossecrets\" \/>\n<meta name=\"twitter:label1\" content=\"Est. reading time\" \/>\n\t<meta name=\"twitter:data1\" content=\"1 minute\" \/>\n<script type=\"application\/ld+json\" class=\"yoast-schema-graph\">{\"@context\":\"https:\\\/\\\/schema.org\",\"@graph\":[{\"@type\":\"WebPage\",\"@id\":\"https:\\\/\\\/www.szexshopbelvaros.com\\\/termek\\\/chisa-novelties-sex-lure-flesh-felcsatolhato-hevederbe-illesztheto-letapasz\\\/\",\"url\":\"https:\\\/\\\/www.szexshopbelvaros.com\\\/termek\\\/chisa-novelties-sex-lure-flesh-felcsatolhato-hevederbe-illesztheto-letapasz\\\/\",\"name\":\"Chisa Novelties - Sex Lure-Flesh - Felcsatolhat\u00f3 hevederbe illeszthet\u0151, letapasz - Szexshop Belvaros\",\"isPartOf\":{\"@id\":\"https:\\\/\\\/www.szexshopbelvaros.com\\\/#website\"},\"primaryImageOfPage\":{\"@id\":\"https:\\\/\\\/www.szexshopbelvaros.com\\\/termek\\\/chisa-novelties-sex-lure-flesh-felcsatolhato-hevederbe-illesztheto-letapasz\\\/#primaryimage\"},\"image\":{\"@id\":\"https:\\\/\\\/www.szexshopbelvaros.com\\\/termek\\\/chisa-novelties-sex-lure-flesh-felcsatolhato-hevederbe-illesztheto-letapasz\\\/#primaryimage\"},\"thumbnailUrl\":\"https:\\\/\\\/www.szexshopbelvaros.com\\\/wp-content\\\/uploads\\\/2025\\\/01\\\/Untitled-design-1-copy-3.png\",\"datePublished\":\"2025-01-31T13:42:16+00:00\",\"dateModified\":\"2026-04-01T14:54:33+00:00\",\"breadcrumb\":{\"@id\":\"https:\\\/\\\/www.szexshopbelvaros.com\\\/termek\\\/chisa-novelties-sex-lure-flesh-felcsatolhato-hevederbe-illesztheto-letapasz\\\/#breadcrumb\"},\"inLanguage\":\"en-US\",\"potentialAction\":[{\"@type\":\"ReadAction\",\"target\":[\"https:\\\/\\\/www.szexshopbelvaros.com\\\/termek\\\/chisa-novelties-sex-lure-flesh-felcsatolhato-hevederbe-illesztheto-letapasz\\\/\"]}]},{\"@type\":\"ImageObject\",\"inLanguage\":\"en-US\",\"@id\":\"https:\\\/\\\/www.szexshopbelvaros.com\\\/termek\\\/chisa-novelties-sex-lure-flesh-felcsatolhato-hevederbe-illesztheto-letapasz\\\/#primaryimage\",\"url\":\"https:\\\/\\\/www.szexshopbelvaros.com\\\/wp-content\\\/uploads\\\/2025\\\/01\\\/Untitled-design-1-copy-3.png\",\"contentUrl\":\"https:\\\/\\\/www.szexshopbelvaros.com\\\/wp-content\\\/uploads\\\/2025\\\/01\\\/Untitled-design-1-copy-3.png\",\"width\":458,\"height\":458},{\"@type\":\"BreadcrumbList\",\"@id\":\"https:\\\/\\\/www.szexshopbelvaros.com\\\/termek\\\/chisa-novelties-sex-lure-flesh-felcsatolhato-hevederbe-illesztheto-letapasz\\\/#breadcrumb\",\"itemListElement\":[{\"@type\":\"ListItem\",\"position\":1,\"name\":\"Home\",\"item\":\"https:\\\/\\\/www.szexshopbelvaros.com\\\/\"},{\"@type\":\"ListItem\",\"position\":2,\"name\":\"\u00c1ruh\u00e1z\",\"item\":\"https:\\\/\\\/www.szexshopbelvaros.com\\\/uzlet\\\/\"},{\"@type\":\"ListItem\",\"position\":3,\"name\":\"Chisa Novelties &#8211; Sex Lure-Flesh &#8211; Felcsatolhat\u00f3 hevederbe illeszthet\u0151, letapasz\"}]},{\"@type\":\"WebSite\",\"@id\":\"https:\\\/\\\/www.szexshopbelvaros.com\\\/#website\",\"url\":\"https:\\\/\\\/www.szexshopbelvaros.com\\\/\",\"name\":\"Szexshop Belv\u00e1ros\",\"description\":\"\ud83d\udd25 A szex olyan, mint a p\u00e9nz; csak a t\u00fal sok el\u00e9g!\u2122 Titkok a belv\u00e1rosb\u00f3l \ud83d\udc8b | Secrets from Budapest \ud83d\udc8e Feln\u0151tt j\u00e1t\u00e9kok \u2022 Erotika \u2022 Szexshop Belvaros\",\"publisher\":{\"@id\":\"https:\\\/\\\/www.szexshopbelvaros.com\\\/#organization\"},\"potentialAction\":[{\"@type\":\"SearchAction\",\"target\":{\"@type\":\"EntryPoint\",\"urlTemplate\":\"https:\\\/\\\/www.szexshopbelvaros.com\\\/?s={search_term_string}\"},\"query-input\":{\"@type\":\"PropertyValueSpecification\",\"valueRequired\":true,\"valueName\":\"search_term_string\"}}],\"inLanguage\":\"en-US\"},{\"@type\":\"Organization\",\"@id\":\"https:\\\/\\\/www.szexshopbelvaros.com\\\/#organization\",\"name\":\"Szexshop Belv\u00e1ros\",\"alternateName\":\"szexshopbelvaros.com\",\"url\":\"https:\\\/\\\/www.szexshopbelvaros.com\\\/\",\"logo\":{\"@type\":\"ImageObject\",\"inLanguage\":\"en-US\",\"@id\":\"https:\\\/\\\/www.szexshopbelvaros.com\\\/#\\\/schema\\\/logo\\\/image\\\/\",\"url\":\"https:\\\/\\\/www.szexshopbelvaros.com\\\/wp-content\\\/uploads\\\/2025\\\/09\\\/1Szexshopbelvaroslogo_blurred_stronger.jpg\",\"contentUrl\":\"https:\\\/\\\/www.szexshopbelvaros.com\\\/wp-content\\\/uploads\\\/2025\\\/09\\\/1Szexshopbelvaroslogo_blurred_stronger.jpg\",\"width\":1024,\"height\":1024,\"caption\":\"Szexshop Belv\u00e1ros\"},\"image\":{\"@id\":\"https:\\\/\\\/www.szexshopbelvaros.com\\\/#\\\/schema\\\/logo\\\/image\\\/\"},\"sameAs\":[\"https:\\\/\\\/www.facebook.com\\\/belvarossecrets\\\/\",\"https:\\\/\\\/x.com\\\/belvarossecrets\",\"https:\\\/\\\/www.instagram.com\\\/belvarossecrets\\\/\",\"https:\\\/\\\/www.tiktok.com\\\/@belvarossecrets\"]}]}<\/script>\n<!-- \/ Yoast SEO plugin. -->","yoast_head_json":{"title":"Chisa Novelties - Sex Lure-Flesh - Attachable, can be inserted into a strap, can be taped off - Szexshop Belvaros","robots":{"index":"index","follow":"follow","max-snippet":"max-snippet:-1","max-image-preview":"max-image-preview:large","max-video-preview":"max-video-preview:-1"},"canonical":"https:\/\/www.szexshopbelvaros.com\/en\/product\/chisa-novelties-sex-lure-flesh-felcsatolhato-hevederbe-illesztheto-letapasz\/","og_locale":"en_US","og_type":"article","og_title":"Chisa Novelties - Sex Lure-Flesh - Felcsatolhat\u00f3 hevederbe illeszthet\u0151, letapasz - Szexshop Belvaros","og_description":"Chisa Novelties &#8211; Sex Lure-Flesh &#8211; Felcsatolhat\u00f3 hevederbe illeszthet\u0151, letapaszthat\u00f3 dild\u00f3 P\u00e9nisz form\u00e1j\u00fa, l\u00e1gy k\u00fcls\u0151 r\u00e9teggel \u00e9s kem\u00e9ny bels\u0151 maggal rendelkez\u0151, testsz\u00f6vethez hasonl\u00f3, b\u0151rszer\u0171 tapint\u00e1s\u00fa anyagb\u00f3l k\u00e9sz\u00fclt, motor n\u00e9lk\u00fcli, erezett fel\u00fclet\u0171, her\u00e9kkel kieg\u00e9sz\u00edtett, rugalmas, k\u00fcl\u00f6nb\u00f6z\u0151 sz\u00f6gekre is hajl\u00edthat\u00f3 dild\u00f3. Tapad\u00f3korongja seg\u00edts\u00e9g\u00e9vel s\u00edk fel\u00fcletre r\u00f6gz\u00edthet\u0151. Tiszt\u00edt\u00e1sa : minden haszn\u00e1lat el\u0151tt \u00e9s minden haszn\u00e1lat ut\u00e1n langyos szappanos [...]","og_url":"https:\/\/www.szexshopbelvaros.com\/en\/product\/chisa-novelties-sex-lure-flesh-felcsatolhato-hevederbe-illesztheto-letapasz\/","og_site_name":"Szexshop Belvaros","article_publisher":"https:\/\/www.facebook.com\/belvarossecrets\/","article_modified_time":"2026-04-01T14:54:33+00:00","og_image":[{"width":458,"height":458,"url":"https:\/\/www.szexshopbelvaros.com\/wp-content\/uploads\/2025\/01\/Untitled-design-1-copy-3.png","type":"image\/png"}],"twitter_card":"summary_large_image","twitter_site":"@belvarossecrets","twitter_misc":{"Est. reading time":"1 minute"},"schema":{"@context":"https:\/\/schema.org","@graph":[{"@type":"WebPage","@id":"https:\/\/www.szexshopbelvaros.com\/termek\/chisa-novelties-sex-lure-flesh-felcsatolhato-hevederbe-illesztheto-letapasz\/","url":"https:\/\/www.szexshopbelvaros.com\/termek\/chisa-novelties-sex-lure-flesh-felcsatolhato-hevederbe-illesztheto-letapasz\/","name":"Chisa Novelties - Sex Lure-Flesh - Attachable, can be inserted into a strap, can be taped off - Szexshop Belvaros","isPartOf":{"@id":"https:\/\/www.szexshopbelvaros.com\/#website"},"primaryImageOfPage":{"@id":"https:\/\/www.szexshopbelvaros.com\/termek\/chisa-novelties-sex-lure-flesh-felcsatolhato-hevederbe-illesztheto-letapasz\/#primaryimage"},"image":{"@id":"https:\/\/www.szexshopbelvaros.com\/termek\/chisa-novelties-sex-lure-flesh-felcsatolhato-hevederbe-illesztheto-letapasz\/#primaryimage"},"thumbnailUrl":"https:\/\/www.szexshopbelvaros.com\/wp-content\/uploads\/2025\/01\/Untitled-design-1-copy-3.png","datePublished":"2025-01-31T13:42:16+00:00","dateModified":"2026-04-01T14:54:33+00:00","breadcrumb":{"@id":"https:\/\/www.szexshopbelvaros.com\/termek\/chisa-novelties-sex-lure-flesh-felcsatolhato-hevederbe-illesztheto-letapasz\/#breadcrumb"},"inLanguage":"en-US","potentialAction":[{"@type":"ReadAction","target":["https:\/\/www.szexshopbelvaros.com\/termek\/chisa-novelties-sex-lure-flesh-felcsatolhato-hevederbe-illesztheto-letapasz\/"]}]},{"@type":"ImageObject","inLanguage":"en-US","@id":"https:\/\/www.szexshopbelvaros.com\/termek\/chisa-novelties-sex-lure-flesh-felcsatolhato-hevederbe-illesztheto-letapasz\/#primaryimage","url":"https:\/\/www.szexshopbelvaros.com\/wp-content\/uploads\/2025\/01\/Untitled-design-1-copy-3.png","contentUrl":"https:\/\/www.szexshopbelvaros.com\/wp-content\/uploads\/2025\/01\/Untitled-design-1-copy-3.png","width":458,"height":458},{"@type":"BreadcrumbList","@id":"https:\/\/www.szexshopbelvaros.com\/termek\/chisa-novelties-sex-lure-flesh-felcsatolhato-hevederbe-illesztheto-letapasz\/#breadcrumb","itemListElement":[{"@type":"ListItem","position":1,"name":"Home","item":"https:\/\/www.szexshopbelvaros.com\/"},{"@type":"ListItem","position":2,"name":"\u00c1ruh\u00e1z","item":"https:\/\/www.szexshopbelvaros.com\/uzlet\/"},{"@type":"ListItem","position":3,"name":"Chisa Novelties &#8211; Sex Lure-Flesh &#8211; Felcsatolhat\u00f3 hevederbe illeszthet\u0151, letapasz"}]},{"@type":"WebSite","@id":"https:\/\/www.szexshopbelvaros.com\/#website","url":"https:\/\/www.szexshopbelvaros.com\/","name":"at our Szexshop Belv\u00e1ros","description":"\ud83d\udd25 Sex is like money; only too much is enough!\u2122 Secrets from the city center \ud83d\udc8b | Secrets from Budapest \ud83d\udc8e Adult games \u2022 Erotica \u2022 Sex shop Belvaros","publisher":{"@id":"https:\/\/www.szexshopbelvaros.com\/#organization"},"potentialAction":[{"@type":"SearchAction","target":{"@type":"EntryPoint","urlTemplate":"https:\/\/www.szexshopbelvaros.com\/?s={search_term_string}"},"query-input":{"@type":"PropertyValueSpecification","valueRequired":true,"valueName":"search_term_string"}}],"inLanguage":"en-US"},{"@type":"Organization","@id":"https:\/\/www.szexshopbelvaros.com\/#organization","name":"at our Szexshop Belv\u00e1ros","alternateName":"szexshopbelvaros.com","url":"https:\/\/www.szexshopbelvaros.com\/","logo":{"@type":"ImageObject","inLanguage":"en-US","@id":"https:\/\/www.szexshopbelvaros.com\/#\/schema\/logo\/image\/","url":"https:\/\/www.szexshopbelvaros.com\/wp-content\/uploads\/2025\/09\/1Szexshopbelvaroslogo_blurred_stronger.jpg","contentUrl":"https:\/\/www.szexshopbelvaros.com\/wp-content\/uploads\/2025\/09\/1Szexshopbelvaroslogo_blurred_stronger.jpg","width":1024,"height":1024,"caption":"Szexshop Belv\u00e1ros"},"image":{"@id":"https:\/\/www.szexshopbelvaros.com\/#\/schema\/logo\/image\/"},"sameAs":["https:\/\/www.facebook.com\/belvarossecrets\/","https:\/\/x.com\/belvarossecrets","https:\/\/www.instagram.com\/belvarossecrets\/","https:\/\/www.tiktok.com\/@belvarossecrets"]}]}},"_links":{"self":[{"href":"https:\/\/www.szexshopbelvaros.com\/en\/wp-json\/wp\/v2\/product\/552","targetHints":{"allow":["GET"]}}],"collection":[{"href":"https:\/\/www.szexshopbelvaros.com\/en\/wp-json\/wp\/v2\/product"}],"about":[{"href":"https:\/\/www.szexshopbelvaros.com\/en\/wp-json\/wp\/v2\/types\/product"}],"replies":[{"embeddable":true,"href":"https:\/\/www.szexshopbelvaros.com\/en\/wp-json\/wp\/v2\/comments?post=552"}],"wp:featuredmedia":[{"embeddable":true,"href":"https:\/\/www.szexshopbelvaros.com\/en\/wp-json\/wp\/v2\/media\/2867"}],"wp:attachment":[{"href":"https:\/\/www.szexshopbelvaros.com\/en\/wp-json\/wp\/v2\/media?parent=552"}],"wp:term":[{"taxonomy":"product_brand","embeddable":true,"href":"https:\/\/www.szexshopbelvaros.com\/en\/wp-json\/wp\/v2\/product_brand?post=552"},{"taxonomy":"product_cat","embeddable":true,"href":"https:\/\/www.szexshopbelvaros.com\/en\/wp-json\/wp\/v2\/product_cat?post=552"},{"taxonomy":"product_tag","embeddable":true,"href":"https:\/\/www.szexshopbelvaros.com\/en\/wp-json\/wp\/v2\/product_tag?post=552"}],"curies":[{"name":"wp","href":"https:\/\/api.w.org\/{rel}","templated":true}]}}