{"id":570,"date":"2025-01-31T14:42:16","date_gmt":"2025-01-31T13:42:16","guid":{"rendered":"https:\/\/www.szexshopbelvaros.com\/termek\/pherofem-eau-de-parfum-for-her-15-ml\/"},"modified":"2026-04-10T14:01:09","modified_gmt":"2026-04-10T12:01:09","slug":"pherofem-eau-de-parfum-for-her-15-ml","status":"publish","type":"product","link":"https:\/\/www.szexshopbelvaros.com\/en\/product\/pherofem-eau-de-parfum-for-her-15-ml\/","title":{"rendered":"PheroFem Eau de Parfum - For Her 15 ml"},"content":{"rendered":"<p>PheroFem Eau de Toilette is an exclusive fragrance that embodies feminine sensuality. The Eau de Toilette contains a balanced combination of special ingredients that mimic the seductive effect of pheromones. The sensual scent of PheroFem Eau de Toilette exudes seductive passion and enhances female sexual attraction.<\/p>\n<p>&nbsp;<\/p>","protected":false},"excerpt":{"rendered":"<p>PheroFem Eau de Toilette is an exclusive fragrance that embodies feminine sensuality. The Eau de Toilette contains a balanced combination of special ingredients that mimic the seductive effect of pheromones. The sensual scent of PheroFem Eau de Toilette exudes seductive passion and enhances female sexual attraction. &nbsp;<\/p>","protected":false},"featured_media":571,"comment_status":"closed","ping_status":"closed","template":"","meta":[],"product_brand":[206],"product_cat":[123],"product_tag":[2037,2032,951,503,937,527,2033,519,953,2023,933,2036,520,2035,2034,945,2031,932,220],"class_list":{"0":"post-570","1":"product","2":"type-product","3":"status-publish","4":"has-post-thumbnail","6":"product_brand-cobeco","7":"product_cat-parfumok-feromonok","8":"product_tag-attraction-scent","9":"product_tag-csabitasi-illat","10":"product_tag-erotic-clothing","11":"product_tag-erotikus-ruha","12":"product_tag-fehernemu","13":"product_tag-female-pheromone","14":"product_tag-ferfi-feromon","15":"product_tag-feromon","16":"product_tag-feromon-parfum","17":"product_tag-haloszoba-divat","18":"product_tag-lingerie","19":"product_tag-male-pheromone","20":"product_tag-noi-feromon","21":"product_tag-pheromone-cologne","22":"product_tag-pheromone-perfume","23":"product_tag-sexy-outfit","24":"product_tag-szexi-parfum","25":"product_tag-szexi-ruha","26":"product_tag-szexshop-belvaros","28":"first","29":"instock","30":"taxable","31":"shipping-taxable","32":"purchasable","33":"product-type-simple"},"yoast_head":"<!-- This site is optimized with the Yoast SEO plugin v27.4 - https:\/\/yoast.com\/product\/yoast-seo-wordpress\/ -->\n<title>PheroFem Eau de Parfum - For Her 15 ml - Szexshop Belvaros<\/title>\n<meta name=\"robots\" content=\"index, follow, max-snippet:-1, max-image-preview:large, max-video-preview:-1\" \/>\n<link rel=\"canonical\" href=\"https:\/\/www.szexshopbelvaros.com\/en\/product\/pherofem-eau-de-parfum-for-her-15-ml\/\" \/>\n<meta property=\"og:locale\" content=\"en_US\" \/>\n<meta property=\"og:type\" content=\"article\" \/>\n<meta property=\"og:title\" content=\"PheroFem Eau de Parfum - For Her 15 ml - Szexshop Belvaros\" \/>\n<meta property=\"og:description\" content=\"A PheroFem Eau de Toilette egy exkluz\u00edv illat, amely a n\u0151i \u00e9rz\u00e9kis\u00e9get testes\u00edti meg. Az Eau de Toilette k\u00fcl\u00f6nleges \u00f6sszetev\u0151k kiegyens\u00falyozott kombin\u00e1ci\u00f3j\u00e1t tartalmazza, amelyek a feromonok cs\u00e1b\u00edt\u00f3 hat\u00e1s\u00e1t ut\u00e1nozz\u00e1k. A PheroFem Eau de Toilette \u00e9rz\u00e9ki illata cs\u00e1b\u00edt\u00f3 szenved\u00e9lyt \u00e1raszt \u00e9s fokozza a n\u0151i szexu\u00e1lis vonzer\u0151t. &nbsp;\" \/>\n<meta property=\"og:url\" content=\"https:\/\/www.szexshopbelvaros.com\/en\/product\/pherofem-eau-de-parfum-for-her-15-ml\/\" \/>\n<meta property=\"og:site_name\" content=\"Szexshop Belvaros\" \/>\n<meta property=\"article:publisher\" content=\"https:\/\/www.facebook.com\/belvarossecrets\/\" \/>\n<meta property=\"article:modified_time\" content=\"2026-04-10T12:01:09+00:00\" \/>\n<meta property=\"og:image\" content=\"https:\/\/www.szexshopbelvaros.com\/wp-content\/uploads\/2025\/01\/26e1fc14-3223-11ef-95df-36f845d1e293_47464_1000x1000.jpg\" \/>\n\t<meta property=\"og:image:width\" content=\"1200\" \/>\n\t<meta property=\"og:image:height\" content=\"676\" \/>\n\t<meta property=\"og:image:type\" content=\"image\/jpeg\" \/>\n<meta name=\"twitter:card\" content=\"summary_large_image\" \/>\n<meta name=\"twitter:site\" content=\"@belvarossecrets\" \/>\n<script type=\"application\/ld+json\" class=\"yoast-schema-graph\">{\"@context\":\"https:\\\/\\\/schema.org\",\"@graph\":[{\"@type\":\"WebPage\",\"@id\":\"https:\\\/\\\/www.szexshopbelvaros.com\\\/termek\\\/pherofem-eau-de-parfum-for-her-15-ml\\\/\",\"url\":\"https:\\\/\\\/www.szexshopbelvaros.com\\\/termek\\\/pherofem-eau-de-parfum-for-her-15-ml\\\/\",\"name\":\"PheroFem Eau de Parfum - For Her 15 ml - Szexshop Belvaros\",\"isPartOf\":{\"@id\":\"https:\\\/\\\/www.szexshopbelvaros.com\\\/#website\"},\"primaryImageOfPage\":{\"@id\":\"https:\\\/\\\/www.szexshopbelvaros.com\\\/termek\\\/pherofem-eau-de-parfum-for-her-15-ml\\\/#primaryimage\"},\"image\":{\"@id\":\"https:\\\/\\\/www.szexshopbelvaros.com\\\/termek\\\/pherofem-eau-de-parfum-for-her-15-ml\\\/#primaryimage\"},\"thumbnailUrl\":\"https:\\\/\\\/www.szexshopbelvaros.com\\\/wp-content\\\/uploads\\\/2025\\\/01\\\/26e1fc14-3223-11ef-95df-36f845d1e293_47464_1000x1000.jpg\",\"datePublished\":\"2025-01-31T13:42:16+00:00\",\"dateModified\":\"2026-04-10T12:01:09+00:00\",\"breadcrumb\":{\"@id\":\"https:\\\/\\\/www.szexshopbelvaros.com\\\/termek\\\/pherofem-eau-de-parfum-for-her-15-ml\\\/#breadcrumb\"},\"inLanguage\":\"en-US\",\"potentialAction\":[{\"@type\":\"ReadAction\",\"target\":[\"https:\\\/\\\/www.szexshopbelvaros.com\\\/termek\\\/pherofem-eau-de-parfum-for-her-15-ml\\\/\"]}]},{\"@type\":\"ImageObject\",\"inLanguage\":\"en-US\",\"@id\":\"https:\\\/\\\/www.szexshopbelvaros.com\\\/termek\\\/pherofem-eau-de-parfum-for-her-15-ml\\\/#primaryimage\",\"url\":\"https:\\\/\\\/www.szexshopbelvaros.com\\\/wp-content\\\/uploads\\\/2025\\\/01\\\/26e1fc14-3223-11ef-95df-36f845d1e293_47464_1000x1000.jpg\",\"contentUrl\":\"https:\\\/\\\/www.szexshopbelvaros.com\\\/wp-content\\\/uploads\\\/2025\\\/01\\\/26e1fc14-3223-11ef-95df-36f845d1e293_47464_1000x1000.jpg\",\"width\":1200,\"height\":676},{\"@type\":\"BreadcrumbList\",\"@id\":\"https:\\\/\\\/www.szexshopbelvaros.com\\\/termek\\\/pherofem-eau-de-parfum-for-her-15-ml\\\/#breadcrumb\",\"itemListElement\":[{\"@type\":\"ListItem\",\"position\":1,\"name\":\"Home\",\"item\":\"https:\\\/\\\/www.szexshopbelvaros.com\\\/\"},{\"@type\":\"ListItem\",\"position\":2,\"name\":\"\u00c1ruh\u00e1z\",\"item\":\"https:\\\/\\\/www.szexshopbelvaros.com\\\/uzlet\\\/\"},{\"@type\":\"ListItem\",\"position\":3,\"name\":\"PheroFem Eau de Parfum &#8211; For Her 15 ml\"}]},{\"@type\":\"WebSite\",\"@id\":\"https:\\\/\\\/www.szexshopbelvaros.com\\\/#website\",\"url\":\"https:\\\/\\\/www.szexshopbelvaros.com\\\/\",\"name\":\"Szexshop Belv\u00e1ros\",\"description\":\"\ud83d\udd25 A szex olyan, mint a p\u00e9nz; csak a t\u00fal sok el\u00e9g!\u2122 Titkok a belv\u00e1rosb\u00f3l \ud83d\udc8b | Secrets from Budapest \ud83d\udc8e Feln\u0151tt j\u00e1t\u00e9kok \u2022 Erotika \u2022 Szexshop Belvaros\",\"publisher\":{\"@id\":\"https:\\\/\\\/www.szexshopbelvaros.com\\\/#organization\"},\"potentialAction\":[{\"@type\":\"SearchAction\",\"target\":{\"@type\":\"EntryPoint\",\"urlTemplate\":\"https:\\\/\\\/www.szexshopbelvaros.com\\\/?s={search_term_string}\"},\"query-input\":{\"@type\":\"PropertyValueSpecification\",\"valueRequired\":true,\"valueName\":\"search_term_string\"}}],\"inLanguage\":\"en-US\"},{\"@type\":\"Organization\",\"@id\":\"https:\\\/\\\/www.szexshopbelvaros.com\\\/#organization\",\"name\":\"Szexshop Belv\u00e1ros\",\"alternateName\":\"szexshopbelvaros.com\",\"url\":\"https:\\\/\\\/www.szexshopbelvaros.com\\\/\",\"logo\":{\"@type\":\"ImageObject\",\"inLanguage\":\"en-US\",\"@id\":\"https:\\\/\\\/www.szexshopbelvaros.com\\\/#\\\/schema\\\/logo\\\/image\\\/\",\"url\":\"https:\\\/\\\/www.szexshopbelvaros.com\\\/wp-content\\\/uploads\\\/2025\\\/09\\\/1Szexshopbelvaroslogo_blurred_stronger.jpg\",\"contentUrl\":\"https:\\\/\\\/www.szexshopbelvaros.com\\\/wp-content\\\/uploads\\\/2025\\\/09\\\/1Szexshopbelvaroslogo_blurred_stronger.jpg\",\"width\":1024,\"height\":1024,\"caption\":\"Szexshop Belv\u00e1ros\"},\"image\":{\"@id\":\"https:\\\/\\\/www.szexshopbelvaros.com\\\/#\\\/schema\\\/logo\\\/image\\\/\"},\"sameAs\":[\"https:\\\/\\\/www.facebook.com\\\/belvarossecrets\\\/\",\"https:\\\/\\\/x.com\\\/belvarossecrets\",\"https:\\\/\\\/www.instagram.com\\\/belvarossecrets\\\/\",\"https:\\\/\\\/www.tiktok.com\\\/@belvarossecrets\"]}]}<\/script>\n<!-- \/ Yoast SEO plugin. -->","yoast_head_json":{"title":"PheroFem Eau de Parfum - For Her 15 ml - Sexshop Belvaros","robots":{"index":"index","follow":"follow","max-snippet":"max-snippet:-1","max-image-preview":"max-image-preview:large","max-video-preview":"max-video-preview:-1"},"canonical":"https:\/\/www.szexshopbelvaros.com\/en\/product\/pherofem-eau-de-parfum-for-her-15-ml\/","og_locale":"en_US","og_type":"article","og_title":"PheroFem Eau de Parfum - For Her 15 ml - Szexshop Belvaros","og_description":"A PheroFem Eau de Toilette egy exkluz\u00edv illat, amely a n\u0151i \u00e9rz\u00e9kis\u00e9get testes\u00edti meg. Az Eau de Toilette k\u00fcl\u00f6nleges \u00f6sszetev\u0151k kiegyens\u00falyozott kombin\u00e1ci\u00f3j\u00e1t tartalmazza, amelyek a feromonok cs\u00e1b\u00edt\u00f3 hat\u00e1s\u00e1t ut\u00e1nozz\u00e1k. A PheroFem Eau de Toilette \u00e9rz\u00e9ki illata cs\u00e1b\u00edt\u00f3 szenved\u00e9lyt \u00e1raszt \u00e9s fokozza a n\u0151i szexu\u00e1lis vonzer\u0151t. &nbsp;","og_url":"https:\/\/www.szexshopbelvaros.com\/en\/product\/pherofem-eau-de-parfum-for-her-15-ml\/","og_site_name":"Szexshop Belvaros","article_publisher":"https:\/\/www.facebook.com\/belvarossecrets\/","article_modified_time":"2026-04-10T12:01:09+00:00","og_image":[{"width":1200,"height":676,"url":"https:\/\/www.szexshopbelvaros.com\/wp-content\/uploads\/2025\/01\/26e1fc14-3223-11ef-95df-36f845d1e293_47464_1000x1000.jpg","type":"image\/jpeg"}],"twitter_card":"summary_large_image","twitter_site":"@belvarossecrets","schema":{"@context":"https:\/\/schema.org","@graph":[{"@type":"WebPage","@id":"https:\/\/www.szexshopbelvaros.com\/termek\/pherofem-eau-de-parfum-for-her-15-ml\/","url":"https:\/\/www.szexshopbelvaros.com\/termek\/pherofem-eau-de-parfum-for-her-15-ml\/","name":"PheroFem Eau de Parfum - For Her 15 ml - Sexshop Belvaros","isPartOf":{"@id":"https:\/\/www.szexshopbelvaros.com\/#website"},"primaryImageOfPage":{"@id":"https:\/\/www.szexshopbelvaros.com\/termek\/pherofem-eau-de-parfum-for-her-15-ml\/#primaryimage"},"image":{"@id":"https:\/\/www.szexshopbelvaros.com\/termek\/pherofem-eau-de-parfum-for-her-15-ml\/#primaryimage"},"thumbnailUrl":"https:\/\/www.szexshopbelvaros.com\/wp-content\/uploads\/2025\/01\/26e1fc14-3223-11ef-95df-36f845d1e293_47464_1000x1000.jpg","datePublished":"2025-01-31T13:42:16+00:00","dateModified":"2026-04-10T12:01:09+00:00","breadcrumb":{"@id":"https:\/\/www.szexshopbelvaros.com\/termek\/pherofem-eau-de-parfum-for-her-15-ml\/#breadcrumb"},"inLanguage":"en-US","potentialAction":[{"@type":"ReadAction","target":["https:\/\/www.szexshopbelvaros.com\/termek\/pherofem-eau-de-parfum-for-her-15-ml\/"]}]},{"@type":"ImageObject","inLanguage":"en-US","@id":"https:\/\/www.szexshopbelvaros.com\/termek\/pherofem-eau-de-parfum-for-her-15-ml\/#primaryimage","url":"https:\/\/www.szexshopbelvaros.com\/wp-content\/uploads\/2025\/01\/26e1fc14-3223-11ef-95df-36f845d1e293_47464_1000x1000.jpg","contentUrl":"https:\/\/www.szexshopbelvaros.com\/wp-content\/uploads\/2025\/01\/26e1fc14-3223-11ef-95df-36f845d1e293_47464_1000x1000.jpg","width":1200,"height":676},{"@type":"BreadcrumbList","@id":"https:\/\/www.szexshopbelvaros.com\/termek\/pherofem-eau-de-parfum-for-her-15-ml\/#breadcrumb","itemListElement":[{"@type":"ListItem","position":1,"name":"Home","item":"https:\/\/www.szexshopbelvaros.com\/"},{"@type":"ListItem","position":2,"name":"\u00c1ruh\u00e1z","item":"https:\/\/www.szexshopbelvaros.com\/uzlet\/"},{"@type":"ListItem","position":3,"name":"PheroFem Eau de Parfum &#8211; For Her 15 ml"}]},{"@type":"WebSite","@id":"https:\/\/www.szexshopbelvaros.com\/#website","url":"https:\/\/www.szexshopbelvaros.com\/","name":"at our Szexshop Belv\u00e1ros","description":"\ud83d\udd25 Sex is like money; only too much is enough!\u2122 Secrets from the city center \ud83d\udc8b | Secrets from Budapest \ud83d\udc8e Adult games \u2022 Erotica \u2022 Sex shop Belvaros","publisher":{"@id":"https:\/\/www.szexshopbelvaros.com\/#organization"},"potentialAction":[{"@type":"SearchAction","target":{"@type":"EntryPoint","urlTemplate":"https:\/\/www.szexshopbelvaros.com\/?s={search_term_string}"},"query-input":{"@type":"PropertyValueSpecification","valueRequired":true,"valueName":"search_term_string"}}],"inLanguage":"en-US"},{"@type":"Organization","@id":"https:\/\/www.szexshopbelvaros.com\/#organization","name":"at our Szexshop Belv\u00e1ros","alternateName":"szexshopbelvaros.com","url":"https:\/\/www.szexshopbelvaros.com\/","logo":{"@type":"ImageObject","inLanguage":"en-US","@id":"https:\/\/www.szexshopbelvaros.com\/#\/schema\/logo\/image\/","url":"https:\/\/www.szexshopbelvaros.com\/wp-content\/uploads\/2025\/09\/1Szexshopbelvaroslogo_blurred_stronger.jpg","contentUrl":"https:\/\/www.szexshopbelvaros.com\/wp-content\/uploads\/2025\/09\/1Szexshopbelvaroslogo_blurred_stronger.jpg","width":1024,"height":1024,"caption":"Szexshop Belv\u00e1ros"},"image":{"@id":"https:\/\/www.szexshopbelvaros.com\/#\/schema\/logo\/image\/"},"sameAs":["https:\/\/www.facebook.com\/belvarossecrets\/","https:\/\/x.com\/belvarossecrets","https:\/\/www.instagram.com\/belvarossecrets\/","https:\/\/www.tiktok.com\/@belvarossecrets"]}]}},"_links":{"self":[{"href":"https:\/\/www.szexshopbelvaros.com\/en\/wp-json\/wp\/v2\/product\/570","targetHints":{"allow":["GET"]}}],"collection":[{"href":"https:\/\/www.szexshopbelvaros.com\/en\/wp-json\/wp\/v2\/product"}],"about":[{"href":"https:\/\/www.szexshopbelvaros.com\/en\/wp-json\/wp\/v2\/types\/product"}],"replies":[{"embeddable":true,"href":"https:\/\/www.szexshopbelvaros.com\/en\/wp-json\/wp\/v2\/comments?post=570"}],"wp:featuredmedia":[{"embeddable":true,"href":"https:\/\/www.szexshopbelvaros.com\/en\/wp-json\/wp\/v2\/media\/571"}],"wp:attachment":[{"href":"https:\/\/www.szexshopbelvaros.com\/en\/wp-json\/wp\/v2\/media?parent=570"}],"wp:term":[{"taxonomy":"product_brand","embeddable":true,"href":"https:\/\/www.szexshopbelvaros.com\/en\/wp-json\/wp\/v2\/product_brand?post=570"},{"taxonomy":"product_cat","embeddable":true,"href":"https:\/\/www.szexshopbelvaros.com\/en\/wp-json\/wp\/v2\/product_cat?post=570"},{"taxonomy":"product_tag","embeddable":true,"href":"https:\/\/www.szexshopbelvaros.com\/en\/wp-json\/wp\/v2\/product_tag?post=570"}],"curies":[{"name":"wp","href":"https:\/\/api.w.org\/{rel}","templated":true}]}}