{"id":580,"date":"2025-01-31T14:43:03","date_gmt":"2025-01-31T13:43:03","guid":{"rendered":"https:\/\/www.szexshopbelvaros.com\/termek\/piros-pamut-5-m-red-rope-cotton-5-m\/"},"modified":"2026-04-10T14:01:05","modified_gmt":"2026-04-10T12:01:05","slug":"piros-pamut-5-m-red-rope-cotton-5-m","status":"publish","type":"product","link":"https:\/\/www.szexshopbelvaros.com\/en\/product\/piros-pamut-5-m-red-rope-cotton-5-m\/","title":{"rendered":"Little Red Riding Hood \u2013 Grandma couldn&#039;t have tied it up better"},"content":{"rendered":"<p data-start=\"219\" data-end=\"920\">This is it <strong data-start=\"225\" data-end=\"265\">5-meter, red cotton bondage rope<\/strong> exactly the sexual aid that even Little Red Riding Hood&#039;s grandmother would have said: <em data-start=\"358\" data-end=\"385\">&quot;That&#039;s what you can relate to.&quot;<\/em> Perfect choice <strong data-start=\"406\" data-end=\"442\">to bind limbs or body<\/strong>, whether it&#039;s a little naughty playful takeover or a full-body, kinky foreplay. The <strong data-start=\"551\" data-end=\"571\">soft cotton material<\/strong> guarantees that it won&#039;t rub or cut, but is strong enough to give your partner <em data-start=\"661\" data-end=\"692\">no chance of escape<\/em> \u2013 unless you apologize and he has the scissors. Ideal <strong data-start=\"753\" data-end=\"818\">For BDSM role play, bondage sex, for beginners and advanced users<\/strong>, or if you simply enjoy the moment when someone is finally still and quiet.<\/p>\n<hr data-start=\"922\" data-end=\"925\" \/>\n<p data-start=\"927\" data-end=\"1126\" data-is-last-node=\"\" data-is-only-node=\"\"><strong data-start=\"927\" data-end=\"1007\">Red, 5 meters of infractions, and the promise of safe but dirty pleasure<\/strong> \u2013 the only thing better than this would be if you tied the wolf with it too.<\/p>\n<p>&nbsp;<\/p>","protected":false},"excerpt":{"rendered":"<p>Ez az 5 m\u00e9teres, piros pamut bondage k\u00f6t\u00e9l pontosan az a szexu\u00e1lis seg\u00e9deszk\u00f6z, amire Piroska nagymam\u00e1ja is csak annyit mondott volna: \u201eerre azt\u00e1n lehet k\u00f6tni.\u201d T\u00f6k\u00e9letes v\u00e1laszt\u00e1s v\u00e9gtagok vagy test megk\u00f6t\u00f6z\u00e9s\u00e9re, legyen sz\u00f3 egy kis csintalan j\u00e1t\u00e9kos hatalom\u00e1tv\u00e9telr\u0151l vagy egy teljes testes g\u00fazsbak\u00f6t\u00e9ses el\u0151j\u00e1t\u00e9kr\u00f3l. A puha pamut anyag garant\u00e1lja, hogy ne d\u00f6rzs\u00f6lj\u00f6n vagy v\u00e1gjon, viszont [&#8230;]\n","protected":false},"featured_media":581,"comment_status":"closed","ping_status":"closed","template":"","meta":[],"product_brand":[],"product_cat":[52,2005],"product_tag":[321,1410,1416,372,1561,389,1415,2008,2021,1407,2022,2020,715],"class_list":{"0":"post-580","1":"product","2":"type-product","3":"status-publish","4":"has-post-thumbnail","6":"product_cat-bdsm","7":"product_cat-kotozes-rogzites","8":"product_tag-bdsm","9":"product_tag-bdsm-toy","10":"product_tag-bilincs","11":"product_tag-bondage","12":"product_tag-bondage-rope","13":"product_tag-felnott-jatek","14":"product_tag-handcuffs","15":"product_tag-kink","16":"product_tag-kotelfetis","17":"product_tag-kotozes","18":"product_tag-restraints","19":"product_tag-rogzites","20":"product_tag-szadomazo-kellek","22":"first","23":"instock","24":"taxable","25":"shipping-taxable","26":"purchasable","27":"product-type-simple"},"yoast_head":"<!-- This site is optimized with the Yoast SEO plugin v27.4 - https:\/\/yoast.com\/product\/yoast-seo-wordpress\/ -->\n<title>Piroska \u2013 A nagymama sem tudta volna jobban lek\u00f6t\u00f6zni - Szexshop Belvaros<\/title>\n<meta name=\"robots\" content=\"index, follow, max-snippet:-1, max-image-preview:large, max-video-preview:-1\" \/>\n<link rel=\"canonical\" href=\"https:\/\/www.szexshopbelvaros.com\/en\/product\/piros-pamut-5-m-red-rope-cotton-5-m\/\" \/>\n<meta property=\"og:locale\" content=\"en_US\" \/>\n<meta property=\"og:type\" content=\"article\" \/>\n<meta property=\"og:title\" content=\"Piroska \u2013 A nagymama sem tudta volna jobban lek\u00f6t\u00f6zni - Szexshop Belvaros\" \/>\n<meta property=\"og:description\" content=\"Ez az 5 m\u00e9teres, piros pamut bondage k\u00f6t\u00e9l pontosan az a szexu\u00e1lis seg\u00e9deszk\u00f6z, amire Piroska nagymam\u00e1ja is csak annyit mondott volna: \u201eerre azt\u00e1n lehet k\u00f6tni.\u201d T\u00f6k\u00e9letes v\u00e1laszt\u00e1s v\u00e9gtagok vagy test megk\u00f6t\u00f6z\u00e9s\u00e9re, legyen sz\u00f3 egy kis csintalan j\u00e1t\u00e9kos hatalom\u00e1tv\u00e9telr\u0151l vagy egy teljes testes g\u00fazsbak\u00f6t\u00e9ses el\u0151j\u00e1t\u00e9kr\u00f3l. A puha pamut anyag garant\u00e1lja, hogy ne d\u00f6rzs\u00f6lj\u00f6n vagy v\u00e1gjon, viszont [...]\" \/>\n<meta property=\"og:url\" content=\"https:\/\/www.szexshopbelvaros.com\/en\/product\/piros-pamut-5-m-red-rope-cotton-5-m\/\" \/>\n<meta property=\"og:site_name\" content=\"Szexshop Belvaros\" \/>\n<meta property=\"article:publisher\" content=\"https:\/\/www.facebook.com\/belvarossecrets\/\" \/>\n<meta property=\"article:modified_time\" content=\"2026-04-10T12:01:05+00:00\" \/>\n<meta property=\"og:image\" content=\"https:\/\/www.szexshopbelvaros.com\/wp-content\/uploads\/2025\/01\/0625664e-3225-11ef-a6b1-2a77e734dad2_ew55254.jpg\" \/>\n\t<meta property=\"og:image:width\" content=\"1200\" \/>\n\t<meta property=\"og:image:height\" content=\"676\" \/>\n\t<meta property=\"og:image:type\" content=\"image\/jpeg\" \/>\n<meta name=\"twitter:card\" content=\"summary_large_image\" \/>\n<meta name=\"twitter:site\" content=\"@belvarossecrets\" \/>\n<meta name=\"twitter:label1\" content=\"Est. reading time\" \/>\n\t<meta name=\"twitter:data1\" content=\"1 minute\" \/>\n<script type=\"application\/ld+json\" class=\"yoast-schema-graph\">{\"@context\":\"https:\\\/\\\/schema.org\",\"@graph\":[{\"@type\":\"WebPage\",\"@id\":\"https:\\\/\\\/www.szexshopbelvaros.com\\\/termek\\\/piros-pamut-5-m-red-rope-cotton-5-m\\\/\",\"url\":\"https:\\\/\\\/www.szexshopbelvaros.com\\\/termek\\\/piros-pamut-5-m-red-rope-cotton-5-m\\\/\",\"name\":\"Piroska \u2013 A nagymama sem tudta volna jobban lek\u00f6t\u00f6zni - Szexshop Belvaros\",\"isPartOf\":{\"@id\":\"https:\\\/\\\/www.szexshopbelvaros.com\\\/#website\"},\"primaryImageOfPage\":{\"@id\":\"https:\\\/\\\/www.szexshopbelvaros.com\\\/termek\\\/piros-pamut-5-m-red-rope-cotton-5-m\\\/#primaryimage\"},\"image\":{\"@id\":\"https:\\\/\\\/www.szexshopbelvaros.com\\\/termek\\\/piros-pamut-5-m-red-rope-cotton-5-m\\\/#primaryimage\"},\"thumbnailUrl\":\"https:\\\/\\\/www.szexshopbelvaros.com\\\/wp-content\\\/uploads\\\/2025\\\/01\\\/0625664e-3225-11ef-a6b1-2a77e734dad2_ew55254.jpg\",\"datePublished\":\"2025-01-31T13:43:03+00:00\",\"dateModified\":\"2026-04-10T12:01:05+00:00\",\"breadcrumb\":{\"@id\":\"https:\\\/\\\/www.szexshopbelvaros.com\\\/termek\\\/piros-pamut-5-m-red-rope-cotton-5-m\\\/#breadcrumb\"},\"inLanguage\":\"en-US\",\"potentialAction\":[{\"@type\":\"ReadAction\",\"target\":[\"https:\\\/\\\/www.szexshopbelvaros.com\\\/termek\\\/piros-pamut-5-m-red-rope-cotton-5-m\\\/\"]}]},{\"@type\":\"ImageObject\",\"inLanguage\":\"en-US\",\"@id\":\"https:\\\/\\\/www.szexshopbelvaros.com\\\/termek\\\/piros-pamut-5-m-red-rope-cotton-5-m\\\/#primaryimage\",\"url\":\"https:\\\/\\\/www.szexshopbelvaros.com\\\/wp-content\\\/uploads\\\/2025\\\/01\\\/0625664e-3225-11ef-a6b1-2a77e734dad2_ew55254.jpg\",\"contentUrl\":\"https:\\\/\\\/www.szexshopbelvaros.com\\\/wp-content\\\/uploads\\\/2025\\\/01\\\/0625664e-3225-11ef-a6b1-2a77e734dad2_ew55254.jpg\",\"width\":1200,\"height\":676},{\"@type\":\"BreadcrumbList\",\"@id\":\"https:\\\/\\\/www.szexshopbelvaros.com\\\/termek\\\/piros-pamut-5-m-red-rope-cotton-5-m\\\/#breadcrumb\",\"itemListElement\":[{\"@type\":\"ListItem\",\"position\":1,\"name\":\"Home\",\"item\":\"https:\\\/\\\/www.szexshopbelvaros.com\\\/\"},{\"@type\":\"ListItem\",\"position\":2,\"name\":\"\u00c1ruh\u00e1z\",\"item\":\"https:\\\/\\\/www.szexshopbelvaros.com\\\/uzlet\\\/\"},{\"@type\":\"ListItem\",\"position\":3,\"name\":\"Piroska \u2013 A nagymama sem tudta volna jobban lek\u00f6t\u00f6zni\"}]},{\"@type\":\"WebSite\",\"@id\":\"https:\\\/\\\/www.szexshopbelvaros.com\\\/#website\",\"url\":\"https:\\\/\\\/www.szexshopbelvaros.com\\\/\",\"name\":\"Szexshop Belv\u00e1ros\",\"description\":\"\ud83d\udd25 A szex olyan, mint a p\u00e9nz; csak a t\u00fal sok el\u00e9g!\u2122 Titkok a belv\u00e1rosb\u00f3l \ud83d\udc8b | Secrets from Budapest \ud83d\udc8e Feln\u0151tt j\u00e1t\u00e9kok \u2022 Erotika \u2022 Szexshop Belvaros\",\"publisher\":{\"@id\":\"https:\\\/\\\/www.szexshopbelvaros.com\\\/#organization\"},\"potentialAction\":[{\"@type\":\"SearchAction\",\"target\":{\"@type\":\"EntryPoint\",\"urlTemplate\":\"https:\\\/\\\/www.szexshopbelvaros.com\\\/?s={search_term_string}\"},\"query-input\":{\"@type\":\"PropertyValueSpecification\",\"valueRequired\":true,\"valueName\":\"search_term_string\"}}],\"inLanguage\":\"en-US\"},{\"@type\":\"Organization\",\"@id\":\"https:\\\/\\\/www.szexshopbelvaros.com\\\/#organization\",\"name\":\"Szexshop Belv\u00e1ros\",\"alternateName\":\"szexshopbelvaros.com\",\"url\":\"https:\\\/\\\/www.szexshopbelvaros.com\\\/\",\"logo\":{\"@type\":\"ImageObject\",\"inLanguage\":\"en-US\",\"@id\":\"https:\\\/\\\/www.szexshopbelvaros.com\\\/#\\\/schema\\\/logo\\\/image\\\/\",\"url\":\"https:\\\/\\\/www.szexshopbelvaros.com\\\/wp-content\\\/uploads\\\/2025\\\/09\\\/1Szexshopbelvaroslogo_blurred_stronger.jpg\",\"contentUrl\":\"https:\\\/\\\/www.szexshopbelvaros.com\\\/wp-content\\\/uploads\\\/2025\\\/09\\\/1Szexshopbelvaroslogo_blurred_stronger.jpg\",\"width\":1024,\"height\":1024,\"caption\":\"Szexshop Belv\u00e1ros\"},\"image\":{\"@id\":\"https:\\\/\\\/www.szexshopbelvaros.com\\\/#\\\/schema\\\/logo\\\/image\\\/\"},\"sameAs\":[\"https:\\\/\\\/www.facebook.com\\\/belvarossecrets\\\/\",\"https:\\\/\\\/x.com\\\/belvarossecrets\",\"https:\\\/\\\/www.instagram.com\\\/belvarossecrets\\\/\",\"https:\\\/\\\/www.tiktok.com\\\/@belvarossecrets\"]}]}<\/script>\n<!-- \/ Yoast SEO plugin. -->","yoast_head_json":{"title":"Piroska \u2013 Not even grandma could have tied me up better - Szexshop Belvaros","robots":{"index":"index","follow":"follow","max-snippet":"max-snippet:-1","max-image-preview":"max-image-preview:large","max-video-preview":"max-video-preview:-1"},"canonical":"https:\/\/www.szexshopbelvaros.com\/en\/product\/piros-pamut-5-m-red-rope-cotton-5-m\/","og_locale":"en_US","og_type":"article","og_title":"Piroska \u2013 A nagymama sem tudta volna jobban lek\u00f6t\u00f6zni - Szexshop Belvaros","og_description":"Ez az 5 m\u00e9teres, piros pamut bondage k\u00f6t\u00e9l pontosan az a szexu\u00e1lis seg\u00e9deszk\u00f6z, amire Piroska nagymam\u00e1ja is csak annyit mondott volna: \u201eerre azt\u00e1n lehet k\u00f6tni.\u201d T\u00f6k\u00e9letes v\u00e1laszt\u00e1s v\u00e9gtagok vagy test megk\u00f6t\u00f6z\u00e9s\u00e9re, legyen sz\u00f3 egy kis csintalan j\u00e1t\u00e9kos hatalom\u00e1tv\u00e9telr\u0151l vagy egy teljes testes g\u00fazsbak\u00f6t\u00e9ses el\u0151j\u00e1t\u00e9kr\u00f3l. A puha pamut anyag garant\u00e1lja, hogy ne d\u00f6rzs\u00f6lj\u00f6n vagy v\u00e1gjon, viszont [...]","og_url":"https:\/\/www.szexshopbelvaros.com\/en\/product\/piros-pamut-5-m-red-rope-cotton-5-m\/","og_site_name":"Szexshop Belvaros","article_publisher":"https:\/\/www.facebook.com\/belvarossecrets\/","article_modified_time":"2026-04-10T12:01:05+00:00","og_image":[{"width":1200,"height":676,"url":"https:\/\/www.szexshopbelvaros.com\/wp-content\/uploads\/2025\/01\/0625664e-3225-11ef-a6b1-2a77e734dad2_ew55254.jpg","type":"image\/jpeg"}],"twitter_card":"summary_large_image","twitter_site":"@belvarossecrets","twitter_misc":{"Est. reading time":"1 minute"},"schema":{"@context":"https:\/\/schema.org","@graph":[{"@type":"WebPage","@id":"https:\/\/www.szexshopbelvaros.com\/termek\/piros-pamut-5-m-red-rope-cotton-5-m\/","url":"https:\/\/www.szexshopbelvaros.com\/termek\/piros-pamut-5-m-red-rope-cotton-5-m\/","name":"Piroska \u2013 Not even grandma could have tied me up better - Szexshop Belvaros","isPartOf":{"@id":"https:\/\/www.szexshopbelvaros.com\/#website"},"primaryImageOfPage":{"@id":"https:\/\/www.szexshopbelvaros.com\/termek\/piros-pamut-5-m-red-rope-cotton-5-m\/#primaryimage"},"image":{"@id":"https:\/\/www.szexshopbelvaros.com\/termek\/piros-pamut-5-m-red-rope-cotton-5-m\/#primaryimage"},"thumbnailUrl":"https:\/\/www.szexshopbelvaros.com\/wp-content\/uploads\/2025\/01\/0625664e-3225-11ef-a6b1-2a77e734dad2_ew55254.jpg","datePublished":"2025-01-31T13:43:03+00:00","dateModified":"2026-04-10T12:01:05+00:00","breadcrumb":{"@id":"https:\/\/www.szexshopbelvaros.com\/termek\/piros-pamut-5-m-red-rope-cotton-5-m\/#breadcrumb"},"inLanguage":"en-US","potentialAction":[{"@type":"ReadAction","target":["https:\/\/www.szexshopbelvaros.com\/termek\/piros-pamut-5-m-red-rope-cotton-5-m\/"]}]},{"@type":"ImageObject","inLanguage":"en-US","@id":"https:\/\/www.szexshopbelvaros.com\/termek\/piros-pamut-5-m-red-rope-cotton-5-m\/#primaryimage","url":"https:\/\/www.szexshopbelvaros.com\/wp-content\/uploads\/2025\/01\/0625664e-3225-11ef-a6b1-2a77e734dad2_ew55254.jpg","contentUrl":"https:\/\/www.szexshopbelvaros.com\/wp-content\/uploads\/2025\/01\/0625664e-3225-11ef-a6b1-2a77e734dad2_ew55254.jpg","width":1200,"height":676},{"@type":"BreadcrumbList","@id":"https:\/\/www.szexshopbelvaros.com\/termek\/piros-pamut-5-m-red-rope-cotton-5-m\/#breadcrumb","itemListElement":[{"@type":"ListItem","position":1,"name":"Home","item":"https:\/\/www.szexshopbelvaros.com\/"},{"@type":"ListItem","position":2,"name":"\u00c1ruh\u00e1z","item":"https:\/\/www.szexshopbelvaros.com\/uzlet\/"},{"@type":"ListItem","position":3,"name":"Piroska \u2013 A nagymama sem tudta volna jobban lek\u00f6t\u00f6zni"}]},{"@type":"WebSite","@id":"https:\/\/www.szexshopbelvaros.com\/#website","url":"https:\/\/www.szexshopbelvaros.com\/","name":"at our Szexshop Belv\u00e1ros","description":"\ud83d\udd25 Sex is like money; only too much is enough!\u2122 Secrets from the city center \ud83d\udc8b | Secrets from Budapest \ud83d\udc8e Adult games \u2022 Erotica \u2022 Sex shop Belvaros","publisher":{"@id":"https:\/\/www.szexshopbelvaros.com\/#organization"},"potentialAction":[{"@type":"SearchAction","target":{"@type":"EntryPoint","urlTemplate":"https:\/\/www.szexshopbelvaros.com\/?s={search_term_string}"},"query-input":{"@type":"PropertyValueSpecification","valueRequired":true,"valueName":"search_term_string"}}],"inLanguage":"en-US"},{"@type":"Organization","@id":"https:\/\/www.szexshopbelvaros.com\/#organization","name":"at our Szexshop Belv\u00e1ros","alternateName":"szexshopbelvaros.com","url":"https:\/\/www.szexshopbelvaros.com\/","logo":{"@type":"ImageObject","inLanguage":"en-US","@id":"https:\/\/www.szexshopbelvaros.com\/#\/schema\/logo\/image\/","url":"https:\/\/www.szexshopbelvaros.com\/wp-content\/uploads\/2025\/09\/1Szexshopbelvaroslogo_blurred_stronger.jpg","contentUrl":"https:\/\/www.szexshopbelvaros.com\/wp-content\/uploads\/2025\/09\/1Szexshopbelvaroslogo_blurred_stronger.jpg","width":1024,"height":1024,"caption":"Szexshop Belv\u00e1ros"},"image":{"@id":"https:\/\/www.szexshopbelvaros.com\/#\/schema\/logo\/image\/"},"sameAs":["https:\/\/www.facebook.com\/belvarossecrets\/","https:\/\/x.com\/belvarossecrets","https:\/\/www.instagram.com\/belvarossecrets\/","https:\/\/www.tiktok.com\/@belvarossecrets"]}]}},"_links":{"self":[{"href":"https:\/\/www.szexshopbelvaros.com\/en\/wp-json\/wp\/v2\/product\/580","targetHints":{"allow":["GET"]}}],"collection":[{"href":"https:\/\/www.szexshopbelvaros.com\/en\/wp-json\/wp\/v2\/product"}],"about":[{"href":"https:\/\/www.szexshopbelvaros.com\/en\/wp-json\/wp\/v2\/types\/product"}],"replies":[{"embeddable":true,"href":"https:\/\/www.szexshopbelvaros.com\/en\/wp-json\/wp\/v2\/comments?post=580"}],"wp:featuredmedia":[{"embeddable":true,"href":"https:\/\/www.szexshopbelvaros.com\/en\/wp-json\/wp\/v2\/media\/581"}],"wp:attachment":[{"href":"https:\/\/www.szexshopbelvaros.com\/en\/wp-json\/wp\/v2\/media?parent=580"}],"wp:term":[{"taxonomy":"product_brand","embeddable":true,"href":"https:\/\/www.szexshopbelvaros.com\/en\/wp-json\/wp\/v2\/product_brand?post=580"},{"taxonomy":"product_cat","embeddable":true,"href":"https:\/\/www.szexshopbelvaros.com\/en\/wp-json\/wp\/v2\/product_cat?post=580"},{"taxonomy":"product_tag","embeddable":true,"href":"https:\/\/www.szexshopbelvaros.com\/en\/wp-json\/wp\/v2\/product_tag?post=580"}],"curies":[{"name":"wp","href":"https:\/\/api.w.org\/{rel}","templated":true}]}}