{"id":586,"date":"2025-01-31T14:43:03","date_gmt":"2025-01-31T13:43:03","guid":{"rendered":"https:\/\/www.szexshopbelvaros.com\/termek\/cocktail-black\/"},"modified":"2026-05-09T13:01:32","modified_gmt":"2026-05-09T11:01:32","slug":"ketmotoros-taviranyitos-paros-vibrator","status":"publish","type":"product","link":"https:\/\/www.szexshopbelvaros.com\/en\/product\/ketmotoros-taviranyitos-paros-vibrator\/","title":{"rendered":"\ud83d\udda4 Cocktail \u2013 two motors, one remote control, zero innocent intentions"},"content":{"rendered":"<p data-start=\"268\" data-end=\"385\">Cocktail is not just a simple little vibrating gadget.<br data-start=\"312\" data-end=\"315\" \/>This is more like the black silicone troublemaker, which is suspicious as hell at first glance.<\/p>\n<p data-start=\"387\" data-end=\"574\">It&#039;s like someone locked a butt plug, a couples&#039; vibrator, and a really bad idea in a hotel room. Then they gave the remote control to the person with the least self-control.<\/p>\n<p data-start=\"576\" data-end=\"649\">Its shape may raise your eyebrows at first. That&#039;s what makes it exciting.<\/p>\n<p data-start=\"651\" data-end=\"870\">One part is designed for anal play. The flexible little tongue is not there for decoration. It can be used for external stimulation, perineal stimulation, vulva stimulation, or extra vibrating chaos during partner play.<\/p>\n<p data-start=\"872\" data-end=\"948\">Just plug it in, and you're done.<br data-start=\"907\" data-end=\"910\" \/>This little black bastard wants to work.<\/p>\n<p data-start=\"492\" data-end=\"865\">\ud83d\udcfd\ufe0f Watch the video too, because this is exactly the kind of toy that is easier to understand when you see how it works.<\/p>\n<p><iframe title=\"Vibrator anal Rocks-Off COCKTAIL Dual Motored Couples Toy\" width=\"1020\" height=\"574\" data-src=\"https:\/\/www.youtube.com\/embed\/1QKAz2DwVbU?list=PL1E8SRCXCe9H2sDnk5IETnjjaQF4Xh6VK\" frameborder=\"0\" allow=\"accelerometer; autoplay; clipboard-write; encrypted-media; gyroscope; picture-in-picture; web-share\" referrerpolicy=\"strict-origin-when-cross-origin\" allowfullscreen src=\"data:image\/svg+xml;base64,PHN2ZyB3aWR0aD0iMSIgaGVpZ2h0PSIxIiB4bWxucz0iaHR0cDovL3d3dy53My5vcmcvMjAwMC9zdmciPjwvc3ZnPg==\" class=\"lazyload\" data-load-mode=\"1\"><\/iframe><\/p>\n<p data-start=\"853\" data-end=\"1258\">There are two motors working in it, <strong data-start=\"879\" data-end=\"913\">With 10 vibrating and pulsating functions<\/strong>. With the wireless remote, the game quickly goes from \u201eI control\u201d to \u201ewhy are you grinning like that?\u201d mode. Cocktail is approx. <strong data-start=\"1039\" data-end=\"1057\">11.4 cm long<\/strong>, at its widest point approx. <strong data-start=\"1086\" data-end=\"1103\">4 cm in diameter<\/strong>, velvety to the touch, made of medical-grade silicone, waterproof, USB rechargeable, and when used with water-based lubricant, the party starts even smoother.<\/p>\n<p data-start=\"1260\" data-end=\"1426\">Cleaning is easy: wash it with lukewarm, soapy water or a toy cleaner before and after use. Because sin may be fierce, but hygiene shouldn't be.<\/p>\n<p data-start=\"1428\" data-end=\"1530\">This is not a cherry on top.<br data-start=\"1462\" data-end=\"1465\" \/>This is the drink that will make you not dare to look at the remote control the next day.<\/p>\n<p data-start=\"2284\" data-end=\"2328\">\ud83d\udc40 Check out the rest of the <a href=\"https:\/\/www.szexshopbelvaros.com\/en\/product-category\/paroknak-uniszex\/\">couples toys<\/a> while you're at it!<\/p>\n<p data-start=\"2330\" data-end=\"2510\" data-is-last-node=\"\" data-is-only-node=\"\">\ud83d\udc49 Get it within an hour at our Budapest SzexShop Belv\u00e1ros <a href=\"https:\/\/wolt.com\/hu\/hun\/budapest\/venue\/szexshop-belvaros\/cocktail-black-itemid-9afcae71523def4eb0d34dc4\">Wolt store<\/a>or order here at <a class=\"decorated-link cursor-pointer\" target=\"_new\" rel=\"noopener\" data-start=\"2431\" data-end=\"2455\">www.szexshopbelvaros.com<\/a> . We deliver to the entire territory of Hungary and the EU.<\/p>\n<p>&nbsp;<\/p>","protected":false},"excerpt":{"rendered":"<p>A Cocktail nem egy egyszer\u0171 kis rezg\u0151 k\u00fcty\u00fc.Ez ink\u00e1bb az a fekete szilikonbajkever\u0151, ami m\u00e1r r\u00e1n\u00e9z\u00e9sre is gyan\u00fas. Mintha valaki egy an\u00e1ldug\u00f3t, egy p\u00e1ros vibr\u00e1tort \u00e9s egy nagyon rossz \u00f6tletet bez\u00e1rt volna egy hotelszob\u00e1ba. Azt\u00e1n a t\u00e1vir\u00e1ny\u00edt\u00f3t annak adta volna oda, akiben a legkevesebb \u00f6nkontroll van. A form\u00e1ja els\u0151re lehet, hogy felh\u00fazza a szem\u00f6ld\u00f6k\u00f6d. Pont [&#8230;]\n","protected":false},"featured_media":3356,"comment_status":"closed","ping_status":"closed","template":"","meta":[],"product_brand":[50],"product_cat":[172,108],"product_tag":[2145,2165,2919,2918,2144,559,2163,2161,2164,2143,2920,2160,2142,707,2162,552,1226,1236,2924,2922,2923,2713,1238,220,2921,1384,2141],"class_list":{"0":"post-586","1":"product","2":"type-product","3":"status-publish","4":"has-post-thumbnail","6":"product_brand-rocks-off","7":"product_cat-paroknak-vibrator","8":"product_cat-paroknak-uniszex","9":"product_tag-adult-toy-for-couples","10":"product_tag-clitoral-and-g-spot","11":"product_tag-cocktail-paros-vibrator","12":"product_tag-cocktail-vibrator","13":"product_tag-couples-pleasure","14":"product_tag-couples-toy","15":"product_tag-couples-vibrator","16":"product_tag-csiklo-es-g-pont-izgatasa","17":"product_tag-dual-stimulation","18":"product_tag-intim-jatek-paroknak","19":"product_tag-ketmotoros-taviranyitos-vibrator","20":"product_tag-kettes-vibrator","21":"product_tag-kozos-elmeny","22":"product_tag-paroknak","23":"product_tag-paros-elvezet","24":"product_tag-paros-jatek","25":"product_tag-paros-vibrator","26":"product_tag-partner-vibrator","27":"product_tag-remote-control-anal-vibrator","28":"product_tag-remote-control-couples-vibrator","29":"product_tag-remote-controlled-couples-vibrator","30":"product_tag-rocks-off","31":"product_tag-shared-pleasure","32":"product_tag-szexshop-belvaros","33":"product_tag-taviranyitos-paros-vibrator","34":"product_tag-unisex-sex-toy","35":"product_tag-uniszex-szexjatek","37":"first","38":"outofstock","39":"taxable","40":"shipping-taxable","41":"purchasable","42":"product-type-simple"},"yoast_head":"<!-- This site is optimized with the Yoast SEO plugin v27.5 - https:\/\/yoast.com\/product\/yoast-seo-wordpress\/ -->\n<title>\ud83d\udda4 K\u00e9tmotoros t\u00e1vir\u00e1ny\u00edt\u00f3s p\u00e1ros vibr\u00e1tor \u2013 Szexshop Belv\u00e1ros<\/title>\n<meta name=\"description\" content=\"K\u00e9t motor, egy t\u00e1vir\u00e1ny\u00edt\u00f3, nulla \u00e1rtatlan sz\u00e1nd\u00e9k. Cocktail p\u00e1ros vibr\u00e1tor a Szexshop Belv\u00e1ros k\u00edn\u00e1lat\u00e1ban, gyors EU-s sz\u00e1ll\u00edt\u00e1ssal.\" \/>\n<meta name=\"robots\" content=\"index, follow, max-snippet:-1, max-image-preview:large, max-video-preview:-1\" \/>\n<link rel=\"canonical\" href=\"https:\/\/www.szexshopbelvaros.com\/en\/product\/ketmotoros-taviranyitos-paros-vibrator\/\" \/>\n<meta property=\"og:locale\" content=\"en_US\" \/>\n<meta property=\"og:type\" content=\"article\" \/>\n<meta property=\"og:title\" content=\"\ud83d\udda4 K\u00e9tmotoros t\u00e1vir\u00e1ny\u00edt\u00f3s p\u00e1ros vibr\u00e1tor \u2013 Szexshop Belv\u00e1ros\" \/>\n<meta property=\"og:description\" content=\"K\u00e9t motor, egy t\u00e1vir\u00e1ny\u00edt\u00f3, nulla \u00e1rtatlan sz\u00e1nd\u00e9k. Cocktail p\u00e1ros vibr\u00e1tor a Szexshop Belv\u00e1ros k\u00edn\u00e1lat\u00e1ban, gyors EU-s sz\u00e1ll\u00edt\u00e1ssal.\" \/>\n<meta property=\"og:url\" content=\"https:\/\/www.szexshopbelvaros.com\/en\/product\/ketmotoros-taviranyitos-paros-vibrator\/\" \/>\n<meta property=\"og:site_name\" content=\"Szexshop Belvaros\" \/>\n<meta property=\"article:publisher\" content=\"https:\/\/www.facebook.com\/belvarossecrets\/\" \/>\n<meta property=\"article:modified_time\" content=\"2026-05-09T11:01:32+00:00\" \/>\n<meta property=\"og:image\" content=\"https:\/\/www.szexshopbelvaros.com\/wp-content\/uploads\/2025\/01\/69ff0504f56b7f78f55c0ea2-scaled.png\" \/>\n\t<meta property=\"og:image:width\" content=\"2560\" \/>\n\t<meta property=\"og:image:height\" content=\"1440\" \/>\n\t<meta property=\"og:image:type\" content=\"image\/png\" \/>\n<meta name=\"twitter:card\" content=\"summary_large_image\" \/>\n<meta name=\"twitter:site\" content=\"@belvarossecrets\" \/>\n<meta name=\"twitter:label1\" content=\"Est. reading time\" \/>\n\t<meta name=\"twitter:data1\" content=\"2 minutes\" \/>\n<script type=\"application\/ld+json\" class=\"yoast-schema-graph\">{\"@context\":\"https:\\\/\\\/schema.org\",\"@graph\":[{\"@type\":\"WebPage\",\"@id\":\"https:\\\/\\\/www.szexshopbelvaros.com\\\/termek\\\/ketmotoros-taviranyitos-paros-vibrator\\\/\",\"url\":\"https:\\\/\\\/www.szexshopbelvaros.com\\\/termek\\\/ketmotoros-taviranyitos-paros-vibrator\\\/\",\"name\":\"\ud83d\udda4 K\u00e9tmotoros t\u00e1vir\u00e1ny\u00edt\u00f3s p\u00e1ros vibr\u00e1tor \u2013 Szexshop Belv\u00e1ros\",\"isPartOf\":{\"@id\":\"https:\\\/\\\/www.szexshopbelvaros.com\\\/#website\"},\"primaryImageOfPage\":{\"@id\":\"https:\\\/\\\/www.szexshopbelvaros.com\\\/termek\\\/ketmotoros-taviranyitos-paros-vibrator\\\/#primaryimage\"},\"image\":{\"@id\":\"https:\\\/\\\/www.szexshopbelvaros.com\\\/termek\\\/ketmotoros-taviranyitos-paros-vibrator\\\/#primaryimage\"},\"thumbnailUrl\":\"https:\\\/\\\/www.szexshopbelvaros.com\\\/wp-content\\\/uploads\\\/2025\\\/01\\\/69ff0504f56b7f78f55c0ea2-scaled.png\",\"datePublished\":\"2025-01-31T13:43:03+00:00\",\"dateModified\":\"2026-05-09T11:01:32+00:00\",\"description\":\"K\u00e9t motor, egy t\u00e1vir\u00e1ny\u00edt\u00f3, nulla \u00e1rtatlan sz\u00e1nd\u00e9k. Cocktail p\u00e1ros vibr\u00e1tor a Szexshop Belv\u00e1ros k\u00edn\u00e1lat\u00e1ban, gyors EU-s sz\u00e1ll\u00edt\u00e1ssal.\",\"breadcrumb\":{\"@id\":\"https:\\\/\\\/www.szexshopbelvaros.com\\\/termek\\\/ketmotoros-taviranyitos-paros-vibrator\\\/#breadcrumb\"},\"inLanguage\":\"en-US\",\"potentialAction\":[{\"@type\":\"ReadAction\",\"target\":[\"https:\\\/\\\/www.szexshopbelvaros.com\\\/termek\\\/ketmotoros-taviranyitos-paros-vibrator\\\/\"]}]},{\"@type\":\"ImageObject\",\"inLanguage\":\"en-US\",\"@id\":\"https:\\\/\\\/www.szexshopbelvaros.com\\\/termek\\\/ketmotoros-taviranyitos-paros-vibrator\\\/#primaryimage\",\"url\":\"https:\\\/\\\/www.szexshopbelvaros.com\\\/wp-content\\\/uploads\\\/2025\\\/01\\\/69ff0504f56b7f78f55c0ea2-scaled.png\",\"contentUrl\":\"https:\\\/\\\/www.szexshopbelvaros.com\\\/wp-content\\\/uploads\\\/2025\\\/01\\\/69ff0504f56b7f78f55c0ea2-scaled.png\",\"width\":2560,\"height\":1440,\"caption\":\"HU: Cocktail fekete t\u00e1vir\u00e1ny\u00edt\u00f3s p\u00e1ros vibr\u00e1tor dobozban, k\u00e9tmotoros kialak\u00edt\u00e1ssal \u00e9s eleg\u00e1ns term\u00e9kcsomagol\u00e1ssal. EN: Cocktail black remote-control couples vibrator in packaging, with dual-motor design and elegant product box.\"},{\"@type\":\"BreadcrumbList\",\"@id\":\"https:\\\/\\\/www.szexshopbelvaros.com\\\/termek\\\/ketmotoros-taviranyitos-paros-vibrator\\\/#breadcrumb\",\"itemListElement\":[{\"@type\":\"ListItem\",\"position\":1,\"name\":\"Home\",\"item\":\"https:\\\/\\\/www.szexshopbelvaros.com\\\/\"},{\"@type\":\"ListItem\",\"position\":2,\"name\":\"\u00c1ruh\u00e1z\",\"item\":\"https:\\\/\\\/www.szexshopbelvaros.com\\\/uzlet\\\/\"},{\"@type\":\"ListItem\",\"position\":3,\"name\":\"\ud83d\udda4 Cocktail \u2013 k\u00e9t motor, egy t\u00e1vir\u00e1ny\u00edt\u00f3, nulla \u00e1rtatlan sz\u00e1nd\u00e9k\"}]},{\"@type\":\"WebSite\",\"@id\":\"https:\\\/\\\/www.szexshopbelvaros.com\\\/#website\",\"url\":\"https:\\\/\\\/www.szexshopbelvaros.com\\\/\",\"name\":\"Szexshop Belv\u00e1ros\",\"description\":\"\ud83d\udd25 A szex olyan, mint a p\u00e9nz; csak a t\u00fal sok el\u00e9g!\u2122 Titkok a belv\u00e1rosb\u00f3l \ud83d\udc8b | Secrets from Budapest \ud83d\udc8e Feln\u0151tt j\u00e1t\u00e9kok \u2022 Erotika \u2022 Szexshop Belvaros\",\"publisher\":{\"@id\":\"https:\\\/\\\/www.szexshopbelvaros.com\\\/#organization\"},\"potentialAction\":[{\"@type\":\"SearchAction\",\"target\":{\"@type\":\"EntryPoint\",\"urlTemplate\":\"https:\\\/\\\/www.szexshopbelvaros.com\\\/?s={search_term_string}\"},\"query-input\":{\"@type\":\"PropertyValueSpecification\",\"valueRequired\":true,\"valueName\":\"search_term_string\"}}],\"inLanguage\":\"en-US\"},{\"@type\":\"Organization\",\"@id\":\"https:\\\/\\\/www.szexshopbelvaros.com\\\/#organization\",\"name\":\"Szexshop Belv\u00e1ros\",\"alternateName\":\"szexshopbelvaros.com\",\"url\":\"https:\\\/\\\/www.szexshopbelvaros.com\\\/\",\"logo\":{\"@type\":\"ImageObject\",\"inLanguage\":\"en-US\",\"@id\":\"https:\\\/\\\/www.szexshopbelvaros.com\\\/#\\\/schema\\\/logo\\\/image\\\/\",\"url\":\"https:\\\/\\\/www.szexshopbelvaros.com\\\/wp-content\\\/uploads\\\/2025\\\/09\\\/1Szexshopbelvaroslogo_blurred_stronger.jpg\",\"contentUrl\":\"https:\\\/\\\/www.szexshopbelvaros.com\\\/wp-content\\\/uploads\\\/2025\\\/09\\\/1Szexshopbelvaroslogo_blurred_stronger.jpg\",\"width\":1024,\"height\":1024,\"caption\":\"Szexshop Belv\u00e1ros\"},\"image\":{\"@id\":\"https:\\\/\\\/www.szexshopbelvaros.com\\\/#\\\/schema\\\/logo\\\/image\\\/\"},\"sameAs\":[\"https:\\\/\\\/www.facebook.com\\\/belvarossecrets\\\/\",\"https:\\\/\\\/x.com\\\/belvarossecrets\",\"https:\\\/\\\/www.instagram.com\\\/belvarossecrets\\\/\",\"https:\\\/\\\/www.tiktok.com\\\/@belvarossecrets\"]}]}<\/script>\n<!-- \/ Yoast SEO plugin. -->","yoast_head_json":{"title":"\ud83d\udda4 Dual-motor remote control couple vibrator \u2013 Sexshop Belv\u00e1ros","description":"Two motors, one remote control, zero innocent intentions. Cocktail couple vibrator available at Szexshop Belv\u00e1ros, with fast EU delivery.","robots":{"index":"index","follow":"follow","max-snippet":"max-snippet:-1","max-image-preview":"max-image-preview:large","max-video-preview":"max-video-preview:-1"},"canonical":"https:\/\/www.szexshopbelvaros.com\/en\/product\/ketmotoros-taviranyitos-paros-vibrator\/","og_locale":"en_US","og_type":"article","og_title":"\ud83d\udda4 K\u00e9tmotoros t\u00e1vir\u00e1ny\u00edt\u00f3s p\u00e1ros vibr\u00e1tor \u2013 Szexshop Belv\u00e1ros","og_description":"K\u00e9t motor, egy t\u00e1vir\u00e1ny\u00edt\u00f3, nulla \u00e1rtatlan sz\u00e1nd\u00e9k. Cocktail p\u00e1ros vibr\u00e1tor a Szexshop Belv\u00e1ros k\u00edn\u00e1lat\u00e1ban, gyors EU-s sz\u00e1ll\u00edt\u00e1ssal.","og_url":"https:\/\/www.szexshopbelvaros.com\/en\/product\/ketmotoros-taviranyitos-paros-vibrator\/","og_site_name":"Szexshop Belvaros","article_publisher":"https:\/\/www.facebook.com\/belvarossecrets\/","article_modified_time":"2026-05-09T11:01:32+00:00","og_image":[{"width":2560,"height":1440,"url":"https:\/\/www.szexshopbelvaros.com\/wp-content\/uploads\/2025\/01\/69ff0504f56b7f78f55c0ea2-scaled.png","type":"image\/png"}],"twitter_card":"summary_large_image","twitter_site":"@belvarossecrets","twitter_misc":{"Est. reading time":"2 minutes"},"schema":{"@context":"https:\/\/schema.org","@graph":[{"@type":"WebPage","@id":"https:\/\/www.szexshopbelvaros.com\/termek\/ketmotoros-taviranyitos-paros-vibrator\/","url":"https:\/\/www.szexshopbelvaros.com\/termek\/ketmotoros-taviranyitos-paros-vibrator\/","name":"\ud83d\udda4 Dual-motor remote control couple vibrator \u2013 Sexshop Belv\u00e1ros","isPartOf":{"@id":"https:\/\/www.szexshopbelvaros.com\/#website"},"primaryImageOfPage":{"@id":"https:\/\/www.szexshopbelvaros.com\/termek\/ketmotoros-taviranyitos-paros-vibrator\/#primaryimage"},"image":{"@id":"https:\/\/www.szexshopbelvaros.com\/termek\/ketmotoros-taviranyitos-paros-vibrator\/#primaryimage"},"thumbnailUrl":"https:\/\/www.szexshopbelvaros.com\/wp-content\/uploads\/2025\/01\/69ff0504f56b7f78f55c0ea2-scaled.png","datePublished":"2025-01-31T13:43:03+00:00","dateModified":"2026-05-09T11:01:32+00:00","description":"Two motors, one remote control, zero innocent intentions. Cocktail couple vibrator available at Szexshop Belv\u00e1ros, with fast EU delivery.","breadcrumb":{"@id":"https:\/\/www.szexshopbelvaros.com\/termek\/ketmotoros-taviranyitos-paros-vibrator\/#breadcrumb"},"inLanguage":"en-US","potentialAction":[{"@type":"ReadAction","target":["https:\/\/www.szexshopbelvaros.com\/termek\/ketmotoros-taviranyitos-paros-vibrator\/"]}]},{"@type":"ImageObject","inLanguage":"en-US","@id":"https:\/\/www.szexshopbelvaros.com\/termek\/ketmotoros-taviranyitos-paros-vibrator\/#primaryimage","url":"https:\/\/www.szexshopbelvaros.com\/wp-content\/uploads\/2025\/01\/69ff0504f56b7f78f55c0ea2-scaled.png","contentUrl":"https:\/\/www.szexshopbelvaros.com\/wp-content\/uploads\/2025\/01\/69ff0504f56b7f78f55c0ea2-scaled.png","width":2560,"height":1440,"caption":"HU: Cocktail fekete t\u00e1vir\u00e1ny\u00edt\u00f3s p\u00e1ros vibr\u00e1tor dobozban, k\u00e9tmotoros kialak\u00edt\u00e1ssal \u00e9s eleg\u00e1ns term\u00e9kcsomagol\u00e1ssal. EN: Cocktail black remote-control couples vibrator in packaging, with dual-motor design and elegant product box."},{"@type":"BreadcrumbList","@id":"https:\/\/www.szexshopbelvaros.com\/termek\/ketmotoros-taviranyitos-paros-vibrator\/#breadcrumb","itemListElement":[{"@type":"ListItem","position":1,"name":"Home","item":"https:\/\/www.szexshopbelvaros.com\/"},{"@type":"ListItem","position":2,"name":"\u00c1ruh\u00e1z","item":"https:\/\/www.szexshopbelvaros.com\/uzlet\/"},{"@type":"ListItem","position":3,"name":"\ud83d\udda4 Cocktail \u2013 k\u00e9t motor, egy t\u00e1vir\u00e1ny\u00edt\u00f3, nulla \u00e1rtatlan sz\u00e1nd\u00e9k"}]},{"@type":"WebSite","@id":"https:\/\/www.szexshopbelvaros.com\/#website","url":"https:\/\/www.szexshopbelvaros.com\/","name":"Szexshop Belv\u00e1ros","description":"\ud83d\udd25 Sex is like money; only too much is enough!\u2122 Secrets from the city center \ud83d\udc8b | Secrets from Budapest \ud83d\udc8e Adult games \u2022 Erotica \u2022 Sex shop Belvaros","publisher":{"@id":"https:\/\/www.szexshopbelvaros.com\/#organization"},"potentialAction":[{"@type":"SearchAction","target":{"@type":"EntryPoint","urlTemplate":"https:\/\/www.szexshopbelvaros.com\/?s={search_term_string}"},"query-input":{"@type":"PropertyValueSpecification","valueRequired":true,"valueName":"search_term_string"}}],"inLanguage":"en-US"},{"@type":"Organization","@id":"https:\/\/www.szexshopbelvaros.com\/#organization","name":"Szexshop Belv\u00e1ros","alternateName":"szexshopbelvaros.com","url":"https:\/\/www.szexshopbelvaros.com\/","logo":{"@type":"ImageObject","inLanguage":"en-US","@id":"https:\/\/www.szexshopbelvaros.com\/#\/schema\/logo\/image\/","url":"https:\/\/www.szexshopbelvaros.com\/wp-content\/uploads\/2025\/09\/1Szexshopbelvaroslogo_blurred_stronger.jpg","contentUrl":"https:\/\/www.szexshopbelvaros.com\/wp-content\/uploads\/2025\/09\/1Szexshopbelvaroslogo_blurred_stronger.jpg","width":1024,"height":1024,"caption":"Szexshop Belv\u00e1ros"},"image":{"@id":"https:\/\/www.szexshopbelvaros.com\/#\/schema\/logo\/image\/"},"sameAs":["https:\/\/www.facebook.com\/belvarossecrets\/","https:\/\/x.com\/belvarossecrets","https:\/\/www.instagram.com\/belvarossecrets\/","https:\/\/www.tiktok.com\/@belvarossecrets"]}]}},"_links":{"self":[{"href":"https:\/\/www.szexshopbelvaros.com\/en\/wp-json\/wp\/v2\/product\/586","targetHints":{"allow":["GET"]}}],"collection":[{"href":"https:\/\/www.szexshopbelvaros.com\/en\/wp-json\/wp\/v2\/product"}],"about":[{"href":"https:\/\/www.szexshopbelvaros.com\/en\/wp-json\/wp\/v2\/types\/product"}],"replies":[{"embeddable":true,"href":"https:\/\/www.szexshopbelvaros.com\/en\/wp-json\/wp\/v2\/comments?post=586"}],"wp:featuredmedia":[{"embeddable":true,"href":"https:\/\/www.szexshopbelvaros.com\/en\/wp-json\/wp\/v2\/media\/3356"}],"wp:attachment":[{"href":"https:\/\/www.szexshopbelvaros.com\/en\/wp-json\/wp\/v2\/media?parent=586"}],"wp:term":[{"taxonomy":"product_brand","embeddable":true,"href":"https:\/\/www.szexshopbelvaros.com\/en\/wp-json\/wp\/v2\/product_brand?post=586"},{"taxonomy":"product_cat","embeddable":true,"href":"https:\/\/www.szexshopbelvaros.com\/en\/wp-json\/wp\/v2\/product_cat?post=586"},{"taxonomy":"product_tag","embeddable":true,"href":"https:\/\/www.szexshopbelvaros.com\/en\/wp-json\/wp\/v2\/product_tag?post=586"}],"curies":[{"name":"wp","href":"https:\/\/api.w.org\/{rel}","templated":true}]}}