{"id":592,"date":"2025-01-31T14:43:03","date_gmt":"2025-01-31T13:43:03","guid":{"rendered":"https:\/\/www.szexshopbelvaros.com\/termek\/pretty-love-archenemy\/"},"modified":"2026-04-10T15:55:29","modified_gmt":"2026-04-10T13:55:29","slug":"pretty-love-archenemy","status":"publish","type":"product","link":"https:\/\/www.szexshopbelvaros.com\/en\/product\/pretty-love-archenemy\/","title":{"rendered":"Archenemy: The butt&#039;s secret weapon. \ud83d\udc4a\ud83c\udf51"},"content":{"rendered":"<p data-start=\"806\" data-end=\"1081\">Don&#039;t let the name fool you - this &quot;enemy&quot; will actually be your best friend down there. This compact, vibrating prostate massager is made of silky, skin-friendly silicone, and its anatomically curved shape hits exactly where it needs to go: the P-spot and perineum area.<\/p>\n<p data-start=\"1083\" data-end=\"1273\">It has twelve pulsating functions to break down your inhibitions, while its discreet size (3.3 cm diameter, 12.1 cm length) is just enough advanced anal pleasure to make you come \u2014 but not want to run away.<\/p>\n<p data-start=\"1275\" data-end=\"1416\">This waterproof, rechargeable sex toy for men is ready for use at any time \u2013 whether in the shower or on the battlefields of dark desires.<\/p>\n<p data-start=\"1418\" data-end=\"1590\"><strong data-start=\"1418\" data-end=\"1432\">Cleaning:<\/strong> Wash with warm soapy water and tool cleaner before and after each use. Use only water-based lubricant \u2014 the silicone will thank you.<\/p>","protected":false},"excerpt":{"rendered":"<p>Ne hagyd, hogy a n\u00e9v megt\u00e9vesszen \u2013 ez az &#8222;ellens\u00e9g&#8221; val\u00f3j\u00e1ban a legjobb bar\u00e1tod lesz odalent. Ez a kompakt, vibr\u00e1l\u00f3 prosztata massz\u00edroz\u00f3 selymes, b\u0151rbar\u00e1t szilikonb\u00f3l k\u00e9sz\u00fclt, anat\u00f3miailag \u00edvelt form\u00e1ja pedig pontosan oda tal\u00e1l, ahov\u00e1 kell: a P-pontra \u00e9s a g\u00e1t ter\u00fclet\u00e9re. Tizenk\u00e9t pulz\u00e1l\u00f3 funkci\u00f3val gyalulja le a g\u00e1tl\u00e1saidat, mik\u00f6zben diszkr\u00e9t m\u00e9rete (3,3 cm \u00e1tm\u00e9r\u0151, 12,1 [&#8230;]\n","protected":false},"featured_media":2724,"comment_status":"closed","ping_status":"closed","template":"","meta":[],"product_brand":[95],"product_cat":[135,86,167,68],"product_tag":[1859,1857,684,418,676,694,1392,1393,424,1012,1302,2166,2069,2068,1104,1005,1855,2177,1381,567,1310,1318,2168,2167,573,1858,1856,698,695,1904,2070,220],"class_list":{"0":"post-592","1":"product","2":"type-product","3":"status-publish","4":"has-post-thumbnail","6":"product_brand-pretty-love","7":"product_cat-anal","8":"product_cat-analdugok-prosztata-masszirozok","9":"product_cat-egyeb-szexkellekek","10":"product_cat-ferfiaknak","11":"product_tag-adult-accessory","12":"product_tag-adult-toy-for-men","13":"product_tag-anal-dugo","14":"product_tag-anal-jatek","15":"product_tag-anal-play","16":"product_tag-anal-plug","17":"product_tag-anal-stimulacio","18":"product_tag-anal-stimulation","19":"product_tag-anal-toy","20":"product_tag-bedroom-accessory","21":"product_tag-erotic-accessory","22":"product_tag-ferfi-elvezet","23":"product_tag-ferfi-felnott-jatek","24":"product_tag-ferfi-intim-jatek","25":"product_tag-ferfi-kiegeszito","26":"product_tag-ferfi-szex-kiegeszito","27":"product_tag-ferfi-szexjatek","28":"product_tag-haloszoba-kiegeszito","29":"product_tag-hatso-jatek","30":"product_tag-intim-kiegeszito","31":"product_tag-intimate-accessory","32":"product_tag-intimate-toy","33":"product_tag-intimate-toy-for-men","34":"product_tag-male-adult-toy","35":"product_tag-male-sex-toy","36":"product_tag-mens-accessory","37":"product_tag-mens-pleasure","38":"product_tag-p-spot-toy","39":"product_tag-prostate-massager","40":"product_tag-prosztata-masszirozo","41":"product_tag-szex-kiegeszito","42":"product_tag-szexshop-belvaros","44":"first","45":"instock","46":"sale","47":"taxable","48":"shipping-taxable","49":"purchasable","50":"product-type-simple"},"yoast_head":"<!-- This site is optimized with the Yoast SEO plugin v27.4 - https:\/\/yoast.com\/product\/yoast-seo-wordpress\/ -->\n<title>Archenemy: A fen\u00e9k titkos fegyvere. \ud83d\udc4a\ud83c\udf51 - Szexshop Belvaros<\/title>\n<meta name=\"robots\" content=\"index, follow, max-snippet:-1, max-image-preview:large, max-video-preview:-1\" \/>\n<link rel=\"canonical\" href=\"https:\/\/www.szexshopbelvaros.com\/en\/product\/pretty-love-archenemy\/\" \/>\n<meta property=\"og:locale\" content=\"en_US\" \/>\n<meta property=\"og:type\" content=\"article\" \/>\n<meta property=\"og:title\" content=\"Archenemy: A fen\u00e9k titkos fegyvere. \ud83d\udc4a\ud83c\udf51 - Szexshop Belvaros\" \/>\n<meta property=\"og:description\" content=\"Ne hagyd, hogy a n\u00e9v megt\u00e9vesszen \u2013 ez az &#8222;ellens\u00e9g&#8221; val\u00f3j\u00e1ban a legjobb bar\u00e1tod lesz odalent. Ez a kompakt, vibr\u00e1l\u00f3 prosztata massz\u00edroz\u00f3 selymes, b\u0151rbar\u00e1t szilikonb\u00f3l k\u00e9sz\u00fclt, anat\u00f3miailag \u00edvelt form\u00e1ja pedig pontosan oda tal\u00e1l, ahov\u00e1 kell: a P-pontra \u00e9s a g\u00e1t ter\u00fclet\u00e9re. Tizenk\u00e9t pulz\u00e1l\u00f3 funkci\u00f3val gyalulja le a g\u00e1tl\u00e1saidat, mik\u00f6zben diszkr\u00e9t m\u00e9rete (3,3 cm \u00e1tm\u00e9r\u0151, 12,1 [...]\" \/>\n<meta property=\"og:url\" content=\"https:\/\/www.szexshopbelvaros.com\/en\/product\/pretty-love-archenemy\/\" \/>\n<meta property=\"og:site_name\" content=\"Szexshop Belvaros\" \/>\n<meta property=\"article:publisher\" content=\"https:\/\/www.facebook.com\/belvarossecrets\/\" \/>\n<meta property=\"article:modified_time\" content=\"2026-04-10T13:55:29+00:00\" \/>\n<meta property=\"og:image\" content=\"https:\/\/www.szexshopbelvaros.com\/wp-content\/uploads\/2025\/01\/Untitled-design-13.png\" \/>\n\t<meta property=\"og:image:width\" content=\"2048\" \/>\n\t<meta property=\"og:image:height\" content=\"1152\" \/>\n\t<meta property=\"og:image:type\" content=\"image\/png\" \/>\n<meta name=\"twitter:card\" content=\"summary_large_image\" \/>\n<meta name=\"twitter:site\" content=\"@belvarossecrets\" \/>\n<meta name=\"twitter:label1\" content=\"Est. reading time\" \/>\n\t<meta name=\"twitter:data1\" content=\"1 minute\" \/>\n<script type=\"application\/ld+json\" class=\"yoast-schema-graph\">{\"@context\":\"https:\\\/\\\/schema.org\",\"@graph\":[{\"@type\":\"WebPage\",\"@id\":\"https:\\\/\\\/www.szexshopbelvaros.com\\\/termek\\\/pretty-love-archenemy\\\/\",\"url\":\"https:\\\/\\\/www.szexshopbelvaros.com\\\/termek\\\/pretty-love-archenemy\\\/\",\"name\":\"Archenemy: A fen\u00e9k titkos fegyvere. \ud83d\udc4a\ud83c\udf51 - Szexshop Belvaros\",\"isPartOf\":{\"@id\":\"https:\\\/\\\/www.szexshopbelvaros.com\\\/#website\"},\"primaryImageOfPage\":{\"@id\":\"https:\\\/\\\/www.szexshopbelvaros.com\\\/termek\\\/pretty-love-archenemy\\\/#primaryimage\"},\"image\":{\"@id\":\"https:\\\/\\\/www.szexshopbelvaros.com\\\/termek\\\/pretty-love-archenemy\\\/#primaryimage\"},\"thumbnailUrl\":\"https:\\\/\\\/www.szexshopbelvaros.com\\\/wp-content\\\/uploads\\\/2025\\\/01\\\/Untitled-design-13.png\",\"datePublished\":\"2025-01-31T13:43:03+00:00\",\"dateModified\":\"2026-04-10T13:55:29+00:00\",\"breadcrumb\":{\"@id\":\"https:\\\/\\\/www.szexshopbelvaros.com\\\/termek\\\/pretty-love-archenemy\\\/#breadcrumb\"},\"inLanguage\":\"en-US\",\"potentialAction\":[{\"@type\":\"ReadAction\",\"target\":[\"https:\\\/\\\/www.szexshopbelvaros.com\\\/termek\\\/pretty-love-archenemy\\\/\"]}]},{\"@type\":\"ImageObject\",\"inLanguage\":\"en-US\",\"@id\":\"https:\\\/\\\/www.szexshopbelvaros.com\\\/termek\\\/pretty-love-archenemy\\\/#primaryimage\",\"url\":\"https:\\\/\\\/www.szexshopbelvaros.com\\\/wp-content\\\/uploads\\\/2025\\\/01\\\/Untitled-design-13.png\",\"contentUrl\":\"https:\\\/\\\/www.szexshopbelvaros.com\\\/wp-content\\\/uploads\\\/2025\\\/01\\\/Untitled-design-13.png\",\"width\":2048,\"height\":1152},{\"@type\":\"BreadcrumbList\",\"@id\":\"https:\\\/\\\/www.szexshopbelvaros.com\\\/termek\\\/pretty-love-archenemy\\\/#breadcrumb\",\"itemListElement\":[{\"@type\":\"ListItem\",\"position\":1,\"name\":\"Home\",\"item\":\"https:\\\/\\\/www.szexshopbelvaros.com\\\/\"},{\"@type\":\"ListItem\",\"position\":2,\"name\":\"\u00c1ruh\u00e1z\",\"item\":\"https:\\\/\\\/www.szexshopbelvaros.com\\\/uzlet\\\/\"},{\"@type\":\"ListItem\",\"position\":3,\"name\":\"Archenemy: A fen\u00e9k titkos fegyvere. \ud83d\udc4a\ud83c\udf51\"}]},{\"@type\":\"WebSite\",\"@id\":\"https:\\\/\\\/www.szexshopbelvaros.com\\\/#website\",\"url\":\"https:\\\/\\\/www.szexshopbelvaros.com\\\/\",\"name\":\"Szexshop Belv\u00e1ros\",\"description\":\"\ud83d\udd25 A szex olyan, mint a p\u00e9nz; csak a t\u00fal sok el\u00e9g!\u2122 Titkok a belv\u00e1rosb\u00f3l \ud83d\udc8b | Secrets from Budapest \ud83d\udc8e Feln\u0151tt j\u00e1t\u00e9kok \u2022 Erotika \u2022 Szexshop Belvaros\",\"publisher\":{\"@id\":\"https:\\\/\\\/www.szexshopbelvaros.com\\\/#organization\"},\"potentialAction\":[{\"@type\":\"SearchAction\",\"target\":{\"@type\":\"EntryPoint\",\"urlTemplate\":\"https:\\\/\\\/www.szexshopbelvaros.com\\\/?s={search_term_string}\"},\"query-input\":{\"@type\":\"PropertyValueSpecification\",\"valueRequired\":true,\"valueName\":\"search_term_string\"}}],\"inLanguage\":\"en-US\"},{\"@type\":\"Organization\",\"@id\":\"https:\\\/\\\/www.szexshopbelvaros.com\\\/#organization\",\"name\":\"Szexshop Belv\u00e1ros\",\"alternateName\":\"szexshopbelvaros.com\",\"url\":\"https:\\\/\\\/www.szexshopbelvaros.com\\\/\",\"logo\":{\"@type\":\"ImageObject\",\"inLanguage\":\"en-US\",\"@id\":\"https:\\\/\\\/www.szexshopbelvaros.com\\\/#\\\/schema\\\/logo\\\/image\\\/\",\"url\":\"https:\\\/\\\/www.szexshopbelvaros.com\\\/wp-content\\\/uploads\\\/2025\\\/09\\\/1Szexshopbelvaroslogo_blurred_stronger.jpg\",\"contentUrl\":\"https:\\\/\\\/www.szexshopbelvaros.com\\\/wp-content\\\/uploads\\\/2025\\\/09\\\/1Szexshopbelvaroslogo_blurred_stronger.jpg\",\"width\":1024,\"height\":1024,\"caption\":\"Szexshop Belv\u00e1ros\"},\"image\":{\"@id\":\"https:\\\/\\\/www.szexshopbelvaros.com\\\/#\\\/schema\\\/logo\\\/image\\\/\"},\"sameAs\":[\"https:\\\/\\\/www.facebook.com\\\/belvarossecrets\\\/\",\"https:\\\/\\\/x.com\\\/belvarossecrets\",\"https:\\\/\\\/www.instagram.com\\\/belvarossecrets\\\/\",\"https:\\\/\\\/www.tiktok.com\\\/@belvarossecrets\"]}]}<\/script>\n<!-- \/ Yoast SEO plugin. -->","yoast_head_json":{"title":"Archenemy: The secret weapon of the butt. \ud83d\udc4a\ud83c\udf51 - Szexshop Belvaros","robots":{"index":"index","follow":"follow","max-snippet":"max-snippet:-1","max-image-preview":"max-image-preview:large","max-video-preview":"max-video-preview:-1"},"canonical":"https:\/\/www.szexshopbelvaros.com\/en\/product\/pretty-love-archenemy\/","og_locale":"en_US","og_type":"article","og_title":"Archenemy: A fen\u00e9k titkos fegyvere. \ud83d\udc4a\ud83c\udf51 - Szexshop Belvaros","og_description":"Ne hagyd, hogy a n\u00e9v megt\u00e9vesszen \u2013 ez az &#8222;ellens\u00e9g&#8221; val\u00f3j\u00e1ban a legjobb bar\u00e1tod lesz odalent. Ez a kompakt, vibr\u00e1l\u00f3 prosztata massz\u00edroz\u00f3 selymes, b\u0151rbar\u00e1t szilikonb\u00f3l k\u00e9sz\u00fclt, anat\u00f3miailag \u00edvelt form\u00e1ja pedig pontosan oda tal\u00e1l, ahov\u00e1 kell: a P-pontra \u00e9s a g\u00e1t ter\u00fclet\u00e9re. Tizenk\u00e9t pulz\u00e1l\u00f3 funkci\u00f3val gyalulja le a g\u00e1tl\u00e1saidat, mik\u00f6zben diszkr\u00e9t m\u00e9rete (3,3 cm \u00e1tm\u00e9r\u0151, 12,1 [...]","og_url":"https:\/\/www.szexshopbelvaros.com\/en\/product\/pretty-love-archenemy\/","og_site_name":"Szexshop Belvaros","article_publisher":"https:\/\/www.facebook.com\/belvarossecrets\/","article_modified_time":"2026-04-10T13:55:29+00:00","og_image":[{"width":2048,"height":1152,"url":"https:\/\/www.szexshopbelvaros.com\/wp-content\/uploads\/2025\/01\/Untitled-design-13.png","type":"image\/png"}],"twitter_card":"summary_large_image","twitter_site":"@belvarossecrets","twitter_misc":{"Est. reading time":"1 minute"},"schema":{"@context":"https:\/\/schema.org","@graph":[{"@type":"WebPage","@id":"https:\/\/www.szexshopbelvaros.com\/termek\/pretty-love-archenemy\/","url":"https:\/\/www.szexshopbelvaros.com\/termek\/pretty-love-archenemy\/","name":"Archenemy: The secret weapon of the butt. \ud83d\udc4a\ud83c\udf51 - Szexshop Belvaros","isPartOf":{"@id":"https:\/\/www.szexshopbelvaros.com\/#website"},"primaryImageOfPage":{"@id":"https:\/\/www.szexshopbelvaros.com\/termek\/pretty-love-archenemy\/#primaryimage"},"image":{"@id":"https:\/\/www.szexshopbelvaros.com\/termek\/pretty-love-archenemy\/#primaryimage"},"thumbnailUrl":"https:\/\/www.szexshopbelvaros.com\/wp-content\/uploads\/2025\/01\/Untitled-design-13.png","datePublished":"2025-01-31T13:43:03+00:00","dateModified":"2026-04-10T13:55:29+00:00","breadcrumb":{"@id":"https:\/\/www.szexshopbelvaros.com\/termek\/pretty-love-archenemy\/#breadcrumb"},"inLanguage":"en-US","potentialAction":[{"@type":"ReadAction","target":["https:\/\/www.szexshopbelvaros.com\/termek\/pretty-love-archenemy\/"]}]},{"@type":"ImageObject","inLanguage":"en-US","@id":"https:\/\/www.szexshopbelvaros.com\/termek\/pretty-love-archenemy\/#primaryimage","url":"https:\/\/www.szexshopbelvaros.com\/wp-content\/uploads\/2025\/01\/Untitled-design-13.png","contentUrl":"https:\/\/www.szexshopbelvaros.com\/wp-content\/uploads\/2025\/01\/Untitled-design-13.png","width":2048,"height":1152},{"@type":"BreadcrumbList","@id":"https:\/\/www.szexshopbelvaros.com\/termek\/pretty-love-archenemy\/#breadcrumb","itemListElement":[{"@type":"ListItem","position":1,"name":"Home","item":"https:\/\/www.szexshopbelvaros.com\/"},{"@type":"ListItem","position":2,"name":"\u00c1ruh\u00e1z","item":"https:\/\/www.szexshopbelvaros.com\/uzlet\/"},{"@type":"ListItem","position":3,"name":"Archenemy: A fen\u00e9k titkos fegyvere. \ud83d\udc4a\ud83c\udf51"}]},{"@type":"WebSite","@id":"https:\/\/www.szexshopbelvaros.com\/#website","url":"https:\/\/www.szexshopbelvaros.com\/","name":"at our Szexshop Belv\u00e1ros","description":"\ud83d\udd25 Sex is like money; only too much is enough!\u2122 Secrets from the city center \ud83d\udc8b | Secrets from Budapest \ud83d\udc8e Adult games \u2022 Erotica \u2022 Sex shop Belvaros","publisher":{"@id":"https:\/\/www.szexshopbelvaros.com\/#organization"},"potentialAction":[{"@type":"SearchAction","target":{"@type":"EntryPoint","urlTemplate":"https:\/\/www.szexshopbelvaros.com\/?s={search_term_string}"},"query-input":{"@type":"PropertyValueSpecification","valueRequired":true,"valueName":"search_term_string"}}],"inLanguage":"en-US"},{"@type":"Organization","@id":"https:\/\/www.szexshopbelvaros.com\/#organization","name":"at our Szexshop Belv\u00e1ros","alternateName":"szexshopbelvaros.com","url":"https:\/\/www.szexshopbelvaros.com\/","logo":{"@type":"ImageObject","inLanguage":"en-US","@id":"https:\/\/www.szexshopbelvaros.com\/#\/schema\/logo\/image\/","url":"https:\/\/www.szexshopbelvaros.com\/wp-content\/uploads\/2025\/09\/1Szexshopbelvaroslogo_blurred_stronger.jpg","contentUrl":"https:\/\/www.szexshopbelvaros.com\/wp-content\/uploads\/2025\/09\/1Szexshopbelvaroslogo_blurred_stronger.jpg","width":1024,"height":1024,"caption":"Szexshop Belv\u00e1ros"},"image":{"@id":"https:\/\/www.szexshopbelvaros.com\/#\/schema\/logo\/image\/"},"sameAs":["https:\/\/www.facebook.com\/belvarossecrets\/","https:\/\/x.com\/belvarossecrets","https:\/\/www.instagram.com\/belvarossecrets\/","https:\/\/www.tiktok.com\/@belvarossecrets"]}]}},"_links":{"self":[{"href":"https:\/\/www.szexshopbelvaros.com\/en\/wp-json\/wp\/v2\/product\/592","targetHints":{"allow":["GET"]}}],"collection":[{"href":"https:\/\/www.szexshopbelvaros.com\/en\/wp-json\/wp\/v2\/product"}],"about":[{"href":"https:\/\/www.szexshopbelvaros.com\/en\/wp-json\/wp\/v2\/types\/product"}],"replies":[{"embeddable":true,"href":"https:\/\/www.szexshopbelvaros.com\/en\/wp-json\/wp\/v2\/comments?post=592"}],"wp:featuredmedia":[{"embeddable":true,"href":"https:\/\/www.szexshopbelvaros.com\/en\/wp-json\/wp\/v2\/media\/2724"}],"wp:attachment":[{"href":"https:\/\/www.szexshopbelvaros.com\/en\/wp-json\/wp\/v2\/media?parent=592"}],"wp:term":[{"taxonomy":"product_brand","embeddable":true,"href":"https:\/\/www.szexshopbelvaros.com\/en\/wp-json\/wp\/v2\/product_brand?post=592"},{"taxonomy":"product_cat","embeddable":true,"href":"https:\/\/www.szexshopbelvaros.com\/en\/wp-json\/wp\/v2\/product_cat?post=592"},{"taxonomy":"product_tag","embeddable":true,"href":"https:\/\/www.szexshopbelvaros.com\/en\/wp-json\/wp\/v2\/product_tag?post=592"}],"curies":[{"name":"wp","href":"https:\/\/api.w.org\/{rel}","templated":true}]}}