{"id":596,"date":"2025-01-31T14:43:03","date_gmt":"2025-01-31T13:43:03","guid":{"rendered":"https:\/\/www.szexshopbelvaros.com\/termek\/glams-xchange-heart-medium-3-db-sziv-alaku-kovel\/"},"modified":"2026-04-10T15:55:51","modified_gmt":"2026-04-10T13:55:51","slug":"glams-xchange-heart-medium-3-db-sziv-alaku-kovel","status":"publish","type":"product","link":"https:\/\/www.szexshopbelvaros.com\/en\/product\/glams-xchange-heart-medium-3-db-sziv-alaku-kovel\/","title":{"rendered":"Glams Xchange M \u2013 The black plug that has three hearts but gives them all to your butt"},"content":{"rendered":"<p data-start=\"753\" data-end=\"1022\">This 8.1 cm long, 3.5 cm diameter, waterproof silicone butt plug is not only smooth and slippery, but also a true style icon \u2014 the black body is decorated with three different colored, interchangeable heart-shaped gemstones, so you can choose a new shiny love for your butt for every occasion.<\/p>\n<p data-start=\"1024\" data-end=\"1398\">This shiny heart-shaped anal dilator is a classic shape, made from a combination of skin-friendly ABS and silicone, and is a recommended sex toy for beginners for back pleasure. A unisex pleasure for both women and men. It slides in smoothly with water-based lubricant and shines again in seconds with lukewarm soapy water and accessory cleaner, ready for the next show.<\/p>\n<p data-start=\"1400\" data-end=\"1447\">Because sometimes one heart is enough... but three is better.<\/p>\n<p>&nbsp;<\/p>","protected":false},"excerpt":{"rendered":"<p>Ez a 8,1 centis hossz\u00fa, 3,5 cm \u00e1tm\u00e9r\u0151j\u0171, v\u00edz\u00e1ll\u00f3 szilikon fen\u00e9kdug\u00f3 nem csak sima \u00e9s cs\u00fasz\u00f3s, hanem igazi st\u00edlusikon \u2014 a fekete testet h\u00e1rom k\u00fcl\u00f6nb\u00f6z\u0151 sz\u00edn\u0171, cser\u00e9lhet\u0151 sz\u00edv alak\u00fa dr\u00e1gak\u0151 d\u00edsz\u00edti, \u00edgy minden alkalomra v\u00e1laszthatsz egy \u00faj f\u00e9ny\u0171 szerelmet a fenekednek. Ez a csillog\u00f3, sz\u00edv alak\u00fa an\u00e1l t\u00e1g\u00edt\u00f3 klasszikus forma, b\u0151rbar\u00e1t ABS \u00e9s szilikon kombin\u00e1ci\u00f3j\u00e1val [&#8230;]\n","protected":false},"featured_media":2751,"comment_status":"closed","ping_status":"closed","template":"","meta":[],"product_brand":[177],"product_cat":[135,86],"product_tag":[684,418,676,694,1392,1393,424,1918,1915,1912,1910,1913,1381,1916,1914,1318,1917,698,695,1904,1909,1911,690,1886,1380],"class_list":{"0":"post-596","1":"product","2":"type-product","3":"status-publish","4":"has-post-thumbnail","6":"product_brand-ns-novelties","7":"product_cat-anal","8":"product_cat-analdugok-prosztata-masszirozok","9":"product_tag-anal-dugo","10":"product_tag-anal-jatek","11":"product_tag-anal-play","12":"product_tag-anal-plug","13":"product_tag-anal-stimulacio","14":"product_tag-anal-stimulation","15":"product_tag-anal-toy","16":"product_tag-cserelheto-kovek","17":"product_tag-decorative-butt-plug","18":"product_tag-design-anal-dugo","19":"product_tag-disz-dugoval","20":"product_tag-ekszer-hatasu","21":"product_tag-hatso-jatek","22":"product_tag-heart-design-plug","23":"product_tag-interchangeable-stones","24":"product_tag-intimate-toy","25":"product_tag-jewelry-style-plug","26":"product_tag-p-spot-toy","27":"product_tag-prostate-massager","28":"product_tag-prosztata-masszirozo","29":"product_tag-szines-kovek","30":"product_tag-sziv-alaku","31":"product_tag-tagito-eszkoz","32":"product_tag-unisex-anal-toy","33":"product_tag-unisex-szexjatek","35":"first","36":"instock","37":"taxable","38":"shipping-taxable","39":"purchasable","40":"product-type-simple"},"yoast_head":"<!-- This site is optimized with the Yoast SEO plugin v27.4 - https:\/\/yoast.com\/product\/yoast-seo-wordpress\/ -->\n<title>Glams Xchange M \u2013 A fekete dug\u00f3, amihez h\u00e1rom sz\u00edve van, de mindet a fenekednek adja - Szexshop Belvaros<\/title>\n<meta name=\"robots\" content=\"index, follow, max-snippet:-1, max-image-preview:large, max-video-preview:-1\" \/>\n<link rel=\"canonical\" href=\"https:\/\/www.szexshopbelvaros.com\/en\/product\/glams-xchange-heart-medium-3-db-sziv-alaku-kovel\/\" \/>\n<meta property=\"og:locale\" content=\"en_US\" \/>\n<meta property=\"og:type\" content=\"article\" \/>\n<meta property=\"og:title\" content=\"Glams Xchange M \u2013 A fekete dug\u00f3, amihez h\u00e1rom sz\u00edve van, de mindet a fenekednek adja - Szexshop Belvaros\" \/>\n<meta property=\"og:description\" content=\"Ez a 8,1 centis hossz\u00fa, 3,5 cm \u00e1tm\u00e9r\u0151j\u0171, v\u00edz\u00e1ll\u00f3 szilikon fen\u00e9kdug\u00f3 nem csak sima \u00e9s cs\u00fasz\u00f3s, hanem igazi st\u00edlusikon \u2014 a fekete testet h\u00e1rom k\u00fcl\u00f6nb\u00f6z\u0151 sz\u00edn\u0171, cser\u00e9lhet\u0151 sz\u00edv alak\u00fa dr\u00e1gak\u0151 d\u00edsz\u00edti, \u00edgy minden alkalomra v\u00e1laszthatsz egy \u00faj f\u00e9ny\u0171 szerelmet a fenekednek. Ez a csillog\u00f3, sz\u00edv alak\u00fa an\u00e1l t\u00e1g\u00edt\u00f3 klasszikus forma, b\u0151rbar\u00e1t ABS \u00e9s szilikon kombin\u00e1ci\u00f3j\u00e1val [...]\" \/>\n<meta property=\"og:url\" content=\"https:\/\/www.szexshopbelvaros.com\/en\/product\/glams-xchange-heart-medium-3-db-sziv-alaku-kovel\/\" \/>\n<meta property=\"og:site_name\" content=\"Szexshop Belvaros\" \/>\n<meta property=\"article:publisher\" content=\"https:\/\/www.facebook.com\/belvarossecrets\/\" \/>\n<meta property=\"article:modified_time\" content=\"2026-04-10T13:55:51+00:00\" \/>\n<meta property=\"og:image\" content=\"https:\/\/www.szexshopbelvaros.com\/wp-content\/uploads\/2025\/01\/69b56c7e5fa116cd62e5bfa5-scaled.png\" \/>\n\t<meta property=\"og:image:width\" content=\"2560\" \/>\n\t<meta property=\"og:image:height\" content=\"1440\" \/>\n\t<meta property=\"og:image:type\" content=\"image\/png\" \/>\n<meta name=\"twitter:card\" content=\"summary_large_image\" \/>\n<meta name=\"twitter:site\" content=\"@belvarossecrets\" \/>\n<meta name=\"twitter:label1\" content=\"Est. reading time\" \/>\n\t<meta name=\"twitter:data1\" content=\"1 minute\" \/>\n<script type=\"application\/ld+json\" class=\"yoast-schema-graph\">{\"@context\":\"https:\\\/\\\/schema.org\",\"@graph\":[{\"@type\":\"WebPage\",\"@id\":\"https:\\\/\\\/www.szexshopbelvaros.com\\\/termek\\\/glams-xchange-heart-medium-3-db-sziv-alaku-kovel\\\/\",\"url\":\"https:\\\/\\\/www.szexshopbelvaros.com\\\/termek\\\/glams-xchange-heart-medium-3-db-sziv-alaku-kovel\\\/\",\"name\":\"Glams Xchange M \u2013 A fekete dug\u00f3, amihez h\u00e1rom sz\u00edve van, de mindet a fenekednek adja - Szexshop Belvaros\",\"isPartOf\":{\"@id\":\"https:\\\/\\\/www.szexshopbelvaros.com\\\/#website\"},\"primaryImageOfPage\":{\"@id\":\"https:\\\/\\\/www.szexshopbelvaros.com\\\/termek\\\/glams-xchange-heart-medium-3-db-sziv-alaku-kovel\\\/#primaryimage\"},\"image\":{\"@id\":\"https:\\\/\\\/www.szexshopbelvaros.com\\\/termek\\\/glams-xchange-heart-medium-3-db-sziv-alaku-kovel\\\/#primaryimage\"},\"thumbnailUrl\":\"https:\\\/\\\/www.szexshopbelvaros.com\\\/wp-content\\\/uploads\\\/2025\\\/01\\\/69b56c7e5fa116cd62e5bfa5-scaled.png\",\"datePublished\":\"2025-01-31T13:43:03+00:00\",\"dateModified\":\"2026-04-10T13:55:51+00:00\",\"breadcrumb\":{\"@id\":\"https:\\\/\\\/www.szexshopbelvaros.com\\\/termek\\\/glams-xchange-heart-medium-3-db-sziv-alaku-kovel\\\/#breadcrumb\"},\"inLanguage\":\"en-US\",\"potentialAction\":[{\"@type\":\"ReadAction\",\"target\":[\"https:\\\/\\\/www.szexshopbelvaros.com\\\/termek\\\/glams-xchange-heart-medium-3-db-sziv-alaku-kovel\\\/\"]}]},{\"@type\":\"ImageObject\",\"inLanguage\":\"en-US\",\"@id\":\"https:\\\/\\\/www.szexshopbelvaros.com\\\/termek\\\/glams-xchange-heart-medium-3-db-sziv-alaku-kovel\\\/#primaryimage\",\"url\":\"https:\\\/\\\/www.szexshopbelvaros.com\\\/wp-content\\\/uploads\\\/2025\\\/01\\\/69b56c7e5fa116cd62e5bfa5-scaled.png\",\"contentUrl\":\"https:\\\/\\\/www.szexshopbelvaros.com\\\/wp-content\\\/uploads\\\/2025\\\/01\\\/69b56c7e5fa116cd62e5bfa5-scaled.png\",\"width\":2560,\"height\":1440},{\"@type\":\"BreadcrumbList\",\"@id\":\"https:\\\/\\\/www.szexshopbelvaros.com\\\/termek\\\/glams-xchange-heart-medium-3-db-sziv-alaku-kovel\\\/#breadcrumb\",\"itemListElement\":[{\"@type\":\"ListItem\",\"position\":1,\"name\":\"Home\",\"item\":\"https:\\\/\\\/www.szexshopbelvaros.com\\\/\"},{\"@type\":\"ListItem\",\"position\":2,\"name\":\"\u00c1ruh\u00e1z\",\"item\":\"https:\\\/\\\/www.szexshopbelvaros.com\\\/uzlet\\\/\"},{\"@type\":\"ListItem\",\"position\":3,\"name\":\"Glams Xchange M \u2013 A fekete dug\u00f3, amihez h\u00e1rom sz\u00edve van, de mindet a fenekednek adja\"}]},{\"@type\":\"WebSite\",\"@id\":\"https:\\\/\\\/www.szexshopbelvaros.com\\\/#website\",\"url\":\"https:\\\/\\\/www.szexshopbelvaros.com\\\/\",\"name\":\"Szexshop Belv\u00e1ros\",\"description\":\"\ud83d\udd25 A szex olyan, mint a p\u00e9nz; csak a t\u00fal sok el\u00e9g!\u2122 Titkok a belv\u00e1rosb\u00f3l \ud83d\udc8b | Secrets from Budapest \ud83d\udc8e Feln\u0151tt j\u00e1t\u00e9kok \u2022 Erotika \u2022 Szexshop Belvaros\",\"publisher\":{\"@id\":\"https:\\\/\\\/www.szexshopbelvaros.com\\\/#organization\"},\"potentialAction\":[{\"@type\":\"SearchAction\",\"target\":{\"@type\":\"EntryPoint\",\"urlTemplate\":\"https:\\\/\\\/www.szexshopbelvaros.com\\\/?s={search_term_string}\"},\"query-input\":{\"@type\":\"PropertyValueSpecification\",\"valueRequired\":true,\"valueName\":\"search_term_string\"}}],\"inLanguage\":\"en-US\"},{\"@type\":\"Organization\",\"@id\":\"https:\\\/\\\/www.szexshopbelvaros.com\\\/#organization\",\"name\":\"Szexshop Belv\u00e1ros\",\"alternateName\":\"szexshopbelvaros.com\",\"url\":\"https:\\\/\\\/www.szexshopbelvaros.com\\\/\",\"logo\":{\"@type\":\"ImageObject\",\"inLanguage\":\"en-US\",\"@id\":\"https:\\\/\\\/www.szexshopbelvaros.com\\\/#\\\/schema\\\/logo\\\/image\\\/\",\"url\":\"https:\\\/\\\/www.szexshopbelvaros.com\\\/wp-content\\\/uploads\\\/2025\\\/09\\\/1Szexshopbelvaroslogo_blurred_stronger.jpg\",\"contentUrl\":\"https:\\\/\\\/www.szexshopbelvaros.com\\\/wp-content\\\/uploads\\\/2025\\\/09\\\/1Szexshopbelvaroslogo_blurred_stronger.jpg\",\"width\":1024,\"height\":1024,\"caption\":\"Szexshop Belv\u00e1ros\"},\"image\":{\"@id\":\"https:\\\/\\\/www.szexshopbelvaros.com\\\/#\\\/schema\\\/logo\\\/image\\\/\"},\"sameAs\":[\"https:\\\/\\\/www.facebook.com\\\/belvarossecrets\\\/\",\"https:\\\/\\\/x.com\\\/belvarossecrets\",\"https:\\\/\\\/www.instagram.com\\\/belvarossecrets\\\/\",\"https:\\\/\\\/www.tiktok.com\\\/@belvarossecrets\"]}]}<\/script>\n<!-- \/ Yoast SEO plugin. -->","yoast_head_json":{"title":"Glams Xchange M \u2013 The black plug that has three hearts, but gives them all to your butt - Szexshop Belvaros","robots":{"index":"index","follow":"follow","max-snippet":"max-snippet:-1","max-image-preview":"max-image-preview:large","max-video-preview":"max-video-preview:-1"},"canonical":"https:\/\/www.szexshopbelvaros.com\/en\/product\/glams-xchange-heart-medium-3-db-sziv-alaku-kovel\/","og_locale":"en_US","og_type":"article","og_title":"Glams Xchange M \u2013 A fekete dug\u00f3, amihez h\u00e1rom sz\u00edve van, de mindet a fenekednek adja - Szexshop Belvaros","og_description":"Ez a 8,1 centis hossz\u00fa, 3,5 cm \u00e1tm\u00e9r\u0151j\u0171, v\u00edz\u00e1ll\u00f3 szilikon fen\u00e9kdug\u00f3 nem csak sima \u00e9s cs\u00fasz\u00f3s, hanem igazi st\u00edlusikon \u2014 a fekete testet h\u00e1rom k\u00fcl\u00f6nb\u00f6z\u0151 sz\u00edn\u0171, cser\u00e9lhet\u0151 sz\u00edv alak\u00fa dr\u00e1gak\u0151 d\u00edsz\u00edti, \u00edgy minden alkalomra v\u00e1laszthatsz egy \u00faj f\u00e9ny\u0171 szerelmet a fenekednek. Ez a csillog\u00f3, sz\u00edv alak\u00fa an\u00e1l t\u00e1g\u00edt\u00f3 klasszikus forma, b\u0151rbar\u00e1t ABS \u00e9s szilikon kombin\u00e1ci\u00f3j\u00e1val [...]","og_url":"https:\/\/www.szexshopbelvaros.com\/en\/product\/glams-xchange-heart-medium-3-db-sziv-alaku-kovel\/","og_site_name":"Szexshop Belvaros","article_publisher":"https:\/\/www.facebook.com\/belvarossecrets\/","article_modified_time":"2026-04-10T13:55:51+00:00","og_image":[{"width":2560,"height":1440,"url":"https:\/\/www.szexshopbelvaros.com\/wp-content\/uploads\/2025\/01\/69b56c7e5fa116cd62e5bfa5-scaled.png","type":"image\/png"}],"twitter_card":"summary_large_image","twitter_site":"@belvarossecrets","twitter_misc":{"Est. reading time":"1 minute"},"schema":{"@context":"https:\/\/schema.org","@graph":[{"@type":"WebPage","@id":"https:\/\/www.szexshopbelvaros.com\/termek\/glams-xchange-heart-medium-3-db-sziv-alaku-kovel\/","url":"https:\/\/www.szexshopbelvaros.com\/termek\/glams-xchange-heart-medium-3-db-sziv-alaku-kovel\/","name":"Glams Xchange M \u2013 The black plug that has three hearts, but gives them all to your butt - Szexshop Belvaros","isPartOf":{"@id":"https:\/\/www.szexshopbelvaros.com\/#website"},"primaryImageOfPage":{"@id":"https:\/\/www.szexshopbelvaros.com\/termek\/glams-xchange-heart-medium-3-db-sziv-alaku-kovel\/#primaryimage"},"image":{"@id":"https:\/\/www.szexshopbelvaros.com\/termek\/glams-xchange-heart-medium-3-db-sziv-alaku-kovel\/#primaryimage"},"thumbnailUrl":"https:\/\/www.szexshopbelvaros.com\/wp-content\/uploads\/2025\/01\/69b56c7e5fa116cd62e5bfa5-scaled.png","datePublished":"2025-01-31T13:43:03+00:00","dateModified":"2026-04-10T13:55:51+00:00","breadcrumb":{"@id":"https:\/\/www.szexshopbelvaros.com\/termek\/glams-xchange-heart-medium-3-db-sziv-alaku-kovel\/#breadcrumb"},"inLanguage":"en-US","potentialAction":[{"@type":"ReadAction","target":["https:\/\/www.szexshopbelvaros.com\/termek\/glams-xchange-heart-medium-3-db-sziv-alaku-kovel\/"]}]},{"@type":"ImageObject","inLanguage":"en-US","@id":"https:\/\/www.szexshopbelvaros.com\/termek\/glams-xchange-heart-medium-3-db-sziv-alaku-kovel\/#primaryimage","url":"https:\/\/www.szexshopbelvaros.com\/wp-content\/uploads\/2025\/01\/69b56c7e5fa116cd62e5bfa5-scaled.png","contentUrl":"https:\/\/www.szexshopbelvaros.com\/wp-content\/uploads\/2025\/01\/69b56c7e5fa116cd62e5bfa5-scaled.png","width":2560,"height":1440},{"@type":"BreadcrumbList","@id":"https:\/\/www.szexshopbelvaros.com\/termek\/glams-xchange-heart-medium-3-db-sziv-alaku-kovel\/#breadcrumb","itemListElement":[{"@type":"ListItem","position":1,"name":"Home","item":"https:\/\/www.szexshopbelvaros.com\/"},{"@type":"ListItem","position":2,"name":"\u00c1ruh\u00e1z","item":"https:\/\/www.szexshopbelvaros.com\/uzlet\/"},{"@type":"ListItem","position":3,"name":"Glams Xchange M \u2013 A fekete dug\u00f3, amihez h\u00e1rom sz\u00edve van, de mindet a fenekednek adja"}]},{"@type":"WebSite","@id":"https:\/\/www.szexshopbelvaros.com\/#website","url":"https:\/\/www.szexshopbelvaros.com\/","name":"at our Szexshop Belv\u00e1ros","description":"\ud83d\udd25 Sex is like money; only too much is enough!\u2122 Secrets from the city center \ud83d\udc8b | Secrets from Budapest \ud83d\udc8e Adult games \u2022 Erotica \u2022 Sex shop Belvaros","publisher":{"@id":"https:\/\/www.szexshopbelvaros.com\/#organization"},"potentialAction":[{"@type":"SearchAction","target":{"@type":"EntryPoint","urlTemplate":"https:\/\/www.szexshopbelvaros.com\/?s={search_term_string}"},"query-input":{"@type":"PropertyValueSpecification","valueRequired":true,"valueName":"search_term_string"}}],"inLanguage":"en-US"},{"@type":"Organization","@id":"https:\/\/www.szexshopbelvaros.com\/#organization","name":"at our Szexshop Belv\u00e1ros","alternateName":"szexshopbelvaros.com","url":"https:\/\/www.szexshopbelvaros.com\/","logo":{"@type":"ImageObject","inLanguage":"en-US","@id":"https:\/\/www.szexshopbelvaros.com\/#\/schema\/logo\/image\/","url":"https:\/\/www.szexshopbelvaros.com\/wp-content\/uploads\/2025\/09\/1Szexshopbelvaroslogo_blurred_stronger.jpg","contentUrl":"https:\/\/www.szexshopbelvaros.com\/wp-content\/uploads\/2025\/09\/1Szexshopbelvaroslogo_blurred_stronger.jpg","width":1024,"height":1024,"caption":"Szexshop Belv\u00e1ros"},"image":{"@id":"https:\/\/www.szexshopbelvaros.com\/#\/schema\/logo\/image\/"},"sameAs":["https:\/\/www.facebook.com\/belvarossecrets\/","https:\/\/x.com\/belvarossecrets","https:\/\/www.instagram.com\/belvarossecrets\/","https:\/\/www.tiktok.com\/@belvarossecrets"]}]}},"_links":{"self":[{"href":"https:\/\/www.szexshopbelvaros.com\/en\/wp-json\/wp\/v2\/product\/596","targetHints":{"allow":["GET"]}}],"collection":[{"href":"https:\/\/www.szexshopbelvaros.com\/en\/wp-json\/wp\/v2\/product"}],"about":[{"href":"https:\/\/www.szexshopbelvaros.com\/en\/wp-json\/wp\/v2\/types\/product"}],"replies":[{"embeddable":true,"href":"https:\/\/www.szexshopbelvaros.com\/en\/wp-json\/wp\/v2\/comments?post=596"}],"wp:featuredmedia":[{"embeddable":true,"href":"https:\/\/www.szexshopbelvaros.com\/en\/wp-json\/wp\/v2\/media\/2751"}],"wp:attachment":[{"href":"https:\/\/www.szexshopbelvaros.com\/en\/wp-json\/wp\/v2\/media?parent=596"}],"wp:term":[{"taxonomy":"product_brand","embeddable":true,"href":"https:\/\/www.szexshopbelvaros.com\/en\/wp-json\/wp\/v2\/product_brand?post=596"},{"taxonomy":"product_cat","embeddable":true,"href":"https:\/\/www.szexshopbelvaros.com\/en\/wp-json\/wp\/v2\/product_cat?post=596"},{"taxonomy":"product_tag","embeddable":true,"href":"https:\/\/www.szexshopbelvaros.com\/en\/wp-json\/wp\/v2\/product_tag?post=596"}],"curies":[{"name":"wp","href":"https:\/\/api.w.org\/{rel}","templated":true}]}}