{"id":600,"date":"2025-01-31T14:43:03","date_gmt":"2025-01-31T13:43:03","guid":{"rendered":"https:\/\/www.szexshopbelvaros.com\/termek\/satisfyer-love-beads-black\/"},"modified":"2026-04-10T15:56:16","modified_gmt":"2026-04-10T13:56:16","slug":"satisfyer-love-beads-black","status":"publish","type":"product","link":"https:\/\/www.szexshopbelvaros.com\/en\/product\/satisfyer-love-beads-black\/","title":{"rendered":"Love Beads \u2013 Double the pleasure, double the shape, double the chance to lose control"},"content":{"rendered":"<p data-start=\"793\" data-end=\"1019\">This two-piece, waterproof, skin-friendly silicone anal set doesn&#039;t compromise \u2014 one is slimmer, the other is more shapely, and their pull rods are just as different as your desire for pleasure from one day to the next.<\/p>\n<p data-start=\"1021\" data-end=\"1324\">The 20 and 27.5 cm lengths, the variable diameter of the beads and cones (from 2 to 3.7 cm) follow the internal shape of your body as if it came with a built-in GPS. This set combining anal beads and dilators is perfect for beginners and advanced users, even during intercourse if you want to sneak something extra in.<\/p>\n<p data-start=\"1326\" data-end=\"1558\">This anal set is a sex toy for both men and women, designed for back pleasure. It glides smoothly with water-based lubricant, and with warm soapy water and an accessory cleaner, it&#039;s ready to make love to you again and again... from the inside out.<\/p>\n<p>&nbsp;<\/p>","protected":false},"excerpt":{"rendered":"<p>Ez a k\u00e9t darabb\u00f3l \u00e1ll\u00f3, v\u00edz\u00e1ll\u00f3, b\u0151rbar\u00e1t szilikon an\u00e1lszett nem finomkodik \u2014 az egyik karcs\u00fabb, a m\u00e1sik form\u00e1sabb, a h\u00faz\u00f3sz\u00e1ruk pedig pont olyan k\u00fcl\u00f6nb\u00f6z\u0151, mint ahogy te is m\u00e1shogy k\u00edv\u00e1nod a gy\u00f6ny\u00f6rt egyik nap a m\u00e1sik ut\u00e1n. A 20 \u00e9s 27,5 centis hossz, a gy\u00f6ngy\u00f6k \u00e9s k\u00fapok v\u00e1ltoz\u00f3 \u00e1tm\u00e9r\u0151je (2-t\u0151l 3,7 cm-ig) \u00fagy k\u00f6veti a [&#8230;]\n","protected":false},"featured_media":601,"comment_status":"closed","ping_status":"closed","template":"","meta":[],"product_brand":[51],"product_cat":[135,86],"product_tag":[1937,423,684,2393,417,418,676,694,1392,1393,424,1936,1885,1930,1935,1932,1381,1318,1931,698,695,1904,1806,1933,1938,1934,1929],"class_list":{"0":"post-600","1":"product","2":"type-product","3":"status-publish","4":"has-post-thumbnail","6":"product_brand-satisfyer","7":"product_cat-anal","8":"product_cat-analdugok-prosztata-masszirozok","9":"product_tag-advanced-anal-beads","10":"product_tag-anal-beads","11":"product_tag-anal-dugo","12":"product_tag-anal-dugo-szett","13":"product_tag-anal-gyongyok","14":"product_tag-anal-jatek","15":"product_tag-anal-play","16":"product_tag-anal-plug","17":"product_tag-anal-stimulacio","18":"product_tag-anal-stimulation","19":"product_tag-anal-toy","20":"product_tag-beginner-anal-beads","21":"product_tag-flexible-anal-toy","22":"product_tag-fokozatos-tagitas","23":"product_tag-graduated-anal-beads","24":"product_tag-halado-anal-gyongy","25":"product_tag-hatso-jatek","26":"product_tag-intimate-toy","27":"product_tag-kezdo-anal-gyongy","28":"product_tag-p-spot-toy","29":"product_tag-prostate-massager","30":"product_tag-prosztata-masszirozo","31":"product_tag-rugalmas-anal-jatek","32":"product_tag-satisfyer-anal-jatek","33":"product_tag-satisfyer-anal-toy","34":"product_tag-silicone-anal-beads","35":"product_tag-szilikon-anal-gyongy","37":"first","38":"outofstock","39":"taxable","40":"shipping-taxable","41":"purchasable","42":"product-type-simple"},"yoast_head":"<!-- This site is optimized with the Yoast SEO plugin v27.4 - https:\/\/yoast.com\/product\/yoast-seo-wordpress\/ -->\n<title>Love Beads \u2013 Dupla \u00f6r\u00f6m, dupla forma, dupla es\u00e9ly, hogy elvesz\u00edtsd az \u00f6nuralmad - Szexshop Belvaros<\/title>\n<meta name=\"robots\" content=\"index, follow, max-snippet:-1, max-image-preview:large, max-video-preview:-1\" \/>\n<link rel=\"canonical\" href=\"https:\/\/www.szexshopbelvaros.com\/en\/product\/satisfyer-love-beads-black\/\" \/>\n<meta property=\"og:locale\" content=\"en_US\" \/>\n<meta property=\"og:type\" content=\"article\" \/>\n<meta property=\"og:title\" content=\"Love Beads \u2013 Dupla \u00f6r\u00f6m, dupla forma, dupla es\u00e9ly, hogy elvesz\u00edtsd az \u00f6nuralmad - Szexshop Belvaros\" \/>\n<meta property=\"og:description\" content=\"Ez a k\u00e9t darabb\u00f3l \u00e1ll\u00f3, v\u00edz\u00e1ll\u00f3, b\u0151rbar\u00e1t szilikon an\u00e1lszett nem finomkodik \u2014 az egyik karcs\u00fabb, a m\u00e1sik form\u00e1sabb, a h\u00faz\u00f3sz\u00e1ruk pedig pont olyan k\u00fcl\u00f6nb\u00f6z\u0151, mint ahogy te is m\u00e1shogy k\u00edv\u00e1nod a gy\u00f6ny\u00f6rt egyik nap a m\u00e1sik ut\u00e1n. A 20 \u00e9s 27,5 centis hossz, a gy\u00f6ngy\u00f6k \u00e9s k\u00fapok v\u00e1ltoz\u00f3 \u00e1tm\u00e9r\u0151je (2-t\u0151l 3,7 cm-ig) \u00fagy k\u00f6veti a [...]\" \/>\n<meta property=\"og:url\" content=\"https:\/\/www.szexshopbelvaros.com\/en\/product\/satisfyer-love-beads-black\/\" \/>\n<meta property=\"og:site_name\" content=\"Szexshop Belvaros\" \/>\n<meta property=\"article:publisher\" content=\"https:\/\/www.facebook.com\/belvarossecrets\/\" \/>\n<meta property=\"article:modified_time\" content=\"2026-04-10T13:56:16+00:00\" \/>\n<meta property=\"og:image\" content=\"https:\/\/www.szexshopbelvaros.com\/wp-content\/uploads\/2025\/01\/6eb41382-459e-11ee-bd01-dec875dab892_satisfyer_beads_set_of_2_black__1_.jpg\" \/>\n\t<meta property=\"og:image:width\" content=\"1000\" \/>\n\t<meta property=\"og:image:height\" content=\"563\" \/>\n\t<meta property=\"og:image:type\" content=\"image\/jpeg\" \/>\n<meta name=\"twitter:card\" content=\"summary_large_image\" \/>\n<meta name=\"twitter:site\" content=\"@belvarossecrets\" \/>\n<meta name=\"twitter:label1\" content=\"Est. reading time\" \/>\n\t<meta name=\"twitter:data1\" content=\"1 minute\" \/>\n<script type=\"application\/ld+json\" class=\"yoast-schema-graph\">{\"@context\":\"https:\\\/\\\/schema.org\",\"@graph\":[{\"@type\":\"WebPage\",\"@id\":\"https:\\\/\\\/www.szexshopbelvaros.com\\\/termek\\\/satisfyer-love-beads-black\\\/\",\"url\":\"https:\\\/\\\/www.szexshopbelvaros.com\\\/termek\\\/satisfyer-love-beads-black\\\/\",\"name\":\"Love Beads \u2013 Dupla \u00f6r\u00f6m, dupla forma, dupla es\u00e9ly, hogy elvesz\u00edtsd az \u00f6nuralmad - Szexshop Belvaros\",\"isPartOf\":{\"@id\":\"https:\\\/\\\/www.szexshopbelvaros.com\\\/#website\"},\"primaryImageOfPage\":{\"@id\":\"https:\\\/\\\/www.szexshopbelvaros.com\\\/termek\\\/satisfyer-love-beads-black\\\/#primaryimage\"},\"image\":{\"@id\":\"https:\\\/\\\/www.szexshopbelvaros.com\\\/termek\\\/satisfyer-love-beads-black\\\/#primaryimage\"},\"thumbnailUrl\":\"https:\\\/\\\/www.szexshopbelvaros.com\\\/wp-content\\\/uploads\\\/2025\\\/01\\\/6eb41382-459e-11ee-bd01-dec875dab892_satisfyer_beads_set_of_2_black__1_.jpg\",\"datePublished\":\"2025-01-31T13:43:03+00:00\",\"dateModified\":\"2026-04-10T13:56:16+00:00\",\"breadcrumb\":{\"@id\":\"https:\\\/\\\/www.szexshopbelvaros.com\\\/termek\\\/satisfyer-love-beads-black\\\/#breadcrumb\"},\"inLanguage\":\"en-US\",\"potentialAction\":[{\"@type\":\"ReadAction\",\"target\":[\"https:\\\/\\\/www.szexshopbelvaros.com\\\/termek\\\/satisfyer-love-beads-black\\\/\"]}]},{\"@type\":\"ImageObject\",\"inLanguage\":\"en-US\",\"@id\":\"https:\\\/\\\/www.szexshopbelvaros.com\\\/termek\\\/satisfyer-love-beads-black\\\/#primaryimage\",\"url\":\"https:\\\/\\\/www.szexshopbelvaros.com\\\/wp-content\\\/uploads\\\/2025\\\/01\\\/6eb41382-459e-11ee-bd01-dec875dab892_satisfyer_beads_set_of_2_black__1_.jpg\",\"contentUrl\":\"https:\\\/\\\/www.szexshopbelvaros.com\\\/wp-content\\\/uploads\\\/2025\\\/01\\\/6eb41382-459e-11ee-bd01-dec875dab892_satisfyer_beads_set_of_2_black__1_.jpg\",\"width\":1000,\"height\":563},{\"@type\":\"BreadcrumbList\",\"@id\":\"https:\\\/\\\/www.szexshopbelvaros.com\\\/termek\\\/satisfyer-love-beads-black\\\/#breadcrumb\",\"itemListElement\":[{\"@type\":\"ListItem\",\"position\":1,\"name\":\"Home\",\"item\":\"https:\\\/\\\/www.szexshopbelvaros.com\\\/\"},{\"@type\":\"ListItem\",\"position\":2,\"name\":\"\u00c1ruh\u00e1z\",\"item\":\"https:\\\/\\\/www.szexshopbelvaros.com\\\/uzlet\\\/\"},{\"@type\":\"ListItem\",\"position\":3,\"name\":\"Love Beads \u2013 Dupla \u00f6r\u00f6m, dupla forma, dupla es\u00e9ly, hogy elvesz\u00edtsd az \u00f6nuralmad\"}]},{\"@type\":\"WebSite\",\"@id\":\"https:\\\/\\\/www.szexshopbelvaros.com\\\/#website\",\"url\":\"https:\\\/\\\/www.szexshopbelvaros.com\\\/\",\"name\":\"Szexshop Belv\u00e1ros\",\"description\":\"\ud83d\udd25 A szex olyan, mint a p\u00e9nz; csak a t\u00fal sok el\u00e9g!\u2122 Titkok a belv\u00e1rosb\u00f3l \ud83d\udc8b | Secrets from Budapest \ud83d\udc8e Feln\u0151tt j\u00e1t\u00e9kok \u2022 Erotika \u2022 Szexshop Belvaros\",\"publisher\":{\"@id\":\"https:\\\/\\\/www.szexshopbelvaros.com\\\/#organization\"},\"potentialAction\":[{\"@type\":\"SearchAction\",\"target\":{\"@type\":\"EntryPoint\",\"urlTemplate\":\"https:\\\/\\\/www.szexshopbelvaros.com\\\/?s={search_term_string}\"},\"query-input\":{\"@type\":\"PropertyValueSpecification\",\"valueRequired\":true,\"valueName\":\"search_term_string\"}}],\"inLanguage\":\"en-US\"},{\"@type\":\"Organization\",\"@id\":\"https:\\\/\\\/www.szexshopbelvaros.com\\\/#organization\",\"name\":\"Szexshop Belv\u00e1ros\",\"alternateName\":\"szexshopbelvaros.com\",\"url\":\"https:\\\/\\\/www.szexshopbelvaros.com\\\/\",\"logo\":{\"@type\":\"ImageObject\",\"inLanguage\":\"en-US\",\"@id\":\"https:\\\/\\\/www.szexshopbelvaros.com\\\/#\\\/schema\\\/logo\\\/image\\\/\",\"url\":\"https:\\\/\\\/www.szexshopbelvaros.com\\\/wp-content\\\/uploads\\\/2025\\\/09\\\/1Szexshopbelvaroslogo_blurred_stronger.jpg\",\"contentUrl\":\"https:\\\/\\\/www.szexshopbelvaros.com\\\/wp-content\\\/uploads\\\/2025\\\/09\\\/1Szexshopbelvaroslogo_blurred_stronger.jpg\",\"width\":1024,\"height\":1024,\"caption\":\"Szexshop Belv\u00e1ros\"},\"image\":{\"@id\":\"https:\\\/\\\/www.szexshopbelvaros.com\\\/#\\\/schema\\\/logo\\\/image\\\/\"},\"sameAs\":[\"https:\\\/\\\/www.facebook.com\\\/belvarossecrets\\\/\",\"https:\\\/\\\/x.com\\\/belvarossecrets\",\"https:\\\/\\\/www.instagram.com\\\/belvarossecrets\\\/\",\"https:\\\/\\\/www.tiktok.com\\\/@belvarossecrets\"]}]}<\/script>\n<!-- \/ Yoast SEO plugin. -->","yoast_head_json":{"title":"Love Beads \u2013 Double the pleasure, double the shape, double the chance to lose your temper - Szexshop Belvaros","robots":{"index":"index","follow":"follow","max-snippet":"max-snippet:-1","max-image-preview":"max-image-preview:large","max-video-preview":"max-video-preview:-1"},"canonical":"https:\/\/www.szexshopbelvaros.com\/en\/product\/satisfyer-love-beads-black\/","og_locale":"en_US","og_type":"article","og_title":"Love Beads \u2013 Dupla \u00f6r\u00f6m, dupla forma, dupla es\u00e9ly, hogy elvesz\u00edtsd az \u00f6nuralmad - Szexshop Belvaros","og_description":"Ez a k\u00e9t darabb\u00f3l \u00e1ll\u00f3, v\u00edz\u00e1ll\u00f3, b\u0151rbar\u00e1t szilikon an\u00e1lszett nem finomkodik \u2014 az egyik karcs\u00fabb, a m\u00e1sik form\u00e1sabb, a h\u00faz\u00f3sz\u00e1ruk pedig pont olyan k\u00fcl\u00f6nb\u00f6z\u0151, mint ahogy te is m\u00e1shogy k\u00edv\u00e1nod a gy\u00f6ny\u00f6rt egyik nap a m\u00e1sik ut\u00e1n. A 20 \u00e9s 27,5 centis hossz, a gy\u00f6ngy\u00f6k \u00e9s k\u00fapok v\u00e1ltoz\u00f3 \u00e1tm\u00e9r\u0151je (2-t\u0151l 3,7 cm-ig) \u00fagy k\u00f6veti a [...]","og_url":"https:\/\/www.szexshopbelvaros.com\/en\/product\/satisfyer-love-beads-black\/","og_site_name":"Szexshop Belvaros","article_publisher":"https:\/\/www.facebook.com\/belvarossecrets\/","article_modified_time":"2026-04-10T13:56:16+00:00","og_image":[{"width":1000,"height":563,"url":"https:\/\/www.szexshopbelvaros.com\/wp-content\/uploads\/2025\/01\/6eb41382-459e-11ee-bd01-dec875dab892_satisfyer_beads_set_of_2_black__1_.jpg","type":"image\/jpeg"}],"twitter_card":"summary_large_image","twitter_site":"@belvarossecrets","twitter_misc":{"Est. reading time":"1 minute"},"schema":{"@context":"https:\/\/schema.org","@graph":[{"@type":"WebPage","@id":"https:\/\/www.szexshopbelvaros.com\/termek\/satisfyer-love-beads-black\/","url":"https:\/\/www.szexshopbelvaros.com\/termek\/satisfyer-love-beads-black\/","name":"Love Beads \u2013 Double the pleasure, double the shape, double the chance to lose your temper - Szexshop Belvaros","isPartOf":{"@id":"https:\/\/www.szexshopbelvaros.com\/#website"},"primaryImageOfPage":{"@id":"https:\/\/www.szexshopbelvaros.com\/termek\/satisfyer-love-beads-black\/#primaryimage"},"image":{"@id":"https:\/\/www.szexshopbelvaros.com\/termek\/satisfyer-love-beads-black\/#primaryimage"},"thumbnailUrl":"https:\/\/www.szexshopbelvaros.com\/wp-content\/uploads\/2025\/01\/6eb41382-459e-11ee-bd01-dec875dab892_satisfyer_beads_set_of_2_black__1_.jpg","datePublished":"2025-01-31T13:43:03+00:00","dateModified":"2026-04-10T13:56:16+00:00","breadcrumb":{"@id":"https:\/\/www.szexshopbelvaros.com\/termek\/satisfyer-love-beads-black\/#breadcrumb"},"inLanguage":"en-US","potentialAction":[{"@type":"ReadAction","target":["https:\/\/www.szexshopbelvaros.com\/termek\/satisfyer-love-beads-black\/"]}]},{"@type":"ImageObject","inLanguage":"en-US","@id":"https:\/\/www.szexshopbelvaros.com\/termek\/satisfyer-love-beads-black\/#primaryimage","url":"https:\/\/www.szexshopbelvaros.com\/wp-content\/uploads\/2025\/01\/6eb41382-459e-11ee-bd01-dec875dab892_satisfyer_beads_set_of_2_black__1_.jpg","contentUrl":"https:\/\/www.szexshopbelvaros.com\/wp-content\/uploads\/2025\/01\/6eb41382-459e-11ee-bd01-dec875dab892_satisfyer_beads_set_of_2_black__1_.jpg","width":1000,"height":563},{"@type":"BreadcrumbList","@id":"https:\/\/www.szexshopbelvaros.com\/termek\/satisfyer-love-beads-black\/#breadcrumb","itemListElement":[{"@type":"ListItem","position":1,"name":"Home","item":"https:\/\/www.szexshopbelvaros.com\/"},{"@type":"ListItem","position":2,"name":"\u00c1ruh\u00e1z","item":"https:\/\/www.szexshopbelvaros.com\/uzlet\/"},{"@type":"ListItem","position":3,"name":"Love Beads \u2013 Dupla \u00f6r\u00f6m, dupla forma, dupla es\u00e9ly, hogy elvesz\u00edtsd az \u00f6nuralmad"}]},{"@type":"WebSite","@id":"https:\/\/www.szexshopbelvaros.com\/#website","url":"https:\/\/www.szexshopbelvaros.com\/","name":"at our Szexshop Belv\u00e1ros","description":"\ud83d\udd25 Sex is like money; only too much is enough!\u2122 Secrets from the city center \ud83d\udc8b | Secrets from Budapest \ud83d\udc8e Adult games \u2022 Erotica \u2022 Sex shop Belvaros","publisher":{"@id":"https:\/\/www.szexshopbelvaros.com\/#organization"},"potentialAction":[{"@type":"SearchAction","target":{"@type":"EntryPoint","urlTemplate":"https:\/\/www.szexshopbelvaros.com\/?s={search_term_string}"},"query-input":{"@type":"PropertyValueSpecification","valueRequired":true,"valueName":"search_term_string"}}],"inLanguage":"en-US"},{"@type":"Organization","@id":"https:\/\/www.szexshopbelvaros.com\/#organization","name":"at our Szexshop Belv\u00e1ros","alternateName":"szexshopbelvaros.com","url":"https:\/\/www.szexshopbelvaros.com\/","logo":{"@type":"ImageObject","inLanguage":"en-US","@id":"https:\/\/www.szexshopbelvaros.com\/#\/schema\/logo\/image\/","url":"https:\/\/www.szexshopbelvaros.com\/wp-content\/uploads\/2025\/09\/1Szexshopbelvaroslogo_blurred_stronger.jpg","contentUrl":"https:\/\/www.szexshopbelvaros.com\/wp-content\/uploads\/2025\/09\/1Szexshopbelvaroslogo_blurred_stronger.jpg","width":1024,"height":1024,"caption":"Szexshop Belv\u00e1ros"},"image":{"@id":"https:\/\/www.szexshopbelvaros.com\/#\/schema\/logo\/image\/"},"sameAs":["https:\/\/www.facebook.com\/belvarossecrets\/","https:\/\/x.com\/belvarossecrets","https:\/\/www.instagram.com\/belvarossecrets\/","https:\/\/www.tiktok.com\/@belvarossecrets"]}]}},"_links":{"self":[{"href":"https:\/\/www.szexshopbelvaros.com\/en\/wp-json\/wp\/v2\/product\/600","targetHints":{"allow":["GET"]}}],"collection":[{"href":"https:\/\/www.szexshopbelvaros.com\/en\/wp-json\/wp\/v2\/product"}],"about":[{"href":"https:\/\/www.szexshopbelvaros.com\/en\/wp-json\/wp\/v2\/types\/product"}],"replies":[{"embeddable":true,"href":"https:\/\/www.szexshopbelvaros.com\/en\/wp-json\/wp\/v2\/comments?post=600"}],"wp:featuredmedia":[{"embeddable":true,"href":"https:\/\/www.szexshopbelvaros.com\/en\/wp-json\/wp\/v2\/media\/601"}],"wp:attachment":[{"href":"https:\/\/www.szexshopbelvaros.com\/en\/wp-json\/wp\/v2\/media?parent=600"}],"wp:term":[{"taxonomy":"product_brand","embeddable":true,"href":"https:\/\/www.szexshopbelvaros.com\/en\/wp-json\/wp\/v2\/product_brand?post=600"},{"taxonomy":"product_cat","embeddable":true,"href":"https:\/\/www.szexshopbelvaros.com\/en\/wp-json\/wp\/v2\/product_cat?post=600"},{"taxonomy":"product_tag","embeddable":true,"href":"https:\/\/www.szexshopbelvaros.com\/en\/wp-json\/wp\/v2\/product_tag?post=600"}],"curies":[{"name":"wp","href":"https:\/\/api.w.org\/{rel}","templated":true}]}}