{"id":604,"date":"2025-01-31T14:43:03","date_gmt":"2025-01-31T13:43:03","guid":{"rendered":"https:\/\/www.szexshopbelvaros.com\/termek\/black-mont-12-szilikon-analsor-31-cm-playful-beads\/"},"modified":"2026-04-10T15:57:05","modified_gmt":"2026-04-10T13:57:05","slug":"black-mont-12-szilikon-analsor-31-cm-playful-beads","status":"publish","type":"product","link":"https:\/\/www.szexshopbelvaros.com\/en\/product\/black-mont-12-szilikon-analsor-31-cm-playful-beads\/","title":{"rendered":"Black Mont Playful Beads \u2013 10 beads, 36 centimeters, and only one question: do you really dare to push it in?"},"content":{"rendered":"<p data-pm-slice=\"1 1 []\">This 14.5-inch-long, medical-grade silicone black anal bead comes with ten different sized balls (from 0.9 to 2.7 cm) and glides over your body as if it had personally mapped your inner self. It&#039;s flexible, waterproof, unisex, and can be used during sex \u2014 because if something is this playful, it&#039;d be a shame to just enjoy it alone.<\/p>\n<p>This anal dilator is not only for your sphincter muscles, but also for those who like a sex toy that truly follows the inner shape of the body. The Black Mont is a true sphincter dilator artist, gradually progressing from ball to ball, discovering a new pleasure zone with each step.<\/p>\n<p>With water-based lubricant, it&#039;s as slippery as a bad idea on a Saturday morning, and you&#039;ll also find a dose of it and a cleanser in the package so that even the excuses slip away.<\/p>\n<p>Just a little soapy water and tool cleaner before and after use, and you&#039;re ready to start again... the deadly flirtation from bullet to bullet.<\/p>","protected":false},"excerpt":{"rendered":"<p>Ez a 36,5 centis hossz\u00fas\u00e1g\u00fa, orvosi szilikonb\u00f3l k\u00e9sz\u00fclt fekete an\u00e1lgy\u00f6ngysor t\u00edz k\u00fcl\u00f6nb\u00f6z\u0151 m\u00e9ret\u0171 goly\u00f3val t\u00e1mad (0,9-t\u0151l 2,7 cm-ig), \u00e9s \u00fagy simul v\u00e9gig a testeden, mintha szem\u00e9lyesen rajzolta volna meg a bels\u0151 t\u00e9rk\u00e9ped. Rugalmas, v\u00edz\u00e1ll\u00f3, uniszex, \u00e9s aktus k\u00f6zben is sim\u00e1n bevethet\u0151 \u2014 mert ha valami ennyire j\u00e1t\u00e9kos, k\u00e1r lenne csak egyed\u00fcl \u00e9lvezni. Ez az an\u00e1l [&#8230;]\n","protected":false},"featured_media":1627,"comment_status":"closed","ping_status":"closed","template":"","meta":[],"product_brand":[67],"product_cat":[135,86],"product_tag":[1810,1809,684,1949,418,676,694,1392,1393,424,2394,1962,1956,836,1954,1961,1805,1381,1952,1318,1959,1955,698,695,1904,1960,1953],"class_list":{"0":"post-604","1":"product","2":"type-product","3":"status-publish","4":"has-post-thumbnail","6":"product_brand-chisa-novelties","7":"product_cat-anal","8":"product_cat-analdugok-prosztata-masszirozok","9":"product_tag-advanced-anal-toy","10":"product_tag-anal-bead-chain","11":"product_tag-anal-dugo","12":"product_tag-anal-gyongylanc","13":"product_tag-anal-jatek","14":"product_tag-anal-play","15":"product_tag-anal-plug","16":"product_tag-anal-stimulacio","17":"product_tag-anal-stimulation","18":"product_tag-anal-toy","19":"product_tag-analis-golyok","20":"product_tag-deep-anal-stimulation","21":"product_tag-erotikus-gyongylanc","22":"product_tag-flexible-anal-beads","23":"product_tag-fokozatos-meretezes","24":"product_tag-graduated-beads","25":"product_tag-halado-anal-jatek","26":"product_tag-hatso-jatek","27":"product_tag-hosszu-anal-gyongy","28":"product_tag-intimate-toy","29":"product_tag-long-anal-beads","30":"product_tag-mely-anal-stimulacio","31":"product_tag-p-spot-toy","32":"product_tag-prostate-massager","33":"product_tag-prosztata-masszirozo","34":"product_tag-silicone-bead-chain","35":"product_tag-szilikon-gyongysor","37":"first","38":"instock","39":"taxable","40":"shipping-taxable","41":"purchasable","42":"product-type-simple"},"yoast_head":"<!-- This site is optimized with the Yoast SEO plugin v27.4 - https:\/\/yoast.com\/product\/yoast-seo-wordpress\/ -->\n<title>Black Mont Playful Beads \u2013 10 goly\u00f3, 36 centi, \u00e9s egyetlen k\u00e9rd\u00e9s: t\u00e9nyleg be mered tolni? - Szexshop Belvaros<\/title>\n<meta name=\"robots\" content=\"index, follow, max-snippet:-1, max-image-preview:large, max-video-preview:-1\" \/>\n<link rel=\"canonical\" href=\"https:\/\/www.szexshopbelvaros.com\/en\/product\/black-mont-12-szilikon-analsor-31-cm-playful-beads\/\" \/>\n<meta property=\"og:locale\" content=\"en_US\" \/>\n<meta property=\"og:type\" content=\"article\" \/>\n<meta property=\"og:title\" content=\"Black Mont Playful Beads \u2013 10 goly\u00f3, 36 centi, \u00e9s egyetlen k\u00e9rd\u00e9s: t\u00e9nyleg be mered tolni? - Szexshop Belvaros\" \/>\n<meta property=\"og:description\" content=\"Ez a 36,5 centis hossz\u00fas\u00e1g\u00fa, orvosi szilikonb\u00f3l k\u00e9sz\u00fclt fekete an\u00e1lgy\u00f6ngysor t\u00edz k\u00fcl\u00f6nb\u00f6z\u0151 m\u00e9ret\u0171 goly\u00f3val t\u00e1mad (0,9-t\u0151l 2,7 cm-ig), \u00e9s \u00fagy simul v\u00e9gig a testeden, mintha szem\u00e9lyesen rajzolta volna meg a bels\u0151 t\u00e9rk\u00e9ped. Rugalmas, v\u00edz\u00e1ll\u00f3, uniszex, \u00e9s aktus k\u00f6zben is sim\u00e1n bevethet\u0151 \u2014 mert ha valami ennyire j\u00e1t\u00e9kos, k\u00e1r lenne csak egyed\u00fcl \u00e9lvezni. Ez az an\u00e1l [...]\" \/>\n<meta property=\"og:url\" content=\"https:\/\/www.szexshopbelvaros.com\/en\/product\/black-mont-12-szilikon-analsor-31-cm-playful-beads\/\" \/>\n<meta property=\"og:site_name\" content=\"Szexshop Belvaros\" \/>\n<meta property=\"article:publisher\" content=\"https:\/\/www.facebook.com\/belvarossecrets\/\" \/>\n<meta property=\"article:modified_time\" content=\"2026-04-10T13:57:05+00:00\" \/>\n<meta name=\"twitter:card\" content=\"summary_large_image\" \/>\n<meta name=\"twitter:site\" content=\"@belvarossecrets\" \/>\n<meta name=\"twitter:label1\" content=\"Est. reading time\" \/>\n\t<meta name=\"twitter:data1\" content=\"1 minute\" \/>\n<script type=\"application\/ld+json\" class=\"yoast-schema-graph\">{\"@context\":\"https:\\\/\\\/schema.org\",\"@graph\":[{\"@type\":\"WebPage\",\"@id\":\"https:\\\/\\\/www.szexshopbelvaros.com\\\/termek\\\/black-mont-12-szilikon-analsor-31-cm-playful-beads\\\/\",\"url\":\"https:\\\/\\\/www.szexshopbelvaros.com\\\/termek\\\/black-mont-12-szilikon-analsor-31-cm-playful-beads\\\/\",\"name\":\"Black Mont Playful Beads \u2013 10 goly\u00f3, 36 centi, \u00e9s egyetlen k\u00e9rd\u00e9s: t\u00e9nyleg be mered tolni? - Szexshop Belvaros\",\"isPartOf\":{\"@id\":\"https:\\\/\\\/www.szexshopbelvaros.com\\\/#website\"},\"primaryImageOfPage\":{\"@id\":\"https:\\\/\\\/www.szexshopbelvaros.com\\\/termek\\\/black-mont-12-szilikon-analsor-31-cm-playful-beads\\\/#primaryimage\"},\"image\":{\"@id\":\"https:\\\/\\\/www.szexshopbelvaros.com\\\/termek\\\/black-mont-12-szilikon-analsor-31-cm-playful-beads\\\/#primaryimage\"},\"thumbnailUrl\":\"https:\\\/\\\/www.szexshopbelvaros.com\\\/wp-content\\\/uploads\\\/2025\\\/01\\\/680642b889cb3aafde997502.avif\",\"datePublished\":\"2025-01-31T13:43:03+00:00\",\"dateModified\":\"2026-04-10T13:57:05+00:00\",\"breadcrumb\":{\"@id\":\"https:\\\/\\\/www.szexshopbelvaros.com\\\/termek\\\/black-mont-12-szilikon-analsor-31-cm-playful-beads\\\/#breadcrumb\"},\"inLanguage\":\"en-US\",\"potentialAction\":[{\"@type\":\"ReadAction\",\"target\":[\"https:\\\/\\\/www.szexshopbelvaros.com\\\/termek\\\/black-mont-12-szilikon-analsor-31-cm-playful-beads\\\/\"]}]},{\"@type\":\"ImageObject\",\"inLanguage\":\"en-US\",\"@id\":\"https:\\\/\\\/www.szexshopbelvaros.com\\\/termek\\\/black-mont-12-szilikon-analsor-31-cm-playful-beads\\\/#primaryimage\",\"url\":\"https:\\\/\\\/www.szexshopbelvaros.com\\\/wp-content\\\/uploads\\\/2025\\\/01\\\/680642b889cb3aafde997502.avif\",\"contentUrl\":\"https:\\\/\\\/www.szexshopbelvaros.com\\\/wp-content\\\/uploads\\\/2025\\\/01\\\/680642b889cb3aafde997502.avif\",\"width\":1200,\"height\":675},{\"@type\":\"BreadcrumbList\",\"@id\":\"https:\\\/\\\/www.szexshopbelvaros.com\\\/termek\\\/black-mont-12-szilikon-analsor-31-cm-playful-beads\\\/#breadcrumb\",\"itemListElement\":[{\"@type\":\"ListItem\",\"position\":1,\"name\":\"Home\",\"item\":\"https:\\\/\\\/www.szexshopbelvaros.com\\\/\"},{\"@type\":\"ListItem\",\"position\":2,\"name\":\"\u00c1ruh\u00e1z\",\"item\":\"https:\\\/\\\/www.szexshopbelvaros.com\\\/uzlet\\\/\"},{\"@type\":\"ListItem\",\"position\":3,\"name\":\"Black Mont Playful Beads \u2013 10 goly\u00f3, 36 centi, \u00e9s egyetlen k\u00e9rd\u00e9s: t\u00e9nyleg be mered tolni?\"}]},{\"@type\":\"WebSite\",\"@id\":\"https:\\\/\\\/www.szexshopbelvaros.com\\\/#website\",\"url\":\"https:\\\/\\\/www.szexshopbelvaros.com\\\/\",\"name\":\"Szexshop Belv\u00e1ros\",\"description\":\"\ud83d\udd25 A szex olyan, mint a p\u00e9nz; csak a t\u00fal sok el\u00e9g!\u2122 Titkok a belv\u00e1rosb\u00f3l \ud83d\udc8b | Secrets from Budapest \ud83d\udc8e Feln\u0151tt j\u00e1t\u00e9kok \u2022 Erotika \u2022 Szexshop Belvaros\",\"publisher\":{\"@id\":\"https:\\\/\\\/www.szexshopbelvaros.com\\\/#organization\"},\"potentialAction\":[{\"@type\":\"SearchAction\",\"target\":{\"@type\":\"EntryPoint\",\"urlTemplate\":\"https:\\\/\\\/www.szexshopbelvaros.com\\\/?s={search_term_string}\"},\"query-input\":{\"@type\":\"PropertyValueSpecification\",\"valueRequired\":true,\"valueName\":\"search_term_string\"}}],\"inLanguage\":\"en-US\"},{\"@type\":\"Organization\",\"@id\":\"https:\\\/\\\/www.szexshopbelvaros.com\\\/#organization\",\"name\":\"Szexshop Belv\u00e1ros\",\"alternateName\":\"szexshopbelvaros.com\",\"url\":\"https:\\\/\\\/www.szexshopbelvaros.com\\\/\",\"logo\":{\"@type\":\"ImageObject\",\"inLanguage\":\"en-US\",\"@id\":\"https:\\\/\\\/www.szexshopbelvaros.com\\\/#\\\/schema\\\/logo\\\/image\\\/\",\"url\":\"https:\\\/\\\/www.szexshopbelvaros.com\\\/wp-content\\\/uploads\\\/2025\\\/09\\\/1Szexshopbelvaroslogo_blurred_stronger.jpg\",\"contentUrl\":\"https:\\\/\\\/www.szexshopbelvaros.com\\\/wp-content\\\/uploads\\\/2025\\\/09\\\/1Szexshopbelvaroslogo_blurred_stronger.jpg\",\"width\":1024,\"height\":1024,\"caption\":\"Szexshop Belv\u00e1ros\"},\"image\":{\"@id\":\"https:\\\/\\\/www.szexshopbelvaros.com\\\/#\\\/schema\\\/logo\\\/image\\\/\"},\"sameAs\":[\"https:\\\/\\\/www.facebook.com\\\/belvarossecrets\\\/\",\"https:\\\/\\\/x.com\\\/belvarossecrets\",\"https:\\\/\\\/www.instagram.com\\\/belvarossecrets\\\/\",\"https:\\\/\\\/www.tiktok.com\\\/@belvarossecrets\"]}]}<\/script>\n<!-- \/ Yoast SEO plugin. -->","yoast_head_json":{"title":"Black Mont Playful Beads \u2013 10 balls, 36 cm, and only one question: do you really dare to push it in? - Szexshop Belvaros","robots":{"index":"index","follow":"follow","max-snippet":"max-snippet:-1","max-image-preview":"max-image-preview:large","max-video-preview":"max-video-preview:-1"},"canonical":"https:\/\/www.szexshopbelvaros.com\/en\/product\/black-mont-12-szilikon-analsor-31-cm-playful-beads\/","og_locale":"en_US","og_type":"article","og_title":"Black Mont Playful Beads \u2013 10 goly\u00f3, 36 centi, \u00e9s egyetlen k\u00e9rd\u00e9s: t\u00e9nyleg be mered tolni? - Szexshop Belvaros","og_description":"Ez a 36,5 centis hossz\u00fas\u00e1g\u00fa, orvosi szilikonb\u00f3l k\u00e9sz\u00fclt fekete an\u00e1lgy\u00f6ngysor t\u00edz k\u00fcl\u00f6nb\u00f6z\u0151 m\u00e9ret\u0171 goly\u00f3val t\u00e1mad (0,9-t\u0151l 2,7 cm-ig), \u00e9s \u00fagy simul v\u00e9gig a testeden, mintha szem\u00e9lyesen rajzolta volna meg a bels\u0151 t\u00e9rk\u00e9ped. Rugalmas, v\u00edz\u00e1ll\u00f3, uniszex, \u00e9s aktus k\u00f6zben is sim\u00e1n bevethet\u0151 \u2014 mert ha valami ennyire j\u00e1t\u00e9kos, k\u00e1r lenne csak egyed\u00fcl \u00e9lvezni. Ez az an\u00e1l [...]","og_url":"https:\/\/www.szexshopbelvaros.com\/en\/product\/black-mont-12-szilikon-analsor-31-cm-playful-beads\/","og_site_name":"Szexshop Belvaros","article_publisher":"https:\/\/www.facebook.com\/belvarossecrets\/","article_modified_time":"2026-04-10T13:57:05+00:00","twitter_card":"summary_large_image","twitter_site":"@belvarossecrets","twitter_misc":{"Est. reading time":"1 minute"},"schema":{"@context":"https:\/\/schema.org","@graph":[{"@type":"WebPage","@id":"https:\/\/www.szexshopbelvaros.com\/termek\/black-mont-12-szilikon-analsor-31-cm-playful-beads\/","url":"https:\/\/www.szexshopbelvaros.com\/termek\/black-mont-12-szilikon-analsor-31-cm-playful-beads\/","name":"Black Mont Playful Beads \u2013 10 balls, 36 cm, and only one question: do you really dare to push it in? - Szexshop Belvaros","isPartOf":{"@id":"https:\/\/www.szexshopbelvaros.com\/#website"},"primaryImageOfPage":{"@id":"https:\/\/www.szexshopbelvaros.com\/termek\/black-mont-12-szilikon-analsor-31-cm-playful-beads\/#primaryimage"},"image":{"@id":"https:\/\/www.szexshopbelvaros.com\/termek\/black-mont-12-szilikon-analsor-31-cm-playful-beads\/#primaryimage"},"thumbnailUrl":"https:\/\/www.szexshopbelvaros.com\/wp-content\/uploads\/2025\/01\/680642b889cb3aafde997502.avif","datePublished":"2025-01-31T13:43:03+00:00","dateModified":"2026-04-10T13:57:05+00:00","breadcrumb":{"@id":"https:\/\/www.szexshopbelvaros.com\/termek\/black-mont-12-szilikon-analsor-31-cm-playful-beads\/#breadcrumb"},"inLanguage":"en-US","potentialAction":[{"@type":"ReadAction","target":["https:\/\/www.szexshopbelvaros.com\/termek\/black-mont-12-szilikon-analsor-31-cm-playful-beads\/"]}]},{"@type":"ImageObject","inLanguage":"en-US","@id":"https:\/\/www.szexshopbelvaros.com\/termek\/black-mont-12-szilikon-analsor-31-cm-playful-beads\/#primaryimage","url":"https:\/\/www.szexshopbelvaros.com\/wp-content\/uploads\/2025\/01\/680642b889cb3aafde997502.avif","contentUrl":"https:\/\/www.szexshopbelvaros.com\/wp-content\/uploads\/2025\/01\/680642b889cb3aafde997502.avif","width":1200,"height":675},{"@type":"BreadcrumbList","@id":"https:\/\/www.szexshopbelvaros.com\/termek\/black-mont-12-szilikon-analsor-31-cm-playful-beads\/#breadcrumb","itemListElement":[{"@type":"ListItem","position":1,"name":"Home","item":"https:\/\/www.szexshopbelvaros.com\/"},{"@type":"ListItem","position":2,"name":"\u00c1ruh\u00e1z","item":"https:\/\/www.szexshopbelvaros.com\/uzlet\/"},{"@type":"ListItem","position":3,"name":"Black Mont Playful Beads \u2013 10 goly\u00f3, 36 centi, \u00e9s egyetlen k\u00e9rd\u00e9s: t\u00e9nyleg be mered tolni?"}]},{"@type":"WebSite","@id":"https:\/\/www.szexshopbelvaros.com\/#website","url":"https:\/\/www.szexshopbelvaros.com\/","name":"at our Szexshop Belv\u00e1ros","description":"\ud83d\udd25 Sex is like money; only too much is enough!\u2122 Secrets from the city center \ud83d\udc8b | Secrets from Budapest \ud83d\udc8e Adult games \u2022 Erotica \u2022 Sex shop Belvaros","publisher":{"@id":"https:\/\/www.szexshopbelvaros.com\/#organization"},"potentialAction":[{"@type":"SearchAction","target":{"@type":"EntryPoint","urlTemplate":"https:\/\/www.szexshopbelvaros.com\/?s={search_term_string}"},"query-input":{"@type":"PropertyValueSpecification","valueRequired":true,"valueName":"search_term_string"}}],"inLanguage":"en-US"},{"@type":"Organization","@id":"https:\/\/www.szexshopbelvaros.com\/#organization","name":"at our Szexshop Belv\u00e1ros","alternateName":"szexshopbelvaros.com","url":"https:\/\/www.szexshopbelvaros.com\/","logo":{"@type":"ImageObject","inLanguage":"en-US","@id":"https:\/\/www.szexshopbelvaros.com\/#\/schema\/logo\/image\/","url":"https:\/\/www.szexshopbelvaros.com\/wp-content\/uploads\/2025\/09\/1Szexshopbelvaroslogo_blurred_stronger.jpg","contentUrl":"https:\/\/www.szexshopbelvaros.com\/wp-content\/uploads\/2025\/09\/1Szexshopbelvaroslogo_blurred_stronger.jpg","width":1024,"height":1024,"caption":"Szexshop Belv\u00e1ros"},"image":{"@id":"https:\/\/www.szexshopbelvaros.com\/#\/schema\/logo\/image\/"},"sameAs":["https:\/\/www.facebook.com\/belvarossecrets\/","https:\/\/x.com\/belvarossecrets","https:\/\/www.instagram.com\/belvarossecrets\/","https:\/\/www.tiktok.com\/@belvarossecrets"]}]}},"_links":{"self":[{"href":"https:\/\/www.szexshopbelvaros.com\/en\/wp-json\/wp\/v2\/product\/604","targetHints":{"allow":["GET"]}}],"collection":[{"href":"https:\/\/www.szexshopbelvaros.com\/en\/wp-json\/wp\/v2\/product"}],"about":[{"href":"https:\/\/www.szexshopbelvaros.com\/en\/wp-json\/wp\/v2\/types\/product"}],"replies":[{"embeddable":true,"href":"https:\/\/www.szexshopbelvaros.com\/en\/wp-json\/wp\/v2\/comments?post=604"}],"wp:featuredmedia":[{"embeddable":true,"href":"https:\/\/www.szexshopbelvaros.com\/en\/wp-json\/wp\/v2\/media\/1627"}],"wp:attachment":[{"href":"https:\/\/www.szexshopbelvaros.com\/en\/wp-json\/wp\/v2\/media?parent=604"}],"wp:term":[{"taxonomy":"product_brand","embeddable":true,"href":"https:\/\/www.szexshopbelvaros.com\/en\/wp-json\/wp\/v2\/product_brand?post=604"},{"taxonomy":"product_cat","embeddable":true,"href":"https:\/\/www.szexshopbelvaros.com\/en\/wp-json\/wp\/v2\/product_cat?post=604"},{"taxonomy":"product_tag","embeddable":true,"href":"https:\/\/www.szexshopbelvaros.com\/en\/wp-json\/wp\/v2\/product_tag?post=604"}],"curies":[{"name":"wp","href":"https:\/\/api.w.org\/{rel}","templated":true}]}}