{"id":614,"date":"2025-01-31T14:43:45","date_gmt":"2025-01-31T13:43:45","guid":{"rendered":"https:\/\/www.szexshopbelvaros.com\/termek\/o-boy-black\/"},"modified":"2026-04-10T15:53:23","modified_gmt":"2026-04-10T13:53:23","slug":"o-boy-black","status":"publish","type":"product","link":"https:\/\/www.szexshopbelvaros.com\/en\/product\/o-boy-black\/","title":{"rendered":"O-Boy \u2013 The first step to the butt revolution \ud83c\udf51\ud83d\udda4"},"content":{"rendered":"<p data-pm-slice=\"1 1 []\">The O-Boy doesn&#039;t ask, it just vibrates. An anatomically perfectly shaped prostate massager that precisely locates your prostate and perineum, while the widening base ensures that everything that needs to be in stays inside. Made of medical silicone, this skin-friendly and soft sex toy is an ideal choice for beginners, but don&#039;t think it can&#039;t surprise you: the seven types of vibration functions ensure that you don&#039;t get bored.<\/p>\n<p>A black, elegant, waterproof anal dilator measuring 2.9 cm in diameter and 11 cm long \u2013 just enough to turn the rear end up. It already includes the battery (1 AAA), so the party can start as soon as you unwrap it.<\/p>\n<p>Cleaning: Before and after use with lukewarm soapy water and device cleaner. Only use water-based lubricant \u2013 silicone doesn\u2019t like silicone.<\/p>\n<p>&nbsp;<\/p>","protected":false},"excerpt":{"rendered":"<p>Az O-Boy nem k\u00e9rdez, csak rezeg. Anat\u00f3miailag t\u00f6k\u00e9letesen form\u00e1lt prosztata massz\u00edroz\u00f3, amely pontosan megtal\u00e1lja a prosztat\u00e1t \u00e9s a g\u00e1tad, mik\u00f6zben a kisz\u00e9lesed\u0151 talp garant\u00e1lja, hogy minden bent marad, ami bent kell legyen. Ez az orvosi szilikonb\u00f3l k\u00e9sz\u00fclt, b\u0151rbar\u00e1t \u00e9s puha szexj\u00e1t\u00e9k ide\u00e1lis v\u00e1laszt\u00e1s kezd\u0151knek, de ne hidd, hogy nem tud meglepet\u00e9st okozni: a h\u00e9tf\u00e9le vibr\u00e1ci\u00f3s [&#8230;]\n","protected":false},"featured_media":2734,"comment_status":"closed","ping_status":"closed","template":"","meta":[],"product_brand":[50],"product_cat":[135,86],"product_tag":[684,1888,418,676,694,1392,1393,424,1889,696,1004,1855,1381,1318,1887,573,692,698,695,1890,1904,693,690],"class_list":{"0":"post-614","1":"product","2":"type-product","3":"status-publish","4":"has-post-thumbnail","6":"product_brand-rocks-off","7":"product_cat-anal","8":"product_cat-analdugok-prosztata-masszirozok","9":"product_tag-anal-dugo","10":"product_tag-anal-edzes","11":"product_tag-anal-jatek","12":"product_tag-anal-play","13":"product_tag-anal-plug","14":"product_tag-anal-stimulacio","15":"product_tag-anal-stimulation","16":"product_tag-anal-toy","17":"product_tag-anal-trainer","18":"product_tag-beginner-anal-toy","19":"product_tag-ferfi-jatek","20":"product_tag-ferfi-szexjatek","21":"product_tag-hatso-jatek","22":"product_tag-intimate-toy","23":"product_tag-kezdo-anal","24":"product_tag-male-sex-toy","25":"product_tag-p-pont-jatek","26":"product_tag-p-spot-toy","27":"product_tag-prostate-massager","28":"product_tag-prostate-toy","29":"product_tag-prosztata-masszirozo","30":"product_tag-silicone-anal-plug","31":"product_tag-tagito-eszkoz","33":"first","34":"instock","35":"taxable","36":"shipping-taxable","37":"purchasable","38":"product-type-simple"},"yoast_head":"<!-- This site is optimized with the Yoast SEO plugin v27.4 - https:\/\/yoast.com\/product\/yoast-seo-wordpress\/ -->\n<title>O-Boy \u2013 Az els\u0151 l\u00e9p\u00e9s a fen\u00e9kforradalomba \ud83c\udf51\ud83d\udda4 - Szexshop Belvaros<\/title>\n<meta name=\"robots\" content=\"index, follow, max-snippet:-1, max-image-preview:large, max-video-preview:-1\" \/>\n<link rel=\"canonical\" href=\"https:\/\/www.szexshopbelvaros.com\/en\/product\/o-boy-black\/\" \/>\n<meta property=\"og:locale\" content=\"en_US\" \/>\n<meta property=\"og:type\" content=\"article\" \/>\n<meta property=\"og:title\" content=\"O-Boy \u2013 Az els\u0151 l\u00e9p\u00e9s a fen\u00e9kforradalomba \ud83c\udf51\ud83d\udda4 - Szexshop Belvaros\" \/>\n<meta property=\"og:description\" content=\"Az O-Boy nem k\u00e9rdez, csak rezeg. Anat\u00f3miailag t\u00f6k\u00e9letesen form\u00e1lt prosztata massz\u00edroz\u00f3, amely pontosan megtal\u00e1lja a prosztat\u00e1t \u00e9s a g\u00e1tad, mik\u00f6zben a kisz\u00e9lesed\u0151 talp garant\u00e1lja, hogy minden bent marad, ami bent kell legyen. Ez az orvosi szilikonb\u00f3l k\u00e9sz\u00fclt, b\u0151rbar\u00e1t \u00e9s puha szexj\u00e1t\u00e9k ide\u00e1lis v\u00e1laszt\u00e1s kezd\u0151knek, de ne hidd, hogy nem tud meglepet\u00e9st okozni: a h\u00e9tf\u00e9le vibr\u00e1ci\u00f3s [...]\" \/>\n<meta property=\"og:url\" content=\"https:\/\/www.szexshopbelvaros.com\/en\/product\/o-boy-black\/\" \/>\n<meta property=\"og:site_name\" content=\"Szexshop Belvaros\" \/>\n<meta property=\"article:publisher\" content=\"https:\/\/www.facebook.com\/belvarossecrets\/\" \/>\n<meta property=\"article:modified_time\" content=\"2026-04-10T13:53:23+00:00\" \/>\n<meta property=\"og:image\" content=\"https:\/\/www.szexshopbelvaros.com\/wp-content\/uploads\/2025\/01\/4.jpg\" \/>\n\t<meta property=\"og:image:width\" content=\"1000\" \/>\n\t<meta property=\"og:image:height\" content=\"1000\" \/>\n\t<meta property=\"og:image:type\" content=\"image\/jpeg\" \/>\n<meta name=\"twitter:card\" content=\"summary_large_image\" \/>\n<meta name=\"twitter:site\" content=\"@belvarossecrets\" \/>\n<meta name=\"twitter:label1\" content=\"Est. reading time\" \/>\n\t<meta name=\"twitter:data1\" content=\"1 minute\" \/>\n<script type=\"application\/ld+json\" class=\"yoast-schema-graph\">{\"@context\":\"https:\\\/\\\/schema.org\",\"@graph\":[{\"@type\":\"WebPage\",\"@id\":\"https:\\\/\\\/www.szexshopbelvaros.com\\\/termek\\\/o-boy-black\\\/\",\"url\":\"https:\\\/\\\/www.szexshopbelvaros.com\\\/termek\\\/o-boy-black\\\/\",\"name\":\"O-Boy \u2013 Az els\u0151 l\u00e9p\u00e9s a fen\u00e9kforradalomba \ud83c\udf51\ud83d\udda4 - Szexshop Belvaros\",\"isPartOf\":{\"@id\":\"https:\\\/\\\/www.szexshopbelvaros.com\\\/#website\"},\"primaryImageOfPage\":{\"@id\":\"https:\\\/\\\/www.szexshopbelvaros.com\\\/termek\\\/o-boy-black\\\/#primaryimage\"},\"image\":{\"@id\":\"https:\\\/\\\/www.szexshopbelvaros.com\\\/termek\\\/o-boy-black\\\/#primaryimage\"},\"thumbnailUrl\":\"https:\\\/\\\/www.szexshopbelvaros.com\\\/wp-content\\\/uploads\\\/2025\\\/01\\\/4.jpg\",\"datePublished\":\"2025-01-31T13:43:45+00:00\",\"dateModified\":\"2026-04-10T13:53:23+00:00\",\"breadcrumb\":{\"@id\":\"https:\\\/\\\/www.szexshopbelvaros.com\\\/termek\\\/o-boy-black\\\/#breadcrumb\"},\"inLanguage\":\"en-US\",\"potentialAction\":[{\"@type\":\"ReadAction\",\"target\":[\"https:\\\/\\\/www.szexshopbelvaros.com\\\/termek\\\/o-boy-black\\\/\"]}]},{\"@type\":\"ImageObject\",\"inLanguage\":\"en-US\",\"@id\":\"https:\\\/\\\/www.szexshopbelvaros.com\\\/termek\\\/o-boy-black\\\/#primaryimage\",\"url\":\"https:\\\/\\\/www.szexshopbelvaros.com\\\/wp-content\\\/uploads\\\/2025\\\/01\\\/4.jpg\",\"contentUrl\":\"https:\\\/\\\/www.szexshopbelvaros.com\\\/wp-content\\\/uploads\\\/2025\\\/01\\\/4.jpg\",\"width\":1000,\"height\":1000},{\"@type\":\"BreadcrumbList\",\"@id\":\"https:\\\/\\\/www.szexshopbelvaros.com\\\/termek\\\/o-boy-black\\\/#breadcrumb\",\"itemListElement\":[{\"@type\":\"ListItem\",\"position\":1,\"name\":\"Home\",\"item\":\"https:\\\/\\\/www.szexshopbelvaros.com\\\/\"},{\"@type\":\"ListItem\",\"position\":2,\"name\":\"\u00c1ruh\u00e1z\",\"item\":\"https:\\\/\\\/www.szexshopbelvaros.com\\\/uzlet\\\/\"},{\"@type\":\"ListItem\",\"position\":3,\"name\":\"O-Boy \u2013 Az els\u0151 l\u00e9p\u00e9s a fen\u00e9kforradalomba \ud83c\udf51\ud83d\udda4\"}]},{\"@type\":\"WebSite\",\"@id\":\"https:\\\/\\\/www.szexshopbelvaros.com\\\/#website\",\"url\":\"https:\\\/\\\/www.szexshopbelvaros.com\\\/\",\"name\":\"Szexshop Belv\u00e1ros\",\"description\":\"\ud83d\udd25 A szex olyan, mint a p\u00e9nz; csak a t\u00fal sok el\u00e9g!\u2122 Titkok a belv\u00e1rosb\u00f3l \ud83d\udc8b | Secrets from Budapest \ud83d\udc8e Feln\u0151tt j\u00e1t\u00e9kok \u2022 Erotika \u2022 Szexshop Belvaros\",\"publisher\":{\"@id\":\"https:\\\/\\\/www.szexshopbelvaros.com\\\/#organization\"},\"potentialAction\":[{\"@type\":\"SearchAction\",\"target\":{\"@type\":\"EntryPoint\",\"urlTemplate\":\"https:\\\/\\\/www.szexshopbelvaros.com\\\/?s={search_term_string}\"},\"query-input\":{\"@type\":\"PropertyValueSpecification\",\"valueRequired\":true,\"valueName\":\"search_term_string\"}}],\"inLanguage\":\"en-US\"},{\"@type\":\"Organization\",\"@id\":\"https:\\\/\\\/www.szexshopbelvaros.com\\\/#organization\",\"name\":\"Szexshop Belv\u00e1ros\",\"alternateName\":\"szexshopbelvaros.com\",\"url\":\"https:\\\/\\\/www.szexshopbelvaros.com\\\/\",\"logo\":{\"@type\":\"ImageObject\",\"inLanguage\":\"en-US\",\"@id\":\"https:\\\/\\\/www.szexshopbelvaros.com\\\/#\\\/schema\\\/logo\\\/image\\\/\",\"url\":\"https:\\\/\\\/www.szexshopbelvaros.com\\\/wp-content\\\/uploads\\\/2025\\\/09\\\/1Szexshopbelvaroslogo_blurred_stronger.jpg\",\"contentUrl\":\"https:\\\/\\\/www.szexshopbelvaros.com\\\/wp-content\\\/uploads\\\/2025\\\/09\\\/1Szexshopbelvaroslogo_blurred_stronger.jpg\",\"width\":1024,\"height\":1024,\"caption\":\"Szexshop Belv\u00e1ros\"},\"image\":{\"@id\":\"https:\\\/\\\/www.szexshopbelvaros.com\\\/#\\\/schema\\\/logo\\\/image\\\/\"},\"sameAs\":[\"https:\\\/\\\/www.facebook.com\\\/belvarossecrets\\\/\",\"https:\\\/\\\/x.com\\\/belvarossecrets\",\"https:\\\/\\\/www.instagram.com\\\/belvarossecrets\\\/\",\"https:\\\/\\\/www.tiktok.com\\\/@belvarossecrets\"]}]}<\/script>\n<!-- \/ Yoast SEO plugin. -->","yoast_head_json":{"title":"O-Boy \u2013 The first step in the butt revolution \ud83c\udf51\ud83d\udda4 - Szexshop Belvaros","robots":{"index":"index","follow":"follow","max-snippet":"max-snippet:-1","max-image-preview":"max-image-preview:large","max-video-preview":"max-video-preview:-1"},"canonical":"https:\/\/www.szexshopbelvaros.com\/en\/product\/o-boy-black\/","og_locale":"en_US","og_type":"article","og_title":"O-Boy \u2013 Az els\u0151 l\u00e9p\u00e9s a fen\u00e9kforradalomba \ud83c\udf51\ud83d\udda4 - Szexshop Belvaros","og_description":"Az O-Boy nem k\u00e9rdez, csak rezeg. Anat\u00f3miailag t\u00f6k\u00e9letesen form\u00e1lt prosztata massz\u00edroz\u00f3, amely pontosan megtal\u00e1lja a prosztat\u00e1t \u00e9s a g\u00e1tad, mik\u00f6zben a kisz\u00e9lesed\u0151 talp garant\u00e1lja, hogy minden bent marad, ami bent kell legyen. Ez az orvosi szilikonb\u00f3l k\u00e9sz\u00fclt, b\u0151rbar\u00e1t \u00e9s puha szexj\u00e1t\u00e9k ide\u00e1lis v\u00e1laszt\u00e1s kezd\u0151knek, de ne hidd, hogy nem tud meglepet\u00e9st okozni: a h\u00e9tf\u00e9le vibr\u00e1ci\u00f3s [...]","og_url":"https:\/\/www.szexshopbelvaros.com\/en\/product\/o-boy-black\/","og_site_name":"Szexshop Belvaros","article_publisher":"https:\/\/www.facebook.com\/belvarossecrets\/","article_modified_time":"2026-04-10T13:53:23+00:00","og_image":[{"width":1000,"height":1000,"url":"https:\/\/www.szexshopbelvaros.com\/wp-content\/uploads\/2025\/01\/4.jpg","type":"image\/jpeg"}],"twitter_card":"summary_large_image","twitter_site":"@belvarossecrets","twitter_misc":{"Est. reading time":"1 minute"},"schema":{"@context":"https:\/\/schema.org","@graph":[{"@type":"WebPage","@id":"https:\/\/www.szexshopbelvaros.com\/termek\/o-boy-black\/","url":"https:\/\/www.szexshopbelvaros.com\/termek\/o-boy-black\/","name":"O-Boy \u2013 The first step in the butt revolution \ud83c\udf51\ud83d\udda4 - Szexshop Belvaros","isPartOf":{"@id":"https:\/\/www.szexshopbelvaros.com\/#website"},"primaryImageOfPage":{"@id":"https:\/\/www.szexshopbelvaros.com\/termek\/o-boy-black\/#primaryimage"},"image":{"@id":"https:\/\/www.szexshopbelvaros.com\/termek\/o-boy-black\/#primaryimage"},"thumbnailUrl":"https:\/\/www.szexshopbelvaros.com\/wp-content\/uploads\/2025\/01\/4.jpg","datePublished":"2025-01-31T13:43:45+00:00","dateModified":"2026-04-10T13:53:23+00:00","breadcrumb":{"@id":"https:\/\/www.szexshopbelvaros.com\/termek\/o-boy-black\/#breadcrumb"},"inLanguage":"en-US","potentialAction":[{"@type":"ReadAction","target":["https:\/\/www.szexshopbelvaros.com\/termek\/o-boy-black\/"]}]},{"@type":"ImageObject","inLanguage":"en-US","@id":"https:\/\/www.szexshopbelvaros.com\/termek\/o-boy-black\/#primaryimage","url":"https:\/\/www.szexshopbelvaros.com\/wp-content\/uploads\/2025\/01\/4.jpg","contentUrl":"https:\/\/www.szexshopbelvaros.com\/wp-content\/uploads\/2025\/01\/4.jpg","width":1000,"height":1000},{"@type":"BreadcrumbList","@id":"https:\/\/www.szexshopbelvaros.com\/termek\/o-boy-black\/#breadcrumb","itemListElement":[{"@type":"ListItem","position":1,"name":"Home","item":"https:\/\/www.szexshopbelvaros.com\/"},{"@type":"ListItem","position":2,"name":"\u00c1ruh\u00e1z","item":"https:\/\/www.szexshopbelvaros.com\/uzlet\/"},{"@type":"ListItem","position":3,"name":"O-Boy \u2013 Az els\u0151 l\u00e9p\u00e9s a fen\u00e9kforradalomba \ud83c\udf51\ud83d\udda4"}]},{"@type":"WebSite","@id":"https:\/\/www.szexshopbelvaros.com\/#website","url":"https:\/\/www.szexshopbelvaros.com\/","name":"at our Szexshop Belv\u00e1ros","description":"\ud83d\udd25 Sex is like money; only too much is enough!\u2122 Secrets from the city center \ud83d\udc8b | Secrets from Budapest \ud83d\udc8e Adult games \u2022 Erotica \u2022 Sex shop Belvaros","publisher":{"@id":"https:\/\/www.szexshopbelvaros.com\/#organization"},"potentialAction":[{"@type":"SearchAction","target":{"@type":"EntryPoint","urlTemplate":"https:\/\/www.szexshopbelvaros.com\/?s={search_term_string}"},"query-input":{"@type":"PropertyValueSpecification","valueRequired":true,"valueName":"search_term_string"}}],"inLanguage":"en-US"},{"@type":"Organization","@id":"https:\/\/www.szexshopbelvaros.com\/#organization","name":"at our Szexshop Belv\u00e1ros","alternateName":"szexshopbelvaros.com","url":"https:\/\/www.szexshopbelvaros.com\/","logo":{"@type":"ImageObject","inLanguage":"en-US","@id":"https:\/\/www.szexshopbelvaros.com\/#\/schema\/logo\/image\/","url":"https:\/\/www.szexshopbelvaros.com\/wp-content\/uploads\/2025\/09\/1Szexshopbelvaroslogo_blurred_stronger.jpg","contentUrl":"https:\/\/www.szexshopbelvaros.com\/wp-content\/uploads\/2025\/09\/1Szexshopbelvaroslogo_blurred_stronger.jpg","width":1024,"height":1024,"caption":"Szexshop Belv\u00e1ros"},"image":{"@id":"https:\/\/www.szexshopbelvaros.com\/#\/schema\/logo\/image\/"},"sameAs":["https:\/\/www.facebook.com\/belvarossecrets\/","https:\/\/x.com\/belvarossecrets","https:\/\/www.instagram.com\/belvarossecrets\/","https:\/\/www.tiktok.com\/@belvarossecrets"]}]}},"_links":{"self":[{"href":"https:\/\/www.szexshopbelvaros.com\/en\/wp-json\/wp\/v2\/product\/614","targetHints":{"allow":["GET"]}}],"collection":[{"href":"https:\/\/www.szexshopbelvaros.com\/en\/wp-json\/wp\/v2\/product"}],"about":[{"href":"https:\/\/www.szexshopbelvaros.com\/en\/wp-json\/wp\/v2\/types\/product"}],"replies":[{"embeddable":true,"href":"https:\/\/www.szexshopbelvaros.com\/en\/wp-json\/wp\/v2\/comments?post=614"}],"wp:featuredmedia":[{"embeddable":true,"href":"https:\/\/www.szexshopbelvaros.com\/en\/wp-json\/wp\/v2\/media\/2734"}],"wp:attachment":[{"href":"https:\/\/www.szexshopbelvaros.com\/en\/wp-json\/wp\/v2\/media?parent=614"}],"wp:term":[{"taxonomy":"product_brand","embeddable":true,"href":"https:\/\/www.szexshopbelvaros.com\/en\/wp-json\/wp\/v2\/product_brand?post=614"},{"taxonomy":"product_cat","embeddable":true,"href":"https:\/\/www.szexshopbelvaros.com\/en\/wp-json\/wp\/v2\/product_cat?post=614"},{"taxonomy":"product_tag","embeddable":true,"href":"https:\/\/www.szexshopbelvaros.com\/en\/wp-json\/wp\/v2\/product_tag?post=614"}],"curies":[{"name":"wp","href":"https:\/\/api.w.org\/{rel}","templated":true}]}}