{"id":616,"date":"2025-01-31T14:43:45","date_gmt":"2025-01-31T13:43:45","guid":{"rendered":"https:\/\/www.szexshopbelvaros.com\/termek\/x-men-secret-shine-booty-call-l-vi\/"},"modified":"2026-04-10T15:53:43","modified_gmt":"2026-04-10T13:53:43","slug":"x-men-secret-shine-booty-call-l-vi","status":"publish","type":"product","link":"https:\/\/www.szexshopbelvaros.com\/en\/product\/x-men-secret-shine-booty-call-l-vi\/","title":{"rendered":"Secret Shine Booty Call L \u2013 The call your butt won&#039;t ignore"},"content":{"rendered":"<p data-start=\"920\" data-end=\"1187\">This 15 cm long, 2.5\u20133.5 cm diameter, waterproof, adhesive-backed butt wonder is a hybrid of shiny metal and smooth silicone. When inserted, it comes with a ball at the end that hits the spot so hard that within the second minute you&#039;ll be asking yourself, &quot;How did I not know about this before?&quot;<\/p>\n<p data-start=\"1189\" data-end=\"1481\">This large, suction cup butt plug will securely attach to any flat surface \u2014 tile, mirror, tabletop, hell, even the refrigerator if you have to. This butt plug and anal dilator is a unisex sex toy for men and women, designed specifically for rear penetration and intense anal pleasure.<\/p>\n<p data-start=\"1483\" data-end=\"1658\">It glides like a guilty pleasure with water-based lubricant, and can be washed clean again and again with lukewarm soapy water and tool cleaner\u2026 so that the next call can come.<\/p>\n<p>&nbsp;<\/p>","protected":false},"excerpt":{"rendered":"<p>Ez a 15 centi hossz\u00fa, 2,5\u20133,5 cm \u00e1tm\u00e9r\u0151j\u0171, v\u00edz\u00e1ll\u00f3, letapaszthat\u00f3 fen\u00e9kcsoda a f\u00e9nyes f\u00e9m \u00e9s a sima szilikon hibridje. A behelyez\u00e9sn\u00e9l egy g\u00f6mbbel a v\u00e9g\u00e9n t\u00e1mad, ami \u00fagy tal\u00e1lja el a pontot, hogy m\u00e1r a m\u00e1sodik percben megk\u00e9rdezed: \u201chogyhogy eddig err\u0151l nem tudtam?\u201d Ez a nagy m\u00e9ret\u0171, tapad\u00f3korongos an\u00e1ldug\u00f3 stabilan r\u00f6gz\u00fcl b\u00e1rmilyen s\u00edk fel\u00fcletre \u2014 [&#8230;]\n","protected":false},"featured_media":2753,"comment_status":"closed","ping_status":"closed","template":"","meta":[],"product_brand":[161],"product_cat":[135,86],"product_tag":[1810,1894,684,418,1891,676,694,1392,1393,424,1892,689,1381,1318,1896,1893,1895,698,695,1904,1384,1380],"class_list":{"0":"post-616","1":"product","2":"type-product","3":"status-publish","4":"has-post-thumbnail","6":"product_brand-x-men","7":"product_cat-anal","8":"product_cat-analdugok-prosztata-masszirozok","9":"product_tag-advanced-anal-toy","10":"product_tag-anal-accessory","11":"product_tag-anal-dugo","12":"product_tag-anal-jatek","13":"product_tag-anal-kiegeszito","14":"product_tag-anal-play","15":"product_tag-anal-plug","16":"product_tag-anal-stimulacio","17":"product_tag-anal-stimulation","18":"product_tag-anal-toy","19":"product_tag-fem-szexjatek","20":"product_tag-haladoknak-anal","21":"product_tag-hatso-jatek","22":"product_tag-intimate-toy","23":"product_tag-luxury-sex-toy","24":"product_tag-luxus-szexjatek","25":"product_tag-metal-sex-toy","26":"product_tag-p-spot-toy","27":"product_tag-prostate-massager","28":"product_tag-prosztata-masszirozo","29":"product_tag-unisex-sex-toy","30":"product_tag-unisex-szexjatek","32":"first","33":"instock","34":"taxable","35":"shipping-taxable","36":"purchasable","37":"product-type-simple"},"yoast_head":"<!-- This site is optimized with the Yoast SEO plugin v27.4 - https:\/\/yoast.com\/product\/yoast-seo-wordpress\/ -->\n<title>Secret Shine Booty Call L \u2013 Az a h\u00edv\u00e1s, amit a feneked nem fog figyelmen k\u00edv\u00fcl hagyni - Szexshop Belvaros<\/title>\n<meta name=\"robots\" content=\"index, follow, max-snippet:-1, max-image-preview:large, max-video-preview:-1\" \/>\n<link rel=\"canonical\" href=\"https:\/\/www.szexshopbelvaros.com\/en\/product\/x-men-secret-shine-booty-call-l-vi\/\" \/>\n<meta property=\"og:locale\" content=\"en_US\" \/>\n<meta property=\"og:type\" content=\"article\" \/>\n<meta property=\"og:title\" content=\"Secret Shine Booty Call L \u2013 Az a h\u00edv\u00e1s, amit a feneked nem fog figyelmen k\u00edv\u00fcl hagyni - Szexshop Belvaros\" \/>\n<meta property=\"og:description\" content=\"Ez a 15 centi hossz\u00fa, 2,5\u20133,5 cm \u00e1tm\u00e9r\u0151j\u0171, v\u00edz\u00e1ll\u00f3, letapaszthat\u00f3 fen\u00e9kcsoda a f\u00e9nyes f\u00e9m \u00e9s a sima szilikon hibridje. A behelyez\u00e9sn\u00e9l egy g\u00f6mbbel a v\u00e9g\u00e9n t\u00e1mad, ami \u00fagy tal\u00e1lja el a pontot, hogy m\u00e1r a m\u00e1sodik percben megk\u00e9rdezed: \u201chogyhogy eddig err\u0151l nem tudtam?\u201d Ez a nagy m\u00e9ret\u0171, tapad\u00f3korongos an\u00e1ldug\u00f3 stabilan r\u00f6gz\u00fcl b\u00e1rmilyen s\u00edk fel\u00fcletre \u2014 [...]\" \/>\n<meta property=\"og:url\" content=\"https:\/\/www.szexshopbelvaros.com\/en\/product\/x-men-secret-shine-booty-call-l-vi\/\" \/>\n<meta property=\"og:site_name\" content=\"Szexshop Belvaros\" \/>\n<meta property=\"article:publisher\" content=\"https:\/\/www.facebook.com\/belvarossecrets\/\" \/>\n<meta property=\"article:modified_time\" content=\"2026-04-10T13:53:43+00:00\" \/>\n<meta property=\"og:image\" content=\"https:\/\/www.szexshopbelvaros.com\/wp-content\/uploads\/2025\/01\/Untitled-design-copy-3-8.png\" \/>\n\t<meta property=\"og:image:width\" content=\"2048\" \/>\n\t<meta property=\"og:image:height\" content=\"1152\" \/>\n\t<meta property=\"og:image:type\" content=\"image\/png\" \/>\n<meta name=\"twitter:card\" content=\"summary_large_image\" \/>\n<meta name=\"twitter:site\" content=\"@belvarossecrets\" \/>\n<meta name=\"twitter:label1\" content=\"Est. reading time\" \/>\n\t<meta name=\"twitter:data1\" content=\"1 minute\" \/>\n<script type=\"application\/ld+json\" class=\"yoast-schema-graph\">{\"@context\":\"https:\\\/\\\/schema.org\",\"@graph\":[{\"@type\":\"WebPage\",\"@id\":\"https:\\\/\\\/www.szexshopbelvaros.com\\\/termek\\\/x-men-secret-shine-booty-call-l-vi\\\/\",\"url\":\"https:\\\/\\\/www.szexshopbelvaros.com\\\/termek\\\/x-men-secret-shine-booty-call-l-vi\\\/\",\"name\":\"Secret Shine Booty Call L \u2013 Az a h\u00edv\u00e1s, amit a feneked nem fog figyelmen k\u00edv\u00fcl hagyni - Szexshop Belvaros\",\"isPartOf\":{\"@id\":\"https:\\\/\\\/www.szexshopbelvaros.com\\\/#website\"},\"primaryImageOfPage\":{\"@id\":\"https:\\\/\\\/www.szexshopbelvaros.com\\\/termek\\\/x-men-secret-shine-booty-call-l-vi\\\/#primaryimage\"},\"image\":{\"@id\":\"https:\\\/\\\/www.szexshopbelvaros.com\\\/termek\\\/x-men-secret-shine-booty-call-l-vi\\\/#primaryimage\"},\"thumbnailUrl\":\"https:\\\/\\\/www.szexshopbelvaros.com\\\/wp-content\\\/uploads\\\/2025\\\/01\\\/Untitled-design-copy-3-8.png\",\"datePublished\":\"2025-01-31T13:43:45+00:00\",\"dateModified\":\"2026-04-10T13:53:43+00:00\",\"breadcrumb\":{\"@id\":\"https:\\\/\\\/www.szexshopbelvaros.com\\\/termek\\\/x-men-secret-shine-booty-call-l-vi\\\/#breadcrumb\"},\"inLanguage\":\"en-US\",\"potentialAction\":[{\"@type\":\"ReadAction\",\"target\":[\"https:\\\/\\\/www.szexshopbelvaros.com\\\/termek\\\/x-men-secret-shine-booty-call-l-vi\\\/\"]}]},{\"@type\":\"ImageObject\",\"inLanguage\":\"en-US\",\"@id\":\"https:\\\/\\\/www.szexshopbelvaros.com\\\/termek\\\/x-men-secret-shine-booty-call-l-vi\\\/#primaryimage\",\"url\":\"https:\\\/\\\/www.szexshopbelvaros.com\\\/wp-content\\\/uploads\\\/2025\\\/01\\\/Untitled-design-copy-3-8.png\",\"contentUrl\":\"https:\\\/\\\/www.szexshopbelvaros.com\\\/wp-content\\\/uploads\\\/2025\\\/01\\\/Untitled-design-copy-3-8.png\",\"width\":2048,\"height\":1152},{\"@type\":\"BreadcrumbList\",\"@id\":\"https:\\\/\\\/www.szexshopbelvaros.com\\\/termek\\\/x-men-secret-shine-booty-call-l-vi\\\/#breadcrumb\",\"itemListElement\":[{\"@type\":\"ListItem\",\"position\":1,\"name\":\"Home\",\"item\":\"https:\\\/\\\/www.szexshopbelvaros.com\\\/\"},{\"@type\":\"ListItem\",\"position\":2,\"name\":\"\u00c1ruh\u00e1z\",\"item\":\"https:\\\/\\\/www.szexshopbelvaros.com\\\/uzlet\\\/\"},{\"@type\":\"ListItem\",\"position\":3,\"name\":\"Secret Shine Booty Call L \u2013 Az a h\u00edv\u00e1s, amit a feneked nem fog figyelmen k\u00edv\u00fcl hagyni\"}]},{\"@type\":\"WebSite\",\"@id\":\"https:\\\/\\\/www.szexshopbelvaros.com\\\/#website\",\"url\":\"https:\\\/\\\/www.szexshopbelvaros.com\\\/\",\"name\":\"Szexshop Belv\u00e1ros\",\"description\":\"\ud83d\udd25 A szex olyan, mint a p\u00e9nz; csak a t\u00fal sok el\u00e9g!\u2122 Titkok a belv\u00e1rosb\u00f3l \ud83d\udc8b | Secrets from Budapest \ud83d\udc8e Feln\u0151tt j\u00e1t\u00e9kok \u2022 Erotika \u2022 Szexshop Belvaros\",\"publisher\":{\"@id\":\"https:\\\/\\\/www.szexshopbelvaros.com\\\/#organization\"},\"potentialAction\":[{\"@type\":\"SearchAction\",\"target\":{\"@type\":\"EntryPoint\",\"urlTemplate\":\"https:\\\/\\\/www.szexshopbelvaros.com\\\/?s={search_term_string}\"},\"query-input\":{\"@type\":\"PropertyValueSpecification\",\"valueRequired\":true,\"valueName\":\"search_term_string\"}}],\"inLanguage\":\"en-US\"},{\"@type\":\"Organization\",\"@id\":\"https:\\\/\\\/www.szexshopbelvaros.com\\\/#organization\",\"name\":\"Szexshop Belv\u00e1ros\",\"alternateName\":\"szexshopbelvaros.com\",\"url\":\"https:\\\/\\\/www.szexshopbelvaros.com\\\/\",\"logo\":{\"@type\":\"ImageObject\",\"inLanguage\":\"en-US\",\"@id\":\"https:\\\/\\\/www.szexshopbelvaros.com\\\/#\\\/schema\\\/logo\\\/image\\\/\",\"url\":\"https:\\\/\\\/www.szexshopbelvaros.com\\\/wp-content\\\/uploads\\\/2025\\\/09\\\/1Szexshopbelvaroslogo_blurred_stronger.jpg\",\"contentUrl\":\"https:\\\/\\\/www.szexshopbelvaros.com\\\/wp-content\\\/uploads\\\/2025\\\/09\\\/1Szexshopbelvaroslogo_blurred_stronger.jpg\",\"width\":1024,\"height\":1024,\"caption\":\"Szexshop Belv\u00e1ros\"},\"image\":{\"@id\":\"https:\\\/\\\/www.szexshopbelvaros.com\\\/#\\\/schema\\\/logo\\\/image\\\/\"},\"sameAs\":[\"https:\\\/\\\/www.facebook.com\\\/belvarossecrets\\\/\",\"https:\\\/\\\/x.com\\\/belvarossecrets\",\"https:\\\/\\\/www.instagram.com\\\/belvarossecrets\\\/\",\"https:\\\/\\\/www.tiktok.com\\\/@belvarossecrets\"]}]}<\/script>\n<!-- \/ Yoast SEO plugin. -->","yoast_head_json":{"title":"Secret Shine Booty Call L \u2013 The call your butt won&#039;t ignore - Szexshop Belvaros","robots":{"index":"index","follow":"follow","max-snippet":"max-snippet:-1","max-image-preview":"max-image-preview:large","max-video-preview":"max-video-preview:-1"},"canonical":"https:\/\/www.szexshopbelvaros.com\/en\/product\/x-men-secret-shine-booty-call-l-vi\/","og_locale":"en_US","og_type":"article","og_title":"Secret Shine Booty Call L \u2013 Az a h\u00edv\u00e1s, amit a feneked nem fog figyelmen k\u00edv\u00fcl hagyni - Szexshop Belvaros","og_description":"Ez a 15 centi hossz\u00fa, 2,5\u20133,5 cm \u00e1tm\u00e9r\u0151j\u0171, v\u00edz\u00e1ll\u00f3, letapaszthat\u00f3 fen\u00e9kcsoda a f\u00e9nyes f\u00e9m \u00e9s a sima szilikon hibridje. A behelyez\u00e9sn\u00e9l egy g\u00f6mbbel a v\u00e9g\u00e9n t\u00e1mad, ami \u00fagy tal\u00e1lja el a pontot, hogy m\u00e1r a m\u00e1sodik percben megk\u00e9rdezed: \u201chogyhogy eddig err\u0151l nem tudtam?\u201d Ez a nagy m\u00e9ret\u0171, tapad\u00f3korongos an\u00e1ldug\u00f3 stabilan r\u00f6gz\u00fcl b\u00e1rmilyen s\u00edk fel\u00fcletre \u2014 [...]","og_url":"https:\/\/www.szexshopbelvaros.com\/en\/product\/x-men-secret-shine-booty-call-l-vi\/","og_site_name":"Szexshop Belvaros","article_publisher":"https:\/\/www.facebook.com\/belvarossecrets\/","article_modified_time":"2026-04-10T13:53:43+00:00","og_image":[{"width":2048,"height":1152,"url":"https:\/\/www.szexshopbelvaros.com\/wp-content\/uploads\/2025\/01\/Untitled-design-copy-3-8.png","type":"image\/png"}],"twitter_card":"summary_large_image","twitter_site":"@belvarossecrets","twitter_misc":{"Est. reading time":"1 minute"},"schema":{"@context":"https:\/\/schema.org","@graph":[{"@type":"WebPage","@id":"https:\/\/www.szexshopbelvaros.com\/termek\/x-men-secret-shine-booty-call-l-vi\/","url":"https:\/\/www.szexshopbelvaros.com\/termek\/x-men-secret-shine-booty-call-l-vi\/","name":"Secret Shine Booty Call L \u2013 The call your butt won&#039;t ignore - Szexshop Belvaros","isPartOf":{"@id":"https:\/\/www.szexshopbelvaros.com\/#website"},"primaryImageOfPage":{"@id":"https:\/\/www.szexshopbelvaros.com\/termek\/x-men-secret-shine-booty-call-l-vi\/#primaryimage"},"image":{"@id":"https:\/\/www.szexshopbelvaros.com\/termek\/x-men-secret-shine-booty-call-l-vi\/#primaryimage"},"thumbnailUrl":"https:\/\/www.szexshopbelvaros.com\/wp-content\/uploads\/2025\/01\/Untitled-design-copy-3-8.png","datePublished":"2025-01-31T13:43:45+00:00","dateModified":"2026-04-10T13:53:43+00:00","breadcrumb":{"@id":"https:\/\/www.szexshopbelvaros.com\/termek\/x-men-secret-shine-booty-call-l-vi\/#breadcrumb"},"inLanguage":"en-US","potentialAction":[{"@type":"ReadAction","target":["https:\/\/www.szexshopbelvaros.com\/termek\/x-men-secret-shine-booty-call-l-vi\/"]}]},{"@type":"ImageObject","inLanguage":"en-US","@id":"https:\/\/www.szexshopbelvaros.com\/termek\/x-men-secret-shine-booty-call-l-vi\/#primaryimage","url":"https:\/\/www.szexshopbelvaros.com\/wp-content\/uploads\/2025\/01\/Untitled-design-copy-3-8.png","contentUrl":"https:\/\/www.szexshopbelvaros.com\/wp-content\/uploads\/2025\/01\/Untitled-design-copy-3-8.png","width":2048,"height":1152},{"@type":"BreadcrumbList","@id":"https:\/\/www.szexshopbelvaros.com\/termek\/x-men-secret-shine-booty-call-l-vi\/#breadcrumb","itemListElement":[{"@type":"ListItem","position":1,"name":"Home","item":"https:\/\/www.szexshopbelvaros.com\/"},{"@type":"ListItem","position":2,"name":"\u00c1ruh\u00e1z","item":"https:\/\/www.szexshopbelvaros.com\/uzlet\/"},{"@type":"ListItem","position":3,"name":"Secret Shine Booty Call L \u2013 Az a h\u00edv\u00e1s, amit a feneked nem fog figyelmen k\u00edv\u00fcl hagyni"}]},{"@type":"WebSite","@id":"https:\/\/www.szexshopbelvaros.com\/#website","url":"https:\/\/www.szexshopbelvaros.com\/","name":"at our Szexshop Belv\u00e1ros","description":"\ud83d\udd25 Sex is like money; only too much is enough!\u2122 Secrets from the city center \ud83d\udc8b | Secrets from Budapest \ud83d\udc8e Adult games \u2022 Erotica \u2022 Sex shop Belvaros","publisher":{"@id":"https:\/\/www.szexshopbelvaros.com\/#organization"},"potentialAction":[{"@type":"SearchAction","target":{"@type":"EntryPoint","urlTemplate":"https:\/\/www.szexshopbelvaros.com\/?s={search_term_string}"},"query-input":{"@type":"PropertyValueSpecification","valueRequired":true,"valueName":"search_term_string"}}],"inLanguage":"en-US"},{"@type":"Organization","@id":"https:\/\/www.szexshopbelvaros.com\/#organization","name":"at our Szexshop Belv\u00e1ros","alternateName":"szexshopbelvaros.com","url":"https:\/\/www.szexshopbelvaros.com\/","logo":{"@type":"ImageObject","inLanguage":"en-US","@id":"https:\/\/www.szexshopbelvaros.com\/#\/schema\/logo\/image\/","url":"https:\/\/www.szexshopbelvaros.com\/wp-content\/uploads\/2025\/09\/1Szexshopbelvaroslogo_blurred_stronger.jpg","contentUrl":"https:\/\/www.szexshopbelvaros.com\/wp-content\/uploads\/2025\/09\/1Szexshopbelvaroslogo_blurred_stronger.jpg","width":1024,"height":1024,"caption":"Szexshop Belv\u00e1ros"},"image":{"@id":"https:\/\/www.szexshopbelvaros.com\/#\/schema\/logo\/image\/"},"sameAs":["https:\/\/www.facebook.com\/belvarossecrets\/","https:\/\/x.com\/belvarossecrets","https:\/\/www.instagram.com\/belvarossecrets\/","https:\/\/www.tiktok.com\/@belvarossecrets"]}]}},"_links":{"self":[{"href":"https:\/\/www.szexshopbelvaros.com\/en\/wp-json\/wp\/v2\/product\/616","targetHints":{"allow":["GET"]}}],"collection":[{"href":"https:\/\/www.szexshopbelvaros.com\/en\/wp-json\/wp\/v2\/product"}],"about":[{"href":"https:\/\/www.szexshopbelvaros.com\/en\/wp-json\/wp\/v2\/types\/product"}],"replies":[{"embeddable":true,"href":"https:\/\/www.szexshopbelvaros.com\/en\/wp-json\/wp\/v2\/comments?post=616"}],"wp:featuredmedia":[{"embeddable":true,"href":"https:\/\/www.szexshopbelvaros.com\/en\/wp-json\/wp\/v2\/media\/2753"}],"wp:attachment":[{"href":"https:\/\/www.szexshopbelvaros.com\/en\/wp-json\/wp\/v2\/media?parent=616"}],"wp:term":[{"taxonomy":"product_brand","embeddable":true,"href":"https:\/\/www.szexshopbelvaros.com\/en\/wp-json\/wp\/v2\/product_brand?post=616"},{"taxonomy":"product_cat","embeddable":true,"href":"https:\/\/www.szexshopbelvaros.com\/en\/wp-json\/wp\/v2\/product_cat?post=616"},{"taxonomy":"product_tag","embeddable":true,"href":"https:\/\/www.szexshopbelvaros.com\/en\/wp-json\/wp\/v2\/product_tag?post=616"}],"curies":[{"name":"wp","href":"https:\/\/api.w.org\/{rel}","templated":true}]}}