{"id":618,"date":"2025-01-31T14:43:45","date_gmt":"2025-01-31T13:43:45","guid":{"rendered":"https:\/\/www.szexshopbelvaros.com\/termek\/primo-black\/"},"modified":"2026-04-10T15:54:04","modified_gmt":"2026-04-10T13:54:04","slug":"primo-black","status":"publish","type":"product","link":"https:\/\/www.szexshopbelvaros.com\/en\/product\/primo-black\/","title":{"rendered":"Primo Black \u2013 Does your butt crave luxury? Let us introduce you to the high-end device that expands, vibrates, and warms you all at the same time! \ud83d\udd25"},"content":{"rendered":"<p data-start=\"969\" data-end=\"1283\">This unisex anal dilator made of premium silicone pampers you with 5 vibration functions and 5 speeds \u2014 from slow, sensual rocking to a wild tsunami of vibrations. The body heats up to 38\u2103 to literally heat up the mood, while also working masterfully as a vibrating butt plug and prostate massager.<\/p>\n<p data-start=\"1285\" data-end=\"1543\">The remote-controlled anal dilator has a range of 5 meters, so you can control it yourself... or give it to someone else if you&#039;re brave enough. \ud83d\ude08 This sex toy is an ideal advanced anal toy for both men and women if you&#039;re looking for something truly special.<\/p>\n<p data-start=\"1545\" data-end=\"1637\">Waterproof, rechargeable and discreet \u2014 only you know why you&#039;re smiling so much on the bus.<\/p>\n<p data-start=\"1639\" data-end=\"1813\"><strong data-start=\"1639\" data-end=\"1653\">Cleaning:<\/strong> with lukewarm soapy water and an appliance cleaner before and after each ride. Use only water-based lubricant if you don&#039;t want to damage the silicone.<\/p>\n<p>&nbsp;<\/p>","protected":false},"excerpt":{"rendered":"<p>Ez a pr\u00e9mium szilikonb\u00f3l k\u00e9sz\u00fclt uniszex an\u00e1lt\u00e1g\u00edt\u00f3 5 rezg\u00e9si funkci\u00f3val \u00e9s 5 sebess\u00e9ggel k\u00e9nyeztet \u2014 legyen sz\u00f3 lass\u00fa, \u00e9rz\u00e9ki ringat\u00e1sr\u00f3l vagy vad rezg\u00e9scunamir\u00f3l. A 38 \u2103-ra felmeleged\u0151 test sz\u00f3 szerint felforr\u00f3s\u00edtja a hangulatot, mik\u00f6zben vibr\u00e1l\u00f3 fen\u00e9kdug\u00f3k\u00e9nt \u00e9s prosztata massz\u00edroz\u00f3k\u00e9nt is mesterien m\u0171k\u00f6dik. A t\u00e1vir\u00e1ny\u00edt\u00f3s an\u00e1l t\u00e1g\u00edt\u00f3 5 m\u00e9teres hat\u00f3t\u00e1vols\u00e1ggal m\u0171k\u00f6dik, \u00edgy ir\u00e1ny\u00edthatod magadnak\u2026 vagy odaadod [&#8230;]\n","protected":false},"featured_media":2722,"comment_status":"closed","ping_status":"closed","template":"","meta":[],"product_brand":[63],"product_cat":[135,86],"product_tag":[684,418,676,694,1392,1393,424,1377,1381,1318,698,695,1904,1900,1897,1898,1899,1901,1902,1171],"class_list":{"0":"post-618","1":"product","2":"type-product","3":"status-publish","4":"has-post-thumbnail","6":"product_brand-svakom","7":"product_cat-anal","8":"product_cat-analdugok-prosztata-masszirozok","9":"product_tag-anal-dugo","10":"product_tag-anal-jatek","11":"product_tag-anal-play","12":"product_tag-anal-plug","13":"product_tag-anal-stimulacio","14":"product_tag-anal-stimulation","15":"product_tag-anal-toy","16":"product_tag-analis-vibrator","17":"product_tag-hatso-jatek","18":"product_tag-intimate-toy","19":"product_tag-p-spot-toy","20":"product_tag-prostate-massager","21":"product_tag-prosztata-masszirozo","22":"product_tag-unisex-vibracios-jatek","23":"product_tag-vibracios-anal-dugo","24":"product_tag-vibracios-anal-jatek","25":"product_tag-vibracios-szexjatek","26":"product_tag-vibrating-anal-plug","27":"product_tag-vibrating-anal-toy","28":"product_tag-vibrating-sex-toy","30":"first","31":"instock","32":"taxable","33":"shipping-taxable","34":"purchasable","35":"product-type-simple"},"yoast_head":"<!-- This site is optimized with the Yoast SEO plugin v27.4 - https:\/\/yoast.com\/product\/yoast-seo-wordpress\/ -->\n<title>Primo Black - A popsid luxusra v\u00e1gyik? Hadd mutassuk be a cs\u00facskateg\u00f3ri\u00e1s seg\u00e9deszk\u00f6zt, ami egyszerre t\u00e1g\u00edt, rezeg, \u00e9s meleg\u00edt! \ud83d\udd25 - Szexshop Belvaros<\/title>\n<meta name=\"robots\" content=\"index, follow, max-snippet:-1, max-image-preview:large, max-video-preview:-1\" \/>\n<link rel=\"canonical\" href=\"https:\/\/www.szexshopbelvaros.com\/en\/product\/primo-black\/\" \/>\n<meta property=\"og:locale\" content=\"en_US\" \/>\n<meta property=\"og:type\" content=\"article\" \/>\n<meta property=\"og:title\" content=\"Primo Black - A popsid luxusra v\u00e1gyik? Hadd mutassuk be a cs\u00facskateg\u00f3ri\u00e1s seg\u00e9deszk\u00f6zt, ami egyszerre t\u00e1g\u00edt, rezeg, \u00e9s meleg\u00edt! \ud83d\udd25 - Szexshop Belvaros\" \/>\n<meta property=\"og:description\" content=\"Ez a pr\u00e9mium szilikonb\u00f3l k\u00e9sz\u00fclt uniszex an\u00e1lt\u00e1g\u00edt\u00f3 5 rezg\u00e9si funkci\u00f3val \u00e9s 5 sebess\u00e9ggel k\u00e9nyeztet \u2014 legyen sz\u00f3 lass\u00fa, \u00e9rz\u00e9ki ringat\u00e1sr\u00f3l vagy vad rezg\u00e9scunamir\u00f3l. A 38 \u2103-ra felmeleged\u0151 test sz\u00f3 szerint felforr\u00f3s\u00edtja a hangulatot, mik\u00f6zben vibr\u00e1l\u00f3 fen\u00e9kdug\u00f3k\u00e9nt \u00e9s prosztata massz\u00edroz\u00f3k\u00e9nt is mesterien m\u0171k\u00f6dik. A t\u00e1vir\u00e1ny\u00edt\u00f3s an\u00e1l t\u00e1g\u00edt\u00f3 5 m\u00e9teres hat\u00f3t\u00e1vols\u00e1ggal m\u0171k\u00f6dik, \u00edgy ir\u00e1ny\u00edthatod magadnak\u2026 vagy odaadod [...]\" \/>\n<meta property=\"og:url\" content=\"https:\/\/www.szexshopbelvaros.com\/en\/product\/primo-black\/\" \/>\n<meta property=\"og:site_name\" content=\"Szexshop Belvaros\" \/>\n<meta property=\"article:publisher\" content=\"https:\/\/www.facebook.com\/belvarossecrets\/\" \/>\n<meta property=\"article:modified_time\" content=\"2026-04-10T13:54:04+00:00\" \/>\n<meta property=\"og:image\" content=\"https:\/\/www.szexshopbelvaros.com\/wp-content\/uploads\/2025\/01\/Untitled-design-12.png\" \/>\n\t<meta property=\"og:image:width\" content=\"2048\" \/>\n\t<meta property=\"og:image:height\" content=\"1152\" \/>\n\t<meta property=\"og:image:type\" content=\"image\/png\" \/>\n<meta name=\"twitter:card\" content=\"summary_large_image\" \/>\n<meta name=\"twitter:site\" content=\"@belvarossecrets\" \/>\n<meta name=\"twitter:label1\" content=\"Est. reading time\" \/>\n\t<meta name=\"twitter:data1\" content=\"1 minute\" \/>\n<script type=\"application\/ld+json\" class=\"yoast-schema-graph\">{\"@context\":\"https:\\\/\\\/schema.org\",\"@graph\":[{\"@type\":\"WebPage\",\"@id\":\"https:\\\/\\\/www.szexshopbelvaros.com\\\/termek\\\/primo-black\\\/\",\"url\":\"https:\\\/\\\/www.szexshopbelvaros.com\\\/termek\\\/primo-black\\\/\",\"name\":\"Primo Black - A popsid luxusra v\u00e1gyik? Hadd mutassuk be a cs\u00facskateg\u00f3ri\u00e1s seg\u00e9deszk\u00f6zt, ami egyszerre t\u00e1g\u00edt, rezeg, \u00e9s meleg\u00edt! \ud83d\udd25 - Szexshop Belvaros\",\"isPartOf\":{\"@id\":\"https:\\\/\\\/www.szexshopbelvaros.com\\\/#website\"},\"primaryImageOfPage\":{\"@id\":\"https:\\\/\\\/www.szexshopbelvaros.com\\\/termek\\\/primo-black\\\/#primaryimage\"},\"image\":{\"@id\":\"https:\\\/\\\/www.szexshopbelvaros.com\\\/termek\\\/primo-black\\\/#primaryimage\"},\"thumbnailUrl\":\"https:\\\/\\\/www.szexshopbelvaros.com\\\/wp-content\\\/uploads\\\/2025\\\/01\\\/Untitled-design-12.png\",\"datePublished\":\"2025-01-31T13:43:45+00:00\",\"dateModified\":\"2026-04-10T13:54:04+00:00\",\"breadcrumb\":{\"@id\":\"https:\\\/\\\/www.szexshopbelvaros.com\\\/termek\\\/primo-black\\\/#breadcrumb\"},\"inLanguage\":\"en-US\",\"potentialAction\":[{\"@type\":\"ReadAction\",\"target\":[\"https:\\\/\\\/www.szexshopbelvaros.com\\\/termek\\\/primo-black\\\/\"]}]},{\"@type\":\"ImageObject\",\"inLanguage\":\"en-US\",\"@id\":\"https:\\\/\\\/www.szexshopbelvaros.com\\\/termek\\\/primo-black\\\/#primaryimage\",\"url\":\"https:\\\/\\\/www.szexshopbelvaros.com\\\/wp-content\\\/uploads\\\/2025\\\/01\\\/Untitled-design-12.png\",\"contentUrl\":\"https:\\\/\\\/www.szexshopbelvaros.com\\\/wp-content\\\/uploads\\\/2025\\\/01\\\/Untitled-design-12.png\",\"width\":2048,\"height\":1152},{\"@type\":\"BreadcrumbList\",\"@id\":\"https:\\\/\\\/www.szexshopbelvaros.com\\\/termek\\\/primo-black\\\/#breadcrumb\",\"itemListElement\":[{\"@type\":\"ListItem\",\"position\":1,\"name\":\"Home\",\"item\":\"https:\\\/\\\/www.szexshopbelvaros.com\\\/\"},{\"@type\":\"ListItem\",\"position\":2,\"name\":\"\u00c1ruh\u00e1z\",\"item\":\"https:\\\/\\\/www.szexshopbelvaros.com\\\/uzlet\\\/\"},{\"@type\":\"ListItem\",\"position\":3,\"name\":\"Primo Black &#8211; A popsid luxusra v\u00e1gyik? Hadd mutassuk be a cs\u00facskateg\u00f3ri\u00e1s seg\u00e9deszk\u00f6zt, ami egyszerre t\u00e1g\u00edt, rezeg, \u00e9s meleg\u00edt! \ud83d\udd25\"}]},{\"@type\":\"WebSite\",\"@id\":\"https:\\\/\\\/www.szexshopbelvaros.com\\\/#website\",\"url\":\"https:\\\/\\\/www.szexshopbelvaros.com\\\/\",\"name\":\"Szexshop Belv\u00e1ros\",\"description\":\"\ud83d\udd25 A szex olyan, mint a p\u00e9nz; csak a t\u00fal sok el\u00e9g!\u2122 Titkok a belv\u00e1rosb\u00f3l \ud83d\udc8b | Secrets from Budapest \ud83d\udc8e Feln\u0151tt j\u00e1t\u00e9kok \u2022 Erotika \u2022 Szexshop Belvaros\",\"publisher\":{\"@id\":\"https:\\\/\\\/www.szexshopbelvaros.com\\\/#organization\"},\"potentialAction\":[{\"@type\":\"SearchAction\",\"target\":{\"@type\":\"EntryPoint\",\"urlTemplate\":\"https:\\\/\\\/www.szexshopbelvaros.com\\\/?s={search_term_string}\"},\"query-input\":{\"@type\":\"PropertyValueSpecification\",\"valueRequired\":true,\"valueName\":\"search_term_string\"}}],\"inLanguage\":\"en-US\"},{\"@type\":\"Organization\",\"@id\":\"https:\\\/\\\/www.szexshopbelvaros.com\\\/#organization\",\"name\":\"Szexshop Belv\u00e1ros\",\"alternateName\":\"szexshopbelvaros.com\",\"url\":\"https:\\\/\\\/www.szexshopbelvaros.com\\\/\",\"logo\":{\"@type\":\"ImageObject\",\"inLanguage\":\"en-US\",\"@id\":\"https:\\\/\\\/www.szexshopbelvaros.com\\\/#\\\/schema\\\/logo\\\/image\\\/\",\"url\":\"https:\\\/\\\/www.szexshopbelvaros.com\\\/wp-content\\\/uploads\\\/2025\\\/09\\\/1Szexshopbelvaroslogo_blurred_stronger.jpg\",\"contentUrl\":\"https:\\\/\\\/www.szexshopbelvaros.com\\\/wp-content\\\/uploads\\\/2025\\\/09\\\/1Szexshopbelvaroslogo_blurred_stronger.jpg\",\"width\":1024,\"height\":1024,\"caption\":\"Szexshop Belv\u00e1ros\"},\"image\":{\"@id\":\"https:\\\/\\\/www.szexshopbelvaros.com\\\/#\\\/schema\\\/logo\\\/image\\\/\"},\"sameAs\":[\"https:\\\/\\\/www.facebook.com\\\/belvarossecrets\\\/\",\"https:\\\/\\\/x.com\\\/belvarossecrets\",\"https:\\\/\\\/www.instagram.com\\\/belvarossecrets\\\/\",\"https:\\\/\\\/www.tiktok.com\\\/@belvarossecrets\"]}]}<\/script>\n<!-- \/ Yoast SEO plugin. -->","yoast_head_json":{"title":"Primo Black - Does your butt crave luxury? Let us introduce you to the high-end device that expands, vibrates, and warms you at the same time! \ud83d\udd25 - Szexshop Belvaros","robots":{"index":"index","follow":"follow","max-snippet":"max-snippet:-1","max-image-preview":"max-image-preview:large","max-video-preview":"max-video-preview:-1"},"canonical":"https:\/\/www.szexshopbelvaros.com\/en\/product\/primo-black\/","og_locale":"en_US","og_type":"article","og_title":"Primo Black - A popsid luxusra v\u00e1gyik? Hadd mutassuk be a cs\u00facskateg\u00f3ri\u00e1s seg\u00e9deszk\u00f6zt, ami egyszerre t\u00e1g\u00edt, rezeg, \u00e9s meleg\u00edt! \ud83d\udd25 - Szexshop Belvaros","og_description":"Ez a pr\u00e9mium szilikonb\u00f3l k\u00e9sz\u00fclt uniszex an\u00e1lt\u00e1g\u00edt\u00f3 5 rezg\u00e9si funkci\u00f3val \u00e9s 5 sebess\u00e9ggel k\u00e9nyeztet \u2014 legyen sz\u00f3 lass\u00fa, \u00e9rz\u00e9ki ringat\u00e1sr\u00f3l vagy vad rezg\u00e9scunamir\u00f3l. A 38 \u2103-ra felmeleged\u0151 test sz\u00f3 szerint felforr\u00f3s\u00edtja a hangulatot, mik\u00f6zben vibr\u00e1l\u00f3 fen\u00e9kdug\u00f3k\u00e9nt \u00e9s prosztata massz\u00edroz\u00f3k\u00e9nt is mesterien m\u0171k\u00f6dik. A t\u00e1vir\u00e1ny\u00edt\u00f3s an\u00e1l t\u00e1g\u00edt\u00f3 5 m\u00e9teres hat\u00f3t\u00e1vols\u00e1ggal m\u0171k\u00f6dik, \u00edgy ir\u00e1ny\u00edthatod magadnak\u2026 vagy odaadod [...]","og_url":"https:\/\/www.szexshopbelvaros.com\/en\/product\/primo-black\/","og_site_name":"Szexshop Belvaros","article_publisher":"https:\/\/www.facebook.com\/belvarossecrets\/","article_modified_time":"2026-04-10T13:54:04+00:00","og_image":[{"width":2048,"height":1152,"url":"https:\/\/www.szexshopbelvaros.com\/wp-content\/uploads\/2025\/01\/Untitled-design-12.png","type":"image\/png"}],"twitter_card":"summary_large_image","twitter_site":"@belvarossecrets","twitter_misc":{"Est. reading time":"1 minute"},"schema":{"@context":"https:\/\/schema.org","@graph":[{"@type":"WebPage","@id":"https:\/\/www.szexshopbelvaros.com\/termek\/primo-black\/","url":"https:\/\/www.szexshopbelvaros.com\/termek\/primo-black\/","name":"Primo Black - Does your butt crave luxury? Let us introduce you to the high-end device that expands, vibrates, and warms you at the same time! \ud83d\udd25 - Szexshop Belvaros","isPartOf":{"@id":"https:\/\/www.szexshopbelvaros.com\/#website"},"primaryImageOfPage":{"@id":"https:\/\/www.szexshopbelvaros.com\/termek\/primo-black\/#primaryimage"},"image":{"@id":"https:\/\/www.szexshopbelvaros.com\/termek\/primo-black\/#primaryimage"},"thumbnailUrl":"https:\/\/www.szexshopbelvaros.com\/wp-content\/uploads\/2025\/01\/Untitled-design-12.png","datePublished":"2025-01-31T13:43:45+00:00","dateModified":"2026-04-10T13:54:04+00:00","breadcrumb":{"@id":"https:\/\/www.szexshopbelvaros.com\/termek\/primo-black\/#breadcrumb"},"inLanguage":"en-US","potentialAction":[{"@type":"ReadAction","target":["https:\/\/www.szexshopbelvaros.com\/termek\/primo-black\/"]}]},{"@type":"ImageObject","inLanguage":"en-US","@id":"https:\/\/www.szexshopbelvaros.com\/termek\/primo-black\/#primaryimage","url":"https:\/\/www.szexshopbelvaros.com\/wp-content\/uploads\/2025\/01\/Untitled-design-12.png","contentUrl":"https:\/\/www.szexshopbelvaros.com\/wp-content\/uploads\/2025\/01\/Untitled-design-12.png","width":2048,"height":1152},{"@type":"BreadcrumbList","@id":"https:\/\/www.szexshopbelvaros.com\/termek\/primo-black\/#breadcrumb","itemListElement":[{"@type":"ListItem","position":1,"name":"Home","item":"https:\/\/www.szexshopbelvaros.com\/"},{"@type":"ListItem","position":2,"name":"\u00c1ruh\u00e1z","item":"https:\/\/www.szexshopbelvaros.com\/uzlet\/"},{"@type":"ListItem","position":3,"name":"Primo Black &#8211; A popsid luxusra v\u00e1gyik? Hadd mutassuk be a cs\u00facskateg\u00f3ri\u00e1s seg\u00e9deszk\u00f6zt, ami egyszerre t\u00e1g\u00edt, rezeg, \u00e9s meleg\u00edt! \ud83d\udd25"}]},{"@type":"WebSite","@id":"https:\/\/www.szexshopbelvaros.com\/#website","url":"https:\/\/www.szexshopbelvaros.com\/","name":"at our Szexshop Belv\u00e1ros","description":"\ud83d\udd25 Sex is like money; only too much is enough!\u2122 Secrets from the city center \ud83d\udc8b | Secrets from Budapest \ud83d\udc8e Adult games \u2022 Erotica \u2022 Sex shop Belvaros","publisher":{"@id":"https:\/\/www.szexshopbelvaros.com\/#organization"},"potentialAction":[{"@type":"SearchAction","target":{"@type":"EntryPoint","urlTemplate":"https:\/\/www.szexshopbelvaros.com\/?s={search_term_string}"},"query-input":{"@type":"PropertyValueSpecification","valueRequired":true,"valueName":"search_term_string"}}],"inLanguage":"en-US"},{"@type":"Organization","@id":"https:\/\/www.szexshopbelvaros.com\/#organization","name":"at our Szexshop Belv\u00e1ros","alternateName":"szexshopbelvaros.com","url":"https:\/\/www.szexshopbelvaros.com\/","logo":{"@type":"ImageObject","inLanguage":"en-US","@id":"https:\/\/www.szexshopbelvaros.com\/#\/schema\/logo\/image\/","url":"https:\/\/www.szexshopbelvaros.com\/wp-content\/uploads\/2025\/09\/1Szexshopbelvaroslogo_blurred_stronger.jpg","contentUrl":"https:\/\/www.szexshopbelvaros.com\/wp-content\/uploads\/2025\/09\/1Szexshopbelvaroslogo_blurred_stronger.jpg","width":1024,"height":1024,"caption":"Szexshop Belv\u00e1ros"},"image":{"@id":"https:\/\/www.szexshopbelvaros.com\/#\/schema\/logo\/image\/"},"sameAs":["https:\/\/www.facebook.com\/belvarossecrets\/","https:\/\/x.com\/belvarossecrets","https:\/\/www.instagram.com\/belvarossecrets\/","https:\/\/www.tiktok.com\/@belvarossecrets"]}]}},"_links":{"self":[{"href":"https:\/\/www.szexshopbelvaros.com\/en\/wp-json\/wp\/v2\/product\/618","targetHints":{"allow":["GET"]}}],"collection":[{"href":"https:\/\/www.szexshopbelvaros.com\/en\/wp-json\/wp\/v2\/product"}],"about":[{"href":"https:\/\/www.szexshopbelvaros.com\/en\/wp-json\/wp\/v2\/types\/product"}],"replies":[{"embeddable":true,"href":"https:\/\/www.szexshopbelvaros.com\/en\/wp-json\/wp\/v2\/comments?post=618"}],"wp:featuredmedia":[{"embeddable":true,"href":"https:\/\/www.szexshopbelvaros.com\/en\/wp-json\/wp\/v2\/media\/2722"}],"wp:attachment":[{"href":"https:\/\/www.szexshopbelvaros.com\/en\/wp-json\/wp\/v2\/media?parent=618"}],"wp:term":[{"taxonomy":"product_brand","embeddable":true,"href":"https:\/\/www.szexshopbelvaros.com\/en\/wp-json\/wp\/v2\/product_brand?post=618"},{"taxonomy":"product_cat","embeddable":true,"href":"https:\/\/www.szexshopbelvaros.com\/en\/wp-json\/wp\/v2\/product_cat?post=618"},{"taxonomy":"product_tag","embeddable":true,"href":"https:\/\/www.szexshopbelvaros.com\/en\/wp-json\/wp\/v2\/product_tag?post=618"}],"curies":[{"name":"wp","href":"https:\/\/api.w.org\/{rel}","templated":true}]}}