{"id":624,"date":"2025-01-31T14:43:45","date_gmt":"2025-01-31T13:43:45","guid":{"rendered":"https:\/\/www.szexshopbelvaros.com\/termek\/x-men-electric-penis-pump-white-premium-peniszpumpa\/"},"modified":"2026-04-10T14:01:01","modified_gmt":"2026-04-10T12:01:01","slug":"x-men-electric-penis-pump-white-premium-peniszpumpa","status":"publish","type":"product","link":"https:\/\/www.szexshopbelvaros.com\/en\/product\/x-men-electric-penis-pump-white-premium-peniszpumpa\/","title":{"rendered":"X-Men Electric Premium Penis Pump"},"content":{"rendered":"<p>Fully automated premium penis pump with adjustable suction power, allowing one-handed use. The vacuum intensity can be easily adjusted with a single button. The vibration intensity increases the blood supply to the corpus cavernosum. In addition to increasing erection ability, it can also increase the size of the penis. The pump operates silently, is rechargeable via USB cable, and can be easily disassembled for cleaning the cylinder and vagina. The package also includes an insert with a vagina-shaping body opening and a silicone ring.<br \/>\nCleaning: Before and after each use, the ring should be removed from the cylinder and both should be washed with lukewarm soapy water and an appliance cleaner.<br \/>\nMaterial Silicone, ABS<br \/>\nDiameter (cm) 7<br \/>\nBattery Rechargeable<br \/>\nLength (cm) 20.3<br \/>\nSpecial feature: waterproof, vibrator<br \/>\nColor White<br \/>\nProduct group penis pump<\/p>\n<p>&nbsp;<\/p>","protected":false},"excerpt":{"rendered":"<p>\u00c1ll\u00edthat\u00f3 sz\u00edv\u00f3er\u0151 funkci\u00f3val ell\u00e1tott, teljesen automatiz\u00e1lt pr\u00e9mium p\u00e9niszpumpa, mely \u00edgy lehet\u0151v\u00e9 teszi az egykezes haszn\u00e1latot. A v\u00e1kuum intenzit\u00e1sa k\u00f6nnyen, egyetlen gomb seg\u00edts\u00e9g\u00e9vel szab\u00e1lyozhat\u00f3. A rezg\u00e9s intenzit\u00e1sa fokozza a barlangos test v\u00e9rell\u00e1t\u00e1s\u00e1t. Haszn\u00e1lat\u00e1val az erekci\u00f3s k\u00e9pess\u00e9g fokoz\u00e1s\u00e1n k\u00edv\u00fcl a h\u00edmvessz\u0151 m\u00e9rete is n\u00f6velhet\u0151. A pumpa m\u0171k\u00f6d\u00e9se csendes, USB-k\u00e1bellel \u00fajrat\u00f6lthet\u0151, \u00e9s a henger \u00e9s a h\u00fcvelyek tiszt\u00edt\u00e1s\u00e1hoz [&#8230;]\n","protected":false},"featured_media":625,"comment_status":"closed","ping_status":"closed","template":"","meta":[],"product_brand":[161],"product_cat":[68,149],"product_tag":[1857,2166,2069,2068,1104,2169,1855,2168,2167,573,2170,1858,1856,2084,1075,568,2083,2081,2085,220,1081,2082],"class_list":{"0":"post-624","1":"product","2":"type-product","3":"status-publish","4":"has-post-thumbnail","6":"product_brand-x-men","7":"product_cat-ferfiaknak","8":"product_cat-peniszkoppenyek-pumpak","9":"product_tag-adult-toy-for-men","10":"product_tag-ferfi-elvezet","11":"product_tag-ferfi-felnott-jatek","12":"product_tag-ferfi-intim-jatek","13":"product_tag-ferfi-kiegeszito","14":"product_tag-ferfi-stimulacio","15":"product_tag-ferfi-szexjatek","16":"product_tag-intimate-toy-for-men","17":"product_tag-male-adult-toy","18":"product_tag-male-sex-toy","19":"product_tag-male-stimulation-device","20":"product_tag-mens-accessory","21":"product_tag-mens-pleasure","22":"product_tag-merevedes-pumpa","23":"product_tag-penis-pump","24":"product_tag-penis-sleeve","25":"product_tag-penisz-kopeny","26":"product_tag-penisz-pumpa","27":"product_tag-stimulation-sleeve","28":"product_tag-szexshop-belvaros","29":"product_tag-vacuum-pump","30":"product_tag-vakum-pumpa","32":"first","33":"instock","34":"taxable","35":"shipping-taxable","36":"purchasable","37":"product-type-simple"},"yoast_head":"<!-- This site is optimized with the Yoast SEO plugin v27.4 - https:\/\/yoast.com\/product\/yoast-seo-wordpress\/ -->\n<title>X-Men Villany Pr\u00e9mium P\u00e9niszpumpa - Szexshop Belvaros<\/title>\n<meta name=\"robots\" content=\"index, follow, max-snippet:-1, max-image-preview:large, max-video-preview:-1\" \/>\n<link rel=\"canonical\" href=\"https:\/\/www.szexshopbelvaros.com\/en\/product\/x-men-electric-penis-pump-white-premium-peniszpumpa\/\" \/>\n<meta property=\"og:locale\" content=\"en_US\" \/>\n<meta property=\"og:type\" content=\"article\" \/>\n<meta property=\"og:title\" content=\"X-Men Villany Pr\u00e9mium P\u00e9niszpumpa - Szexshop Belvaros\" \/>\n<meta property=\"og:description\" content=\"\u00c1ll\u00edthat\u00f3 sz\u00edv\u00f3er\u0151 funkci\u00f3val ell\u00e1tott, teljesen automatiz\u00e1lt pr\u00e9mium p\u00e9niszpumpa, mely \u00edgy lehet\u0151v\u00e9 teszi az egykezes haszn\u00e1latot. A v\u00e1kuum intenzit\u00e1sa k\u00f6nnyen, egyetlen gomb seg\u00edts\u00e9g\u00e9vel szab\u00e1lyozhat\u00f3. A rezg\u00e9s intenzit\u00e1sa fokozza a barlangos test v\u00e9rell\u00e1t\u00e1s\u00e1t. Haszn\u00e1lat\u00e1val az erekci\u00f3s k\u00e9pess\u00e9g fokoz\u00e1s\u00e1n k\u00edv\u00fcl a h\u00edmvessz\u0151 m\u00e9rete is n\u00f6velhet\u0151. A pumpa m\u0171k\u00f6d\u00e9se csendes, USB-k\u00e1bellel \u00fajrat\u00f6lthet\u0151, \u00e9s a henger \u00e9s a h\u00fcvelyek tiszt\u00edt\u00e1s\u00e1hoz [...]\" \/>\n<meta property=\"og:url\" content=\"https:\/\/www.szexshopbelvaros.com\/en\/product\/x-men-electric-penis-pump-white-premium-peniszpumpa\/\" \/>\n<meta property=\"og:site_name\" content=\"Szexshop Belvaros\" \/>\n<meta property=\"article:publisher\" content=\"https:\/\/www.facebook.com\/belvarossecrets\/\" \/>\n<meta property=\"article:modified_time\" content=\"2026-04-10T12:01:01+00:00\" \/>\n<meta property=\"og:image\" content=\"https:\/\/www.szexshopbelvaros.com\/wp-content\/uploads\/2025\/01\/8365d596-fd8f-11ee-be5c-ba0194eb8cfc_49276_1000x1000.jpg\" \/>\n\t<meta property=\"og:image:width\" content=\"1200\" \/>\n\t<meta property=\"og:image:height\" content=\"675\" \/>\n\t<meta property=\"og:image:type\" content=\"image\/jpeg\" \/>\n<meta name=\"twitter:card\" content=\"summary_large_image\" \/>\n<meta name=\"twitter:site\" content=\"@belvarossecrets\" \/>\n<meta name=\"twitter:label1\" content=\"Est. reading time\" \/>\n\t<meta name=\"twitter:data1\" content=\"1 minute\" \/>\n<script type=\"application\/ld+json\" class=\"yoast-schema-graph\">{\"@context\":\"https:\\\/\\\/schema.org\",\"@graph\":[{\"@type\":\"WebPage\",\"@id\":\"https:\\\/\\\/www.szexshopbelvaros.com\\\/termek\\\/x-men-electric-penis-pump-white-premium-peniszpumpa\\\/\",\"url\":\"https:\\\/\\\/www.szexshopbelvaros.com\\\/termek\\\/x-men-electric-penis-pump-white-premium-peniszpumpa\\\/\",\"name\":\"X-Men Villany Pr\u00e9mium P\u00e9niszpumpa - Szexshop Belvaros\",\"isPartOf\":{\"@id\":\"https:\\\/\\\/www.szexshopbelvaros.com\\\/#website\"},\"primaryImageOfPage\":{\"@id\":\"https:\\\/\\\/www.szexshopbelvaros.com\\\/termek\\\/x-men-electric-penis-pump-white-premium-peniszpumpa\\\/#primaryimage\"},\"image\":{\"@id\":\"https:\\\/\\\/www.szexshopbelvaros.com\\\/termek\\\/x-men-electric-penis-pump-white-premium-peniszpumpa\\\/#primaryimage\"},\"thumbnailUrl\":\"https:\\\/\\\/www.szexshopbelvaros.com\\\/wp-content\\\/uploads\\\/2025\\\/01\\\/8365d596-fd8f-11ee-be5c-ba0194eb8cfc_49276_1000x1000.jpg\",\"datePublished\":\"2025-01-31T13:43:45+00:00\",\"dateModified\":\"2026-04-10T12:01:01+00:00\",\"breadcrumb\":{\"@id\":\"https:\\\/\\\/www.szexshopbelvaros.com\\\/termek\\\/x-men-electric-penis-pump-white-premium-peniszpumpa\\\/#breadcrumb\"},\"inLanguage\":\"en-US\",\"potentialAction\":[{\"@type\":\"ReadAction\",\"target\":[\"https:\\\/\\\/www.szexshopbelvaros.com\\\/termek\\\/x-men-electric-penis-pump-white-premium-peniszpumpa\\\/\"]}]},{\"@type\":\"ImageObject\",\"inLanguage\":\"en-US\",\"@id\":\"https:\\\/\\\/www.szexshopbelvaros.com\\\/termek\\\/x-men-electric-penis-pump-white-premium-peniszpumpa\\\/#primaryimage\",\"url\":\"https:\\\/\\\/www.szexshopbelvaros.com\\\/wp-content\\\/uploads\\\/2025\\\/01\\\/8365d596-fd8f-11ee-be5c-ba0194eb8cfc_49276_1000x1000.jpg\",\"contentUrl\":\"https:\\\/\\\/www.szexshopbelvaros.com\\\/wp-content\\\/uploads\\\/2025\\\/01\\\/8365d596-fd8f-11ee-be5c-ba0194eb8cfc_49276_1000x1000.jpg\",\"width\":1200,\"height\":675},{\"@type\":\"BreadcrumbList\",\"@id\":\"https:\\\/\\\/www.szexshopbelvaros.com\\\/termek\\\/x-men-electric-penis-pump-white-premium-peniszpumpa\\\/#breadcrumb\",\"itemListElement\":[{\"@type\":\"ListItem\",\"position\":1,\"name\":\"Home\",\"item\":\"https:\\\/\\\/www.szexshopbelvaros.com\\\/\"},{\"@type\":\"ListItem\",\"position\":2,\"name\":\"\u00c1ruh\u00e1z\",\"item\":\"https:\\\/\\\/www.szexshopbelvaros.com\\\/uzlet\\\/\"},{\"@type\":\"ListItem\",\"position\":3,\"name\":\"X-Men Villany Pr\u00e9mium P\u00e9niszpumpa\"}]},{\"@type\":\"WebSite\",\"@id\":\"https:\\\/\\\/www.szexshopbelvaros.com\\\/#website\",\"url\":\"https:\\\/\\\/www.szexshopbelvaros.com\\\/\",\"name\":\"Szexshop Belv\u00e1ros\",\"description\":\"\ud83d\udd25 A szex olyan, mint a p\u00e9nz; csak a t\u00fal sok el\u00e9g!\u2122 Titkok a belv\u00e1rosb\u00f3l \ud83d\udc8b | Secrets from Budapest \ud83d\udc8e Feln\u0151tt j\u00e1t\u00e9kok \u2022 Erotika \u2022 Szexshop Belvaros\",\"publisher\":{\"@id\":\"https:\\\/\\\/www.szexshopbelvaros.com\\\/#organization\"},\"potentialAction\":[{\"@type\":\"SearchAction\",\"target\":{\"@type\":\"EntryPoint\",\"urlTemplate\":\"https:\\\/\\\/www.szexshopbelvaros.com\\\/?s={search_term_string}\"},\"query-input\":{\"@type\":\"PropertyValueSpecification\",\"valueRequired\":true,\"valueName\":\"search_term_string\"}}],\"inLanguage\":\"en-US\"},{\"@type\":\"Organization\",\"@id\":\"https:\\\/\\\/www.szexshopbelvaros.com\\\/#organization\",\"name\":\"Szexshop Belv\u00e1ros\",\"alternateName\":\"szexshopbelvaros.com\",\"url\":\"https:\\\/\\\/www.szexshopbelvaros.com\\\/\",\"logo\":{\"@type\":\"ImageObject\",\"inLanguage\":\"en-US\",\"@id\":\"https:\\\/\\\/www.szexshopbelvaros.com\\\/#\\\/schema\\\/logo\\\/image\\\/\",\"url\":\"https:\\\/\\\/www.szexshopbelvaros.com\\\/wp-content\\\/uploads\\\/2025\\\/09\\\/1Szexshopbelvaroslogo_blurred_stronger.jpg\",\"contentUrl\":\"https:\\\/\\\/www.szexshopbelvaros.com\\\/wp-content\\\/uploads\\\/2025\\\/09\\\/1Szexshopbelvaroslogo_blurred_stronger.jpg\",\"width\":1024,\"height\":1024,\"caption\":\"Szexshop Belv\u00e1ros\"},\"image\":{\"@id\":\"https:\\\/\\\/www.szexshopbelvaros.com\\\/#\\\/schema\\\/logo\\\/image\\\/\"},\"sameAs\":[\"https:\\\/\\\/www.facebook.com\\\/belvarossecrets\\\/\",\"https:\\\/\\\/x.com\\\/belvarossecrets\",\"https:\\\/\\\/www.instagram.com\\\/belvarossecrets\\\/\",\"https:\\\/\\\/www.tiktok.com\\\/@belvarossecrets\"]}]}<\/script>\n<!-- \/ Yoast SEO plugin. -->","yoast_head_json":{"title":"X-Men Electric Premium Penis Pump - Sexshop Belvaros","robots":{"index":"index","follow":"follow","max-snippet":"max-snippet:-1","max-image-preview":"max-image-preview:large","max-video-preview":"max-video-preview:-1"},"canonical":"https:\/\/www.szexshopbelvaros.com\/en\/product\/x-men-electric-penis-pump-white-premium-peniszpumpa\/","og_locale":"en_US","og_type":"article","og_title":"X-Men Villany Pr\u00e9mium P\u00e9niszpumpa - Szexshop Belvaros","og_description":"\u00c1ll\u00edthat\u00f3 sz\u00edv\u00f3er\u0151 funkci\u00f3val ell\u00e1tott, teljesen automatiz\u00e1lt pr\u00e9mium p\u00e9niszpumpa, mely \u00edgy lehet\u0151v\u00e9 teszi az egykezes haszn\u00e1latot. A v\u00e1kuum intenzit\u00e1sa k\u00f6nnyen, egyetlen gomb seg\u00edts\u00e9g\u00e9vel szab\u00e1lyozhat\u00f3. A rezg\u00e9s intenzit\u00e1sa fokozza a barlangos test v\u00e9rell\u00e1t\u00e1s\u00e1t. Haszn\u00e1lat\u00e1val az erekci\u00f3s k\u00e9pess\u00e9g fokoz\u00e1s\u00e1n k\u00edv\u00fcl a h\u00edmvessz\u0151 m\u00e9rete is n\u00f6velhet\u0151. A pumpa m\u0171k\u00f6d\u00e9se csendes, USB-k\u00e1bellel \u00fajrat\u00f6lthet\u0151, \u00e9s a henger \u00e9s a h\u00fcvelyek tiszt\u00edt\u00e1s\u00e1hoz [...]","og_url":"https:\/\/www.szexshopbelvaros.com\/en\/product\/x-men-electric-penis-pump-white-premium-peniszpumpa\/","og_site_name":"Szexshop Belvaros","article_publisher":"https:\/\/www.facebook.com\/belvarossecrets\/","article_modified_time":"2026-04-10T12:01:01+00:00","og_image":[{"width":1200,"height":675,"url":"https:\/\/www.szexshopbelvaros.com\/wp-content\/uploads\/2025\/01\/8365d596-fd8f-11ee-be5c-ba0194eb8cfc_49276_1000x1000.jpg","type":"image\/jpeg"}],"twitter_card":"summary_large_image","twitter_site":"@belvarossecrets","twitter_misc":{"Est. reading time":"1 minute"},"schema":{"@context":"https:\/\/schema.org","@graph":[{"@type":"WebPage","@id":"https:\/\/www.szexshopbelvaros.com\/termek\/x-men-electric-penis-pump-white-premium-peniszpumpa\/","url":"https:\/\/www.szexshopbelvaros.com\/termek\/x-men-electric-penis-pump-white-premium-peniszpumpa\/","name":"X-Men Electric Premium Penis Pump - Sexshop Belvaros","isPartOf":{"@id":"https:\/\/www.szexshopbelvaros.com\/#website"},"primaryImageOfPage":{"@id":"https:\/\/www.szexshopbelvaros.com\/termek\/x-men-electric-penis-pump-white-premium-peniszpumpa\/#primaryimage"},"image":{"@id":"https:\/\/www.szexshopbelvaros.com\/termek\/x-men-electric-penis-pump-white-premium-peniszpumpa\/#primaryimage"},"thumbnailUrl":"https:\/\/www.szexshopbelvaros.com\/wp-content\/uploads\/2025\/01\/8365d596-fd8f-11ee-be5c-ba0194eb8cfc_49276_1000x1000.jpg","datePublished":"2025-01-31T13:43:45+00:00","dateModified":"2026-04-10T12:01:01+00:00","breadcrumb":{"@id":"https:\/\/www.szexshopbelvaros.com\/termek\/x-men-electric-penis-pump-white-premium-peniszpumpa\/#breadcrumb"},"inLanguage":"en-US","potentialAction":[{"@type":"ReadAction","target":["https:\/\/www.szexshopbelvaros.com\/termek\/x-men-electric-penis-pump-white-premium-peniszpumpa\/"]}]},{"@type":"ImageObject","inLanguage":"en-US","@id":"https:\/\/www.szexshopbelvaros.com\/termek\/x-men-electric-penis-pump-white-premium-peniszpumpa\/#primaryimage","url":"https:\/\/www.szexshopbelvaros.com\/wp-content\/uploads\/2025\/01\/8365d596-fd8f-11ee-be5c-ba0194eb8cfc_49276_1000x1000.jpg","contentUrl":"https:\/\/www.szexshopbelvaros.com\/wp-content\/uploads\/2025\/01\/8365d596-fd8f-11ee-be5c-ba0194eb8cfc_49276_1000x1000.jpg","width":1200,"height":675},{"@type":"BreadcrumbList","@id":"https:\/\/www.szexshopbelvaros.com\/termek\/x-men-electric-penis-pump-white-premium-peniszpumpa\/#breadcrumb","itemListElement":[{"@type":"ListItem","position":1,"name":"Home","item":"https:\/\/www.szexshopbelvaros.com\/"},{"@type":"ListItem","position":2,"name":"\u00c1ruh\u00e1z","item":"https:\/\/www.szexshopbelvaros.com\/uzlet\/"},{"@type":"ListItem","position":3,"name":"X-Men Villany Pr\u00e9mium P\u00e9niszpumpa"}]},{"@type":"WebSite","@id":"https:\/\/www.szexshopbelvaros.com\/#website","url":"https:\/\/www.szexshopbelvaros.com\/","name":"at our Szexshop Belv\u00e1ros","description":"\ud83d\udd25 Sex is like money; only too much is enough!\u2122 Secrets from the city center \ud83d\udc8b | Secrets from Budapest \ud83d\udc8e Adult games \u2022 Erotica \u2022 Sex shop Belvaros","publisher":{"@id":"https:\/\/www.szexshopbelvaros.com\/#organization"},"potentialAction":[{"@type":"SearchAction","target":{"@type":"EntryPoint","urlTemplate":"https:\/\/www.szexshopbelvaros.com\/?s={search_term_string}"},"query-input":{"@type":"PropertyValueSpecification","valueRequired":true,"valueName":"search_term_string"}}],"inLanguage":"en-US"},{"@type":"Organization","@id":"https:\/\/www.szexshopbelvaros.com\/#organization","name":"at our Szexshop Belv\u00e1ros","alternateName":"szexshopbelvaros.com","url":"https:\/\/www.szexshopbelvaros.com\/","logo":{"@type":"ImageObject","inLanguage":"en-US","@id":"https:\/\/www.szexshopbelvaros.com\/#\/schema\/logo\/image\/","url":"https:\/\/www.szexshopbelvaros.com\/wp-content\/uploads\/2025\/09\/1Szexshopbelvaroslogo_blurred_stronger.jpg","contentUrl":"https:\/\/www.szexshopbelvaros.com\/wp-content\/uploads\/2025\/09\/1Szexshopbelvaroslogo_blurred_stronger.jpg","width":1024,"height":1024,"caption":"Szexshop Belv\u00e1ros"},"image":{"@id":"https:\/\/www.szexshopbelvaros.com\/#\/schema\/logo\/image\/"},"sameAs":["https:\/\/www.facebook.com\/belvarossecrets\/","https:\/\/x.com\/belvarossecrets","https:\/\/www.instagram.com\/belvarossecrets\/","https:\/\/www.tiktok.com\/@belvarossecrets"]}]}},"_links":{"self":[{"href":"https:\/\/www.szexshopbelvaros.com\/en\/wp-json\/wp\/v2\/product\/624","targetHints":{"allow":["GET"]}}],"collection":[{"href":"https:\/\/www.szexshopbelvaros.com\/en\/wp-json\/wp\/v2\/product"}],"about":[{"href":"https:\/\/www.szexshopbelvaros.com\/en\/wp-json\/wp\/v2\/types\/product"}],"replies":[{"embeddable":true,"href":"https:\/\/www.szexshopbelvaros.com\/en\/wp-json\/wp\/v2\/comments?post=624"}],"wp:featuredmedia":[{"embeddable":true,"href":"https:\/\/www.szexshopbelvaros.com\/en\/wp-json\/wp\/v2\/media\/625"}],"wp:attachment":[{"href":"https:\/\/www.szexshopbelvaros.com\/en\/wp-json\/wp\/v2\/media?parent=624"}],"wp:term":[{"taxonomy":"product_brand","embeddable":true,"href":"https:\/\/www.szexshopbelvaros.com\/en\/wp-json\/wp\/v2\/product_brand?post=624"},{"taxonomy":"product_cat","embeddable":true,"href":"https:\/\/www.szexshopbelvaros.com\/en\/wp-json\/wp\/v2\/product_cat?post=624"},{"taxonomy":"product_tag","embeddable":true,"href":"https:\/\/www.szexshopbelvaros.com\/en\/wp-json\/wp\/v2\/product_tag?post=624"}],"curies":[{"name":"wp","href":"https:\/\/api.w.org\/{rel}","templated":true}]}}