{"id":628,"date":"2025-01-31T14:43:45","date_gmt":"2025-01-31T13:43:45","guid":{"rendered":"https:\/\/www.szexshopbelvaros.com\/termek\/mighty-one\/"},"modified":"2026-04-10T14:01:01","modified_gmt":"2026-04-10T12:01:01","slug":"mighty-one-peniszgyuru","status":"publish","type":"product","link":"https:\/\/www.szexshopbelvaros.com\/en\/product\/mighty-one-peniszgyuru\/","title":{"rendered":"\u26a1 Mighty One \u2013 the penis ring that holds your cock like an expensive lawyer holds your assets."},"content":{"rendered":"<p><strong data-start=\"499\" data-end=\"546\">The Mighty One penis ring doesn&#039;t caress. It dominates. <\/strong>Made of soft silicone, it hugs your cock like it&#039;s saying, &quot;I&#039;m not coming down from here, dude.&quot; The clitoral stimulation part also shakes your partner up \u2014 with vibrations that will turn your love life into your own EDM festival.<\/p>\n<p>And just when you thought it couldn&#039;t get any cooler than this \u2014 here comes the app.<br \/>\nSatisfyer Connect puts control in your hands, allowing you to create your own vibration patterns, hand over control to others, or feel your favorite music on your cock via Spotify. And Rechargeable! (USB magnetic charger)<\/p>\n<p>Bluetooth + internet + creative sex addicts = \ud83d\udd25<\/p>\n<p>Waterproof, silicone, incredibly high quality, and it can do almost more than your phone. One thing is for sure: when this little blue demon slides on, you&#039;ll be smiling.<\/p>\n<p>\u2b50 <strong data-start=\"1328\" data-end=\"1369\">Get a glimpse of all the <a href=\"https:\/\/www.szexshopbelvaros.com\/en\/product-category\/ferfiaknak\/peniszgyuruk\/\">penis rings<\/a> while you're at it!<\/strong><\/p>\n<p>\ud83d\udc8b Available in Budapest <a href=\"https:\/\/wolt.com\/hu\/hun\/budapest\/venue\/szexshop-belvaros\">sex shop downtown wolt store<\/a> and on www.ssexshopbelvaros.com \u2014 where good vibes are not a promise, but a lifestyle.<\/p>\n<p>&nbsp;<\/p>","protected":false},"excerpt":{"rendered":"<p>A Mighty One p\u00e9niszgy\u0171r\u0171 nem simogat. Ural. Puha szilikonb\u00f3l k\u00e9sz\u00fclt, \u00e9s \u00fagy \u00f6leli k\u00f6rbe a farkad, mintha lefoglalta volna: \u201e\u00e9n innen nem j\u00f6v\u00f6k le, haver.\u201d A csikl\u00f3izgat\u00f3 r\u00e9sz k\u00f6zben a partneredet is felr\u00e1zza \u2014 olyan rezg\u00e9sekkel, amit\u0151l szerelmi \u00e9letetek saj\u00e1t EDM fesztiv\u00e1ll\u00e1 alakul. \u00c9s amikor azt hinn\u00e9d, enn\u00e9l men\u0151bb m\u00e1r nincs \u2014 j\u00f6n az app. [&#8230;]\n","protected":false},"featured_media":2903,"comment_status":"closed","ping_status":"closed","template":"","meta":[],"product_brand":[51],"product_cat":[68,56,147],"product_tag":[398,1857,1337,2121,1325,1065,2103,2100,474,389,2166,2069,2068,1104,1855,1192,1318,2168,2167,573,1858,1856,2077,2175,1323,2079,1051,548,2080,2102,636,1346,2101,322,220,2122,2176,2078,2395,384],"class_list":{"0":"post-628","1":"product","2":"type-product","3":"status-publish","4":"has-post-thumbnail","6":"product_brand-satisfyer","7":"product_cat-ferfiaknak","8":"product_cat-okos-vibratorok","9":"product_cat-peniszgyuru","10":"product_tag-adult-toy","11":"product_tag-adult-toy-for-men","12":"product_tag-app-controlled-vibrator","13":"product_tag-app-vezerelt-vibrator","14":"product_tag-bluetooth-vibrator","15":"product_tag-cock-ring","16":"product_tag-electric-stimulator","17":"product_tag-elektromos-jatek","18":"product_tag-erection-support","19":"product_tag-felnott-jatek","20":"product_tag-ferfi-elvezet","21":"product_tag-ferfi-felnott-jatek","22":"product_tag-ferfi-intim-jatek","23":"product_tag-ferfi-kiegeszito","24":"product_tag-ferfi-szexjatek","25":"product_tag-intim-jatek","26":"product_tag-intimate-toy","27":"product_tag-intimate-toy-for-men","28":"product_tag-male-adult-toy","29":"product_tag-male-sex-toy","30":"product_tag-mens-accessory","31":"product_tag-mens-pleasure","32":"product_tag-merevedes-segito","33":"product_tag-merevedes-tamogatas","34":"product_tag-okos-vibrator","35":"product_tag-penis-ring","36":"product_tag-penisz-gyuru","37":"product_tag-peniszgyuru","38":"product_tag-performance-ring","39":"product_tag-pleasure-device","40":"product_tag-remote-control-vibrator","41":"product_tag-smart-vibrator","42":"product_tag-stimulacio","43":"product_tag-szexjatek","44":"product_tag-szexshop-belvaros","45":"product_tag-tavvezerleses-jatek","46":"product_tag-teljesitmeny-fokozas","47":"product_tag-teljesitmeny-gyuru","48":"product_tag-vibracios-peniszgyuru","49":"product_tag-vibrator","51":"first","52":"instock","53":"taxable","54":"shipping-taxable","55":"purchasable","56":"product-type-simple"},"yoast_head":"<!-- This site is optimized with the Yoast SEO plugin v27.4 - https:\/\/yoast.com\/product\/yoast-seo-wordpress\/ -->\n<title>Mighty One P\u00e9niszgy\u0171r\u0171 \u2013 er\u0151s rezg\u00e9s \u00e9s app-vez\u00e9rl\u00e9s | Szexshop Belv\u00e1ros<\/title>\n<meta name=\"description\" content=\"Mighty One p\u00e9niszgy\u0171r\u0171 puha szilikonnal, er\u0151s rezg\u00e9ssel \u00e9s app-vez\u00e9rl\u00e9ssel. Tart\u00f3sabb erekci\u00f3 \u00e9s extra \u00e9lvezet mindkett\u0151t\u00f6knek. SzexshopBelvaros.com\" \/>\n<meta name=\"robots\" content=\"index, follow, max-snippet:-1, max-image-preview:large, max-video-preview:-1\" \/>\n<link rel=\"canonical\" href=\"https:\/\/www.szexshopbelvaros.com\/en\/product\/mighty-one-peniszgyuru\/\" \/>\n<meta property=\"og:locale\" content=\"en_US\" \/>\n<meta property=\"og:type\" content=\"article\" \/>\n<meta property=\"og:title\" content=\"Mighty One P\u00e9niszgy\u0171r\u0171 \u2013 er\u0151s rezg\u00e9s \u00e9s app-vez\u00e9rl\u00e9s | Szexshop Belv\u00e1ros\" \/>\n<meta property=\"og:description\" content=\"Mighty One p\u00e9niszgy\u0171r\u0171 puha szilikonnal, er\u0151s rezg\u00e9ssel \u00e9s app-vez\u00e9rl\u00e9ssel. Tart\u00f3sabb erekci\u00f3 \u00e9s extra \u00e9lvezet mindkett\u0151t\u00f6knek. SzexshopBelvaros.com\" \/>\n<meta property=\"og:url\" content=\"https:\/\/www.szexshopbelvaros.com\/en\/product\/mighty-one-peniszgyuru\/\" \/>\n<meta property=\"og:site_name\" content=\"Szexshop Belvaros\" \/>\n<meta property=\"article:publisher\" content=\"https:\/\/www.facebook.com\/belvarossecrets\/\" \/>\n<meta property=\"article:modified_time\" content=\"2026-04-10T12:01:01+00:00\" \/>\n<meta property=\"og:image\" content=\"https:\/\/www.szexshopbelvaros.com\/wp-content\/uploads\/2025\/01\/69bcf7fef330d33c582523b8-scaled.png\" \/>\n\t<meta property=\"og:image:width\" content=\"2560\" \/>\n\t<meta property=\"og:image:height\" content=\"1440\" \/>\n\t<meta property=\"og:image:type\" content=\"image\/png\" \/>\n<meta name=\"twitter:card\" content=\"summary_large_image\" \/>\n<meta name=\"twitter:site\" content=\"@belvarossecrets\" \/>\n<meta name=\"twitter:label1\" content=\"Est. reading time\" \/>\n\t<meta name=\"twitter:data1\" content=\"1 minute\" \/>\n<script type=\"application\/ld+json\" class=\"yoast-schema-graph\">{\"@context\":\"https:\\\/\\\/schema.org\",\"@graph\":[{\"@type\":\"WebPage\",\"@id\":\"https:\\\/\\\/www.szexshopbelvaros.com\\\/termek\\\/mighty-one-peniszgyuru\\\/\",\"url\":\"https:\\\/\\\/www.szexshopbelvaros.com\\\/termek\\\/mighty-one-peniszgyuru\\\/\",\"name\":\"Mighty One P\u00e9niszgy\u0171r\u0171 \u2013 er\u0151s rezg\u00e9s \u00e9s app-vez\u00e9rl\u00e9s | Szexshop Belv\u00e1ros\",\"isPartOf\":{\"@id\":\"https:\\\/\\\/www.szexshopbelvaros.com\\\/#website\"},\"primaryImageOfPage\":{\"@id\":\"https:\\\/\\\/www.szexshopbelvaros.com\\\/termek\\\/mighty-one-peniszgyuru\\\/#primaryimage\"},\"image\":{\"@id\":\"https:\\\/\\\/www.szexshopbelvaros.com\\\/termek\\\/mighty-one-peniszgyuru\\\/#primaryimage\"},\"thumbnailUrl\":\"https:\\\/\\\/www.szexshopbelvaros.com\\\/wp-content\\\/uploads\\\/2025\\\/01\\\/69bcf7fef330d33c582523b8-scaled.png\",\"datePublished\":\"2025-01-31T13:43:45+00:00\",\"dateModified\":\"2026-04-10T12:01:01+00:00\",\"description\":\"Mighty One p\u00e9niszgy\u0171r\u0171 puha szilikonnal, er\u0151s rezg\u00e9ssel \u00e9s app-vez\u00e9rl\u00e9ssel. Tart\u00f3sabb erekci\u00f3 \u00e9s extra \u00e9lvezet mindkett\u0151t\u00f6knek. SzexshopBelvaros.com\",\"breadcrumb\":{\"@id\":\"https:\\\/\\\/www.szexshopbelvaros.com\\\/termek\\\/mighty-one-peniszgyuru\\\/#breadcrumb\"},\"inLanguage\":\"en-US\",\"potentialAction\":[{\"@type\":\"ReadAction\",\"target\":[\"https:\\\/\\\/www.szexshopbelvaros.com\\\/termek\\\/mighty-one-peniszgyuru\\\/\"]}]},{\"@type\":\"ImageObject\",\"inLanguage\":\"en-US\",\"@id\":\"https:\\\/\\\/www.szexshopbelvaros.com\\\/termek\\\/mighty-one-peniszgyuru\\\/#primaryimage\",\"url\":\"https:\\\/\\\/www.szexshopbelvaros.com\\\/wp-content\\\/uploads\\\/2025\\\/01\\\/69bcf7fef330d33c582523b8-scaled.png\",\"contentUrl\":\"https:\\\/\\\/www.szexshopbelvaros.com\\\/wp-content\\\/uploads\\\/2025\\\/01\\\/69bcf7fef330d33c582523b8-scaled.png\",\"width\":2560,\"height\":1440,\"caption\":\"HU: Satisfyer Mighty One appvez\u00e9relt p\u00e9niszgy\u0171r\u0171 doboza enyh\u00e9n oldaln\u00e9zetb\u0151l, r\u00f3zsasz\u00edn \u00e9s t\u00fcrkiz csomagol\u00e1ssal EN: Satisfyer Mighty One app-controlled cock ring box shown at a slight angle with pink and turquoise packaging\"},{\"@type\":\"BreadcrumbList\",\"@id\":\"https:\\\/\\\/www.szexshopbelvaros.com\\\/termek\\\/mighty-one-peniszgyuru\\\/#breadcrumb\",\"itemListElement\":[{\"@type\":\"ListItem\",\"position\":1,\"name\":\"Home\",\"item\":\"https:\\\/\\\/www.szexshopbelvaros.com\\\/\"},{\"@type\":\"ListItem\",\"position\":2,\"name\":\"\u00c1ruh\u00e1z\",\"item\":\"https:\\\/\\\/www.szexshopbelvaros.com\\\/uzlet\\\/\"},{\"@type\":\"ListItem\",\"position\":3,\"name\":\"\u26a1 Mighty One \u2013 a p\u00e9niszgy\u0171r\u0171, ami \u00fagy fogja a farkad, mint egy dr\u00e1ga \u00fcgyv\u00e9d a vagyonodat.\"}]},{\"@type\":\"WebSite\",\"@id\":\"https:\\\/\\\/www.szexshopbelvaros.com\\\/#website\",\"url\":\"https:\\\/\\\/www.szexshopbelvaros.com\\\/\",\"name\":\"Szexshop Belv\u00e1ros\",\"description\":\"\ud83d\udd25 A szex olyan, mint a p\u00e9nz; csak a t\u00fal sok el\u00e9g!\u2122 Titkok a belv\u00e1rosb\u00f3l \ud83d\udc8b | Secrets from Budapest \ud83d\udc8e Feln\u0151tt j\u00e1t\u00e9kok \u2022 Erotika \u2022 Szexshop Belvaros\",\"publisher\":{\"@id\":\"https:\\\/\\\/www.szexshopbelvaros.com\\\/#organization\"},\"potentialAction\":[{\"@type\":\"SearchAction\",\"target\":{\"@type\":\"EntryPoint\",\"urlTemplate\":\"https:\\\/\\\/www.szexshopbelvaros.com\\\/?s={search_term_string}\"},\"query-input\":{\"@type\":\"PropertyValueSpecification\",\"valueRequired\":true,\"valueName\":\"search_term_string\"}}],\"inLanguage\":\"en-US\"},{\"@type\":\"Organization\",\"@id\":\"https:\\\/\\\/www.szexshopbelvaros.com\\\/#organization\",\"name\":\"Szexshop Belv\u00e1ros\",\"alternateName\":\"szexshopbelvaros.com\",\"url\":\"https:\\\/\\\/www.szexshopbelvaros.com\\\/\",\"logo\":{\"@type\":\"ImageObject\",\"inLanguage\":\"en-US\",\"@id\":\"https:\\\/\\\/www.szexshopbelvaros.com\\\/#\\\/schema\\\/logo\\\/image\\\/\",\"url\":\"https:\\\/\\\/www.szexshopbelvaros.com\\\/wp-content\\\/uploads\\\/2025\\\/09\\\/1Szexshopbelvaroslogo_blurred_stronger.jpg\",\"contentUrl\":\"https:\\\/\\\/www.szexshopbelvaros.com\\\/wp-content\\\/uploads\\\/2025\\\/09\\\/1Szexshopbelvaroslogo_blurred_stronger.jpg\",\"width\":1024,\"height\":1024,\"caption\":\"Szexshop Belv\u00e1ros\"},\"image\":{\"@id\":\"https:\\\/\\\/www.szexshopbelvaros.com\\\/#\\\/schema\\\/logo\\\/image\\\/\"},\"sameAs\":[\"https:\\\/\\\/www.facebook.com\\\/belvarossecrets\\\/\",\"https:\\\/\\\/x.com\\\/belvarossecrets\",\"https:\\\/\\\/www.instagram.com\\\/belvarossecrets\\\/\",\"https:\\\/\\\/www.tiktok.com\\\/@belvarossecrets\"]}]}<\/script>\n<!-- \/ Yoast SEO plugin. -->","yoast_head_json":{"title":"Mighty One Penis Ring \u2013 strong vibration and app control | Sexshop Belv\u00e1ros","description":"Mighty One penis ring with soft silicone, strong vibration and app control. Longer erection and extra pleasure for both of you. SzexshopBelvaros.com","robots":{"index":"index","follow":"follow","max-snippet":"max-snippet:-1","max-image-preview":"max-image-preview:large","max-video-preview":"max-video-preview:-1"},"canonical":"https:\/\/www.szexshopbelvaros.com\/en\/product\/mighty-one-peniszgyuru\/","og_locale":"en_US","og_type":"article","og_title":"Mighty One P\u00e9niszgy\u0171r\u0171 \u2013 er\u0151s rezg\u00e9s \u00e9s app-vez\u00e9rl\u00e9s | Szexshop Belv\u00e1ros","og_description":"Mighty One p\u00e9niszgy\u0171r\u0171 puha szilikonnal, er\u0151s rezg\u00e9ssel \u00e9s app-vez\u00e9rl\u00e9ssel. Tart\u00f3sabb erekci\u00f3 \u00e9s extra \u00e9lvezet mindkett\u0151t\u00f6knek. SzexshopBelvaros.com","og_url":"https:\/\/www.szexshopbelvaros.com\/en\/product\/mighty-one-peniszgyuru\/","og_site_name":"Szexshop Belvaros","article_publisher":"https:\/\/www.facebook.com\/belvarossecrets\/","article_modified_time":"2026-04-10T12:01:01+00:00","og_image":[{"width":2560,"height":1440,"url":"https:\/\/www.szexshopbelvaros.com\/wp-content\/uploads\/2025\/01\/69bcf7fef330d33c582523b8-scaled.png","type":"image\/png"}],"twitter_card":"summary_large_image","twitter_site":"@belvarossecrets","twitter_misc":{"Est. reading time":"1 minute"},"schema":{"@context":"https:\/\/schema.org","@graph":[{"@type":"WebPage","@id":"https:\/\/www.szexshopbelvaros.com\/termek\/mighty-one-peniszgyuru\/","url":"https:\/\/www.szexshopbelvaros.com\/termek\/mighty-one-peniszgyuru\/","name":"Mighty One Penis Ring \u2013 strong vibration and app control | Sexshop Belv\u00e1ros","isPartOf":{"@id":"https:\/\/www.szexshopbelvaros.com\/#website"},"primaryImageOfPage":{"@id":"https:\/\/www.szexshopbelvaros.com\/termek\/mighty-one-peniszgyuru\/#primaryimage"},"image":{"@id":"https:\/\/www.szexshopbelvaros.com\/termek\/mighty-one-peniszgyuru\/#primaryimage"},"thumbnailUrl":"https:\/\/www.szexshopbelvaros.com\/wp-content\/uploads\/2025\/01\/69bcf7fef330d33c582523b8-scaled.png","datePublished":"2025-01-31T13:43:45+00:00","dateModified":"2026-04-10T12:01:01+00:00","description":"Mighty One penis ring with soft silicone, strong vibration and app control. Longer erection and extra pleasure for both of you. SzexshopBelvaros.com","breadcrumb":{"@id":"https:\/\/www.szexshopbelvaros.com\/termek\/mighty-one-peniszgyuru\/#breadcrumb"},"inLanguage":"en-US","potentialAction":[{"@type":"ReadAction","target":["https:\/\/www.szexshopbelvaros.com\/termek\/mighty-one-peniszgyuru\/"]}]},{"@type":"ImageObject","inLanguage":"en-US","@id":"https:\/\/www.szexshopbelvaros.com\/termek\/mighty-one-peniszgyuru\/#primaryimage","url":"https:\/\/www.szexshopbelvaros.com\/wp-content\/uploads\/2025\/01\/69bcf7fef330d33c582523b8-scaled.png","contentUrl":"https:\/\/www.szexshopbelvaros.com\/wp-content\/uploads\/2025\/01\/69bcf7fef330d33c582523b8-scaled.png","width":2560,"height":1440,"caption":"HU: Satisfyer Mighty One appvez\u00e9relt p\u00e9niszgy\u0171r\u0171 doboza enyh\u00e9n oldaln\u00e9zetb\u0151l, r\u00f3zsasz\u00edn \u00e9s t\u00fcrkiz csomagol\u00e1ssal EN: Satisfyer Mighty One app-controlled cock ring box shown at a slight angle with pink and turquoise packaging"},{"@type":"BreadcrumbList","@id":"https:\/\/www.szexshopbelvaros.com\/termek\/mighty-one-peniszgyuru\/#breadcrumb","itemListElement":[{"@type":"ListItem","position":1,"name":"Home","item":"https:\/\/www.szexshopbelvaros.com\/"},{"@type":"ListItem","position":2,"name":"\u00c1ruh\u00e1z","item":"https:\/\/www.szexshopbelvaros.com\/uzlet\/"},{"@type":"ListItem","position":3,"name":"\u26a1 Mighty One \u2013 a p\u00e9niszgy\u0171r\u0171, ami \u00fagy fogja a farkad, mint egy dr\u00e1ga \u00fcgyv\u00e9d a vagyonodat."}]},{"@type":"WebSite","@id":"https:\/\/www.szexshopbelvaros.com\/#website","url":"https:\/\/www.szexshopbelvaros.com\/","name":"at our Szexshop Belv\u00e1ros","description":"\ud83d\udd25 Sex is like money; only too much is enough!\u2122 Secrets from the city center \ud83d\udc8b | Secrets from Budapest \ud83d\udc8e Adult games \u2022 Erotica \u2022 Sex shop Belvaros","publisher":{"@id":"https:\/\/www.szexshopbelvaros.com\/#organization"},"potentialAction":[{"@type":"SearchAction","target":{"@type":"EntryPoint","urlTemplate":"https:\/\/www.szexshopbelvaros.com\/?s={search_term_string}"},"query-input":{"@type":"PropertyValueSpecification","valueRequired":true,"valueName":"search_term_string"}}],"inLanguage":"en-US"},{"@type":"Organization","@id":"https:\/\/www.szexshopbelvaros.com\/#organization","name":"at our Szexshop Belv\u00e1ros","alternateName":"szexshopbelvaros.com","url":"https:\/\/www.szexshopbelvaros.com\/","logo":{"@type":"ImageObject","inLanguage":"en-US","@id":"https:\/\/www.szexshopbelvaros.com\/#\/schema\/logo\/image\/","url":"https:\/\/www.szexshopbelvaros.com\/wp-content\/uploads\/2025\/09\/1Szexshopbelvaroslogo_blurred_stronger.jpg","contentUrl":"https:\/\/www.szexshopbelvaros.com\/wp-content\/uploads\/2025\/09\/1Szexshopbelvaroslogo_blurred_stronger.jpg","width":1024,"height":1024,"caption":"Szexshop Belv\u00e1ros"},"image":{"@id":"https:\/\/www.szexshopbelvaros.com\/#\/schema\/logo\/image\/"},"sameAs":["https:\/\/www.facebook.com\/belvarossecrets\/","https:\/\/x.com\/belvarossecrets","https:\/\/www.instagram.com\/belvarossecrets\/","https:\/\/www.tiktok.com\/@belvarossecrets"]}]}},"_links":{"self":[{"href":"https:\/\/www.szexshopbelvaros.com\/en\/wp-json\/wp\/v2\/product\/628","targetHints":{"allow":["GET"]}}],"collection":[{"href":"https:\/\/www.szexshopbelvaros.com\/en\/wp-json\/wp\/v2\/product"}],"about":[{"href":"https:\/\/www.szexshopbelvaros.com\/en\/wp-json\/wp\/v2\/types\/product"}],"replies":[{"embeddable":true,"href":"https:\/\/www.szexshopbelvaros.com\/en\/wp-json\/wp\/v2\/comments?post=628"}],"wp:featuredmedia":[{"embeddable":true,"href":"https:\/\/www.szexshopbelvaros.com\/en\/wp-json\/wp\/v2\/media\/2903"}],"wp:attachment":[{"href":"https:\/\/www.szexshopbelvaros.com\/en\/wp-json\/wp\/v2\/media?parent=628"}],"wp:term":[{"taxonomy":"product_brand","embeddable":true,"href":"https:\/\/www.szexshopbelvaros.com\/en\/wp-json\/wp\/v2\/product_brand?post=628"},{"taxonomy":"product_cat","embeddable":true,"href":"https:\/\/www.szexshopbelvaros.com\/en\/wp-json\/wp\/v2\/product_cat?post=628"},{"taxonomy":"product_tag","embeddable":true,"href":"https:\/\/www.szexshopbelvaros.com\/en\/wp-json\/wp\/v2\/product_tag?post=628"}],"curies":[{"name":"wp","href":"https:\/\/api.w.org\/{rel}","templated":true}]}}