{"id":630,"date":"2025-01-31T14:43:45","date_gmt":"2025-01-31T13:43:45","guid":{"rendered":"https:\/\/www.szexshopbelvaros.com\/termek\/x-men-13-8-sword-handle-butt-plug-black-ii\/"},"modified":"2026-04-10T15:54:42","modified_gmt":"2026-04-10T13:54:42","slug":"x-men-13-8-sword-handle-butt-plug-black-ii","status":"publish","type":"product","link":"https:\/\/www.szexshopbelvaros.com\/en\/product\/x-men-13-8-sword-handle-butt-plug-black-ii\/","title":{"rendered":"13.8\u2033 Sword Handle Butt Plug \u2013 The sword that wasn\u2019t meant to be in your hand, but much further down"},"content":{"rendered":"<p data-start=\"880\" data-end=\"1146\">This 35 cm long, 5 cm diameter, black PVC monster doesn&#039;t caress, it conquers \u2014 its slightly ribbed body pushes a new limit with every inch. And the sword-hilt-shaped gripper caps off the experience as if your ass just pulled Excalibur out of itself.<\/p>\n<p data-start=\"1148\" data-end=\"1410\">This extra-large anal plug is a skin-friendly, unisex anal dilator designed specifically for deep penetration and extreme pleasure. It&#039;s the perfect choice for advanced users \u2014 men and women \u2014 who no longer want foreplay, but battle glory.<\/p>\n<p data-start=\"1412\" data-end=\"1586\">It glides like a charm with water-based lubricant, and cleaning it with lukewarm soapy water or a tool cleaner is a snap... anything else wouldn&#039;t be worthy of it.<\/p>\n<p>&nbsp;<\/p>","protected":false},"excerpt":{"rendered":"<p>Ez a 35 centi hossz\u00fa, 5 centi \u00e1tm\u00e9r\u0151j\u0171, fekete PVC monstrum nem simogat, hanem h\u00f3d\u00edt \u2014 enyh\u00e9n bord\u00e1zott teste minden centij\u00e9vel egy \u00faj hat\u00e1rt feszeget. A kardmarkolat form\u00e1j\u00fa fog\u00f3 pedig \u00fagy z\u00e1rja le az \u00e9lm\u00e9nyt, mintha a segged \u00e9pp kih\u00fazta volna Excaliburt mag\u00e1b\u00f3l. Ez az extra nagy an\u00e1l plug egy b\u0151rbar\u00e1t, uniszex an\u00e1l t\u00e1g\u00edt\u00f3, amit [&#8230;]\n","protected":false},"featured_media":631,"comment_status":"closed","ping_status":"closed","template":"","meta":[],"product_brand":[161],"product_cat":[135,86],"product_tag":[684,418,676,694,1905,1392,1393,424,1906,1907,1381,1318,1816,698,695,1904,1908],"class_list":{"0":"post-630","1":"product","2":"type-product","3":"status-publish","4":"has-post-thumbnail","6":"product_brand-x-men","7":"product_cat-anal","8":"product_cat-analdugok-prosztata-masszirozok","9":"product_tag-anal-dugo","10":"product_tag-anal-jatek","11":"product_tag-anal-play","12":"product_tag-anal-plug","13":"product_tag-anal-plug-large","14":"product_tag-anal-stimulacio","15":"product_tag-anal-stimulation","16":"product_tag-anal-toy","17":"product_tag-extra-large-anal-plug","18":"product_tag-fantasy-anal-plug","19":"product_tag-hatso-jatek","20":"product_tag-intimate-toy","21":"product_tag-nagy-meretu-anal-dugo","22":"product_tag-p-spot-toy","23":"product_tag-prostate-massager","24":"product_tag-prosztata-masszirozo","25":"product_tag-sword-handle-plug","27":"first","28":"instock","29":"taxable","30":"shipping-taxable","31":"purchasable","32":"product-type-simple"},"yoast_head":"<!-- This site is optimized with the Yoast SEO plugin v27.4 - https:\/\/yoast.com\/product\/yoast-seo-wordpress\/ -->\n<title>13.8&quot; Sword Handle Butt Plug \u2013 A kard, amit nem a kezedbe sz\u00e1ntak, hanem j\u00f3val lejjebb - Szexshop Belvaros<\/title>\n<meta name=\"robots\" content=\"index, follow, max-snippet:-1, max-image-preview:large, max-video-preview:-1\" \/>\n<link rel=\"canonical\" href=\"https:\/\/www.szexshopbelvaros.com\/en\/product\/x-men-13-8-sword-handle-butt-plug-black-ii\/\" \/>\n<meta property=\"og:locale\" content=\"en_US\" \/>\n<meta property=\"og:type\" content=\"article\" \/>\n<meta property=\"og:title\" content=\"13.8&quot; Sword Handle Butt Plug \u2013 A kard, amit nem a kezedbe sz\u00e1ntak, hanem j\u00f3val lejjebb - Szexshop Belvaros\" \/>\n<meta property=\"og:description\" content=\"Ez a 35 centi hossz\u00fa, 5 centi \u00e1tm\u00e9r\u0151j\u0171, fekete PVC monstrum nem simogat, hanem h\u00f3d\u00edt \u2014 enyh\u00e9n bord\u00e1zott teste minden centij\u00e9vel egy \u00faj hat\u00e1rt feszeget. A kardmarkolat form\u00e1j\u00fa fog\u00f3 pedig \u00fagy z\u00e1rja le az \u00e9lm\u00e9nyt, mintha a segged \u00e9pp kih\u00fazta volna Excaliburt mag\u00e1b\u00f3l. Ez az extra nagy an\u00e1l plug egy b\u0151rbar\u00e1t, uniszex an\u00e1l t\u00e1g\u00edt\u00f3, amit [...]\" \/>\n<meta property=\"og:url\" content=\"https:\/\/www.szexshopbelvaros.com\/en\/product\/x-men-13-8-sword-handle-butt-plug-black-ii\/\" \/>\n<meta property=\"og:site_name\" content=\"Szexshop Belvaros\" \/>\n<meta property=\"article:publisher\" content=\"https:\/\/www.facebook.com\/belvarossecrets\/\" \/>\n<meta property=\"article:modified_time\" content=\"2026-04-10T13:54:42+00:00\" \/>\n<meta property=\"og:image\" content=\"https:\/\/www.szexshopbelvaros.com\/wp-content\/uploads\/2025\/01\/75b90250-4283-11ee-827c-b260c2a022bb_x_men_138_sword_handle_butt_plug_black_ii.jpg\" \/>\n\t<meta property=\"og:image:width\" content=\"1200\" \/>\n\t<meta property=\"og:image:height\" content=\"675\" \/>\n\t<meta property=\"og:image:type\" content=\"image\/jpeg\" \/>\n<meta name=\"twitter:card\" content=\"summary_large_image\" \/>\n<meta name=\"twitter:site\" content=\"@belvarossecrets\" \/>\n<meta name=\"twitter:label1\" content=\"Est. reading time\" \/>\n\t<meta name=\"twitter:data1\" content=\"1 minute\" \/>\n<script type=\"application\/ld+json\" class=\"yoast-schema-graph\">{\"@context\":\"https:\\\/\\\/schema.org\",\"@graph\":[{\"@type\":\"WebPage\",\"@id\":\"https:\\\/\\\/www.szexshopbelvaros.com\\\/termek\\\/x-men-13-8-sword-handle-butt-plug-black-ii\\\/\",\"url\":\"https:\\\/\\\/www.szexshopbelvaros.com\\\/termek\\\/x-men-13-8-sword-handle-butt-plug-black-ii\\\/\",\"name\":\"13.8\\\" Sword Handle Butt Plug \u2013 A kard, amit nem a kezedbe sz\u00e1ntak, hanem j\u00f3val lejjebb - Szexshop Belvaros\",\"isPartOf\":{\"@id\":\"https:\\\/\\\/www.szexshopbelvaros.com\\\/#website\"},\"primaryImageOfPage\":{\"@id\":\"https:\\\/\\\/www.szexshopbelvaros.com\\\/termek\\\/x-men-13-8-sword-handle-butt-plug-black-ii\\\/#primaryimage\"},\"image\":{\"@id\":\"https:\\\/\\\/www.szexshopbelvaros.com\\\/termek\\\/x-men-13-8-sword-handle-butt-plug-black-ii\\\/#primaryimage\"},\"thumbnailUrl\":\"https:\\\/\\\/www.szexshopbelvaros.com\\\/wp-content\\\/uploads\\\/2025\\\/01\\\/75b90250-4283-11ee-827c-b260c2a022bb_x_men_138_sword_handle_butt_plug_black_ii.jpg\",\"datePublished\":\"2025-01-31T13:43:45+00:00\",\"dateModified\":\"2026-04-10T13:54:42+00:00\",\"breadcrumb\":{\"@id\":\"https:\\\/\\\/www.szexshopbelvaros.com\\\/termek\\\/x-men-13-8-sword-handle-butt-plug-black-ii\\\/#breadcrumb\"},\"inLanguage\":\"en-US\",\"potentialAction\":[{\"@type\":\"ReadAction\",\"target\":[\"https:\\\/\\\/www.szexshopbelvaros.com\\\/termek\\\/x-men-13-8-sword-handle-butt-plug-black-ii\\\/\"]}]},{\"@type\":\"ImageObject\",\"inLanguage\":\"en-US\",\"@id\":\"https:\\\/\\\/www.szexshopbelvaros.com\\\/termek\\\/x-men-13-8-sword-handle-butt-plug-black-ii\\\/#primaryimage\",\"url\":\"https:\\\/\\\/www.szexshopbelvaros.com\\\/wp-content\\\/uploads\\\/2025\\\/01\\\/75b90250-4283-11ee-827c-b260c2a022bb_x_men_138_sword_handle_butt_plug_black_ii.jpg\",\"contentUrl\":\"https:\\\/\\\/www.szexshopbelvaros.com\\\/wp-content\\\/uploads\\\/2025\\\/01\\\/75b90250-4283-11ee-827c-b260c2a022bb_x_men_138_sword_handle_butt_plug_black_ii.jpg\",\"width\":1200,\"height\":675},{\"@type\":\"BreadcrumbList\",\"@id\":\"https:\\\/\\\/www.szexshopbelvaros.com\\\/termek\\\/x-men-13-8-sword-handle-butt-plug-black-ii\\\/#breadcrumb\",\"itemListElement\":[{\"@type\":\"ListItem\",\"position\":1,\"name\":\"Home\",\"item\":\"https:\\\/\\\/www.szexshopbelvaros.com\\\/\"},{\"@type\":\"ListItem\",\"position\":2,\"name\":\"\u00c1ruh\u00e1z\",\"item\":\"https:\\\/\\\/www.szexshopbelvaros.com\\\/uzlet\\\/\"},{\"@type\":\"ListItem\",\"position\":3,\"name\":\"13.8&#8243; Sword Handle Butt Plug \u2013 A kard, amit nem a kezedbe sz\u00e1ntak, hanem j\u00f3val lejjebb\"}]},{\"@type\":\"WebSite\",\"@id\":\"https:\\\/\\\/www.szexshopbelvaros.com\\\/#website\",\"url\":\"https:\\\/\\\/www.szexshopbelvaros.com\\\/\",\"name\":\"Szexshop Belv\u00e1ros\",\"description\":\"\ud83d\udd25 A szex olyan, mint a p\u00e9nz; csak a t\u00fal sok el\u00e9g!\u2122 Titkok a belv\u00e1rosb\u00f3l \ud83d\udc8b | Secrets from Budapest \ud83d\udc8e Feln\u0151tt j\u00e1t\u00e9kok \u2022 Erotika \u2022 Szexshop Belvaros\",\"publisher\":{\"@id\":\"https:\\\/\\\/www.szexshopbelvaros.com\\\/#organization\"},\"potentialAction\":[{\"@type\":\"SearchAction\",\"target\":{\"@type\":\"EntryPoint\",\"urlTemplate\":\"https:\\\/\\\/www.szexshopbelvaros.com\\\/?s={search_term_string}\"},\"query-input\":{\"@type\":\"PropertyValueSpecification\",\"valueRequired\":true,\"valueName\":\"search_term_string\"}}],\"inLanguage\":\"en-US\"},{\"@type\":\"Organization\",\"@id\":\"https:\\\/\\\/www.szexshopbelvaros.com\\\/#organization\",\"name\":\"Szexshop Belv\u00e1ros\",\"alternateName\":\"szexshopbelvaros.com\",\"url\":\"https:\\\/\\\/www.szexshopbelvaros.com\\\/\",\"logo\":{\"@type\":\"ImageObject\",\"inLanguage\":\"en-US\",\"@id\":\"https:\\\/\\\/www.szexshopbelvaros.com\\\/#\\\/schema\\\/logo\\\/image\\\/\",\"url\":\"https:\\\/\\\/www.szexshopbelvaros.com\\\/wp-content\\\/uploads\\\/2025\\\/09\\\/1Szexshopbelvaroslogo_blurred_stronger.jpg\",\"contentUrl\":\"https:\\\/\\\/www.szexshopbelvaros.com\\\/wp-content\\\/uploads\\\/2025\\\/09\\\/1Szexshopbelvaroslogo_blurred_stronger.jpg\",\"width\":1024,\"height\":1024,\"caption\":\"Szexshop Belv\u00e1ros\"},\"image\":{\"@id\":\"https:\\\/\\\/www.szexshopbelvaros.com\\\/#\\\/schema\\\/logo\\\/image\\\/\"},\"sameAs\":[\"https:\\\/\\\/www.facebook.com\\\/belvarossecrets\\\/\",\"https:\\\/\\\/x.com\\\/belvarossecrets\",\"https:\\\/\\\/www.instagram.com\\\/belvarossecrets\\\/\",\"https:\\\/\\\/www.tiktok.com\\\/@belvarossecrets\"]}]}<\/script>\n<!-- \/ Yoast SEO plugin. -->","yoast_head_json":{"title":"13.8&quot; Sword Handle Butt Plug \u2013 The sword that wasn&#039;t meant to be in your hand, but much lower down - Szexshop Belvaros","robots":{"index":"index","follow":"follow","max-snippet":"max-snippet:-1","max-image-preview":"max-image-preview:large","max-video-preview":"max-video-preview:-1"},"canonical":"https:\/\/www.szexshopbelvaros.com\/en\/product\/x-men-13-8-sword-handle-butt-plug-black-ii\/","og_locale":"en_US","og_type":"article","og_title":"13.8\" Sword Handle Butt Plug \u2013 A kard, amit nem a kezedbe sz\u00e1ntak, hanem j\u00f3val lejjebb - Szexshop Belvaros","og_description":"Ez a 35 centi hossz\u00fa, 5 centi \u00e1tm\u00e9r\u0151j\u0171, fekete PVC monstrum nem simogat, hanem h\u00f3d\u00edt \u2014 enyh\u00e9n bord\u00e1zott teste minden centij\u00e9vel egy \u00faj hat\u00e1rt feszeget. A kardmarkolat form\u00e1j\u00fa fog\u00f3 pedig \u00fagy z\u00e1rja le az \u00e9lm\u00e9nyt, mintha a segged \u00e9pp kih\u00fazta volna Excaliburt mag\u00e1b\u00f3l. Ez az extra nagy an\u00e1l plug egy b\u0151rbar\u00e1t, uniszex an\u00e1l t\u00e1g\u00edt\u00f3, amit [...]","og_url":"https:\/\/www.szexshopbelvaros.com\/en\/product\/x-men-13-8-sword-handle-butt-plug-black-ii\/","og_site_name":"Szexshop Belvaros","article_publisher":"https:\/\/www.facebook.com\/belvarossecrets\/","article_modified_time":"2026-04-10T13:54:42+00:00","og_image":[{"width":1200,"height":675,"url":"https:\/\/www.szexshopbelvaros.com\/wp-content\/uploads\/2025\/01\/75b90250-4283-11ee-827c-b260c2a022bb_x_men_138_sword_handle_butt_plug_black_ii.jpg","type":"image\/jpeg"}],"twitter_card":"summary_large_image","twitter_site":"@belvarossecrets","twitter_misc":{"Est. reading time":"1 minute"},"schema":{"@context":"https:\/\/schema.org","@graph":[{"@type":"WebPage","@id":"https:\/\/www.szexshopbelvaros.com\/termek\/x-men-13-8-sword-handle-butt-plug-black-ii\/","url":"https:\/\/www.szexshopbelvaros.com\/termek\/x-men-13-8-sword-handle-butt-plug-black-ii\/","name":"13.8&quot; Sword Handle Butt Plug \u2013 The sword that wasn&#039;t meant to be in your hand, but much lower down - Szexshop Belvaros","isPartOf":{"@id":"https:\/\/www.szexshopbelvaros.com\/#website"},"primaryImageOfPage":{"@id":"https:\/\/www.szexshopbelvaros.com\/termek\/x-men-13-8-sword-handle-butt-plug-black-ii\/#primaryimage"},"image":{"@id":"https:\/\/www.szexshopbelvaros.com\/termek\/x-men-13-8-sword-handle-butt-plug-black-ii\/#primaryimage"},"thumbnailUrl":"https:\/\/www.szexshopbelvaros.com\/wp-content\/uploads\/2025\/01\/75b90250-4283-11ee-827c-b260c2a022bb_x_men_138_sword_handle_butt_plug_black_ii.jpg","datePublished":"2025-01-31T13:43:45+00:00","dateModified":"2026-04-10T13:54:42+00:00","breadcrumb":{"@id":"https:\/\/www.szexshopbelvaros.com\/termek\/x-men-13-8-sword-handle-butt-plug-black-ii\/#breadcrumb"},"inLanguage":"en-US","potentialAction":[{"@type":"ReadAction","target":["https:\/\/www.szexshopbelvaros.com\/termek\/x-men-13-8-sword-handle-butt-plug-black-ii\/"]}]},{"@type":"ImageObject","inLanguage":"en-US","@id":"https:\/\/www.szexshopbelvaros.com\/termek\/x-men-13-8-sword-handle-butt-plug-black-ii\/#primaryimage","url":"https:\/\/www.szexshopbelvaros.com\/wp-content\/uploads\/2025\/01\/75b90250-4283-11ee-827c-b260c2a022bb_x_men_138_sword_handle_butt_plug_black_ii.jpg","contentUrl":"https:\/\/www.szexshopbelvaros.com\/wp-content\/uploads\/2025\/01\/75b90250-4283-11ee-827c-b260c2a022bb_x_men_138_sword_handle_butt_plug_black_ii.jpg","width":1200,"height":675},{"@type":"BreadcrumbList","@id":"https:\/\/www.szexshopbelvaros.com\/termek\/x-men-13-8-sword-handle-butt-plug-black-ii\/#breadcrumb","itemListElement":[{"@type":"ListItem","position":1,"name":"Home","item":"https:\/\/www.szexshopbelvaros.com\/"},{"@type":"ListItem","position":2,"name":"\u00c1ruh\u00e1z","item":"https:\/\/www.szexshopbelvaros.com\/uzlet\/"},{"@type":"ListItem","position":3,"name":"13.8&#8243; Sword Handle Butt Plug \u2013 A kard, amit nem a kezedbe sz\u00e1ntak, hanem j\u00f3val lejjebb"}]},{"@type":"WebSite","@id":"https:\/\/www.szexshopbelvaros.com\/#website","url":"https:\/\/www.szexshopbelvaros.com\/","name":"at our Szexshop Belv\u00e1ros","description":"\ud83d\udd25 Sex is like money; only too much is enough!\u2122 Secrets from the city center \ud83d\udc8b | Secrets from Budapest \ud83d\udc8e Adult games \u2022 Erotica \u2022 Sex shop Belvaros","publisher":{"@id":"https:\/\/www.szexshopbelvaros.com\/#organization"},"potentialAction":[{"@type":"SearchAction","target":{"@type":"EntryPoint","urlTemplate":"https:\/\/www.szexshopbelvaros.com\/?s={search_term_string}"},"query-input":{"@type":"PropertyValueSpecification","valueRequired":true,"valueName":"search_term_string"}}],"inLanguage":"en-US"},{"@type":"Organization","@id":"https:\/\/www.szexshopbelvaros.com\/#organization","name":"at our Szexshop Belv\u00e1ros","alternateName":"szexshopbelvaros.com","url":"https:\/\/www.szexshopbelvaros.com\/","logo":{"@type":"ImageObject","inLanguage":"en-US","@id":"https:\/\/www.szexshopbelvaros.com\/#\/schema\/logo\/image\/","url":"https:\/\/www.szexshopbelvaros.com\/wp-content\/uploads\/2025\/09\/1Szexshopbelvaroslogo_blurred_stronger.jpg","contentUrl":"https:\/\/www.szexshopbelvaros.com\/wp-content\/uploads\/2025\/09\/1Szexshopbelvaroslogo_blurred_stronger.jpg","width":1024,"height":1024,"caption":"Szexshop Belv\u00e1ros"},"image":{"@id":"https:\/\/www.szexshopbelvaros.com\/#\/schema\/logo\/image\/"},"sameAs":["https:\/\/www.facebook.com\/belvarossecrets\/","https:\/\/x.com\/belvarossecrets","https:\/\/www.instagram.com\/belvarossecrets\/","https:\/\/www.tiktok.com\/@belvarossecrets"]}]}},"_links":{"self":[{"href":"https:\/\/www.szexshopbelvaros.com\/en\/wp-json\/wp\/v2\/product\/630","targetHints":{"allow":["GET"]}}],"collection":[{"href":"https:\/\/www.szexshopbelvaros.com\/en\/wp-json\/wp\/v2\/product"}],"about":[{"href":"https:\/\/www.szexshopbelvaros.com\/en\/wp-json\/wp\/v2\/types\/product"}],"replies":[{"embeddable":true,"href":"https:\/\/www.szexshopbelvaros.com\/en\/wp-json\/wp\/v2\/comments?post=630"}],"wp:featuredmedia":[{"embeddable":true,"href":"https:\/\/www.szexshopbelvaros.com\/en\/wp-json\/wp\/v2\/media\/631"}],"wp:attachment":[{"href":"https:\/\/www.szexshopbelvaros.com\/en\/wp-json\/wp\/v2\/media?parent=630"}],"wp:term":[{"taxonomy":"product_brand","embeddable":true,"href":"https:\/\/www.szexshopbelvaros.com\/en\/wp-json\/wp\/v2\/product_brand?post=630"},{"taxonomy":"product_cat","embeddable":true,"href":"https:\/\/www.szexshopbelvaros.com\/en\/wp-json\/wp\/v2\/product_cat?post=630"},{"taxonomy":"product_tag","embeddable":true,"href":"https:\/\/www.szexshopbelvaros.com\/en\/wp-json\/wp\/v2\/product_tag?post=630"}],"curies":[{"name":"wp","href":"https:\/\/api.w.org\/{rel}","templated":true}]}}