{"id":634,"date":"2025-01-31T14:43:45","date_gmt":"2025-01-31T13:43:45","guid":{"rendered":"https:\/\/www.szexshopbelvaros.com\/termek\/guilty-pleasure-silicone-flogger-whip-black\/"},"modified":"2026-04-12T14:54:15","modified_gmt":"2026-04-12T12:54:15","slug":"guilty-pleasure-silicone-flogger-whip-black","status":"publish","type":"product","link":"https:\/\/www.szexshopbelvaros.com\/en\/product\/guilty-pleasure-silicone-flogger-whip-black\/","title":{"rendered":"\u26d3\ufe0f Silent Brutality \u2013 No crack. Just impact."},"content":{"rendered":"<article class=\"text-token-text-primary w-full\" dir=\"auto\" data-testid=\"conversation-turn-78\" data-scroll-anchor=\"true\">\n<div class=\"text-base my-auto mx-auto py-5 [--thread-content-margin:--spacing(4)] @[37rem]:[--thread-content-margin:--spacing(6)] @[72rem]:[--thread-content-margin:--spacing(16)] px-(--thread-content-margin)\">\n<div class=\"[--thread-content-max-width:32rem] @[34rem]:[--thread-content-max-width:40rem] @[64rem]:[--thread-content-max-width:48rem] mx-auto flex max-w-(--thread-content-max-width) flex-1 text-base gap-4 md:gap-5 lg:gap-6 group\/turn-messages focus-visible:outline-hidden\" tabindex=\"-1\">\n<div class=\"group\/conversation-turn relative flex w-full min-w-0 flex-col agent-turn\">\n<div class=\"relative flex-col gap-1 md:gap-3\">\n<div class=\"flex max-w-full flex-col grow\">\n<div class=\"min-h-8 text-message relative flex w-full flex-col items-end gap-2 text-start break-words whitespace-normal [.text-message+&amp;]:mt-5\" dir=\"auto\" data-message-author-role=\"assistant\" data-message-id=\"6aa3766b-c170-46cb-b958-238686746bd6\" data-message-model-slug=\"gpt-4o\">\n<div class=\"flex w-full flex-col gap-1 empty:hidden first:pt-[3px]\">\n<div class=\"markdown prose dark:prose-invert w-full break-words light\">\n<p data-start=\"78\" data-end=\"610\">Ez a 25,6 centis fekete szilikon korb\u00e1cs pont olyan, mint egy passz\u00edv-agressz\u00edv ex: kicsi, de kibaszottul puszt\u00edt. Ha azt hiszed, a m\u00e9ret sz\u00e1m\u00edt, csak addig fogod \u00edgy gondolni, am\u00edg ez a kis S\/M j\u00e1t\u00e9kszer v\u00e9gig nem csap a b\u0151r\u00f6d\u00f6n. A v\u00e9kony, de hajl\u00e9kony szilikonsz\u00e1lak \u00fagy ostoroznak, mint egy d\u00fch\u00f6s szeret\u0151, aki v\u00e9gign\u00e9zte, hogy m\u00e1ssal fl\u00f6rt\u00f6lsz a klubban. \u00c9s mivel ez nem m\u0171b\u0151r, hanem igazi, rugalmas szilikon, minden egyes \u00fct\u00e9s egy prec\u00edz, f\u00e9tisre optimaliz\u00e1lt becsap\u00f3d\u00e1s, amit\u0151l a szerepj\u00e1t\u00e9k t\u00f6bb\u00e9 nem j\u00e1t\u00e9k \u2014 hanem szertart\u00e1s.<\/p>\n<p data-start=\"612\" data-end=\"736\">T\u00f6k\u00e9letes BDSM jelenetekhez, fetish alapoz\u00e1shoz, \u00e9s azoknak, akik szeretn\u00e9k, ha a f\u00e1jdalom nem hangos, hanem hat\u00e9kony lenne.<\/p>\n<p data-start=\"738\" data-end=\"822\" data-is-last-node=\"\" data-is-only-node=\"\">El\u00e9rhet\u0151 a szexshopbelv\u00e1ros k\u00edn\u00e1lat\u00e1ban \u2013 ahol a szilikon nem puh\u00edt, hanem <em data-start=\"813\" data-end=\"821\">beavat<\/em>.<\/p>\n<\/div>\n<\/div>\n<\/div>\n<\/div>\n<\/div>\n<\/div>\n<\/div>\n<\/div>\n<\/article>\n<p>&nbsp;<\/p>\n","protected":false},"excerpt":{"rendered":"<p>Ez a 25,6 centis fekete szilikon korb\u00e1cs pont olyan, mint egy passz\u00edv-agressz\u00edv ex: kicsi, de kibaszottul puszt\u00edt. Ha azt hiszed, a m\u00e9ret sz\u00e1m\u00edt, csak addig fogod \u00edgy gondolni, am\u00edg ez a kis S\/M j\u00e1t\u00e9kszer v\u00e9gig nem csap a b\u0151r\u00f6d\u00f6n. A v\u00e9kony, de hajl\u00e9kony szilikonsz\u00e1lak \u00fagy ostoroznak, mint egy d\u00fch\u00f6s szeret\u0151, aki v\u00e9gign\u00e9zte, hogy m\u00e1ssal fl\u00f6rt\u00f6lsz [&#8230;]\n","protected":false},"featured_media":2089,"comment_status":"closed","ping_status":"closed","template":"","meta":[],"product_brand":[90],"product_cat":[52,1999],"product_tag":[321,1410,372,389,718,2001,732,2008,716,717,730,731,715,1412],"class_list":{"0":"post-634","1":"product","2":"type-product","3":"status-publish","4":"has-post-thumbnail","6":"product_brand-guilty-pleasure","7":"product_cat-bdsm","8":"product_cat-ostorok-paskolok","9":"product_tag-bdsm","10":"product_tag-bdsm-toy","11":"product_tag-bondage","12":"product_tag-felnott-jatek","13":"product_tag-flogger","14":"product_tag-impact-jatek","15":"product_tag-impact-play","16":"product_tag-kink","17":"product_tag-korbacs","18":"product_tag-ostor","19":"product_tag-paddle","20":"product_tag-paskolo","21":"product_tag-szadomazo-kellek","22":"product_tag-whip","24":"first","25":"outofstock","26":"taxable","27":"shipping-taxable","28":"purchasable","29":"product-type-simple"},"yoast_head":"<!-- This site is optimized with the Yoast SEO plugin v27.4 - https:\/\/yoast.com\/product\/yoast-seo-wordpress\/ -->\n<title>\u26d3\ufe0f Cs\u00f6ndes Brut\u00e1l \u2013 A szilikon korb\u00e1cs, ami nem recseg, csak rombol - Szexshop Belvaros<\/title>\n<meta name=\"robots\" content=\"index, follow, max-snippet:-1, max-image-preview:large, max-video-preview:-1\" \/>\n<link rel=\"canonical\" href=\"https:\/\/www.szexshopbelvaros.com\/en\/product\/guilty-pleasure-silicone-flogger-whip-black\/\" \/>\n<meta property=\"og:locale\" content=\"en_US\" \/>\n<meta property=\"og:type\" content=\"article\" \/>\n<meta property=\"og:title\" content=\"\u26d3\ufe0f Cs\u00f6ndes Brut\u00e1l \u2013 A szilikon korb\u00e1cs, ami nem recseg, csak rombol - Szexshop Belvaros\" \/>\n<meta property=\"og:description\" content=\"Ez a 25,6 centis fekete szilikon korb\u00e1cs pont olyan, mint egy passz\u00edv-agressz\u00edv ex: kicsi, de kibaszottul puszt\u00edt. Ha azt hiszed, a m\u00e9ret sz\u00e1m\u00edt, csak addig fogod \u00edgy gondolni, am\u00edg ez a kis S\/M j\u00e1t\u00e9kszer v\u00e9gig nem csap a b\u0151r\u00f6d\u00f6n. A v\u00e9kony, de hajl\u00e9kony szilikonsz\u00e1lak \u00fagy ostoroznak, mint egy d\u00fch\u00f6s szeret\u0151, aki v\u00e9gign\u00e9zte, hogy m\u00e1ssal fl\u00f6rt\u00f6lsz [...]\" \/>\n<meta property=\"og:url\" content=\"https:\/\/www.szexshopbelvaros.com\/en\/product\/guilty-pleasure-silicone-flogger-whip-black\/\" \/>\n<meta property=\"og:site_name\" content=\"Szexshop Belvaros\" \/>\n<meta property=\"article:publisher\" content=\"https:\/\/www.facebook.com\/belvarossecrets\/\" \/>\n<meta property=\"article:modified_time\" content=\"2026-04-12T12:54:15+00:00\" \/>\n<meta property=\"og:image\" content=\"https:\/\/www.szexshopbelvaros.com\/wp-content\/uploads\/2025\/01\/csondesbrutal.jpg\" \/>\n\t<meta property=\"og:image:width\" content=\"1000\" \/>\n\t<meta property=\"og:image:height\" content=\"562\" \/>\n\t<meta property=\"og:image:type\" content=\"image\/jpeg\" \/>\n<meta name=\"twitter:card\" content=\"summary_large_image\" \/>\n<meta name=\"twitter:site\" content=\"@belvarossecrets\" \/>\n<meta name=\"twitter:label1\" content=\"Est. reading time\" \/>\n\t<meta name=\"twitter:data1\" content=\"1 minute\" \/>\n<script type=\"application\/ld+json\" class=\"yoast-schema-graph\">{\"@context\":\"https:\\\/\\\/schema.org\",\"@graph\":[{\"@type\":\"WebPage\",\"@id\":\"https:\\\/\\\/www.szexshopbelvaros.com\\\/termek\\\/guilty-pleasure-silicone-flogger-whip-black\\\/\",\"url\":\"https:\\\/\\\/www.szexshopbelvaros.com\\\/termek\\\/guilty-pleasure-silicone-flogger-whip-black\\\/\",\"name\":\"\u26d3\ufe0f Cs\u00f6ndes Brut\u00e1l \u2013 A szilikon korb\u00e1cs, ami nem recseg, csak rombol - Szexshop Belvaros\",\"isPartOf\":{\"@id\":\"https:\\\/\\\/www.szexshopbelvaros.com\\\/#website\"},\"primaryImageOfPage\":{\"@id\":\"https:\\\/\\\/www.szexshopbelvaros.com\\\/termek\\\/guilty-pleasure-silicone-flogger-whip-black\\\/#primaryimage\"},\"image\":{\"@id\":\"https:\\\/\\\/www.szexshopbelvaros.com\\\/termek\\\/guilty-pleasure-silicone-flogger-whip-black\\\/#primaryimage\"},\"thumbnailUrl\":\"https:\\\/\\\/www.szexshopbelvaros.com\\\/wp-content\\\/uploads\\\/2025\\\/01\\\/csondesbrutal.jpg\",\"datePublished\":\"2025-01-31T13:43:45+00:00\",\"dateModified\":\"2026-04-12T12:54:15+00:00\",\"breadcrumb\":{\"@id\":\"https:\\\/\\\/www.szexshopbelvaros.com\\\/termek\\\/guilty-pleasure-silicone-flogger-whip-black\\\/#breadcrumb\"},\"inLanguage\":\"en-US\",\"potentialAction\":[{\"@type\":\"ReadAction\",\"target\":[\"https:\\\/\\\/www.szexshopbelvaros.com\\\/termek\\\/guilty-pleasure-silicone-flogger-whip-black\\\/\"]}]},{\"@type\":\"ImageObject\",\"inLanguage\":\"en-US\",\"@id\":\"https:\\\/\\\/www.szexshopbelvaros.com\\\/termek\\\/guilty-pleasure-silicone-flogger-whip-black\\\/#primaryimage\",\"url\":\"https:\\\/\\\/www.szexshopbelvaros.com\\\/wp-content\\\/uploads\\\/2025\\\/01\\\/csondesbrutal.jpg\",\"contentUrl\":\"https:\\\/\\\/www.szexshopbelvaros.com\\\/wp-content\\\/uploads\\\/2025\\\/01\\\/csondesbrutal.jpg\",\"width\":1000,\"height\":562},{\"@type\":\"BreadcrumbList\",\"@id\":\"https:\\\/\\\/www.szexshopbelvaros.com\\\/termek\\\/guilty-pleasure-silicone-flogger-whip-black\\\/#breadcrumb\",\"itemListElement\":[{\"@type\":\"ListItem\",\"position\":1,\"name\":\"Home\",\"item\":\"https:\\\/\\\/www.szexshopbelvaros.com\\\/\"},{\"@type\":\"ListItem\",\"position\":2,\"name\":\"\u00c1ruh\u00e1z\",\"item\":\"https:\\\/\\\/www.szexshopbelvaros.com\\\/uzlet\\\/\"},{\"@type\":\"ListItem\",\"position\":3,\"name\":\"\u26d3\ufe0f Cs\u00f6ndes Brut\u00e1l \u2013 A szilikon korb\u00e1cs, ami nem recseg, csak rombol\"}]},{\"@type\":\"WebSite\",\"@id\":\"https:\\\/\\\/www.szexshopbelvaros.com\\\/#website\",\"url\":\"https:\\\/\\\/www.szexshopbelvaros.com\\\/\",\"name\":\"Szexshop Belv\u00e1ros\",\"description\":\"\ud83d\udd25 A szex olyan, mint a p\u00e9nz; csak a t\u00fal sok el\u00e9g!\u2122 Titkok a belv\u00e1rosb\u00f3l \ud83d\udc8b | Secrets from Budapest \ud83d\udc8e Feln\u0151tt j\u00e1t\u00e9kok \u2022 Erotika \u2022 Szexshop Belvaros\",\"publisher\":{\"@id\":\"https:\\\/\\\/www.szexshopbelvaros.com\\\/#organization\"},\"potentialAction\":[{\"@type\":\"SearchAction\",\"target\":{\"@type\":\"EntryPoint\",\"urlTemplate\":\"https:\\\/\\\/www.szexshopbelvaros.com\\\/?s={search_term_string}\"},\"query-input\":{\"@type\":\"PropertyValueSpecification\",\"valueRequired\":true,\"valueName\":\"search_term_string\"}}],\"inLanguage\":\"en-US\"},{\"@type\":\"Organization\",\"@id\":\"https:\\\/\\\/www.szexshopbelvaros.com\\\/#organization\",\"name\":\"Szexshop Belv\u00e1ros\",\"alternateName\":\"szexshopbelvaros.com\",\"url\":\"https:\\\/\\\/www.szexshopbelvaros.com\\\/\",\"logo\":{\"@type\":\"ImageObject\",\"inLanguage\":\"en-US\",\"@id\":\"https:\\\/\\\/www.szexshopbelvaros.com\\\/#\\\/schema\\\/logo\\\/image\\\/\",\"url\":\"https:\\\/\\\/www.szexshopbelvaros.com\\\/wp-content\\\/uploads\\\/2025\\\/09\\\/1Szexshopbelvaroslogo_blurred_stronger.jpg\",\"contentUrl\":\"https:\\\/\\\/www.szexshopbelvaros.com\\\/wp-content\\\/uploads\\\/2025\\\/09\\\/1Szexshopbelvaroslogo_blurred_stronger.jpg\",\"width\":1024,\"height\":1024,\"caption\":\"Szexshop Belv\u00e1ros\"},\"image\":{\"@id\":\"https:\\\/\\\/www.szexshopbelvaros.com\\\/#\\\/schema\\\/logo\\\/image\\\/\"},\"sameAs\":[\"https:\\\/\\\/www.facebook.com\\\/belvarossecrets\\\/\",\"https:\\\/\\\/x.com\\\/belvarossecrets\",\"https:\\\/\\\/www.instagram.com\\\/belvarossecrets\\\/\",\"https:\\\/\\\/www.tiktok.com\\\/@belvarossecrets\"]}]}<\/script>\n<!-- \/ Yoast SEO plugin. -->","yoast_head_json":{"title":"\u26d3\ufe0f Silent Brutal \u2013 The silicone whip that doesn&#039;t crack, it just destroys - Sexshop Belvaros","robots":{"index":"index","follow":"follow","max-snippet":"max-snippet:-1","max-image-preview":"max-image-preview:large","max-video-preview":"max-video-preview:-1"},"canonical":"https:\/\/www.szexshopbelvaros.com\/en\/product\/guilty-pleasure-silicone-flogger-whip-black\/","og_locale":"en_US","og_type":"article","og_title":"\u26d3\ufe0f Cs\u00f6ndes Brut\u00e1l \u2013 A szilikon korb\u00e1cs, ami nem recseg, csak rombol - Szexshop Belvaros","og_description":"Ez a 25,6 centis fekete szilikon korb\u00e1cs pont olyan, mint egy passz\u00edv-agressz\u00edv ex: kicsi, de kibaszottul puszt\u00edt. Ha azt hiszed, a m\u00e9ret sz\u00e1m\u00edt, csak addig fogod \u00edgy gondolni, am\u00edg ez a kis S\/M j\u00e1t\u00e9kszer v\u00e9gig nem csap a b\u0151r\u00f6d\u00f6n. A v\u00e9kony, de hajl\u00e9kony szilikonsz\u00e1lak \u00fagy ostoroznak, mint egy d\u00fch\u00f6s szeret\u0151, aki v\u00e9gign\u00e9zte, hogy m\u00e1ssal fl\u00f6rt\u00f6lsz [...]","og_url":"https:\/\/www.szexshopbelvaros.com\/en\/product\/guilty-pleasure-silicone-flogger-whip-black\/","og_site_name":"Szexshop Belvaros","article_publisher":"https:\/\/www.facebook.com\/belvarossecrets\/","article_modified_time":"2026-04-12T12:54:15+00:00","og_image":[{"width":1000,"height":562,"url":"https:\/\/www.szexshopbelvaros.com\/wp-content\/uploads\/2025\/01\/csondesbrutal.jpg","type":"image\/jpeg"}],"twitter_card":"summary_large_image","twitter_site":"@belvarossecrets","twitter_misc":{"Est. reading time":"1 minute"},"schema":{"@context":"https:\/\/schema.org","@graph":[{"@type":"WebPage","@id":"https:\/\/www.szexshopbelvaros.com\/termek\/guilty-pleasure-silicone-flogger-whip-black\/","url":"https:\/\/www.szexshopbelvaros.com\/termek\/guilty-pleasure-silicone-flogger-whip-black\/","name":"\u26d3\ufe0f Silent Brutal \u2013 The silicone whip that doesn&#039;t crack, it just destroys - Sexshop Belvaros","isPartOf":{"@id":"https:\/\/www.szexshopbelvaros.com\/#website"},"primaryImageOfPage":{"@id":"https:\/\/www.szexshopbelvaros.com\/termek\/guilty-pleasure-silicone-flogger-whip-black\/#primaryimage"},"image":{"@id":"https:\/\/www.szexshopbelvaros.com\/termek\/guilty-pleasure-silicone-flogger-whip-black\/#primaryimage"},"thumbnailUrl":"https:\/\/www.szexshopbelvaros.com\/wp-content\/uploads\/2025\/01\/csondesbrutal.jpg","datePublished":"2025-01-31T13:43:45+00:00","dateModified":"2026-04-12T12:54:15+00:00","breadcrumb":{"@id":"https:\/\/www.szexshopbelvaros.com\/termek\/guilty-pleasure-silicone-flogger-whip-black\/#breadcrumb"},"inLanguage":"en-US","potentialAction":[{"@type":"ReadAction","target":["https:\/\/www.szexshopbelvaros.com\/termek\/guilty-pleasure-silicone-flogger-whip-black\/"]}]},{"@type":"ImageObject","inLanguage":"en-US","@id":"https:\/\/www.szexshopbelvaros.com\/termek\/guilty-pleasure-silicone-flogger-whip-black\/#primaryimage","url":"https:\/\/www.szexshopbelvaros.com\/wp-content\/uploads\/2025\/01\/csondesbrutal.jpg","contentUrl":"https:\/\/www.szexshopbelvaros.com\/wp-content\/uploads\/2025\/01\/csondesbrutal.jpg","width":1000,"height":562},{"@type":"BreadcrumbList","@id":"https:\/\/www.szexshopbelvaros.com\/termek\/guilty-pleasure-silicone-flogger-whip-black\/#breadcrumb","itemListElement":[{"@type":"ListItem","position":1,"name":"Home","item":"https:\/\/www.szexshopbelvaros.com\/"},{"@type":"ListItem","position":2,"name":"\u00c1ruh\u00e1z","item":"https:\/\/www.szexshopbelvaros.com\/uzlet\/"},{"@type":"ListItem","position":3,"name":"\u26d3\ufe0f Cs\u00f6ndes Brut\u00e1l \u2013 A szilikon korb\u00e1cs, ami nem recseg, csak rombol"}]},{"@type":"WebSite","@id":"https:\/\/www.szexshopbelvaros.com\/#website","url":"https:\/\/www.szexshopbelvaros.com\/","name":"at our Szexshop Belv\u00e1ros","description":"\ud83d\udd25 Sex is like money; only too much is enough!\u2122 Secrets from the city center \ud83d\udc8b | Secrets from Budapest \ud83d\udc8e Adult games \u2022 Erotica \u2022 Sex shop Belvaros","publisher":{"@id":"https:\/\/www.szexshopbelvaros.com\/#organization"},"potentialAction":[{"@type":"SearchAction","target":{"@type":"EntryPoint","urlTemplate":"https:\/\/www.szexshopbelvaros.com\/?s={search_term_string}"},"query-input":{"@type":"PropertyValueSpecification","valueRequired":true,"valueName":"search_term_string"}}],"inLanguage":"en-US"},{"@type":"Organization","@id":"https:\/\/www.szexshopbelvaros.com\/#organization","name":"at our Szexshop Belv\u00e1ros","alternateName":"szexshopbelvaros.com","url":"https:\/\/www.szexshopbelvaros.com\/","logo":{"@type":"ImageObject","inLanguage":"en-US","@id":"https:\/\/www.szexshopbelvaros.com\/#\/schema\/logo\/image\/","url":"https:\/\/www.szexshopbelvaros.com\/wp-content\/uploads\/2025\/09\/1Szexshopbelvaroslogo_blurred_stronger.jpg","contentUrl":"https:\/\/www.szexshopbelvaros.com\/wp-content\/uploads\/2025\/09\/1Szexshopbelvaroslogo_blurred_stronger.jpg","width":1024,"height":1024,"caption":"Szexshop Belv\u00e1ros"},"image":{"@id":"https:\/\/www.szexshopbelvaros.com\/#\/schema\/logo\/image\/"},"sameAs":["https:\/\/www.facebook.com\/belvarossecrets\/","https:\/\/x.com\/belvarossecrets","https:\/\/www.instagram.com\/belvarossecrets\/","https:\/\/www.tiktok.com\/@belvarossecrets"]}]}},"_links":{"self":[{"href":"https:\/\/www.szexshopbelvaros.com\/en\/wp-json\/wp\/v2\/product\/634","targetHints":{"allow":["GET"]}}],"collection":[{"href":"https:\/\/www.szexshopbelvaros.com\/en\/wp-json\/wp\/v2\/product"}],"about":[{"href":"https:\/\/www.szexshopbelvaros.com\/en\/wp-json\/wp\/v2\/types\/product"}],"replies":[{"embeddable":true,"href":"https:\/\/www.szexshopbelvaros.com\/en\/wp-json\/wp\/v2\/comments?post=634"}],"wp:featuredmedia":[{"embeddable":true,"href":"https:\/\/www.szexshopbelvaros.com\/en\/wp-json\/wp\/v2\/media\/2089"}],"wp:attachment":[{"href":"https:\/\/www.szexshopbelvaros.com\/en\/wp-json\/wp\/v2\/media?parent=634"}],"wp:term":[{"taxonomy":"product_brand","embeddable":true,"href":"https:\/\/www.szexshopbelvaros.com\/en\/wp-json\/wp\/v2\/product_brand?post=634"},{"taxonomy":"product_cat","embeddable":true,"href":"https:\/\/www.szexshopbelvaros.com\/en\/wp-json\/wp\/v2\/product_cat?post=634"},{"taxonomy":"product_tag","embeddable":true,"href":"https:\/\/www.szexshopbelvaros.com\/en\/wp-json\/wp\/v2\/product_tag?post=634"}],"curies":[{"name":"wp","href":"https:\/\/api.w.org\/{rel}","templated":true}]}}