{"id":636,"date":"2025-01-31T14:43:45","date_gmt":"2025-01-31T13:43:45","guid":{"rendered":"https:\/\/www.szexshopbelvaros.com\/termek\/fetish-pleasure-metal-hand-cuffs\/"},"modified":"2026-04-10T14:01:03","modified_gmt":"2026-04-10T12:01:03","slug":"fetish-pleasure-metal-hand-cuffs","status":"publish","type":"product","link":"https:\/\/www.szexshopbelvaros.com\/en\/product\/fetish-pleasure-metal-hand-cuffs\/","title":{"rendered":"\ud83d\ude93 The handcuffs click, the panties slip \u2013 the lustful command comes with metal"},"content":{"rendered":"<p data-start=\"70\" data-end=\"472\">The Fetish Pleasure metal handcuffs don&#039;t ask you &quot;are you ready&quot; - they just snap and the interrogation in the bedroom begins. They shine silver like the set of a police movie, but this isn&#039;t about the violations, it&#039;s about the <em data-start=\"297\" data-end=\"320\">illicit pleasures.<\/em> Thanks to its adjustable size, you can use it to bind almost any limb, whether it&#039;s your hands, ankles, or whatever is left of your self-control.<\/p>\n<p data-start=\"474\" data-end=\"745\">A solid metal body, a BDSM-ready design, and no soft plush \u2013 these handcuffs don&#039;t hug you, they <em data-start=\"564\" data-end=\"570\">command<\/em>. A perfect accessory for role-playing, fetish parties, or just a little \"you've been bad\" scene. Guaranteed to make you lose not only the key, but also your self-control.<\/p>\n<p data-start=\"747\" data-end=\"839\">Available at szexshopbelvaros - where pleasure doesn't ask for permission, it just arrests you. \ud83d\ude0f<\/p>\n<p>&nbsp;<\/p>","protected":false},"excerpt":{"rendered":"<p>A Fetish Pleasure f\u00e9m bilincs nem k\u00e9rdezi meg, hogy \u201ck\u00e9szen \u00e1llsz-e\u201d \u2013 csak csattan egyet, \u00e9s m\u00e1ris elindul a kihallgat\u00e1s a h\u00e1l\u00f3szob\u00e1ban. Ez\u00fcst sz\u00ednben csillog, mint a rend\u0151rfilmek d\u00edszlete, de ez nem a jogs\u00e9rt\u00e9sekr\u0151l, hanem a jogtalan \u00e9lvezetekr\u0151l sz\u00f3l. \u00c1ll\u00edthat\u00f3 m\u00e9ret\u00e9nek k\u00f6sz\u00f6nhet\u0151en szinte b\u00e1rmelyik v\u00e9gtagot rabos\u00edtani lehet vele, legyen sz\u00f3 kezekr\u0151l, bok\u00e1kr\u00f3l, vagy az \u00f6nuralmad [&#8230;]\n","protected":false},"featured_media":2812,"comment_status":"closed","ping_status":"closed","template":"","meta":[],"product_brand":[82],"product_cat":[52,2005],"product_tag":[321,1410,1416,372,1561,389,1415,2008,2021,1407,2022,2020,715],"class_list":{"0":"post-636","1":"product","2":"type-product","3":"status-publish","4":"has-post-thumbnail","6":"product_brand-lovetoy","7":"product_cat-bdsm","8":"product_cat-kotozes-rogzites","9":"product_tag-bdsm","10":"product_tag-bdsm-toy","11":"product_tag-bilincs","12":"product_tag-bondage","13":"product_tag-bondage-rope","14":"product_tag-felnott-jatek","15":"product_tag-handcuffs","16":"product_tag-kink","17":"product_tag-kotelfetis","18":"product_tag-kotozes","19":"product_tag-restraints","20":"product_tag-rogzites","21":"product_tag-szadomazo-kellek","23":"first","24":"instock","25":"taxable","26":"shipping-taxable","27":"purchasable","28":"product-type-simple"},"yoast_head":"<!-- This site is optimized with the Yoast SEO plugin v27.4 - https:\/\/yoast.com\/product\/yoast-seo-wordpress\/ -->\n<title>\ud83d\ude93 Kattan a bilincs, cs\u00faszik a bugyi \u2013 f\u00e9mmel j\u00f6n a k\u00e9jparancs - Szexshop Belvaros<\/title>\n<meta name=\"robots\" content=\"index, follow, max-snippet:-1, max-image-preview:large, max-video-preview:-1\" \/>\n<link rel=\"canonical\" href=\"https:\/\/www.szexshopbelvaros.com\/en\/product\/fetish-pleasure-metal-hand-cuffs\/\" \/>\n<meta property=\"og:locale\" content=\"en_US\" \/>\n<meta property=\"og:type\" content=\"article\" \/>\n<meta property=\"og:title\" content=\"\ud83d\ude93 Kattan a bilincs, cs\u00faszik a bugyi \u2013 f\u00e9mmel j\u00f6n a k\u00e9jparancs - Szexshop Belvaros\" \/>\n<meta property=\"og:description\" content=\"A Fetish Pleasure f\u00e9m bilincs nem k\u00e9rdezi meg, hogy \u201ck\u00e9szen \u00e1llsz-e\u201d \u2013 csak csattan egyet, \u00e9s m\u00e1ris elindul a kihallgat\u00e1s a h\u00e1l\u00f3szob\u00e1ban. Ez\u00fcst sz\u00ednben csillog, mint a rend\u0151rfilmek d\u00edszlete, de ez nem a jogs\u00e9rt\u00e9sekr\u0151l, hanem a jogtalan \u00e9lvezetekr\u0151l sz\u00f3l. \u00c1ll\u00edthat\u00f3 m\u00e9ret\u00e9nek k\u00f6sz\u00f6nhet\u0151en szinte b\u00e1rmelyik v\u00e9gtagot rabos\u00edtani lehet vele, legyen sz\u00f3 kezekr\u0151l, bok\u00e1kr\u00f3l, vagy az \u00f6nuralmad [...]\" \/>\n<meta property=\"og:url\" content=\"https:\/\/www.szexshopbelvaros.com\/en\/product\/fetish-pleasure-metal-hand-cuffs\/\" \/>\n<meta property=\"og:site_name\" content=\"Szexshop Belvaros\" \/>\n<meta property=\"article:publisher\" content=\"https:\/\/www.facebook.com\/belvarossecrets\/\" \/>\n<meta property=\"article:modified_time\" content=\"2026-04-10T12:01:03+00:00\" \/>\n<meta property=\"og:image\" content=\"https:\/\/www.szexshopbelvaros.com\/wp-content\/uploads\/2025\/01\/Untitled-design-copy-3-19.png\" \/>\n\t<meta property=\"og:image:width\" content=\"300\" \/>\n\t<meta property=\"og:image:height\" content=\"137\" \/>\n\t<meta property=\"og:image:type\" content=\"image\/png\" \/>\n<meta name=\"twitter:card\" content=\"summary_large_image\" \/>\n<meta name=\"twitter:site\" content=\"@belvarossecrets\" \/>\n<meta name=\"twitter:label1\" content=\"Est. reading time\" \/>\n\t<meta name=\"twitter:data1\" content=\"1 minute\" \/>\n<script type=\"application\/ld+json\" class=\"yoast-schema-graph\">{\"@context\":\"https:\\\/\\\/schema.org\",\"@graph\":[{\"@type\":\"WebPage\",\"@id\":\"https:\\\/\\\/www.szexshopbelvaros.com\\\/termek\\\/fetish-pleasure-metal-hand-cuffs\\\/\",\"url\":\"https:\\\/\\\/www.szexshopbelvaros.com\\\/termek\\\/fetish-pleasure-metal-hand-cuffs\\\/\",\"name\":\"\ud83d\ude93 Kattan a bilincs, cs\u00faszik a bugyi \u2013 f\u00e9mmel j\u00f6n a k\u00e9jparancs - Szexshop Belvaros\",\"isPartOf\":{\"@id\":\"https:\\\/\\\/www.szexshopbelvaros.com\\\/#website\"},\"primaryImageOfPage\":{\"@id\":\"https:\\\/\\\/www.szexshopbelvaros.com\\\/termek\\\/fetish-pleasure-metal-hand-cuffs\\\/#primaryimage\"},\"image\":{\"@id\":\"https:\\\/\\\/www.szexshopbelvaros.com\\\/termek\\\/fetish-pleasure-metal-hand-cuffs\\\/#primaryimage\"},\"thumbnailUrl\":\"https:\\\/\\\/www.szexshopbelvaros.com\\\/wp-content\\\/uploads\\\/2025\\\/01\\\/Untitled-design-copy-3-19.png\",\"datePublished\":\"2025-01-31T13:43:45+00:00\",\"dateModified\":\"2026-04-10T12:01:03+00:00\",\"breadcrumb\":{\"@id\":\"https:\\\/\\\/www.szexshopbelvaros.com\\\/termek\\\/fetish-pleasure-metal-hand-cuffs\\\/#breadcrumb\"},\"inLanguage\":\"en-US\",\"potentialAction\":[{\"@type\":\"ReadAction\",\"target\":[\"https:\\\/\\\/www.szexshopbelvaros.com\\\/termek\\\/fetish-pleasure-metal-hand-cuffs\\\/\"]}]},{\"@type\":\"ImageObject\",\"inLanguage\":\"en-US\",\"@id\":\"https:\\\/\\\/www.szexshopbelvaros.com\\\/termek\\\/fetish-pleasure-metal-hand-cuffs\\\/#primaryimage\",\"url\":\"https:\\\/\\\/www.szexshopbelvaros.com\\\/wp-content\\\/uploads\\\/2025\\\/01\\\/Untitled-design-copy-3-19.png\",\"contentUrl\":\"https:\\\/\\\/www.szexshopbelvaros.com\\\/wp-content\\\/uploads\\\/2025\\\/01\\\/Untitled-design-copy-3-19.png\",\"width\":300,\"height\":137},{\"@type\":\"BreadcrumbList\",\"@id\":\"https:\\\/\\\/www.szexshopbelvaros.com\\\/termek\\\/fetish-pleasure-metal-hand-cuffs\\\/#breadcrumb\",\"itemListElement\":[{\"@type\":\"ListItem\",\"position\":1,\"name\":\"Home\",\"item\":\"https:\\\/\\\/www.szexshopbelvaros.com\\\/\"},{\"@type\":\"ListItem\",\"position\":2,\"name\":\"\u00c1ruh\u00e1z\",\"item\":\"https:\\\/\\\/www.szexshopbelvaros.com\\\/uzlet\\\/\"},{\"@type\":\"ListItem\",\"position\":3,\"name\":\"\ud83d\ude93 Kattan a bilincs, cs\u00faszik a bugyi \u2013 f\u00e9mmel j\u00f6n a k\u00e9jparancs\"}]},{\"@type\":\"WebSite\",\"@id\":\"https:\\\/\\\/www.szexshopbelvaros.com\\\/#website\",\"url\":\"https:\\\/\\\/www.szexshopbelvaros.com\\\/\",\"name\":\"Szexshop Belv\u00e1ros\",\"description\":\"\ud83d\udd25 A szex olyan, mint a p\u00e9nz; csak a t\u00fal sok el\u00e9g!\u2122 Titkok a belv\u00e1rosb\u00f3l \ud83d\udc8b | Secrets from Budapest \ud83d\udc8e Feln\u0151tt j\u00e1t\u00e9kok \u2022 Erotika \u2022 Szexshop Belvaros\",\"publisher\":{\"@id\":\"https:\\\/\\\/www.szexshopbelvaros.com\\\/#organization\"},\"potentialAction\":[{\"@type\":\"SearchAction\",\"target\":{\"@type\":\"EntryPoint\",\"urlTemplate\":\"https:\\\/\\\/www.szexshopbelvaros.com\\\/?s={search_term_string}\"},\"query-input\":{\"@type\":\"PropertyValueSpecification\",\"valueRequired\":true,\"valueName\":\"search_term_string\"}}],\"inLanguage\":\"en-US\"},{\"@type\":\"Organization\",\"@id\":\"https:\\\/\\\/www.szexshopbelvaros.com\\\/#organization\",\"name\":\"Szexshop Belv\u00e1ros\",\"alternateName\":\"szexshopbelvaros.com\",\"url\":\"https:\\\/\\\/www.szexshopbelvaros.com\\\/\",\"logo\":{\"@type\":\"ImageObject\",\"inLanguage\":\"en-US\",\"@id\":\"https:\\\/\\\/www.szexshopbelvaros.com\\\/#\\\/schema\\\/logo\\\/image\\\/\",\"url\":\"https:\\\/\\\/www.szexshopbelvaros.com\\\/wp-content\\\/uploads\\\/2025\\\/09\\\/1Szexshopbelvaroslogo_blurred_stronger.jpg\",\"contentUrl\":\"https:\\\/\\\/www.szexshopbelvaros.com\\\/wp-content\\\/uploads\\\/2025\\\/09\\\/1Szexshopbelvaroslogo_blurred_stronger.jpg\",\"width\":1024,\"height\":1024,\"caption\":\"Szexshop Belv\u00e1ros\"},\"image\":{\"@id\":\"https:\\\/\\\/www.szexshopbelvaros.com\\\/#\\\/schema\\\/logo\\\/image\\\/\"},\"sameAs\":[\"https:\\\/\\\/www.facebook.com\\\/belvarossecrets\\\/\",\"https:\\\/\\\/x.com\\\/belvarossecrets\",\"https:\\\/\\\/www.instagram.com\\\/belvarossecrets\\\/\",\"https:\\\/\\\/www.tiktok.com\\\/@belvarossecrets\"]}]}<\/script>\n<!-- \/ Yoast SEO plugin. -->","yoast_head_json":{"title":"\ud83d\ude93 The handcuffs click, the panties slip \u2013 the lust command comes with metal - Szexshop Belvaros","robots":{"index":"index","follow":"follow","max-snippet":"max-snippet:-1","max-image-preview":"max-image-preview:large","max-video-preview":"max-video-preview:-1"},"canonical":"https:\/\/www.szexshopbelvaros.com\/en\/product\/fetish-pleasure-metal-hand-cuffs\/","og_locale":"en_US","og_type":"article","og_title":"\ud83d\ude93 Kattan a bilincs, cs\u00faszik a bugyi \u2013 f\u00e9mmel j\u00f6n a k\u00e9jparancs - Szexshop Belvaros","og_description":"A Fetish Pleasure f\u00e9m bilincs nem k\u00e9rdezi meg, hogy \u201ck\u00e9szen \u00e1llsz-e\u201d \u2013 csak csattan egyet, \u00e9s m\u00e1ris elindul a kihallgat\u00e1s a h\u00e1l\u00f3szob\u00e1ban. Ez\u00fcst sz\u00ednben csillog, mint a rend\u0151rfilmek d\u00edszlete, de ez nem a jogs\u00e9rt\u00e9sekr\u0151l, hanem a jogtalan \u00e9lvezetekr\u0151l sz\u00f3l. \u00c1ll\u00edthat\u00f3 m\u00e9ret\u00e9nek k\u00f6sz\u00f6nhet\u0151en szinte b\u00e1rmelyik v\u00e9gtagot rabos\u00edtani lehet vele, legyen sz\u00f3 kezekr\u0151l, bok\u00e1kr\u00f3l, vagy az \u00f6nuralmad [...]","og_url":"https:\/\/www.szexshopbelvaros.com\/en\/product\/fetish-pleasure-metal-hand-cuffs\/","og_site_name":"Szexshop Belvaros","article_publisher":"https:\/\/www.facebook.com\/belvarossecrets\/","article_modified_time":"2026-04-10T12:01:03+00:00","og_image":[{"width":300,"height":137,"url":"https:\/\/www.szexshopbelvaros.com\/wp-content\/uploads\/2025\/01\/Untitled-design-copy-3-19.png","type":"image\/png"}],"twitter_card":"summary_large_image","twitter_site":"@belvarossecrets","twitter_misc":{"Est. reading time":"1 minute"},"schema":{"@context":"https:\/\/schema.org","@graph":[{"@type":"WebPage","@id":"https:\/\/www.szexshopbelvaros.com\/termek\/fetish-pleasure-metal-hand-cuffs\/","url":"https:\/\/www.szexshopbelvaros.com\/termek\/fetish-pleasure-metal-hand-cuffs\/","name":"\ud83d\ude93 The handcuffs click, the panties slip \u2013 the lust command comes with metal - Szexshop Belvaros","isPartOf":{"@id":"https:\/\/www.szexshopbelvaros.com\/#website"},"primaryImageOfPage":{"@id":"https:\/\/www.szexshopbelvaros.com\/termek\/fetish-pleasure-metal-hand-cuffs\/#primaryimage"},"image":{"@id":"https:\/\/www.szexshopbelvaros.com\/termek\/fetish-pleasure-metal-hand-cuffs\/#primaryimage"},"thumbnailUrl":"https:\/\/www.szexshopbelvaros.com\/wp-content\/uploads\/2025\/01\/Untitled-design-copy-3-19.png","datePublished":"2025-01-31T13:43:45+00:00","dateModified":"2026-04-10T12:01:03+00:00","breadcrumb":{"@id":"https:\/\/www.szexshopbelvaros.com\/termek\/fetish-pleasure-metal-hand-cuffs\/#breadcrumb"},"inLanguage":"en-US","potentialAction":[{"@type":"ReadAction","target":["https:\/\/www.szexshopbelvaros.com\/termek\/fetish-pleasure-metal-hand-cuffs\/"]}]},{"@type":"ImageObject","inLanguage":"en-US","@id":"https:\/\/www.szexshopbelvaros.com\/termek\/fetish-pleasure-metal-hand-cuffs\/#primaryimage","url":"https:\/\/www.szexshopbelvaros.com\/wp-content\/uploads\/2025\/01\/Untitled-design-copy-3-19.png","contentUrl":"https:\/\/www.szexshopbelvaros.com\/wp-content\/uploads\/2025\/01\/Untitled-design-copy-3-19.png","width":300,"height":137},{"@type":"BreadcrumbList","@id":"https:\/\/www.szexshopbelvaros.com\/termek\/fetish-pleasure-metal-hand-cuffs\/#breadcrumb","itemListElement":[{"@type":"ListItem","position":1,"name":"Home","item":"https:\/\/www.szexshopbelvaros.com\/"},{"@type":"ListItem","position":2,"name":"\u00c1ruh\u00e1z","item":"https:\/\/www.szexshopbelvaros.com\/uzlet\/"},{"@type":"ListItem","position":3,"name":"\ud83d\ude93 Kattan a bilincs, cs\u00faszik a bugyi \u2013 f\u00e9mmel j\u00f6n a k\u00e9jparancs"}]},{"@type":"WebSite","@id":"https:\/\/www.szexshopbelvaros.com\/#website","url":"https:\/\/www.szexshopbelvaros.com\/","name":"at our Szexshop Belv\u00e1ros","description":"\ud83d\udd25 Sex is like money; only too much is enough!\u2122 Secrets from the city center \ud83d\udc8b | Secrets from Budapest \ud83d\udc8e Adult games \u2022 Erotica \u2022 Sex shop Belvaros","publisher":{"@id":"https:\/\/www.szexshopbelvaros.com\/#organization"},"potentialAction":[{"@type":"SearchAction","target":{"@type":"EntryPoint","urlTemplate":"https:\/\/www.szexshopbelvaros.com\/?s={search_term_string}"},"query-input":{"@type":"PropertyValueSpecification","valueRequired":true,"valueName":"search_term_string"}}],"inLanguage":"en-US"},{"@type":"Organization","@id":"https:\/\/www.szexshopbelvaros.com\/#organization","name":"at our Szexshop Belv\u00e1ros","alternateName":"szexshopbelvaros.com","url":"https:\/\/www.szexshopbelvaros.com\/","logo":{"@type":"ImageObject","inLanguage":"en-US","@id":"https:\/\/www.szexshopbelvaros.com\/#\/schema\/logo\/image\/","url":"https:\/\/www.szexshopbelvaros.com\/wp-content\/uploads\/2025\/09\/1Szexshopbelvaroslogo_blurred_stronger.jpg","contentUrl":"https:\/\/www.szexshopbelvaros.com\/wp-content\/uploads\/2025\/09\/1Szexshopbelvaroslogo_blurred_stronger.jpg","width":1024,"height":1024,"caption":"Szexshop Belv\u00e1ros"},"image":{"@id":"https:\/\/www.szexshopbelvaros.com\/#\/schema\/logo\/image\/"},"sameAs":["https:\/\/www.facebook.com\/belvarossecrets\/","https:\/\/x.com\/belvarossecrets","https:\/\/www.instagram.com\/belvarossecrets\/","https:\/\/www.tiktok.com\/@belvarossecrets"]}]}},"_links":{"self":[{"href":"https:\/\/www.szexshopbelvaros.com\/en\/wp-json\/wp\/v2\/product\/636","targetHints":{"allow":["GET"]}}],"collection":[{"href":"https:\/\/www.szexshopbelvaros.com\/en\/wp-json\/wp\/v2\/product"}],"about":[{"href":"https:\/\/www.szexshopbelvaros.com\/en\/wp-json\/wp\/v2\/types\/product"}],"replies":[{"embeddable":true,"href":"https:\/\/www.szexshopbelvaros.com\/en\/wp-json\/wp\/v2\/comments?post=636"}],"wp:featuredmedia":[{"embeddable":true,"href":"https:\/\/www.szexshopbelvaros.com\/en\/wp-json\/wp\/v2\/media\/2812"}],"wp:attachment":[{"href":"https:\/\/www.szexshopbelvaros.com\/en\/wp-json\/wp\/v2\/media?parent=636"}],"wp:term":[{"taxonomy":"product_brand","embeddable":true,"href":"https:\/\/www.szexshopbelvaros.com\/en\/wp-json\/wp\/v2\/product_brand?post=636"},{"taxonomy":"product_cat","embeddable":true,"href":"https:\/\/www.szexshopbelvaros.com\/en\/wp-json\/wp\/v2\/product_cat?post=636"},{"taxonomy":"product_tag","embeddable":true,"href":"https:\/\/www.szexshopbelvaros.com\/en\/wp-json\/wp\/v2\/product_tag?post=636"}],"curies":[{"name":"wp","href":"https:\/\/api.w.org\/{rel}","templated":true}]}}