{"id":646,"date":"2025-01-31T14:43:45","date_gmt":"2025-01-31T13:43:45","guid":{"rendered":"https:\/\/www.szexshopbelvaros.com\/termek\/bad-kitty-mask-black-1\/"},"modified":"2026-04-21T15:51:45","modified_gmt":"2026-04-21T13:51:45","slug":"bad-kitty-mask-black-1","status":"publish","type":"product","link":"https:\/\/www.szexshopbelvaros.com\/en\/product\/bad-kitty-mask-black-1\/","title":{"rendered":"Black Cat \u2013 The Beauty of Sin"},"content":{"rendered":"<p>This black <strong data-start=\"311\" data-end=\"327\">fetish mask<\/strong> adorns your face, and changes your night. Made of polyester, it's light, comfortable, and sexy as hell - like going to a ball where the dress code is: <strong data-start=\"491\" data-end=\"513\">just naughty desires<\/strong>.<br data-start=\"514\" data-end=\"517\" \/><strong data-start=\"517\" data-end=\"535\">As a fetish accessory,<\/strong> it's the perfect complement, whether it's for dominance, hidden desires, or just a little \"look at me but don't recognize me\" type of excitement.<br data-start=\"669\" data-end=\"672\" data-is-only-node=\"\" \/><strong data-start=\"672\" data-end=\"683\">Unisex<\/strong> \u2013 ideal for women, men, couples, dominatrixes and every cat-eyed seductress who isn&#039;t afraid to show her dark side.<\/p>\n<p>&nbsp;<\/p>","protected":false},"excerpt":{"rendered":"<p>Ez a fekete fetish maszk nem csak az arcod d\u00edsz\u00edti, hanem az \u00e9jszak\u00e1dat is \u00e1t\u00edrja. Poli\u00e9szterb\u0151l k\u00e9sz\u00fclt, k\u00f6nny\u0171, k\u00e9nyelmes \u00e9s pokolian szexi \u2013 mintha egy b\u00e1lba menn\u00e9l, ahol a dress code: csak pajz\u00e1n v\u00e1gyak.Fetish j\u00e1t\u00e9kok t\u00f6k\u00e9letes kieg\u00e9sz\u00edt\u0151je, legyen sz\u00f3 dominanci\u00e1r\u00f3l, rejtett v\u00e1gyakr\u00f3l vagy csak egy kis &#8222;n\u00e9zz r\u00e1m, de ne ismerj fel&#8221; t\u00edpus\u00fa izgalomr\u00f3l.Uniszex \u2013 [&#8230;]\n","protected":false},"featured_media":647,"comment_status":"closed","ping_status":"closed","template":"","meta":[],"product_brand":[166],"product_cat":[52,2007],"product_tag":[321,1410,2018,372,2015,2016,2014,389,2008,2017,715,2019],"class_list":{"0":"post-646","1":"product","2":"type-product","3":"status-publish","4":"has-post-thumbnail","6":"product_brand-bad-kitty","7":"product_cat-bdsm","8":"product_cat-erzeki-jatekok","9":"product_tag-bdsm","10":"product_tag-bdsm-toy","11":"product_tag-blindfold-play","12":"product_tag-bondage","13":"product_tag-csiklandozas","14":"product_tag-erzekfokozas","15":"product_tag-erzeki-jatek","16":"product_tag-felnott-jatek","17":"product_tag-kink","18":"product_tag-sensory-play","19":"product_tag-szadomazo-kellek","20":"product_tag-temperature-play","22":"first","23":"instock","24":"taxable","25":"shipping-taxable","26":"purchasable","27":"product-type-simple"},"yoast_head":"<!-- This site is optimized with the Yoast SEO plugin v27.4 - https:\/\/yoast.com\/product\/yoast-seo-wordpress\/ -->\n<title>Fekete Macska \u2013 A B\u0171n Sz\u00e9ps\u00e9ge - Szexshop Belvaros<\/title>\n<meta name=\"robots\" content=\"index, follow, max-snippet:-1, max-image-preview:large, max-video-preview:-1\" \/>\n<link rel=\"canonical\" href=\"https:\/\/www.szexshopbelvaros.com\/en\/product\/bad-kitty-mask-black-1\/\" \/>\n<meta property=\"og:locale\" content=\"en_US\" \/>\n<meta property=\"og:type\" content=\"article\" \/>\n<meta property=\"og:title\" content=\"Fekete Macska \u2013 A B\u0171n Sz\u00e9ps\u00e9ge - Szexshop Belvaros\" \/>\n<meta property=\"og:description\" content=\"Ez a fekete fetish maszk nem csak az arcod d\u00edsz\u00edti, hanem az \u00e9jszak\u00e1dat is \u00e1t\u00edrja. Poli\u00e9szterb\u0151l k\u00e9sz\u00fclt, k\u00f6nny\u0171, k\u00e9nyelmes \u00e9s pokolian szexi \u2013 mintha egy b\u00e1lba menn\u00e9l, ahol a dress code: csak pajz\u00e1n v\u00e1gyak.Fetish j\u00e1t\u00e9kok t\u00f6k\u00e9letes kieg\u00e9sz\u00edt\u0151je, legyen sz\u00f3 dominanci\u00e1r\u00f3l, rejtett v\u00e1gyakr\u00f3l vagy csak egy kis &#8222;n\u00e9zz r\u00e1m, de ne ismerj fel&#8221; t\u00edpus\u00fa izgalomr\u00f3l.Uniszex \u2013 [...]\" \/>\n<meta property=\"og:url\" content=\"https:\/\/www.szexshopbelvaros.com\/en\/product\/bad-kitty-mask-black-1\/\" \/>\n<meta property=\"og:site_name\" content=\"Szexshop Belvaros\" \/>\n<meta property=\"article:publisher\" content=\"https:\/\/www.facebook.com\/belvarossecrets\/\" \/>\n<meta property=\"article:modified_time\" content=\"2026-04-21T13:51:45+00:00\" \/>\n<meta property=\"og:image\" content=\"https:\/\/www.szexshopbelvaros.com\/wp-content\/uploads\/2025\/01\/6a2d95b2-427a-11ee-81a1-3a4f4a7151be_bad_kitty_mask_black__2_.jpg\" \/>\n\t<meta property=\"og:image:width\" content=\"1200\" \/>\n\t<meta property=\"og:image:height\" content=\"675\" \/>\n\t<meta property=\"og:image:type\" content=\"image\/jpeg\" \/>\n<meta name=\"twitter:card\" content=\"summary_large_image\" \/>\n<meta name=\"twitter:site\" content=\"@belvarossecrets\" \/>\n<meta name=\"twitter:label1\" content=\"Est. reading time\" \/>\n\t<meta name=\"twitter:data1\" content=\"1 minute\" \/>\n<script type=\"application\/ld+json\" class=\"yoast-schema-graph\">{\"@context\":\"https:\\\/\\\/schema.org\",\"@graph\":[{\"@type\":\"WebPage\",\"@id\":\"https:\\\/\\\/www.szexshopbelvaros.com\\\/termek\\\/bad-kitty-mask-black-1\\\/\",\"url\":\"https:\\\/\\\/www.szexshopbelvaros.com\\\/termek\\\/bad-kitty-mask-black-1\\\/\",\"name\":\"Fekete Macska \u2013 A B\u0171n Sz\u00e9ps\u00e9ge - Szexshop Belvaros\",\"isPartOf\":{\"@id\":\"https:\\\/\\\/www.szexshopbelvaros.com\\\/#website\"},\"primaryImageOfPage\":{\"@id\":\"https:\\\/\\\/www.szexshopbelvaros.com\\\/termek\\\/bad-kitty-mask-black-1\\\/#primaryimage\"},\"image\":{\"@id\":\"https:\\\/\\\/www.szexshopbelvaros.com\\\/termek\\\/bad-kitty-mask-black-1\\\/#primaryimage\"},\"thumbnailUrl\":\"https:\\\/\\\/www.szexshopbelvaros.com\\\/wp-content\\\/uploads\\\/2025\\\/01\\\/6a2d95b2-427a-11ee-81a1-3a4f4a7151be_bad_kitty_mask_black__2_.jpg\",\"datePublished\":\"2025-01-31T13:43:45+00:00\",\"dateModified\":\"2026-04-21T13:51:45+00:00\",\"breadcrumb\":{\"@id\":\"https:\\\/\\\/www.szexshopbelvaros.com\\\/termek\\\/bad-kitty-mask-black-1\\\/#breadcrumb\"},\"inLanguage\":\"en-US\",\"potentialAction\":[{\"@type\":\"ReadAction\",\"target\":[\"https:\\\/\\\/www.szexshopbelvaros.com\\\/termek\\\/bad-kitty-mask-black-1\\\/\"]}]},{\"@type\":\"ImageObject\",\"inLanguage\":\"en-US\",\"@id\":\"https:\\\/\\\/www.szexshopbelvaros.com\\\/termek\\\/bad-kitty-mask-black-1\\\/#primaryimage\",\"url\":\"https:\\\/\\\/www.szexshopbelvaros.com\\\/wp-content\\\/uploads\\\/2025\\\/01\\\/6a2d95b2-427a-11ee-81a1-3a4f4a7151be_bad_kitty_mask_black__2_.jpg\",\"contentUrl\":\"https:\\\/\\\/www.szexshopbelvaros.com\\\/wp-content\\\/uploads\\\/2025\\\/01\\\/6a2d95b2-427a-11ee-81a1-3a4f4a7151be_bad_kitty_mask_black__2_.jpg\",\"width\":1200,\"height\":675},{\"@type\":\"BreadcrumbList\",\"@id\":\"https:\\\/\\\/www.szexshopbelvaros.com\\\/termek\\\/bad-kitty-mask-black-1\\\/#breadcrumb\",\"itemListElement\":[{\"@type\":\"ListItem\",\"position\":1,\"name\":\"Home\",\"item\":\"https:\\\/\\\/www.szexshopbelvaros.com\\\/\"},{\"@type\":\"ListItem\",\"position\":2,\"name\":\"\u00c1ruh\u00e1z\",\"item\":\"https:\\\/\\\/www.szexshopbelvaros.com\\\/uzlet\\\/\"},{\"@type\":\"ListItem\",\"position\":3,\"name\":\"Fekete Macska \u2013 A B\u0171n Sz\u00e9ps\u00e9ge\"}]},{\"@type\":\"WebSite\",\"@id\":\"https:\\\/\\\/www.szexshopbelvaros.com\\\/#website\",\"url\":\"https:\\\/\\\/www.szexshopbelvaros.com\\\/\",\"name\":\"Szexshop Belv\u00e1ros\",\"description\":\"\ud83d\udd25 A szex olyan, mint a p\u00e9nz; csak a t\u00fal sok el\u00e9g!\u2122 Titkok a belv\u00e1rosb\u00f3l \ud83d\udc8b | Secrets from Budapest \ud83d\udc8e Feln\u0151tt j\u00e1t\u00e9kok \u2022 Erotika \u2022 Szexshop Belvaros\",\"publisher\":{\"@id\":\"https:\\\/\\\/www.szexshopbelvaros.com\\\/#organization\"},\"potentialAction\":[{\"@type\":\"SearchAction\",\"target\":{\"@type\":\"EntryPoint\",\"urlTemplate\":\"https:\\\/\\\/www.szexshopbelvaros.com\\\/?s={search_term_string}\"},\"query-input\":{\"@type\":\"PropertyValueSpecification\",\"valueRequired\":true,\"valueName\":\"search_term_string\"}}],\"inLanguage\":\"en-US\"},{\"@type\":\"Organization\",\"@id\":\"https:\\\/\\\/www.szexshopbelvaros.com\\\/#organization\",\"name\":\"Szexshop Belv\u00e1ros\",\"alternateName\":\"szexshopbelvaros.com\",\"url\":\"https:\\\/\\\/www.szexshopbelvaros.com\\\/\",\"logo\":{\"@type\":\"ImageObject\",\"inLanguage\":\"en-US\",\"@id\":\"https:\\\/\\\/www.szexshopbelvaros.com\\\/#\\\/schema\\\/logo\\\/image\\\/\",\"url\":\"https:\\\/\\\/www.szexshopbelvaros.com\\\/wp-content\\\/uploads\\\/2025\\\/09\\\/1Szexshopbelvaroslogo_blurred_stronger.jpg\",\"contentUrl\":\"https:\\\/\\\/www.szexshopbelvaros.com\\\/wp-content\\\/uploads\\\/2025\\\/09\\\/1Szexshopbelvaroslogo_blurred_stronger.jpg\",\"width\":1024,\"height\":1024,\"caption\":\"Szexshop Belv\u00e1ros\"},\"image\":{\"@id\":\"https:\\\/\\\/www.szexshopbelvaros.com\\\/#\\\/schema\\\/logo\\\/image\\\/\"},\"sameAs\":[\"https:\\\/\\\/www.facebook.com\\\/belvarossecrets\\\/\",\"https:\\\/\\\/x.com\\\/belvarossecrets\",\"https:\\\/\\\/www.instagram.com\\\/belvarossecrets\\\/\",\"https:\\\/\\\/www.tiktok.com\\\/@belvarossecrets\"]}]}<\/script>\n<!-- \/ Yoast SEO plugin. -->","yoast_head_json":{"title":"Black Cat \u2013 The Beauty of Sin - Sexshop Belvaros","robots":{"index":"index","follow":"follow","max-snippet":"max-snippet:-1","max-image-preview":"max-image-preview:large","max-video-preview":"max-video-preview:-1"},"canonical":"https:\/\/www.szexshopbelvaros.com\/en\/product\/bad-kitty-mask-black-1\/","og_locale":"en_US","og_type":"article","og_title":"Fekete Macska \u2013 A B\u0171n Sz\u00e9ps\u00e9ge - Szexshop Belvaros","og_description":"Ez a fekete fetish maszk nem csak az arcod d\u00edsz\u00edti, hanem az \u00e9jszak\u00e1dat is \u00e1t\u00edrja. Poli\u00e9szterb\u0151l k\u00e9sz\u00fclt, k\u00f6nny\u0171, k\u00e9nyelmes \u00e9s pokolian szexi \u2013 mintha egy b\u00e1lba menn\u00e9l, ahol a dress code: csak pajz\u00e1n v\u00e1gyak.Fetish j\u00e1t\u00e9kok t\u00f6k\u00e9letes kieg\u00e9sz\u00edt\u0151je, legyen sz\u00f3 dominanci\u00e1r\u00f3l, rejtett v\u00e1gyakr\u00f3l vagy csak egy kis &#8222;n\u00e9zz r\u00e1m, de ne ismerj fel&#8221; t\u00edpus\u00fa izgalomr\u00f3l.Uniszex \u2013 [...]","og_url":"https:\/\/www.szexshopbelvaros.com\/en\/product\/bad-kitty-mask-black-1\/","og_site_name":"Szexshop Belvaros","article_publisher":"https:\/\/www.facebook.com\/belvarossecrets\/","article_modified_time":"2026-04-21T13:51:45+00:00","og_image":[{"width":1200,"height":675,"url":"https:\/\/www.szexshopbelvaros.com\/wp-content\/uploads\/2025\/01\/6a2d95b2-427a-11ee-81a1-3a4f4a7151be_bad_kitty_mask_black__2_.jpg","type":"image\/jpeg"}],"twitter_card":"summary_large_image","twitter_site":"@belvarossecrets","twitter_misc":{"Est. reading time":"1 minute"},"schema":{"@context":"https:\/\/schema.org","@graph":[{"@type":"WebPage","@id":"https:\/\/www.szexshopbelvaros.com\/termek\/bad-kitty-mask-black-1\/","url":"https:\/\/www.szexshopbelvaros.com\/termek\/bad-kitty-mask-black-1\/","name":"Black Cat \u2013 The Beauty of Sin - Sexshop Belvaros","isPartOf":{"@id":"https:\/\/www.szexshopbelvaros.com\/#website"},"primaryImageOfPage":{"@id":"https:\/\/www.szexshopbelvaros.com\/termek\/bad-kitty-mask-black-1\/#primaryimage"},"image":{"@id":"https:\/\/www.szexshopbelvaros.com\/termek\/bad-kitty-mask-black-1\/#primaryimage"},"thumbnailUrl":"https:\/\/www.szexshopbelvaros.com\/wp-content\/uploads\/2025\/01\/6a2d95b2-427a-11ee-81a1-3a4f4a7151be_bad_kitty_mask_black__2_.jpg","datePublished":"2025-01-31T13:43:45+00:00","dateModified":"2026-04-21T13:51:45+00:00","breadcrumb":{"@id":"https:\/\/www.szexshopbelvaros.com\/termek\/bad-kitty-mask-black-1\/#breadcrumb"},"inLanguage":"en-US","potentialAction":[{"@type":"ReadAction","target":["https:\/\/www.szexshopbelvaros.com\/termek\/bad-kitty-mask-black-1\/"]}]},{"@type":"ImageObject","inLanguage":"en-US","@id":"https:\/\/www.szexshopbelvaros.com\/termek\/bad-kitty-mask-black-1\/#primaryimage","url":"https:\/\/www.szexshopbelvaros.com\/wp-content\/uploads\/2025\/01\/6a2d95b2-427a-11ee-81a1-3a4f4a7151be_bad_kitty_mask_black__2_.jpg","contentUrl":"https:\/\/www.szexshopbelvaros.com\/wp-content\/uploads\/2025\/01\/6a2d95b2-427a-11ee-81a1-3a4f4a7151be_bad_kitty_mask_black__2_.jpg","width":1200,"height":675},{"@type":"BreadcrumbList","@id":"https:\/\/www.szexshopbelvaros.com\/termek\/bad-kitty-mask-black-1\/#breadcrumb","itemListElement":[{"@type":"ListItem","position":1,"name":"Home","item":"https:\/\/www.szexshopbelvaros.com\/"},{"@type":"ListItem","position":2,"name":"\u00c1ruh\u00e1z","item":"https:\/\/www.szexshopbelvaros.com\/uzlet\/"},{"@type":"ListItem","position":3,"name":"Fekete Macska \u2013 A B\u0171n Sz\u00e9ps\u00e9ge"}]},{"@type":"WebSite","@id":"https:\/\/www.szexshopbelvaros.com\/#website","url":"https:\/\/www.szexshopbelvaros.com\/","name":"at our Szexshop Belv\u00e1ros","description":"\ud83d\udd25 Sex is like money; only too much is enough!\u2122 Secrets from the city center \ud83d\udc8b | Secrets from Budapest \ud83d\udc8e Adult games \u2022 Erotica \u2022 Sex shop Belvaros","publisher":{"@id":"https:\/\/www.szexshopbelvaros.com\/#organization"},"potentialAction":[{"@type":"SearchAction","target":{"@type":"EntryPoint","urlTemplate":"https:\/\/www.szexshopbelvaros.com\/?s={search_term_string}"},"query-input":{"@type":"PropertyValueSpecification","valueRequired":true,"valueName":"search_term_string"}}],"inLanguage":"en-US"},{"@type":"Organization","@id":"https:\/\/www.szexshopbelvaros.com\/#organization","name":"at our Szexshop Belv\u00e1ros","alternateName":"szexshopbelvaros.com","url":"https:\/\/www.szexshopbelvaros.com\/","logo":{"@type":"ImageObject","inLanguage":"en-US","@id":"https:\/\/www.szexshopbelvaros.com\/#\/schema\/logo\/image\/","url":"https:\/\/www.szexshopbelvaros.com\/wp-content\/uploads\/2025\/09\/1Szexshopbelvaroslogo_blurred_stronger.jpg","contentUrl":"https:\/\/www.szexshopbelvaros.com\/wp-content\/uploads\/2025\/09\/1Szexshopbelvaroslogo_blurred_stronger.jpg","width":1024,"height":1024,"caption":"Szexshop Belv\u00e1ros"},"image":{"@id":"https:\/\/www.szexshopbelvaros.com\/#\/schema\/logo\/image\/"},"sameAs":["https:\/\/www.facebook.com\/belvarossecrets\/","https:\/\/x.com\/belvarossecrets","https:\/\/www.instagram.com\/belvarossecrets\/","https:\/\/www.tiktok.com\/@belvarossecrets"]}]}},"_links":{"self":[{"href":"https:\/\/www.szexshopbelvaros.com\/en\/wp-json\/wp\/v2\/product\/646","targetHints":{"allow":["GET"]}}],"collection":[{"href":"https:\/\/www.szexshopbelvaros.com\/en\/wp-json\/wp\/v2\/product"}],"about":[{"href":"https:\/\/www.szexshopbelvaros.com\/en\/wp-json\/wp\/v2\/types\/product"}],"replies":[{"embeddable":true,"href":"https:\/\/www.szexshopbelvaros.com\/en\/wp-json\/wp\/v2\/comments?post=646"}],"wp:featuredmedia":[{"embeddable":true,"href":"https:\/\/www.szexshopbelvaros.com\/en\/wp-json\/wp\/v2\/media\/647"}],"wp:attachment":[{"href":"https:\/\/www.szexshopbelvaros.com\/en\/wp-json\/wp\/v2\/media?parent=646"}],"wp:term":[{"taxonomy":"product_brand","embeddable":true,"href":"https:\/\/www.szexshopbelvaros.com\/en\/wp-json\/wp\/v2\/product_brand?post=646"},{"taxonomy":"product_cat","embeddable":true,"href":"https:\/\/www.szexshopbelvaros.com\/en\/wp-json\/wp\/v2\/product_cat?post=646"},{"taxonomy":"product_tag","embeddable":true,"href":"https:\/\/www.szexshopbelvaros.com\/en\/wp-json\/wp\/v2\/product_tag?post=646"}],"curies":[{"name":"wp","href":"https:\/\/api.w.org\/{rel}","templated":true}]}}