{"id":654,"date":"2025-01-31T14:44:29","date_gmt":"2025-01-31T13:44:29","guid":{"rendered":"https:\/\/www.szexshopbelvaros.com\/termek\/bed-restraints\/"},"modified":"2026-04-21T15:54:39","modified_gmt":"2026-04-21T13:54:39","slug":"passionlock-agy-szett","status":"publish","type":"product","link":"https:\/\/www.szexshopbelvaros.com\/en\/product\/passionlock-agy-szett\/","title":{"rendered":"PassionLock Bed Set \u2013 Behind the soft straps is where the real play begins"},"content":{"rendered":"<p>This 500 cm long, adjustable, polyamide <strong data-start=\"460\" data-end=\"498\">Bed-Restraints BDSM bondage set<\/strong> guaranteed to cut off any escape routes - literally. Can be used on hands, feet, or even creatively anywhere else, depending on how sadistic you want to be today. Perfect <strong data-start=\"662\" data-end=\"683\">fetish for bondage<\/strong>, <strong data-start=\"685\" data-end=\"713\">for sexual role play<\/strong>, or when your partner asks too many questions and it&#039;s time to whine.<br data-start=\"792\" data-end=\"795\" \/>Our <strong data-start=\"797\" data-end=\"820\">black fetish set<\/strong> is so adjustable that even the sheets will blush - a must for beginners and advanced users alike who like to push their limits (and then fix them).<br data-start=\"967\" data-end=\"970\" \/>It's no wonder when using the search terms, <strong data-start=\"989\" data-end=\"1021\">Bed-Restrains BDSM set<\/strong>, <strong data-start=\"1023\" data-end=\"1045\">adjustable bed rope<\/strong>, <strong data-start=\"1047\" data-end=\"1071\">polyamide BDSM device<\/strong>, and <strong data-start=\"1076\" data-end=\"1112\">sexual role play accessory<\/strong> that this is the first thing that catches your eye, both you and Google.<\/p>\n<p>&nbsp;<\/p>","protected":false},"excerpt":{"rendered":"<p>Ez a 500 cm hossz\u00fa, \u00e1ll\u00edthat\u00f3, poliamidb\u00f3l k\u00e9sz\u00fclt \u00e1gyhoz r\u00f6gz\u00edthet\u0151 BDSM k\u00f6t\u00f6z\u0151szett garant\u00e1ltan elv\u00e1g minden menek\u00fcl\u0151utat \u2013 sz\u00f3 szerint. Haszn\u00e1lhat\u00f3 k\u00e9zre, l\u00e1bra, vagy ak\u00e1r kreat\u00edvan m\u00e1shov\u00e1 is, att\u00f3l f\u00fcgg\u0151en, mennyire vagy ma szadista. T\u00f6k\u00e9letes fetish k\u00f6t\u00f6z\u00e9shez, szexu\u00e1lis szerepj\u00e1t\u00e9khoz, vagy amikor a partnered t\u00fals\u00e1gosan sokat k\u00e9rdez, \u00e9s ideje ink\u00e1bb ny\u00f6sz\u00f6r\u00f6gni.A fekete fetish szett annyira \u00e1ll\u00edthat\u00f3, hogy [&#8230;]\n","protected":false},"featured_media":2797,"comment_status":"closed","ping_status":"closed","template":"","meta":[],"product_brand":[79],"product_cat":[52,2005],"product_tag":[321,1410,1416,372,1561,389,1415,2008,2021,1407,2022,2020,715],"class_list":{"0":"post-654","1":"product","2":"type-product","3":"status-publish","4":"has-post-thumbnail","6":"product_brand-orion","7":"product_cat-bdsm","8":"product_cat-kotozes-rogzites","9":"product_tag-bdsm","10":"product_tag-bdsm-toy","11":"product_tag-bilincs","12":"product_tag-bondage","13":"product_tag-bondage-rope","14":"product_tag-felnott-jatek","15":"product_tag-handcuffs","16":"product_tag-kink","17":"product_tag-kotelfetis","18":"product_tag-kotozes","19":"product_tag-restraints","20":"product_tag-rogzites","21":"product_tag-szadomazo-kellek","23":"first","24":"instock","25":"taxable","26":"shipping-taxable","27":"purchasable","28":"product-type-simple"},"yoast_head":"<!-- This site is optimized with the Yoast SEO plugin v27.4 - https:\/\/yoast.com\/product\/yoast-seo-wordpress\/ -->\n<title>PassionLock \u00c1gy Szett \u2013 A puha p\u00e1ntok m\u00f6g\u00f6tt ott kezd\u0151dik az igazi j\u00e1t\u00e9k - Szexshop Belvaros<\/title>\n<meta name=\"robots\" content=\"index, follow, max-snippet:-1, max-image-preview:large, max-video-preview:-1\" \/>\n<link rel=\"canonical\" href=\"https:\/\/www.szexshopbelvaros.com\/en\/product\/passionlock-agy-szett\/\" \/>\n<meta property=\"og:locale\" content=\"en_US\" \/>\n<meta property=\"og:type\" content=\"article\" \/>\n<meta property=\"og:title\" content=\"PassionLock \u00c1gy Szett \u2013 A puha p\u00e1ntok m\u00f6g\u00f6tt ott kezd\u0151dik az igazi j\u00e1t\u00e9k - Szexshop Belvaros\" \/>\n<meta property=\"og:description\" content=\"Ez a 500 cm hossz\u00fa, \u00e1ll\u00edthat\u00f3, poliamidb\u00f3l k\u00e9sz\u00fclt \u00e1gyhoz r\u00f6gz\u00edthet\u0151 BDSM k\u00f6t\u00f6z\u0151szett garant\u00e1ltan elv\u00e1g minden menek\u00fcl\u0151utat \u2013 sz\u00f3 szerint. Haszn\u00e1lhat\u00f3 k\u00e9zre, l\u00e1bra, vagy ak\u00e1r kreat\u00edvan m\u00e1shov\u00e1 is, att\u00f3l f\u00fcgg\u0151en, mennyire vagy ma szadista. T\u00f6k\u00e9letes fetish k\u00f6t\u00f6z\u00e9shez, szexu\u00e1lis szerepj\u00e1t\u00e9khoz, vagy amikor a partnered t\u00fals\u00e1gosan sokat k\u00e9rdez, \u00e9s ideje ink\u00e1bb ny\u00f6sz\u00f6r\u00f6gni.A fekete fetish szett annyira \u00e1ll\u00edthat\u00f3, hogy [...]\" \/>\n<meta property=\"og:url\" content=\"https:\/\/www.szexshopbelvaros.com\/en\/product\/passionlock-agy-szett\/\" \/>\n<meta property=\"og:site_name\" content=\"Szexshop Belvaros\" \/>\n<meta property=\"article:publisher\" content=\"https:\/\/www.facebook.com\/belvarossecrets\/\" \/>\n<meta property=\"article:modified_time\" content=\"2026-04-21T13:54:39+00:00\" \/>\n<meta property=\"og:image\" content=\"https:\/\/www.szexshopbelvaros.com\/wp-content\/uploads\/2025\/01\/69b68f22a7c0a7b0638f6c4d-scaled.png\" \/>\n\t<meta property=\"og:image:width\" content=\"2560\" \/>\n\t<meta property=\"og:image:height\" content=\"1440\" \/>\n\t<meta property=\"og:image:type\" content=\"image\/png\" \/>\n<meta name=\"twitter:card\" content=\"summary_large_image\" \/>\n<meta name=\"twitter:site\" content=\"@belvarossecrets\" \/>\n<meta name=\"twitter:label1\" content=\"Est. reading time\" \/>\n\t<meta name=\"twitter:data1\" content=\"1 minute\" \/>\n<script type=\"application\/ld+json\" class=\"yoast-schema-graph\">{\"@context\":\"https:\\\/\\\/schema.org\",\"@graph\":[{\"@type\":\"WebPage\",\"@id\":\"https:\\\/\\\/www.szexshopbelvaros.com\\\/termek\\\/passionlock-agy-szett\\\/\",\"url\":\"https:\\\/\\\/www.szexshopbelvaros.com\\\/termek\\\/passionlock-agy-szett\\\/\",\"name\":\"PassionLock \u00c1gy Szett \u2013 A puha p\u00e1ntok m\u00f6g\u00f6tt ott kezd\u0151dik az igazi j\u00e1t\u00e9k - Szexshop Belvaros\",\"isPartOf\":{\"@id\":\"https:\\\/\\\/www.szexshopbelvaros.com\\\/#website\"},\"primaryImageOfPage\":{\"@id\":\"https:\\\/\\\/www.szexshopbelvaros.com\\\/termek\\\/passionlock-agy-szett\\\/#primaryimage\"},\"image\":{\"@id\":\"https:\\\/\\\/www.szexshopbelvaros.com\\\/termek\\\/passionlock-agy-szett\\\/#primaryimage\"},\"thumbnailUrl\":\"https:\\\/\\\/www.szexshopbelvaros.com\\\/wp-content\\\/uploads\\\/2025\\\/01\\\/69b68f22a7c0a7b0638f6c4d-scaled.png\",\"datePublished\":\"2025-01-31T13:44:29+00:00\",\"dateModified\":\"2026-04-21T13:54:39+00:00\",\"breadcrumb\":{\"@id\":\"https:\\\/\\\/www.szexshopbelvaros.com\\\/termek\\\/passionlock-agy-szett\\\/#breadcrumb\"},\"inLanguage\":\"en-US\",\"potentialAction\":[{\"@type\":\"ReadAction\",\"target\":[\"https:\\\/\\\/www.szexshopbelvaros.com\\\/termek\\\/passionlock-agy-szett\\\/\"]}]},{\"@type\":\"ImageObject\",\"inLanguage\":\"en-US\",\"@id\":\"https:\\\/\\\/www.szexshopbelvaros.com\\\/termek\\\/passionlock-agy-szett\\\/#primaryimage\",\"url\":\"https:\\\/\\\/www.szexshopbelvaros.com\\\/wp-content\\\/uploads\\\/2025\\\/01\\\/69b68f22a7c0a7b0638f6c4d-scaled.png\",\"contentUrl\":\"https:\\\/\\\/www.szexshopbelvaros.com\\\/wp-content\\\/uploads\\\/2025\\\/01\\\/69b68f22a7c0a7b0638f6c4d-scaled.png\",\"width\":2560,\"height\":1440},{\"@type\":\"BreadcrumbList\",\"@id\":\"https:\\\/\\\/www.szexshopbelvaros.com\\\/termek\\\/passionlock-agy-szett\\\/#breadcrumb\",\"itemListElement\":[{\"@type\":\"ListItem\",\"position\":1,\"name\":\"Home\",\"item\":\"https:\\\/\\\/www.szexshopbelvaros.com\\\/\"},{\"@type\":\"ListItem\",\"position\":2,\"name\":\"\u00c1ruh\u00e1z\",\"item\":\"https:\\\/\\\/www.szexshopbelvaros.com\\\/uzlet\\\/\"},{\"@type\":\"ListItem\",\"position\":3,\"name\":\"PassionLock \u00c1gy Szett \u2013 A puha p\u00e1ntok m\u00f6g\u00f6tt ott kezd\u0151dik az igazi j\u00e1t\u00e9k\"}]},{\"@type\":\"WebSite\",\"@id\":\"https:\\\/\\\/www.szexshopbelvaros.com\\\/#website\",\"url\":\"https:\\\/\\\/www.szexshopbelvaros.com\\\/\",\"name\":\"Szexshop Belv\u00e1ros\",\"description\":\"\ud83d\udd25 A szex olyan, mint a p\u00e9nz; csak a t\u00fal sok el\u00e9g!\u2122 Titkok a belv\u00e1rosb\u00f3l \ud83d\udc8b | Secrets from Budapest \ud83d\udc8e Feln\u0151tt j\u00e1t\u00e9kok \u2022 Erotika \u2022 Szexshop Belvaros\",\"publisher\":{\"@id\":\"https:\\\/\\\/www.szexshopbelvaros.com\\\/#organization\"},\"potentialAction\":[{\"@type\":\"SearchAction\",\"target\":{\"@type\":\"EntryPoint\",\"urlTemplate\":\"https:\\\/\\\/www.szexshopbelvaros.com\\\/?s={search_term_string}\"},\"query-input\":{\"@type\":\"PropertyValueSpecification\",\"valueRequired\":true,\"valueName\":\"search_term_string\"}}],\"inLanguage\":\"en-US\"},{\"@type\":\"Organization\",\"@id\":\"https:\\\/\\\/www.szexshopbelvaros.com\\\/#organization\",\"name\":\"Szexshop Belv\u00e1ros\",\"alternateName\":\"szexshopbelvaros.com\",\"url\":\"https:\\\/\\\/www.szexshopbelvaros.com\\\/\",\"logo\":{\"@type\":\"ImageObject\",\"inLanguage\":\"en-US\",\"@id\":\"https:\\\/\\\/www.szexshopbelvaros.com\\\/#\\\/schema\\\/logo\\\/image\\\/\",\"url\":\"https:\\\/\\\/www.szexshopbelvaros.com\\\/wp-content\\\/uploads\\\/2025\\\/09\\\/1Szexshopbelvaroslogo_blurred_stronger.jpg\",\"contentUrl\":\"https:\\\/\\\/www.szexshopbelvaros.com\\\/wp-content\\\/uploads\\\/2025\\\/09\\\/1Szexshopbelvaroslogo_blurred_stronger.jpg\",\"width\":1024,\"height\":1024,\"caption\":\"Szexshop Belv\u00e1ros\"},\"image\":{\"@id\":\"https:\\\/\\\/www.szexshopbelvaros.com\\\/#\\\/schema\\\/logo\\\/image\\\/\"},\"sameAs\":[\"https:\\\/\\\/www.facebook.com\\\/belvarossecrets\\\/\",\"https:\\\/\\\/x.com\\\/belvarossecrets\",\"https:\\\/\\\/www.instagram.com\\\/belvarossecrets\\\/\",\"https:\\\/\\\/www.tiktok.com\\\/@belvarossecrets\"]}]}<\/script>\n<!-- \/ Yoast SEO plugin. -->","yoast_head_json":{"title":"PassionLock Bed Set \u2013 Behind the soft straps is where the real play begins - Szexshop Belvaros","robots":{"index":"index","follow":"follow","max-snippet":"max-snippet:-1","max-image-preview":"max-image-preview:large","max-video-preview":"max-video-preview:-1"},"canonical":"https:\/\/www.szexshopbelvaros.com\/en\/product\/passionlock-agy-szett\/","og_locale":"en_US","og_type":"article","og_title":"PassionLock \u00c1gy Szett \u2013 A puha p\u00e1ntok m\u00f6g\u00f6tt ott kezd\u0151dik az igazi j\u00e1t\u00e9k - Szexshop Belvaros","og_description":"Ez a 500 cm hossz\u00fa, \u00e1ll\u00edthat\u00f3, poliamidb\u00f3l k\u00e9sz\u00fclt \u00e1gyhoz r\u00f6gz\u00edthet\u0151 BDSM k\u00f6t\u00f6z\u0151szett garant\u00e1ltan elv\u00e1g minden menek\u00fcl\u0151utat \u2013 sz\u00f3 szerint. Haszn\u00e1lhat\u00f3 k\u00e9zre, l\u00e1bra, vagy ak\u00e1r kreat\u00edvan m\u00e1shov\u00e1 is, att\u00f3l f\u00fcgg\u0151en, mennyire vagy ma szadista. T\u00f6k\u00e9letes fetish k\u00f6t\u00f6z\u00e9shez, szexu\u00e1lis szerepj\u00e1t\u00e9khoz, vagy amikor a partnered t\u00fals\u00e1gosan sokat k\u00e9rdez, \u00e9s ideje ink\u00e1bb ny\u00f6sz\u00f6r\u00f6gni.A fekete fetish szett annyira \u00e1ll\u00edthat\u00f3, hogy [...]","og_url":"https:\/\/www.szexshopbelvaros.com\/en\/product\/passionlock-agy-szett\/","og_site_name":"Szexshop Belvaros","article_publisher":"https:\/\/www.facebook.com\/belvarossecrets\/","article_modified_time":"2026-04-21T13:54:39+00:00","og_image":[{"width":2560,"height":1440,"url":"https:\/\/www.szexshopbelvaros.com\/wp-content\/uploads\/2025\/01\/69b68f22a7c0a7b0638f6c4d-scaled.png","type":"image\/png"}],"twitter_card":"summary_large_image","twitter_site":"@belvarossecrets","twitter_misc":{"Est. reading time":"1 minute"},"schema":{"@context":"https:\/\/schema.org","@graph":[{"@type":"WebPage","@id":"https:\/\/www.szexshopbelvaros.com\/termek\/passionlock-agy-szett\/","url":"https:\/\/www.szexshopbelvaros.com\/termek\/passionlock-agy-szett\/","name":"PassionLock Bed Set \u2013 Behind the soft straps is where the real play begins - Szexshop Belvaros","isPartOf":{"@id":"https:\/\/www.szexshopbelvaros.com\/#website"},"primaryImageOfPage":{"@id":"https:\/\/www.szexshopbelvaros.com\/termek\/passionlock-agy-szett\/#primaryimage"},"image":{"@id":"https:\/\/www.szexshopbelvaros.com\/termek\/passionlock-agy-szett\/#primaryimage"},"thumbnailUrl":"https:\/\/www.szexshopbelvaros.com\/wp-content\/uploads\/2025\/01\/69b68f22a7c0a7b0638f6c4d-scaled.png","datePublished":"2025-01-31T13:44:29+00:00","dateModified":"2026-04-21T13:54:39+00:00","breadcrumb":{"@id":"https:\/\/www.szexshopbelvaros.com\/termek\/passionlock-agy-szett\/#breadcrumb"},"inLanguage":"en-US","potentialAction":[{"@type":"ReadAction","target":["https:\/\/www.szexshopbelvaros.com\/termek\/passionlock-agy-szett\/"]}]},{"@type":"ImageObject","inLanguage":"en-US","@id":"https:\/\/www.szexshopbelvaros.com\/termek\/passionlock-agy-szett\/#primaryimage","url":"https:\/\/www.szexshopbelvaros.com\/wp-content\/uploads\/2025\/01\/69b68f22a7c0a7b0638f6c4d-scaled.png","contentUrl":"https:\/\/www.szexshopbelvaros.com\/wp-content\/uploads\/2025\/01\/69b68f22a7c0a7b0638f6c4d-scaled.png","width":2560,"height":1440},{"@type":"BreadcrumbList","@id":"https:\/\/www.szexshopbelvaros.com\/termek\/passionlock-agy-szett\/#breadcrumb","itemListElement":[{"@type":"ListItem","position":1,"name":"Home","item":"https:\/\/www.szexshopbelvaros.com\/"},{"@type":"ListItem","position":2,"name":"\u00c1ruh\u00e1z","item":"https:\/\/www.szexshopbelvaros.com\/uzlet\/"},{"@type":"ListItem","position":3,"name":"PassionLock \u00c1gy Szett \u2013 A puha p\u00e1ntok m\u00f6g\u00f6tt ott kezd\u0151dik az igazi j\u00e1t\u00e9k"}]},{"@type":"WebSite","@id":"https:\/\/www.szexshopbelvaros.com\/#website","url":"https:\/\/www.szexshopbelvaros.com\/","name":"at our Szexshop Belv\u00e1ros","description":"\ud83d\udd25 Sex is like money; only too much is enough!\u2122 Secrets from the city center \ud83d\udc8b | Secrets from Budapest \ud83d\udc8e Adult games \u2022 Erotica \u2022 Sex shop Belvaros","publisher":{"@id":"https:\/\/www.szexshopbelvaros.com\/#organization"},"potentialAction":[{"@type":"SearchAction","target":{"@type":"EntryPoint","urlTemplate":"https:\/\/www.szexshopbelvaros.com\/?s={search_term_string}"},"query-input":{"@type":"PropertyValueSpecification","valueRequired":true,"valueName":"search_term_string"}}],"inLanguage":"en-US"},{"@type":"Organization","@id":"https:\/\/www.szexshopbelvaros.com\/#organization","name":"at our Szexshop Belv\u00e1ros","alternateName":"szexshopbelvaros.com","url":"https:\/\/www.szexshopbelvaros.com\/","logo":{"@type":"ImageObject","inLanguage":"en-US","@id":"https:\/\/www.szexshopbelvaros.com\/#\/schema\/logo\/image\/","url":"https:\/\/www.szexshopbelvaros.com\/wp-content\/uploads\/2025\/09\/1Szexshopbelvaroslogo_blurred_stronger.jpg","contentUrl":"https:\/\/www.szexshopbelvaros.com\/wp-content\/uploads\/2025\/09\/1Szexshopbelvaroslogo_blurred_stronger.jpg","width":1024,"height":1024,"caption":"Szexshop Belv\u00e1ros"},"image":{"@id":"https:\/\/www.szexshopbelvaros.com\/#\/schema\/logo\/image\/"},"sameAs":["https:\/\/www.facebook.com\/belvarossecrets\/","https:\/\/x.com\/belvarossecrets","https:\/\/www.instagram.com\/belvarossecrets\/","https:\/\/www.tiktok.com\/@belvarossecrets"]}]}},"_links":{"self":[{"href":"https:\/\/www.szexshopbelvaros.com\/en\/wp-json\/wp\/v2\/product\/654","targetHints":{"allow":["GET"]}}],"collection":[{"href":"https:\/\/www.szexshopbelvaros.com\/en\/wp-json\/wp\/v2\/product"}],"about":[{"href":"https:\/\/www.szexshopbelvaros.com\/en\/wp-json\/wp\/v2\/types\/product"}],"replies":[{"embeddable":true,"href":"https:\/\/www.szexshopbelvaros.com\/en\/wp-json\/wp\/v2\/comments?post=654"}],"wp:featuredmedia":[{"embeddable":true,"href":"https:\/\/www.szexshopbelvaros.com\/en\/wp-json\/wp\/v2\/media\/2797"}],"wp:attachment":[{"href":"https:\/\/www.szexshopbelvaros.com\/en\/wp-json\/wp\/v2\/media?parent=654"}],"wp:term":[{"taxonomy":"product_brand","embeddable":true,"href":"https:\/\/www.szexshopbelvaros.com\/en\/wp-json\/wp\/v2\/product_brand?post=654"},{"taxonomy":"product_cat","embeddable":true,"href":"https:\/\/www.szexshopbelvaros.com\/en\/wp-json\/wp\/v2\/product_cat?post=654"},{"taxonomy":"product_tag","embeddable":true,"href":"https:\/\/www.szexshopbelvaros.com\/en\/wp-json\/wp\/v2\/product_tag?post=654"}],"curies":[{"name":"wp","href":"https:\/\/api.w.org\/{rel}","templated":true}]}}