{"id":658,"date":"2025-01-31T14:44:29","date_gmt":"2025-01-31T13:44:29","guid":{"rendered":"https:\/\/www.szexshopbelvaros.com\/termek\/sinful-collar-pink\/"},"modified":"2026-04-10T14:00:55","modified_gmt":"2026-04-10T12:00:55","slug":"sinful-collar-pink","status":"publish","type":"product","link":"https:\/\/www.szexshopbelvaros.com\/en\/product\/sinful-collar-pink\/","title":{"rendered":"\ud83d\udc84 Sinful Collar \u2013 The collar that instantly skips the \u201cgood girl\u201d phase"},"content":{"rendered":"<p data-start=\"331\" data-end=\"863\">This 20,5 cm, adjustable pink vinyl collar with leash doesn't ask questions, it just happens \u2014 and then you don't ask questions, you just watch while someone else takes control. Perfect for women, gay men, and trans queens who aren't afraid to be a little more assertive sometimes <em data-start=\"606\" data-end=\"618\">to be walked<\/em> The design is pink, but this is not Barbie's world - unless Barbie is f@cking Ken in a latex panty with a leash around his neck. The chain jingles with every movement, like a perverted little warning that you are not the leader now... but <em data-start=\"851\" data-end=\"861\">being led<\/em>.<\/p>\n<p data-start=\"865\" data-end=\"976\">It is available at szexshopbelvaros - where pink is not cuteness, but ass-slapping obedience.<\/p>","protected":false},"excerpt":{"rendered":"<p>Ez a 20,5 cm hossz\u00fa, \u00e1ll\u00edthat\u00f3 r\u00f3zsasz\u00edn vinyl nyak\u00f6rv p\u00f3r\u00e1zzal nem k\u00e9rdez, csak r\u00e1d ker\u00fcl \u2014 azt\u00e1n m\u00e1r te sem k\u00e9rdezel, csak n\u00e9zel nagyokat, mik\u00f6zben valaki m\u00e1s ir\u00e1ny\u00edt. T\u00f6k\u00e9letes v\u00e1laszt\u00e1s n\u0151knek, meleg pasiknak \u00e9s transz kir\u00e1lyn\u0151knek, akik nem f\u00e9lnek att\u00f3l, ha n\u00e9ha ink\u00e1bb s\u00e9t\u00e1ltatva vannak. A diz\u00e1jn r\u00f3zsasz\u00edn, de ez nem a Barbie vil\u00e1ga \u2013 [&#8230;]\n","protected":false},"featured_media":2788,"comment_status":"closed","ping_status":"closed","template":"","meta":[],"product_brand":[177],"product_cat":[52,2006],"product_tag":[309,321,1410,372,316,308,389,2008,733,317,715,1625,2013],"class_list":{"0":"post-658","1":"product","2":"type-product","3":"status-publish","4":"has-post-thumbnail","6":"product_brand-ns-novelties","7":"product_cat-bdsm","8":"product_cat-dominancia-alavetettseg","9":"product_tag-alavetettseg","10":"product_tag-bdsm","11":"product_tag-bdsm-toy","12":"product_tag-bondage","13":"product_tag-dominance","14":"product_tag-dominancia","15":"product_tag-felnott-jatek","16":"product_tag-kink","17":"product_tag-power-exchange","18":"product_tag-submission","19":"product_tag-szadomazo-kellek","20":"product_tag-szerepjatek","21":"product_tag-uralom","23":"first","24":"instock","25":"taxable","26":"shipping-taxable","27":"purchasable","28":"product-type-simple"},"yoast_head":"<!-- This site is optimized with the Yoast SEO plugin v27.4 - https:\/\/yoast.com\/product\/yoast-seo-wordpress\/ -->\n<title>\ud83d\udc84 Sinful Collar \u2013 A nyak\u00f6rv, ami a \u201ej\u00f3 kisl\u00e1ny\u201d f\u00e1zist instant kihagyja - Szexshop Belvaros<\/title>\n<meta name=\"robots\" content=\"index, follow, max-snippet:-1, max-image-preview:large, max-video-preview:-1\" \/>\n<link rel=\"canonical\" href=\"https:\/\/www.szexshopbelvaros.com\/en\/product\/sinful-collar-pink\/\" \/>\n<meta property=\"og:locale\" content=\"en_US\" \/>\n<meta property=\"og:type\" content=\"article\" \/>\n<meta property=\"og:title\" content=\"\ud83d\udc84 Sinful Collar \u2013 A nyak\u00f6rv, ami a \u201ej\u00f3 kisl\u00e1ny\u201d f\u00e1zist instant kihagyja - Szexshop Belvaros\" \/>\n<meta property=\"og:description\" content=\"Ez a 20,5 cm hossz\u00fa, \u00e1ll\u00edthat\u00f3 r\u00f3zsasz\u00edn vinyl nyak\u00f6rv p\u00f3r\u00e1zzal nem k\u00e9rdez, csak r\u00e1d ker\u00fcl \u2014 azt\u00e1n m\u00e1r te sem k\u00e9rdezel, csak n\u00e9zel nagyokat, mik\u00f6zben valaki m\u00e1s ir\u00e1ny\u00edt. T\u00f6k\u00e9letes v\u00e1laszt\u00e1s n\u0151knek, meleg pasiknak \u00e9s transz kir\u00e1lyn\u0151knek, akik nem f\u00e9lnek att\u00f3l, ha n\u00e9ha ink\u00e1bb s\u00e9t\u00e1ltatva vannak. A diz\u00e1jn r\u00f3zsasz\u00edn, de ez nem a Barbie vil\u00e1ga \u2013 [...]\" \/>\n<meta property=\"og:url\" content=\"https:\/\/www.szexshopbelvaros.com\/en\/product\/sinful-collar-pink\/\" \/>\n<meta property=\"og:site_name\" content=\"Szexshop Belvaros\" \/>\n<meta property=\"article:publisher\" content=\"https:\/\/www.facebook.com\/belvarossecrets\/\" \/>\n<meta property=\"article:modified_time\" content=\"2026-04-10T12:00:55+00:00\" \/>\n<meta property=\"og:image\" content=\"https:\/\/www.szexshopbelvaros.com\/wp-content\/uploads\/2025\/01\/69b6816a7c34b146c1c1108a-scaled.png\" \/>\n\t<meta property=\"og:image:width\" content=\"2560\" \/>\n\t<meta property=\"og:image:height\" content=\"1440\" \/>\n\t<meta property=\"og:image:type\" content=\"image\/png\" \/>\n<meta name=\"twitter:card\" content=\"summary_large_image\" \/>\n<meta name=\"twitter:site\" content=\"@belvarossecrets\" \/>\n<meta name=\"twitter:label1\" content=\"Est. reading time\" \/>\n\t<meta name=\"twitter:data1\" content=\"1 minute\" \/>\n<script type=\"application\/ld+json\" class=\"yoast-schema-graph\">{\"@context\":\"https:\\\/\\\/schema.org\",\"@graph\":[{\"@type\":\"WebPage\",\"@id\":\"https:\\\/\\\/www.szexshopbelvaros.com\\\/termek\\\/sinful-collar-pink\\\/\",\"url\":\"https:\\\/\\\/www.szexshopbelvaros.com\\\/termek\\\/sinful-collar-pink\\\/\",\"name\":\"\ud83d\udc84 Sinful Collar \u2013 A nyak\u00f6rv, ami a \u201ej\u00f3 kisl\u00e1ny\u201d f\u00e1zist instant kihagyja - Szexshop Belvaros\",\"isPartOf\":{\"@id\":\"https:\\\/\\\/www.szexshopbelvaros.com\\\/#website\"},\"primaryImageOfPage\":{\"@id\":\"https:\\\/\\\/www.szexshopbelvaros.com\\\/termek\\\/sinful-collar-pink\\\/#primaryimage\"},\"image\":{\"@id\":\"https:\\\/\\\/www.szexshopbelvaros.com\\\/termek\\\/sinful-collar-pink\\\/#primaryimage\"},\"thumbnailUrl\":\"https:\\\/\\\/www.szexshopbelvaros.com\\\/wp-content\\\/uploads\\\/2025\\\/01\\\/69b6816a7c34b146c1c1108a-scaled.png\",\"datePublished\":\"2025-01-31T13:44:29+00:00\",\"dateModified\":\"2026-04-10T12:00:55+00:00\",\"breadcrumb\":{\"@id\":\"https:\\\/\\\/www.szexshopbelvaros.com\\\/termek\\\/sinful-collar-pink\\\/#breadcrumb\"},\"inLanguage\":\"en-US\",\"potentialAction\":[{\"@type\":\"ReadAction\",\"target\":[\"https:\\\/\\\/www.szexshopbelvaros.com\\\/termek\\\/sinful-collar-pink\\\/\"]}]},{\"@type\":\"ImageObject\",\"inLanguage\":\"en-US\",\"@id\":\"https:\\\/\\\/www.szexshopbelvaros.com\\\/termek\\\/sinful-collar-pink\\\/#primaryimage\",\"url\":\"https:\\\/\\\/www.szexshopbelvaros.com\\\/wp-content\\\/uploads\\\/2025\\\/01\\\/69b6816a7c34b146c1c1108a-scaled.png\",\"contentUrl\":\"https:\\\/\\\/www.szexshopbelvaros.com\\\/wp-content\\\/uploads\\\/2025\\\/01\\\/69b6816a7c34b146c1c1108a-scaled.png\",\"width\":2560,\"height\":1440},{\"@type\":\"BreadcrumbList\",\"@id\":\"https:\\\/\\\/www.szexshopbelvaros.com\\\/termek\\\/sinful-collar-pink\\\/#breadcrumb\",\"itemListElement\":[{\"@type\":\"ListItem\",\"position\":1,\"name\":\"Home\",\"item\":\"https:\\\/\\\/www.szexshopbelvaros.com\\\/\"},{\"@type\":\"ListItem\",\"position\":2,\"name\":\"\u00c1ruh\u00e1z\",\"item\":\"https:\\\/\\\/www.szexshopbelvaros.com\\\/uzlet\\\/\"},{\"@type\":\"ListItem\",\"position\":3,\"name\":\"\ud83d\udc84 Sinful Collar \u2013 A nyak\u00f6rv, ami a \u201ej\u00f3 kisl\u00e1ny\u201d f\u00e1zist instant kihagyja\"}]},{\"@type\":\"WebSite\",\"@id\":\"https:\\\/\\\/www.szexshopbelvaros.com\\\/#website\",\"url\":\"https:\\\/\\\/www.szexshopbelvaros.com\\\/\",\"name\":\"Szexshop Belv\u00e1ros\",\"description\":\"\ud83d\udd25 A szex olyan, mint a p\u00e9nz; csak a t\u00fal sok el\u00e9g!\u2122 Titkok a belv\u00e1rosb\u00f3l \ud83d\udc8b | Secrets from Budapest \ud83d\udc8e Feln\u0151tt j\u00e1t\u00e9kok \u2022 Erotika \u2022 Szexshop Belvaros\",\"publisher\":{\"@id\":\"https:\\\/\\\/www.szexshopbelvaros.com\\\/#organization\"},\"potentialAction\":[{\"@type\":\"SearchAction\",\"target\":{\"@type\":\"EntryPoint\",\"urlTemplate\":\"https:\\\/\\\/www.szexshopbelvaros.com\\\/?s={search_term_string}\"},\"query-input\":{\"@type\":\"PropertyValueSpecification\",\"valueRequired\":true,\"valueName\":\"search_term_string\"}}],\"inLanguage\":\"en-US\"},{\"@type\":\"Organization\",\"@id\":\"https:\\\/\\\/www.szexshopbelvaros.com\\\/#organization\",\"name\":\"Szexshop Belv\u00e1ros\",\"alternateName\":\"szexshopbelvaros.com\",\"url\":\"https:\\\/\\\/www.szexshopbelvaros.com\\\/\",\"logo\":{\"@type\":\"ImageObject\",\"inLanguage\":\"en-US\",\"@id\":\"https:\\\/\\\/www.szexshopbelvaros.com\\\/#\\\/schema\\\/logo\\\/image\\\/\",\"url\":\"https:\\\/\\\/www.szexshopbelvaros.com\\\/wp-content\\\/uploads\\\/2025\\\/09\\\/1Szexshopbelvaroslogo_blurred_stronger.jpg\",\"contentUrl\":\"https:\\\/\\\/www.szexshopbelvaros.com\\\/wp-content\\\/uploads\\\/2025\\\/09\\\/1Szexshopbelvaroslogo_blurred_stronger.jpg\",\"width\":1024,\"height\":1024,\"caption\":\"Szexshop Belv\u00e1ros\"},\"image\":{\"@id\":\"https:\\\/\\\/www.szexshopbelvaros.com\\\/#\\\/schema\\\/logo\\\/image\\\/\"},\"sameAs\":[\"https:\\\/\\\/www.facebook.com\\\/belvarossecrets\\\/\",\"https:\\\/\\\/x.com\\\/belvarossecrets\",\"https:\\\/\\\/www.instagram.com\\\/belvarossecrets\\\/\",\"https:\\\/\\\/www.tiktok.com\\\/@belvarossecrets\"]}]}<\/script>\n<!-- \/ Yoast SEO plugin. -->","yoast_head_json":{"title":"\ud83d\udc84 Sinful Collar \u2013 The collar that instantly skips the \u201egood girl\u201d phase - Szexshop Belvaros","robots":{"index":"index","follow":"follow","max-snippet":"max-snippet:-1","max-image-preview":"max-image-preview:large","max-video-preview":"max-video-preview:-1"},"canonical":"https:\/\/www.szexshopbelvaros.com\/en\/product\/sinful-collar-pink\/","og_locale":"en_US","og_type":"article","og_title":"\ud83d\udc84 Sinful Collar \u2013 A nyak\u00f6rv, ami a \u201ej\u00f3 kisl\u00e1ny\u201d f\u00e1zist instant kihagyja - Szexshop Belvaros","og_description":"Ez a 20,5 cm hossz\u00fa, \u00e1ll\u00edthat\u00f3 r\u00f3zsasz\u00edn vinyl nyak\u00f6rv p\u00f3r\u00e1zzal nem k\u00e9rdez, csak r\u00e1d ker\u00fcl \u2014 azt\u00e1n m\u00e1r te sem k\u00e9rdezel, csak n\u00e9zel nagyokat, mik\u00f6zben valaki m\u00e1s ir\u00e1ny\u00edt. T\u00f6k\u00e9letes v\u00e1laszt\u00e1s n\u0151knek, meleg pasiknak \u00e9s transz kir\u00e1lyn\u0151knek, akik nem f\u00e9lnek att\u00f3l, ha n\u00e9ha ink\u00e1bb s\u00e9t\u00e1ltatva vannak. A diz\u00e1jn r\u00f3zsasz\u00edn, de ez nem a Barbie vil\u00e1ga \u2013 [...]","og_url":"https:\/\/www.szexshopbelvaros.com\/en\/product\/sinful-collar-pink\/","og_site_name":"Szexshop Belvaros","article_publisher":"https:\/\/www.facebook.com\/belvarossecrets\/","article_modified_time":"2026-04-10T12:00:55+00:00","og_image":[{"width":2560,"height":1440,"url":"https:\/\/www.szexshopbelvaros.com\/wp-content\/uploads\/2025\/01\/69b6816a7c34b146c1c1108a-scaled.png","type":"image\/png"}],"twitter_card":"summary_large_image","twitter_site":"@belvarossecrets","twitter_misc":{"Est. reading time":"1 minute"},"schema":{"@context":"https:\/\/schema.org","@graph":[{"@type":"WebPage","@id":"https:\/\/www.szexshopbelvaros.com\/termek\/sinful-collar-pink\/","url":"https:\/\/www.szexshopbelvaros.com\/termek\/sinful-collar-pink\/","name":"\ud83d\udc84 Sinful Collar \u2013 The collar that instantly skips the \u201egood girl\u201d phase - Szexshop Belvaros","isPartOf":{"@id":"https:\/\/www.szexshopbelvaros.com\/#website"},"primaryImageOfPage":{"@id":"https:\/\/www.szexshopbelvaros.com\/termek\/sinful-collar-pink\/#primaryimage"},"image":{"@id":"https:\/\/www.szexshopbelvaros.com\/termek\/sinful-collar-pink\/#primaryimage"},"thumbnailUrl":"https:\/\/www.szexshopbelvaros.com\/wp-content\/uploads\/2025\/01\/69b6816a7c34b146c1c1108a-scaled.png","datePublished":"2025-01-31T13:44:29+00:00","dateModified":"2026-04-10T12:00:55+00:00","breadcrumb":{"@id":"https:\/\/www.szexshopbelvaros.com\/termek\/sinful-collar-pink\/#breadcrumb"},"inLanguage":"en-US","potentialAction":[{"@type":"ReadAction","target":["https:\/\/www.szexshopbelvaros.com\/termek\/sinful-collar-pink\/"]}]},{"@type":"ImageObject","inLanguage":"en-US","@id":"https:\/\/www.szexshopbelvaros.com\/termek\/sinful-collar-pink\/#primaryimage","url":"https:\/\/www.szexshopbelvaros.com\/wp-content\/uploads\/2025\/01\/69b6816a7c34b146c1c1108a-scaled.png","contentUrl":"https:\/\/www.szexshopbelvaros.com\/wp-content\/uploads\/2025\/01\/69b6816a7c34b146c1c1108a-scaled.png","width":2560,"height":1440},{"@type":"BreadcrumbList","@id":"https:\/\/www.szexshopbelvaros.com\/termek\/sinful-collar-pink\/#breadcrumb","itemListElement":[{"@type":"ListItem","position":1,"name":"Home","item":"https:\/\/www.szexshopbelvaros.com\/"},{"@type":"ListItem","position":2,"name":"\u00c1ruh\u00e1z","item":"https:\/\/www.szexshopbelvaros.com\/uzlet\/"},{"@type":"ListItem","position":3,"name":"\ud83d\udc84 Sinful Collar \u2013 A nyak\u00f6rv, ami a \u201ej\u00f3 kisl\u00e1ny\u201d f\u00e1zist instant kihagyja"}]},{"@type":"WebSite","@id":"https:\/\/www.szexshopbelvaros.com\/#website","url":"https:\/\/www.szexshopbelvaros.com\/","name":"at our Szexshop Belv\u00e1ros","description":"\ud83d\udd25 Sex is like money; only too much is enough!\u2122 Secrets from the city center \ud83d\udc8b | Secrets from Budapest \ud83d\udc8e Adult games \u2022 Erotica \u2022 Sex shop Belvaros","publisher":{"@id":"https:\/\/www.szexshopbelvaros.com\/#organization"},"potentialAction":[{"@type":"SearchAction","target":{"@type":"EntryPoint","urlTemplate":"https:\/\/www.szexshopbelvaros.com\/?s={search_term_string}"},"query-input":{"@type":"PropertyValueSpecification","valueRequired":true,"valueName":"search_term_string"}}],"inLanguage":"en-US"},{"@type":"Organization","@id":"https:\/\/www.szexshopbelvaros.com\/#organization","name":"at our Szexshop Belv\u00e1ros","alternateName":"szexshopbelvaros.com","url":"https:\/\/www.szexshopbelvaros.com\/","logo":{"@type":"ImageObject","inLanguage":"en-US","@id":"https:\/\/www.szexshopbelvaros.com\/#\/schema\/logo\/image\/","url":"https:\/\/www.szexshopbelvaros.com\/wp-content\/uploads\/2025\/09\/1Szexshopbelvaroslogo_blurred_stronger.jpg","contentUrl":"https:\/\/www.szexshopbelvaros.com\/wp-content\/uploads\/2025\/09\/1Szexshopbelvaroslogo_blurred_stronger.jpg","width":1024,"height":1024,"caption":"Szexshop Belv\u00e1ros"},"image":{"@id":"https:\/\/www.szexshopbelvaros.com\/#\/schema\/logo\/image\/"},"sameAs":["https:\/\/www.facebook.com\/belvarossecrets\/","https:\/\/x.com\/belvarossecrets","https:\/\/www.instagram.com\/belvarossecrets\/","https:\/\/www.tiktok.com\/@belvarossecrets"]}]}},"_links":{"self":[{"href":"https:\/\/www.szexshopbelvaros.com\/en\/wp-json\/wp\/v2\/product\/658","targetHints":{"allow":["GET"]}}],"collection":[{"href":"https:\/\/www.szexshopbelvaros.com\/en\/wp-json\/wp\/v2\/product"}],"about":[{"href":"https:\/\/www.szexshopbelvaros.com\/en\/wp-json\/wp\/v2\/types\/product"}],"replies":[{"embeddable":true,"href":"https:\/\/www.szexshopbelvaros.com\/en\/wp-json\/wp\/v2\/comments?post=658"}],"wp:featuredmedia":[{"embeddable":true,"href":"https:\/\/www.szexshopbelvaros.com\/en\/wp-json\/wp\/v2\/media\/2788"}],"wp:attachment":[{"href":"https:\/\/www.szexshopbelvaros.com\/en\/wp-json\/wp\/v2\/media?parent=658"}],"wp:term":[{"taxonomy":"product_brand","embeddable":true,"href":"https:\/\/www.szexshopbelvaros.com\/en\/wp-json\/wp\/v2\/product_brand?post=658"},{"taxonomy":"product_cat","embeddable":true,"href":"https:\/\/www.szexshopbelvaros.com\/en\/wp-json\/wp\/v2\/product_cat?post=658"},{"taxonomy":"product_tag","embeddable":true,"href":"https:\/\/www.szexshopbelvaros.com\/en\/wp-json\/wp\/v2\/product_tag?post=658"}],"curies":[{"name":"wp","href":"https:\/\/api.w.org\/{rel}","templated":true}]}}