{"id":660,"date":"2025-01-31T14:44:29","date_gmt":"2025-01-31T13:44:29","guid":{"rendered":"https:\/\/www.szexshopbelvaros.com\/termek\/sinful-ball-gag-pink\/"},"modified":"2026-04-10T14:00:55","modified_gmt":"2026-04-10T12:00:55","slug":"sinful-ball-gag-pink","status":"publish","type":"product","link":"https:\/\/www.szexshopbelvaros.com\/en\/product\/sinful-ball-gag-pink\/","title":{"rendered":"\ud83c\udf80 Sinful Ball Gag \u2013 Barbie&#039;s Dream Caught in Her Throat"},"content":{"rendered":"<p data-start=\"190\" data-end=\"766\">Pink ball, in mouth, silent \u2013 just as Barbie dreamed\u2026 on her dark side. The <em data-start=\"332\" data-end=\"349\">Sinful Ball Gag<\/em> comes with a 4.5 cm diameter ABS ball and a soft vinyl strap that fits just as well as a plastic butt in a dream car. The adjustable size makes it easy to put on anyone who talks too much or isn't obedient enough. This gag is not only visually striking, but also functional: perfect for BDSM and fetish play, where pink doesn't mean \"sugar\", but \"rule me, right now\".<\/p>\n<p data-start=\"768\" data-end=\"923\">The Sinful Ball Gag can be found at <a class=\"\" href=\"https:\/\/www.szexshopbelvaros.com\/en\/\" target=\"_new\" rel=\"noopener\" data-start=\"805\" data-end=\"857\">szexshopbelvaros.com.<\/a> \u2013 where pink is not a baby color, but a BDSM staple.<\/p>","protected":false},"excerpt":{"rendered":"<p>R\u00f3zsasz\u00edn goly\u00f3, sz\u00e1jban, csendben \u2013 pontosan ahogy Barbie meg\u00e1lmodta\u2026 a s\u00f6t\u00e9t oldal\u00e1n. A Sinful Ball Gag 4,5 cm \u00e1tm\u00e9r\u0151j\u0171 ABS goly\u00f3val \u00e9s puha vinyl p\u00e1nttal \u00e9rkezik, ami \u00e9pp olyan j\u00f3l illeszkedik, mint egy \u00e1lomaut\u00f3ba a m\u0171anyag popsi. Az \u00e1ll\u00edthat\u00f3 m\u00e9ret miatt b\u00e1rkire r\u00e1h\u00fazhat\u00f3, aki t\u00fal sokat dum\u00e1l vagy \u00e9pp nem el\u00e9g engedelmes. Ez a sz\u00e1jpecek [&#8230;]\n","protected":false},"featured_media":2785,"comment_status":"closed","ping_status":"closed","template":"","meta":[],"product_brand":[177],"product_cat":[52,2006],"product_tag":[309,321,1410,372,316,308,389,2008,733,317,715,1625,2013],"class_list":{"0":"post-660","1":"product","2":"type-product","3":"status-publish","4":"has-post-thumbnail","6":"product_brand-ns-novelties","7":"product_cat-bdsm","8":"product_cat-dominancia-alavetettseg","9":"product_tag-alavetettseg","10":"product_tag-bdsm","11":"product_tag-bdsm-toy","12":"product_tag-bondage","13":"product_tag-dominance","14":"product_tag-dominancia","15":"product_tag-felnott-jatek","16":"product_tag-kink","17":"product_tag-power-exchange","18":"product_tag-submission","19":"product_tag-szadomazo-kellek","20":"product_tag-szerepjatek","21":"product_tag-uralom","23":"first","24":"instock","25":"taxable","26":"shipping-taxable","27":"purchasable","28":"product-type-simple"},"yoast_head":"<!-- This site is optimized with the Yoast SEO plugin v27.4 - https:\/\/yoast.com\/product\/yoast-seo-wordpress\/ -->\n<title>\ud83c\udf80 Sinful Ball Gag \u2013 Barbie Tork\u00e1n Akadt \u00c1lma - Szexshop Belvaros<\/title>\n<meta name=\"robots\" content=\"index, follow, max-snippet:-1, max-image-preview:large, max-video-preview:-1\" \/>\n<link rel=\"canonical\" href=\"https:\/\/www.szexshopbelvaros.com\/en\/product\/sinful-ball-gag-pink\/\" \/>\n<meta property=\"og:locale\" content=\"en_US\" \/>\n<meta property=\"og:type\" content=\"article\" \/>\n<meta property=\"og:title\" content=\"\ud83c\udf80 Sinful Ball Gag \u2013 Barbie Tork\u00e1n Akadt \u00c1lma - Szexshop Belvaros\" \/>\n<meta property=\"og:description\" content=\"R\u00f3zsasz\u00edn goly\u00f3, sz\u00e1jban, csendben \u2013 pontosan ahogy Barbie meg\u00e1lmodta\u2026 a s\u00f6t\u00e9t oldal\u00e1n. A Sinful Ball Gag 4,5 cm \u00e1tm\u00e9r\u0151j\u0171 ABS goly\u00f3val \u00e9s puha vinyl p\u00e1nttal \u00e9rkezik, ami \u00e9pp olyan j\u00f3l illeszkedik, mint egy \u00e1lomaut\u00f3ba a m\u0171anyag popsi. Az \u00e1ll\u00edthat\u00f3 m\u00e9ret miatt b\u00e1rkire r\u00e1h\u00fazhat\u00f3, aki t\u00fal sokat dum\u00e1l vagy \u00e9pp nem el\u00e9g engedelmes. Ez a sz\u00e1jpecek [...]\" \/>\n<meta property=\"og:url\" content=\"https:\/\/www.szexshopbelvaros.com\/en\/product\/sinful-ball-gag-pink\/\" \/>\n<meta property=\"og:site_name\" content=\"Szexshop Belvaros\" \/>\n<meta property=\"article:publisher\" content=\"https:\/\/www.facebook.com\/belvarossecrets\/\" \/>\n<meta property=\"article:modified_time\" content=\"2026-04-10T12:00:55+00:00\" \/>\n<meta property=\"og:image\" content=\"https:\/\/www.szexshopbelvaros.com\/wp-content\/uploads\/2025\/01\/Untitled-design-43.png\" \/>\n\t<meta property=\"og:image:width\" content=\"1000\" \/>\n\t<meta property=\"og:image:height\" content=\"1000\" \/>\n\t<meta property=\"og:image:type\" content=\"image\/png\" \/>\n<meta name=\"twitter:card\" content=\"summary_large_image\" \/>\n<meta name=\"twitter:site\" content=\"@belvarossecrets\" \/>\n<meta name=\"twitter:label1\" content=\"Est. reading time\" \/>\n\t<meta name=\"twitter:data1\" content=\"1 minute\" \/>\n<script type=\"application\/ld+json\" class=\"yoast-schema-graph\">{\"@context\":\"https:\\\/\\\/schema.org\",\"@graph\":[{\"@type\":\"WebPage\",\"@id\":\"https:\\\/\\\/www.szexshopbelvaros.com\\\/termek\\\/sinful-ball-gag-pink\\\/\",\"url\":\"https:\\\/\\\/www.szexshopbelvaros.com\\\/termek\\\/sinful-ball-gag-pink\\\/\",\"name\":\"\ud83c\udf80 Sinful Ball Gag \u2013 Barbie Tork\u00e1n Akadt \u00c1lma - Szexshop Belvaros\",\"isPartOf\":{\"@id\":\"https:\\\/\\\/www.szexshopbelvaros.com\\\/#website\"},\"primaryImageOfPage\":{\"@id\":\"https:\\\/\\\/www.szexshopbelvaros.com\\\/termek\\\/sinful-ball-gag-pink\\\/#primaryimage\"},\"image\":{\"@id\":\"https:\\\/\\\/www.szexshopbelvaros.com\\\/termek\\\/sinful-ball-gag-pink\\\/#primaryimage\"},\"thumbnailUrl\":\"https:\\\/\\\/www.szexshopbelvaros.com\\\/wp-content\\\/uploads\\\/2025\\\/01\\\/Untitled-design-43.png\",\"datePublished\":\"2025-01-31T13:44:29+00:00\",\"dateModified\":\"2026-04-10T12:00:55+00:00\",\"breadcrumb\":{\"@id\":\"https:\\\/\\\/www.szexshopbelvaros.com\\\/termek\\\/sinful-ball-gag-pink\\\/#breadcrumb\"},\"inLanguage\":\"en-US\",\"potentialAction\":[{\"@type\":\"ReadAction\",\"target\":[\"https:\\\/\\\/www.szexshopbelvaros.com\\\/termek\\\/sinful-ball-gag-pink\\\/\"]}]},{\"@type\":\"ImageObject\",\"inLanguage\":\"en-US\",\"@id\":\"https:\\\/\\\/www.szexshopbelvaros.com\\\/termek\\\/sinful-ball-gag-pink\\\/#primaryimage\",\"url\":\"https:\\\/\\\/www.szexshopbelvaros.com\\\/wp-content\\\/uploads\\\/2025\\\/01\\\/Untitled-design-43.png\",\"contentUrl\":\"https:\\\/\\\/www.szexshopbelvaros.com\\\/wp-content\\\/uploads\\\/2025\\\/01\\\/Untitled-design-43.png\",\"width\":1000,\"height\":1000},{\"@type\":\"BreadcrumbList\",\"@id\":\"https:\\\/\\\/www.szexshopbelvaros.com\\\/termek\\\/sinful-ball-gag-pink\\\/#breadcrumb\",\"itemListElement\":[{\"@type\":\"ListItem\",\"position\":1,\"name\":\"Home\",\"item\":\"https:\\\/\\\/www.szexshopbelvaros.com\\\/\"},{\"@type\":\"ListItem\",\"position\":2,\"name\":\"\u00c1ruh\u00e1z\",\"item\":\"https:\\\/\\\/www.szexshopbelvaros.com\\\/uzlet\\\/\"},{\"@type\":\"ListItem\",\"position\":3,\"name\":\"\ud83c\udf80 Sinful Ball Gag \u2013 Barbie Tork\u00e1n Akadt \u00c1lma\"}]},{\"@type\":\"WebSite\",\"@id\":\"https:\\\/\\\/www.szexshopbelvaros.com\\\/#website\",\"url\":\"https:\\\/\\\/www.szexshopbelvaros.com\\\/\",\"name\":\"Szexshop Belv\u00e1ros\",\"description\":\"\ud83d\udd25 A szex olyan, mint a p\u00e9nz; csak a t\u00fal sok el\u00e9g!\u2122 Titkok a belv\u00e1rosb\u00f3l \ud83d\udc8b | Secrets from Budapest \ud83d\udc8e Feln\u0151tt j\u00e1t\u00e9kok \u2022 Erotika \u2022 Szexshop Belvaros\",\"publisher\":{\"@id\":\"https:\\\/\\\/www.szexshopbelvaros.com\\\/#organization\"},\"potentialAction\":[{\"@type\":\"SearchAction\",\"target\":{\"@type\":\"EntryPoint\",\"urlTemplate\":\"https:\\\/\\\/www.szexshopbelvaros.com\\\/?s={search_term_string}\"},\"query-input\":{\"@type\":\"PropertyValueSpecification\",\"valueRequired\":true,\"valueName\":\"search_term_string\"}}],\"inLanguage\":\"en-US\"},{\"@type\":\"Organization\",\"@id\":\"https:\\\/\\\/www.szexshopbelvaros.com\\\/#organization\",\"name\":\"Szexshop Belv\u00e1ros\",\"alternateName\":\"szexshopbelvaros.com\",\"url\":\"https:\\\/\\\/www.szexshopbelvaros.com\\\/\",\"logo\":{\"@type\":\"ImageObject\",\"inLanguage\":\"en-US\",\"@id\":\"https:\\\/\\\/www.szexshopbelvaros.com\\\/#\\\/schema\\\/logo\\\/image\\\/\",\"url\":\"https:\\\/\\\/www.szexshopbelvaros.com\\\/wp-content\\\/uploads\\\/2025\\\/09\\\/1Szexshopbelvaroslogo_blurred_stronger.jpg\",\"contentUrl\":\"https:\\\/\\\/www.szexshopbelvaros.com\\\/wp-content\\\/uploads\\\/2025\\\/09\\\/1Szexshopbelvaroslogo_blurred_stronger.jpg\",\"width\":1024,\"height\":1024,\"caption\":\"Szexshop Belv\u00e1ros\"},\"image\":{\"@id\":\"https:\\\/\\\/www.szexshopbelvaros.com\\\/#\\\/schema\\\/logo\\\/image\\\/\"},\"sameAs\":[\"https:\\\/\\\/www.facebook.com\\\/belvarossecrets\\\/\",\"https:\\\/\\\/x.com\\\/belvarossecrets\",\"https:\\\/\\\/www.instagram.com\\\/belvarossecrets\\\/\",\"https:\\\/\\\/www.tiktok.com\\\/@belvarossecrets\"]}]}<\/script>\n<!-- \/ Yoast SEO plugin. -->","yoast_head_json":{"title":"\ud83c\udf80 Sinful Ball Gag \u2013 Barbie Got Her Dream Caught - Sexshop Belvaros","robots":{"index":"index","follow":"follow","max-snippet":"max-snippet:-1","max-image-preview":"max-image-preview:large","max-video-preview":"max-video-preview:-1"},"canonical":"https:\/\/www.szexshopbelvaros.com\/en\/product\/sinful-ball-gag-pink\/","og_locale":"en_US","og_type":"article","og_title":"\ud83c\udf80 Sinful Ball Gag \u2013 Barbie Tork\u00e1n Akadt \u00c1lma - Szexshop Belvaros","og_description":"R\u00f3zsasz\u00edn goly\u00f3, sz\u00e1jban, csendben \u2013 pontosan ahogy Barbie meg\u00e1lmodta\u2026 a s\u00f6t\u00e9t oldal\u00e1n. A Sinful Ball Gag 4,5 cm \u00e1tm\u00e9r\u0151j\u0171 ABS goly\u00f3val \u00e9s puha vinyl p\u00e1nttal \u00e9rkezik, ami \u00e9pp olyan j\u00f3l illeszkedik, mint egy \u00e1lomaut\u00f3ba a m\u0171anyag popsi. Az \u00e1ll\u00edthat\u00f3 m\u00e9ret miatt b\u00e1rkire r\u00e1h\u00fazhat\u00f3, aki t\u00fal sokat dum\u00e1l vagy \u00e9pp nem el\u00e9g engedelmes. Ez a sz\u00e1jpecek [...]","og_url":"https:\/\/www.szexshopbelvaros.com\/en\/product\/sinful-ball-gag-pink\/","og_site_name":"Szexshop Belvaros","article_publisher":"https:\/\/www.facebook.com\/belvarossecrets\/","article_modified_time":"2026-04-10T12:00:55+00:00","og_image":[{"width":1000,"height":1000,"url":"https:\/\/www.szexshopbelvaros.com\/wp-content\/uploads\/2025\/01\/Untitled-design-43.png","type":"image\/png"}],"twitter_card":"summary_large_image","twitter_site":"@belvarossecrets","twitter_misc":{"Est. reading time":"1 minute"},"schema":{"@context":"https:\/\/schema.org","@graph":[{"@type":"WebPage","@id":"https:\/\/www.szexshopbelvaros.com\/termek\/sinful-ball-gag-pink\/","url":"https:\/\/www.szexshopbelvaros.com\/termek\/sinful-ball-gag-pink\/","name":"\ud83c\udf80 Sinful Ball Gag \u2013 Barbie Got Her Dream Caught - Sexshop Belvaros","isPartOf":{"@id":"https:\/\/www.szexshopbelvaros.com\/#website"},"primaryImageOfPage":{"@id":"https:\/\/www.szexshopbelvaros.com\/termek\/sinful-ball-gag-pink\/#primaryimage"},"image":{"@id":"https:\/\/www.szexshopbelvaros.com\/termek\/sinful-ball-gag-pink\/#primaryimage"},"thumbnailUrl":"https:\/\/www.szexshopbelvaros.com\/wp-content\/uploads\/2025\/01\/Untitled-design-43.png","datePublished":"2025-01-31T13:44:29+00:00","dateModified":"2026-04-10T12:00:55+00:00","breadcrumb":{"@id":"https:\/\/www.szexshopbelvaros.com\/termek\/sinful-ball-gag-pink\/#breadcrumb"},"inLanguage":"en-US","potentialAction":[{"@type":"ReadAction","target":["https:\/\/www.szexshopbelvaros.com\/termek\/sinful-ball-gag-pink\/"]}]},{"@type":"ImageObject","inLanguage":"en-US","@id":"https:\/\/www.szexshopbelvaros.com\/termek\/sinful-ball-gag-pink\/#primaryimage","url":"https:\/\/www.szexshopbelvaros.com\/wp-content\/uploads\/2025\/01\/Untitled-design-43.png","contentUrl":"https:\/\/www.szexshopbelvaros.com\/wp-content\/uploads\/2025\/01\/Untitled-design-43.png","width":1000,"height":1000},{"@type":"BreadcrumbList","@id":"https:\/\/www.szexshopbelvaros.com\/termek\/sinful-ball-gag-pink\/#breadcrumb","itemListElement":[{"@type":"ListItem","position":1,"name":"Home","item":"https:\/\/www.szexshopbelvaros.com\/"},{"@type":"ListItem","position":2,"name":"\u00c1ruh\u00e1z","item":"https:\/\/www.szexshopbelvaros.com\/uzlet\/"},{"@type":"ListItem","position":3,"name":"\ud83c\udf80 Sinful Ball Gag \u2013 Barbie Tork\u00e1n Akadt \u00c1lma"}]},{"@type":"WebSite","@id":"https:\/\/www.szexshopbelvaros.com\/#website","url":"https:\/\/www.szexshopbelvaros.com\/","name":"at our Szexshop Belv\u00e1ros","description":"\ud83d\udd25 Sex is like money; only too much is enough!\u2122 Secrets from the city center \ud83d\udc8b | Secrets from Budapest \ud83d\udc8e Adult games \u2022 Erotica \u2022 Sex shop Belvaros","publisher":{"@id":"https:\/\/www.szexshopbelvaros.com\/#organization"},"potentialAction":[{"@type":"SearchAction","target":{"@type":"EntryPoint","urlTemplate":"https:\/\/www.szexshopbelvaros.com\/?s={search_term_string}"},"query-input":{"@type":"PropertyValueSpecification","valueRequired":true,"valueName":"search_term_string"}}],"inLanguage":"en-US"},{"@type":"Organization","@id":"https:\/\/www.szexshopbelvaros.com\/#organization","name":"at our Szexshop Belv\u00e1ros","alternateName":"szexshopbelvaros.com","url":"https:\/\/www.szexshopbelvaros.com\/","logo":{"@type":"ImageObject","inLanguage":"en-US","@id":"https:\/\/www.szexshopbelvaros.com\/#\/schema\/logo\/image\/","url":"https:\/\/www.szexshopbelvaros.com\/wp-content\/uploads\/2025\/09\/1Szexshopbelvaroslogo_blurred_stronger.jpg","contentUrl":"https:\/\/www.szexshopbelvaros.com\/wp-content\/uploads\/2025\/09\/1Szexshopbelvaroslogo_blurred_stronger.jpg","width":1024,"height":1024,"caption":"Szexshop Belv\u00e1ros"},"image":{"@id":"https:\/\/www.szexshopbelvaros.com\/#\/schema\/logo\/image\/"},"sameAs":["https:\/\/www.facebook.com\/belvarossecrets\/","https:\/\/x.com\/belvarossecrets","https:\/\/www.instagram.com\/belvarossecrets\/","https:\/\/www.tiktok.com\/@belvarossecrets"]}]}},"_links":{"self":[{"href":"https:\/\/www.szexshopbelvaros.com\/en\/wp-json\/wp\/v2\/product\/660","targetHints":{"allow":["GET"]}}],"collection":[{"href":"https:\/\/www.szexshopbelvaros.com\/en\/wp-json\/wp\/v2\/product"}],"about":[{"href":"https:\/\/www.szexshopbelvaros.com\/en\/wp-json\/wp\/v2\/types\/product"}],"replies":[{"embeddable":true,"href":"https:\/\/www.szexshopbelvaros.com\/en\/wp-json\/wp\/v2\/comments?post=660"}],"wp:featuredmedia":[{"embeddable":true,"href":"https:\/\/www.szexshopbelvaros.com\/en\/wp-json\/wp\/v2\/media\/2785"}],"wp:attachment":[{"href":"https:\/\/www.szexshopbelvaros.com\/en\/wp-json\/wp\/v2\/media?parent=660"}],"wp:term":[{"taxonomy":"product_brand","embeddable":true,"href":"https:\/\/www.szexshopbelvaros.com\/en\/wp-json\/wp\/v2\/product_brand?post=660"},{"taxonomy":"product_cat","embeddable":true,"href":"https:\/\/www.szexshopbelvaros.com\/en\/wp-json\/wp\/v2\/product_cat?post=660"},{"taxonomy":"product_tag","embeddable":true,"href":"https:\/\/www.szexshopbelvaros.com\/en\/wp-json\/wp\/v2\/product_tag?post=660"}],"curies":[{"name":"wp","href":"https:\/\/api.w.org\/{rel}","templated":true}]}}