{"id":662,"date":"2025-01-31T14:44:29","date_gmt":"2025-01-31T13:44:29","guid":{"rendered":"https:\/\/www.szexshopbelvaros.com\/termek\/red-ball-gag\/"},"modified":"2026-04-10T14:00:54","modified_gmt":"2026-04-10T12:00:54","slug":"red-ball-gag","status":"publish","type":"product","link":"https:\/\/www.szexshopbelvaros.com\/en\/product\/red-ball-gag\/","title":{"rendered":"\ud83e\udee6 Shut Me Red \u2013 The Orb That Finally Silences"},"content":{"rendered":"<p data-start=\"205\" data-end=\"796\">There are moments when no words are needed\u2026 just a well-placed, 4.5 cm diameter red ball that is sure to shut any little mouth. The <em data-start=\"402\" data-end=\"415\">Shut Me Red<\/em> gag is a classic BDSM and fetish toy that doesn't falter: made of hard ABS material, with an adjustable strap to stay exactly where it needs to be - in the mouth of the submissive. The perfect accessory for dominant role-playing, where silence is not only golden, but also hard-core erotic. Whether it's beginners or more experienced kinky couples, this gag always comes in handy.<\/p>\n<p data-start=\"798\" data-end=\"911\">Shut Me Red can be found at sezxshopbelvaros.com - where loud pleasure sometimes begins in silence.<\/p>","protected":false},"excerpt":{"rendered":"<p>Van az a pillanat, amikor nincs sz\u00fcks\u00e9g szavakra\u2026 csak egy j\u00f3l elhelyezett, 4,5 cm \u00e1tm\u00e9r\u0151j\u0171 piros goly\u00f3ra, ami biztosan befogja a kis sz\u00e1d. A Shut Me Red sz\u00e1jpecek egy klasszikus BDSM \u00e9s fetish j\u00e1t\u00e9kszer, ami nem cic\u00f3zik: kem\u00e9ny ABS anyagb\u00f3l k\u00e9sz\u00fclt, \u00e1ll\u00edthat\u00f3 p\u00e1nttal ell\u00e1tva, hogy pontosan ott maradjon, ahol kell \u2013 a sz\u00f3fogad\u00f3 al\u00e1rendelt sz\u00e1j\u00e1ban. [&#8230;]\n","protected":false},"featured_media":2116,"comment_status":"closed","ping_status":"closed","template":"","meta":[],"product_brand":[67],"product_cat":[52,2006],"product_tag":[309,321,1410,372,316,308,389,2008,733,317,715,1625,2013],"class_list":{"0":"post-662","1":"product","2":"type-product","3":"status-publish","4":"has-post-thumbnail","6":"product_brand-chisa-novelties","7":"product_cat-bdsm","8":"product_cat-dominancia-alavetettseg","9":"product_tag-alavetettseg","10":"product_tag-bdsm","11":"product_tag-bdsm-toy","12":"product_tag-bondage","13":"product_tag-dominance","14":"product_tag-dominancia","15":"product_tag-felnott-jatek","16":"product_tag-kink","17":"product_tag-power-exchange","18":"product_tag-submission","19":"product_tag-szadomazo-kellek","20":"product_tag-szerepjatek","21":"product_tag-uralom","23":"first","24":"instock","25":"taxable","26":"shipping-taxable","27":"purchasable","28":"product-type-simple"},"yoast_head":"<!-- This site is optimized with the Yoast SEO plugin v27.4 - https:\/\/yoast.com\/product\/yoast-seo-wordpress\/ -->\n<title>\ud83e\udee6 Shut Me Red \u2013 A Goly\u00f3, Ami V\u00e9gre Elhallgattat - Szexshop Belvaros<\/title>\n<meta name=\"robots\" content=\"index, follow, max-snippet:-1, max-image-preview:large, max-video-preview:-1\" \/>\n<link rel=\"canonical\" href=\"https:\/\/www.szexshopbelvaros.com\/en\/product\/red-ball-gag\/\" \/>\n<meta property=\"og:locale\" content=\"en_US\" \/>\n<meta property=\"og:type\" content=\"article\" \/>\n<meta property=\"og:title\" content=\"\ud83e\udee6 Shut Me Red \u2013 A Goly\u00f3, Ami V\u00e9gre Elhallgattat - Szexshop Belvaros\" \/>\n<meta property=\"og:description\" content=\"Van az a pillanat, amikor nincs sz\u00fcks\u00e9g szavakra\u2026 csak egy j\u00f3l elhelyezett, 4,5 cm \u00e1tm\u00e9r\u0151j\u0171 piros goly\u00f3ra, ami biztosan befogja a kis sz\u00e1d. A Shut Me Red sz\u00e1jpecek egy klasszikus BDSM \u00e9s fetish j\u00e1t\u00e9kszer, ami nem cic\u00f3zik: kem\u00e9ny ABS anyagb\u00f3l k\u00e9sz\u00fclt, \u00e1ll\u00edthat\u00f3 p\u00e1nttal ell\u00e1tva, hogy pontosan ott maradjon, ahol kell \u2013 a sz\u00f3fogad\u00f3 al\u00e1rendelt sz\u00e1j\u00e1ban. [...]\" \/>\n<meta property=\"og:url\" content=\"https:\/\/www.szexshopbelvaros.com\/en\/product\/red-ball-gag\/\" \/>\n<meta property=\"og:site_name\" content=\"Szexshop Belvaros\" \/>\n<meta property=\"article:publisher\" content=\"https:\/\/www.facebook.com\/belvarossecrets\/\" \/>\n<meta property=\"article:modified_time\" content=\"2026-04-10T12:00:54+00:00\" \/>\n<meta property=\"og:image\" content=\"https:\/\/www.szexshopbelvaros.com\/wp-content\/uploads\/2025\/01\/boxngag.png\" \/>\n\t<meta property=\"og:image:width\" content=\"1000\" \/>\n\t<meta property=\"og:image:height\" content=\"563\" \/>\n\t<meta property=\"og:image:type\" content=\"image\/png\" \/>\n<meta name=\"twitter:card\" content=\"summary_large_image\" \/>\n<meta name=\"twitter:site\" content=\"@belvarossecrets\" \/>\n<meta name=\"twitter:label1\" content=\"Est. reading time\" \/>\n\t<meta name=\"twitter:data1\" content=\"1 minute\" \/>\n<script type=\"application\/ld+json\" class=\"yoast-schema-graph\">{\"@context\":\"https:\\\/\\\/schema.org\",\"@graph\":[{\"@type\":\"WebPage\",\"@id\":\"https:\\\/\\\/www.szexshopbelvaros.com\\\/termek\\\/red-ball-gag\\\/\",\"url\":\"https:\\\/\\\/www.szexshopbelvaros.com\\\/termek\\\/red-ball-gag\\\/\",\"name\":\"\ud83e\udee6 Shut Me Red \u2013 A Goly\u00f3, Ami V\u00e9gre Elhallgattat - Szexshop Belvaros\",\"isPartOf\":{\"@id\":\"https:\\\/\\\/www.szexshopbelvaros.com\\\/#website\"},\"primaryImageOfPage\":{\"@id\":\"https:\\\/\\\/www.szexshopbelvaros.com\\\/termek\\\/red-ball-gag\\\/#primaryimage\"},\"image\":{\"@id\":\"https:\\\/\\\/www.szexshopbelvaros.com\\\/termek\\\/red-ball-gag\\\/#primaryimage\"},\"thumbnailUrl\":\"https:\\\/\\\/www.szexshopbelvaros.com\\\/wp-content\\\/uploads\\\/2025\\\/01\\\/boxngag.png\",\"datePublished\":\"2025-01-31T13:44:29+00:00\",\"dateModified\":\"2026-04-10T12:00:54+00:00\",\"breadcrumb\":{\"@id\":\"https:\\\/\\\/www.szexshopbelvaros.com\\\/termek\\\/red-ball-gag\\\/#breadcrumb\"},\"inLanguage\":\"en-US\",\"potentialAction\":[{\"@type\":\"ReadAction\",\"target\":[\"https:\\\/\\\/www.szexshopbelvaros.com\\\/termek\\\/red-ball-gag\\\/\"]}]},{\"@type\":\"ImageObject\",\"inLanguage\":\"en-US\",\"@id\":\"https:\\\/\\\/www.szexshopbelvaros.com\\\/termek\\\/red-ball-gag\\\/#primaryimage\",\"url\":\"https:\\\/\\\/www.szexshopbelvaros.com\\\/wp-content\\\/uploads\\\/2025\\\/01\\\/boxngag.png\",\"contentUrl\":\"https:\\\/\\\/www.szexshopbelvaros.com\\\/wp-content\\\/uploads\\\/2025\\\/01\\\/boxngag.png\",\"width\":1000,\"height\":563},{\"@type\":\"BreadcrumbList\",\"@id\":\"https:\\\/\\\/www.szexshopbelvaros.com\\\/termek\\\/red-ball-gag\\\/#breadcrumb\",\"itemListElement\":[{\"@type\":\"ListItem\",\"position\":1,\"name\":\"Home\",\"item\":\"https:\\\/\\\/www.szexshopbelvaros.com\\\/\"},{\"@type\":\"ListItem\",\"position\":2,\"name\":\"\u00c1ruh\u00e1z\",\"item\":\"https:\\\/\\\/www.szexshopbelvaros.com\\\/uzlet\\\/\"},{\"@type\":\"ListItem\",\"position\":3,\"name\":\"\ud83e\udee6 Shut Me Red \u2013 A Goly\u00f3, Ami V\u00e9gre Elhallgattat\"}]},{\"@type\":\"WebSite\",\"@id\":\"https:\\\/\\\/www.szexshopbelvaros.com\\\/#website\",\"url\":\"https:\\\/\\\/www.szexshopbelvaros.com\\\/\",\"name\":\"Szexshop Belv\u00e1ros\",\"description\":\"\ud83d\udd25 A szex olyan, mint a p\u00e9nz; csak a t\u00fal sok el\u00e9g!\u2122 Titkok a belv\u00e1rosb\u00f3l \ud83d\udc8b | Secrets from Budapest \ud83d\udc8e Feln\u0151tt j\u00e1t\u00e9kok \u2022 Erotika \u2022 Szexshop Belvaros\",\"publisher\":{\"@id\":\"https:\\\/\\\/www.szexshopbelvaros.com\\\/#organization\"},\"potentialAction\":[{\"@type\":\"SearchAction\",\"target\":{\"@type\":\"EntryPoint\",\"urlTemplate\":\"https:\\\/\\\/www.szexshopbelvaros.com\\\/?s={search_term_string}\"},\"query-input\":{\"@type\":\"PropertyValueSpecification\",\"valueRequired\":true,\"valueName\":\"search_term_string\"}}],\"inLanguage\":\"en-US\"},{\"@type\":\"Organization\",\"@id\":\"https:\\\/\\\/www.szexshopbelvaros.com\\\/#organization\",\"name\":\"Szexshop Belv\u00e1ros\",\"alternateName\":\"szexshopbelvaros.com\",\"url\":\"https:\\\/\\\/www.szexshopbelvaros.com\\\/\",\"logo\":{\"@type\":\"ImageObject\",\"inLanguage\":\"en-US\",\"@id\":\"https:\\\/\\\/www.szexshopbelvaros.com\\\/#\\\/schema\\\/logo\\\/image\\\/\",\"url\":\"https:\\\/\\\/www.szexshopbelvaros.com\\\/wp-content\\\/uploads\\\/2025\\\/09\\\/1Szexshopbelvaroslogo_blurred_stronger.jpg\",\"contentUrl\":\"https:\\\/\\\/www.szexshopbelvaros.com\\\/wp-content\\\/uploads\\\/2025\\\/09\\\/1Szexshopbelvaroslogo_blurred_stronger.jpg\",\"width\":1024,\"height\":1024,\"caption\":\"Szexshop Belv\u00e1ros\"},\"image\":{\"@id\":\"https:\\\/\\\/www.szexshopbelvaros.com\\\/#\\\/schema\\\/logo\\\/image\\\/\"},\"sameAs\":[\"https:\\\/\\\/www.facebook.com\\\/belvarossecrets\\\/\",\"https:\\\/\\\/x.com\\\/belvarossecrets\",\"https:\\\/\\\/www.instagram.com\\\/belvarossecrets\\\/\",\"https:\\\/\\\/www.tiktok.com\\\/@belvarossecrets\"]}]}<\/script>\n<!-- \/ Yoast SEO plugin. -->","yoast_head_json":{"title":"\ud83e\udee6 Shut Me Red \u2013 The Bullet That Finally Shuts Me Up - Szexshop Belvaros","robots":{"index":"index","follow":"follow","max-snippet":"max-snippet:-1","max-image-preview":"max-image-preview:large","max-video-preview":"max-video-preview:-1"},"canonical":"https:\/\/www.szexshopbelvaros.com\/en\/product\/red-ball-gag\/","og_locale":"en_US","og_type":"article","og_title":"\ud83e\udee6 Shut Me Red \u2013 A Goly\u00f3, Ami V\u00e9gre Elhallgattat - Szexshop Belvaros","og_description":"Van az a pillanat, amikor nincs sz\u00fcks\u00e9g szavakra\u2026 csak egy j\u00f3l elhelyezett, 4,5 cm \u00e1tm\u00e9r\u0151j\u0171 piros goly\u00f3ra, ami biztosan befogja a kis sz\u00e1d. A Shut Me Red sz\u00e1jpecek egy klasszikus BDSM \u00e9s fetish j\u00e1t\u00e9kszer, ami nem cic\u00f3zik: kem\u00e9ny ABS anyagb\u00f3l k\u00e9sz\u00fclt, \u00e1ll\u00edthat\u00f3 p\u00e1nttal ell\u00e1tva, hogy pontosan ott maradjon, ahol kell \u2013 a sz\u00f3fogad\u00f3 al\u00e1rendelt sz\u00e1j\u00e1ban. [...]","og_url":"https:\/\/www.szexshopbelvaros.com\/en\/product\/red-ball-gag\/","og_site_name":"Szexshop Belvaros","article_publisher":"https:\/\/www.facebook.com\/belvarossecrets\/","article_modified_time":"2026-04-10T12:00:54+00:00","og_image":[{"width":1000,"height":563,"url":"https:\/\/www.szexshopbelvaros.com\/wp-content\/uploads\/2025\/01\/boxngag.png","type":"image\/png"}],"twitter_card":"summary_large_image","twitter_site":"@belvarossecrets","twitter_misc":{"Est. reading time":"1 minute"},"schema":{"@context":"https:\/\/schema.org","@graph":[{"@type":"WebPage","@id":"https:\/\/www.szexshopbelvaros.com\/termek\/red-ball-gag\/","url":"https:\/\/www.szexshopbelvaros.com\/termek\/red-ball-gag\/","name":"\ud83e\udee6 Shut Me Red \u2013 The Bullet That Finally Shuts Me Up - Szexshop Belvaros","isPartOf":{"@id":"https:\/\/www.szexshopbelvaros.com\/#website"},"primaryImageOfPage":{"@id":"https:\/\/www.szexshopbelvaros.com\/termek\/red-ball-gag\/#primaryimage"},"image":{"@id":"https:\/\/www.szexshopbelvaros.com\/termek\/red-ball-gag\/#primaryimage"},"thumbnailUrl":"https:\/\/www.szexshopbelvaros.com\/wp-content\/uploads\/2025\/01\/boxngag.png","datePublished":"2025-01-31T13:44:29+00:00","dateModified":"2026-04-10T12:00:54+00:00","breadcrumb":{"@id":"https:\/\/www.szexshopbelvaros.com\/termek\/red-ball-gag\/#breadcrumb"},"inLanguage":"en-US","potentialAction":[{"@type":"ReadAction","target":["https:\/\/www.szexshopbelvaros.com\/termek\/red-ball-gag\/"]}]},{"@type":"ImageObject","inLanguage":"en-US","@id":"https:\/\/www.szexshopbelvaros.com\/termek\/red-ball-gag\/#primaryimage","url":"https:\/\/www.szexshopbelvaros.com\/wp-content\/uploads\/2025\/01\/boxngag.png","contentUrl":"https:\/\/www.szexshopbelvaros.com\/wp-content\/uploads\/2025\/01\/boxngag.png","width":1000,"height":563},{"@type":"BreadcrumbList","@id":"https:\/\/www.szexshopbelvaros.com\/termek\/red-ball-gag\/#breadcrumb","itemListElement":[{"@type":"ListItem","position":1,"name":"Home","item":"https:\/\/www.szexshopbelvaros.com\/"},{"@type":"ListItem","position":2,"name":"\u00c1ruh\u00e1z","item":"https:\/\/www.szexshopbelvaros.com\/uzlet\/"},{"@type":"ListItem","position":3,"name":"\ud83e\udee6 Shut Me Red \u2013 A Goly\u00f3, Ami V\u00e9gre Elhallgattat"}]},{"@type":"WebSite","@id":"https:\/\/www.szexshopbelvaros.com\/#website","url":"https:\/\/www.szexshopbelvaros.com\/","name":"at our Szexshop Belv\u00e1ros","description":"\ud83d\udd25 Sex is like money; only too much is enough!\u2122 Secrets from the city center \ud83d\udc8b | Secrets from Budapest \ud83d\udc8e Adult games \u2022 Erotica \u2022 Sex shop Belvaros","publisher":{"@id":"https:\/\/www.szexshopbelvaros.com\/#organization"},"potentialAction":[{"@type":"SearchAction","target":{"@type":"EntryPoint","urlTemplate":"https:\/\/www.szexshopbelvaros.com\/?s={search_term_string}"},"query-input":{"@type":"PropertyValueSpecification","valueRequired":true,"valueName":"search_term_string"}}],"inLanguage":"en-US"},{"@type":"Organization","@id":"https:\/\/www.szexshopbelvaros.com\/#organization","name":"at our Szexshop Belv\u00e1ros","alternateName":"szexshopbelvaros.com","url":"https:\/\/www.szexshopbelvaros.com\/","logo":{"@type":"ImageObject","inLanguage":"en-US","@id":"https:\/\/www.szexshopbelvaros.com\/#\/schema\/logo\/image\/","url":"https:\/\/www.szexshopbelvaros.com\/wp-content\/uploads\/2025\/09\/1Szexshopbelvaroslogo_blurred_stronger.jpg","contentUrl":"https:\/\/www.szexshopbelvaros.com\/wp-content\/uploads\/2025\/09\/1Szexshopbelvaroslogo_blurred_stronger.jpg","width":1024,"height":1024,"caption":"Szexshop Belv\u00e1ros"},"image":{"@id":"https:\/\/www.szexshopbelvaros.com\/#\/schema\/logo\/image\/"},"sameAs":["https:\/\/www.facebook.com\/belvarossecrets\/","https:\/\/x.com\/belvarossecrets","https:\/\/www.instagram.com\/belvarossecrets\/","https:\/\/www.tiktok.com\/@belvarossecrets"]}]}},"_links":{"self":[{"href":"https:\/\/www.szexshopbelvaros.com\/en\/wp-json\/wp\/v2\/product\/662","targetHints":{"allow":["GET"]}}],"collection":[{"href":"https:\/\/www.szexshopbelvaros.com\/en\/wp-json\/wp\/v2\/product"}],"about":[{"href":"https:\/\/www.szexshopbelvaros.com\/en\/wp-json\/wp\/v2\/types\/product"}],"replies":[{"embeddable":true,"href":"https:\/\/www.szexshopbelvaros.com\/en\/wp-json\/wp\/v2\/comments?post=662"}],"wp:featuredmedia":[{"embeddable":true,"href":"https:\/\/www.szexshopbelvaros.com\/en\/wp-json\/wp\/v2\/media\/2116"}],"wp:attachment":[{"href":"https:\/\/www.szexshopbelvaros.com\/en\/wp-json\/wp\/v2\/media?parent=662"}],"wp:term":[{"taxonomy":"product_brand","embeddable":true,"href":"https:\/\/www.szexshopbelvaros.com\/en\/wp-json\/wp\/v2\/product_brand?post=662"},{"taxonomy":"product_cat","embeddable":true,"href":"https:\/\/www.szexshopbelvaros.com\/en\/wp-json\/wp\/v2\/product_cat?post=662"},{"taxonomy":"product_tag","embeddable":true,"href":"https:\/\/www.szexshopbelvaros.com\/en\/wp-json\/wp\/v2\/product_tag?post=662"}],"curies":[{"name":"wp","href":"https:\/\/api.w.org\/{rel}","templated":true}]}}