{"id":664,"date":"2025-01-31T14:44:29","date_gmt":"2025-01-31T13:44:29","guid":{"rendered":"https:\/\/www.szexshopbelvaros.com\/termek\/gretia-studded-crop\/"},"modified":"2026-04-10T14:00:54","modified_gmt":"2026-04-10T12:00:54","slug":"gretia-studded-crop","status":"publish","type":"product","link":"https:\/\/www.szexshopbelvaros.com\/en\/product\/gretia-studded-crop\/","title":{"rendered":"\ud83d\udd17 Gretia Studded Crop \u2013 A sign of love, just a little louder"},"content":{"rendered":"<p data-start=\"68\" data-end=\"423\">Our <em data-start=\"70\" data-end=\"91\">Gretia studded crop<\/em> is the kind of riding stick that makes you not apologize, but want more. <em data-start=\"153\" data-end=\"170\">It's<\/em>. Black, 18-inch fetish porn that looks like something your mom would have tucked away in the back of a drawer if she knew what you were doing with it. Polyurethane body, plastic soul, and that sexy little \u201csnap\u201d sound that will either get the neighbor excited or call the police.<\/p>\n<p data-start=\"425\" data-end=\"635\">It's not just for patting - it's a relationship management tool. You'll never argue over the dishes again if this bad boy does the talking to your ass. It's ideal for dominance, submission, and  if you're brave enough, with your morning coffee.<\/p>\n<p data-start=\"637\" data-end=\"741\" data-is-last-node=\"\" data-is-only-node=\"\">Available at <em data-start=\"647\" data-end=\"668\">Szexshopbelvaros<\/em>where punishment is more pleasurable than the orgasm, and there's never enough black.<\/p>\n<p>&nbsp;<\/p>","protected":false},"excerpt":{"rendered":"<p>A Gretia studded crop az a fajta lovagl\u00f3p\u00e1lca, amit\u0151l nem k\u00e9rsz bocs\u00e1natot \u2013 hanem te k\u00f6sz\u00f6n\u00f6d meg. Fekete, 42 cm-nyi f\u00e9tisporn\u00f3, ami pont \u00fagy n\u00e9z ki, mint amit any\u00e1d eldugott volna a fi\u00f3k m\u00e9ly\u00e9re, ha tudn\u00e1, mit m\u0171velsz vele. Poliuret\u00e1n test, m\u0171anyag l\u00e9lek, \u00e9s az a szexi kis \u201ccsatt\u201d hang, amit\u0151l a szomsz\u00e9d is vagy [&#8230;]\n","protected":false},"featured_media":2818,"comment_status":"closed","ping_status":"closed","template":"","meta":[],"product_brand":[129],"product_cat":[52,1999],"product_tag":[321,1410,372,389,718,2001,732,2008,716,717,730,731,715,1412],"class_list":{"0":"post-664","1":"product","2":"type-product","3":"status-publish","4":"has-post-thumbnail","6":"product_brand-obsessive","7":"product_cat-bdsm","8":"product_cat-ostorok-paskolok","9":"product_tag-bdsm","10":"product_tag-bdsm-toy","11":"product_tag-bondage","12":"product_tag-felnott-jatek","13":"product_tag-flogger","14":"product_tag-impact-jatek","15":"product_tag-impact-play","16":"product_tag-kink","17":"product_tag-korbacs","18":"product_tag-ostor","19":"product_tag-paddle","20":"product_tag-paskolo","21":"product_tag-szadomazo-kellek","22":"product_tag-whip","24":"first","25":"instock","26":"taxable","27":"shipping-taxable","28":"purchasable","29":"product-type-simple"},"yoast_head":"<!-- This site is optimized with the Yoast SEO plugin v27.4 - https:\/\/yoast.com\/product\/yoast-seo-wordpress\/ -->\n<title>\ud83d\udd17 Gretia Paskol \u2013 A szeretet jele, csak kicsit hangosabban - Szexshop Belvaros<\/title>\n<meta name=\"robots\" content=\"index, follow, max-snippet:-1, max-image-preview:large, max-video-preview:-1\" \/>\n<link rel=\"canonical\" href=\"https:\/\/www.szexshopbelvaros.com\/en\/product\/gretia-studded-crop\/\" \/>\n<meta property=\"og:locale\" content=\"en_US\" \/>\n<meta property=\"og:type\" content=\"article\" \/>\n<meta property=\"og:title\" content=\"\ud83d\udd17 Gretia Paskol \u2013 A szeretet jele, csak kicsit hangosabban - Szexshop Belvaros\" \/>\n<meta property=\"og:description\" content=\"A Gretia studded crop az a fajta lovagl\u00f3p\u00e1lca, amit\u0151l nem k\u00e9rsz bocs\u00e1natot \u2013 hanem te k\u00f6sz\u00f6n\u00f6d meg. Fekete, 42 cm-nyi f\u00e9tisporn\u00f3, ami pont \u00fagy n\u00e9z ki, mint amit any\u00e1d eldugott volna a fi\u00f3k m\u00e9ly\u00e9re, ha tudn\u00e1, mit m\u0171velsz vele. Poliuret\u00e1n test, m\u0171anyag l\u00e9lek, \u00e9s az a szexi kis \u201ccsatt\u201d hang, amit\u0151l a szomsz\u00e9d is vagy [...]\" \/>\n<meta property=\"og:url\" content=\"https:\/\/www.szexshopbelvaros.com\/en\/product\/gretia-studded-crop\/\" \/>\n<meta property=\"og:site_name\" content=\"Szexshop Belvaros\" \/>\n<meta property=\"article:publisher\" content=\"https:\/\/www.facebook.com\/belvarossecrets\/\" \/>\n<meta property=\"article:modified_time\" content=\"2026-04-10T12:00:54+00:00\" \/>\n<meta property=\"og:image\" content=\"https:\/\/www.szexshopbelvaros.com\/wp-content\/uploads\/2025\/01\/69b6a204081f41f37c346a62-scaled.png\" \/>\n\t<meta property=\"og:image:width\" content=\"2560\" \/>\n\t<meta property=\"og:image:height\" content=\"1440\" \/>\n\t<meta property=\"og:image:type\" content=\"image\/png\" \/>\n<meta name=\"twitter:card\" content=\"summary_large_image\" \/>\n<meta name=\"twitter:site\" content=\"@belvarossecrets\" \/>\n<meta name=\"twitter:label1\" content=\"Est. reading time\" \/>\n\t<meta name=\"twitter:data1\" content=\"1 minute\" \/>\n<script type=\"application\/ld+json\" class=\"yoast-schema-graph\">{\"@context\":\"https:\\\/\\\/schema.org\",\"@graph\":[{\"@type\":\"WebPage\",\"@id\":\"https:\\\/\\\/www.szexshopbelvaros.com\\\/termek\\\/gretia-studded-crop\\\/\",\"url\":\"https:\\\/\\\/www.szexshopbelvaros.com\\\/termek\\\/gretia-studded-crop\\\/\",\"name\":\"\ud83d\udd17 Gretia Paskol \u2013 A szeretet jele, csak kicsit hangosabban - Szexshop Belvaros\",\"isPartOf\":{\"@id\":\"https:\\\/\\\/www.szexshopbelvaros.com\\\/#website\"},\"primaryImageOfPage\":{\"@id\":\"https:\\\/\\\/www.szexshopbelvaros.com\\\/termek\\\/gretia-studded-crop\\\/#primaryimage\"},\"image\":{\"@id\":\"https:\\\/\\\/www.szexshopbelvaros.com\\\/termek\\\/gretia-studded-crop\\\/#primaryimage\"},\"thumbnailUrl\":\"https:\\\/\\\/www.szexshopbelvaros.com\\\/wp-content\\\/uploads\\\/2025\\\/01\\\/69b6a204081f41f37c346a62-scaled.png\",\"datePublished\":\"2025-01-31T13:44:29+00:00\",\"dateModified\":\"2026-04-10T12:00:54+00:00\",\"breadcrumb\":{\"@id\":\"https:\\\/\\\/www.szexshopbelvaros.com\\\/termek\\\/gretia-studded-crop\\\/#breadcrumb\"},\"inLanguage\":\"en-US\",\"potentialAction\":[{\"@type\":\"ReadAction\",\"target\":[\"https:\\\/\\\/www.szexshopbelvaros.com\\\/termek\\\/gretia-studded-crop\\\/\"]}]},{\"@type\":\"ImageObject\",\"inLanguage\":\"en-US\",\"@id\":\"https:\\\/\\\/www.szexshopbelvaros.com\\\/termek\\\/gretia-studded-crop\\\/#primaryimage\",\"url\":\"https:\\\/\\\/www.szexshopbelvaros.com\\\/wp-content\\\/uploads\\\/2025\\\/01\\\/69b6a204081f41f37c346a62-scaled.png\",\"contentUrl\":\"https:\\\/\\\/www.szexshopbelvaros.com\\\/wp-content\\\/uploads\\\/2025\\\/01\\\/69b6a204081f41f37c346a62-scaled.png\",\"width\":2560,\"height\":1440},{\"@type\":\"BreadcrumbList\",\"@id\":\"https:\\\/\\\/www.szexshopbelvaros.com\\\/termek\\\/gretia-studded-crop\\\/#breadcrumb\",\"itemListElement\":[{\"@type\":\"ListItem\",\"position\":1,\"name\":\"Home\",\"item\":\"https:\\\/\\\/www.szexshopbelvaros.com\\\/\"},{\"@type\":\"ListItem\",\"position\":2,\"name\":\"\u00c1ruh\u00e1z\",\"item\":\"https:\\\/\\\/www.szexshopbelvaros.com\\\/uzlet\\\/\"},{\"@type\":\"ListItem\",\"position\":3,\"name\":\"\ud83d\udd17 Gretia Paskol \u2013 A szeretet jele, csak kicsit hangosabban\"}]},{\"@type\":\"WebSite\",\"@id\":\"https:\\\/\\\/www.szexshopbelvaros.com\\\/#website\",\"url\":\"https:\\\/\\\/www.szexshopbelvaros.com\\\/\",\"name\":\"Szexshop Belv\u00e1ros\",\"description\":\"\ud83d\udd25 A szex olyan, mint a p\u00e9nz; csak a t\u00fal sok el\u00e9g!\u2122 Titkok a belv\u00e1rosb\u00f3l \ud83d\udc8b | Secrets from Budapest \ud83d\udc8e Feln\u0151tt j\u00e1t\u00e9kok \u2022 Erotika \u2022 Szexshop Belvaros\",\"publisher\":{\"@id\":\"https:\\\/\\\/www.szexshopbelvaros.com\\\/#organization\"},\"potentialAction\":[{\"@type\":\"SearchAction\",\"target\":{\"@type\":\"EntryPoint\",\"urlTemplate\":\"https:\\\/\\\/www.szexshopbelvaros.com\\\/?s={search_term_string}\"},\"query-input\":{\"@type\":\"PropertyValueSpecification\",\"valueRequired\":true,\"valueName\":\"search_term_string\"}}],\"inLanguage\":\"en-US\"},{\"@type\":\"Organization\",\"@id\":\"https:\\\/\\\/www.szexshopbelvaros.com\\\/#organization\",\"name\":\"Szexshop Belv\u00e1ros\",\"alternateName\":\"szexshopbelvaros.com\",\"url\":\"https:\\\/\\\/www.szexshopbelvaros.com\\\/\",\"logo\":{\"@type\":\"ImageObject\",\"inLanguage\":\"en-US\",\"@id\":\"https:\\\/\\\/www.szexshopbelvaros.com\\\/#\\\/schema\\\/logo\\\/image\\\/\",\"url\":\"https:\\\/\\\/www.szexshopbelvaros.com\\\/wp-content\\\/uploads\\\/2025\\\/09\\\/1Szexshopbelvaroslogo_blurred_stronger.jpg\",\"contentUrl\":\"https:\\\/\\\/www.szexshopbelvaros.com\\\/wp-content\\\/uploads\\\/2025\\\/09\\\/1Szexshopbelvaroslogo_blurred_stronger.jpg\",\"width\":1024,\"height\":1024,\"caption\":\"Szexshop Belv\u00e1ros\"},\"image\":{\"@id\":\"https:\\\/\\\/www.szexshopbelvaros.com\\\/#\\\/schema\\\/logo\\\/image\\\/\"},\"sameAs\":[\"https:\\\/\\\/www.facebook.com\\\/belvarossecrets\\\/\",\"https:\\\/\\\/x.com\\\/belvarossecrets\",\"https:\\\/\\\/www.instagram.com\\\/belvarossecrets\\\/\",\"https:\\\/\\\/www.tiktok.com\\\/@belvarossecrets\"]}]}<\/script>\n<!-- \/ Yoast SEO plugin. -->","yoast_head_json":{"title":"\ud83d\udd17 Gretia Paskol \u2013 A sign of love, just a little louder - Szexshop Belvaros","robots":{"index":"index","follow":"follow","max-snippet":"max-snippet:-1","max-image-preview":"max-image-preview:large","max-video-preview":"max-video-preview:-1"},"canonical":"https:\/\/www.szexshopbelvaros.com\/en\/product\/gretia-studded-crop\/","og_locale":"en_US","og_type":"article","og_title":"\ud83d\udd17 Gretia Paskol \u2013 A szeretet jele, csak kicsit hangosabban - Szexshop Belvaros","og_description":"A Gretia studded crop az a fajta lovagl\u00f3p\u00e1lca, amit\u0151l nem k\u00e9rsz bocs\u00e1natot \u2013 hanem te k\u00f6sz\u00f6n\u00f6d meg. Fekete, 42 cm-nyi f\u00e9tisporn\u00f3, ami pont \u00fagy n\u00e9z ki, mint amit any\u00e1d eldugott volna a fi\u00f3k m\u00e9ly\u00e9re, ha tudn\u00e1, mit m\u0171velsz vele. Poliuret\u00e1n test, m\u0171anyag l\u00e9lek, \u00e9s az a szexi kis \u201ccsatt\u201d hang, amit\u0151l a szomsz\u00e9d is vagy [...]","og_url":"https:\/\/www.szexshopbelvaros.com\/en\/product\/gretia-studded-crop\/","og_site_name":"Szexshop Belvaros","article_publisher":"https:\/\/www.facebook.com\/belvarossecrets\/","article_modified_time":"2026-04-10T12:00:54+00:00","og_image":[{"width":2560,"height":1440,"url":"https:\/\/www.szexshopbelvaros.com\/wp-content\/uploads\/2025\/01\/69b6a204081f41f37c346a62-scaled.png","type":"image\/png"}],"twitter_card":"summary_large_image","twitter_site":"@belvarossecrets","twitter_misc":{"Est. reading time":"1 minute"},"schema":{"@context":"https:\/\/schema.org","@graph":[{"@type":"WebPage","@id":"https:\/\/www.szexshopbelvaros.com\/termek\/gretia-studded-crop\/","url":"https:\/\/www.szexshopbelvaros.com\/termek\/gretia-studded-crop\/","name":"\ud83d\udd17 Gretia Paskol \u2013 A sign of love, just a little louder - Szexshop Belvaros","isPartOf":{"@id":"https:\/\/www.szexshopbelvaros.com\/#website"},"primaryImageOfPage":{"@id":"https:\/\/www.szexshopbelvaros.com\/termek\/gretia-studded-crop\/#primaryimage"},"image":{"@id":"https:\/\/www.szexshopbelvaros.com\/termek\/gretia-studded-crop\/#primaryimage"},"thumbnailUrl":"https:\/\/www.szexshopbelvaros.com\/wp-content\/uploads\/2025\/01\/69b6a204081f41f37c346a62-scaled.png","datePublished":"2025-01-31T13:44:29+00:00","dateModified":"2026-04-10T12:00:54+00:00","breadcrumb":{"@id":"https:\/\/www.szexshopbelvaros.com\/termek\/gretia-studded-crop\/#breadcrumb"},"inLanguage":"en-US","potentialAction":[{"@type":"ReadAction","target":["https:\/\/www.szexshopbelvaros.com\/termek\/gretia-studded-crop\/"]}]},{"@type":"ImageObject","inLanguage":"en-US","@id":"https:\/\/www.szexshopbelvaros.com\/termek\/gretia-studded-crop\/#primaryimage","url":"https:\/\/www.szexshopbelvaros.com\/wp-content\/uploads\/2025\/01\/69b6a204081f41f37c346a62-scaled.png","contentUrl":"https:\/\/www.szexshopbelvaros.com\/wp-content\/uploads\/2025\/01\/69b6a204081f41f37c346a62-scaled.png","width":2560,"height":1440},{"@type":"BreadcrumbList","@id":"https:\/\/www.szexshopbelvaros.com\/termek\/gretia-studded-crop\/#breadcrumb","itemListElement":[{"@type":"ListItem","position":1,"name":"Home","item":"https:\/\/www.szexshopbelvaros.com\/"},{"@type":"ListItem","position":2,"name":"\u00c1ruh\u00e1z","item":"https:\/\/www.szexshopbelvaros.com\/uzlet\/"},{"@type":"ListItem","position":3,"name":"\ud83d\udd17 Gretia Paskol \u2013 A szeretet jele, csak kicsit hangosabban"}]},{"@type":"WebSite","@id":"https:\/\/www.szexshopbelvaros.com\/#website","url":"https:\/\/www.szexshopbelvaros.com\/","name":"at our Szexshop Belv\u00e1ros","description":"\ud83d\udd25 Sex is like money; only too much is enough!\u2122 Secrets from the city center \ud83d\udc8b | Secrets from Budapest \ud83d\udc8e Adult games \u2022 Erotica \u2022 Sex shop Belvaros","publisher":{"@id":"https:\/\/www.szexshopbelvaros.com\/#organization"},"potentialAction":[{"@type":"SearchAction","target":{"@type":"EntryPoint","urlTemplate":"https:\/\/www.szexshopbelvaros.com\/?s={search_term_string}"},"query-input":{"@type":"PropertyValueSpecification","valueRequired":true,"valueName":"search_term_string"}}],"inLanguage":"en-US"},{"@type":"Organization","@id":"https:\/\/www.szexshopbelvaros.com\/#organization","name":"at our Szexshop Belv\u00e1ros","alternateName":"szexshopbelvaros.com","url":"https:\/\/www.szexshopbelvaros.com\/","logo":{"@type":"ImageObject","inLanguage":"en-US","@id":"https:\/\/www.szexshopbelvaros.com\/#\/schema\/logo\/image\/","url":"https:\/\/www.szexshopbelvaros.com\/wp-content\/uploads\/2025\/09\/1Szexshopbelvaroslogo_blurred_stronger.jpg","contentUrl":"https:\/\/www.szexshopbelvaros.com\/wp-content\/uploads\/2025\/09\/1Szexshopbelvaroslogo_blurred_stronger.jpg","width":1024,"height":1024,"caption":"Szexshop Belv\u00e1ros"},"image":{"@id":"https:\/\/www.szexshopbelvaros.com\/#\/schema\/logo\/image\/"},"sameAs":["https:\/\/www.facebook.com\/belvarossecrets\/","https:\/\/x.com\/belvarossecrets","https:\/\/www.instagram.com\/belvarossecrets\/","https:\/\/www.tiktok.com\/@belvarossecrets"]}]}},"_links":{"self":[{"href":"https:\/\/www.szexshopbelvaros.com\/en\/wp-json\/wp\/v2\/product\/664","targetHints":{"allow":["GET"]}}],"collection":[{"href":"https:\/\/www.szexshopbelvaros.com\/en\/wp-json\/wp\/v2\/product"}],"about":[{"href":"https:\/\/www.szexshopbelvaros.com\/en\/wp-json\/wp\/v2\/types\/product"}],"replies":[{"embeddable":true,"href":"https:\/\/www.szexshopbelvaros.com\/en\/wp-json\/wp\/v2\/comments?post=664"}],"wp:featuredmedia":[{"embeddable":true,"href":"https:\/\/www.szexshopbelvaros.com\/en\/wp-json\/wp\/v2\/media\/2818"}],"wp:attachment":[{"href":"https:\/\/www.szexshopbelvaros.com\/en\/wp-json\/wp\/v2\/media?parent=664"}],"wp:term":[{"taxonomy":"product_brand","embeddable":true,"href":"https:\/\/www.szexshopbelvaros.com\/en\/wp-json\/wp\/v2\/product_brand?post=664"},{"taxonomy":"product_cat","embeddable":true,"href":"https:\/\/www.szexshopbelvaros.com\/en\/wp-json\/wp\/v2\/product_cat?post=664"},{"taxonomy":"product_tag","embeddable":true,"href":"https:\/\/www.szexshopbelvaros.com\/en\/wp-json\/wp\/v2\/product_tag?post=664"}],"curies":[{"name":"wp","href":"https:\/\/api.w.org\/{rel}","templated":true}]}}