{"id":668,"date":"2025-01-31T14:44:29","date_gmt":"2025-01-31T13:44:29","guid":{"rendered":"https:\/\/www.szexshopbelvaros.com\/termek\/men-vibration-connect-app\/"},"modified":"2026-04-10T14:00:56","modified_gmt":"2026-04-10T12:00:56","slug":"men-vibration-connect-app","status":"publish","type":"product","link":"https:\/\/www.szexshopbelvaros.com\/en\/product\/men-vibration-connect-app\/","title":{"rendered":"Men Vibration+ Connect App"},"content":{"rendered":"<p>Recommended for men, a unique shaped, flexible insert made of skin-friendly material, a dual-motor, vibratory individual erotic toy with 14 vibration functions, which was developed primarily to stimulate the glans, with the award-winning Satisfyer Connect application. With the help of the application, you can download an almost infinite number of programs, but you can also create unique vibration functions, either from musical rhythms (e.g. Spotify), your own or your partner&#039;s voice or environmental noises, which can be shared with others. You can also initiate a secure video chat connection, so your partner can control the device while they can see each other. Of course, it can also be used without the application using the control buttons. With its use, self-control during intercourse can be greatly improved, so its time can be significantly increased.<br \/>\nCleaning: Wash with warm soapy water and tool cleaner before and after each use. Water-based lubricant recommended.<\/p>\n<p>Diameter (cm) 4.5;6.5<br \/>\nBattery Rechargeable<br \/>\nLength (cm) 17.5<br \/>\nColor Black<br \/>\nMaterial Silicone, ABS<br \/>\nSpecial features app-controlled, vibrator, waterproof<\/p>\n<p>&nbsp;<\/p>","protected":false},"excerpt":{"rendered":"<p>F\u00e9rfiaknak aj\u00e1nlott, egyedi form\u00e1j\u00fa, bet\u00e9tje rugalmas, b\u0151rbar\u00e1t anyag\u00f3l k\u00e9sz\u00edtett, 14 rezg\u00e9si funkci\u00f3val rendelkez\u0151, k\u00e9tmotoros, vibr\u00e1toros egy\u00e9ni erotikus j\u00e1t\u00e9k, amely els\u0151sorban a makkr\u00e9sz stimul\u00e1l\u00e1s\u00e1ra lett kifejlesztve, a d\u00edjnyertes Satisfyer Connect alkalmaz\u00e1ssal. Az applik\u00e1ci\u00f3 seg\u00edts\u00e9g\u00e9vel szinte v\u00e9gtelen sz\u00e1m\u00fa programot lehet let\u00f6lteni, de egyedi rezg\u00e9si funkci\u00f3kat is lehet alkotni, ak\u00e1r zenei ritmusb\u00f3l (pl. Spotify), saj\u00e1t vagy p\u00e1runk hangj\u00e1b\u00f3l [&#8230;]\n","protected":false},"featured_media":2896,"comment_status":"closed","ping_status":"closed","template":"","meta":[],"product_brand":[51],"product_cat":[68,56,136],"product_tag":[398,1857,1337,2121,1325,2103,2100,389,2166,2069,2068,1104,1855,1192,1318,2168,2167,573,1858,1856,1323,2102,636,1346,2101,322,220,2122,384],"class_list":{"0":"post-668","1":"product","2":"type-product","3":"status-publish","4":"has-post-thumbnail","6":"product_brand-satisfyer","7":"product_cat-ferfiaknak","8":"product_cat-okos-vibratorok","9":"product_cat-vibratorok","10":"product_tag-adult-toy","11":"product_tag-adult-toy-for-men","12":"product_tag-app-controlled-vibrator","13":"product_tag-app-vezerelt-vibrator","14":"product_tag-bluetooth-vibrator","15":"product_tag-electric-stimulator","16":"product_tag-elektromos-jatek","17":"product_tag-felnott-jatek","18":"product_tag-ferfi-elvezet","19":"product_tag-ferfi-felnott-jatek","20":"product_tag-ferfi-intim-jatek","21":"product_tag-ferfi-kiegeszito","22":"product_tag-ferfi-szexjatek","23":"product_tag-intim-jatek","24":"product_tag-intimate-toy","25":"product_tag-intimate-toy-for-men","26":"product_tag-male-adult-toy","27":"product_tag-male-sex-toy","28":"product_tag-mens-accessory","29":"product_tag-mens-pleasure","30":"product_tag-okos-vibrator","31":"product_tag-pleasure-device","32":"product_tag-remote-control-vibrator","33":"product_tag-smart-vibrator","34":"product_tag-stimulacio","35":"product_tag-szexjatek","36":"product_tag-szexshop-belvaros","37":"product_tag-tavvezerleses-jatek","38":"product_tag-vibrator","40":"first","41":"instock","42":"taxable","43":"shipping-taxable","44":"purchasable","45":"product-type-simple"},"yoast_head":"<!-- This site is optimized with the Yoast SEO plugin v27.4 - https:\/\/yoast.com\/product\/yoast-seo-wordpress\/ -->\n<title>Men Vibration+ Connect App - Szexshop Belvaros<\/title>\n<meta name=\"robots\" content=\"index, follow, max-snippet:-1, max-image-preview:large, max-video-preview:-1\" \/>\n<link rel=\"canonical\" href=\"https:\/\/www.szexshopbelvaros.com\/en\/product\/men-vibration-connect-app\/\" \/>\n<meta property=\"og:locale\" content=\"en_US\" \/>\n<meta property=\"og:type\" content=\"article\" \/>\n<meta property=\"og:title\" content=\"Men Vibration+ Connect App - Szexshop Belvaros\" \/>\n<meta property=\"og:description\" content=\"F\u00e9rfiaknak aj\u00e1nlott, egyedi form\u00e1j\u00fa, bet\u00e9tje rugalmas, b\u0151rbar\u00e1t anyag\u00f3l k\u00e9sz\u00edtett, 14 rezg\u00e9si funkci\u00f3val rendelkez\u0151, k\u00e9tmotoros, vibr\u00e1toros egy\u00e9ni erotikus j\u00e1t\u00e9k, amely els\u0151sorban a makkr\u00e9sz stimul\u00e1l\u00e1s\u00e1ra lett kifejlesztve, a d\u00edjnyertes Satisfyer Connect alkalmaz\u00e1ssal. Az applik\u00e1ci\u00f3 seg\u00edts\u00e9g\u00e9vel szinte v\u00e9gtelen sz\u00e1m\u00fa programot lehet let\u00f6lteni, de egyedi rezg\u00e9si funkci\u00f3kat is lehet alkotni, ak\u00e1r zenei ritmusb\u00f3l (pl. Spotify), saj\u00e1t vagy p\u00e1runk hangj\u00e1b\u00f3l [...]\" \/>\n<meta property=\"og:url\" content=\"https:\/\/www.szexshopbelvaros.com\/en\/product\/men-vibration-connect-app\/\" \/>\n<meta property=\"og:site_name\" content=\"Szexshop Belvaros\" \/>\n<meta property=\"article:publisher\" content=\"https:\/\/www.facebook.com\/belvarossecrets\/\" \/>\n<meta property=\"article:modified_time\" content=\"2026-04-10T12:00:56+00:00\" \/>\n<meta property=\"og:image\" content=\"https:\/\/www.szexshopbelvaros.com\/wp-content\/uploads\/2025\/01\/69bcf3db926ac82ee23d49cc-scaled.png\" \/>\n\t<meta property=\"og:image:width\" content=\"2560\" \/>\n\t<meta property=\"og:image:height\" content=\"1440\" \/>\n\t<meta property=\"og:image:type\" content=\"image\/png\" \/>\n<meta name=\"twitter:card\" content=\"summary_large_image\" \/>\n<meta name=\"twitter:site\" content=\"@belvarossecrets\" \/>\n<meta name=\"twitter:label1\" content=\"Est. reading time\" \/>\n\t<meta name=\"twitter:data1\" content=\"1 minute\" \/>\n<script type=\"application\/ld+json\" class=\"yoast-schema-graph\">{\"@context\":\"https:\\\/\\\/schema.org\",\"@graph\":[{\"@type\":\"WebPage\",\"@id\":\"https:\\\/\\\/www.szexshopbelvaros.com\\\/termek\\\/men-vibration-connect-app\\\/\",\"url\":\"https:\\\/\\\/www.szexshopbelvaros.com\\\/termek\\\/men-vibration-connect-app\\\/\",\"name\":\"Men Vibration+ Connect App - Szexshop Belvaros\",\"isPartOf\":{\"@id\":\"https:\\\/\\\/www.szexshopbelvaros.com\\\/#website\"},\"primaryImageOfPage\":{\"@id\":\"https:\\\/\\\/www.szexshopbelvaros.com\\\/termek\\\/men-vibration-connect-app\\\/#primaryimage\"},\"image\":{\"@id\":\"https:\\\/\\\/www.szexshopbelvaros.com\\\/termek\\\/men-vibration-connect-app\\\/#primaryimage\"},\"thumbnailUrl\":\"https:\\\/\\\/www.szexshopbelvaros.com\\\/wp-content\\\/uploads\\\/2025\\\/01\\\/69bcf3db926ac82ee23d49cc-scaled.png\",\"datePublished\":\"2025-01-31T13:44:29+00:00\",\"dateModified\":\"2026-04-10T12:00:56+00:00\",\"breadcrumb\":{\"@id\":\"https:\\\/\\\/www.szexshopbelvaros.com\\\/termek\\\/men-vibration-connect-app\\\/#breadcrumb\"},\"inLanguage\":\"en-US\",\"potentialAction\":[{\"@type\":\"ReadAction\",\"target\":[\"https:\\\/\\\/www.szexshopbelvaros.com\\\/termek\\\/men-vibration-connect-app\\\/\"]}]},{\"@type\":\"ImageObject\",\"inLanguage\":\"en-US\",\"@id\":\"https:\\\/\\\/www.szexshopbelvaros.com\\\/termek\\\/men-vibration-connect-app\\\/#primaryimage\",\"url\":\"https:\\\/\\\/www.szexshopbelvaros.com\\\/wp-content\\\/uploads\\\/2025\\\/01\\\/69bcf3db926ac82ee23d49cc-scaled.png\",\"contentUrl\":\"https:\\\/\\\/www.szexshopbelvaros.com\\\/wp-content\\\/uploads\\\/2025\\\/01\\\/69bcf3db926ac82ee23d49cc-scaled.png\",\"width\":2560,\"height\":1440},{\"@type\":\"BreadcrumbList\",\"@id\":\"https:\\\/\\\/www.szexshopbelvaros.com\\\/termek\\\/men-vibration-connect-app\\\/#breadcrumb\",\"itemListElement\":[{\"@type\":\"ListItem\",\"position\":1,\"name\":\"Home\",\"item\":\"https:\\\/\\\/www.szexshopbelvaros.com\\\/\"},{\"@type\":\"ListItem\",\"position\":2,\"name\":\"\u00c1ruh\u00e1z\",\"item\":\"https:\\\/\\\/www.szexshopbelvaros.com\\\/uzlet\\\/\"},{\"@type\":\"ListItem\",\"position\":3,\"name\":\"Men Vibration+ Connect App\"}]},{\"@type\":\"WebSite\",\"@id\":\"https:\\\/\\\/www.szexshopbelvaros.com\\\/#website\",\"url\":\"https:\\\/\\\/www.szexshopbelvaros.com\\\/\",\"name\":\"Szexshop Belv\u00e1ros\",\"description\":\"\ud83d\udd25 A szex olyan, mint a p\u00e9nz; csak a t\u00fal sok el\u00e9g!\u2122 Titkok a belv\u00e1rosb\u00f3l \ud83d\udc8b | Secrets from Budapest \ud83d\udc8e Feln\u0151tt j\u00e1t\u00e9kok \u2022 Erotika \u2022 Szexshop Belvaros\",\"publisher\":{\"@id\":\"https:\\\/\\\/www.szexshopbelvaros.com\\\/#organization\"},\"potentialAction\":[{\"@type\":\"SearchAction\",\"target\":{\"@type\":\"EntryPoint\",\"urlTemplate\":\"https:\\\/\\\/www.szexshopbelvaros.com\\\/?s={search_term_string}\"},\"query-input\":{\"@type\":\"PropertyValueSpecification\",\"valueRequired\":true,\"valueName\":\"search_term_string\"}}],\"inLanguage\":\"en-US\"},{\"@type\":\"Organization\",\"@id\":\"https:\\\/\\\/www.szexshopbelvaros.com\\\/#organization\",\"name\":\"Szexshop Belv\u00e1ros\",\"alternateName\":\"szexshopbelvaros.com\",\"url\":\"https:\\\/\\\/www.szexshopbelvaros.com\\\/\",\"logo\":{\"@type\":\"ImageObject\",\"inLanguage\":\"en-US\",\"@id\":\"https:\\\/\\\/www.szexshopbelvaros.com\\\/#\\\/schema\\\/logo\\\/image\\\/\",\"url\":\"https:\\\/\\\/www.szexshopbelvaros.com\\\/wp-content\\\/uploads\\\/2025\\\/09\\\/1Szexshopbelvaroslogo_blurred_stronger.jpg\",\"contentUrl\":\"https:\\\/\\\/www.szexshopbelvaros.com\\\/wp-content\\\/uploads\\\/2025\\\/09\\\/1Szexshopbelvaroslogo_blurred_stronger.jpg\",\"width\":1024,\"height\":1024,\"caption\":\"Szexshop Belv\u00e1ros\"},\"image\":{\"@id\":\"https:\\\/\\\/www.szexshopbelvaros.com\\\/#\\\/schema\\\/logo\\\/image\\\/\"},\"sameAs\":[\"https:\\\/\\\/www.facebook.com\\\/belvarossecrets\\\/\",\"https:\\\/\\\/x.com\\\/belvarossecrets\",\"https:\\\/\\\/www.instagram.com\\\/belvarossecrets\\\/\",\"https:\\\/\\\/www.tiktok.com\\\/@belvarossecrets\"]}]}<\/script>\n<!-- \/ Yoast SEO plugin. -->","yoast_head_json":{"title":"Men Vibration+ Connect App - Sexshop Belvaros","robots":{"index":"index","follow":"follow","max-snippet":"max-snippet:-1","max-image-preview":"max-image-preview:large","max-video-preview":"max-video-preview:-1"},"canonical":"https:\/\/www.szexshopbelvaros.com\/en\/product\/men-vibration-connect-app\/","og_locale":"en_US","og_type":"article","og_title":"Men Vibration+ Connect App - Szexshop Belvaros","og_description":"F\u00e9rfiaknak aj\u00e1nlott, egyedi form\u00e1j\u00fa, bet\u00e9tje rugalmas, b\u0151rbar\u00e1t anyag\u00f3l k\u00e9sz\u00edtett, 14 rezg\u00e9si funkci\u00f3val rendelkez\u0151, k\u00e9tmotoros, vibr\u00e1toros egy\u00e9ni erotikus j\u00e1t\u00e9k, amely els\u0151sorban a makkr\u00e9sz stimul\u00e1l\u00e1s\u00e1ra lett kifejlesztve, a d\u00edjnyertes Satisfyer Connect alkalmaz\u00e1ssal. Az applik\u00e1ci\u00f3 seg\u00edts\u00e9g\u00e9vel szinte v\u00e9gtelen sz\u00e1m\u00fa programot lehet let\u00f6lteni, de egyedi rezg\u00e9si funkci\u00f3kat is lehet alkotni, ak\u00e1r zenei ritmusb\u00f3l (pl. Spotify), saj\u00e1t vagy p\u00e1runk hangj\u00e1b\u00f3l [...]","og_url":"https:\/\/www.szexshopbelvaros.com\/en\/product\/men-vibration-connect-app\/","og_site_name":"Szexshop Belvaros","article_publisher":"https:\/\/www.facebook.com\/belvarossecrets\/","article_modified_time":"2026-04-10T12:00:56+00:00","og_image":[{"width":2560,"height":1440,"url":"https:\/\/www.szexshopbelvaros.com\/wp-content\/uploads\/2025\/01\/69bcf3db926ac82ee23d49cc-scaled.png","type":"image\/png"}],"twitter_card":"summary_large_image","twitter_site":"@belvarossecrets","twitter_misc":{"Est. reading time":"1 minute"},"schema":{"@context":"https:\/\/schema.org","@graph":[{"@type":"WebPage","@id":"https:\/\/www.szexshopbelvaros.com\/termek\/men-vibration-connect-app\/","url":"https:\/\/www.szexshopbelvaros.com\/termek\/men-vibration-connect-app\/","name":"Men Vibration+ Connect App - Sexshop Belvaros","isPartOf":{"@id":"https:\/\/www.szexshopbelvaros.com\/#website"},"primaryImageOfPage":{"@id":"https:\/\/www.szexshopbelvaros.com\/termek\/men-vibration-connect-app\/#primaryimage"},"image":{"@id":"https:\/\/www.szexshopbelvaros.com\/termek\/men-vibration-connect-app\/#primaryimage"},"thumbnailUrl":"https:\/\/www.szexshopbelvaros.com\/wp-content\/uploads\/2025\/01\/69bcf3db926ac82ee23d49cc-scaled.png","datePublished":"2025-01-31T13:44:29+00:00","dateModified":"2026-04-10T12:00:56+00:00","breadcrumb":{"@id":"https:\/\/www.szexshopbelvaros.com\/termek\/men-vibration-connect-app\/#breadcrumb"},"inLanguage":"en-US","potentialAction":[{"@type":"ReadAction","target":["https:\/\/www.szexshopbelvaros.com\/termek\/men-vibration-connect-app\/"]}]},{"@type":"ImageObject","inLanguage":"en-US","@id":"https:\/\/www.szexshopbelvaros.com\/termek\/men-vibration-connect-app\/#primaryimage","url":"https:\/\/www.szexshopbelvaros.com\/wp-content\/uploads\/2025\/01\/69bcf3db926ac82ee23d49cc-scaled.png","contentUrl":"https:\/\/www.szexshopbelvaros.com\/wp-content\/uploads\/2025\/01\/69bcf3db926ac82ee23d49cc-scaled.png","width":2560,"height":1440},{"@type":"BreadcrumbList","@id":"https:\/\/www.szexshopbelvaros.com\/termek\/men-vibration-connect-app\/#breadcrumb","itemListElement":[{"@type":"ListItem","position":1,"name":"Home","item":"https:\/\/www.szexshopbelvaros.com\/"},{"@type":"ListItem","position":2,"name":"\u00c1ruh\u00e1z","item":"https:\/\/www.szexshopbelvaros.com\/uzlet\/"},{"@type":"ListItem","position":3,"name":"Men Vibration+ Connect App"}]},{"@type":"WebSite","@id":"https:\/\/www.szexshopbelvaros.com\/#website","url":"https:\/\/www.szexshopbelvaros.com\/","name":"at our Szexshop Belv\u00e1ros","description":"\ud83d\udd25 Sex is like money; only too much is enough!\u2122 Secrets from the city center \ud83d\udc8b | Secrets from Budapest \ud83d\udc8e Adult games \u2022 Erotica \u2022 Sex shop Belvaros","publisher":{"@id":"https:\/\/www.szexshopbelvaros.com\/#organization"},"potentialAction":[{"@type":"SearchAction","target":{"@type":"EntryPoint","urlTemplate":"https:\/\/www.szexshopbelvaros.com\/?s={search_term_string}"},"query-input":{"@type":"PropertyValueSpecification","valueRequired":true,"valueName":"search_term_string"}}],"inLanguage":"en-US"},{"@type":"Organization","@id":"https:\/\/www.szexshopbelvaros.com\/#organization","name":"at our Szexshop Belv\u00e1ros","alternateName":"szexshopbelvaros.com","url":"https:\/\/www.szexshopbelvaros.com\/","logo":{"@type":"ImageObject","inLanguage":"en-US","@id":"https:\/\/www.szexshopbelvaros.com\/#\/schema\/logo\/image\/","url":"https:\/\/www.szexshopbelvaros.com\/wp-content\/uploads\/2025\/09\/1Szexshopbelvaroslogo_blurred_stronger.jpg","contentUrl":"https:\/\/www.szexshopbelvaros.com\/wp-content\/uploads\/2025\/09\/1Szexshopbelvaroslogo_blurred_stronger.jpg","width":1024,"height":1024,"caption":"Szexshop Belv\u00e1ros"},"image":{"@id":"https:\/\/www.szexshopbelvaros.com\/#\/schema\/logo\/image\/"},"sameAs":["https:\/\/www.facebook.com\/belvarossecrets\/","https:\/\/x.com\/belvarossecrets","https:\/\/www.instagram.com\/belvarossecrets\/","https:\/\/www.tiktok.com\/@belvarossecrets"]}]}},"_links":{"self":[{"href":"https:\/\/www.szexshopbelvaros.com\/en\/wp-json\/wp\/v2\/product\/668","targetHints":{"allow":["GET"]}}],"collection":[{"href":"https:\/\/www.szexshopbelvaros.com\/en\/wp-json\/wp\/v2\/product"}],"about":[{"href":"https:\/\/www.szexshopbelvaros.com\/en\/wp-json\/wp\/v2\/types\/product"}],"replies":[{"embeddable":true,"href":"https:\/\/www.szexshopbelvaros.com\/en\/wp-json\/wp\/v2\/comments?post=668"}],"wp:featuredmedia":[{"embeddable":true,"href":"https:\/\/www.szexshopbelvaros.com\/en\/wp-json\/wp\/v2\/media\/2896"}],"wp:attachment":[{"href":"https:\/\/www.szexshopbelvaros.com\/en\/wp-json\/wp\/v2\/media?parent=668"}],"wp:term":[{"taxonomy":"product_brand","embeddable":true,"href":"https:\/\/www.szexshopbelvaros.com\/en\/wp-json\/wp\/v2\/product_brand?post=668"},{"taxonomy":"product_cat","embeddable":true,"href":"https:\/\/www.szexshopbelvaros.com\/en\/wp-json\/wp\/v2\/product_cat?post=668"},{"taxonomy":"product_tag","embeddable":true,"href":"https:\/\/www.szexshopbelvaros.com\/en\/wp-json\/wp\/v2\/product_tag?post=668"}],"curies":[{"name":"wp","href":"https:\/\/api.w.org\/{rel}","templated":true}]}}