{"id":670,"date":"2025-01-31T14:44:29","date_gmt":"2025-01-31T13:44:29","guid":{"rendered":"https:\/\/www.szexshopbelvaros.com\/termek\/bodystocking-g316-s-m-l-cicaruha\/"},"modified":"2026-04-20T14:55:07","modified_gmt":"2026-04-20T12:55:07","slug":"obsessive-g316-fekete-cicaruha","status":"publish","type":"product","link":"https:\/\/www.szexshopbelvaros.com\/en\/product\/obsessive-g316-fekete-cicaruha\/","title":{"rendered":"\ud83d\udda4Obsessive Catsuit G316 \u2013 S\/M\/L \u2013 when you don't just dress up, but you specifically send black magic their way."},"content":{"rendered":"<p data-start=\"309\" data-end=\"671\">The Obsessive G316 black catsuit is not something you just \u201cput on for a night out.\u201d This is the outfit that tells you from the very first moment that you won\u2019t be adapting to the mood today. The mood will adapt to you. Black, form-fitting, outrageously spectacular, and it knows exactly how to turn you into a complete show with just one move.<\/p>\n<p data-start=\"673\" data-end=\"1026\">The nylon material is flexible and follows the contours of your body. The overall effect is hot, playful, and dangerously attention-grabbing at the same time. The S\/M\/L sizing makes it easier to fit a variety of shapes, so you don't have to spend half an hour wondering if it will look good. This piece is more about making everyone else lose their minds.<\/p>\n<p data-start=\"1028\" data-end=\"1394\">Obsessive G316 is for those who don&#039;t want to be polite in boring underwear. If you&#039;re going to wear lingerie, then it should be something that not only stands out, but also specifically throws the fabric off your excuses. The perfect choice if you want something that&#039;s seductive, cool and a strong entrance at the same time. After that, it almost doesn&#039;t matter what you say \u2014 everyone will get the point.<\/p>\n<p data-start=\"965\" data-end=\"1343\">Check out our other women's sexy <a href=\"https:\/\/www.szexshopbelvaros.com\/en\/product-category\/erotikus-ruhazat\/noi-ruhak\/\">clothing<\/a> while you're at it!<\/p>\n<p data-start=\"965\" data-end=\"1343\">\ud83d\udc49 Get it within an hour at our Budapest SzexShop Belv\u00e1ros <a href=\"https:\/\/wolt.com\/hu\/hun\/budapest\/venue\/szexshop-belvaros\/bodystocking-g316-s-m-l-cicaruha-itemid-6cd8a051ccb463af17903dc8\">Wolt store<\/a>or order here at <a class=\"decorated-link\" href=\"http:\/\/www.szexshopbelvaros.com\/en\/\" target=\"_new\" rel=\"noopener\" data-start=\"1478\" data-end=\"1502\">www.szexshopbelvaros.com<\/a> . We deliver to the entire territory of Hungary and the EU.<\/p>","protected":false},"excerpt":{"rendered":"<p>Az Obsessive G316 fekete cicaruha nem az a darab, amit csak \u00fagy \u201cfelveszel valami kis est\u00e9re.\u201d Ez az a szett, ami m\u00e1r az els\u0151 pillanatban k\u00f6zli, hogy ma nem te fogsz alkalmazkodni a hangulathoz. A hangulat fog hozz\u00e1d alkalmazkodni. Fekete, testre simul\u00f3, pof\u00e1tlanul l\u00e1tv\u00e1nyos, \u00e9s pontosan tudja, hogyan csin\u00e1ljon bel\u0151led egyetlen mozdulattal komplett m\u0171sort. A [&#8230;]\n","protected":false},"featured_media":3105,"comment_status":"closed","ping_status":"closed","template":"","meta":[],"product_brand":[129],"product_cat":[113,141,2623],"product_tag":[2626,2698,936,2629,1481,951,503,937,2696,2695,2694,2023,2029,2628,1486,2630,2631,933,2697,2625,597,2028,2692,2693,2699,2700,2627,944,945,932,220,2624,2030],"class_list":{"0":"post-670","1":"product","2":"type-product","3":"status-publish","4":"has-post-thumbnail","6":"product_brand-obsessive","7":"product_cat-erotikus-ruhazat","8":"product_cat-noi-ruhak","9":"product_cat-uj-hullam","10":"product_tag-akcio","11":"product_tag-black-bodystocking","12":"product_tag-body-stocking","13":"product_tag-clearance","14":"product_tag-csipkes-fehernemu","15":"product_tag-erotic-clothing","16":"product_tag-erotikus-ruha","17":"product_tag-fehernemu","18":"product_tag-fekete-bodystocking","19":"product_tag-fekete-cicaruha","20":"product_tag-g316","21":"product_tag-haloszoba-divat","22":"product_tag-harisnya","23":"product_tag-kiarusitas","24":"product_tag-lace-lingerie","25":"product_tag-limitalt-keszlet","26":"product_tag-limited-stock","27":"product_tag-lingerie","28":"product_tag-mintas-cicaruha","29":"product_tag-new-wave","30":"product_tag-noi-fehernemu","31":"product_tag-noi-szexi-ruha","32":"product_tag-obsessive","33":"product_tag-obsessive-g316","34":"product_tag-open-back-bodystocking","35":"product_tag-patterned-bodystocking","36":"product_tag-sale","37":"product_tag-sexy-dress","38":"product_tag-sexy-outfit","39":"product_tag-szexi-ruha","40":"product_tag-szexshop-belvaros","41":"product_tag-uj-hullam","42":"product_tag-womens-lingerie","44":"first","45":"instock","46":"sale","47":"taxable","48":"shipping-taxable","49":"purchasable","50":"product-type-simple"},"yoast_head":"<!-- This site is optimized with the Yoast SEO plugin v27.4 - https:\/\/yoast.com\/product\/yoast-seo-wordpress\/ -->\n<title>\ud83d\udda4 Obsessive G316 fekete cicaruha \u2013 S\/M\/L | Szexshop Belv\u00e1ros<\/title>\n<meta name=\"description\" content=\"Obsessive G316 fekete cicaruha S\/M\/L m\u00e9retben, most akci\u00f3san. Testre simul\u00f3, l\u00e1tv\u00e1nyos \u00e9s d\u00f6g\u00f6s darab, ha mer\u00e9sz feh\u00e9rnem\u0171t keresel a Szexshop Belv\u00e1ros k\u00edn\u00e1lat\u00e1b\u00f3l.\" \/>\n<meta name=\"robots\" content=\"index, follow, max-snippet:-1, max-image-preview:large, max-video-preview:-1\" \/>\n<link rel=\"canonical\" href=\"https:\/\/www.szexshopbelvaros.com\/en\/product\/obsessive-g316-fekete-cicaruha\/\" \/>\n<meta property=\"og:locale\" content=\"en_US\" \/>\n<meta property=\"og:type\" content=\"article\" \/>\n<meta property=\"og:title\" content=\"\ud83d\udda4 Obsessive G316 fekete cicaruha \u2013 S\/M\/L | Szexshop Belv\u00e1ros\" \/>\n<meta property=\"og:description\" content=\"Obsessive G316 fekete cicaruha S\/M\/L m\u00e9retben, most akci\u00f3san. Testre simul\u00f3, l\u00e1tv\u00e1nyos \u00e9s d\u00f6g\u00f6s darab, ha mer\u00e9sz feh\u00e9rnem\u0171t keresel a Szexshop Belv\u00e1ros k\u00edn\u00e1lat\u00e1b\u00f3l.\" \/>\n<meta property=\"og:url\" content=\"https:\/\/www.szexshopbelvaros.com\/en\/product\/obsessive-g316-fekete-cicaruha\/\" \/>\n<meta property=\"og:site_name\" content=\"Szexshop Belvaros\" \/>\n<meta property=\"article:publisher\" content=\"https:\/\/www.facebook.com\/belvarossecrets\/\" \/>\n<meta property=\"article:modified_time\" content=\"2026-04-20T12:55:07+00:00\" \/>\n<meta property=\"og:image\" content=\"https:\/\/www.szexshopbelvaros.com\/wp-content\/uploads\/2025\/01\/69e61a894e013427e4535ba4-scaled.png\" \/>\n\t<meta property=\"og:image:width\" content=\"2560\" \/>\n\t<meta property=\"og:image:height\" content=\"1440\" \/>\n\t<meta property=\"og:image:type\" content=\"image\/png\" \/>\n<meta name=\"twitter:card\" content=\"summary_large_image\" \/>\n<meta name=\"twitter:site\" content=\"@belvarossecrets\" \/>\n<meta name=\"twitter:label1\" content=\"Est. reading time\" \/>\n\t<meta name=\"twitter:data1\" content=\"2 minutes\" \/>\n<script type=\"application\/ld+json\" class=\"yoast-schema-graph\">{\"@context\":\"https:\\\/\\\/schema.org\",\"@graph\":[{\"@type\":\"WebPage\",\"@id\":\"https:\\\/\\\/www.szexshopbelvaros.com\\\/termek\\\/obsessive-g316-fekete-cicaruha\\\/\",\"url\":\"https:\\\/\\\/www.szexshopbelvaros.com\\\/termek\\\/obsessive-g316-fekete-cicaruha\\\/\",\"name\":\"\ud83d\udda4 Obsessive G316 fekete cicaruha \u2013 S\\\/M\\\/L | Szexshop Belv\u00e1ros\",\"isPartOf\":{\"@id\":\"https:\\\/\\\/www.szexshopbelvaros.com\\\/#website\"},\"primaryImageOfPage\":{\"@id\":\"https:\\\/\\\/www.szexshopbelvaros.com\\\/termek\\\/obsessive-g316-fekete-cicaruha\\\/#primaryimage\"},\"image\":{\"@id\":\"https:\\\/\\\/www.szexshopbelvaros.com\\\/termek\\\/obsessive-g316-fekete-cicaruha\\\/#primaryimage\"},\"thumbnailUrl\":\"https:\\\/\\\/www.szexshopbelvaros.com\\\/wp-content\\\/uploads\\\/2025\\\/01\\\/69e61a894e013427e4535ba4-scaled.png\",\"datePublished\":\"2025-01-31T13:44:29+00:00\",\"dateModified\":\"2026-04-20T12:55:07+00:00\",\"description\":\"Obsessive G316 fekete cicaruha S\\\/M\\\/L m\u00e9retben, most akci\u00f3san. Testre simul\u00f3, l\u00e1tv\u00e1nyos \u00e9s d\u00f6g\u00f6s darab, ha mer\u00e9sz feh\u00e9rnem\u0171t keresel a Szexshop Belv\u00e1ros k\u00edn\u00e1lat\u00e1b\u00f3l.\",\"breadcrumb\":{\"@id\":\"https:\\\/\\\/www.szexshopbelvaros.com\\\/termek\\\/obsessive-g316-fekete-cicaruha\\\/#breadcrumb\"},\"inLanguage\":\"en-US\",\"potentialAction\":[{\"@type\":\"ReadAction\",\"target\":[\"https:\\\/\\\/www.szexshopbelvaros.com\\\/termek\\\/obsessive-g316-fekete-cicaruha\\\/\"]}]},{\"@type\":\"ImageObject\",\"inLanguage\":\"en-US\",\"@id\":\"https:\\\/\\\/www.szexshopbelvaros.com\\\/termek\\\/obsessive-g316-fekete-cicaruha\\\/#primaryimage\",\"url\":\"https:\\\/\\\/www.szexshopbelvaros.com\\\/wp-content\\\/uploads\\\/2025\\\/01\\\/69e61a894e013427e4535ba4-scaled.png\",\"contentUrl\":\"https:\\\/\\\/www.szexshopbelvaros.com\\\/wp-content\\\/uploads\\\/2025\\\/01\\\/69e61a894e013427e4535ba4-scaled.png\",\"width\":2560,\"height\":1440,\"caption\":\"HU: Obsessive G316 fekete cicaruha el\u00f6ln\u00e9zetben modellen, testre simul\u00f3 mint\u00e1s bodystocking nyitott cs\u00edp\u0151r\u00e9sszel \u00e9s harisnyahat\u00e1s\u00fa l\u00e1br\u00e9sszel EN: Obsessive G316 black bodystocking front view on model, body-hugging patterned bodystocking with open hip design and stocking-effect legs\"},{\"@type\":\"BreadcrumbList\",\"@id\":\"https:\\\/\\\/www.szexshopbelvaros.com\\\/termek\\\/obsessive-g316-fekete-cicaruha\\\/#breadcrumb\",\"itemListElement\":[{\"@type\":\"ListItem\",\"position\":1,\"name\":\"Home\",\"item\":\"https:\\\/\\\/www.szexshopbelvaros.com\\\/\"},{\"@type\":\"ListItem\",\"position\":2,\"name\":\"\u00c1ruh\u00e1z\",\"item\":\"https:\\\/\\\/www.szexshopbelvaros.com\\\/uzlet\\\/\"},{\"@type\":\"ListItem\",\"position\":3,\"name\":\"\ud83d\udda4Obsessive Cicaruha G316 &#8211; S\\\/M\\\/L &#8211; amikor nem csak fel\u00f6lt\u00f6z\u00f6l, hanem konkr\u00e9tan r\u00e1juk k\u00fcld\u00f6d a fekete m\u00e1gi\u00e1t.\"}]},{\"@type\":\"WebSite\",\"@id\":\"https:\\\/\\\/www.szexshopbelvaros.com\\\/#website\",\"url\":\"https:\\\/\\\/www.szexshopbelvaros.com\\\/\",\"name\":\"Szexshop Belv\u00e1ros\",\"description\":\"\ud83d\udd25 A szex olyan, mint a p\u00e9nz; csak a t\u00fal sok el\u00e9g!\u2122 Titkok a belv\u00e1rosb\u00f3l \ud83d\udc8b | Secrets from Budapest \ud83d\udc8e Feln\u0151tt j\u00e1t\u00e9kok \u2022 Erotika \u2022 Szexshop Belvaros\",\"publisher\":{\"@id\":\"https:\\\/\\\/www.szexshopbelvaros.com\\\/#organization\"},\"potentialAction\":[{\"@type\":\"SearchAction\",\"target\":{\"@type\":\"EntryPoint\",\"urlTemplate\":\"https:\\\/\\\/www.szexshopbelvaros.com\\\/?s={search_term_string}\"},\"query-input\":{\"@type\":\"PropertyValueSpecification\",\"valueRequired\":true,\"valueName\":\"search_term_string\"}}],\"inLanguage\":\"en-US\"},{\"@type\":\"Organization\",\"@id\":\"https:\\\/\\\/www.szexshopbelvaros.com\\\/#organization\",\"name\":\"Szexshop Belv\u00e1ros\",\"alternateName\":\"szexshopbelvaros.com\",\"url\":\"https:\\\/\\\/www.szexshopbelvaros.com\\\/\",\"logo\":{\"@type\":\"ImageObject\",\"inLanguage\":\"en-US\",\"@id\":\"https:\\\/\\\/www.szexshopbelvaros.com\\\/#\\\/schema\\\/logo\\\/image\\\/\",\"url\":\"https:\\\/\\\/www.szexshopbelvaros.com\\\/wp-content\\\/uploads\\\/2025\\\/09\\\/1Szexshopbelvaroslogo_blurred_stronger.jpg\",\"contentUrl\":\"https:\\\/\\\/www.szexshopbelvaros.com\\\/wp-content\\\/uploads\\\/2025\\\/09\\\/1Szexshopbelvaroslogo_blurred_stronger.jpg\",\"width\":1024,\"height\":1024,\"caption\":\"Szexshop Belv\u00e1ros\"},\"image\":{\"@id\":\"https:\\\/\\\/www.szexshopbelvaros.com\\\/#\\\/schema\\\/logo\\\/image\\\/\"},\"sameAs\":[\"https:\\\/\\\/www.facebook.com\\\/belvarossecrets\\\/\",\"https:\\\/\\\/x.com\\\/belvarossecrets\",\"https:\\\/\\\/www.instagram.com\\\/belvarossecrets\\\/\",\"https:\\\/\\\/www.tiktok.com\\\/@belvarossecrets\"]}]}<\/script>\n<!-- \/ Yoast SEO plugin. -->","yoast_head_json":{"title":"\ud83d\udda4 Obsessive G316 black catsuit \u2013 S\/M\/L | Sex shop Belv\u00e1ros","description":"Obsessive G316 black catsuit in sizes S\/M\/L, now on sale. A body-hugging, spectacular and hot piece if you are looking for daring lingerie from the Szexshop Belv\u00e1ros range.","robots":{"index":"index","follow":"follow","max-snippet":"max-snippet:-1","max-image-preview":"max-image-preview:large","max-video-preview":"max-video-preview:-1"},"canonical":"https:\/\/www.szexshopbelvaros.com\/en\/product\/obsessive-g316-fekete-cicaruha\/","og_locale":"en_US","og_type":"article","og_title":"\ud83d\udda4 Obsessive G316 fekete cicaruha \u2013 S\/M\/L | Szexshop Belv\u00e1ros","og_description":"Obsessive G316 fekete cicaruha S\/M\/L m\u00e9retben, most akci\u00f3san. Testre simul\u00f3, l\u00e1tv\u00e1nyos \u00e9s d\u00f6g\u00f6s darab, ha mer\u00e9sz feh\u00e9rnem\u0171t keresel a Szexshop Belv\u00e1ros k\u00edn\u00e1lat\u00e1b\u00f3l.","og_url":"https:\/\/www.szexshopbelvaros.com\/en\/product\/obsessive-g316-fekete-cicaruha\/","og_site_name":"Szexshop Belvaros","article_publisher":"https:\/\/www.facebook.com\/belvarossecrets\/","article_modified_time":"2026-04-20T12:55:07+00:00","og_image":[{"width":2560,"height":1440,"url":"https:\/\/www.szexshopbelvaros.com\/wp-content\/uploads\/2025\/01\/69e61a894e013427e4535ba4-scaled.png","type":"image\/png"}],"twitter_card":"summary_large_image","twitter_site":"@belvarossecrets","twitter_misc":{"Est. reading time":"2 minutes"},"schema":{"@context":"https:\/\/schema.org","@graph":[{"@type":"WebPage","@id":"https:\/\/www.szexshopbelvaros.com\/termek\/obsessive-g316-fekete-cicaruha\/","url":"https:\/\/www.szexshopbelvaros.com\/termek\/obsessive-g316-fekete-cicaruha\/","name":"\ud83d\udda4 Obsessive G316 black catsuit \u2013 S\/M\/L | Sex shop Belv\u00e1ros","isPartOf":{"@id":"https:\/\/www.szexshopbelvaros.com\/#website"},"primaryImageOfPage":{"@id":"https:\/\/www.szexshopbelvaros.com\/termek\/obsessive-g316-fekete-cicaruha\/#primaryimage"},"image":{"@id":"https:\/\/www.szexshopbelvaros.com\/termek\/obsessive-g316-fekete-cicaruha\/#primaryimage"},"thumbnailUrl":"https:\/\/www.szexshopbelvaros.com\/wp-content\/uploads\/2025\/01\/69e61a894e013427e4535ba4-scaled.png","datePublished":"2025-01-31T13:44:29+00:00","dateModified":"2026-04-20T12:55:07+00:00","description":"Obsessive G316 black catsuit in sizes S\/M\/L, now on sale. A body-hugging, spectacular and hot piece if you are looking for daring lingerie from the Szexshop Belv\u00e1ros range.","breadcrumb":{"@id":"https:\/\/www.szexshopbelvaros.com\/termek\/obsessive-g316-fekete-cicaruha\/#breadcrumb"},"inLanguage":"en-US","potentialAction":[{"@type":"ReadAction","target":["https:\/\/www.szexshopbelvaros.com\/termek\/obsessive-g316-fekete-cicaruha\/"]}]},{"@type":"ImageObject","inLanguage":"en-US","@id":"https:\/\/www.szexshopbelvaros.com\/termek\/obsessive-g316-fekete-cicaruha\/#primaryimage","url":"https:\/\/www.szexshopbelvaros.com\/wp-content\/uploads\/2025\/01\/69e61a894e013427e4535ba4-scaled.png","contentUrl":"https:\/\/www.szexshopbelvaros.com\/wp-content\/uploads\/2025\/01\/69e61a894e013427e4535ba4-scaled.png","width":2560,"height":1440,"caption":"HU: Obsessive G316 fekete cicaruha el\u00f6ln\u00e9zetben modellen, testre simul\u00f3 mint\u00e1s bodystocking nyitott cs\u00edp\u0151r\u00e9sszel \u00e9s harisnyahat\u00e1s\u00fa l\u00e1br\u00e9sszel EN: Obsessive G316 black bodystocking front view on model, body-hugging patterned bodystocking with open hip design and stocking-effect legs"},{"@type":"BreadcrumbList","@id":"https:\/\/www.szexshopbelvaros.com\/termek\/obsessive-g316-fekete-cicaruha\/#breadcrumb","itemListElement":[{"@type":"ListItem","position":1,"name":"Home","item":"https:\/\/www.szexshopbelvaros.com\/"},{"@type":"ListItem","position":2,"name":"\u00c1ruh\u00e1z","item":"https:\/\/www.szexshopbelvaros.com\/uzlet\/"},{"@type":"ListItem","position":3,"name":"\ud83d\udda4Obsessive Cicaruha G316 &#8211; S\/M\/L &#8211; amikor nem csak fel\u00f6lt\u00f6z\u00f6l, hanem konkr\u00e9tan r\u00e1juk k\u00fcld\u00f6d a fekete m\u00e1gi\u00e1t."}]},{"@type":"WebSite","@id":"https:\/\/www.szexshopbelvaros.com\/#website","url":"https:\/\/www.szexshopbelvaros.com\/","name":"at our Szexshop Belv\u00e1ros","description":"\ud83d\udd25 Sex is like money; only too much is enough!\u2122 Secrets from the city center \ud83d\udc8b | Secrets from Budapest \ud83d\udc8e Adult games \u2022 Erotica \u2022 Sex shop Belvaros","publisher":{"@id":"https:\/\/www.szexshopbelvaros.com\/#organization"},"potentialAction":[{"@type":"SearchAction","target":{"@type":"EntryPoint","urlTemplate":"https:\/\/www.szexshopbelvaros.com\/?s={search_term_string}"},"query-input":{"@type":"PropertyValueSpecification","valueRequired":true,"valueName":"search_term_string"}}],"inLanguage":"en-US"},{"@type":"Organization","@id":"https:\/\/www.szexshopbelvaros.com\/#organization","name":"at our Szexshop Belv\u00e1ros","alternateName":"szexshopbelvaros.com","url":"https:\/\/www.szexshopbelvaros.com\/","logo":{"@type":"ImageObject","inLanguage":"en-US","@id":"https:\/\/www.szexshopbelvaros.com\/#\/schema\/logo\/image\/","url":"https:\/\/www.szexshopbelvaros.com\/wp-content\/uploads\/2025\/09\/1Szexshopbelvaroslogo_blurred_stronger.jpg","contentUrl":"https:\/\/www.szexshopbelvaros.com\/wp-content\/uploads\/2025\/09\/1Szexshopbelvaroslogo_blurred_stronger.jpg","width":1024,"height":1024,"caption":"Szexshop Belv\u00e1ros"},"image":{"@id":"https:\/\/www.szexshopbelvaros.com\/#\/schema\/logo\/image\/"},"sameAs":["https:\/\/www.facebook.com\/belvarossecrets\/","https:\/\/x.com\/belvarossecrets","https:\/\/www.instagram.com\/belvarossecrets\/","https:\/\/www.tiktok.com\/@belvarossecrets"]}]}},"_links":{"self":[{"href":"https:\/\/www.szexshopbelvaros.com\/en\/wp-json\/wp\/v2\/product\/670","targetHints":{"allow":["GET"]}}],"collection":[{"href":"https:\/\/www.szexshopbelvaros.com\/en\/wp-json\/wp\/v2\/product"}],"about":[{"href":"https:\/\/www.szexshopbelvaros.com\/en\/wp-json\/wp\/v2\/types\/product"}],"replies":[{"embeddable":true,"href":"https:\/\/www.szexshopbelvaros.com\/en\/wp-json\/wp\/v2\/comments?post=670"}],"wp:featuredmedia":[{"embeddable":true,"href":"https:\/\/www.szexshopbelvaros.com\/en\/wp-json\/wp\/v2\/media\/3105"}],"wp:attachment":[{"href":"https:\/\/www.szexshopbelvaros.com\/en\/wp-json\/wp\/v2\/media?parent=670"}],"wp:term":[{"taxonomy":"product_brand","embeddable":true,"href":"https:\/\/www.szexshopbelvaros.com\/en\/wp-json\/wp\/v2\/product_brand?post=670"},{"taxonomy":"product_cat","embeddable":true,"href":"https:\/\/www.szexshopbelvaros.com\/en\/wp-json\/wp\/v2\/product_cat?post=670"},{"taxonomy":"product_tag","embeddable":true,"href":"https:\/\/www.szexshopbelvaros.com\/en\/wp-json\/wp\/v2\/product_tag?post=670"}],"curies":[{"name":"wp","href":"https:\/\/api.w.org\/{rel}","templated":true}]}}