{"id":690,"date":"2025-01-31T14:44:29","date_gmt":"2025-01-31T13:44:29","guid":{"rendered":"https:\/\/www.szexshopbelvaros.com\/termek\/shower-me\/"},"modified":"2026-04-10T14:00:57","modified_gmt":"2026-04-10T12:00:57","slug":"shower-me","status":"publish","type":"product","link":"https:\/\/www.szexshopbelvaros.com\/en\/product\/shower-me\/","title":{"rendered":"\ud83e\uddfd Shower Me \u2013 The cleaning your body will be grateful for (and your partner too)"},"content":{"rendered":"<p data-start=\"81\" data-end=\"727\">Our <strong data-start=\"83\" data-end=\"109\">Shower Me intimate shower<\/strong> is not just an anal and vaginal irrigator \u2013 it is your body's VIP ticket to impeccable pleasure. The 300 ml capacity tank, two interchangeable heads (2.3 and 3 cm diameter, 13, 14, and 25 cm length), and the <strong data-start=\"312\" data-end=\"346\">Made of PVC, black design<\/strong> guarantees that everything is cleaned where the sun never shines.<br data-start=\"408\" data-end=\"411\" \/>Before or after sex? No matter, this little butt buddy is always ready. The <strong data-start=\"483\" data-end=\"510\">detachable design<\/strong> and the simple cleaning (lukewarm soapy water + tool cleaner) makes it as convenient as it is effective. Oh, and works best <strong data-start=\"651\" data-end=\"676\">with water-based lubricant<\/strong> - don't be silly, give them what they like.<\/p>\n<p data-start=\"729\" data-end=\"824\">Available at <strong data-start=\"740\" data-end=\"764\">szexshopbelvaros.com.<\/strong>where your ass will be cleaner than your thoughts.<\/p>\n<p>&nbsp;<\/p>","protected":false},"excerpt":{"rendered":"<p>A Shower Me intim zuhany nem csak egy an\u00e1lis \u00e9s h\u00fcvelyi irrig\u00e1l\u00f3 k\u00e9sz\u00fcl\u00e9k \u2013 ez a tested VIP bel\u00e9p\u0151je a makul\u00e1tlan \u00e9lvezethez. A 300 ml-es \u0171rtartalm\u00fa tart\u00e1ly, k\u00e9t cser\u00e9lhet\u0151 fej (2,3 \u00e9s 3 cm \u00e1tm\u00e9r\u0151, 13, 14 \u00e9s 25 cm hossz), \u00e9s a PVC-b\u0151l k\u00e9sz\u00fclt, fekete diz\u00e1jn garant\u00e1lja, hogy minden ott tisztuljon, ahol a nap [&#8230;]\n","protected":false},"featured_media":691,"comment_status":"closed","ping_status":"closed","template":"","meta":[],"product_brand":[205],"product_cat":[156,91],"product_tag":[2052,2053,1528,2050,755,750,2047,1269,756,2042,440,2051,2049,1201,220,2048,1529],"class_list":{"0":"post-690","1":"product","2":"type-product","3":"status-publish","4":"has-post-thumbnail","6":"product_brand-you2toys","7":"product_cat-drogeria-wellness","8":"product_cat-intim-higienia","9":"product_tag-adult-care","10":"product_tag-couples-wellness","11":"product_tag-drogeria","12":"product_tag-felnotteknek","13":"product_tag-intim-apolas","14":"product_tag-intim-higienia","15":"product_tag-intim-termek","16":"product_tag-intim-tisztito","17":"product_tag-intimate-care","18":"product_tag-intimate-cleanser","19":"product_tag-intimate-hygiene","20":"product_tag-intimate-products","21":"product_tag-paros-egeszseg","22":"product_tag-sexual-wellness","23":"product_tag-szexshop-belvaros","24":"product_tag-szexualis-egeszseg","25":"product_tag-wellness","27":"first","28":"instock","29":"taxable","30":"shipping-taxable","31":"purchasable","32":"product-type-simple"},"yoast_head":"<!-- This site is optimized with the Yoast SEO plugin v27.4 - https:\/\/yoast.com\/product\/yoast-seo-wordpress\/ -->\n<title>\ud83e\uddfd Shower Me \u2013 A rendrak\u00e1s, ami\u00e9rt a tested h\u00e1l\u00e1s lesz (meg a partnered is) - Szexshop Belvaros<\/title>\n<meta name=\"robots\" content=\"index, follow, max-snippet:-1, max-image-preview:large, max-video-preview:-1\" \/>\n<link rel=\"canonical\" href=\"https:\/\/www.szexshopbelvaros.com\/en\/product\/shower-me\/\" \/>\n<meta property=\"og:locale\" content=\"en_US\" \/>\n<meta property=\"og:type\" content=\"article\" \/>\n<meta property=\"og:title\" content=\"\ud83e\uddfd Shower Me \u2013 A rendrak\u00e1s, ami\u00e9rt a tested h\u00e1l\u00e1s lesz (meg a partnered is) - Szexshop Belvaros\" \/>\n<meta property=\"og:description\" content=\"A Shower Me intim zuhany nem csak egy an\u00e1lis \u00e9s h\u00fcvelyi irrig\u00e1l\u00f3 k\u00e9sz\u00fcl\u00e9k \u2013 ez a tested VIP bel\u00e9p\u0151je a makul\u00e1tlan \u00e9lvezethez. A 300 ml-es \u0171rtartalm\u00fa tart\u00e1ly, k\u00e9t cser\u00e9lhet\u0151 fej (2,3 \u00e9s 3 cm \u00e1tm\u00e9r\u0151, 13, 14 \u00e9s 25 cm hossz), \u00e9s a PVC-b\u0151l k\u00e9sz\u00fclt, fekete diz\u00e1jn garant\u00e1lja, hogy minden ott tisztuljon, ahol a nap [...]\" \/>\n<meta property=\"og:url\" content=\"https:\/\/www.szexshopbelvaros.com\/en\/product\/shower-me\/\" \/>\n<meta property=\"og:site_name\" content=\"Szexshop Belvaros\" \/>\n<meta property=\"article:publisher\" content=\"https:\/\/www.facebook.com\/belvarossecrets\/\" \/>\n<meta property=\"article:modified_time\" content=\"2026-04-10T12:00:57+00:00\" \/>\n<meta property=\"og:image\" content=\"https:\/\/www.szexshopbelvaros.com\/wp-content\/uploads\/2025\/01\/35369382-9e06-11ec-bebc-8a3dc4570ca4_you2t00376.jpeg\" \/>\n\t<meta property=\"og:image:width\" content=\"1000\" \/>\n\t<meta property=\"og:image:height\" content=\"562\" \/>\n\t<meta property=\"og:image:type\" content=\"image\/jpeg\" \/>\n<meta name=\"twitter:card\" content=\"summary_large_image\" \/>\n<meta name=\"twitter:site\" content=\"@belvarossecrets\" \/>\n<meta name=\"twitter:label1\" content=\"Est. reading time\" \/>\n\t<meta name=\"twitter:data1\" content=\"1 minute\" \/>\n<script type=\"application\/ld+json\" class=\"yoast-schema-graph\">{\"@context\":\"https:\\\/\\\/schema.org\",\"@graph\":[{\"@type\":\"WebPage\",\"@id\":\"https:\\\/\\\/www.szexshopbelvaros.com\\\/termek\\\/shower-me\\\/\",\"url\":\"https:\\\/\\\/www.szexshopbelvaros.com\\\/termek\\\/shower-me\\\/\",\"name\":\"\ud83e\uddfd Shower Me \u2013 A rendrak\u00e1s, ami\u00e9rt a tested h\u00e1l\u00e1s lesz (meg a partnered is) - Szexshop Belvaros\",\"isPartOf\":{\"@id\":\"https:\\\/\\\/www.szexshopbelvaros.com\\\/#website\"},\"primaryImageOfPage\":{\"@id\":\"https:\\\/\\\/www.szexshopbelvaros.com\\\/termek\\\/shower-me\\\/#primaryimage\"},\"image\":{\"@id\":\"https:\\\/\\\/www.szexshopbelvaros.com\\\/termek\\\/shower-me\\\/#primaryimage\"},\"thumbnailUrl\":\"https:\\\/\\\/www.szexshopbelvaros.com\\\/wp-content\\\/uploads\\\/2025\\\/01\\\/35369382-9e06-11ec-bebc-8a3dc4570ca4_you2t00376.jpeg\",\"datePublished\":\"2025-01-31T13:44:29+00:00\",\"dateModified\":\"2026-04-10T12:00:57+00:00\",\"breadcrumb\":{\"@id\":\"https:\\\/\\\/www.szexshopbelvaros.com\\\/termek\\\/shower-me\\\/#breadcrumb\"},\"inLanguage\":\"en-US\",\"potentialAction\":[{\"@type\":\"ReadAction\",\"target\":[\"https:\\\/\\\/www.szexshopbelvaros.com\\\/termek\\\/shower-me\\\/\"]}]},{\"@type\":\"ImageObject\",\"inLanguage\":\"en-US\",\"@id\":\"https:\\\/\\\/www.szexshopbelvaros.com\\\/termek\\\/shower-me\\\/#primaryimage\",\"url\":\"https:\\\/\\\/www.szexshopbelvaros.com\\\/wp-content\\\/uploads\\\/2025\\\/01\\\/35369382-9e06-11ec-bebc-8a3dc4570ca4_you2t00376.jpeg\",\"contentUrl\":\"https:\\\/\\\/www.szexshopbelvaros.com\\\/wp-content\\\/uploads\\\/2025\\\/01\\\/35369382-9e06-11ec-bebc-8a3dc4570ca4_you2t00376.jpeg\",\"width\":1000,\"height\":562},{\"@type\":\"BreadcrumbList\",\"@id\":\"https:\\\/\\\/www.szexshopbelvaros.com\\\/termek\\\/shower-me\\\/#breadcrumb\",\"itemListElement\":[{\"@type\":\"ListItem\",\"position\":1,\"name\":\"Home\",\"item\":\"https:\\\/\\\/www.szexshopbelvaros.com\\\/\"},{\"@type\":\"ListItem\",\"position\":2,\"name\":\"\u00c1ruh\u00e1z\",\"item\":\"https:\\\/\\\/www.szexshopbelvaros.com\\\/uzlet\\\/\"},{\"@type\":\"ListItem\",\"position\":3,\"name\":\"\ud83e\uddfd Shower Me \u2013 A rendrak\u00e1s, ami\u00e9rt a tested h\u00e1l\u00e1s lesz (meg a partnered is)\"}]},{\"@type\":\"WebSite\",\"@id\":\"https:\\\/\\\/www.szexshopbelvaros.com\\\/#website\",\"url\":\"https:\\\/\\\/www.szexshopbelvaros.com\\\/\",\"name\":\"Szexshop Belv\u00e1ros\",\"description\":\"\ud83d\udd25 A szex olyan, mint a p\u00e9nz; csak a t\u00fal sok el\u00e9g!\u2122 Titkok a belv\u00e1rosb\u00f3l \ud83d\udc8b | Secrets from Budapest \ud83d\udc8e Feln\u0151tt j\u00e1t\u00e9kok \u2022 Erotika \u2022 Szexshop Belvaros\",\"publisher\":{\"@id\":\"https:\\\/\\\/www.szexshopbelvaros.com\\\/#organization\"},\"potentialAction\":[{\"@type\":\"SearchAction\",\"target\":{\"@type\":\"EntryPoint\",\"urlTemplate\":\"https:\\\/\\\/www.szexshopbelvaros.com\\\/?s={search_term_string}\"},\"query-input\":{\"@type\":\"PropertyValueSpecification\",\"valueRequired\":true,\"valueName\":\"search_term_string\"}}],\"inLanguage\":\"en-US\"},{\"@type\":\"Organization\",\"@id\":\"https:\\\/\\\/www.szexshopbelvaros.com\\\/#organization\",\"name\":\"Szexshop Belv\u00e1ros\",\"alternateName\":\"szexshopbelvaros.com\",\"url\":\"https:\\\/\\\/www.szexshopbelvaros.com\\\/\",\"logo\":{\"@type\":\"ImageObject\",\"inLanguage\":\"en-US\",\"@id\":\"https:\\\/\\\/www.szexshopbelvaros.com\\\/#\\\/schema\\\/logo\\\/image\\\/\",\"url\":\"https:\\\/\\\/www.szexshopbelvaros.com\\\/wp-content\\\/uploads\\\/2025\\\/09\\\/1Szexshopbelvaroslogo_blurred_stronger.jpg\",\"contentUrl\":\"https:\\\/\\\/www.szexshopbelvaros.com\\\/wp-content\\\/uploads\\\/2025\\\/09\\\/1Szexshopbelvaroslogo_blurred_stronger.jpg\",\"width\":1024,\"height\":1024,\"caption\":\"Szexshop Belv\u00e1ros\"},\"image\":{\"@id\":\"https:\\\/\\\/www.szexshopbelvaros.com\\\/#\\\/schema\\\/logo\\\/image\\\/\"},\"sameAs\":[\"https:\\\/\\\/www.facebook.com\\\/belvarossecrets\\\/\",\"https:\\\/\\\/x.com\\\/belvarossecrets\",\"https:\\\/\\\/www.instagram.com\\\/belvarossecrets\\\/\",\"https:\\\/\\\/www.tiktok.com\\\/@belvarossecrets\"]}]}<\/script>\n<!-- \/ Yoast SEO plugin. -->","yoast_head_json":{"title":"\ud83e\uddfd Shower Me \u2013 The cleaning that your body will be grateful for (and your partner too) - Szexshop Belvaros","robots":{"index":"index","follow":"follow","max-snippet":"max-snippet:-1","max-image-preview":"max-image-preview:large","max-video-preview":"max-video-preview:-1"},"canonical":"https:\/\/www.szexshopbelvaros.com\/en\/product\/shower-me\/","og_locale":"en_US","og_type":"article","og_title":"\ud83e\uddfd Shower Me \u2013 A rendrak\u00e1s, ami\u00e9rt a tested h\u00e1l\u00e1s lesz (meg a partnered is) - Szexshop Belvaros","og_description":"A Shower Me intim zuhany nem csak egy an\u00e1lis \u00e9s h\u00fcvelyi irrig\u00e1l\u00f3 k\u00e9sz\u00fcl\u00e9k \u2013 ez a tested VIP bel\u00e9p\u0151je a makul\u00e1tlan \u00e9lvezethez. A 300 ml-es \u0171rtartalm\u00fa tart\u00e1ly, k\u00e9t cser\u00e9lhet\u0151 fej (2,3 \u00e9s 3 cm \u00e1tm\u00e9r\u0151, 13, 14 \u00e9s 25 cm hossz), \u00e9s a PVC-b\u0151l k\u00e9sz\u00fclt, fekete diz\u00e1jn garant\u00e1lja, hogy minden ott tisztuljon, ahol a nap [...]","og_url":"https:\/\/www.szexshopbelvaros.com\/en\/product\/shower-me\/","og_site_name":"Szexshop Belvaros","article_publisher":"https:\/\/www.facebook.com\/belvarossecrets\/","article_modified_time":"2026-04-10T12:00:57+00:00","og_image":[{"width":1000,"height":562,"url":"https:\/\/www.szexshopbelvaros.com\/wp-content\/uploads\/2025\/01\/35369382-9e06-11ec-bebc-8a3dc4570ca4_you2t00376.jpeg","type":"image\/jpeg"}],"twitter_card":"summary_large_image","twitter_site":"@belvarossecrets","twitter_misc":{"Est. reading time":"1 minute"},"schema":{"@context":"https:\/\/schema.org","@graph":[{"@type":"WebPage","@id":"https:\/\/www.szexshopbelvaros.com\/termek\/shower-me\/","url":"https:\/\/www.szexshopbelvaros.com\/termek\/shower-me\/","name":"\ud83e\uddfd Shower Me \u2013 The cleaning that your body will be grateful for (and your partner too) - Szexshop Belvaros","isPartOf":{"@id":"https:\/\/www.szexshopbelvaros.com\/#website"},"primaryImageOfPage":{"@id":"https:\/\/www.szexshopbelvaros.com\/termek\/shower-me\/#primaryimage"},"image":{"@id":"https:\/\/www.szexshopbelvaros.com\/termek\/shower-me\/#primaryimage"},"thumbnailUrl":"https:\/\/www.szexshopbelvaros.com\/wp-content\/uploads\/2025\/01\/35369382-9e06-11ec-bebc-8a3dc4570ca4_you2t00376.jpeg","datePublished":"2025-01-31T13:44:29+00:00","dateModified":"2026-04-10T12:00:57+00:00","breadcrumb":{"@id":"https:\/\/www.szexshopbelvaros.com\/termek\/shower-me\/#breadcrumb"},"inLanguage":"en-US","potentialAction":[{"@type":"ReadAction","target":["https:\/\/www.szexshopbelvaros.com\/termek\/shower-me\/"]}]},{"@type":"ImageObject","inLanguage":"en-US","@id":"https:\/\/www.szexshopbelvaros.com\/termek\/shower-me\/#primaryimage","url":"https:\/\/www.szexshopbelvaros.com\/wp-content\/uploads\/2025\/01\/35369382-9e06-11ec-bebc-8a3dc4570ca4_you2t00376.jpeg","contentUrl":"https:\/\/www.szexshopbelvaros.com\/wp-content\/uploads\/2025\/01\/35369382-9e06-11ec-bebc-8a3dc4570ca4_you2t00376.jpeg","width":1000,"height":562},{"@type":"BreadcrumbList","@id":"https:\/\/www.szexshopbelvaros.com\/termek\/shower-me\/#breadcrumb","itemListElement":[{"@type":"ListItem","position":1,"name":"Home","item":"https:\/\/www.szexshopbelvaros.com\/"},{"@type":"ListItem","position":2,"name":"\u00c1ruh\u00e1z","item":"https:\/\/www.szexshopbelvaros.com\/uzlet\/"},{"@type":"ListItem","position":3,"name":"\ud83e\uddfd Shower Me \u2013 A rendrak\u00e1s, ami\u00e9rt a tested h\u00e1l\u00e1s lesz (meg a partnered is)"}]},{"@type":"WebSite","@id":"https:\/\/www.szexshopbelvaros.com\/#website","url":"https:\/\/www.szexshopbelvaros.com\/","name":"at our Szexshop Belv\u00e1ros","description":"\ud83d\udd25 Sex is like money; only too much is enough!\u2122 Secrets from the city center \ud83d\udc8b | Secrets from Budapest \ud83d\udc8e Adult games \u2022 Erotica \u2022 Sex shop Belvaros","publisher":{"@id":"https:\/\/www.szexshopbelvaros.com\/#organization"},"potentialAction":[{"@type":"SearchAction","target":{"@type":"EntryPoint","urlTemplate":"https:\/\/www.szexshopbelvaros.com\/?s={search_term_string}"},"query-input":{"@type":"PropertyValueSpecification","valueRequired":true,"valueName":"search_term_string"}}],"inLanguage":"en-US"},{"@type":"Organization","@id":"https:\/\/www.szexshopbelvaros.com\/#organization","name":"at our Szexshop Belv\u00e1ros","alternateName":"szexshopbelvaros.com","url":"https:\/\/www.szexshopbelvaros.com\/","logo":{"@type":"ImageObject","inLanguage":"en-US","@id":"https:\/\/www.szexshopbelvaros.com\/#\/schema\/logo\/image\/","url":"https:\/\/www.szexshopbelvaros.com\/wp-content\/uploads\/2025\/09\/1Szexshopbelvaroslogo_blurred_stronger.jpg","contentUrl":"https:\/\/www.szexshopbelvaros.com\/wp-content\/uploads\/2025\/09\/1Szexshopbelvaroslogo_blurred_stronger.jpg","width":1024,"height":1024,"caption":"Szexshop Belv\u00e1ros"},"image":{"@id":"https:\/\/www.szexshopbelvaros.com\/#\/schema\/logo\/image\/"},"sameAs":["https:\/\/www.facebook.com\/belvarossecrets\/","https:\/\/x.com\/belvarossecrets","https:\/\/www.instagram.com\/belvarossecrets\/","https:\/\/www.tiktok.com\/@belvarossecrets"]}]}},"_links":{"self":[{"href":"https:\/\/www.szexshopbelvaros.com\/en\/wp-json\/wp\/v2\/product\/690","targetHints":{"allow":["GET"]}}],"collection":[{"href":"https:\/\/www.szexshopbelvaros.com\/en\/wp-json\/wp\/v2\/product"}],"about":[{"href":"https:\/\/www.szexshopbelvaros.com\/en\/wp-json\/wp\/v2\/types\/product"}],"replies":[{"embeddable":true,"href":"https:\/\/www.szexshopbelvaros.com\/en\/wp-json\/wp\/v2\/comments?post=690"}],"wp:featuredmedia":[{"embeddable":true,"href":"https:\/\/www.szexshopbelvaros.com\/en\/wp-json\/wp\/v2\/media\/691"}],"wp:attachment":[{"href":"https:\/\/www.szexshopbelvaros.com\/en\/wp-json\/wp\/v2\/media?parent=690"}],"wp:term":[{"taxonomy":"product_brand","embeddable":true,"href":"https:\/\/www.szexshopbelvaros.com\/en\/wp-json\/wp\/v2\/product_brand?post=690"},{"taxonomy":"product_cat","embeddable":true,"href":"https:\/\/www.szexshopbelvaros.com\/en\/wp-json\/wp\/v2\/product_cat?post=690"},{"taxonomy":"product_tag","embeddable":true,"href":"https:\/\/www.szexshopbelvaros.com\/en\/wp-json\/wp\/v2\/product_tag?post=690"}],"curies":[{"name":"wp","href":"https:\/\/api.w.org\/{rel}","templated":true}]}}