{"id":692,"date":"2025-01-31T14:45:07","date_gmt":"2025-01-31T13:45:07","guid":{"rendered":"https:\/\/www.szexshopbelvaros.com\/termek\/shower-me-cleaner-for-female\/"},"modified":"2026-04-10T14:00:52","modified_gmt":"2026-04-10T12:00:52","slug":"shower-me-cleaner-for-female","status":"publish","type":"product","link":"https:\/\/www.szexshopbelvaros.com\/en\/product\/shower-me-cleaner-for-female\/","title":{"rendered":"\ud83d\udebf Shower Me Deluxe \u2013 The Michelin-starred version of intimate wellness"},"content":{"rendered":"<p data-start=\"69\" data-end=\"658\">Because sometimes a \u201cclear conscience\u201d requires a shower hose. <strong data-start=\"131\" data-end=\"144\">Shower Me<\/strong> is not just an intimate shower, but a spa day for your butthole and more: with two interchangeable heads, for vaginal and anal use, a 138 cm metal tube that you snap onto the shower, and the internal cleaning can begin. The 2.3 and 3 cm diameter heads fit like an unwanted dick pic in your inbox, and their 14 and 25 cm lengths guarantee that there will be sparkle even where there is no light. Made of PVC and metal, it can be easily disassembled, so cleaning won't make you cry. Water-based lubricant is recommended - don't be a hero.<\/p>\n<p data-start=\"660\" data-end=\"866\">Available at <strong data-start=\"671\" data-end=\"695\">szexshopbelvaros.com.<\/strong>where we don't even leave hygiene without porn.<\/p>\n<p>&nbsp;<\/p>","protected":false},"excerpt":{"rendered":"<p>Mert n\u00e9ha a \u201etiszta lelkiismerethez\u201d egy zuhanycs\u0151 is kell. A Shower Me nemcsak egy intim zuhany, hanem a segglyukak spa-napja: k\u00e9t cser\u00e9lhet\u0151 fejjel, h\u00fcvelyi \u00e9s an\u00e1lis haszn\u00e1latra, 138 cm-es f\u00e9mcs\u0151vel, amit a zuhanyra pattintasz, \u00e9s indulhat a bels\u0151 nagytakar\u00edt\u00e1s. A 2,3 \u00e9s 3 cm \u00e1tm\u00e9r\u0151j\u0171 fejek \u00fagy simulnak be, mint a k\u00e9retlen dickpic az inboxodba, [&#8230;]\n","protected":false},"featured_media":693,"comment_status":"closed","ping_status":"closed","template":"","meta":[],"product_brand":[205],"product_cat":[156,91],"product_tag":[2052,2053,1528,2050,755,750,2047,1269,756,2042,440,2051,2049,1201,220,2048,1529],"class_list":{"0":"post-692","1":"product","2":"type-product","3":"status-publish","4":"has-post-thumbnail","6":"product_brand-you2toys","7":"product_cat-drogeria-wellness","8":"product_cat-intim-higienia","9":"product_tag-adult-care","10":"product_tag-couples-wellness","11":"product_tag-drogeria","12":"product_tag-felnotteknek","13":"product_tag-intim-apolas","14":"product_tag-intim-higienia","15":"product_tag-intim-termek","16":"product_tag-intim-tisztito","17":"product_tag-intimate-care","18":"product_tag-intimate-cleanser","19":"product_tag-intimate-hygiene","20":"product_tag-intimate-products","21":"product_tag-paros-egeszseg","22":"product_tag-sexual-wellness","23":"product_tag-szexshop-belvaros","24":"product_tag-szexualis-egeszseg","25":"product_tag-wellness","27":"first","28":"instock","29":"taxable","30":"shipping-taxable","31":"purchasable","32":"product-type-simple"},"yoast_head":"<!-- This site is optimized with the Yoast SEO plugin v27.4 - https:\/\/yoast.com\/product\/yoast-seo-wordpress\/ -->\n<title>\ud83d\udebf Shower Me Deluxe \u2013 Az intim wellness Michelin-csillagos verzi\u00f3ja - Szexshop Belvaros<\/title>\n<meta name=\"robots\" content=\"index, follow, max-snippet:-1, max-image-preview:large, max-video-preview:-1\" \/>\n<link rel=\"canonical\" href=\"https:\/\/www.szexshopbelvaros.com\/en\/product\/shower-me-cleaner-for-female\/\" \/>\n<meta property=\"og:locale\" content=\"en_US\" \/>\n<meta property=\"og:type\" content=\"article\" \/>\n<meta property=\"og:title\" content=\"\ud83d\udebf Shower Me Deluxe \u2013 Az intim wellness Michelin-csillagos verzi\u00f3ja - Szexshop Belvaros\" \/>\n<meta property=\"og:description\" content=\"Mert n\u00e9ha a \u201etiszta lelkiismerethez\u201d egy zuhanycs\u0151 is kell. A Shower Me nemcsak egy intim zuhany, hanem a segglyukak spa-napja: k\u00e9t cser\u00e9lhet\u0151 fejjel, h\u00fcvelyi \u00e9s an\u00e1lis haszn\u00e1latra, 138 cm-es f\u00e9mcs\u0151vel, amit a zuhanyra pattintasz, \u00e9s indulhat a bels\u0151 nagytakar\u00edt\u00e1s. A 2,3 \u00e9s 3 cm \u00e1tm\u00e9r\u0151j\u0171 fejek \u00fagy simulnak be, mint a k\u00e9retlen dickpic az inboxodba, [...]\" \/>\n<meta property=\"og:url\" content=\"https:\/\/www.szexshopbelvaros.com\/en\/product\/shower-me-cleaner-for-female\/\" \/>\n<meta property=\"og:site_name\" content=\"Szexshop Belvaros\" \/>\n<meta property=\"article:publisher\" content=\"https:\/\/www.facebook.com\/belvarossecrets\/\" \/>\n<meta property=\"article:modified_time\" content=\"2026-04-10T12:00:52+00:00\" \/>\n<meta property=\"og:image\" content=\"https:\/\/www.szexshopbelvaros.com\/wp-content\/uploads\/2025\/01\/f7b69a8c-4671-11ee-8275-12a89e3daa90_cleaner_for_female__2_.jpg\" \/>\n\t<meta property=\"og:image:width\" content=\"1000\" \/>\n\t<meta property=\"og:image:height\" content=\"563\" \/>\n\t<meta property=\"og:image:type\" content=\"image\/jpeg\" \/>\n<meta name=\"twitter:card\" content=\"summary_large_image\" \/>\n<meta name=\"twitter:site\" content=\"@belvarossecrets\" \/>\n<meta name=\"twitter:label1\" content=\"Est. reading time\" \/>\n\t<meta name=\"twitter:data1\" content=\"1 minute\" \/>\n<script type=\"application\/ld+json\" class=\"yoast-schema-graph\">{\"@context\":\"https:\\\/\\\/schema.org\",\"@graph\":[{\"@type\":\"WebPage\",\"@id\":\"https:\\\/\\\/www.szexshopbelvaros.com\\\/termek\\\/shower-me-cleaner-for-female\\\/\",\"url\":\"https:\\\/\\\/www.szexshopbelvaros.com\\\/termek\\\/shower-me-cleaner-for-female\\\/\",\"name\":\"\ud83d\udebf Shower Me Deluxe \u2013 Az intim wellness Michelin-csillagos verzi\u00f3ja - Szexshop Belvaros\",\"isPartOf\":{\"@id\":\"https:\\\/\\\/www.szexshopbelvaros.com\\\/#website\"},\"primaryImageOfPage\":{\"@id\":\"https:\\\/\\\/www.szexshopbelvaros.com\\\/termek\\\/shower-me-cleaner-for-female\\\/#primaryimage\"},\"image\":{\"@id\":\"https:\\\/\\\/www.szexshopbelvaros.com\\\/termek\\\/shower-me-cleaner-for-female\\\/#primaryimage\"},\"thumbnailUrl\":\"https:\\\/\\\/www.szexshopbelvaros.com\\\/wp-content\\\/uploads\\\/2025\\\/01\\\/f7b69a8c-4671-11ee-8275-12a89e3daa90_cleaner_for_female__2_.jpg\",\"datePublished\":\"2025-01-31T13:45:07+00:00\",\"dateModified\":\"2026-04-10T12:00:52+00:00\",\"breadcrumb\":{\"@id\":\"https:\\\/\\\/www.szexshopbelvaros.com\\\/termek\\\/shower-me-cleaner-for-female\\\/#breadcrumb\"},\"inLanguage\":\"en-US\",\"potentialAction\":[{\"@type\":\"ReadAction\",\"target\":[\"https:\\\/\\\/www.szexshopbelvaros.com\\\/termek\\\/shower-me-cleaner-for-female\\\/\"]}]},{\"@type\":\"ImageObject\",\"inLanguage\":\"en-US\",\"@id\":\"https:\\\/\\\/www.szexshopbelvaros.com\\\/termek\\\/shower-me-cleaner-for-female\\\/#primaryimage\",\"url\":\"https:\\\/\\\/www.szexshopbelvaros.com\\\/wp-content\\\/uploads\\\/2025\\\/01\\\/f7b69a8c-4671-11ee-8275-12a89e3daa90_cleaner_for_female__2_.jpg\",\"contentUrl\":\"https:\\\/\\\/www.szexshopbelvaros.com\\\/wp-content\\\/uploads\\\/2025\\\/01\\\/f7b69a8c-4671-11ee-8275-12a89e3daa90_cleaner_for_female__2_.jpg\",\"width\":1000,\"height\":563},{\"@type\":\"BreadcrumbList\",\"@id\":\"https:\\\/\\\/www.szexshopbelvaros.com\\\/termek\\\/shower-me-cleaner-for-female\\\/#breadcrumb\",\"itemListElement\":[{\"@type\":\"ListItem\",\"position\":1,\"name\":\"Home\",\"item\":\"https:\\\/\\\/www.szexshopbelvaros.com\\\/\"},{\"@type\":\"ListItem\",\"position\":2,\"name\":\"\u00c1ruh\u00e1z\",\"item\":\"https:\\\/\\\/www.szexshopbelvaros.com\\\/uzlet\\\/\"},{\"@type\":\"ListItem\",\"position\":3,\"name\":\"\ud83d\udebf Shower Me Deluxe \u2013 Az intim wellness Michelin-csillagos verzi\u00f3ja\"}]},{\"@type\":\"WebSite\",\"@id\":\"https:\\\/\\\/www.szexshopbelvaros.com\\\/#website\",\"url\":\"https:\\\/\\\/www.szexshopbelvaros.com\\\/\",\"name\":\"Szexshop Belv\u00e1ros\",\"description\":\"\ud83d\udd25 A szex olyan, mint a p\u00e9nz; csak a t\u00fal sok el\u00e9g!\u2122 Titkok a belv\u00e1rosb\u00f3l \ud83d\udc8b | Secrets from Budapest \ud83d\udc8e Feln\u0151tt j\u00e1t\u00e9kok \u2022 Erotika \u2022 Szexshop Belvaros\",\"publisher\":{\"@id\":\"https:\\\/\\\/www.szexshopbelvaros.com\\\/#organization\"},\"potentialAction\":[{\"@type\":\"SearchAction\",\"target\":{\"@type\":\"EntryPoint\",\"urlTemplate\":\"https:\\\/\\\/www.szexshopbelvaros.com\\\/?s={search_term_string}\"},\"query-input\":{\"@type\":\"PropertyValueSpecification\",\"valueRequired\":true,\"valueName\":\"search_term_string\"}}],\"inLanguage\":\"en-US\"},{\"@type\":\"Organization\",\"@id\":\"https:\\\/\\\/www.szexshopbelvaros.com\\\/#organization\",\"name\":\"Szexshop Belv\u00e1ros\",\"alternateName\":\"szexshopbelvaros.com\",\"url\":\"https:\\\/\\\/www.szexshopbelvaros.com\\\/\",\"logo\":{\"@type\":\"ImageObject\",\"inLanguage\":\"en-US\",\"@id\":\"https:\\\/\\\/www.szexshopbelvaros.com\\\/#\\\/schema\\\/logo\\\/image\\\/\",\"url\":\"https:\\\/\\\/www.szexshopbelvaros.com\\\/wp-content\\\/uploads\\\/2025\\\/09\\\/1Szexshopbelvaroslogo_blurred_stronger.jpg\",\"contentUrl\":\"https:\\\/\\\/www.szexshopbelvaros.com\\\/wp-content\\\/uploads\\\/2025\\\/09\\\/1Szexshopbelvaroslogo_blurred_stronger.jpg\",\"width\":1024,\"height\":1024,\"caption\":\"Szexshop Belv\u00e1ros\"},\"image\":{\"@id\":\"https:\\\/\\\/www.szexshopbelvaros.com\\\/#\\\/schema\\\/logo\\\/image\\\/\"},\"sameAs\":[\"https:\\\/\\\/www.facebook.com\\\/belvarossecrets\\\/\",\"https:\\\/\\\/x.com\\\/belvarossecrets\",\"https:\\\/\\\/www.instagram.com\\\/belvarossecrets\\\/\",\"https:\\\/\\\/www.tiktok.com\\\/@belvarossecrets\"]}]}<\/script>\n<!-- \/ Yoast SEO plugin. -->","yoast_head_json":{"title":"\ud83d\udebf Shower Me Deluxe \u2013 The Michelin-star version of intimate wellness - Szexshop Belvaros","robots":{"index":"index","follow":"follow","max-snippet":"max-snippet:-1","max-image-preview":"max-image-preview:large","max-video-preview":"max-video-preview:-1"},"canonical":"https:\/\/www.szexshopbelvaros.com\/en\/product\/shower-me-cleaner-for-female\/","og_locale":"en_US","og_type":"article","og_title":"\ud83d\udebf Shower Me Deluxe \u2013 Az intim wellness Michelin-csillagos verzi\u00f3ja - Szexshop Belvaros","og_description":"Mert n\u00e9ha a \u201etiszta lelkiismerethez\u201d egy zuhanycs\u0151 is kell. A Shower Me nemcsak egy intim zuhany, hanem a segglyukak spa-napja: k\u00e9t cser\u00e9lhet\u0151 fejjel, h\u00fcvelyi \u00e9s an\u00e1lis haszn\u00e1latra, 138 cm-es f\u00e9mcs\u0151vel, amit a zuhanyra pattintasz, \u00e9s indulhat a bels\u0151 nagytakar\u00edt\u00e1s. A 2,3 \u00e9s 3 cm \u00e1tm\u00e9r\u0151j\u0171 fejek \u00fagy simulnak be, mint a k\u00e9retlen dickpic az inboxodba, [...]","og_url":"https:\/\/www.szexshopbelvaros.com\/en\/product\/shower-me-cleaner-for-female\/","og_site_name":"Szexshop Belvaros","article_publisher":"https:\/\/www.facebook.com\/belvarossecrets\/","article_modified_time":"2026-04-10T12:00:52+00:00","og_image":[{"width":1000,"height":563,"url":"https:\/\/www.szexshopbelvaros.com\/wp-content\/uploads\/2025\/01\/f7b69a8c-4671-11ee-8275-12a89e3daa90_cleaner_for_female__2_.jpg","type":"image\/jpeg"}],"twitter_card":"summary_large_image","twitter_site":"@belvarossecrets","twitter_misc":{"Est. reading time":"1 minute"},"schema":{"@context":"https:\/\/schema.org","@graph":[{"@type":"WebPage","@id":"https:\/\/www.szexshopbelvaros.com\/termek\/shower-me-cleaner-for-female\/","url":"https:\/\/www.szexshopbelvaros.com\/termek\/shower-me-cleaner-for-female\/","name":"\ud83d\udebf Shower Me Deluxe \u2013 The Michelin-star version of intimate wellness - Szexshop Belvaros","isPartOf":{"@id":"https:\/\/www.szexshopbelvaros.com\/#website"},"primaryImageOfPage":{"@id":"https:\/\/www.szexshopbelvaros.com\/termek\/shower-me-cleaner-for-female\/#primaryimage"},"image":{"@id":"https:\/\/www.szexshopbelvaros.com\/termek\/shower-me-cleaner-for-female\/#primaryimage"},"thumbnailUrl":"https:\/\/www.szexshopbelvaros.com\/wp-content\/uploads\/2025\/01\/f7b69a8c-4671-11ee-8275-12a89e3daa90_cleaner_for_female__2_.jpg","datePublished":"2025-01-31T13:45:07+00:00","dateModified":"2026-04-10T12:00:52+00:00","breadcrumb":{"@id":"https:\/\/www.szexshopbelvaros.com\/termek\/shower-me-cleaner-for-female\/#breadcrumb"},"inLanguage":"en-US","potentialAction":[{"@type":"ReadAction","target":["https:\/\/www.szexshopbelvaros.com\/termek\/shower-me-cleaner-for-female\/"]}]},{"@type":"ImageObject","inLanguage":"en-US","@id":"https:\/\/www.szexshopbelvaros.com\/termek\/shower-me-cleaner-for-female\/#primaryimage","url":"https:\/\/www.szexshopbelvaros.com\/wp-content\/uploads\/2025\/01\/f7b69a8c-4671-11ee-8275-12a89e3daa90_cleaner_for_female__2_.jpg","contentUrl":"https:\/\/www.szexshopbelvaros.com\/wp-content\/uploads\/2025\/01\/f7b69a8c-4671-11ee-8275-12a89e3daa90_cleaner_for_female__2_.jpg","width":1000,"height":563},{"@type":"BreadcrumbList","@id":"https:\/\/www.szexshopbelvaros.com\/termek\/shower-me-cleaner-for-female\/#breadcrumb","itemListElement":[{"@type":"ListItem","position":1,"name":"Home","item":"https:\/\/www.szexshopbelvaros.com\/"},{"@type":"ListItem","position":2,"name":"\u00c1ruh\u00e1z","item":"https:\/\/www.szexshopbelvaros.com\/uzlet\/"},{"@type":"ListItem","position":3,"name":"\ud83d\udebf Shower Me Deluxe \u2013 Az intim wellness Michelin-csillagos verzi\u00f3ja"}]},{"@type":"WebSite","@id":"https:\/\/www.szexshopbelvaros.com\/#website","url":"https:\/\/www.szexshopbelvaros.com\/","name":"at our Szexshop Belv\u00e1ros","description":"\ud83d\udd25 Sex is like money; only too much is enough!\u2122 Secrets from the city center \ud83d\udc8b | Secrets from Budapest \ud83d\udc8e Adult games \u2022 Erotica \u2022 Sex shop Belvaros","publisher":{"@id":"https:\/\/www.szexshopbelvaros.com\/#organization"},"potentialAction":[{"@type":"SearchAction","target":{"@type":"EntryPoint","urlTemplate":"https:\/\/www.szexshopbelvaros.com\/?s={search_term_string}"},"query-input":{"@type":"PropertyValueSpecification","valueRequired":true,"valueName":"search_term_string"}}],"inLanguage":"en-US"},{"@type":"Organization","@id":"https:\/\/www.szexshopbelvaros.com\/#organization","name":"at our Szexshop Belv\u00e1ros","alternateName":"szexshopbelvaros.com","url":"https:\/\/www.szexshopbelvaros.com\/","logo":{"@type":"ImageObject","inLanguage":"en-US","@id":"https:\/\/www.szexshopbelvaros.com\/#\/schema\/logo\/image\/","url":"https:\/\/www.szexshopbelvaros.com\/wp-content\/uploads\/2025\/09\/1Szexshopbelvaroslogo_blurred_stronger.jpg","contentUrl":"https:\/\/www.szexshopbelvaros.com\/wp-content\/uploads\/2025\/09\/1Szexshopbelvaroslogo_blurred_stronger.jpg","width":1024,"height":1024,"caption":"Szexshop Belv\u00e1ros"},"image":{"@id":"https:\/\/www.szexshopbelvaros.com\/#\/schema\/logo\/image\/"},"sameAs":["https:\/\/www.facebook.com\/belvarossecrets\/","https:\/\/x.com\/belvarossecrets","https:\/\/www.instagram.com\/belvarossecrets\/","https:\/\/www.tiktok.com\/@belvarossecrets"]}]}},"_links":{"self":[{"href":"https:\/\/www.szexshopbelvaros.com\/en\/wp-json\/wp\/v2\/product\/692","targetHints":{"allow":["GET"]}}],"collection":[{"href":"https:\/\/www.szexshopbelvaros.com\/en\/wp-json\/wp\/v2\/product"}],"about":[{"href":"https:\/\/www.szexshopbelvaros.com\/en\/wp-json\/wp\/v2\/types\/product"}],"replies":[{"embeddable":true,"href":"https:\/\/www.szexshopbelvaros.com\/en\/wp-json\/wp\/v2\/comments?post=692"}],"wp:featuredmedia":[{"embeddable":true,"href":"https:\/\/www.szexshopbelvaros.com\/en\/wp-json\/wp\/v2\/media\/693"}],"wp:attachment":[{"href":"https:\/\/www.szexshopbelvaros.com\/en\/wp-json\/wp\/v2\/media?parent=692"}],"wp:term":[{"taxonomy":"product_brand","embeddable":true,"href":"https:\/\/www.szexshopbelvaros.com\/en\/wp-json\/wp\/v2\/product_brand?post=692"},{"taxonomy":"product_cat","embeddable":true,"href":"https:\/\/www.szexshopbelvaros.com\/en\/wp-json\/wp\/v2\/product_cat?post=692"},{"taxonomy":"product_tag","embeddable":true,"href":"https:\/\/www.szexshopbelvaros.com\/en\/wp-json\/wp\/v2\/product_tag?post=692"}],"curies":[{"name":"wp","href":"https:\/\/api.w.org\/{rel}","templated":true}]}}