{"id":698,"date":"2025-01-31T14:45:07","date_gmt":"2025-01-31T13:45:07","guid":{"rendered":"https:\/\/www.szexshopbelvaros.com\/termek\/mtoys-szexgep-dildo-001-rozsaszin-sex-machine-dildo-001-pink\/"},"modified":"2026-04-10T14:00:52","modified_gmt":"2026-04-10T12:00:52","slug":"mtoys-szexgep-dildo-001-rozsaszin-sex-machine-dildo-001-pink","status":"publish","type":"product","link":"https:\/\/www.szexshopbelvaros.com\/en\/product\/mtoys-szexgep-dildo-001-rozsaszin-sex-machine-dildo-001-pink\/","title":{"rendered":"Sex machine dildo 001 \u2013 pink"},"content":{"rendered":"<p>Sex machine dildo. \u2013 pink, jelly 19.5 cm. Penis-shaped dildo with a soft outer layer and a hard inner core, made of a jelly material similar to body tissue, without a motor, with a veined surface. The sex machine can be attached to the surface using a connector. Cleaning: before and after each use, wash with lukewarm soapy water and an accessory cleaner. Water-based lubricant is recommended. Length (cm): 19.5 Diameter (cm): 2.5-3 Color: pink Material: Jelly silicone Special feature: waterproof<\/p>\n<p>&nbsp;<\/p>","protected":false},"excerpt":{"rendered":"<p>Szexg\u00e9p dildo. &#8211; r\u00f3zsasz\u00edn, zsel\u00e9s 19,5 cm. P\u00e9nisz form\u00e1j\u00fa, l\u00e1gy k\u00fcls\u0151 r\u00e9teggel \u00e9s kem\u00e9ny bels\u0151 maggal rendelkez\u0151, testsz\u00f6vethez hasonl\u00f3, zsel\u00e9s anyagb\u00f3l k\u00e9sz\u00fclt, motor n\u00e9lk\u00fcli, erezett fel\u00fclet\u0171 dild\u00f3. Csatlakoztat\u00f3 seg\u00edts\u00e9g\u00e9vel a szexg\u00e9p fel\u00fcletre r\u00f6gz\u00edthet\u0151. Tiszt\u00edt\u00e1sa : minden haszn\u00e1lat el\u0151tt \u00e9s minden haszn\u00e1lat ut\u00e1n langyos szappanos v\u00edzzel \u00e9s seg\u00e9deszk\u00f6z tiszt\u00edt\u00f3val kell lemosni. V\u00edzb\u00e1zis\u00fa s\u00edkos\u00edt\u00f3 javasolt. Hossz (cm): [&#8230;]\n","protected":false},"featured_media":699,"comment_status":"closed","ping_status":"closed","template":"","meta":[],"product_brand":[],"product_cat":[54],"product_tag":[398,2116,2120,2103,2100,2117,389,1035,1192,1318,2118,2102,2119,2101,1347,322,220,384],"class_list":{"0":"post-698","1":"product","2":"type-product","3":"status-publish","4":"has-post-thumbnail","6":"product_cat-szexgepek","7":"product_tag-adult-toy","8":"product_tag-automata-jatek","9":"product_tag-automatic-sex-toy","10":"product_tag-electric-stimulator","11":"product_tag-elektromos-jatek","12":"product_tag-eros-stimulacio","13":"product_tag-felnott-jatek","14":"product_tag-intense-stimulation","15":"product_tag-intim-jatek","16":"product_tag-intimate-toy","17":"product_tag-mechanikus-jatek","18":"product_tag-pleasure-device","19":"product_tag-sex-machine","20":"product_tag-stimulacio","21":"product_tag-szexgep","22":"product_tag-szexjatek","23":"product_tag-szexshop-belvaros","24":"product_tag-vibrator","26":"first","27":"instock","28":"taxable","29":"shipping-taxable","30":"purchasable","31":"product-type-simple"},"yoast_head":"<!-- This site is optimized with the Yoast SEO plugin v27.4 - https:\/\/yoast.com\/product\/yoast-seo-wordpress\/ -->\n<title>Szexg\u00e9p dildo 001 - r\u00f3zsasz\u00edn - Szexshop Belvaros<\/title>\n<meta name=\"robots\" content=\"index, follow, max-snippet:-1, max-image-preview:large, max-video-preview:-1\" \/>\n<link rel=\"canonical\" href=\"https:\/\/www.szexshopbelvaros.com\/en\/product\/mtoys-szexgep-dildo-001-rozsaszin-sex-machine-dildo-001-pink\/\" \/>\n<meta property=\"og:locale\" content=\"en_US\" \/>\n<meta property=\"og:type\" content=\"article\" \/>\n<meta property=\"og:title\" content=\"Szexg\u00e9p dildo 001 - r\u00f3zsasz\u00edn - Szexshop Belvaros\" \/>\n<meta property=\"og:description\" content=\"Szexg\u00e9p dildo. &#8211; r\u00f3zsasz\u00edn, zsel\u00e9s 19,5 cm. P\u00e9nisz form\u00e1j\u00fa, l\u00e1gy k\u00fcls\u0151 r\u00e9teggel \u00e9s kem\u00e9ny bels\u0151 maggal rendelkez\u0151, testsz\u00f6vethez hasonl\u00f3, zsel\u00e9s anyagb\u00f3l k\u00e9sz\u00fclt, motor n\u00e9lk\u00fcli, erezett fel\u00fclet\u0171 dild\u00f3. Csatlakoztat\u00f3 seg\u00edts\u00e9g\u00e9vel a szexg\u00e9p fel\u00fcletre r\u00f6gz\u00edthet\u0151. Tiszt\u00edt\u00e1sa : minden haszn\u00e1lat el\u0151tt \u00e9s minden haszn\u00e1lat ut\u00e1n langyos szappanos v\u00edzzel \u00e9s seg\u00e9deszk\u00f6z tiszt\u00edt\u00f3val kell lemosni. V\u00edzb\u00e1zis\u00fa s\u00edkos\u00edt\u00f3 javasolt. Hossz (cm): [...]\" \/>\n<meta property=\"og:url\" content=\"https:\/\/www.szexshopbelvaros.com\/en\/product\/mtoys-szexgep-dildo-001-rozsaszin-sex-machine-dildo-001-pink\/\" \/>\n<meta property=\"og:site_name\" content=\"Szexshop Belvaros\" \/>\n<meta property=\"article:publisher\" content=\"https:\/\/www.facebook.com\/belvarossecrets\/\" \/>\n<meta property=\"article:modified_time\" content=\"2026-04-10T12:00:52+00:00\" \/>\n<meta property=\"og:image\" content=\"https:\/\/www.szexshopbelvaros.com\/wp-content\/uploads\/2025\/01\/35f23788-63a0-11ef-afd7-1ea3c19be235_k_perny_k_p_2024_08_26_114721.jpg\" \/>\n\t<meta property=\"og:image:width\" content=\"1200\" \/>\n\t<meta property=\"og:image:height\" content=\"676\" \/>\n\t<meta property=\"og:image:type\" content=\"image\/jpeg\" \/>\n<meta name=\"twitter:card\" content=\"summary_large_image\" \/>\n<meta name=\"twitter:site\" content=\"@belvarossecrets\" \/>\n<meta name=\"twitter:label1\" content=\"Est. reading time\" \/>\n\t<meta name=\"twitter:data1\" content=\"1 minute\" \/>\n<script type=\"application\/ld+json\" class=\"yoast-schema-graph\">{\"@context\":\"https:\\\/\\\/schema.org\",\"@graph\":[{\"@type\":\"WebPage\",\"@id\":\"https:\\\/\\\/www.szexshopbelvaros.com\\\/termek\\\/mtoys-szexgep-dildo-001-rozsaszin-sex-machine-dildo-001-pink\\\/\",\"url\":\"https:\\\/\\\/www.szexshopbelvaros.com\\\/termek\\\/mtoys-szexgep-dildo-001-rozsaszin-sex-machine-dildo-001-pink\\\/\",\"name\":\"Szexg\u00e9p dildo 001 - r\u00f3zsasz\u00edn - Szexshop Belvaros\",\"isPartOf\":{\"@id\":\"https:\\\/\\\/www.szexshopbelvaros.com\\\/#website\"},\"primaryImageOfPage\":{\"@id\":\"https:\\\/\\\/www.szexshopbelvaros.com\\\/termek\\\/mtoys-szexgep-dildo-001-rozsaszin-sex-machine-dildo-001-pink\\\/#primaryimage\"},\"image\":{\"@id\":\"https:\\\/\\\/www.szexshopbelvaros.com\\\/termek\\\/mtoys-szexgep-dildo-001-rozsaszin-sex-machine-dildo-001-pink\\\/#primaryimage\"},\"thumbnailUrl\":\"https:\\\/\\\/www.szexshopbelvaros.com\\\/wp-content\\\/uploads\\\/2025\\\/01\\\/35f23788-63a0-11ef-afd7-1ea3c19be235_k_perny_k_p_2024_08_26_114721.jpg\",\"datePublished\":\"2025-01-31T13:45:07+00:00\",\"dateModified\":\"2026-04-10T12:00:52+00:00\",\"breadcrumb\":{\"@id\":\"https:\\\/\\\/www.szexshopbelvaros.com\\\/termek\\\/mtoys-szexgep-dildo-001-rozsaszin-sex-machine-dildo-001-pink\\\/#breadcrumb\"},\"inLanguage\":\"en-US\",\"potentialAction\":[{\"@type\":\"ReadAction\",\"target\":[\"https:\\\/\\\/www.szexshopbelvaros.com\\\/termek\\\/mtoys-szexgep-dildo-001-rozsaszin-sex-machine-dildo-001-pink\\\/\"]}]},{\"@type\":\"ImageObject\",\"inLanguage\":\"en-US\",\"@id\":\"https:\\\/\\\/www.szexshopbelvaros.com\\\/termek\\\/mtoys-szexgep-dildo-001-rozsaszin-sex-machine-dildo-001-pink\\\/#primaryimage\",\"url\":\"https:\\\/\\\/www.szexshopbelvaros.com\\\/wp-content\\\/uploads\\\/2025\\\/01\\\/35f23788-63a0-11ef-afd7-1ea3c19be235_k_perny_k_p_2024_08_26_114721.jpg\",\"contentUrl\":\"https:\\\/\\\/www.szexshopbelvaros.com\\\/wp-content\\\/uploads\\\/2025\\\/01\\\/35f23788-63a0-11ef-afd7-1ea3c19be235_k_perny_k_p_2024_08_26_114721.jpg\",\"width\":1200,\"height\":676},{\"@type\":\"BreadcrumbList\",\"@id\":\"https:\\\/\\\/www.szexshopbelvaros.com\\\/termek\\\/mtoys-szexgep-dildo-001-rozsaszin-sex-machine-dildo-001-pink\\\/#breadcrumb\",\"itemListElement\":[{\"@type\":\"ListItem\",\"position\":1,\"name\":\"Home\",\"item\":\"https:\\\/\\\/www.szexshopbelvaros.com\\\/\"},{\"@type\":\"ListItem\",\"position\":2,\"name\":\"\u00c1ruh\u00e1z\",\"item\":\"https:\\\/\\\/www.szexshopbelvaros.com\\\/uzlet\\\/\"},{\"@type\":\"ListItem\",\"position\":3,\"name\":\"Szexg\u00e9p dildo 001 &#8211; r\u00f3zsasz\u00edn\"}]},{\"@type\":\"WebSite\",\"@id\":\"https:\\\/\\\/www.szexshopbelvaros.com\\\/#website\",\"url\":\"https:\\\/\\\/www.szexshopbelvaros.com\\\/\",\"name\":\"Szexshop Belv\u00e1ros\",\"description\":\"\ud83d\udd25 A szex olyan, mint a p\u00e9nz; csak a t\u00fal sok el\u00e9g!\u2122 Titkok a belv\u00e1rosb\u00f3l \ud83d\udc8b | Secrets from Budapest \ud83d\udc8e Feln\u0151tt j\u00e1t\u00e9kok \u2022 Erotika \u2022 Szexshop Belvaros\",\"publisher\":{\"@id\":\"https:\\\/\\\/www.szexshopbelvaros.com\\\/#organization\"},\"potentialAction\":[{\"@type\":\"SearchAction\",\"target\":{\"@type\":\"EntryPoint\",\"urlTemplate\":\"https:\\\/\\\/www.szexshopbelvaros.com\\\/?s={search_term_string}\"},\"query-input\":{\"@type\":\"PropertyValueSpecification\",\"valueRequired\":true,\"valueName\":\"search_term_string\"}}],\"inLanguage\":\"en-US\"},{\"@type\":\"Organization\",\"@id\":\"https:\\\/\\\/www.szexshopbelvaros.com\\\/#organization\",\"name\":\"Szexshop Belv\u00e1ros\",\"alternateName\":\"szexshopbelvaros.com\",\"url\":\"https:\\\/\\\/www.szexshopbelvaros.com\\\/\",\"logo\":{\"@type\":\"ImageObject\",\"inLanguage\":\"en-US\",\"@id\":\"https:\\\/\\\/www.szexshopbelvaros.com\\\/#\\\/schema\\\/logo\\\/image\\\/\",\"url\":\"https:\\\/\\\/www.szexshopbelvaros.com\\\/wp-content\\\/uploads\\\/2025\\\/09\\\/1Szexshopbelvaroslogo_blurred_stronger.jpg\",\"contentUrl\":\"https:\\\/\\\/www.szexshopbelvaros.com\\\/wp-content\\\/uploads\\\/2025\\\/09\\\/1Szexshopbelvaroslogo_blurred_stronger.jpg\",\"width\":1024,\"height\":1024,\"caption\":\"Szexshop Belv\u00e1ros\"},\"image\":{\"@id\":\"https:\\\/\\\/www.szexshopbelvaros.com\\\/#\\\/schema\\\/logo\\\/image\\\/\"},\"sameAs\":[\"https:\\\/\\\/www.facebook.com\\\/belvarossecrets\\\/\",\"https:\\\/\\\/x.com\\\/belvarossecrets\",\"https:\\\/\\\/www.instagram.com\\\/belvarossecrets\\\/\",\"https:\\\/\\\/www.tiktok.com\\\/@belvarossecrets\"]}]}<\/script>\n<!-- \/ Yoast SEO plugin. -->","yoast_head_json":{"title":"Sex machine dildo 001 - pink - Sex shop Belvaros","robots":{"index":"index","follow":"follow","max-snippet":"max-snippet:-1","max-image-preview":"max-image-preview:large","max-video-preview":"max-video-preview:-1"},"canonical":"https:\/\/www.szexshopbelvaros.com\/en\/product\/mtoys-szexgep-dildo-001-rozsaszin-sex-machine-dildo-001-pink\/","og_locale":"en_US","og_type":"article","og_title":"Szexg\u00e9p dildo 001 - r\u00f3zsasz\u00edn - Szexshop Belvaros","og_description":"Szexg\u00e9p dildo. &#8211; r\u00f3zsasz\u00edn, zsel\u00e9s 19,5 cm. P\u00e9nisz form\u00e1j\u00fa, l\u00e1gy k\u00fcls\u0151 r\u00e9teggel \u00e9s kem\u00e9ny bels\u0151 maggal rendelkez\u0151, testsz\u00f6vethez hasonl\u00f3, zsel\u00e9s anyagb\u00f3l k\u00e9sz\u00fclt, motor n\u00e9lk\u00fcli, erezett fel\u00fclet\u0171 dild\u00f3. Csatlakoztat\u00f3 seg\u00edts\u00e9g\u00e9vel a szexg\u00e9p fel\u00fcletre r\u00f6gz\u00edthet\u0151. Tiszt\u00edt\u00e1sa : minden haszn\u00e1lat el\u0151tt \u00e9s minden haszn\u00e1lat ut\u00e1n langyos szappanos v\u00edzzel \u00e9s seg\u00e9deszk\u00f6z tiszt\u00edt\u00f3val kell lemosni. V\u00edzb\u00e1zis\u00fa s\u00edkos\u00edt\u00f3 javasolt. Hossz (cm): [...]","og_url":"https:\/\/www.szexshopbelvaros.com\/en\/product\/mtoys-szexgep-dildo-001-rozsaszin-sex-machine-dildo-001-pink\/","og_site_name":"Szexshop Belvaros","article_publisher":"https:\/\/www.facebook.com\/belvarossecrets\/","article_modified_time":"2026-04-10T12:00:52+00:00","og_image":[{"width":1200,"height":676,"url":"https:\/\/www.szexshopbelvaros.com\/wp-content\/uploads\/2025\/01\/35f23788-63a0-11ef-afd7-1ea3c19be235_k_perny_k_p_2024_08_26_114721.jpg","type":"image\/jpeg"}],"twitter_card":"summary_large_image","twitter_site":"@belvarossecrets","twitter_misc":{"Est. reading time":"1 minute"},"schema":{"@context":"https:\/\/schema.org","@graph":[{"@type":"WebPage","@id":"https:\/\/www.szexshopbelvaros.com\/termek\/mtoys-szexgep-dildo-001-rozsaszin-sex-machine-dildo-001-pink\/","url":"https:\/\/www.szexshopbelvaros.com\/termek\/mtoys-szexgep-dildo-001-rozsaszin-sex-machine-dildo-001-pink\/","name":"Sex machine dildo 001 - pink - Sex shop Belvaros","isPartOf":{"@id":"https:\/\/www.szexshopbelvaros.com\/#website"},"primaryImageOfPage":{"@id":"https:\/\/www.szexshopbelvaros.com\/termek\/mtoys-szexgep-dildo-001-rozsaszin-sex-machine-dildo-001-pink\/#primaryimage"},"image":{"@id":"https:\/\/www.szexshopbelvaros.com\/termek\/mtoys-szexgep-dildo-001-rozsaszin-sex-machine-dildo-001-pink\/#primaryimage"},"thumbnailUrl":"https:\/\/www.szexshopbelvaros.com\/wp-content\/uploads\/2025\/01\/35f23788-63a0-11ef-afd7-1ea3c19be235_k_perny_k_p_2024_08_26_114721.jpg","datePublished":"2025-01-31T13:45:07+00:00","dateModified":"2026-04-10T12:00:52+00:00","breadcrumb":{"@id":"https:\/\/www.szexshopbelvaros.com\/termek\/mtoys-szexgep-dildo-001-rozsaszin-sex-machine-dildo-001-pink\/#breadcrumb"},"inLanguage":"en-US","potentialAction":[{"@type":"ReadAction","target":["https:\/\/www.szexshopbelvaros.com\/termek\/mtoys-szexgep-dildo-001-rozsaszin-sex-machine-dildo-001-pink\/"]}]},{"@type":"ImageObject","inLanguage":"en-US","@id":"https:\/\/www.szexshopbelvaros.com\/termek\/mtoys-szexgep-dildo-001-rozsaszin-sex-machine-dildo-001-pink\/#primaryimage","url":"https:\/\/www.szexshopbelvaros.com\/wp-content\/uploads\/2025\/01\/35f23788-63a0-11ef-afd7-1ea3c19be235_k_perny_k_p_2024_08_26_114721.jpg","contentUrl":"https:\/\/www.szexshopbelvaros.com\/wp-content\/uploads\/2025\/01\/35f23788-63a0-11ef-afd7-1ea3c19be235_k_perny_k_p_2024_08_26_114721.jpg","width":1200,"height":676},{"@type":"BreadcrumbList","@id":"https:\/\/www.szexshopbelvaros.com\/termek\/mtoys-szexgep-dildo-001-rozsaszin-sex-machine-dildo-001-pink\/#breadcrumb","itemListElement":[{"@type":"ListItem","position":1,"name":"Home","item":"https:\/\/www.szexshopbelvaros.com\/"},{"@type":"ListItem","position":2,"name":"\u00c1ruh\u00e1z","item":"https:\/\/www.szexshopbelvaros.com\/uzlet\/"},{"@type":"ListItem","position":3,"name":"Szexg\u00e9p dildo 001 &#8211; r\u00f3zsasz\u00edn"}]},{"@type":"WebSite","@id":"https:\/\/www.szexshopbelvaros.com\/#website","url":"https:\/\/www.szexshopbelvaros.com\/","name":"at our Szexshop Belv\u00e1ros","description":"\ud83d\udd25 Sex is like money; only too much is enough!\u2122 Secrets from the city center \ud83d\udc8b | Secrets from Budapest \ud83d\udc8e Adult games \u2022 Erotica \u2022 Sex shop Belvaros","publisher":{"@id":"https:\/\/www.szexshopbelvaros.com\/#organization"},"potentialAction":[{"@type":"SearchAction","target":{"@type":"EntryPoint","urlTemplate":"https:\/\/www.szexshopbelvaros.com\/?s={search_term_string}"},"query-input":{"@type":"PropertyValueSpecification","valueRequired":true,"valueName":"search_term_string"}}],"inLanguage":"en-US"},{"@type":"Organization","@id":"https:\/\/www.szexshopbelvaros.com\/#organization","name":"at our Szexshop Belv\u00e1ros","alternateName":"szexshopbelvaros.com","url":"https:\/\/www.szexshopbelvaros.com\/","logo":{"@type":"ImageObject","inLanguage":"en-US","@id":"https:\/\/www.szexshopbelvaros.com\/#\/schema\/logo\/image\/","url":"https:\/\/www.szexshopbelvaros.com\/wp-content\/uploads\/2025\/09\/1Szexshopbelvaroslogo_blurred_stronger.jpg","contentUrl":"https:\/\/www.szexshopbelvaros.com\/wp-content\/uploads\/2025\/09\/1Szexshopbelvaroslogo_blurred_stronger.jpg","width":1024,"height":1024,"caption":"Szexshop Belv\u00e1ros"},"image":{"@id":"https:\/\/www.szexshopbelvaros.com\/#\/schema\/logo\/image\/"},"sameAs":["https:\/\/www.facebook.com\/belvarossecrets\/","https:\/\/x.com\/belvarossecrets","https:\/\/www.instagram.com\/belvarossecrets\/","https:\/\/www.tiktok.com\/@belvarossecrets"]}]}},"_links":{"self":[{"href":"https:\/\/www.szexshopbelvaros.com\/en\/wp-json\/wp\/v2\/product\/698","targetHints":{"allow":["GET"]}}],"collection":[{"href":"https:\/\/www.szexshopbelvaros.com\/en\/wp-json\/wp\/v2\/product"}],"about":[{"href":"https:\/\/www.szexshopbelvaros.com\/en\/wp-json\/wp\/v2\/types\/product"}],"replies":[{"embeddable":true,"href":"https:\/\/www.szexshopbelvaros.com\/en\/wp-json\/wp\/v2\/comments?post=698"}],"wp:featuredmedia":[{"embeddable":true,"href":"https:\/\/www.szexshopbelvaros.com\/en\/wp-json\/wp\/v2\/media\/699"}],"wp:attachment":[{"href":"https:\/\/www.szexshopbelvaros.com\/en\/wp-json\/wp\/v2\/media?parent=698"}],"wp:term":[{"taxonomy":"product_brand","embeddable":true,"href":"https:\/\/www.szexshopbelvaros.com\/en\/wp-json\/wp\/v2\/product_brand?post=698"},{"taxonomy":"product_cat","embeddable":true,"href":"https:\/\/www.szexshopbelvaros.com\/en\/wp-json\/wp\/v2\/product_cat?post=698"},{"taxonomy":"product_tag","embeddable":true,"href":"https:\/\/www.szexshopbelvaros.com\/en\/wp-json\/wp\/v2\/product_tag?post=698"}],"curies":[{"name":"wp","href":"https:\/\/api.w.org\/{rel}","templated":true}]}}