{"id":724,"date":"2025-01-31T14:45:07","date_gmt":"2025-01-31T13:45:07","guid":{"rendered":"https:\/\/www.szexshopbelvaros.com\/termek\/pretty-love-kegel-tighten-up-iii-turquoise\/"},"modified":"2026-04-10T14:00:54","modified_gmt":"2026-04-10T12:00:54","slug":"pretty-love-kegel-tighten-up-iii-turquoise","status":"publish","type":"product","link":"https:\/\/www.szexshopbelvaros.com\/en\/product\/pretty-love-kegel-tighten-up-iii-turquoise\/","title":{"rendered":"Pretty Love Kegel Tighten Up III Turquoise"},"content":{"rendered":"<p>Made of high-quality silicone, consisting of 2 balls of the same size, an aid that can be inserted into the body opening. It is primarily suitable for strengthening intimate female muscles, which is also recommended for erotic games. Inside the balls, which are attached to each other, there are smaller vaginal weights that create a vibration effect when moved. Due to its size, consisting of two pieces, it is perfectly suitable for increasing the difficulty of intimate exercises.<br \/>\nCleaning: Wash with warm soapy water and tool cleaner before and after each use. Water-based lubricant recommended.<br \/>\nThe balls weigh 39 grams each.<br \/>\nMaterial Silicone<br \/>\nDiameter (cm) 3<br \/>\nLength (cm) 17<br \/>\nSpecial feature waterproof<br \/>\nColor Turquoise<\/p>\n<p>&nbsp;<\/p>","protected":false},"excerpt":{"rendered":"<p>Kiv\u00e1l\u00f3 min\u0151s\u00e9g\u0171 szilikonb\u00f3l k\u00e9sz\u00edtett, 2 azonos m\u00e9ret\u0171 goly\u00f3b\u00f3l \u00e1ll\u00f3, testny\u00edl\u00e1sba helyezhet\u0151 seg\u00e9deszk\u00f6z. Els\u0151sorban intim n\u0151i izomzat er\u0151s\u00edt\u00e9s\u00e9re alkalmas, mely erotikus j\u00e1t\u00e9kokhoz is aj\u00e1nlott. Az egym\u00e1shoz r\u00f6gz\u00edtett goly\u00f3k belsej\u00e9ben kisebb h\u00fcvely-s\u00falyok tal\u00e1lhat\u00f3ak, amik mozgat\u00e1s k\u00f6zben vibr\u00e1ci\u00f3s hat\u00e1st keltenek. K\u00e9t darabb\u00f3l \u00e1ll\u00f3 m\u00e9rete miatt az intim torna nehez\u00edt\u00e9s\u00e9re t\u00f6k\u00e9letesen alkalmas. Tiszt\u00edt\u00e1sa : minden haszn\u00e1lat el\u0151tt \u00e9s minden [&#8230;]\n","protected":false},"featured_media":725,"comment_status":"closed","ping_status":"closed","template":"","meta":[],"product_brand":[],"product_cat":[153,99],"product_tag":[2184,2182,2190,1203,2185,1215,1207,2180,2179,2181,2178,1216,220,2191,2183],"class_list":{"0":"post-724","1":"product","2":"type-product","3":"status-publish","4":"has-post-thumbnail","6":"product_cat-gesagolyok","7":"product_cat-noknek","8":"product_tag-adult-toy-for-women","9":"product_tag-female-sex-toy","10":"product_tag-gesagolyo","11":"product_tag-intim-torna","12":"product_tag-intimate-toy-for-women","13":"product_tag-kegel-balls","14":"product_tag-medencefenek-erosites","15":"product_tag-noi-elvezet","16":"product_tag-noi-intim-jatek","17":"product_tag-noi-kiegeszito","18":"product_tag-noi-szexjatek","19":"product_tag-pelvic-floor-training","20":"product_tag-szexshop-belvaros","21":"product_tag-vaginal-exerciser","22":"product_tag-womens-pleasure","24":"first","25":"outofstock","26":"taxable","27":"shipping-taxable","28":"purchasable","29":"product-type-simple"},"yoast_head":"<!-- This site is optimized with the Yoast SEO plugin v27.4 - https:\/\/yoast.com\/product\/yoast-seo-wordpress\/ -->\n<title>Pretty Love Kegel Tighten Up III Turquoise - Szexshop Belvaros<\/title>\n<meta name=\"robots\" content=\"index, follow, max-snippet:-1, max-image-preview:large, max-video-preview:-1\" \/>\n<link rel=\"canonical\" href=\"https:\/\/www.szexshopbelvaros.com\/en\/product\/pretty-love-kegel-tighten-up-iii-turquoise\/\" \/>\n<meta property=\"og:locale\" content=\"en_US\" \/>\n<meta property=\"og:type\" content=\"article\" \/>\n<meta property=\"og:title\" content=\"Pretty Love Kegel Tighten Up III Turquoise - Szexshop Belvaros\" \/>\n<meta property=\"og:description\" content=\"Kiv\u00e1l\u00f3 min\u0151s\u00e9g\u0171 szilikonb\u00f3l k\u00e9sz\u00edtett, 2 azonos m\u00e9ret\u0171 goly\u00f3b\u00f3l \u00e1ll\u00f3, testny\u00edl\u00e1sba helyezhet\u0151 seg\u00e9deszk\u00f6z. Els\u0151sorban intim n\u0151i izomzat er\u0151s\u00edt\u00e9s\u00e9re alkalmas, mely erotikus j\u00e1t\u00e9kokhoz is aj\u00e1nlott. Az egym\u00e1shoz r\u00f6gz\u00edtett goly\u00f3k belsej\u00e9ben kisebb h\u00fcvely-s\u00falyok tal\u00e1lhat\u00f3ak, amik mozgat\u00e1s k\u00f6zben vibr\u00e1ci\u00f3s hat\u00e1st keltenek. K\u00e9t darabb\u00f3l \u00e1ll\u00f3 m\u00e9rete miatt az intim torna nehez\u00edt\u00e9s\u00e9re t\u00f6k\u00e9letesen alkalmas. Tiszt\u00edt\u00e1sa : minden haszn\u00e1lat el\u0151tt \u00e9s minden [...]\" \/>\n<meta property=\"og:url\" content=\"https:\/\/www.szexshopbelvaros.com\/en\/product\/pretty-love-kegel-tighten-up-iii-turquoise\/\" \/>\n<meta property=\"og:site_name\" content=\"Szexshop Belvaros\" \/>\n<meta property=\"article:publisher\" content=\"https:\/\/www.facebook.com\/belvarossecrets\/\" \/>\n<meta property=\"article:modified_time\" content=\"2026-04-10T12:00:54+00:00\" \/>\n<meta property=\"og:image\" content=\"https:\/\/www.szexshopbelvaros.com\/wp-content\/uploads\/2025\/01\/790dc626-9b5f-11ef-9cdf-ce52afa195af_n_vtelen_1.jpg\" \/>\n\t<meta property=\"og:image:width\" content=\"1200\" \/>\n\t<meta property=\"og:image:height\" content=\"676\" \/>\n\t<meta property=\"og:image:type\" content=\"image\/jpeg\" \/>\n<meta name=\"twitter:card\" content=\"summary_large_image\" \/>\n<meta name=\"twitter:site\" content=\"@belvarossecrets\" \/>\n<meta name=\"twitter:label1\" content=\"Est. reading time\" \/>\n\t<meta name=\"twitter:data1\" content=\"1 minute\" \/>\n<script type=\"application\/ld+json\" class=\"yoast-schema-graph\">{\"@context\":\"https:\\\/\\\/schema.org\",\"@graph\":[{\"@type\":\"WebPage\",\"@id\":\"https:\\\/\\\/www.szexshopbelvaros.com\\\/termek\\\/pretty-love-kegel-tighten-up-iii-turquoise\\\/\",\"url\":\"https:\\\/\\\/www.szexshopbelvaros.com\\\/termek\\\/pretty-love-kegel-tighten-up-iii-turquoise\\\/\",\"name\":\"Pretty Love Kegel Tighten Up III Turquoise - Szexshop Belvaros\",\"isPartOf\":{\"@id\":\"https:\\\/\\\/www.szexshopbelvaros.com\\\/#website\"},\"primaryImageOfPage\":{\"@id\":\"https:\\\/\\\/www.szexshopbelvaros.com\\\/termek\\\/pretty-love-kegel-tighten-up-iii-turquoise\\\/#primaryimage\"},\"image\":{\"@id\":\"https:\\\/\\\/www.szexshopbelvaros.com\\\/termek\\\/pretty-love-kegel-tighten-up-iii-turquoise\\\/#primaryimage\"},\"thumbnailUrl\":\"https:\\\/\\\/www.szexshopbelvaros.com\\\/wp-content\\\/uploads\\\/2025\\\/01\\\/790dc626-9b5f-11ef-9cdf-ce52afa195af_n_vtelen_1.jpg\",\"datePublished\":\"2025-01-31T13:45:07+00:00\",\"dateModified\":\"2026-04-10T12:00:54+00:00\",\"breadcrumb\":{\"@id\":\"https:\\\/\\\/www.szexshopbelvaros.com\\\/termek\\\/pretty-love-kegel-tighten-up-iii-turquoise\\\/#breadcrumb\"},\"inLanguage\":\"en-US\",\"potentialAction\":[{\"@type\":\"ReadAction\",\"target\":[\"https:\\\/\\\/www.szexshopbelvaros.com\\\/termek\\\/pretty-love-kegel-tighten-up-iii-turquoise\\\/\"]}]},{\"@type\":\"ImageObject\",\"inLanguage\":\"en-US\",\"@id\":\"https:\\\/\\\/www.szexshopbelvaros.com\\\/termek\\\/pretty-love-kegel-tighten-up-iii-turquoise\\\/#primaryimage\",\"url\":\"https:\\\/\\\/www.szexshopbelvaros.com\\\/wp-content\\\/uploads\\\/2025\\\/01\\\/790dc626-9b5f-11ef-9cdf-ce52afa195af_n_vtelen_1.jpg\",\"contentUrl\":\"https:\\\/\\\/www.szexshopbelvaros.com\\\/wp-content\\\/uploads\\\/2025\\\/01\\\/790dc626-9b5f-11ef-9cdf-ce52afa195af_n_vtelen_1.jpg\",\"width\":1200,\"height\":676},{\"@type\":\"BreadcrumbList\",\"@id\":\"https:\\\/\\\/www.szexshopbelvaros.com\\\/termek\\\/pretty-love-kegel-tighten-up-iii-turquoise\\\/#breadcrumb\",\"itemListElement\":[{\"@type\":\"ListItem\",\"position\":1,\"name\":\"Home\",\"item\":\"https:\\\/\\\/www.szexshopbelvaros.com\\\/\"},{\"@type\":\"ListItem\",\"position\":2,\"name\":\"\u00c1ruh\u00e1z\",\"item\":\"https:\\\/\\\/www.szexshopbelvaros.com\\\/uzlet\\\/\"},{\"@type\":\"ListItem\",\"position\":3,\"name\":\"Pretty Love Kegel Tighten Up III Turquoise\"}]},{\"@type\":\"WebSite\",\"@id\":\"https:\\\/\\\/www.szexshopbelvaros.com\\\/#website\",\"url\":\"https:\\\/\\\/www.szexshopbelvaros.com\\\/\",\"name\":\"Szexshop Belv\u00e1ros\",\"description\":\"\ud83d\udd25 A szex olyan, mint a p\u00e9nz; csak a t\u00fal sok el\u00e9g!\u2122 Titkok a belv\u00e1rosb\u00f3l \ud83d\udc8b | Secrets from Budapest \ud83d\udc8e Feln\u0151tt j\u00e1t\u00e9kok \u2022 Erotika \u2022 Szexshop Belvaros\",\"publisher\":{\"@id\":\"https:\\\/\\\/www.szexshopbelvaros.com\\\/#organization\"},\"potentialAction\":[{\"@type\":\"SearchAction\",\"target\":{\"@type\":\"EntryPoint\",\"urlTemplate\":\"https:\\\/\\\/www.szexshopbelvaros.com\\\/?s={search_term_string}\"},\"query-input\":{\"@type\":\"PropertyValueSpecification\",\"valueRequired\":true,\"valueName\":\"search_term_string\"}}],\"inLanguage\":\"en-US\"},{\"@type\":\"Organization\",\"@id\":\"https:\\\/\\\/www.szexshopbelvaros.com\\\/#organization\",\"name\":\"Szexshop Belv\u00e1ros\",\"alternateName\":\"szexshopbelvaros.com\",\"url\":\"https:\\\/\\\/www.szexshopbelvaros.com\\\/\",\"logo\":{\"@type\":\"ImageObject\",\"inLanguage\":\"en-US\",\"@id\":\"https:\\\/\\\/www.szexshopbelvaros.com\\\/#\\\/schema\\\/logo\\\/image\\\/\",\"url\":\"https:\\\/\\\/www.szexshopbelvaros.com\\\/wp-content\\\/uploads\\\/2025\\\/09\\\/1Szexshopbelvaroslogo_blurred_stronger.jpg\",\"contentUrl\":\"https:\\\/\\\/www.szexshopbelvaros.com\\\/wp-content\\\/uploads\\\/2025\\\/09\\\/1Szexshopbelvaroslogo_blurred_stronger.jpg\",\"width\":1024,\"height\":1024,\"caption\":\"Szexshop Belv\u00e1ros\"},\"image\":{\"@id\":\"https:\\\/\\\/www.szexshopbelvaros.com\\\/#\\\/schema\\\/logo\\\/image\\\/\"},\"sameAs\":[\"https:\\\/\\\/www.facebook.com\\\/belvarossecrets\\\/\",\"https:\\\/\\\/x.com\\\/belvarossecrets\",\"https:\\\/\\\/www.instagram.com\\\/belvarossecrets\\\/\",\"https:\\\/\\\/www.tiktok.com\\\/@belvarossecrets\"]}]}<\/script>\n<!-- \/ Yoast SEO plugin. -->","yoast_head_json":{"title":"Pretty Love Kegel Tighten Up III Turquoise - Sexshop Belvaros","robots":{"index":"index","follow":"follow","max-snippet":"max-snippet:-1","max-image-preview":"max-image-preview:large","max-video-preview":"max-video-preview:-1"},"canonical":"https:\/\/www.szexshopbelvaros.com\/en\/product\/pretty-love-kegel-tighten-up-iii-turquoise\/","og_locale":"en_US","og_type":"article","og_title":"Pretty Love Kegel Tighten Up III Turquoise - Szexshop Belvaros","og_description":"Kiv\u00e1l\u00f3 min\u0151s\u00e9g\u0171 szilikonb\u00f3l k\u00e9sz\u00edtett, 2 azonos m\u00e9ret\u0171 goly\u00f3b\u00f3l \u00e1ll\u00f3, testny\u00edl\u00e1sba helyezhet\u0151 seg\u00e9deszk\u00f6z. Els\u0151sorban intim n\u0151i izomzat er\u0151s\u00edt\u00e9s\u00e9re alkalmas, mely erotikus j\u00e1t\u00e9kokhoz is aj\u00e1nlott. Az egym\u00e1shoz r\u00f6gz\u00edtett goly\u00f3k belsej\u00e9ben kisebb h\u00fcvely-s\u00falyok tal\u00e1lhat\u00f3ak, amik mozgat\u00e1s k\u00f6zben vibr\u00e1ci\u00f3s hat\u00e1st keltenek. K\u00e9t darabb\u00f3l \u00e1ll\u00f3 m\u00e9rete miatt az intim torna nehez\u00edt\u00e9s\u00e9re t\u00f6k\u00e9letesen alkalmas. Tiszt\u00edt\u00e1sa : minden haszn\u00e1lat el\u0151tt \u00e9s minden [...]","og_url":"https:\/\/www.szexshopbelvaros.com\/en\/product\/pretty-love-kegel-tighten-up-iii-turquoise\/","og_site_name":"Szexshop Belvaros","article_publisher":"https:\/\/www.facebook.com\/belvarossecrets\/","article_modified_time":"2026-04-10T12:00:54+00:00","og_image":[{"width":1200,"height":676,"url":"https:\/\/www.szexshopbelvaros.com\/wp-content\/uploads\/2025\/01\/790dc626-9b5f-11ef-9cdf-ce52afa195af_n_vtelen_1.jpg","type":"image\/jpeg"}],"twitter_card":"summary_large_image","twitter_site":"@belvarossecrets","twitter_misc":{"Est. reading time":"1 minute"},"schema":{"@context":"https:\/\/schema.org","@graph":[{"@type":"WebPage","@id":"https:\/\/www.szexshopbelvaros.com\/termek\/pretty-love-kegel-tighten-up-iii-turquoise\/","url":"https:\/\/www.szexshopbelvaros.com\/termek\/pretty-love-kegel-tighten-up-iii-turquoise\/","name":"Pretty Love Kegel Tighten Up III Turquoise - Sexshop Belvaros","isPartOf":{"@id":"https:\/\/www.szexshopbelvaros.com\/#website"},"primaryImageOfPage":{"@id":"https:\/\/www.szexshopbelvaros.com\/termek\/pretty-love-kegel-tighten-up-iii-turquoise\/#primaryimage"},"image":{"@id":"https:\/\/www.szexshopbelvaros.com\/termek\/pretty-love-kegel-tighten-up-iii-turquoise\/#primaryimage"},"thumbnailUrl":"https:\/\/www.szexshopbelvaros.com\/wp-content\/uploads\/2025\/01\/790dc626-9b5f-11ef-9cdf-ce52afa195af_n_vtelen_1.jpg","datePublished":"2025-01-31T13:45:07+00:00","dateModified":"2026-04-10T12:00:54+00:00","breadcrumb":{"@id":"https:\/\/www.szexshopbelvaros.com\/termek\/pretty-love-kegel-tighten-up-iii-turquoise\/#breadcrumb"},"inLanguage":"en-US","potentialAction":[{"@type":"ReadAction","target":["https:\/\/www.szexshopbelvaros.com\/termek\/pretty-love-kegel-tighten-up-iii-turquoise\/"]}]},{"@type":"ImageObject","inLanguage":"en-US","@id":"https:\/\/www.szexshopbelvaros.com\/termek\/pretty-love-kegel-tighten-up-iii-turquoise\/#primaryimage","url":"https:\/\/www.szexshopbelvaros.com\/wp-content\/uploads\/2025\/01\/790dc626-9b5f-11ef-9cdf-ce52afa195af_n_vtelen_1.jpg","contentUrl":"https:\/\/www.szexshopbelvaros.com\/wp-content\/uploads\/2025\/01\/790dc626-9b5f-11ef-9cdf-ce52afa195af_n_vtelen_1.jpg","width":1200,"height":676},{"@type":"BreadcrumbList","@id":"https:\/\/www.szexshopbelvaros.com\/termek\/pretty-love-kegel-tighten-up-iii-turquoise\/#breadcrumb","itemListElement":[{"@type":"ListItem","position":1,"name":"Home","item":"https:\/\/www.szexshopbelvaros.com\/"},{"@type":"ListItem","position":2,"name":"\u00c1ruh\u00e1z","item":"https:\/\/www.szexshopbelvaros.com\/uzlet\/"},{"@type":"ListItem","position":3,"name":"Pretty Love Kegel Tighten Up III Turquoise"}]},{"@type":"WebSite","@id":"https:\/\/www.szexshopbelvaros.com\/#website","url":"https:\/\/www.szexshopbelvaros.com\/","name":"at our Szexshop Belv\u00e1ros","description":"\ud83d\udd25 Sex is like money; only too much is enough!\u2122 Secrets from the city center \ud83d\udc8b | Secrets from Budapest \ud83d\udc8e Adult games \u2022 Erotica \u2022 Sex shop Belvaros","publisher":{"@id":"https:\/\/www.szexshopbelvaros.com\/#organization"},"potentialAction":[{"@type":"SearchAction","target":{"@type":"EntryPoint","urlTemplate":"https:\/\/www.szexshopbelvaros.com\/?s={search_term_string}"},"query-input":{"@type":"PropertyValueSpecification","valueRequired":true,"valueName":"search_term_string"}}],"inLanguage":"en-US"},{"@type":"Organization","@id":"https:\/\/www.szexshopbelvaros.com\/#organization","name":"at our Szexshop Belv\u00e1ros","alternateName":"szexshopbelvaros.com","url":"https:\/\/www.szexshopbelvaros.com\/","logo":{"@type":"ImageObject","inLanguage":"en-US","@id":"https:\/\/www.szexshopbelvaros.com\/#\/schema\/logo\/image\/","url":"https:\/\/www.szexshopbelvaros.com\/wp-content\/uploads\/2025\/09\/1Szexshopbelvaroslogo_blurred_stronger.jpg","contentUrl":"https:\/\/www.szexshopbelvaros.com\/wp-content\/uploads\/2025\/09\/1Szexshopbelvaroslogo_blurred_stronger.jpg","width":1024,"height":1024,"caption":"Szexshop Belv\u00e1ros"},"image":{"@id":"https:\/\/www.szexshopbelvaros.com\/#\/schema\/logo\/image\/"},"sameAs":["https:\/\/www.facebook.com\/belvarossecrets\/","https:\/\/x.com\/belvarossecrets","https:\/\/www.instagram.com\/belvarossecrets\/","https:\/\/www.tiktok.com\/@belvarossecrets"]}]}},"_links":{"self":[{"href":"https:\/\/www.szexshopbelvaros.com\/en\/wp-json\/wp\/v2\/product\/724","targetHints":{"allow":["GET"]}}],"collection":[{"href":"https:\/\/www.szexshopbelvaros.com\/en\/wp-json\/wp\/v2\/product"}],"about":[{"href":"https:\/\/www.szexshopbelvaros.com\/en\/wp-json\/wp\/v2\/types\/product"}],"replies":[{"embeddable":true,"href":"https:\/\/www.szexshopbelvaros.com\/en\/wp-json\/wp\/v2\/comments?post=724"}],"wp:featuredmedia":[{"embeddable":true,"href":"https:\/\/www.szexshopbelvaros.com\/en\/wp-json\/wp\/v2\/media\/725"}],"wp:attachment":[{"href":"https:\/\/www.szexshopbelvaros.com\/en\/wp-json\/wp\/v2\/media?parent=724"}],"wp:term":[{"taxonomy":"product_brand","embeddable":true,"href":"https:\/\/www.szexshopbelvaros.com\/en\/wp-json\/wp\/v2\/product_brand?post=724"},{"taxonomy":"product_cat","embeddable":true,"href":"https:\/\/www.szexshopbelvaros.com\/en\/wp-json\/wp\/v2\/product_cat?post=724"},{"taxonomy":"product_tag","embeddable":true,"href":"https:\/\/www.szexshopbelvaros.com\/en\/wp-json\/wp\/v2\/product_tag?post=724"}],"curies":[{"name":"wp","href":"https:\/\/api.w.org\/{rel}","templated":true}]}}