{"id":732,"date":"2025-01-31T14:45:54","date_gmt":"2025-01-31T13:45:54","guid":{"rendered":"https:\/\/www.szexshopbelvaros.com\/termek\/joydivision-joyballs-secret-premium-pink-fekete-100-orvosi-szilikon\/"},"modified":"2026-04-24T18:20:15","modified_gmt":"2026-04-24T16:20:15","slug":"joydivision-joyballs-secret-gesagolyo","status":"publish","type":"product","link":"https:\/\/www.szexshopbelvaros.com\/en\/product\/joydivision-joyballs-secret-gesagolyo\/","title":{"rendered":"\ud83d\udc97 Pink Core Secret \u2013 Kegels, but from the couch"},"content":{"rendered":"<p data-start=\"255\" data-end=\"467\">Our <strong>Pink Core Secret<\/strong> is a premium Joydivision Joyballs Secret geisha ball that doesn't end up in your drawer to look cute. It ends up in your drawer because sometimes your body doesn't need more advice. It needs more control, more sensation, and a little \"now I'm in control\" energy.<\/p>\n<p data-start=\"469\" data-end=\"695\">The Pink Core Secret is a premium geisha ball coated with 100% medical grade silicone. It activates the pelvic floor muscles, but let's not pretend this is not just some dry health project.<\/p>\n<h3 data-section-id=\"1vksb3v\" data-start=\"697\" data-end=\"737\">When pleasure is finally about you<\/h3>\n<p data-start=\"739\" data-end=\"895\">Sure, it can strengthen your intimate muscles.<br data-start=\"775\" data-end=\"778\" \/>Sure, it can help with more conscious muscle control.<br data-start=\"824\" data-end=\"827\" \/>But your pleasure begins because this doesn't feel like a \"workout\".<\/p>\n<p data-start=\"897\" data-end=\"1009\">It's more like a little inner secret. Something that makes sex finally... <strong data-start=\"958\" data-end=\"981\">not just happen<\/strong>, but it's for you too.<\/p>\n<p data-start=\"1011\" data-end=\"1152\">If there&#039;s something missing in the bedroom, it might not be a new pose. It&#039;s not a new playlist. It&#039;s not another awkward &quot;let&#039;s talk about our feelings&quot; round.<\/p>\n<p data-start=\"1154\" data-end=\"1285\">Maybe all it takes is for the inner team down there to finally wake up. To pull together. To react. And to take control.<\/p>\n<h3 data-section-id=\"qtd4i2\" data-start=\"1287\" data-end=\"1311\">Quiet little troublemaker<\/h3>\n<p data-start=\"1313\" data-end=\"1486\">Core Secret gently works your muscles as you move. The internal weights activate your pelvic floor, and your body learns that it's not just a guest in its own pleasure.<\/p>\n<p data-start=\"1488\" data-end=\"1694\">And yes, for some people, wearing it itself can be exciting.<br data-start=\"1546\" data-end=\"1549\" \/>We don&#039;t promise fireworks at every turn, but don&#039;t be surprised if you suddenly have too much of a good thing while packing at home.<\/p>\n<p data-start=\"1696\" data-end=\"1846\">This is not a loud, flashing, \u201elook at me\u201d type toy.<br data-start=\"1752\" data-end=\"1755\" \/>This is the quiet little pink and black troublemaker who does things on the inside that no one outside sees.<\/p>\n<h3 data-section-id=\"9twkr7\" data-start=\"1848\" data-end=\"1872\">The Queen of Control<\/h3>\n<p data-start=\"1874\" data-end=\"2007\">With a weight of 85 grams, a length of 11\u201315 cm, and a diameter of 3.5\u20133.9 cm, this geisha ball can be a good choice for more conscious intimate play.<\/p>\n<p data-start=\"2009\" data-end=\"2201\">The smooth, body-friendly silicone makes it comfortable to use. And the pink and black design looks just as innocent and deceiving, just like your ex when he said, \"We're just talking.\"<\/p>\n<p data-start=\"2203\" data-end=\"2402\">The point of Pink Core Secret is not \"Did you work out today?\"\u201e<br data-start=\"2252\" data-end=\"2255\" \/>But the next time someone gets close to you, there eventually will be a moment when you see that they are having a hard time controlling themselves.<\/p>\n<p data-start=\"2404\" data-end=\"2553\">Because you know too well what you&#039;re doing.<br data-start=\"2440\" data-end=\"2443\" \/><strong data-start=\"2443\" data-end=\"2483\">This is control. This is the queen level.<\/strong> This is when you are not only participating in the game, but you are the boss.<\/p>\n<h3 data-section-id=\"sg3vs2\" data-start=\"2555\" data-end=\"2580\">Use and cleaning<\/h3>\n<p data-start=\"2582\" data-end=\"2672\">Clean with lukewarm, soapy water or sex toy cleaner before and after use.<\/p>\n<p data-start=\"2674\" data-end=\"2808\">For more comfortable insertion, a water-based lubricant is recommended. Medical-grade silicone is a premium material, but it doesn't like to argue dryly either.<\/p>\n<p data-start=\"2810\" data-end=\"2920\"><strong data-start=\"2810\" data-end=\"2826\">Pink Core Secret:<\/strong> because sometimes real power isn&#039;t loud. It&#039;s just good enough to make the other party lose the thread.<\/p>\n<p data-start=\"2789\" data-end=\"2905\">It's worth checking out the rest of our <a href=\"https:\/\/www.szexshopbelvaros.com\/en\/product-category\/noknek\/\">female devices<\/a> while you're at it!<\/p>\n<p data-start=\"2907\" data-end=\"3091\" data-is-last-node=\"\" data-is-only-node=\"\">\ud83d\udc49 Get it discreetly <a class=\"decorated-link cursor-pointer\" target=\"_new\" rel=\"noopener\" data-start=\"3010\" data-end=\"3034\">www.szexshopbelvaros.com<\/a> . We deliver to the entire territory of Hungary and the EU.<\/p>\n<h3 data-section-id=\"1s814b1\" data-start=\"11\" data-end=\"41\">\ud83d\udcfd\ufe0f Watch it in action<\/h3>\n<p data-start=\"43\" data-end=\"356\">If it still sounds like some secret women&#039;s project from the &quot;I&#039;ll try it someday&quot; drawer, check out Joydivision&#039;s demo as well.<br data-start=\"176\" data-end=\"179\" \/>Here you can see how it works. <strong data-start=\"209\" data-end=\"250\">Joydivision Joyballs Secret geisha balls<\/strong>, and why it&#039;s not just a cute little pink and black accessory, but a real pleasure-enhancing control toy.<\/p>\n<p><iframe title=\"JOYDIVISION Joyballs secret - Die besonderen Beckenbodenkugeln\" width=\"1020\" height=\"574\" data-src=\"https:\/\/www.youtube.com\/embed\/F0a_NiWj7VU?feature=oembed\" frameborder=\"0\" allow=\"accelerometer; autoplay; clipboard-write; encrypted-media; gyroscope; picture-in-picture; web-share\" referrerpolicy=\"strict-origin-when-cross-origin\" allowfullscreen src=\"data:image\/svg+xml;base64,PHN2ZyB3aWR0aD0iMSIgaGVpZ2h0PSIxIiB4bWxucz0iaHR0cDovL3d3dy53My5vcmcvMjAwMC9zdmciPjwvc3ZnPg==\" class=\"lazyload\" data-load-mode=\"1\"><\/iframe><\/p>\n<p>The second video is in English, but it shows exactly what makes this stuff more than just a \u201eI\u2019ll use it someday\u201d project gathering dust in a drawer. It explains how to use it, what it\u2019s for, and why pelvic floor strengthening can be exciting even if you\u2019re not interested in training, but in pleasure.<\/p>\n<p><iframe title=\"Joyballs secret Video EN\" width=\"1020\" height=\"574\" data-src=\"https:\/\/www.youtube.com\/embed\/yLMwHef5XpA?feature=oembed\" frameborder=\"0\" allow=\"accelerometer; autoplay; clipboard-write; encrypted-media; gyroscope; picture-in-picture; web-share\" referrerpolicy=\"strict-origin-when-cross-origin\" allowfullscreen src=\"data:image\/svg+xml;base64,PHN2ZyB3aWR0aD0iMSIgaGVpZ2h0PSIxIiB4bWxucz0iaHR0cDovL3d3dy53My5vcmcvMjAwMC9zdmciPjwvc3ZnPg==\" class=\"lazyload\" data-load-mode=\"1\"><\/iframe><\/p>","protected":false},"excerpt":{"rendered":"<p>A Pink Core Secret egy pr\u00e9mium Joydivision Joyballs Secret g\u00e9sagoly\u00f3, ami nem az\u00e9rt ker\u00fcl be a fi\u00f3kodba, hogy ott n\u00e9zzen ki cukin. Az\u00e9rt ker\u00fcl be, mert n\u00e9ha a testednek nem t\u00f6bb tan\u00e1cs kell. Hanem t\u00f6bb kontroll, t\u00f6bb \u00e9rzet, \u00e9s egy kis \u201ena most \u00e9n ir\u00e1ny\u00edtok\u201d energia. A Pink Core Secret\u00a0egy pr\u00e9mium, 100% orvosi szilikonnal bevont [&#8230;]\n","protected":false},"featured_media":3134,"comment_status":"closed","ping_status":"closed","template":"","meta":[],"product_brand":[178],"product_cat":[153,99,2623],"product_tag":[2184,2626,2629,2182,2190,1203,2185,2667,2746,2666,1215,2628,2630,2631,1207,2625,2180,2179,2181,2178,2747,2749,1216,2750,2748,2627,220,2624,2191,2183],"class_list":{"0":"post-732","1":"product","2":"type-product","3":"status-publish","4":"has-post-thumbnail","6":"product_brand-joydivision","7":"product_cat-gesagolyok","8":"product_cat-noknek","9":"product_cat-uj-hullam","10":"product_tag-adult-toy-for-women","11":"product_tag-akcio","12":"product_tag-clearance","13":"product_tag-female-sex-toy","14":"product_tag-gesagolyo","15":"product_tag-intim-torna","16":"product_tag-intimate-toy-for-women","17":"product_tag-joyballs-secret","18":"product_tag-joydivision","19":"product_tag-joydivision-joyballs-secret","20":"product_tag-kegel-balls","21":"product_tag-kiarusitas","22":"product_tag-limitalt-keszlet","23":"product_tag-limited-stock","24":"product_tag-medencefenek-erosites","25":"product_tag-new-wave","26":"product_tag-noi-elvezet","27":"product_tag-noi-intim-jatek","28":"product_tag-noi-kiegeszito","29":"product_tag-noi-szexjatek","30":"product_tag-orvosi-szilikon-gesagolyo","31":"product_tag-pelvic-floor-exerciser","32":"product_tag-pelvic-floor-training","33":"product_tag-pink-black-kegel-balls","34":"product_tag-rozsaszin-fekete-gesagolyo","35":"product_tag-sale","36":"product_tag-szexshop-belvaros","37":"product_tag-uj-hullam","38":"product_tag-vaginal-exerciser","39":"product_tag-womens-pleasure","41":"first","42":"instock","43":"sale","44":"taxable","45":"shipping-taxable","46":"purchasable","47":"product-type-simple"},"yoast_head":"<!-- This site is optimized with the Yoast SEO plugin v27.4 - https:\/\/yoast.com\/product\/yoast-seo-wordpress\/ -->\n<title>Joydivision Joyballs Secret g\u00e9sagoly\u00f3 | Szexshop Belv\u00e1ros<\/title>\n<meta name=\"description\" content=\"Joydivision Joyballs Secret g\u00e9sagoly\u00f3 100% orvosi szilikonb\u00f3l, t\u00f6bb kontrollhoz \u00e9s \u00e9lvezethez. Diszkr\u00e9ten a Szexshop Belv\u00e1ros k\u00edn\u00e1lat\u00e1b\u00f3l.\" \/>\n<meta name=\"robots\" content=\"index, follow, max-snippet:-1, max-image-preview:large, max-video-preview:-1\" \/>\n<link rel=\"canonical\" href=\"https:\/\/www.szexshopbelvaros.com\/en\/product\/joydivision-joyballs-secret-gesagolyo\/\" \/>\n<meta property=\"og:locale\" content=\"en_US\" \/>\n<meta property=\"og:type\" content=\"article\" \/>\n<meta property=\"og:title\" content=\"Joydivision Joyballs Secret g\u00e9sagoly\u00f3 | Szexshop Belv\u00e1ros\" \/>\n<meta property=\"og:description\" content=\"Joydivision Joyballs Secret g\u00e9sagoly\u00f3 100% orvosi szilikonb\u00f3l, t\u00f6bb kontrollhoz \u00e9s \u00e9lvezethez. Diszkr\u00e9ten a Szexshop Belv\u00e1ros k\u00edn\u00e1lat\u00e1b\u00f3l.\" \/>\n<meta property=\"og:url\" content=\"https:\/\/www.szexshopbelvaros.com\/en\/product\/joydivision-joyballs-secret-gesagolyo\/\" \/>\n<meta property=\"og:site_name\" content=\"Szexshop Belvaros\" \/>\n<meta property=\"article:publisher\" content=\"https:\/\/www.facebook.com\/belvarossecrets\/\" \/>\n<meta property=\"article:modified_time\" content=\"2026-04-24T16:20:15+00:00\" \/>\n<meta property=\"og:image\" content=\"https:\/\/www.szexshopbelvaros.com\/wp-content\/uploads\/2025\/01\/69eb6220ede5618d34ffa4aa-scaled.png\" \/>\n\t<meta property=\"og:image:width\" content=\"2560\" \/>\n\t<meta property=\"og:image:height\" content=\"1440\" \/>\n\t<meta property=\"og:image:type\" content=\"image\/png\" \/>\n<meta name=\"twitter:card\" content=\"summary_large_image\" \/>\n<meta name=\"twitter:site\" content=\"@belvarossecrets\" \/>\n<meta name=\"twitter:label1\" content=\"Est. reading time\" \/>\n\t<meta name=\"twitter:data1\" content=\"4 minutes\" \/>\n<script type=\"application\/ld+json\" class=\"yoast-schema-graph\">{\"@context\":\"https:\\\/\\\/schema.org\",\"@graph\":[{\"@type\":\"WebPage\",\"@id\":\"https:\\\/\\\/www.szexshopbelvaros.com\\\/termek\\\/joydivision-joyballs-secret-gesagolyo\\\/\",\"url\":\"https:\\\/\\\/www.szexshopbelvaros.com\\\/termek\\\/joydivision-joyballs-secret-gesagolyo\\\/\",\"name\":\"Joydivision Joyballs Secret g\u00e9sagoly\u00f3 | Szexshop Belv\u00e1ros\",\"isPartOf\":{\"@id\":\"https:\\\/\\\/www.szexshopbelvaros.com\\\/#website\"},\"primaryImageOfPage\":{\"@id\":\"https:\\\/\\\/www.szexshopbelvaros.com\\\/termek\\\/joydivision-joyballs-secret-gesagolyo\\\/#primaryimage\"},\"image\":{\"@id\":\"https:\\\/\\\/www.szexshopbelvaros.com\\\/termek\\\/joydivision-joyballs-secret-gesagolyo\\\/#primaryimage\"},\"thumbnailUrl\":\"https:\\\/\\\/www.szexshopbelvaros.com\\\/wp-content\\\/uploads\\\/2025\\\/01\\\/69eb6220ede5618d34ffa4aa-scaled.png\",\"datePublished\":\"2025-01-31T13:45:54+00:00\",\"dateModified\":\"2026-04-24T16:20:15+00:00\",\"description\":\"Joydivision Joyballs Secret g\u00e9sagoly\u00f3 100% orvosi szilikonb\u00f3l, t\u00f6bb kontrollhoz \u00e9s \u00e9lvezethez. Diszkr\u00e9ten a Szexshop Belv\u00e1ros k\u00edn\u00e1lat\u00e1b\u00f3l.\",\"breadcrumb\":{\"@id\":\"https:\\\/\\\/www.szexshopbelvaros.com\\\/termek\\\/joydivision-joyballs-secret-gesagolyo\\\/#breadcrumb\"},\"inLanguage\":\"en-US\",\"potentialAction\":[{\"@type\":\"ReadAction\",\"target\":[\"https:\\\/\\\/www.szexshopbelvaros.com\\\/termek\\\/joydivision-joyballs-secret-gesagolyo\\\/\"]}]},{\"@type\":\"ImageObject\",\"inLanguage\":\"en-US\",\"@id\":\"https:\\\/\\\/www.szexshopbelvaros.com\\\/termek\\\/joydivision-joyballs-secret-gesagolyo\\\/#primaryimage\",\"url\":\"https:\\\/\\\/www.szexshopbelvaros.com\\\/wp-content\\\/uploads\\\/2025\\\/01\\\/69eb6220ede5618d34ffa4aa-scaled.png\",\"contentUrl\":\"https:\\\/\\\/www.szexshopbelvaros.com\\\/wp-content\\\/uploads\\\/2025\\\/01\\\/69eb6220ede5618d34ffa4aa-scaled.png\",\"width\":2560,\"height\":1440,\"caption\":\"HU: Joydivision Joyballs Secret g\u00e9sagoly\u00f3 r\u00f3zsasz\u00edn-fekete csomagol\u00e1sban, 100% orvosi szilikonb\u00f3l, medencefen\u00e9k-er\u0151s\u00edt\u00e9shez \u00e9s n\u0151i intim kontrollhoz EN: Joydivision Joyballs Secret kegel balls in pink and black packaging, made from 100% medical silicone for pelvic floor training and female intimate control\"},{\"@type\":\"BreadcrumbList\",\"@id\":\"https:\\\/\\\/www.szexshopbelvaros.com\\\/termek\\\/joydivision-joyballs-secret-gesagolyo\\\/#breadcrumb\",\"itemListElement\":[{\"@type\":\"ListItem\",\"position\":1,\"name\":\"Home\",\"item\":\"https:\\\/\\\/www.szexshopbelvaros.com\\\/\"},{\"@type\":\"ListItem\",\"position\":2,\"name\":\"\u00c1ruh\u00e1z\",\"item\":\"https:\\\/\\\/www.szexshopbelvaros.com\\\/uzlet\\\/\"},{\"@type\":\"ListItem\",\"position\":3,\"name\":\"\ud83d\udc97 Pink Core Secret &#8211; Kegel, de kanap\u00e9r\u00f3l\"}]},{\"@type\":\"WebSite\",\"@id\":\"https:\\\/\\\/www.szexshopbelvaros.com\\\/#website\",\"url\":\"https:\\\/\\\/www.szexshopbelvaros.com\\\/\",\"name\":\"Szexshop Belv\u00e1ros\",\"description\":\"\ud83d\udd25 A szex olyan, mint a p\u00e9nz; csak a t\u00fal sok el\u00e9g!\u2122 Titkok a belv\u00e1rosb\u00f3l \ud83d\udc8b | Secrets from Budapest \ud83d\udc8e Feln\u0151tt j\u00e1t\u00e9kok \u2022 Erotika \u2022 Szexshop Belvaros\",\"publisher\":{\"@id\":\"https:\\\/\\\/www.szexshopbelvaros.com\\\/#organization\"},\"potentialAction\":[{\"@type\":\"SearchAction\",\"target\":{\"@type\":\"EntryPoint\",\"urlTemplate\":\"https:\\\/\\\/www.szexshopbelvaros.com\\\/?s={search_term_string}\"},\"query-input\":{\"@type\":\"PropertyValueSpecification\",\"valueRequired\":true,\"valueName\":\"search_term_string\"}}],\"inLanguage\":\"en-US\"},{\"@type\":\"Organization\",\"@id\":\"https:\\\/\\\/www.szexshopbelvaros.com\\\/#organization\",\"name\":\"Szexshop Belv\u00e1ros\",\"alternateName\":\"szexshopbelvaros.com\",\"url\":\"https:\\\/\\\/www.szexshopbelvaros.com\\\/\",\"logo\":{\"@type\":\"ImageObject\",\"inLanguage\":\"en-US\",\"@id\":\"https:\\\/\\\/www.szexshopbelvaros.com\\\/#\\\/schema\\\/logo\\\/image\\\/\",\"url\":\"https:\\\/\\\/www.szexshopbelvaros.com\\\/wp-content\\\/uploads\\\/2025\\\/09\\\/1Szexshopbelvaroslogo_blurred_stronger.jpg\",\"contentUrl\":\"https:\\\/\\\/www.szexshopbelvaros.com\\\/wp-content\\\/uploads\\\/2025\\\/09\\\/1Szexshopbelvaroslogo_blurred_stronger.jpg\",\"width\":1024,\"height\":1024,\"caption\":\"Szexshop Belv\u00e1ros\"},\"image\":{\"@id\":\"https:\\\/\\\/www.szexshopbelvaros.com\\\/#\\\/schema\\\/logo\\\/image\\\/\"},\"sameAs\":[\"https:\\\/\\\/www.facebook.com\\\/belvarossecrets\\\/\",\"https:\\\/\\\/x.com\\\/belvarossecrets\",\"https:\\\/\\\/www.instagram.com\\\/belvarossecrets\\\/\",\"https:\\\/\\\/www.tiktok.com\\\/@belvarossecrets\"]}]}<\/script>\n<!-- \/ Yoast SEO plugin. -->","yoast_head_json":{"title":"Joydivision Joyballs Secret Geisha Ball | Sex Shop Belv\u00e1ros","description":"Joydivision Joyballs Secret geisha ball 100% made of medical silicone, for more control and pleasure. Discreetly from the offer of Szexshop Belv\u00e1ros.","robots":{"index":"index","follow":"follow","max-snippet":"max-snippet:-1","max-image-preview":"max-image-preview:large","max-video-preview":"max-video-preview:-1"},"canonical":"https:\/\/www.szexshopbelvaros.com\/en\/product\/joydivision-joyballs-secret-gesagolyo\/","og_locale":"en_US","og_type":"article","og_title":"Joydivision Joyballs Secret g\u00e9sagoly\u00f3 | Szexshop Belv\u00e1ros","og_description":"Joydivision Joyballs Secret g\u00e9sagoly\u00f3 100% orvosi szilikonb\u00f3l, t\u00f6bb kontrollhoz \u00e9s \u00e9lvezethez. Diszkr\u00e9ten a Szexshop Belv\u00e1ros k\u00edn\u00e1lat\u00e1b\u00f3l.","og_url":"https:\/\/www.szexshopbelvaros.com\/en\/product\/joydivision-joyballs-secret-gesagolyo\/","og_site_name":"Szexshop Belvaros","article_publisher":"https:\/\/www.facebook.com\/belvarossecrets\/","article_modified_time":"2026-04-24T16:20:15+00:00","og_image":[{"width":2560,"height":1440,"url":"https:\/\/www.szexshopbelvaros.com\/wp-content\/uploads\/2025\/01\/69eb6220ede5618d34ffa4aa-scaled.png","type":"image\/png"}],"twitter_card":"summary_large_image","twitter_site":"@belvarossecrets","twitter_misc":{"Est. reading time":"4 minutes"},"schema":{"@context":"https:\/\/schema.org","@graph":[{"@type":"WebPage","@id":"https:\/\/www.szexshopbelvaros.com\/termek\/joydivision-joyballs-secret-gesagolyo\/","url":"https:\/\/www.szexshopbelvaros.com\/termek\/joydivision-joyballs-secret-gesagolyo\/","name":"Joydivision Joyballs Secret Geisha Ball | Sex Shop Belv\u00e1ros","isPartOf":{"@id":"https:\/\/www.szexshopbelvaros.com\/#website"},"primaryImageOfPage":{"@id":"https:\/\/www.szexshopbelvaros.com\/termek\/joydivision-joyballs-secret-gesagolyo\/#primaryimage"},"image":{"@id":"https:\/\/www.szexshopbelvaros.com\/termek\/joydivision-joyballs-secret-gesagolyo\/#primaryimage"},"thumbnailUrl":"https:\/\/www.szexshopbelvaros.com\/wp-content\/uploads\/2025\/01\/69eb6220ede5618d34ffa4aa-scaled.png","datePublished":"2025-01-31T13:45:54+00:00","dateModified":"2026-04-24T16:20:15+00:00","description":"Joydivision Joyballs Secret geisha ball 100% made of medical silicone, for more control and pleasure. Discreetly from the offer of Szexshop Belv\u00e1ros.","breadcrumb":{"@id":"https:\/\/www.szexshopbelvaros.com\/termek\/joydivision-joyballs-secret-gesagolyo\/#breadcrumb"},"inLanguage":"en-US","potentialAction":[{"@type":"ReadAction","target":["https:\/\/www.szexshopbelvaros.com\/termek\/joydivision-joyballs-secret-gesagolyo\/"]}]},{"@type":"ImageObject","inLanguage":"en-US","@id":"https:\/\/www.szexshopbelvaros.com\/termek\/joydivision-joyballs-secret-gesagolyo\/#primaryimage","url":"https:\/\/www.szexshopbelvaros.com\/wp-content\/uploads\/2025\/01\/69eb6220ede5618d34ffa4aa-scaled.png","contentUrl":"https:\/\/www.szexshopbelvaros.com\/wp-content\/uploads\/2025\/01\/69eb6220ede5618d34ffa4aa-scaled.png","width":2560,"height":1440,"caption":"HU: Joydivision Joyballs Secret g\u00e9sagoly\u00f3 r\u00f3zsasz\u00edn-fekete csomagol\u00e1sban, 100% orvosi szilikonb\u00f3l, medencefen\u00e9k-er\u0151s\u00edt\u00e9shez \u00e9s n\u0151i intim kontrollhoz EN: Joydivision Joyballs Secret kegel balls in pink and black packaging, made from 100% medical silicone for pelvic floor training and female intimate control"},{"@type":"BreadcrumbList","@id":"https:\/\/www.szexshopbelvaros.com\/termek\/joydivision-joyballs-secret-gesagolyo\/#breadcrumb","itemListElement":[{"@type":"ListItem","position":1,"name":"Home","item":"https:\/\/www.szexshopbelvaros.com\/"},{"@type":"ListItem","position":2,"name":"\u00c1ruh\u00e1z","item":"https:\/\/www.szexshopbelvaros.com\/uzlet\/"},{"@type":"ListItem","position":3,"name":"\ud83d\udc97 Pink Core Secret &#8211; Kegel, de kanap\u00e9r\u00f3l"}]},{"@type":"WebSite","@id":"https:\/\/www.szexshopbelvaros.com\/#website","url":"https:\/\/www.szexshopbelvaros.com\/","name":"at our Szexshop Belv\u00e1ros","description":"\ud83d\udd25 Sex is like money; only too much is enough!\u2122 Secrets from the city center \ud83d\udc8b | Secrets from Budapest \ud83d\udc8e Adult games \u2022 Erotica \u2022 Sex shop Belvaros","publisher":{"@id":"https:\/\/www.szexshopbelvaros.com\/#organization"},"potentialAction":[{"@type":"SearchAction","target":{"@type":"EntryPoint","urlTemplate":"https:\/\/www.szexshopbelvaros.com\/?s={search_term_string}"},"query-input":{"@type":"PropertyValueSpecification","valueRequired":true,"valueName":"search_term_string"}}],"inLanguage":"en-US"},{"@type":"Organization","@id":"https:\/\/www.szexshopbelvaros.com\/#organization","name":"at our Szexshop Belv\u00e1ros","alternateName":"szexshopbelvaros.com","url":"https:\/\/www.szexshopbelvaros.com\/","logo":{"@type":"ImageObject","inLanguage":"en-US","@id":"https:\/\/www.szexshopbelvaros.com\/#\/schema\/logo\/image\/","url":"https:\/\/www.szexshopbelvaros.com\/wp-content\/uploads\/2025\/09\/1Szexshopbelvaroslogo_blurred_stronger.jpg","contentUrl":"https:\/\/www.szexshopbelvaros.com\/wp-content\/uploads\/2025\/09\/1Szexshopbelvaroslogo_blurred_stronger.jpg","width":1024,"height":1024,"caption":"Szexshop Belv\u00e1ros"},"image":{"@id":"https:\/\/www.szexshopbelvaros.com\/#\/schema\/logo\/image\/"},"sameAs":["https:\/\/www.facebook.com\/belvarossecrets\/","https:\/\/x.com\/belvarossecrets","https:\/\/www.instagram.com\/belvarossecrets\/","https:\/\/www.tiktok.com\/@belvarossecrets"]}]}},"_links":{"self":[{"href":"https:\/\/www.szexshopbelvaros.com\/en\/wp-json\/wp\/v2\/product\/732","targetHints":{"allow":["GET"]}}],"collection":[{"href":"https:\/\/www.szexshopbelvaros.com\/en\/wp-json\/wp\/v2\/product"}],"about":[{"href":"https:\/\/www.szexshopbelvaros.com\/en\/wp-json\/wp\/v2\/types\/product"}],"replies":[{"embeddable":true,"href":"https:\/\/www.szexshopbelvaros.com\/en\/wp-json\/wp\/v2\/comments?post=732"}],"wp:featuredmedia":[{"embeddable":true,"href":"https:\/\/www.szexshopbelvaros.com\/en\/wp-json\/wp\/v2\/media\/3134"}],"wp:attachment":[{"href":"https:\/\/www.szexshopbelvaros.com\/en\/wp-json\/wp\/v2\/media?parent=732"}],"wp:term":[{"taxonomy":"product_brand","embeddable":true,"href":"https:\/\/www.szexshopbelvaros.com\/en\/wp-json\/wp\/v2\/product_brand?post=732"},{"taxonomy":"product_cat","embeddable":true,"href":"https:\/\/www.szexshopbelvaros.com\/en\/wp-json\/wp\/v2\/product_cat?post=732"},{"taxonomy":"product_tag","embeddable":true,"href":"https:\/\/www.szexshopbelvaros.com\/en\/wp-json\/wp\/v2\/product_tag?post=732"}],"curies":[{"name":"wp","href":"https:\/\/api.w.org\/{rel}","templated":true}]}}