{"id":756,"date":"2025-01-31T14:45:54","date_gmt":"2025-01-31T13:45:54","guid":{"rendered":"https:\/\/www.szexshopbelvaros.com\/termek\/pipedream-fetish-fantasy-series-szemmaszk-korbacs-gyertya-kendo-bdsm-szett\/"},"modified":"2026-04-10T14:00:51","modified_gmt":"2026-04-10T12:00:51","slug":"pipedream-fetish-fantasy-series-szemmaszk-korbacs-gyertya-kendo-bdsm-szett","status":"publish","type":"product","link":"https:\/\/www.szexshopbelvaros.com\/en\/product\/pipedream-fetish-fantasy-series-szemmaszk-korbacs-gyertya-kendo-bdsm-szett\/","title":{"rendered":"Pipedream Fetish Fantasy Series \u2013 Limited Edition BDSM set"},"content":{"rendered":"<p data-start=\"230\" data-end=\"331\">Ignite the desire. Literally.<\/p>\n<p data-start=\"333\" data-end=\"537\">This Pipedream Fetish Fantasy Limited Edition set is the perfect introduction to the world of dark pleasures \u2013 or to refresh your old kinky routine. It has everything you need for successful vulnerability:<\/p>\n<p data-start=\"539\" data-end=\"812\">\u2013 <strong data-start=\"541\" data-end=\"554\">Eye mask<\/strong>that keeps the  curiosity<br data-start=\"580\" data-end=\"583\" \/>\u2013 <strong data-start=\"585\" data-end=\"596\">Whip<\/strong>because a little discipline never hurt anyone<br data-start=\"649\" data-end=\"652\" \/>\u2013 <strong data-start=\"654\" data-end=\"665\">Candle<\/strong>, the hot drops are not just for warming the atmosphere<br data-start=\"710\" data-end=\"713\" \/>\u2013 <strong data-start=\"715\" data-end=\"724\" data-is-only-node=\"\">Scarf<\/strong>, which you tie wherever you want (wrist, ankles, or whatever else is available)<\/p>\n<p data-start=\"814\" data-end=\"975\"><strong data-start=\"814\" data-end=\"836\">Unisex BDSM set<\/strong>, ideal for beginners and advanced users who love role play, sensual dominance or simply... <em data-start=\"947\" data-end=\"974\">to have fun while being tied up<\/em>.<\/p>\n<p data-start=\"977\" data-end=\"1098\">Black, elegant and dangerously seductive.<br data-start=\"1016\" data-end=\"1019\" \/>Because sometimes not only your body, but also your imagination deserves a little whipping.<\/p>","protected":false},"excerpt":{"rendered":"<p>Gy\u00fajtsd meg a v\u00e1gyat. Sz\u00f3 szerint. Ez a Pipedream Fetish Fantasy Limited Edition szett t\u00f6k\u00e9letes bel\u00e9p\u0151 a s\u00f6t\u00e9t \u00f6r\u00f6m\u00f6k vil\u00e1g\u00e1ba \u2013 vagy a r\u00e9gi perverz rutin \u00fajrasz\u00ednez\u00e9s\u00e9re. Minden benne van, ami egy j\u00f3l siker\u00fclt kiszolg\u00e1ltatotts\u00e1ghoz kell: \u2013 Szemmaszk, hogy a k\u00edv\u00e1ncsis\u00e1g marja\u2013 Korb\u00e1cs, mert egy kis feny\u00edt\u00e9s m\u00e9g senkinek sem \u00e1rtott (s\u0151t)\u2013 Gyertya, a meleg [&#8230;]\n","protected":false},"featured_media":757,"comment_status":"closed","ping_status":"closed","template":"","meta":[],"product_brand":[176],"product_cat":[52,138,108,146],"product_tag":[2158,2145,2155,2010,321,2011,377,370,1410,372,2012,2159,2144,2157,559,389,2143,1564,2008,2009,2154,2142,707,552,2153,2156,1238,715,2152,220,1384,2141],"class_list":{"0":"post-756","1":"product","2":"type-product","3":"status-publish","4":"has-post-thumbnail","6":"product_brand-pipedream","7":"product_cat-bdsm","8":"product_cat-bdsm-szettek","9":"product_cat-paroknak-uniszex","10":"product_cat-szex-keszletek","11":"product_tag-adult-gift-set","12":"product_tag-adult-toy-for-couples","13":"product_tag-ajandek-csomag","14":"product_tag-ajandek-szett","15":"product_tag-bdsm","16":"product_tag-bdsm-kit","17":"product_tag-bdsm-set","18":"product_tag-bdsm-szett","19":"product_tag-bdsm-toy","20":"product_tag-bondage","21":"product_tag-bondage-kit","22":"product_tag-complete-pleasure-kit","23":"product_tag-couples-pleasure","24":"product_tag-couples-set","25":"product_tag-couples-toy","26":"product_tag-felnott-jatek","27":"product_tag-intim-jatek-paroknak","28":"product_tag-kezdoknek-bdsm","29":"product_tag-kink","30":"product_tag-komplett-bdsm","31":"product_tag-komplett-szett","32":"product_tag-kozos-elmeny","33":"product_tag-paroknak","34":"product_tag-paros-jatek","35":"product_tag-paros-szex-csomag","36":"product_tag-sex-kit","37":"product_tag-shared-pleasure","38":"product_tag-szadomazo-kellek","39":"product_tag-szex-szett","40":"product_tag-szexshop-belvaros","41":"product_tag-unisex-sex-toy","42":"product_tag-uniszex-szexjatek","44":"first","45":"instock","46":"taxable","47":"shipping-taxable","48":"purchasable","49":"product-type-simple"},"yoast_head":"<!-- This site is optimized with the Yoast SEO plugin v27.4 - https:\/\/yoast.com\/product\/yoast-seo-wordpress\/ -->\n<title>Pipedream Fetish Fantasy Series \u2013 Limited Edition BDSM szett - Szexshop Belvaros<\/title>\n<meta name=\"robots\" content=\"index, follow, max-snippet:-1, max-image-preview:large, max-video-preview:-1\" \/>\n<link rel=\"canonical\" href=\"https:\/\/www.szexshopbelvaros.com\/en\/product\/pipedream-fetish-fantasy-series-szemmaszk-korbacs-gyertya-kendo-bdsm-szett\/\" \/>\n<meta property=\"og:locale\" content=\"en_US\" \/>\n<meta property=\"og:type\" content=\"article\" \/>\n<meta property=\"og:title\" content=\"Pipedream Fetish Fantasy Series \u2013 Limited Edition BDSM szett - Szexshop Belvaros\" \/>\n<meta property=\"og:description\" content=\"Gy\u00fajtsd meg a v\u00e1gyat. Sz\u00f3 szerint. Ez a Pipedream Fetish Fantasy Limited Edition szett t\u00f6k\u00e9letes bel\u00e9p\u0151 a s\u00f6t\u00e9t \u00f6r\u00f6m\u00f6k vil\u00e1g\u00e1ba \u2013 vagy a r\u00e9gi perverz rutin \u00fajrasz\u00ednez\u00e9s\u00e9re. Minden benne van, ami egy j\u00f3l siker\u00fclt kiszolg\u00e1ltatotts\u00e1ghoz kell: \u2013 Szemmaszk, hogy a k\u00edv\u00e1ncsis\u00e1g marja\u2013 Korb\u00e1cs, mert egy kis feny\u00edt\u00e9s m\u00e9g senkinek sem \u00e1rtott (s\u0151t)\u2013 Gyertya, a meleg [...]\" \/>\n<meta property=\"og:url\" content=\"https:\/\/www.szexshopbelvaros.com\/en\/product\/pipedream-fetish-fantasy-series-szemmaszk-korbacs-gyertya-kendo-bdsm-szett\/\" \/>\n<meta property=\"og:site_name\" content=\"Szexshop Belvaros\" \/>\n<meta property=\"article:publisher\" content=\"https:\/\/www.facebook.com\/belvarossecrets\/\" \/>\n<meta property=\"article:modified_time\" content=\"2026-04-10T12:00:51+00:00\" \/>\n<meta property=\"og:image\" content=\"https:\/\/www.szexshopbelvaros.com\/wp-content\/uploads\/2025\/01\/a9f69dd8-9b8e-11ef-b5b4-be7402b14190_pipe202723__1_.jpg\" \/>\n\t<meta property=\"og:image:width\" content=\"1200\" \/>\n\t<meta property=\"og:image:height\" content=\"676\" \/>\n\t<meta property=\"og:image:type\" content=\"image\/jpeg\" \/>\n<meta name=\"twitter:card\" content=\"summary_large_image\" \/>\n<meta name=\"twitter:site\" content=\"@belvarossecrets\" \/>\n<meta name=\"twitter:label1\" content=\"Est. reading time\" \/>\n\t<meta name=\"twitter:data1\" content=\"1 minute\" \/>\n<script type=\"application\/ld+json\" class=\"yoast-schema-graph\">{\"@context\":\"https:\\\/\\\/schema.org\",\"@graph\":[{\"@type\":\"WebPage\",\"@id\":\"https:\\\/\\\/www.szexshopbelvaros.com\\\/termek\\\/pipedream-fetish-fantasy-series-szemmaszk-korbacs-gyertya-kendo-bdsm-szett\\\/\",\"url\":\"https:\\\/\\\/www.szexshopbelvaros.com\\\/termek\\\/pipedream-fetish-fantasy-series-szemmaszk-korbacs-gyertya-kendo-bdsm-szett\\\/\",\"name\":\"Pipedream Fetish Fantasy Series \u2013 Limited Edition BDSM szett - Szexshop Belvaros\",\"isPartOf\":{\"@id\":\"https:\\\/\\\/www.szexshopbelvaros.com\\\/#website\"},\"primaryImageOfPage\":{\"@id\":\"https:\\\/\\\/www.szexshopbelvaros.com\\\/termek\\\/pipedream-fetish-fantasy-series-szemmaszk-korbacs-gyertya-kendo-bdsm-szett\\\/#primaryimage\"},\"image\":{\"@id\":\"https:\\\/\\\/www.szexshopbelvaros.com\\\/termek\\\/pipedream-fetish-fantasy-series-szemmaszk-korbacs-gyertya-kendo-bdsm-szett\\\/#primaryimage\"},\"thumbnailUrl\":\"https:\\\/\\\/www.szexshopbelvaros.com\\\/wp-content\\\/uploads\\\/2025\\\/01\\\/a9f69dd8-9b8e-11ef-b5b4-be7402b14190_pipe202723__1_.jpg\",\"datePublished\":\"2025-01-31T13:45:54+00:00\",\"dateModified\":\"2026-04-10T12:00:51+00:00\",\"breadcrumb\":{\"@id\":\"https:\\\/\\\/www.szexshopbelvaros.com\\\/termek\\\/pipedream-fetish-fantasy-series-szemmaszk-korbacs-gyertya-kendo-bdsm-szett\\\/#breadcrumb\"},\"inLanguage\":\"en-US\",\"potentialAction\":[{\"@type\":\"ReadAction\",\"target\":[\"https:\\\/\\\/www.szexshopbelvaros.com\\\/termek\\\/pipedream-fetish-fantasy-series-szemmaszk-korbacs-gyertya-kendo-bdsm-szett\\\/\"]}]},{\"@type\":\"ImageObject\",\"inLanguage\":\"en-US\",\"@id\":\"https:\\\/\\\/www.szexshopbelvaros.com\\\/termek\\\/pipedream-fetish-fantasy-series-szemmaszk-korbacs-gyertya-kendo-bdsm-szett\\\/#primaryimage\",\"url\":\"https:\\\/\\\/www.szexshopbelvaros.com\\\/wp-content\\\/uploads\\\/2025\\\/01\\\/a9f69dd8-9b8e-11ef-b5b4-be7402b14190_pipe202723__1_.jpg\",\"contentUrl\":\"https:\\\/\\\/www.szexshopbelvaros.com\\\/wp-content\\\/uploads\\\/2025\\\/01\\\/a9f69dd8-9b8e-11ef-b5b4-be7402b14190_pipe202723__1_.jpg\",\"width\":1200,\"height\":676},{\"@type\":\"BreadcrumbList\",\"@id\":\"https:\\\/\\\/www.szexshopbelvaros.com\\\/termek\\\/pipedream-fetish-fantasy-series-szemmaszk-korbacs-gyertya-kendo-bdsm-szett\\\/#breadcrumb\",\"itemListElement\":[{\"@type\":\"ListItem\",\"position\":1,\"name\":\"Home\",\"item\":\"https:\\\/\\\/www.szexshopbelvaros.com\\\/\"},{\"@type\":\"ListItem\",\"position\":2,\"name\":\"\u00c1ruh\u00e1z\",\"item\":\"https:\\\/\\\/www.szexshopbelvaros.com\\\/uzlet\\\/\"},{\"@type\":\"ListItem\",\"position\":3,\"name\":\"Pipedream Fetish Fantasy Series \u2013 Limited Edition BDSM szett\"}]},{\"@type\":\"WebSite\",\"@id\":\"https:\\\/\\\/www.szexshopbelvaros.com\\\/#website\",\"url\":\"https:\\\/\\\/www.szexshopbelvaros.com\\\/\",\"name\":\"Szexshop Belv\u00e1ros\",\"description\":\"\ud83d\udd25 A szex olyan, mint a p\u00e9nz; csak a t\u00fal sok el\u00e9g!\u2122 Titkok a belv\u00e1rosb\u00f3l \ud83d\udc8b | Secrets from Budapest \ud83d\udc8e Feln\u0151tt j\u00e1t\u00e9kok \u2022 Erotika \u2022 Szexshop Belvaros\",\"publisher\":{\"@id\":\"https:\\\/\\\/www.szexshopbelvaros.com\\\/#organization\"},\"potentialAction\":[{\"@type\":\"SearchAction\",\"target\":{\"@type\":\"EntryPoint\",\"urlTemplate\":\"https:\\\/\\\/www.szexshopbelvaros.com\\\/?s={search_term_string}\"},\"query-input\":{\"@type\":\"PropertyValueSpecification\",\"valueRequired\":true,\"valueName\":\"search_term_string\"}}],\"inLanguage\":\"en-US\"},{\"@type\":\"Organization\",\"@id\":\"https:\\\/\\\/www.szexshopbelvaros.com\\\/#organization\",\"name\":\"Szexshop Belv\u00e1ros\",\"alternateName\":\"szexshopbelvaros.com\",\"url\":\"https:\\\/\\\/www.szexshopbelvaros.com\\\/\",\"logo\":{\"@type\":\"ImageObject\",\"inLanguage\":\"en-US\",\"@id\":\"https:\\\/\\\/www.szexshopbelvaros.com\\\/#\\\/schema\\\/logo\\\/image\\\/\",\"url\":\"https:\\\/\\\/www.szexshopbelvaros.com\\\/wp-content\\\/uploads\\\/2025\\\/09\\\/1Szexshopbelvaroslogo_blurred_stronger.jpg\",\"contentUrl\":\"https:\\\/\\\/www.szexshopbelvaros.com\\\/wp-content\\\/uploads\\\/2025\\\/09\\\/1Szexshopbelvaroslogo_blurred_stronger.jpg\",\"width\":1024,\"height\":1024,\"caption\":\"Szexshop Belv\u00e1ros\"},\"image\":{\"@id\":\"https:\\\/\\\/www.szexshopbelvaros.com\\\/#\\\/schema\\\/logo\\\/image\\\/\"},\"sameAs\":[\"https:\\\/\\\/www.facebook.com\\\/belvarossecrets\\\/\",\"https:\\\/\\\/x.com\\\/belvarossecrets\",\"https:\\\/\\\/www.instagram.com\\\/belvarossecrets\\\/\",\"https:\\\/\\\/www.tiktok.com\\\/@belvarossecrets\"]}]}<\/script>\n<!-- \/ Yoast SEO plugin. -->","yoast_head_json":{"title":"Pipedream Fetish Fantasy Series \u2013 Limited Edition BDSM set - Sexshop Belvaros","robots":{"index":"index","follow":"follow","max-snippet":"max-snippet:-1","max-image-preview":"max-image-preview:large","max-video-preview":"max-video-preview:-1"},"canonical":"https:\/\/www.szexshopbelvaros.com\/en\/product\/pipedream-fetish-fantasy-series-szemmaszk-korbacs-gyertya-kendo-bdsm-szett\/","og_locale":"en_US","og_type":"article","og_title":"Pipedream Fetish Fantasy Series \u2013 Limited Edition BDSM szett - Szexshop Belvaros","og_description":"Gy\u00fajtsd meg a v\u00e1gyat. Sz\u00f3 szerint. Ez a Pipedream Fetish Fantasy Limited Edition szett t\u00f6k\u00e9letes bel\u00e9p\u0151 a s\u00f6t\u00e9t \u00f6r\u00f6m\u00f6k vil\u00e1g\u00e1ba \u2013 vagy a r\u00e9gi perverz rutin \u00fajrasz\u00ednez\u00e9s\u00e9re. Minden benne van, ami egy j\u00f3l siker\u00fclt kiszolg\u00e1ltatotts\u00e1ghoz kell: \u2013 Szemmaszk, hogy a k\u00edv\u00e1ncsis\u00e1g marja\u2013 Korb\u00e1cs, mert egy kis feny\u00edt\u00e9s m\u00e9g senkinek sem \u00e1rtott (s\u0151t)\u2013 Gyertya, a meleg [...]","og_url":"https:\/\/www.szexshopbelvaros.com\/en\/product\/pipedream-fetish-fantasy-series-szemmaszk-korbacs-gyertya-kendo-bdsm-szett\/","og_site_name":"Szexshop Belvaros","article_publisher":"https:\/\/www.facebook.com\/belvarossecrets\/","article_modified_time":"2026-04-10T12:00:51+00:00","og_image":[{"width":1200,"height":676,"url":"https:\/\/www.szexshopbelvaros.com\/wp-content\/uploads\/2025\/01\/a9f69dd8-9b8e-11ef-b5b4-be7402b14190_pipe202723__1_.jpg","type":"image\/jpeg"}],"twitter_card":"summary_large_image","twitter_site":"@belvarossecrets","twitter_misc":{"Est. reading time":"1 minute"},"schema":{"@context":"https:\/\/schema.org","@graph":[{"@type":"WebPage","@id":"https:\/\/www.szexshopbelvaros.com\/termek\/pipedream-fetish-fantasy-series-szemmaszk-korbacs-gyertya-kendo-bdsm-szett\/","url":"https:\/\/www.szexshopbelvaros.com\/termek\/pipedream-fetish-fantasy-series-szemmaszk-korbacs-gyertya-kendo-bdsm-szett\/","name":"Pipedream Fetish Fantasy Series \u2013 Limited Edition BDSM set - Sexshop Belvaros","isPartOf":{"@id":"https:\/\/www.szexshopbelvaros.com\/#website"},"primaryImageOfPage":{"@id":"https:\/\/www.szexshopbelvaros.com\/termek\/pipedream-fetish-fantasy-series-szemmaszk-korbacs-gyertya-kendo-bdsm-szett\/#primaryimage"},"image":{"@id":"https:\/\/www.szexshopbelvaros.com\/termek\/pipedream-fetish-fantasy-series-szemmaszk-korbacs-gyertya-kendo-bdsm-szett\/#primaryimage"},"thumbnailUrl":"https:\/\/www.szexshopbelvaros.com\/wp-content\/uploads\/2025\/01\/a9f69dd8-9b8e-11ef-b5b4-be7402b14190_pipe202723__1_.jpg","datePublished":"2025-01-31T13:45:54+00:00","dateModified":"2026-04-10T12:00:51+00:00","breadcrumb":{"@id":"https:\/\/www.szexshopbelvaros.com\/termek\/pipedream-fetish-fantasy-series-szemmaszk-korbacs-gyertya-kendo-bdsm-szett\/#breadcrumb"},"inLanguage":"en-US","potentialAction":[{"@type":"ReadAction","target":["https:\/\/www.szexshopbelvaros.com\/termek\/pipedream-fetish-fantasy-series-szemmaszk-korbacs-gyertya-kendo-bdsm-szett\/"]}]},{"@type":"ImageObject","inLanguage":"en-US","@id":"https:\/\/www.szexshopbelvaros.com\/termek\/pipedream-fetish-fantasy-series-szemmaszk-korbacs-gyertya-kendo-bdsm-szett\/#primaryimage","url":"https:\/\/www.szexshopbelvaros.com\/wp-content\/uploads\/2025\/01\/a9f69dd8-9b8e-11ef-b5b4-be7402b14190_pipe202723__1_.jpg","contentUrl":"https:\/\/www.szexshopbelvaros.com\/wp-content\/uploads\/2025\/01\/a9f69dd8-9b8e-11ef-b5b4-be7402b14190_pipe202723__1_.jpg","width":1200,"height":676},{"@type":"BreadcrumbList","@id":"https:\/\/www.szexshopbelvaros.com\/termek\/pipedream-fetish-fantasy-series-szemmaszk-korbacs-gyertya-kendo-bdsm-szett\/#breadcrumb","itemListElement":[{"@type":"ListItem","position":1,"name":"Home","item":"https:\/\/www.szexshopbelvaros.com\/"},{"@type":"ListItem","position":2,"name":"\u00c1ruh\u00e1z","item":"https:\/\/www.szexshopbelvaros.com\/uzlet\/"},{"@type":"ListItem","position":3,"name":"Pipedream Fetish Fantasy Series \u2013 Limited Edition BDSM szett"}]},{"@type":"WebSite","@id":"https:\/\/www.szexshopbelvaros.com\/#website","url":"https:\/\/www.szexshopbelvaros.com\/","name":"at our Szexshop Belv\u00e1ros","description":"\ud83d\udd25 Sex is like money; only too much is enough!\u2122 Secrets from the city center \ud83d\udc8b | Secrets from Budapest \ud83d\udc8e Adult games \u2022 Erotica \u2022 Sex shop Belvaros","publisher":{"@id":"https:\/\/www.szexshopbelvaros.com\/#organization"},"potentialAction":[{"@type":"SearchAction","target":{"@type":"EntryPoint","urlTemplate":"https:\/\/www.szexshopbelvaros.com\/?s={search_term_string}"},"query-input":{"@type":"PropertyValueSpecification","valueRequired":true,"valueName":"search_term_string"}}],"inLanguage":"en-US"},{"@type":"Organization","@id":"https:\/\/www.szexshopbelvaros.com\/#organization","name":"at our Szexshop Belv\u00e1ros","alternateName":"szexshopbelvaros.com","url":"https:\/\/www.szexshopbelvaros.com\/","logo":{"@type":"ImageObject","inLanguage":"en-US","@id":"https:\/\/www.szexshopbelvaros.com\/#\/schema\/logo\/image\/","url":"https:\/\/www.szexshopbelvaros.com\/wp-content\/uploads\/2025\/09\/1Szexshopbelvaroslogo_blurred_stronger.jpg","contentUrl":"https:\/\/www.szexshopbelvaros.com\/wp-content\/uploads\/2025\/09\/1Szexshopbelvaroslogo_blurred_stronger.jpg","width":1024,"height":1024,"caption":"Szexshop Belv\u00e1ros"},"image":{"@id":"https:\/\/www.szexshopbelvaros.com\/#\/schema\/logo\/image\/"},"sameAs":["https:\/\/www.facebook.com\/belvarossecrets\/","https:\/\/x.com\/belvarossecrets","https:\/\/www.instagram.com\/belvarossecrets\/","https:\/\/www.tiktok.com\/@belvarossecrets"]}]}},"_links":{"self":[{"href":"https:\/\/www.szexshopbelvaros.com\/en\/wp-json\/wp\/v2\/product\/756","targetHints":{"allow":["GET"]}}],"collection":[{"href":"https:\/\/www.szexshopbelvaros.com\/en\/wp-json\/wp\/v2\/product"}],"about":[{"href":"https:\/\/www.szexshopbelvaros.com\/en\/wp-json\/wp\/v2\/types\/product"}],"replies":[{"embeddable":true,"href":"https:\/\/www.szexshopbelvaros.com\/en\/wp-json\/wp\/v2\/comments?post=756"}],"wp:featuredmedia":[{"embeddable":true,"href":"https:\/\/www.szexshopbelvaros.com\/en\/wp-json\/wp\/v2\/media\/757"}],"wp:attachment":[{"href":"https:\/\/www.szexshopbelvaros.com\/en\/wp-json\/wp\/v2\/media?parent=756"}],"wp:term":[{"taxonomy":"product_brand","embeddable":true,"href":"https:\/\/www.szexshopbelvaros.com\/en\/wp-json\/wp\/v2\/product_brand?post=756"},{"taxonomy":"product_cat","embeddable":true,"href":"https:\/\/www.szexshopbelvaros.com\/en\/wp-json\/wp\/v2\/product_cat?post=756"},{"taxonomy":"product_tag","embeddable":true,"href":"https:\/\/www.szexshopbelvaros.com\/en\/wp-json\/wp\/v2\/product_tag?post=756"}],"curies":[{"name":"wp","href":"https:\/\/api.w.org\/{rel}","templated":true}]}}