{"id":764,"date":"2025-01-31T14:45:54","date_gmt":"2025-01-31T13:45:54","guid":{"rendered":"https:\/\/www.szexshopbelvaros.com\/termek\/bodystocking-g325-black-s-m-l\/"},"modified":"2026-04-18T15:22:39","modified_gmt":"2026-04-18T13:22:39","slug":"bodystocking-g325-black-s-m-l","status":"publish","type":"product","link":"https:\/\/www.szexshopbelvaros.com\/en\/product\/bodystocking-g325-black-s-m-l\/","title":{"rendered":"\ud83d\udd25 Obsessive G325 bodystocking S\/M\/L \u2013 when the mesh doesn&#039;t hold you back\u2026 it just highlights you"},"content":{"rendered":"<p>The Obsessive G325 bodystocking is a sexy, open-back black bodystocking that both accentuates your figure and lets your imagination run wild.<\/p>\n<p data-start=\"1785\" data-end=\"1995\">Its fine, flexible mesh material (90% nylon, 10% elastane) fits perfectly to your body, while the geometric pattern visually shapes the waist and highlights the curves.<\/p>\n<p data-start=\"1997\" data-end=\"2191\">The cutout front and back not only hint but also invite. The open design leaves access exactly where it counts.<\/p>\n<p data-start=\"2193\" data-end=\"2257\">This is not a \u201cnice underwear\u201d.<br data-start=\"2221\" data-end=\"2224\" \/>This is a situation-triggering outfit.<\/p>\n<p data-start=\"2259\" data-end=\"2313\">No need to take it off. No need to explain.<br data-start=\"2297\" data-end=\"2300\" \/>It just works.<\/p>\n<p data-start=\"2315\" data-end=\"2478\">\ud83d\udc49 Flexible, body-hugging design (S\/M\/L)<br data-start=\"2361\" data-end=\"2364\" \/>\ud83d\udc49 Open design for gaming<br data-start=\"2396\" data-end=\"2399\" \/>\ud83d\udc49 Airy, translucent mesh<br data-start=\"2423\" data-end=\"2426\" \/>\ud83d\udc49 Front + back cutout = maximum visual impact<\/p>\n<p data-start=\"2485\" data-end=\"2617\"><span style=\"color: #333333;\">\ud83d\udc49 You should check out the rest of our\u00a0<\/span><a href=\"https:\/\/www.szexshopbelvaros.com\/en\/product-category\/erotikus-ruhazat\/noi-ruhak\/\"><strong style=\"color: #333333;\">bodystocking and erotic\u00a0<\/strong><\/a><span style=\"color: #333333;\"><span style=\"box-sizing: border-box; margin: 0px; padding: 0px;\"><a href=\"https:\/\/www.szexshopbelvaros.com\/en\/product-category\/erotikus-ruhazat\/noi-ruhak\/\" target=\"_blank\" rel=\"noopener\"><strong>lingerie<\/strong><\/a>that we offer too.<\/span> Because there's always something that won't let you rest.<\/span>\u00a0\ud83d\ude08<\/p>\n<p>\ud83d\udc49 Get it within an hour at our Budapest SzexShop Belv\u00e1ros <a href=\"https:\/\/wolt.com\/hu\/hun\/budapest\/venue\/szexshop-belvaros\/bodystocking-g325-black-s-m-l-itemid-6e135470fe324f08e7f57702\">Wolt store<\/a>store or order here at <a class=\"decorated-link cursor-pointer\" target=\"_new\" rel=\"noopener\" data-start=\"205\" data-end=\"229\">www.szexshopbelvaros.com<\/a> . We deliver throughout Hungary and the EU - because there are things that can't wait. \ud83d\ude08<\/p>","protected":false},"excerpt":{"rendered":"<p>Az Obsessive G325 bodystocking egy szexi, nyitott kialak\u00edt\u00e1s\u00fa fekete bodystocking, amely egyszerre hangs\u00falyozza az alakod \u00e9s szabad utat enged a fant\u00e1zi\u00e1nak. Finom, rugalmas h\u00e1l\u00f3s anyaga (90% nylon, 10% elaszt\u00e1n) t\u00f6k\u00e9letesen simul a testedre, mik\u00f6zben a geometrikus mint\u00e1zat vizu\u00e1lisan form\u00e1lja a derekat \u00e9s kiemeli az idomokat. Az el\u00f6l \u00e9s h\u00e1tul is kiv\u00e1gott fazon nemcsak sejtet, hanem [&#8230;]\n","protected":false},"featured_media":3086,"comment_status":"closed","ping_status":"closed","template":"","meta":[],"product_brand":[129],"product_cat":[113,141,2623],"product_tag":[2626,936,2629,1481,951,503,937,2663,2664,2023,2029,2628,1486,2630,2631,933,2625,597,2028,2661,2660,2659,2662,2627,944,945,932,220,2624,2030],"class_list":{"0":"post-764","1":"product","2":"type-product","3":"status-publish","4":"has-post-thumbnail","6":"product_brand-obsessive","7":"product_cat-erotikus-ruhazat","8":"product_cat-noi-ruhak","9":"product_cat-uj-hullam","10":"product_tag-akcio","11":"product_tag-body-stocking","12":"product_tag-clearance","13":"product_tag-csipkes-fehernemu","14":"product_tag-erotic-clothing","15":"product_tag-erotikus-ruha","16":"product_tag-fehernemu","17":"product_tag-fishnet-bodystocking","18":"product_tag-halo-bodystocking","19":"product_tag-haloszoba-divat","20":"product_tag-harisnya","21":"product_tag-kiarusitas","22":"product_tag-lace-lingerie","23":"product_tag-limitalt-keszlet","24":"product_tag-limited-stock","25":"product_tag-lingerie","26":"product_tag-new-wave","27":"product_tag-noi-fehernemu","28":"product_tag-noi-szexi-ruha","29":"product_tag-nyitott-bodystocking","30":"product_tag-obsessive-bodystocking","31":"product_tag-obsessive-g325","32":"product_tag-open-crotch-bodystocking","33":"product_tag-sale","34":"product_tag-sexy-dress","35":"product_tag-sexy-outfit","36":"product_tag-szexi-ruha","37":"product_tag-szexshop-belvaros","38":"product_tag-uj-hullam","39":"product_tag-womens-lingerie","41":"first","42":"instock","43":"sale","44":"taxable","45":"shipping-taxable","46":"purchasable","47":"product-type-simple"},"yoast_head":"<!-- This site is optimized with the Yoast SEO plugin v27.4 - https:\/\/yoast.com\/product\/yoast-seo-wordpress\/ -->\n<title>Obsessive G325 bodystocking fekete S\/M\/L \u2013 Szexshop Belv\u00e1ros<\/title>\n<meta name=\"description\" content=\"Obsessive G325 bodystocking fekete S\/M\/L \u2013 szexi, nyitott kialak\u00edt\u00e1s\u00fa bodystocking nylon anyagb\u00f3l. Rendeld meg a Szexshop Belv\u00e1ros k\u00edn\u00e1lat\u00e1b\u00f3l gyors sz\u00e1ll\u00edt\u00e1ssal!\" \/>\n<meta name=\"robots\" content=\"index, follow, max-snippet:-1, max-image-preview:large, max-video-preview:-1\" \/>\n<link rel=\"canonical\" href=\"https:\/\/www.szexshopbelvaros.com\/en\/product\/bodystocking-g325-black-s-m-l\/\" \/>\n<meta property=\"og:locale\" content=\"en_US\" \/>\n<meta property=\"og:type\" content=\"article\" \/>\n<meta property=\"og:title\" content=\"Obsessive G325 bodystocking fekete S\/M\/L \u2013 Szexshop Belv\u00e1ros\" \/>\n<meta property=\"og:description\" content=\"Obsessive G325 bodystocking fekete S\/M\/L \u2013 szexi, nyitott kialak\u00edt\u00e1s\u00fa bodystocking nylon anyagb\u00f3l. Rendeld meg a Szexshop Belv\u00e1ros k\u00edn\u00e1lat\u00e1b\u00f3l gyors sz\u00e1ll\u00edt\u00e1ssal!\" \/>\n<meta property=\"og:url\" content=\"https:\/\/www.szexshopbelvaros.com\/en\/product\/bodystocking-g325-black-s-m-l\/\" \/>\n<meta property=\"og:site_name\" content=\"Szexshop Belvaros\" \/>\n<meta property=\"article:publisher\" content=\"https:\/\/www.facebook.com\/belvarossecrets\/\" \/>\n<meta property=\"article:modified_time\" content=\"2026-04-18T13:22:39+00:00\" \/>\n<meta property=\"og:image\" content=\"https:\/\/www.szexshopbelvaros.com\/wp-content\/uploads\/2025\/01\/69e380362aa2e1eb09807c2d-scaled.png\" \/>\n\t<meta property=\"og:image:width\" content=\"2560\" \/>\n\t<meta property=\"og:image:height\" content=\"1440\" \/>\n\t<meta property=\"og:image:type\" content=\"image\/png\" \/>\n<meta name=\"twitter:card\" content=\"summary_large_image\" \/>\n<meta name=\"twitter:site\" content=\"@belvarossecrets\" \/>\n<meta name=\"twitter:label1\" content=\"Est. reading time\" \/>\n\t<meta name=\"twitter:data1\" content=\"2 minutes\" \/>\n<script type=\"application\/ld+json\" class=\"yoast-schema-graph\">{\"@context\":\"https:\\\/\\\/schema.org\",\"@graph\":[{\"@type\":\"WebPage\",\"@id\":\"https:\\\/\\\/www.szexshopbelvaros.com\\\/termek\\\/bodystocking-g325-black-s-m-l\\\/\",\"url\":\"https:\\\/\\\/www.szexshopbelvaros.com\\\/termek\\\/bodystocking-g325-black-s-m-l\\\/\",\"name\":\"Obsessive G325 bodystocking fekete S\\\/M\\\/L \u2013 Szexshop Belv\u00e1ros\",\"isPartOf\":{\"@id\":\"https:\\\/\\\/www.szexshopbelvaros.com\\\/#website\"},\"primaryImageOfPage\":{\"@id\":\"https:\\\/\\\/www.szexshopbelvaros.com\\\/termek\\\/bodystocking-g325-black-s-m-l\\\/#primaryimage\"},\"image\":{\"@id\":\"https:\\\/\\\/www.szexshopbelvaros.com\\\/termek\\\/bodystocking-g325-black-s-m-l\\\/#primaryimage\"},\"thumbnailUrl\":\"https:\\\/\\\/www.szexshopbelvaros.com\\\/wp-content\\\/uploads\\\/2025\\\/01\\\/69e380362aa2e1eb09807c2d-scaled.png\",\"datePublished\":\"2025-01-31T13:45:54+00:00\",\"dateModified\":\"2026-04-18T13:22:39+00:00\",\"description\":\"Obsessive G325 bodystocking fekete S\\\/M\\\/L \u2013 szexi, nyitott kialak\u00edt\u00e1s\u00fa bodystocking nylon anyagb\u00f3l. Rendeld meg a Szexshop Belv\u00e1ros k\u00edn\u00e1lat\u00e1b\u00f3l gyors sz\u00e1ll\u00edt\u00e1ssal!\",\"breadcrumb\":{\"@id\":\"https:\\\/\\\/www.szexshopbelvaros.com\\\/termek\\\/bodystocking-g325-black-s-m-l\\\/#breadcrumb\"},\"inLanguage\":\"en-US\",\"potentialAction\":[{\"@type\":\"ReadAction\",\"target\":[\"https:\\\/\\\/www.szexshopbelvaros.com\\\/termek\\\/bodystocking-g325-black-s-m-l\\\/\"]}]},{\"@type\":\"ImageObject\",\"inLanguage\":\"en-US\",\"@id\":\"https:\\\/\\\/www.szexshopbelvaros.com\\\/termek\\\/bodystocking-g325-black-s-m-l\\\/#primaryimage\",\"url\":\"https:\\\/\\\/www.szexshopbelvaros.com\\\/wp-content\\\/uploads\\\/2025\\\/01\\\/69e380362aa2e1eb09807c2d-scaled.png\",\"contentUrl\":\"https:\\\/\\\/www.szexshopbelvaros.com\\\/wp-content\\\/uploads\\\/2025\\\/01\\\/69e380362aa2e1eb09807c2d-scaled.png\",\"width\":2560,\"height\":1440,\"caption\":\"HU: Obsessive G325 fekete bodystocking, nyitott kialak\u00edt\u00e1s\u00fa, h\u00e1l\u00f3s n\u0151i feh\u00e9rnem\u0171 el\u00f6lr\u0151l EN: Obsessive G325 black bodystocking, open design fishnet lingerie front view\"},{\"@type\":\"BreadcrumbList\",\"@id\":\"https:\\\/\\\/www.szexshopbelvaros.com\\\/termek\\\/bodystocking-g325-black-s-m-l\\\/#breadcrumb\",\"itemListElement\":[{\"@type\":\"ListItem\",\"position\":1,\"name\":\"Home\",\"item\":\"https:\\\/\\\/www.szexshopbelvaros.com\\\/\"},{\"@type\":\"ListItem\",\"position\":2,\"name\":\"\u00c1ruh\u00e1z\",\"item\":\"https:\\\/\\\/www.szexshopbelvaros.com\\\/uzlet\\\/\"},{\"@type\":\"ListItem\",\"position\":3,\"name\":\"\ud83d\udd25 Obsessive G325 bodystocking S\\\/M\\\/L \u2013 amikor a h\u00e1l\u00f3 nem tart vissza\u2026 csak kiemel\"}]},{\"@type\":\"WebSite\",\"@id\":\"https:\\\/\\\/www.szexshopbelvaros.com\\\/#website\",\"url\":\"https:\\\/\\\/www.szexshopbelvaros.com\\\/\",\"name\":\"Szexshop Belv\u00e1ros\",\"description\":\"\ud83d\udd25 A szex olyan, mint a p\u00e9nz; csak a t\u00fal sok el\u00e9g!\u2122 Titkok a belv\u00e1rosb\u00f3l \ud83d\udc8b | Secrets from Budapest \ud83d\udc8e Feln\u0151tt j\u00e1t\u00e9kok \u2022 Erotika \u2022 Szexshop Belvaros\",\"publisher\":{\"@id\":\"https:\\\/\\\/www.szexshopbelvaros.com\\\/#organization\"},\"potentialAction\":[{\"@type\":\"SearchAction\",\"target\":{\"@type\":\"EntryPoint\",\"urlTemplate\":\"https:\\\/\\\/www.szexshopbelvaros.com\\\/?s={search_term_string}\"},\"query-input\":{\"@type\":\"PropertyValueSpecification\",\"valueRequired\":true,\"valueName\":\"search_term_string\"}}],\"inLanguage\":\"en-US\"},{\"@type\":\"Organization\",\"@id\":\"https:\\\/\\\/www.szexshopbelvaros.com\\\/#organization\",\"name\":\"Szexshop Belv\u00e1ros\",\"alternateName\":\"szexshopbelvaros.com\",\"url\":\"https:\\\/\\\/www.szexshopbelvaros.com\\\/\",\"logo\":{\"@type\":\"ImageObject\",\"inLanguage\":\"en-US\",\"@id\":\"https:\\\/\\\/www.szexshopbelvaros.com\\\/#\\\/schema\\\/logo\\\/image\\\/\",\"url\":\"https:\\\/\\\/www.szexshopbelvaros.com\\\/wp-content\\\/uploads\\\/2025\\\/09\\\/1Szexshopbelvaroslogo_blurred_stronger.jpg\",\"contentUrl\":\"https:\\\/\\\/www.szexshopbelvaros.com\\\/wp-content\\\/uploads\\\/2025\\\/09\\\/1Szexshopbelvaroslogo_blurred_stronger.jpg\",\"width\":1024,\"height\":1024,\"caption\":\"Szexshop Belv\u00e1ros\"},\"image\":{\"@id\":\"https:\\\/\\\/www.szexshopbelvaros.com\\\/#\\\/schema\\\/logo\\\/image\\\/\"},\"sameAs\":[\"https:\\\/\\\/www.facebook.com\\\/belvarossecrets\\\/\",\"https:\\\/\\\/x.com\\\/belvarossecrets\",\"https:\\\/\\\/www.instagram.com\\\/belvarossecrets\\\/\",\"https:\\\/\\\/www.tiktok.com\\\/@belvarossecrets\"]}]}<\/script>\n<!-- \/ Yoast SEO plugin. -->","yoast_head_json":{"title":"Obsessive G325 bodystocking black S\/M\/L \u2013 Sexshop Belv\u00e1ros","description":"Obsessive G325 bodystocking black S\/M\/L \u2013 sexy, open-back bodystocking made of nylon. Order from Szexshop Belv\u00e1ros with fast delivery!","robots":{"index":"index","follow":"follow","max-snippet":"max-snippet:-1","max-image-preview":"max-image-preview:large","max-video-preview":"max-video-preview:-1"},"canonical":"https:\/\/www.szexshopbelvaros.com\/en\/product\/bodystocking-g325-black-s-m-l\/","og_locale":"en_US","og_type":"article","og_title":"Obsessive G325 bodystocking fekete S\/M\/L \u2013 Szexshop Belv\u00e1ros","og_description":"Obsessive G325 bodystocking fekete S\/M\/L \u2013 szexi, nyitott kialak\u00edt\u00e1s\u00fa bodystocking nylon anyagb\u00f3l. Rendeld meg a Szexshop Belv\u00e1ros k\u00edn\u00e1lat\u00e1b\u00f3l gyors sz\u00e1ll\u00edt\u00e1ssal!","og_url":"https:\/\/www.szexshopbelvaros.com\/en\/product\/bodystocking-g325-black-s-m-l\/","og_site_name":"Szexshop Belvaros","article_publisher":"https:\/\/www.facebook.com\/belvarossecrets\/","article_modified_time":"2026-04-18T13:22:39+00:00","og_image":[{"width":2560,"height":1440,"url":"https:\/\/www.szexshopbelvaros.com\/wp-content\/uploads\/2025\/01\/69e380362aa2e1eb09807c2d-scaled.png","type":"image\/png"}],"twitter_card":"summary_large_image","twitter_site":"@belvarossecrets","twitter_misc":{"Est. reading time":"2 minutes"},"schema":{"@context":"https:\/\/schema.org","@graph":[{"@type":"WebPage","@id":"https:\/\/www.szexshopbelvaros.com\/termek\/bodystocking-g325-black-s-m-l\/","url":"https:\/\/www.szexshopbelvaros.com\/termek\/bodystocking-g325-black-s-m-l\/","name":"Obsessive G325 bodystocking black S\/M\/L \u2013 Sexshop Belv\u00e1ros","isPartOf":{"@id":"https:\/\/www.szexshopbelvaros.com\/#website"},"primaryImageOfPage":{"@id":"https:\/\/www.szexshopbelvaros.com\/termek\/bodystocking-g325-black-s-m-l\/#primaryimage"},"image":{"@id":"https:\/\/www.szexshopbelvaros.com\/termek\/bodystocking-g325-black-s-m-l\/#primaryimage"},"thumbnailUrl":"https:\/\/www.szexshopbelvaros.com\/wp-content\/uploads\/2025\/01\/69e380362aa2e1eb09807c2d-scaled.png","datePublished":"2025-01-31T13:45:54+00:00","dateModified":"2026-04-18T13:22:39+00:00","description":"Obsessive G325 bodystocking black S\/M\/L \u2013 sexy, open-back bodystocking made of nylon. Order from Szexshop Belv\u00e1ros with fast delivery!","breadcrumb":{"@id":"https:\/\/www.szexshopbelvaros.com\/termek\/bodystocking-g325-black-s-m-l\/#breadcrumb"},"inLanguage":"en-US","potentialAction":[{"@type":"ReadAction","target":["https:\/\/www.szexshopbelvaros.com\/termek\/bodystocking-g325-black-s-m-l\/"]}]},{"@type":"ImageObject","inLanguage":"en-US","@id":"https:\/\/www.szexshopbelvaros.com\/termek\/bodystocking-g325-black-s-m-l\/#primaryimage","url":"https:\/\/www.szexshopbelvaros.com\/wp-content\/uploads\/2025\/01\/69e380362aa2e1eb09807c2d-scaled.png","contentUrl":"https:\/\/www.szexshopbelvaros.com\/wp-content\/uploads\/2025\/01\/69e380362aa2e1eb09807c2d-scaled.png","width":2560,"height":1440,"caption":"HU: Obsessive G325 fekete bodystocking, nyitott kialak\u00edt\u00e1s\u00fa, h\u00e1l\u00f3s n\u0151i feh\u00e9rnem\u0171 el\u00f6lr\u0151l EN: Obsessive G325 black bodystocking, open design fishnet lingerie front view"},{"@type":"BreadcrumbList","@id":"https:\/\/www.szexshopbelvaros.com\/termek\/bodystocking-g325-black-s-m-l\/#breadcrumb","itemListElement":[{"@type":"ListItem","position":1,"name":"Home","item":"https:\/\/www.szexshopbelvaros.com\/"},{"@type":"ListItem","position":2,"name":"\u00c1ruh\u00e1z","item":"https:\/\/www.szexshopbelvaros.com\/uzlet\/"},{"@type":"ListItem","position":3,"name":"\ud83d\udd25 Obsessive G325 bodystocking S\/M\/L \u2013 amikor a h\u00e1l\u00f3 nem tart vissza\u2026 csak kiemel"}]},{"@type":"WebSite","@id":"https:\/\/www.szexshopbelvaros.com\/#website","url":"https:\/\/www.szexshopbelvaros.com\/","name":"at our Szexshop Belv\u00e1ros","description":"\ud83d\udd25 Sex is like money; only too much is enough!\u2122 Secrets from the city center \ud83d\udc8b | Secrets from Budapest \ud83d\udc8e Adult games \u2022 Erotica \u2022 Sex shop Belvaros","publisher":{"@id":"https:\/\/www.szexshopbelvaros.com\/#organization"},"potentialAction":[{"@type":"SearchAction","target":{"@type":"EntryPoint","urlTemplate":"https:\/\/www.szexshopbelvaros.com\/?s={search_term_string}"},"query-input":{"@type":"PropertyValueSpecification","valueRequired":true,"valueName":"search_term_string"}}],"inLanguage":"en-US"},{"@type":"Organization","@id":"https:\/\/www.szexshopbelvaros.com\/#organization","name":"at our Szexshop Belv\u00e1ros","alternateName":"szexshopbelvaros.com","url":"https:\/\/www.szexshopbelvaros.com\/","logo":{"@type":"ImageObject","inLanguage":"en-US","@id":"https:\/\/www.szexshopbelvaros.com\/#\/schema\/logo\/image\/","url":"https:\/\/www.szexshopbelvaros.com\/wp-content\/uploads\/2025\/09\/1Szexshopbelvaroslogo_blurred_stronger.jpg","contentUrl":"https:\/\/www.szexshopbelvaros.com\/wp-content\/uploads\/2025\/09\/1Szexshopbelvaroslogo_blurred_stronger.jpg","width":1024,"height":1024,"caption":"Szexshop Belv\u00e1ros"},"image":{"@id":"https:\/\/www.szexshopbelvaros.com\/#\/schema\/logo\/image\/"},"sameAs":["https:\/\/www.facebook.com\/belvarossecrets\/","https:\/\/x.com\/belvarossecrets","https:\/\/www.instagram.com\/belvarossecrets\/","https:\/\/www.tiktok.com\/@belvarossecrets"]}]}},"_links":{"self":[{"href":"https:\/\/www.szexshopbelvaros.com\/en\/wp-json\/wp\/v2\/product\/764","targetHints":{"allow":["GET"]}}],"collection":[{"href":"https:\/\/www.szexshopbelvaros.com\/en\/wp-json\/wp\/v2\/product"}],"about":[{"href":"https:\/\/www.szexshopbelvaros.com\/en\/wp-json\/wp\/v2\/types\/product"}],"replies":[{"embeddable":true,"href":"https:\/\/www.szexshopbelvaros.com\/en\/wp-json\/wp\/v2\/comments?post=764"}],"wp:featuredmedia":[{"embeddable":true,"href":"https:\/\/www.szexshopbelvaros.com\/en\/wp-json\/wp\/v2\/media\/3086"}],"wp:attachment":[{"href":"https:\/\/www.szexshopbelvaros.com\/en\/wp-json\/wp\/v2\/media?parent=764"}],"wp:term":[{"taxonomy":"product_brand","embeddable":true,"href":"https:\/\/www.szexshopbelvaros.com\/en\/wp-json\/wp\/v2\/product_brand?post=764"},{"taxonomy":"product_cat","embeddable":true,"href":"https:\/\/www.szexshopbelvaros.com\/en\/wp-json\/wp\/v2\/product_cat?post=764"},{"taxonomy":"product_tag","embeddable":true,"href":"https:\/\/www.szexshopbelvaros.com\/en\/wp-json\/wp\/v2\/product_tag?post=764"}],"curies":[{"name":"wp","href":"https:\/\/api.w.org\/{rel}","templated":true}]}}