{"id":781,"date":"2025-01-31T14:46:38","date_gmt":"2025-01-31T13:46:38","guid":{"rendered":"https:\/\/www.szexshopbelvaros.com\/termek\/x-men-secret-shade-metal-butt-plug-rose-l\/"},"modified":"2026-04-10T15:50:00","modified_gmt":"2026-04-10T13:50:00","slug":"x-men-secret-shade-metal-butt-plug-rose-l","status":"publish","type":"product","link":"https:\/\/www.szexshopbelvaros.com\/en\/product\/x-men-secret-shade-metal-butt-plug-rose-l\/","title":{"rendered":"Secret Shade Metal Butt Plug L \u2013 The shiny metal that slowly but surely sneaks into your back thoughts"},"content":{"rendered":"<p data-start=\"908\" data-end=\"1172\">This waterproof, 9.5 cm long, 4.1 cm diameter, conical metal butt plug not only gradually relaxes your sphincter muscles, but with the combination of the shiny gold body and pink gemstone, it looks as if your butt is receiving a personal princely crown.<\/p>\n<p data-start=\"1174\" data-end=\"1494\">This large, unisex anal dilator slides in comfortably (especially with water-based lube) and is the ideal butt plug for those who like to see and feel their sex toys. It&#039;s perfect for both men and women, and can be cleaned with a little warm soapy water and a cleaning agent.<\/p>\n<p>&nbsp;<\/p>","protected":false},"excerpt":{"rendered":"<p>Ez a v\u00edz\u00e1ll\u00f3, 9,5 centis hossz\u00fas\u00e1g\u00fa, 4,1 cm \u00e1tm\u00e9r\u0151j\u0171, k\u00fapos kialak\u00edt\u00e1s\u00fa f\u00e9mb\u0151l k\u00e9sz\u00fclt an\u00e1ldug\u00f3 nemcsak fokozatosan t\u00e1g\u00edtja a z\u00e1r\u00f3izmaidat, hanem a csillog\u00f3 aranytest \u00e9s a r\u00f3zsasz\u00edn \u00e9kk\u0151 kombin\u00e1ci\u00f3j\u00e1val \u00fagy fest, mintha a feneked szem\u00e9lyes hercegi koron\u00e1t kapna. Ez a nagy m\u00e9ret\u0171, uniszex an\u00e1l t\u00e1g\u00edt\u00f3 k\u00e9nyelmesen becs\u00faszik (f\u0151leg v\u00edzb\u00e1zis\u00fa s\u00edkos\u00edt\u00f3val), \u00e9s ide\u00e1lis fen\u00e9kdug\u00f3 azoknak, akik szeretik [&#8230;]\n","protected":false},"featured_media":782,"comment_status":"closed","ping_status":"closed","template":"","meta":[],"product_brand":[161],"product_cat":[135,86],"product_tag":[684,418,676,694,1392,1393,424,1828,1813,1381,1819,1318,1817,1824,1823,1827,1820,1814,1821,1816,698,695,1904,1815,1822,1826,1818,1825],"class_list":{"0":"post-781","1":"product","2":"type-product","3":"status-publish","4":"has-post-thumbnail","6":"product_brand-x-men","7":"product_cat-anal","8":"product_cat-analdugok-prosztata-masszirozok","9":"product_tag-anal-dugo","10":"product_tag-anal-jatek","11":"product_tag-anal-play","12":"product_tag-anal-plug","13":"product_tag-anal-stimulacio","14":"product_tag-anal-stimulation","15":"product_tag-anal-toy","16":"product_tag-cold-metal-toy","17":"product_tag-em-anal-dugo","18":"product_tag-hatso-jatek","19":"product_tag-hideg-fem-jatek","20":"product_tag-intimate-toy","21":"product_tag-l-meretu-anal-dugo","22":"product_tag-l-size-butt-plug","23":"product_tag-large-butt-plug","24":"product_tag-luxury-anal-toy","25":"product_tag-luxus-anal-jatek","26":"product_tag-metal-anal-dugo","27":"product_tag-metal-butt-plug","28":"product_tag-nagy-meretu-anal-dugo","29":"product_tag-p-spot-toy","30":"product_tag-prostate-massager","31":"product_tag-prosztata-masszirozo","32":"product_tag-rose-gold-anal-dugo","33":"product_tag-rose-gold-butt-plug","34":"product_tag-stainless-steel-plug","35":"product_tag-sulyozott-anal-dugo","36":"product_tag-weighted-butt-plug","38":"first","39":"instock","40":"taxable","41":"shipping-taxable","42":"purchasable","43":"product-type-simple"},"yoast_head":"<!-- This site is optimized with the Yoast SEO plugin v27.4 - https:\/\/yoast.com\/product\/yoast-seo-wordpress\/ -->\n<title>Secret Shade Metal Butt Plug L - A csillog\u00f3 f\u00e9m, ami lassan, de biztosan belelopja mag\u00e1t a h\u00e1ts\u00f3 gondolataidba - Szexshop Belvaros<\/title>\n<meta name=\"robots\" content=\"index, follow, max-snippet:-1, max-image-preview:large, max-video-preview:-1\" \/>\n<link rel=\"canonical\" href=\"https:\/\/www.szexshopbelvaros.com\/en\/product\/x-men-secret-shade-metal-butt-plug-rose-l\/\" \/>\n<meta property=\"og:locale\" content=\"en_US\" \/>\n<meta property=\"og:type\" content=\"article\" \/>\n<meta property=\"og:title\" content=\"Secret Shade Metal Butt Plug L - A csillog\u00f3 f\u00e9m, ami lassan, de biztosan belelopja mag\u00e1t a h\u00e1ts\u00f3 gondolataidba - Szexshop Belvaros\" \/>\n<meta property=\"og:description\" content=\"Ez a v\u00edz\u00e1ll\u00f3, 9,5 centis hossz\u00fas\u00e1g\u00fa, 4,1 cm \u00e1tm\u00e9r\u0151j\u0171, k\u00fapos kialak\u00edt\u00e1s\u00fa f\u00e9mb\u0151l k\u00e9sz\u00fclt an\u00e1ldug\u00f3 nemcsak fokozatosan t\u00e1g\u00edtja a z\u00e1r\u00f3izmaidat, hanem a csillog\u00f3 aranytest \u00e9s a r\u00f3zsasz\u00edn \u00e9kk\u0151 kombin\u00e1ci\u00f3j\u00e1val \u00fagy fest, mintha a feneked szem\u00e9lyes hercegi koron\u00e1t kapna. Ez a nagy m\u00e9ret\u0171, uniszex an\u00e1l t\u00e1g\u00edt\u00f3 k\u00e9nyelmesen becs\u00faszik (f\u0151leg v\u00edzb\u00e1zis\u00fa s\u00edkos\u00edt\u00f3val), \u00e9s ide\u00e1lis fen\u00e9kdug\u00f3 azoknak, akik szeretik [...]\" \/>\n<meta property=\"og:url\" content=\"https:\/\/www.szexshopbelvaros.com\/en\/product\/x-men-secret-shade-metal-butt-plug-rose-l\/\" \/>\n<meta property=\"og:site_name\" content=\"Szexshop Belvaros\" \/>\n<meta property=\"article:publisher\" content=\"https:\/\/www.facebook.com\/belvarossecrets\/\" \/>\n<meta property=\"article:modified_time\" content=\"2026-04-10T13:50:00+00:00\" \/>\n<meta property=\"og:image\" content=\"https:\/\/www.szexshopbelvaros.com\/wp-content\/uploads\/2025\/01\/6738a61b6160d2426a948b04.jpeg\" \/>\n\t<meta property=\"og:image:width\" content=\"1200\" \/>\n\t<meta property=\"og:image:height\" content=\"676\" \/>\n\t<meta property=\"og:image:type\" content=\"image\/jpeg\" \/>\n<meta name=\"twitter:card\" content=\"summary_large_image\" \/>\n<meta name=\"twitter:site\" content=\"@belvarossecrets\" \/>\n<meta name=\"twitter:label1\" content=\"Est. reading time\" \/>\n\t<meta name=\"twitter:data1\" content=\"1 minute\" \/>\n<script type=\"application\/ld+json\" class=\"yoast-schema-graph\">{\"@context\":\"https:\\\/\\\/schema.org\",\"@graph\":[{\"@type\":\"WebPage\",\"@id\":\"https:\\\/\\\/www.szexshopbelvaros.com\\\/termek\\\/x-men-secret-shade-metal-butt-plug-rose-l\\\/\",\"url\":\"https:\\\/\\\/www.szexshopbelvaros.com\\\/termek\\\/x-men-secret-shade-metal-butt-plug-rose-l\\\/\",\"name\":\"Secret Shade Metal Butt Plug L - A csillog\u00f3 f\u00e9m, ami lassan, de biztosan belelopja mag\u00e1t a h\u00e1ts\u00f3 gondolataidba - Szexshop Belvaros\",\"isPartOf\":{\"@id\":\"https:\\\/\\\/www.szexshopbelvaros.com\\\/#website\"},\"primaryImageOfPage\":{\"@id\":\"https:\\\/\\\/www.szexshopbelvaros.com\\\/termek\\\/x-men-secret-shade-metal-butt-plug-rose-l\\\/#primaryimage\"},\"image\":{\"@id\":\"https:\\\/\\\/www.szexshopbelvaros.com\\\/termek\\\/x-men-secret-shade-metal-butt-plug-rose-l\\\/#primaryimage\"},\"thumbnailUrl\":\"https:\\\/\\\/www.szexshopbelvaros.com\\\/wp-content\\\/uploads\\\/2025\\\/01\\\/6738a61b6160d2426a948b04.jpeg\",\"datePublished\":\"2025-01-31T13:46:38+00:00\",\"dateModified\":\"2026-04-10T13:50:00+00:00\",\"breadcrumb\":{\"@id\":\"https:\\\/\\\/www.szexshopbelvaros.com\\\/termek\\\/x-men-secret-shade-metal-butt-plug-rose-l\\\/#breadcrumb\"},\"inLanguage\":\"en-US\",\"potentialAction\":[{\"@type\":\"ReadAction\",\"target\":[\"https:\\\/\\\/www.szexshopbelvaros.com\\\/termek\\\/x-men-secret-shade-metal-butt-plug-rose-l\\\/\"]}]},{\"@type\":\"ImageObject\",\"inLanguage\":\"en-US\",\"@id\":\"https:\\\/\\\/www.szexshopbelvaros.com\\\/termek\\\/x-men-secret-shade-metal-butt-plug-rose-l\\\/#primaryimage\",\"url\":\"https:\\\/\\\/www.szexshopbelvaros.com\\\/wp-content\\\/uploads\\\/2025\\\/01\\\/6738a61b6160d2426a948b04.jpeg\",\"contentUrl\":\"https:\\\/\\\/www.szexshopbelvaros.com\\\/wp-content\\\/uploads\\\/2025\\\/01\\\/6738a61b6160d2426a948b04.jpeg\",\"width\":1200,\"height\":676},{\"@type\":\"BreadcrumbList\",\"@id\":\"https:\\\/\\\/www.szexshopbelvaros.com\\\/termek\\\/x-men-secret-shade-metal-butt-plug-rose-l\\\/#breadcrumb\",\"itemListElement\":[{\"@type\":\"ListItem\",\"position\":1,\"name\":\"Home\",\"item\":\"https:\\\/\\\/www.szexshopbelvaros.com\\\/\"},{\"@type\":\"ListItem\",\"position\":2,\"name\":\"\u00c1ruh\u00e1z\",\"item\":\"https:\\\/\\\/www.szexshopbelvaros.com\\\/uzlet\\\/\"},{\"@type\":\"ListItem\",\"position\":3,\"name\":\"Secret Shade Metal Butt Plug L &#8211; A csillog\u00f3 f\u00e9m, ami lassan, de biztosan belelopja mag\u00e1t a h\u00e1ts\u00f3 gondolataidba\"}]},{\"@type\":\"WebSite\",\"@id\":\"https:\\\/\\\/www.szexshopbelvaros.com\\\/#website\",\"url\":\"https:\\\/\\\/www.szexshopbelvaros.com\\\/\",\"name\":\"Szexshop Belv\u00e1ros\",\"description\":\"\ud83d\udd25 A szex olyan, mint a p\u00e9nz; csak a t\u00fal sok el\u00e9g!\u2122 Titkok a belv\u00e1rosb\u00f3l \ud83d\udc8b | Secrets from Budapest \ud83d\udc8e Feln\u0151tt j\u00e1t\u00e9kok \u2022 Erotika \u2022 Szexshop Belvaros\",\"publisher\":{\"@id\":\"https:\\\/\\\/www.szexshopbelvaros.com\\\/#organization\"},\"potentialAction\":[{\"@type\":\"SearchAction\",\"target\":{\"@type\":\"EntryPoint\",\"urlTemplate\":\"https:\\\/\\\/www.szexshopbelvaros.com\\\/?s={search_term_string}\"},\"query-input\":{\"@type\":\"PropertyValueSpecification\",\"valueRequired\":true,\"valueName\":\"search_term_string\"}}],\"inLanguage\":\"en-US\"},{\"@type\":\"Organization\",\"@id\":\"https:\\\/\\\/www.szexshopbelvaros.com\\\/#organization\",\"name\":\"Szexshop Belv\u00e1ros\",\"alternateName\":\"szexshopbelvaros.com\",\"url\":\"https:\\\/\\\/www.szexshopbelvaros.com\\\/\",\"logo\":{\"@type\":\"ImageObject\",\"inLanguage\":\"en-US\",\"@id\":\"https:\\\/\\\/www.szexshopbelvaros.com\\\/#\\\/schema\\\/logo\\\/image\\\/\",\"url\":\"https:\\\/\\\/www.szexshopbelvaros.com\\\/wp-content\\\/uploads\\\/2025\\\/09\\\/1Szexshopbelvaroslogo_blurred_stronger.jpg\",\"contentUrl\":\"https:\\\/\\\/www.szexshopbelvaros.com\\\/wp-content\\\/uploads\\\/2025\\\/09\\\/1Szexshopbelvaroslogo_blurred_stronger.jpg\",\"width\":1024,\"height\":1024,\"caption\":\"Szexshop Belv\u00e1ros\"},\"image\":{\"@id\":\"https:\\\/\\\/www.szexshopbelvaros.com\\\/#\\\/schema\\\/logo\\\/image\\\/\"},\"sameAs\":[\"https:\\\/\\\/www.facebook.com\\\/belvarossecrets\\\/\",\"https:\\\/\\\/x.com\\\/belvarossecrets\",\"https:\\\/\\\/www.instagram.com\\\/belvarossecrets\\\/\",\"https:\\\/\\\/www.tiktok.com\\\/@belvarossecrets\"]}]}<\/script>\n<!-- \/ Yoast SEO plugin. -->","yoast_head_json":{"title":"Secret Shade Metal Butt Plug L - The shiny metal that slowly but surely sneaks into your back thoughts - Szexshop Belvaros","robots":{"index":"index","follow":"follow","max-snippet":"max-snippet:-1","max-image-preview":"max-image-preview:large","max-video-preview":"max-video-preview:-1"},"canonical":"https:\/\/www.szexshopbelvaros.com\/en\/product\/x-men-secret-shade-metal-butt-plug-rose-l\/","og_locale":"en_US","og_type":"article","og_title":"Secret Shade Metal Butt Plug L - A csillog\u00f3 f\u00e9m, ami lassan, de biztosan belelopja mag\u00e1t a h\u00e1ts\u00f3 gondolataidba - Szexshop Belvaros","og_description":"Ez a v\u00edz\u00e1ll\u00f3, 9,5 centis hossz\u00fas\u00e1g\u00fa, 4,1 cm \u00e1tm\u00e9r\u0151j\u0171, k\u00fapos kialak\u00edt\u00e1s\u00fa f\u00e9mb\u0151l k\u00e9sz\u00fclt an\u00e1ldug\u00f3 nemcsak fokozatosan t\u00e1g\u00edtja a z\u00e1r\u00f3izmaidat, hanem a csillog\u00f3 aranytest \u00e9s a r\u00f3zsasz\u00edn \u00e9kk\u0151 kombin\u00e1ci\u00f3j\u00e1val \u00fagy fest, mintha a feneked szem\u00e9lyes hercegi koron\u00e1t kapna. Ez a nagy m\u00e9ret\u0171, uniszex an\u00e1l t\u00e1g\u00edt\u00f3 k\u00e9nyelmesen becs\u00faszik (f\u0151leg v\u00edzb\u00e1zis\u00fa s\u00edkos\u00edt\u00f3val), \u00e9s ide\u00e1lis fen\u00e9kdug\u00f3 azoknak, akik szeretik [...]","og_url":"https:\/\/www.szexshopbelvaros.com\/en\/product\/x-men-secret-shade-metal-butt-plug-rose-l\/","og_site_name":"Szexshop Belvaros","article_publisher":"https:\/\/www.facebook.com\/belvarossecrets\/","article_modified_time":"2026-04-10T13:50:00+00:00","og_image":[{"width":1200,"height":676,"url":"https:\/\/www.szexshopbelvaros.com\/wp-content\/uploads\/2025\/01\/6738a61b6160d2426a948b04.jpeg","type":"image\/jpeg"}],"twitter_card":"summary_large_image","twitter_site":"@belvarossecrets","twitter_misc":{"Est. reading time":"1 minute"},"schema":{"@context":"https:\/\/schema.org","@graph":[{"@type":"WebPage","@id":"https:\/\/www.szexshopbelvaros.com\/termek\/x-men-secret-shade-metal-butt-plug-rose-l\/","url":"https:\/\/www.szexshopbelvaros.com\/termek\/x-men-secret-shade-metal-butt-plug-rose-l\/","name":"Secret Shade Metal Butt Plug L - The shiny metal that slowly but surely sneaks into your back thoughts - Szexshop Belvaros","isPartOf":{"@id":"https:\/\/www.szexshopbelvaros.com\/#website"},"primaryImageOfPage":{"@id":"https:\/\/www.szexshopbelvaros.com\/termek\/x-men-secret-shade-metal-butt-plug-rose-l\/#primaryimage"},"image":{"@id":"https:\/\/www.szexshopbelvaros.com\/termek\/x-men-secret-shade-metal-butt-plug-rose-l\/#primaryimage"},"thumbnailUrl":"https:\/\/www.szexshopbelvaros.com\/wp-content\/uploads\/2025\/01\/6738a61b6160d2426a948b04.jpeg","datePublished":"2025-01-31T13:46:38+00:00","dateModified":"2026-04-10T13:50:00+00:00","breadcrumb":{"@id":"https:\/\/www.szexshopbelvaros.com\/termek\/x-men-secret-shade-metal-butt-plug-rose-l\/#breadcrumb"},"inLanguage":"en-US","potentialAction":[{"@type":"ReadAction","target":["https:\/\/www.szexshopbelvaros.com\/termek\/x-men-secret-shade-metal-butt-plug-rose-l\/"]}]},{"@type":"ImageObject","inLanguage":"en-US","@id":"https:\/\/www.szexshopbelvaros.com\/termek\/x-men-secret-shade-metal-butt-plug-rose-l\/#primaryimage","url":"https:\/\/www.szexshopbelvaros.com\/wp-content\/uploads\/2025\/01\/6738a61b6160d2426a948b04.jpeg","contentUrl":"https:\/\/www.szexshopbelvaros.com\/wp-content\/uploads\/2025\/01\/6738a61b6160d2426a948b04.jpeg","width":1200,"height":676},{"@type":"BreadcrumbList","@id":"https:\/\/www.szexshopbelvaros.com\/termek\/x-men-secret-shade-metal-butt-plug-rose-l\/#breadcrumb","itemListElement":[{"@type":"ListItem","position":1,"name":"Home","item":"https:\/\/www.szexshopbelvaros.com\/"},{"@type":"ListItem","position":2,"name":"\u00c1ruh\u00e1z","item":"https:\/\/www.szexshopbelvaros.com\/uzlet\/"},{"@type":"ListItem","position":3,"name":"Secret Shade Metal Butt Plug L &#8211; A csillog\u00f3 f\u00e9m, ami lassan, de biztosan belelopja mag\u00e1t a h\u00e1ts\u00f3 gondolataidba"}]},{"@type":"WebSite","@id":"https:\/\/www.szexshopbelvaros.com\/#website","url":"https:\/\/www.szexshopbelvaros.com\/","name":"at our Szexshop Belv\u00e1ros","description":"\ud83d\udd25 Sex is like money; only too much is enough!\u2122 Secrets from the city center \ud83d\udc8b | Secrets from Budapest \ud83d\udc8e Adult games \u2022 Erotica \u2022 Sex shop Belvaros","publisher":{"@id":"https:\/\/www.szexshopbelvaros.com\/#organization"},"potentialAction":[{"@type":"SearchAction","target":{"@type":"EntryPoint","urlTemplate":"https:\/\/www.szexshopbelvaros.com\/?s={search_term_string}"},"query-input":{"@type":"PropertyValueSpecification","valueRequired":true,"valueName":"search_term_string"}}],"inLanguage":"en-US"},{"@type":"Organization","@id":"https:\/\/www.szexshopbelvaros.com\/#organization","name":"at our Szexshop Belv\u00e1ros","alternateName":"szexshopbelvaros.com","url":"https:\/\/www.szexshopbelvaros.com\/","logo":{"@type":"ImageObject","inLanguage":"en-US","@id":"https:\/\/www.szexshopbelvaros.com\/#\/schema\/logo\/image\/","url":"https:\/\/www.szexshopbelvaros.com\/wp-content\/uploads\/2025\/09\/1Szexshopbelvaroslogo_blurred_stronger.jpg","contentUrl":"https:\/\/www.szexshopbelvaros.com\/wp-content\/uploads\/2025\/09\/1Szexshopbelvaroslogo_blurred_stronger.jpg","width":1024,"height":1024,"caption":"Szexshop Belv\u00e1ros"},"image":{"@id":"https:\/\/www.szexshopbelvaros.com\/#\/schema\/logo\/image\/"},"sameAs":["https:\/\/www.facebook.com\/belvarossecrets\/","https:\/\/x.com\/belvarossecrets","https:\/\/www.instagram.com\/belvarossecrets\/","https:\/\/www.tiktok.com\/@belvarossecrets"]}]}},"_links":{"self":[{"href":"https:\/\/www.szexshopbelvaros.com\/en\/wp-json\/wp\/v2\/product\/781","targetHints":{"allow":["GET"]}}],"collection":[{"href":"https:\/\/www.szexshopbelvaros.com\/en\/wp-json\/wp\/v2\/product"}],"about":[{"href":"https:\/\/www.szexshopbelvaros.com\/en\/wp-json\/wp\/v2\/types\/product"}],"replies":[{"embeddable":true,"href":"https:\/\/www.szexshopbelvaros.com\/en\/wp-json\/wp\/v2\/comments?post=781"}],"wp:featuredmedia":[{"embeddable":true,"href":"https:\/\/www.szexshopbelvaros.com\/en\/wp-json\/wp\/v2\/media\/782"}],"wp:attachment":[{"href":"https:\/\/www.szexshopbelvaros.com\/en\/wp-json\/wp\/v2\/media?parent=781"}],"wp:term":[{"taxonomy":"product_brand","embeddable":true,"href":"https:\/\/www.szexshopbelvaros.com\/en\/wp-json\/wp\/v2\/product_brand?post=781"},{"taxonomy":"product_cat","embeddable":true,"href":"https:\/\/www.szexshopbelvaros.com\/en\/wp-json\/wp\/v2\/product_cat?post=781"},{"taxonomy":"product_tag","embeddable":true,"href":"https:\/\/www.szexshopbelvaros.com\/en\/wp-json\/wp\/v2\/product_tag?post=781"}],"curies":[{"name":"wp","href":"https:\/\/api.w.org\/{rel}","templated":true}]}}