{"id":787,"date":"2025-01-31T14:46:38","date_gmt":"2025-01-31T13:46:38","guid":{"rendered":"https:\/\/www.szexshopbelvaros.com\/termek\/x-men-secret-shine-metal-butt-plug-gun-colour-s\/"},"modified":"2026-04-10T15:51:04","modified_gmt":"2026-04-10T13:51:04","slug":"x-men-secret-shine-metal-butt-plug-gun-colour-s","status":"publish","type":"product","link":"https:\/\/www.szexshopbelvaros.com\/en\/product\/x-men-secret-shine-metal-butt-plug-gun-colour-s\/","title":{"rendered":"Secret Shine Metal Butt Plug S \u2013 The shiny little secret that is hidden in only the best places"},"content":{"rendered":"<p data-start=\"868\" data-end=\"1164\">This 7.1 cm long, 2.7 cm diameter, waterproof, conical metal butt plug gradually expands, slides like a dream, and fits like you&#039;ve been waiting for it since birth. And the diamond-like gemstone crowning the shiny, black gunmetal body provides a sight that would make even the mirror blush.<\/p>\n<p data-start=\"1166\" data-end=\"1524\">This sparkling, jeweled butt plug is the ideal beginner&#039;s sex toy, a sex toy for anal pleasure. A unisex experience for both men and women, designed specifically to make rear penetration more enjoyable. It&#039;s even smoother with water-based lubricant, and with a little warm soapy water and accessory cleaner, it&#039;ll shine again in no time, just as it deserves.<\/p>\n<p>&nbsp;<\/p>","protected":false},"excerpt":{"rendered":"<p>Ez a 7,1 centi hossz\u00fa, 2,7 cm \u00e1tm\u00e9r\u0151j\u0171, v\u00edz\u00e1ll\u00f3, k\u00fapos form\u00e1j\u00fa f\u00e9man\u00e1ldug\u00f3 fokozatosan t\u00e1g\u00edt, cs\u00faszik, mint az \u00e1lom, \u00e9s \u00fagy simul be, mintha sz\u00fclet\u00e9sed \u00f3ta csak r\u00e1 v\u00e1rt\u00e1l. A f\u00e9nyes, fekete gunmetal testet koron\u00e1z\u00f3 gy\u00e9m\u00e1nt hat\u00e1s\u00fa \u00e9kk\u0151 pedig olyan l\u00e1tv\u00e1nyt ny\u00fajt, amit\u0151l m\u00e9g a t\u00fck\u00f6r is elpirulna. Ez a csillog\u00f3, \u00e9kk\u00f6ves fen\u00e9kdug\u00f3 ide\u00e1lis kezd\u0151knek aj\u00e1nlott [&#8230;]\n","protected":false},"featured_media":2781,"comment_status":"closed","ping_status":"closed","template":"","meta":[],"product_brand":[161],"product_cat":[135,86],"product_tag":[684,418,676,694,1392,1393,424,1882,1828,1830,1829,1836,1381,1819,1318,2399,1831,1827,1820,1821,698,695,1904,1832,1835,1834,1818,1825],"class_list":{"0":"post-787","1":"product","2":"type-product","3":"status-publish","4":"has-post-thumbnail","6":"product_brand-x-men","7":"product_cat-anal","8":"product_cat-analdugok-prosztata-masszirozok","9":"product_tag-anal-dugo","10":"product_tag-anal-jatek","11":"product_tag-anal-play","12":"product_tag-anal-plug","13":"product_tag-anal-stimulacio","14":"product_tag-anal-stimulation","15":"product_tag-anal-toy","16":"product_tag-beginner-anal-plug","17":"product_tag-cold-metal-toy","18":"product_tag-fekete-anal-dugo","19":"product_tag-fem-anal-dugo","20":"product_tag-gunmetal-butt-plug","21":"product_tag-hatso-jatek","22":"product_tag-hideg-fem-jatek","23":"product_tag-intimate-toy","24":"product_tag-kezdoknek-anal-dugo","25":"product_tag-kis-meretu-anal-dugo","26":"product_tag-luxury-anal-toy","27":"product_tag-luxus-anal-jatek","28":"product_tag-metal-butt-plug","29":"product_tag-p-spot-toy","30":"product_tag-prostate-massager","31":"product_tag-prosztata-masszirozo","32":"product_tag-s-meretu-anal-dugo","33":"product_tag-s-size-butt-plug","34":"product_tag-small-butt-plug","35":"product_tag-sulyozott-anal-dugo","36":"product_tag-weighted-butt-plug","38":"first","39":"instock","40":"taxable","41":"shipping-taxable","42":"purchasable","43":"product-type-simple"},"yoast_head":"<!-- This site is optimized with the Yoast SEO plugin v27.4 - https:\/\/yoast.com\/product\/yoast-seo-wordpress\/ -->\n<title>Secret Shine Metal Butt Plug S \u2013 A f\u00e9nyes kis titok, amit csak a legjobb helyre dugnak el - Szexshop Belvaros<\/title>\n<meta name=\"robots\" content=\"index, follow, max-snippet:-1, max-image-preview:large, max-video-preview:-1\" \/>\n<link rel=\"canonical\" href=\"https:\/\/www.szexshopbelvaros.com\/en\/product\/x-men-secret-shine-metal-butt-plug-gun-colour-s\/\" \/>\n<meta property=\"og:locale\" content=\"en_US\" \/>\n<meta property=\"og:type\" content=\"article\" \/>\n<meta property=\"og:title\" content=\"Secret Shine Metal Butt Plug S \u2013 A f\u00e9nyes kis titok, amit csak a legjobb helyre dugnak el - Szexshop Belvaros\" \/>\n<meta property=\"og:description\" content=\"Ez a 7,1 centi hossz\u00fa, 2,7 cm \u00e1tm\u00e9r\u0151j\u0171, v\u00edz\u00e1ll\u00f3, k\u00fapos form\u00e1j\u00fa f\u00e9man\u00e1ldug\u00f3 fokozatosan t\u00e1g\u00edt, cs\u00faszik, mint az \u00e1lom, \u00e9s \u00fagy simul be, mintha sz\u00fclet\u00e9sed \u00f3ta csak r\u00e1 v\u00e1rt\u00e1l. A f\u00e9nyes, fekete gunmetal testet koron\u00e1z\u00f3 gy\u00e9m\u00e1nt hat\u00e1s\u00fa \u00e9kk\u0151 pedig olyan l\u00e1tv\u00e1nyt ny\u00fajt, amit\u0151l m\u00e9g a t\u00fck\u00f6r is elpirulna. Ez a csillog\u00f3, \u00e9kk\u00f6ves fen\u00e9kdug\u00f3 ide\u00e1lis kezd\u0151knek aj\u00e1nlott [...]\" \/>\n<meta property=\"og:url\" content=\"https:\/\/www.szexshopbelvaros.com\/en\/product\/x-men-secret-shine-metal-butt-plug-gun-colour-s\/\" \/>\n<meta property=\"og:site_name\" content=\"Szexshop Belvaros\" \/>\n<meta property=\"article:publisher\" content=\"https:\/\/www.facebook.com\/belvarossecrets\/\" \/>\n<meta property=\"article:modified_time\" content=\"2026-04-10T13:51:04+00:00\" \/>\n<meta property=\"og:image\" content=\"https:\/\/www.szexshopbelvaros.com\/wp-content\/uploads\/2025\/01\/Untitled-design-41.png\" \/>\n\t<meta property=\"og:image:width\" content=\"226\" \/>\n\t<meta property=\"og:image:height\" content=\"300\" \/>\n\t<meta property=\"og:image:type\" content=\"image\/png\" \/>\n<meta name=\"twitter:card\" content=\"summary_large_image\" \/>\n<meta name=\"twitter:site\" content=\"@belvarossecrets\" \/>\n<meta name=\"twitter:label1\" content=\"Est. reading time\" \/>\n\t<meta name=\"twitter:data1\" content=\"1 minute\" \/>\n<script type=\"application\/ld+json\" class=\"yoast-schema-graph\">{\"@context\":\"https:\\\/\\\/schema.org\",\"@graph\":[{\"@type\":\"WebPage\",\"@id\":\"https:\\\/\\\/www.szexshopbelvaros.com\\\/termek\\\/x-men-secret-shine-metal-butt-plug-gun-colour-s\\\/\",\"url\":\"https:\\\/\\\/www.szexshopbelvaros.com\\\/termek\\\/x-men-secret-shine-metal-butt-plug-gun-colour-s\\\/\",\"name\":\"Secret Shine Metal Butt Plug S \u2013 A f\u00e9nyes kis titok, amit csak a legjobb helyre dugnak el - Szexshop Belvaros\",\"isPartOf\":{\"@id\":\"https:\\\/\\\/www.szexshopbelvaros.com\\\/#website\"},\"primaryImageOfPage\":{\"@id\":\"https:\\\/\\\/www.szexshopbelvaros.com\\\/termek\\\/x-men-secret-shine-metal-butt-plug-gun-colour-s\\\/#primaryimage\"},\"image\":{\"@id\":\"https:\\\/\\\/www.szexshopbelvaros.com\\\/termek\\\/x-men-secret-shine-metal-butt-plug-gun-colour-s\\\/#primaryimage\"},\"thumbnailUrl\":\"https:\\\/\\\/www.szexshopbelvaros.com\\\/wp-content\\\/uploads\\\/2025\\\/01\\\/Untitled-design-41.png\",\"datePublished\":\"2025-01-31T13:46:38+00:00\",\"dateModified\":\"2026-04-10T13:51:04+00:00\",\"breadcrumb\":{\"@id\":\"https:\\\/\\\/www.szexshopbelvaros.com\\\/termek\\\/x-men-secret-shine-metal-butt-plug-gun-colour-s\\\/#breadcrumb\"},\"inLanguage\":\"en-US\",\"potentialAction\":[{\"@type\":\"ReadAction\",\"target\":[\"https:\\\/\\\/www.szexshopbelvaros.com\\\/termek\\\/x-men-secret-shine-metal-butt-plug-gun-colour-s\\\/\"]}]},{\"@type\":\"ImageObject\",\"inLanguage\":\"en-US\",\"@id\":\"https:\\\/\\\/www.szexshopbelvaros.com\\\/termek\\\/x-men-secret-shine-metal-butt-plug-gun-colour-s\\\/#primaryimage\",\"url\":\"https:\\\/\\\/www.szexshopbelvaros.com\\\/wp-content\\\/uploads\\\/2025\\\/01\\\/Untitled-design-41.png\",\"contentUrl\":\"https:\\\/\\\/www.szexshopbelvaros.com\\\/wp-content\\\/uploads\\\/2025\\\/01\\\/Untitled-design-41.png\",\"width\":226,\"height\":300},{\"@type\":\"BreadcrumbList\",\"@id\":\"https:\\\/\\\/www.szexshopbelvaros.com\\\/termek\\\/x-men-secret-shine-metal-butt-plug-gun-colour-s\\\/#breadcrumb\",\"itemListElement\":[{\"@type\":\"ListItem\",\"position\":1,\"name\":\"Home\",\"item\":\"https:\\\/\\\/www.szexshopbelvaros.com\\\/\"},{\"@type\":\"ListItem\",\"position\":2,\"name\":\"\u00c1ruh\u00e1z\",\"item\":\"https:\\\/\\\/www.szexshopbelvaros.com\\\/uzlet\\\/\"},{\"@type\":\"ListItem\",\"position\":3,\"name\":\"Secret Shine Metal Butt Plug S \u2013 A f\u00e9nyes kis titok, amit csak a legjobb helyre dugnak el\"}]},{\"@type\":\"WebSite\",\"@id\":\"https:\\\/\\\/www.szexshopbelvaros.com\\\/#website\",\"url\":\"https:\\\/\\\/www.szexshopbelvaros.com\\\/\",\"name\":\"Szexshop Belv\u00e1ros\",\"description\":\"\ud83d\udd25 A szex olyan, mint a p\u00e9nz; csak a t\u00fal sok el\u00e9g!\u2122 Titkok a belv\u00e1rosb\u00f3l \ud83d\udc8b | Secrets from Budapest \ud83d\udc8e Feln\u0151tt j\u00e1t\u00e9kok \u2022 Erotika \u2022 Szexshop Belvaros\",\"publisher\":{\"@id\":\"https:\\\/\\\/www.szexshopbelvaros.com\\\/#organization\"},\"potentialAction\":[{\"@type\":\"SearchAction\",\"target\":{\"@type\":\"EntryPoint\",\"urlTemplate\":\"https:\\\/\\\/www.szexshopbelvaros.com\\\/?s={search_term_string}\"},\"query-input\":{\"@type\":\"PropertyValueSpecification\",\"valueRequired\":true,\"valueName\":\"search_term_string\"}}],\"inLanguage\":\"en-US\"},{\"@type\":\"Organization\",\"@id\":\"https:\\\/\\\/www.szexshopbelvaros.com\\\/#organization\",\"name\":\"Szexshop Belv\u00e1ros\",\"alternateName\":\"szexshopbelvaros.com\",\"url\":\"https:\\\/\\\/www.szexshopbelvaros.com\\\/\",\"logo\":{\"@type\":\"ImageObject\",\"inLanguage\":\"en-US\",\"@id\":\"https:\\\/\\\/www.szexshopbelvaros.com\\\/#\\\/schema\\\/logo\\\/image\\\/\",\"url\":\"https:\\\/\\\/www.szexshopbelvaros.com\\\/wp-content\\\/uploads\\\/2025\\\/09\\\/1Szexshopbelvaroslogo_blurred_stronger.jpg\",\"contentUrl\":\"https:\\\/\\\/www.szexshopbelvaros.com\\\/wp-content\\\/uploads\\\/2025\\\/09\\\/1Szexshopbelvaroslogo_blurred_stronger.jpg\",\"width\":1024,\"height\":1024,\"caption\":\"Szexshop Belv\u00e1ros\"},\"image\":{\"@id\":\"https:\\\/\\\/www.szexshopbelvaros.com\\\/#\\\/schema\\\/logo\\\/image\\\/\"},\"sameAs\":[\"https:\\\/\\\/www.facebook.com\\\/belvarossecrets\\\/\",\"https:\\\/\\\/x.com\\\/belvarossecrets\",\"https:\\\/\\\/www.instagram.com\\\/belvarossecrets\\\/\",\"https:\\\/\\\/www.tiktok.com\\\/@belvarossecrets\"]}]}<\/script>\n<!-- \/ Yoast SEO plugin. -->","yoast_head_json":{"title":"Secret Shine Metal Butt Plug S \u2013 The shiny little secret that is hidden in only the best places - Szexshop Belvaros","robots":{"index":"index","follow":"follow","max-snippet":"max-snippet:-1","max-image-preview":"max-image-preview:large","max-video-preview":"max-video-preview:-1"},"canonical":"https:\/\/www.szexshopbelvaros.com\/en\/product\/x-men-secret-shine-metal-butt-plug-gun-colour-s\/","og_locale":"en_US","og_type":"article","og_title":"Secret Shine Metal Butt Plug S \u2013 A f\u00e9nyes kis titok, amit csak a legjobb helyre dugnak el - Szexshop Belvaros","og_description":"Ez a 7,1 centi hossz\u00fa, 2,7 cm \u00e1tm\u00e9r\u0151j\u0171, v\u00edz\u00e1ll\u00f3, k\u00fapos form\u00e1j\u00fa f\u00e9man\u00e1ldug\u00f3 fokozatosan t\u00e1g\u00edt, cs\u00faszik, mint az \u00e1lom, \u00e9s \u00fagy simul be, mintha sz\u00fclet\u00e9sed \u00f3ta csak r\u00e1 v\u00e1rt\u00e1l. A f\u00e9nyes, fekete gunmetal testet koron\u00e1z\u00f3 gy\u00e9m\u00e1nt hat\u00e1s\u00fa \u00e9kk\u0151 pedig olyan l\u00e1tv\u00e1nyt ny\u00fajt, amit\u0151l m\u00e9g a t\u00fck\u00f6r is elpirulna. Ez a csillog\u00f3, \u00e9kk\u00f6ves fen\u00e9kdug\u00f3 ide\u00e1lis kezd\u0151knek aj\u00e1nlott [...]","og_url":"https:\/\/www.szexshopbelvaros.com\/en\/product\/x-men-secret-shine-metal-butt-plug-gun-colour-s\/","og_site_name":"Szexshop Belvaros","article_publisher":"https:\/\/www.facebook.com\/belvarossecrets\/","article_modified_time":"2026-04-10T13:51:04+00:00","og_image":[{"width":226,"height":300,"url":"https:\/\/www.szexshopbelvaros.com\/wp-content\/uploads\/2025\/01\/Untitled-design-41.png","type":"image\/png"}],"twitter_card":"summary_large_image","twitter_site":"@belvarossecrets","twitter_misc":{"Est. reading time":"1 minute"},"schema":{"@context":"https:\/\/schema.org","@graph":[{"@type":"WebPage","@id":"https:\/\/www.szexshopbelvaros.com\/termek\/x-men-secret-shine-metal-butt-plug-gun-colour-s\/","url":"https:\/\/www.szexshopbelvaros.com\/termek\/x-men-secret-shine-metal-butt-plug-gun-colour-s\/","name":"Secret Shine Metal Butt Plug S \u2013 The shiny little secret that is hidden in only the best places - Szexshop Belvaros","isPartOf":{"@id":"https:\/\/www.szexshopbelvaros.com\/#website"},"primaryImageOfPage":{"@id":"https:\/\/www.szexshopbelvaros.com\/termek\/x-men-secret-shine-metal-butt-plug-gun-colour-s\/#primaryimage"},"image":{"@id":"https:\/\/www.szexshopbelvaros.com\/termek\/x-men-secret-shine-metal-butt-plug-gun-colour-s\/#primaryimage"},"thumbnailUrl":"https:\/\/www.szexshopbelvaros.com\/wp-content\/uploads\/2025\/01\/Untitled-design-41.png","datePublished":"2025-01-31T13:46:38+00:00","dateModified":"2026-04-10T13:51:04+00:00","breadcrumb":{"@id":"https:\/\/www.szexshopbelvaros.com\/termek\/x-men-secret-shine-metal-butt-plug-gun-colour-s\/#breadcrumb"},"inLanguage":"en-US","potentialAction":[{"@type":"ReadAction","target":["https:\/\/www.szexshopbelvaros.com\/termek\/x-men-secret-shine-metal-butt-plug-gun-colour-s\/"]}]},{"@type":"ImageObject","inLanguage":"en-US","@id":"https:\/\/www.szexshopbelvaros.com\/termek\/x-men-secret-shine-metal-butt-plug-gun-colour-s\/#primaryimage","url":"https:\/\/www.szexshopbelvaros.com\/wp-content\/uploads\/2025\/01\/Untitled-design-41.png","contentUrl":"https:\/\/www.szexshopbelvaros.com\/wp-content\/uploads\/2025\/01\/Untitled-design-41.png","width":226,"height":300},{"@type":"BreadcrumbList","@id":"https:\/\/www.szexshopbelvaros.com\/termek\/x-men-secret-shine-metal-butt-plug-gun-colour-s\/#breadcrumb","itemListElement":[{"@type":"ListItem","position":1,"name":"Home","item":"https:\/\/www.szexshopbelvaros.com\/"},{"@type":"ListItem","position":2,"name":"\u00c1ruh\u00e1z","item":"https:\/\/www.szexshopbelvaros.com\/uzlet\/"},{"@type":"ListItem","position":3,"name":"Secret Shine Metal Butt Plug S \u2013 A f\u00e9nyes kis titok, amit csak a legjobb helyre dugnak el"}]},{"@type":"WebSite","@id":"https:\/\/www.szexshopbelvaros.com\/#website","url":"https:\/\/www.szexshopbelvaros.com\/","name":"at our Szexshop Belv\u00e1ros","description":"\ud83d\udd25 Sex is like money; only too much is enough!\u2122 Secrets from the city center \ud83d\udc8b | Secrets from Budapest \ud83d\udc8e Adult games \u2022 Erotica \u2022 Sex shop Belvaros","publisher":{"@id":"https:\/\/www.szexshopbelvaros.com\/#organization"},"potentialAction":[{"@type":"SearchAction","target":{"@type":"EntryPoint","urlTemplate":"https:\/\/www.szexshopbelvaros.com\/?s={search_term_string}"},"query-input":{"@type":"PropertyValueSpecification","valueRequired":true,"valueName":"search_term_string"}}],"inLanguage":"en-US"},{"@type":"Organization","@id":"https:\/\/www.szexshopbelvaros.com\/#organization","name":"at our Szexshop Belv\u00e1ros","alternateName":"szexshopbelvaros.com","url":"https:\/\/www.szexshopbelvaros.com\/","logo":{"@type":"ImageObject","inLanguage":"en-US","@id":"https:\/\/www.szexshopbelvaros.com\/#\/schema\/logo\/image\/","url":"https:\/\/www.szexshopbelvaros.com\/wp-content\/uploads\/2025\/09\/1Szexshopbelvaroslogo_blurred_stronger.jpg","contentUrl":"https:\/\/www.szexshopbelvaros.com\/wp-content\/uploads\/2025\/09\/1Szexshopbelvaroslogo_blurred_stronger.jpg","width":1024,"height":1024,"caption":"Szexshop Belv\u00e1ros"},"image":{"@id":"https:\/\/www.szexshopbelvaros.com\/#\/schema\/logo\/image\/"},"sameAs":["https:\/\/www.facebook.com\/belvarossecrets\/","https:\/\/x.com\/belvarossecrets","https:\/\/www.instagram.com\/belvarossecrets\/","https:\/\/www.tiktok.com\/@belvarossecrets"]}]}},"_links":{"self":[{"href":"https:\/\/www.szexshopbelvaros.com\/en\/wp-json\/wp\/v2\/product\/787","targetHints":{"allow":["GET"]}}],"collection":[{"href":"https:\/\/www.szexshopbelvaros.com\/en\/wp-json\/wp\/v2\/product"}],"about":[{"href":"https:\/\/www.szexshopbelvaros.com\/en\/wp-json\/wp\/v2\/types\/product"}],"replies":[{"embeddable":true,"href":"https:\/\/www.szexshopbelvaros.com\/en\/wp-json\/wp\/v2\/comments?post=787"}],"wp:featuredmedia":[{"embeddable":true,"href":"https:\/\/www.szexshopbelvaros.com\/en\/wp-json\/wp\/v2\/media\/2781"}],"wp:attachment":[{"href":"https:\/\/www.szexshopbelvaros.com\/en\/wp-json\/wp\/v2\/media?parent=787"}],"wp:term":[{"taxonomy":"product_brand","embeddable":true,"href":"https:\/\/www.szexshopbelvaros.com\/en\/wp-json\/wp\/v2\/product_brand?post=787"},{"taxonomy":"product_cat","embeddable":true,"href":"https:\/\/www.szexshopbelvaros.com\/en\/wp-json\/wp\/v2\/product_cat?post=787"},{"taxonomy":"product_tag","embeddable":true,"href":"https:\/\/www.szexshopbelvaros.com\/en\/wp-json\/wp\/v2\/product_tag?post=787"}],"curies":[{"name":"wp","href":"https:\/\/api.w.org\/{rel}","templated":true}]}}