{"id":789,"date":"2025-01-31T14:46:38","date_gmt":"2025-01-31T13:46:38","guid":{"rendered":"https:\/\/www.szexshopbelvaros.com\/termek\/x-men-secret-shine-metal-butt-plug-rainbow-m\/"},"modified":"2026-04-10T15:51:29","modified_gmt":"2026-04-10T13:51:29","slug":"x-men-secret-shine-metal-butt-plug-rainbow-m","status":"publish","type":"product","link":"https:\/\/www.szexshopbelvaros.com\/en\/product\/x-men-secret-shine-metal-butt-plug-rainbow-m\/","title":{"rendered":"Secret Shine Metal Butt Plug M \u2013 A rainbow dream that opens the gates of the buttland with color"},"content":{"rendered":"<p data-start=\"952\" data-end=\"1225\">This 8.2 cm long, 3.4 cm diameter, waterproof, conical metal butt plug gradually expands, and the shiny, rainbow-colored body slides in as if every millimeter of it has been programmed for pleasure. And the diamond-effect base is just icing on the sexy cake.<\/p>\n<p data-start=\"1227\" data-end=\"1596\">This medium-sized rainbow butt plug is the ideal anal dilator, designed for rear penetration. A unisex sex toy for both women and men, designed for anal pleasure. It&#039;s guaranteed to glide like a hot knife through butter with water-based lube, and with a little warm soapy water and accessory cleaner, it&#039;ll shine like new again in no time.<\/p>","protected":false},"excerpt":{"rendered":"<p>Ez a 8,2 centis hossz\u00fas\u00e1g\u00fa, 3,4 cm \u00e1tm\u00e9r\u0151j\u0171, v\u00edz\u00e1ll\u00f3, k\u00fapos form\u00e1j\u00fa f\u00e9m an\u00e1ldug\u00f3 fokozatosan t\u00e1g\u00edt, \u00e9s a f\u00e9nyes, sziv\u00e1rv\u00e1ny sz\u00edn\u0171 test \u00fagy cs\u00faszik be, mintha minden egyes millim\u00e9tere a gy\u00f6ny\u00f6rre lett volna programozva. A gy\u00e9m\u00e1nt hat\u00e1s\u00fa alap pedig csak hab a szexi tort\u00e1n. Ez a k\u00f6zepes m\u00e9ret\u0171, sziv\u00e1rv\u00e1nyos fen\u00e9kdug\u00f3 ide\u00e1lis an\u00e1l t\u00e1g\u00edt\u00f3, h\u00e1ts\u00f3 behatol\u00e1sra tervezve. [&#8230;]\n","protected":false},"featured_media":2762,"comment_status":"closed","ping_status":"closed","template":"","meta":[],"product_brand":[161],"product_cat":[135,86],"product_tag":[684,418,676,694,1392,1393,424,1828,1829,1381,1819,1318,1845,1827,1820,1844,1849,1848,1821,698,695,1904,1840,1852,1818,1851,1850,1825],"class_list":{"0":"post-789","1":"product","2":"type-product","3":"status-publish","4":"has-post-thumbnail","6":"product_brand-x-men","7":"product_cat-anal","8":"product_cat-analdugok-prosztata-masszirozok","9":"product_tag-anal-dugo","10":"product_tag-anal-jatek","11":"product_tag-anal-play","12":"product_tag-anal-plug","13":"product_tag-anal-stimulacio","14":"product_tag-anal-stimulation","15":"product_tag-anal-toy","16":"product_tag-cold-metal-toy","17":"product_tag-fem-anal-dugo","18":"product_tag-hatso-jatek","19":"product_tag-hideg-fem-jatek","20":"product_tag-intimate-toy","21":"product_tag-kozepes-meretu-anal-dugo","22":"product_tag-luxury-anal-toy","23":"product_tag-luxus-anal-jatek","24":"product_tag-m-meretu-anal-dugo","25":"product_tag-m-size-butt-plug","26":"product_tag-medium-butt-plug","27":"product_tag-metal-butt-plug","28":"product_tag-p-spot-toy","29":"product_tag-prostate-massager","30":"product_tag-prosztata-masszirozo","31":"product_tag-rainbow-butt-plug","32":"product_tag-rainbow-metal-plug","33":"product_tag-sulyozott-anal-dugo","34":"product_tag-szivarvany-fem-dugo","35":"product_tag-szivarvanyos-anal-dugo","36":"product_tag-weighted-butt-plug","38":"first","39":"instock","40":"featured","41":"taxable","42":"shipping-taxable","43":"purchasable","44":"product-type-simple"},"yoast_head":"<!-- This site is optimized with the Yoast SEO plugin v27.4 - https:\/\/yoast.com\/product\/yoast-seo-wordpress\/ -->\n<title>Secret Shine Metal Butt Plug M \u2013 Egy sziv\u00e1rv\u00e1nyos \u00e1lom, ami a fen\u00e9korsz\u00e1g kapuj\u00e1t sz\u00ednnel nyitja meg - Szexshop Belvaros<\/title>\n<meta name=\"robots\" content=\"index, follow, max-snippet:-1, max-image-preview:large, max-video-preview:-1\" \/>\n<link rel=\"canonical\" href=\"https:\/\/www.szexshopbelvaros.com\/en\/product\/x-men-secret-shine-metal-butt-plug-rainbow-m\/\" \/>\n<meta property=\"og:locale\" content=\"en_US\" \/>\n<meta property=\"og:type\" content=\"article\" \/>\n<meta property=\"og:title\" content=\"Secret Shine Metal Butt Plug M \u2013 Egy sziv\u00e1rv\u00e1nyos \u00e1lom, ami a fen\u00e9korsz\u00e1g kapuj\u00e1t sz\u00ednnel nyitja meg - Szexshop Belvaros\" \/>\n<meta property=\"og:description\" content=\"Ez a 8,2 centis hossz\u00fas\u00e1g\u00fa, 3,4 cm \u00e1tm\u00e9r\u0151j\u0171, v\u00edz\u00e1ll\u00f3, k\u00fapos form\u00e1j\u00fa f\u00e9m an\u00e1ldug\u00f3 fokozatosan t\u00e1g\u00edt, \u00e9s a f\u00e9nyes, sziv\u00e1rv\u00e1ny sz\u00edn\u0171 test \u00fagy cs\u00faszik be, mintha minden egyes millim\u00e9tere a gy\u00f6ny\u00f6rre lett volna programozva. A gy\u00e9m\u00e1nt hat\u00e1s\u00fa alap pedig csak hab a szexi tort\u00e1n. Ez a k\u00f6zepes m\u00e9ret\u0171, sziv\u00e1rv\u00e1nyos fen\u00e9kdug\u00f3 ide\u00e1lis an\u00e1l t\u00e1g\u00edt\u00f3, h\u00e1ts\u00f3 behatol\u00e1sra tervezve. [...]\" \/>\n<meta property=\"og:url\" content=\"https:\/\/www.szexshopbelvaros.com\/en\/product\/x-men-secret-shine-metal-butt-plug-rainbow-m\/\" \/>\n<meta property=\"og:site_name\" content=\"Szexshop Belvaros\" \/>\n<meta property=\"article:publisher\" content=\"https:\/\/www.facebook.com\/belvarossecrets\/\" \/>\n<meta property=\"article:modified_time\" content=\"2026-04-10T13:51:29+00:00\" \/>\n<meta property=\"og:image\" content=\"https:\/\/www.szexshopbelvaros.com\/wp-content\/uploads\/2025\/01\/Untitled-design-31.png\" \/>\n\t<meta property=\"og:image:width\" content=\"1000\" \/>\n\t<meta property=\"og:image:height\" content=\"1019\" \/>\n\t<meta property=\"og:image:type\" content=\"image\/png\" \/>\n<meta name=\"twitter:card\" content=\"summary_large_image\" \/>\n<meta name=\"twitter:site\" content=\"@belvarossecrets\" \/>\n<meta name=\"twitter:label1\" content=\"Est. reading time\" \/>\n\t<meta name=\"twitter:data1\" content=\"1 minute\" \/>\n<script type=\"application\/ld+json\" class=\"yoast-schema-graph\">{\"@context\":\"https:\\\/\\\/schema.org\",\"@graph\":[{\"@type\":\"WebPage\",\"@id\":\"https:\\\/\\\/www.szexshopbelvaros.com\\\/termek\\\/x-men-secret-shine-metal-butt-plug-rainbow-m\\\/\",\"url\":\"https:\\\/\\\/www.szexshopbelvaros.com\\\/termek\\\/x-men-secret-shine-metal-butt-plug-rainbow-m\\\/\",\"name\":\"Secret Shine Metal Butt Plug M \u2013 Egy sziv\u00e1rv\u00e1nyos \u00e1lom, ami a fen\u00e9korsz\u00e1g kapuj\u00e1t sz\u00ednnel nyitja meg - Szexshop Belvaros\",\"isPartOf\":{\"@id\":\"https:\\\/\\\/www.szexshopbelvaros.com\\\/#website\"},\"primaryImageOfPage\":{\"@id\":\"https:\\\/\\\/www.szexshopbelvaros.com\\\/termek\\\/x-men-secret-shine-metal-butt-plug-rainbow-m\\\/#primaryimage\"},\"image\":{\"@id\":\"https:\\\/\\\/www.szexshopbelvaros.com\\\/termek\\\/x-men-secret-shine-metal-butt-plug-rainbow-m\\\/#primaryimage\"},\"thumbnailUrl\":\"https:\\\/\\\/www.szexshopbelvaros.com\\\/wp-content\\\/uploads\\\/2025\\\/01\\\/Untitled-design-31.png\",\"datePublished\":\"2025-01-31T13:46:38+00:00\",\"dateModified\":\"2026-04-10T13:51:29+00:00\",\"breadcrumb\":{\"@id\":\"https:\\\/\\\/www.szexshopbelvaros.com\\\/termek\\\/x-men-secret-shine-metal-butt-plug-rainbow-m\\\/#breadcrumb\"},\"inLanguage\":\"en-US\",\"potentialAction\":[{\"@type\":\"ReadAction\",\"target\":[\"https:\\\/\\\/www.szexshopbelvaros.com\\\/termek\\\/x-men-secret-shine-metal-butt-plug-rainbow-m\\\/\"]}]},{\"@type\":\"ImageObject\",\"inLanguage\":\"en-US\",\"@id\":\"https:\\\/\\\/www.szexshopbelvaros.com\\\/termek\\\/x-men-secret-shine-metal-butt-plug-rainbow-m\\\/#primaryimage\",\"url\":\"https:\\\/\\\/www.szexshopbelvaros.com\\\/wp-content\\\/uploads\\\/2025\\\/01\\\/Untitled-design-31.png\",\"contentUrl\":\"https:\\\/\\\/www.szexshopbelvaros.com\\\/wp-content\\\/uploads\\\/2025\\\/01\\\/Untitled-design-31.png\",\"width\":1000,\"height\":1019},{\"@type\":\"BreadcrumbList\",\"@id\":\"https:\\\/\\\/www.szexshopbelvaros.com\\\/termek\\\/x-men-secret-shine-metal-butt-plug-rainbow-m\\\/#breadcrumb\",\"itemListElement\":[{\"@type\":\"ListItem\",\"position\":1,\"name\":\"Home\",\"item\":\"https:\\\/\\\/www.szexshopbelvaros.com\\\/\"},{\"@type\":\"ListItem\",\"position\":2,\"name\":\"\u00c1ruh\u00e1z\",\"item\":\"https:\\\/\\\/www.szexshopbelvaros.com\\\/uzlet\\\/\"},{\"@type\":\"ListItem\",\"position\":3,\"name\":\"Secret Shine Metal Butt Plug M \u2013 Egy sziv\u00e1rv\u00e1nyos \u00e1lom, ami a fen\u00e9korsz\u00e1g kapuj\u00e1t sz\u00ednnel nyitja meg\"}]},{\"@type\":\"WebSite\",\"@id\":\"https:\\\/\\\/www.szexshopbelvaros.com\\\/#website\",\"url\":\"https:\\\/\\\/www.szexshopbelvaros.com\\\/\",\"name\":\"Szexshop Belv\u00e1ros\",\"description\":\"\ud83d\udd25 A szex olyan, mint a p\u00e9nz; csak a t\u00fal sok el\u00e9g!\u2122 Titkok a belv\u00e1rosb\u00f3l \ud83d\udc8b | Secrets from Budapest \ud83d\udc8e Feln\u0151tt j\u00e1t\u00e9kok \u2022 Erotika \u2022 Szexshop Belvaros\",\"publisher\":{\"@id\":\"https:\\\/\\\/www.szexshopbelvaros.com\\\/#organization\"},\"potentialAction\":[{\"@type\":\"SearchAction\",\"target\":{\"@type\":\"EntryPoint\",\"urlTemplate\":\"https:\\\/\\\/www.szexshopbelvaros.com\\\/?s={search_term_string}\"},\"query-input\":{\"@type\":\"PropertyValueSpecification\",\"valueRequired\":true,\"valueName\":\"search_term_string\"}}],\"inLanguage\":\"en-US\"},{\"@type\":\"Organization\",\"@id\":\"https:\\\/\\\/www.szexshopbelvaros.com\\\/#organization\",\"name\":\"Szexshop Belv\u00e1ros\",\"alternateName\":\"szexshopbelvaros.com\",\"url\":\"https:\\\/\\\/www.szexshopbelvaros.com\\\/\",\"logo\":{\"@type\":\"ImageObject\",\"inLanguage\":\"en-US\",\"@id\":\"https:\\\/\\\/www.szexshopbelvaros.com\\\/#\\\/schema\\\/logo\\\/image\\\/\",\"url\":\"https:\\\/\\\/www.szexshopbelvaros.com\\\/wp-content\\\/uploads\\\/2025\\\/09\\\/1Szexshopbelvaroslogo_blurred_stronger.jpg\",\"contentUrl\":\"https:\\\/\\\/www.szexshopbelvaros.com\\\/wp-content\\\/uploads\\\/2025\\\/09\\\/1Szexshopbelvaroslogo_blurred_stronger.jpg\",\"width\":1024,\"height\":1024,\"caption\":\"Szexshop Belv\u00e1ros\"},\"image\":{\"@id\":\"https:\\\/\\\/www.szexshopbelvaros.com\\\/#\\\/schema\\\/logo\\\/image\\\/\"},\"sameAs\":[\"https:\\\/\\\/www.facebook.com\\\/belvarossecrets\\\/\",\"https:\\\/\\\/x.com\\\/belvarossecrets\",\"https:\\\/\\\/www.instagram.com\\\/belvarossecrets\\\/\",\"https:\\\/\\\/www.tiktok.com\\\/@belvarossecrets\"]}]}<\/script>\n<!-- \/ Yoast SEO plugin. -->","yoast_head_json":{"title":"Secret Shine Metal Butt Plug M \u2013 A rainbow dream that opens the gates of the buttland with color - Szexshop Belvaros","robots":{"index":"index","follow":"follow","max-snippet":"max-snippet:-1","max-image-preview":"max-image-preview:large","max-video-preview":"max-video-preview:-1"},"canonical":"https:\/\/www.szexshopbelvaros.com\/en\/product\/x-men-secret-shine-metal-butt-plug-rainbow-m\/","og_locale":"en_US","og_type":"article","og_title":"Secret Shine Metal Butt Plug M \u2013 Egy sziv\u00e1rv\u00e1nyos \u00e1lom, ami a fen\u00e9korsz\u00e1g kapuj\u00e1t sz\u00ednnel nyitja meg - Szexshop Belvaros","og_description":"Ez a 8,2 centis hossz\u00fas\u00e1g\u00fa, 3,4 cm \u00e1tm\u00e9r\u0151j\u0171, v\u00edz\u00e1ll\u00f3, k\u00fapos form\u00e1j\u00fa f\u00e9m an\u00e1ldug\u00f3 fokozatosan t\u00e1g\u00edt, \u00e9s a f\u00e9nyes, sziv\u00e1rv\u00e1ny sz\u00edn\u0171 test \u00fagy cs\u00faszik be, mintha minden egyes millim\u00e9tere a gy\u00f6ny\u00f6rre lett volna programozva. A gy\u00e9m\u00e1nt hat\u00e1s\u00fa alap pedig csak hab a szexi tort\u00e1n. Ez a k\u00f6zepes m\u00e9ret\u0171, sziv\u00e1rv\u00e1nyos fen\u00e9kdug\u00f3 ide\u00e1lis an\u00e1l t\u00e1g\u00edt\u00f3, h\u00e1ts\u00f3 behatol\u00e1sra tervezve. [...]","og_url":"https:\/\/www.szexshopbelvaros.com\/en\/product\/x-men-secret-shine-metal-butt-plug-rainbow-m\/","og_site_name":"Szexshop Belvaros","article_publisher":"https:\/\/www.facebook.com\/belvarossecrets\/","article_modified_time":"2026-04-10T13:51:29+00:00","og_image":[{"width":1000,"height":1019,"url":"https:\/\/www.szexshopbelvaros.com\/wp-content\/uploads\/2025\/01\/Untitled-design-31.png","type":"image\/png"}],"twitter_card":"summary_large_image","twitter_site":"@belvarossecrets","twitter_misc":{"Est. reading time":"1 minute"},"schema":{"@context":"https:\/\/schema.org","@graph":[{"@type":"WebPage","@id":"https:\/\/www.szexshopbelvaros.com\/termek\/x-men-secret-shine-metal-butt-plug-rainbow-m\/","url":"https:\/\/www.szexshopbelvaros.com\/termek\/x-men-secret-shine-metal-butt-plug-rainbow-m\/","name":"Secret Shine Metal Butt Plug M \u2013 A rainbow dream that opens the gates of the buttland with color - Szexshop Belvaros","isPartOf":{"@id":"https:\/\/www.szexshopbelvaros.com\/#website"},"primaryImageOfPage":{"@id":"https:\/\/www.szexshopbelvaros.com\/termek\/x-men-secret-shine-metal-butt-plug-rainbow-m\/#primaryimage"},"image":{"@id":"https:\/\/www.szexshopbelvaros.com\/termek\/x-men-secret-shine-metal-butt-plug-rainbow-m\/#primaryimage"},"thumbnailUrl":"https:\/\/www.szexshopbelvaros.com\/wp-content\/uploads\/2025\/01\/Untitled-design-31.png","datePublished":"2025-01-31T13:46:38+00:00","dateModified":"2026-04-10T13:51:29+00:00","breadcrumb":{"@id":"https:\/\/www.szexshopbelvaros.com\/termek\/x-men-secret-shine-metal-butt-plug-rainbow-m\/#breadcrumb"},"inLanguage":"en-US","potentialAction":[{"@type":"ReadAction","target":["https:\/\/www.szexshopbelvaros.com\/termek\/x-men-secret-shine-metal-butt-plug-rainbow-m\/"]}]},{"@type":"ImageObject","inLanguage":"en-US","@id":"https:\/\/www.szexshopbelvaros.com\/termek\/x-men-secret-shine-metal-butt-plug-rainbow-m\/#primaryimage","url":"https:\/\/www.szexshopbelvaros.com\/wp-content\/uploads\/2025\/01\/Untitled-design-31.png","contentUrl":"https:\/\/www.szexshopbelvaros.com\/wp-content\/uploads\/2025\/01\/Untitled-design-31.png","width":1000,"height":1019},{"@type":"BreadcrumbList","@id":"https:\/\/www.szexshopbelvaros.com\/termek\/x-men-secret-shine-metal-butt-plug-rainbow-m\/#breadcrumb","itemListElement":[{"@type":"ListItem","position":1,"name":"Home","item":"https:\/\/www.szexshopbelvaros.com\/"},{"@type":"ListItem","position":2,"name":"\u00c1ruh\u00e1z","item":"https:\/\/www.szexshopbelvaros.com\/uzlet\/"},{"@type":"ListItem","position":3,"name":"Secret Shine Metal Butt Plug M \u2013 Egy sziv\u00e1rv\u00e1nyos \u00e1lom, ami a fen\u00e9korsz\u00e1g kapuj\u00e1t sz\u00ednnel nyitja meg"}]},{"@type":"WebSite","@id":"https:\/\/www.szexshopbelvaros.com\/#website","url":"https:\/\/www.szexshopbelvaros.com\/","name":"at our Szexshop Belv\u00e1ros","description":"\ud83d\udd25 Sex is like money; only too much is enough!\u2122 Secrets from the city center \ud83d\udc8b | Secrets from Budapest \ud83d\udc8e Adult games \u2022 Erotica \u2022 Sex shop Belvaros","publisher":{"@id":"https:\/\/www.szexshopbelvaros.com\/#organization"},"potentialAction":[{"@type":"SearchAction","target":{"@type":"EntryPoint","urlTemplate":"https:\/\/www.szexshopbelvaros.com\/?s={search_term_string}"},"query-input":{"@type":"PropertyValueSpecification","valueRequired":true,"valueName":"search_term_string"}}],"inLanguage":"en-US"},{"@type":"Organization","@id":"https:\/\/www.szexshopbelvaros.com\/#organization","name":"at our Szexshop Belv\u00e1ros","alternateName":"szexshopbelvaros.com","url":"https:\/\/www.szexshopbelvaros.com\/","logo":{"@type":"ImageObject","inLanguage":"en-US","@id":"https:\/\/www.szexshopbelvaros.com\/#\/schema\/logo\/image\/","url":"https:\/\/www.szexshopbelvaros.com\/wp-content\/uploads\/2025\/09\/1Szexshopbelvaroslogo_blurred_stronger.jpg","contentUrl":"https:\/\/www.szexshopbelvaros.com\/wp-content\/uploads\/2025\/09\/1Szexshopbelvaroslogo_blurred_stronger.jpg","width":1024,"height":1024,"caption":"Szexshop Belv\u00e1ros"},"image":{"@id":"https:\/\/www.szexshopbelvaros.com\/#\/schema\/logo\/image\/"},"sameAs":["https:\/\/www.facebook.com\/belvarossecrets\/","https:\/\/x.com\/belvarossecrets","https:\/\/www.instagram.com\/belvarossecrets\/","https:\/\/www.tiktok.com\/@belvarossecrets"]}]}},"_links":{"self":[{"href":"https:\/\/www.szexshopbelvaros.com\/en\/wp-json\/wp\/v2\/product\/789","targetHints":{"allow":["GET"]}}],"collection":[{"href":"https:\/\/www.szexshopbelvaros.com\/en\/wp-json\/wp\/v2\/product"}],"about":[{"href":"https:\/\/www.szexshopbelvaros.com\/en\/wp-json\/wp\/v2\/types\/product"}],"replies":[{"embeddable":true,"href":"https:\/\/www.szexshopbelvaros.com\/en\/wp-json\/wp\/v2\/comments?post=789"}],"wp:featuredmedia":[{"embeddable":true,"href":"https:\/\/www.szexshopbelvaros.com\/en\/wp-json\/wp\/v2\/media\/2762"}],"wp:attachment":[{"href":"https:\/\/www.szexshopbelvaros.com\/en\/wp-json\/wp\/v2\/media?parent=789"}],"wp:term":[{"taxonomy":"product_brand","embeddable":true,"href":"https:\/\/www.szexshopbelvaros.com\/en\/wp-json\/wp\/v2\/product_brand?post=789"},{"taxonomy":"product_cat","embeddable":true,"href":"https:\/\/www.szexshopbelvaros.com\/en\/wp-json\/wp\/v2\/product_cat?post=789"},{"taxonomy":"product_tag","embeddable":true,"href":"https:\/\/www.szexshopbelvaros.com\/en\/wp-json\/wp\/v2\/product_tag?post=789"}],"curies":[{"name":"wp","href":"https:\/\/api.w.org\/{rel}","templated":true}]}}